{"id":3020,"date":"2024-12-09T09:13:52","date_gmt":"2024-12-09T09:13:52","guid":{"rendered":"https:\/\/vapestornado.com\/?post_type=product&#038;p=3020"},"modified":"2025-08-23T10:17:17","modified_gmt":"2025-08-23T10:17:17","slug":"vapme-uwin-crystal-10000-puff-vape-pen-cheap-price-2-5-nicotine","status":"publish","type":"product","link":"https:\/\/vapestornado.com\/de\/product\/vapme-uwin-crystal-10000-puff-vape-pen-cheap-price-2-5-nicotine\/","title":{"rendered":"Vapme UWIN Crystal 10000 PUFF Vape Pen G\u00fcnstiger Preis 2% 5% Nikotin"},"content":{"rendered":"<h1>Vapme UWIN Crystal 10000 PUFF Vape Pen G\u00fcnstiger Preis 2% 5% Nikotin<\/h1>\n<p data-start=\"391\" data-end=\"692\">Der <strong data-start=\"395\" data-end=\"439\">UWIN Crystal 10000 Z\u00fcge Einweg-Vape<\/strong> kombiniert Kapazit\u00e4t, Design und zuverl\u00e4ssige Leistung, was es zu einer starken Wahl macht f\u00fcr <strong data-start=\"523\" data-end=\"562\">Gro\u00dfh\u00e4ndler und Einzelh\u00e4ndler in Europa<\/strong>. Mit bis zu <strong data-start=\"575\" data-end=\"591\">10.000 Z\u00fcgen<\/strong> und einen <strong data-start=\"599\" data-end=\"632\">18ml vorgef\u00fcllter E-Liquid-Tank<\/strong>, bietet l\u00e4ngere Nutzung im Vergleich zu Standard-Einwegprodukten.<\/p>\n<p data-start=\"694\" data-end=\"952\">Angetrieben von einem <strong data-start=\"707\" data-end=\"738\">650mAh wiederaufladbarer Akku<\/strong> mit <strong data-start=\"744\" data-end=\"768\">Type-C-Schnellladung<\/strong>, sorgt der UWIN 10K f\u00fcr gleichm\u00e4\u00dfige Ausgabe und reduzierte Ausfallzeiten. Sein <strong data-start=\"831\" data-end=\"849\">0,8\u03a9 Mesh-Spule<\/strong> liefert sanften Dampf und konsistente Geschmacks\u00fcbertragung, was eine breite Nutzergruppe anspricht.<\/p>\n<p data-start=\"954\" data-end=\"1246\">Mit einer <strong data-start=\"966\" data-end=\"994\">transparenter Kristallk\u00f6rper<\/strong> mit <strong data-start=\"1000\" data-end=\"1016\">RGB-Beleuchtung<\/strong>, hebt sich dieser Vape im Regal hervor, bleibt dabei kompakt und leicht zu tragen. Erh\u00e4ltlich in <strong data-start=\"1112\" data-end=\"1144\">2% und 5% Nikotinst\u00e4rken<\/strong>, ist der <strong data-start=\"1150\" data-end=\"1177\">UWIN Crystal 10000 Vape<\/strong> bedient unterschiedliche Kundenbed\u00fcrfnisse, von Gelegenheit- bis regelm\u00e4\u00dfigen Dampfern.<\/p>\n<p data-start=\"1248\" data-end=\"1373\">F\u00fcr Gro\u00dfh\u00e4ndler, seine <strong data-start=\"1269\" data-end=\"1297\">wettbewerbsf\u00e4hige Gro\u00dfhandelspreise<\/strong> und starke Verbraucherattraktivit\u00e4t machen ihn zu einem profitablen Produkt f\u00fcr den Lagerbestand im Jahr 2025.<\/p>\n<p><img fetchpriority=\"high\" decoding=\"async\" class=\"size-medium wp-image-2951\" src=\"https:\/\/vapestornado.com\/wp-content\/uploads\/2024\/12\/Wholesale-Disposable-Vape-265x300.jpg\" alt=\"Einweg-Vape im Gro\u00dfhandel\" width=\"265\" height=\"300\" srcset=\"https:\/\/vapestornado.com\/wp-content\/uploads\/2024\/12\/Wholesale-Disposable-Vape-265x300.jpg 265w, https:\/\/vapestornado.com\/wp-content\/uploads\/2024\/12\/Wholesale-Disposable-Vape-768x871.jpg 768w, https:\/\/vapestornado.com\/wp-content\/uploads\/2024\/12\/Wholesale-Disposable-Vape-600x680.jpg 600w, https:\/\/vapestornado.com\/wp-content\/uploads\/2024\/12\/Wholesale-Disposable-Vape.jpg 823w\" sizes=\"(max-width: 265px) 100vw, 265px\" \/><\/p>\n<h6>F\u00fcr Rabattpreis kontaktieren Sie bitte Mandys WhatsApp<a href=\"https:\/\/wa.me\/8618077105796\" target=\"_blank\" rel=\"noopener\">+8618077105796<\/a><\/h6>\n<p>&nbsp;<\/p>\n<h2><strong>Uwin Crystal 10000 Puffs Vape Pods Hauptmerkmale<\/strong><\/h2>\n<ul>\n<li><strong>Bis zu 10000 Z\u00fcge<\/strong>: Langanhaltende Leistung f\u00fcr ausgedehnte Nutzung.<\/li>\n<li><strong>Mehrere Nikotinst\u00e4rken<\/strong>: Erh\u00e4ltlich in 0%, 2%, 3% und 5% Nikotinoptionen.<\/li>\n<li><strong>18ml E-Liquid Kapazit\u00e4t<\/strong>: Gro\u00dfer Tank f\u00fcr weniger Nachf\u00fcllungen.<\/li>\n<li><strong>650mAh Wiederaufladbarer Akku<\/strong>: Schnelles Aufladen \u00fcber USB-C f\u00fcr schnelle Stromversorgung.<\/li>\n<li><strong>0,8\u03a9 Mesh-Spule<\/strong>: Verbesserte Geschmacks- und Dampfproduktion.<\/li>\n<li><strong>RGB-Leuchten<\/strong>: Dynamische Beleuchtung f\u00fcr einen modernen Look.<\/li>\n<li><strong>Gro\u00dfeinkauf<\/strong>: Gro\u00dfhandelsoptionen mit 200 Einheiten pro Karton.<\/li>\n<li><strong>Tragbar und leicht<\/strong>: Einfach zu transportieren und ideal sowohl f\u00fcr Anf\u00e4nger als auch f\u00fcr erfahrene Dampfer.<\/li>\n<\/ul>\n<h2><strong>Eine vielf\u00e4ltige Auswahl an Geschmacksrichtungen<\/strong><\/h2>\n<p>Der Uwin Crystal 10000 Puffs bietet eine sorgf\u00e4ltig ausgew\u00e4hlte Palette von 15 unverwechselbaren Geschmacksrichtungen, die jeden Gaumen zufriedenstellen sollen. Egal, ob Sie s\u00fc\u00dfe, fruchtige Mischungen oder k\u00fchlende Menthols bevorzugen, es gibt eine Geschmacksrichtung, die jeder Vorliebe entspricht. Hier ist ein genauerer Blick auf die verf\u00fcgbaren Optionen:<\/p>\n<p>1. Blaubeer-Himbeere<br \/>\n2.Traube Eis<br \/>\n3. Erdbeer-Wassermelone<br \/>\n4.Blaubeere auf Eis<br \/>\n5. Wassermelone Eis<br \/>\n6.Kirsche Eis<br \/>\n7.Erdbeere Himbeere Kirsche<br \/>\n8.Kiwi Passionsfrucht Guave<br \/>\n9.Erdbeere Eis<br \/>\n10.Pfirsich Eis<br \/>\n11.Erdbeere Kiwi<br \/>\n12.Pfirsich Beere<br \/>\n13.Kirsch-Cola<br \/>\n14.Gemischte Beere<br \/>\n15.Mr. Blau<\/p>\n<h3><strong>Warum Sie sich f\u00fcr <a href=\"https:\/\/vapestornado.com\/de\/product\/vapme-uwin-crystal-10000-puff-vape-pen-cheap-price-2-5-nicotine\/\">Uwin Crystal 10000 Z\u00fcge<\/a> von <a href=\"https:\/\/vapestornado.com\/de\/store\/\">vapestornado.de<\/a>?<\/strong><\/h3>\n<ul>\n<li><strong>Premium Qualit\u00e4t<\/strong>entscheiden sollten: Uwin Crystal 10000 Puffs bietet eine au\u00dfergew\u00f6hnliche Leistung mit fortschrittlicher Mesh-Coil-Technologie, die bei jedem Zug einen sanften Geschmack und dichten Dampf gew\u00e4hrleistet.<\/li>\n<li><strong>Langlebig<\/strong>: Mit bis zu 10.000 Z\u00fcgen und einer gro\u00dfen 18-ml-E-Liquid-Kapazit\u00e4t bietet dieses Ger\u00e4t eine l\u00e4ngere Nutzung, was es zu einer kosteng\u00fcnstigen Option f\u00fcr Gelegenheits- und regelm\u00e4\u00dfige Dampfer macht.<\/li>\n<li><strong>Anpassbare Nikotinst\u00e4rken<\/strong>: Erh\u00e4ltlich in den Nikotinst\u00e4rken 0 %, 2 %, 3 % und 5 %, um einer Vielzahl von Vorlieben gerecht zu werden.<\/li>\n<li><strong>Schnelles Aufladen<\/strong>: Der wiederaufladbare 650-mAh-Akku mit Typ-C-Ladefunktion sorgt f\u00fcr schnelles und zuverl\u00e4ssiges Aufladen, sodass Sie l\u00e4nger dampfen k\u00f6nnen.<\/li>\n<li><strong>Schlank und Stilvoll<\/strong>: Das transparente Design mit lebendigen RGB-Lichtern verbessert nicht nur die \u00c4sthetik, sondern macht es auch zu einem herausragenden Accessoire.<\/li>\n<li><strong>Komfort<\/strong>: Einfach zu transportieren und sofort einsatzbereit, perfekt f\u00fcr das Dampfen unterwegs.<\/li>\n<li><strong>Wettbewerbsf\u00e4hige Preise<\/strong>: vapestornado bietet den Uwin Crystal 10000 Puffs zu einem unschlagbaren Preis an, mit Optionen f\u00fcr den Gro\u00dfeinkauf f\u00fcr Gro\u00dfh\u00e4ndler.<\/li>\n<li><strong>Zuverl\u00e4ssiger Service<\/strong>: Genie\u00dfen Sie schnellen Versand, exzellenten Kundensupport und ein problemloses Einkaufserlebnis bei vapestornado.com.<\/li>\n<\/ul>\n<p>&nbsp;<\/p>\n<h3><strong>Vorteile des Gro\u00dfeinkaufs bei vapestornado.com<\/strong><\/h3>\n<ul>\n<li><strong>Kostenersparnis<\/strong>: Der Gro\u00dfeinkauf senkt die Kosten pro Einheit und steigert Ihre Gesamtrentabilit\u00e4t.<\/li>\n<li><strong>Konsistente Verf\u00fcgbarkeit<\/strong>: Halten Sie einen zuverl\u00e4ssigen Bestand, um die Kundennachfrage ohne Unterbrechungen zu decken, perfekt f\u00fcr die Aufrechterhaltung des Gesch\u00e4ftsflusses.<\/li>\n<li><strong>Flexible Bestellungen<\/strong>: Passen Sie Ihren Gro\u00dfeinkauf mit einer Vielzahl von Geschmacksrichtungen und Nikotinst\u00e4rken an, um Ihren Kundenstamm zu bedienen.<\/li>\n<li><strong>Exklusive Gro\u00dfhandelsrabatte<\/strong>: Profitieren Sie von Sonderpreisen bei Gro\u00dfbestellungen und sichern Sie sich den besten Wert f\u00fcr Premium-Produkte.<\/li>\n<\/ul>\n<div class=\"flex-shrink-0 flex flex-col relative items-end\">\n<div>\n<div class=\"pt-0\">\n<div class=\"gizmo-bot-avatar flex h-8 w-8 items-center justify-center overflow-hidden rounded-full\">\n<div class=\"relative p-1 rounded-sm flex items-center justify-center bg-token-main-surface-primary text-token-text-primary h-8 w-8\"><\/div>\n<\/div>\n<\/div>\n<\/div>\n<\/div>\n<div class=\"group\/conversation-turn relative flex w-full min-w-0 flex-col agent-turn\">\n<div class=\"flex-col gap-1 md:gap-3\">\n<div class=\"flex max-w-full flex-col flex-grow\">\n<div class=\"min-h-8 text-message flex w-full flex-col items-end gap-2 whitespace-normal break-words text-start [.text-message+&amp;]:mt-5\" dir=\"auto\" data-message-author-role=\"assistant\" data-message-id=\"782e374d-2cea-4922-b41d-46c77a1b831e\" data-message-model-slug=\"gpt-4o\">\n<div class=\"flex w-full flex-col gap-1 empty:hidden first:pt-[3px]\">\n<div class=\"markdown prose w-full break-words dark:prose-invert light\">\n<h3><strong>FAQs zu Uwin Crystal 10000 Puffs Wiederaufladbarer Vape<\/strong><\/h3>\n<\/div>\n<\/div>\n<\/div>\n<\/div>\n<\/div>\n<\/div>\n<div class=\"flex max-w-full flex-col flex-grow\">\n<div class=\"min-h-8 text-message flex w-full flex-col items-end gap-2 whitespace-normal break-words text-start [.text-message+&amp;]:mt-5\" dir=\"auto\" data-message-author-role=\"assistant\" data-message-id=\"782e374d-2cea-4922-b41d-46c77a1b831e\" data-message-model-slug=\"gpt-4o\">\n<div class=\"flex w-full flex-col gap-1 empty:hidden first:pt-[3px]\">\n<div class=\"markdown prose w-full break-words dark:prose-invert light\">\n<ol>\n<li><strong>Wie lange h\u00e4lt der Uwin Crystal Vape 10000 Puffs?<\/strong><br \/>\nMit bis zu 10.000 Z\u00fcgen ist dieses Ger\u00e4t so konzipiert, dass es je nach Nutzungsgewohnheiten mehrere Tage oder sogar Wochen h\u00e4lt.<\/li>\n<li><strong>Ist der Uwin Crystal 10k Puffs wiederaufladbar?<\/strong><br \/>\nJa, er verf\u00fcgt \u00fcber einen wiederaufladbaren 650-mAh-Akku mit Typ-C-Ladeanschluss f\u00fcr schnelles und effizientes Aufladen.<\/li>\n<li><strong>Welche Nikotinst\u00e4rken sind f\u00fcr den Uwin Crystal 10000 Puffs erh\u00e4ltlich?<\/strong><br \/>\nDieses Ger\u00e4t ist in Nikotinst\u00e4rken von 0%, 2%, 3% und 5% erh\u00e4ltlich und bietet Optionen f\u00fcr unterschiedliche Vorlieben.<\/li>\n<li><strong>Was macht den Uwin Crystal 10000 Puff einzigartig?<\/strong><br \/>\nDer Uwin Crystal zeichnet sich durch seine 18-ml-E-Liquid-Kapazit\u00e4t, die fortschrittliche 0,8\u03a9-Mesh-Coil f\u00fcr verbesserten Geschmack, das schlanke, kristallklare Design und die dynamische RGB-Beleuchtung aus.<\/li>\n<li><strong>Kann ich den Uwin Crystal 10000 Puffs in gro\u00dfen Mengen kaufen?<\/strong><br \/>\nJa, Vapestornado bietet Gro\u00dfhandelsoptionen mit 200 Einheiten pro Karton, ideal f\u00fcr Einzelh\u00e4ndler oder Unternehmen.<\/li>\n<li><strong>Ist der Uwin Crystal 10000 Puffs Einweg-Vape anf\u00e4ngerfreundlich?<\/strong><br \/>\nAbsolut! Sein benutzerfreundliches, zugaktiviertes Design macht es perfekt f\u00fcr neue und erfahrene Dampfer gleicherma\u00dfen.<\/li>\n<\/ol>\n<\/div>\n<\/div>\n<\/div>\n<\/div>\n<div class=\"mb-2 flex gap-3 empty:hidden -ml-2\">\n<div class=\"items-center justify-start rounded-xl p-1 flex\"><\/div>\n<\/div>","protected":false},"excerpt":{"rendered":"<p>UWIN Crystal 10000 Puffs wiederaufladbare Vape bietet langanhaltende Leistung, lebendiges Design und erstklassigen Geschmack mit fortschrittlicher Dampftechnologie.<\/p>\n<figure id=\"attachment_2951\" aria-describedby=\"caption-attachment-2951\" style=\"width: 265px\" class=\"wp-caption alignnone\"><img fetchpriority=\"high\" decoding=\"async\" class=\"size-medium wp-image-2951\" src=\"https:\/\/vapestornado.com\/wp-content\/uploads\/2024\/12\/Wholesale-Disposable-Vape-265x300.jpg\" alt=\"Einweg-Vape im Gro\u00dfhandel\" width=\"265\" height=\"300\" srcset=\"https:\/\/vapestornado.com\/wp-content\/uploads\/2024\/12\/Wholesale-Disposable-Vape-265x300.jpg 265w, https:\/\/vapestornado.com\/wp-content\/uploads\/2024\/12\/Wholesale-Disposable-Vape-768x871.jpg 768w, https:\/\/vapestornado.com\/wp-content\/uploads\/2024\/12\/Wholesale-Disposable-Vape-600x680.jpg 600w, https:\/\/vapestornado.com\/wp-content\/uploads\/2024\/12\/Wholesale-Disposable-Vape.jpg 823w\" sizes=\"(max-width: 265px) 100vw, 265px\" \/><figcaption id=\"caption-attachment-2951\" class=\"wp-caption-text\">Kontaktieren Sie Mandy f\u00fcr Rabattpreise<a href=\"https:\/\/wa.me\/8618077105796\">+86 18077105796<\/a><\/figcaption><\/figure>\n<p>&nbsp;<\/p>","protected":false},"featured_media":3009,"comment_status":"open","ping_status":"closed","template":"","meta":{"_acf_changed":false,"_uag_custom_page_level_css":"","_lmt_disableupdate":"no","_lmt_disable":"","_monsterinsights_skip_tracking":false,"_monsterinsights_sitenote_active":false,"_monsterinsights_sitenote_note":"","_monsterinsights_sitenote_category":0,"site-sidebar-layout":"default","site-content-layout":"","ast-site-content-layout":"default","site-content-style":"default","site-sidebar-style":"default","ast-global-header-display":"","ast-banner-title-visibility":"","ast-main-header-display":"","ast-hfb-above-header-display":"","ast-hfb-below-header-display":"","ast-hfb-mobile-header-display":"","site-post-title":"","ast-breadcrumbs-content":"","ast-featured-img":"","footer-sml-layout":"","ast-disable-related-posts":"","theme-transparent-header-meta":"default","adv-header-id-meta":"","stick-header-meta":"","header-above-stick-meta":"","header-main-stick-meta":"","header-below-stick-meta":"","astra-migrate-meta-layouts":"set","ast-page-background-enabled":"default","ast-page-background-meta":{"desktop":{"background-color":"","background-image":"","background-repeat":"repeat","background-position":"center center","background-size":"auto","background-attachment":"scroll","background-type":"","background-media":"","overlay-type":"","overlay-color":"","overlay-opacity":"","overlay-gradient":""},"tablet":{"background-color":"","background-image":"","background-repeat":"repeat","background-position":"center center","background-size":"auto","background-attachment":"scroll","background-type":"","background-media":"","overlay-type":"","overlay-color":"","overlay-opacity":"","overlay-gradient":""},"mobile":{"background-color":"","background-image":"","background-repeat":"repeat","background-position":"center center","background-size":"auto","background-attachment":"scroll","background-type":"","background-media":"","overlay-type":"","overlay-color":"","overlay-opacity":"","overlay-gradient":""}},"ast-content-background-meta":{"desktop":{"background-color":"var(--ast-global-color-5)","background-image":"","background-repeat":"repeat","background-position":"center center","background-size":"auto","background-attachment":"scroll","background-type":"","background-media":"","overlay-type":"","overlay-color":"","overlay-opacity":"","overlay-gradient":""},"tablet":{"background-color":"var(--ast-global-color-5)","background-image":"","background-repeat":"repeat","background-position":"center center","background-size":"auto","background-attachment":"scroll","background-type":"","background-media":"","overlay-type":"","overlay-color":"","overlay-opacity":"","overlay-gradient":""},"mobile":{"background-color":"var(--ast-global-color-5)","background-image":"","background-repeat":"repeat","background-position":"center center","background-size":"auto","background-attachment":"scroll","background-type":"","background-media":"","overlay-type":"","overlay-color":"","overlay-opacity":"","overlay-gradient":""}},"_joinchat":{"telephone":"+8618077105796"}},"product_brand":[],"product_cat":[106,140,149,150,153,155,158,141,233],"product_tag":[97,107],"class_list":{"0":"post-3020","1":"product","2":"type-product","3":"status-publish","4":"has-post-thumbnail","6":"product_cat-10000-puff","7":"product_cat-big-puffs-disposable-vapes","8":"product_cat-buy-disposable-vapes-in-austria","9":"product_cat-buy-disposable-vapes-in-belgium","10":"product_cat-buy-disposable-vapes-in-italy","11":"product_cat-buy-disposable-vapes-in-norway","12":"product_cat-buy-disposable-vapes-in-spain","13":"product_cat-crystal-disposable-vapes","14":"product_cat-uwin-vape","15":"product_tag-hot-sale-disposable-vape","16":"product_tag-uwin-crystal-10000-puffs","17":"desktop-align-left","18":"tablet-align-left","19":"mobile-align-left","21":"first","22":"instock","23":"sale","24":"shipping-taxable","25":"purchasable","26":"product-type-simple"},"acf":[],"uagb_featured_image_src":{"full":["https:\/\/vapestornado.com\/wp-content\/uploads\/2024\/12\/UWIN-Crystal-10000-Puffs-Vape-Pen-cherry-cola.jpg",800,800,false],"thumbnail":["https:\/\/vapestornado.com\/wp-content\/uploads\/2024\/12\/UWIN-Crystal-10000-Puffs-Vape-Pen-cherry-cola-150x150.jpg",150,150,true],"medium":["https:\/\/vapestornado.com\/wp-content\/uploads\/2024\/12\/UWIN-Crystal-10000-Puffs-Vape-Pen-cherry-cola-300x300.jpg",300,300,true],"medium_large":["https:\/\/vapestornado.com\/wp-content\/uploads\/2024\/12\/UWIN-Crystal-10000-Puffs-Vape-Pen-cherry-cola-768x768.jpg",768,768,true],"large":["https:\/\/vapestornado.com\/wp-content\/uploads\/2024\/12\/UWIN-Crystal-10000-Puffs-Vape-Pen-cherry-cola.jpg",800,800,false],"1536x1536":["https:\/\/vapestornado.com\/wp-content\/uploads\/2024\/12\/UWIN-Crystal-10000-Puffs-Vape-Pen-cherry-cola.jpg",800,800,false],"2048x2048":["https:\/\/vapestornado.com\/wp-content\/uploads\/2024\/12\/UWIN-Crystal-10000-Puffs-Vape-Pen-cherry-cola.jpg",800,800,false],"trp-custom-language-flag":["https:\/\/vapestornado.com\/wp-content\/uploads\/2024\/12\/UWIN-Crystal-10000-Puffs-Vape-Pen-cherry-cola.jpg",12,12,false],"woocommerce_thumbnail":["https:\/\/vapestornado.com\/wp-content\/uploads\/2024\/12\/UWIN-Crystal-10000-Puffs-Vape-Pen-cherry-cola-300x300.jpg",300,300,true],"woocommerce_single":["https:\/\/vapestornado.com\/wp-content\/uploads\/2024\/12\/UWIN-Crystal-10000-Puffs-Vape-Pen-cherry-cola-600x600.jpg",600,600,true],"woocommerce_gallery_thumbnail":["https:\/\/vapestornado.com\/wp-content\/uploads\/2024\/12\/UWIN-Crystal-10000-Puffs-Vape-Pen-cherry-cola-100x100.jpg",100,100,true]},"uagb_author_info":{"display_name":"ESMANDY","author_link":"https:\/\/vapestornado.com\/de\/author\/"},"uagb_comment_info":0,"uagb_excerpt":"UWIN Crystal 10000 Puffs Rechargeable vape offers long-lasting performance, vibrant design, and premium flavor with advanced vaping technology. [caption id=\"attachment_2951\" align=\"alignnone\" width=\"265\"] Contact Mandy For Discount Price+86 18077105796[\/caption] &nbsp;","_links":{"self":[{"href":"https:\/\/vapestornado.com\/de\/wp-json\/wp\/v2\/product\/3020","targetHints":{"allow":["GET"]}}],"collection":[{"href":"https:\/\/vapestornado.com\/de\/wp-json\/wp\/v2\/product"}],"about":[{"href":"https:\/\/vapestornado.com\/de\/wp-json\/wp\/v2\/types\/product"}],"replies":[{"embeddable":true,"href":"https:\/\/vapestornado.com\/de\/wp-json\/wp\/v2\/comments?post=3020"}],"wp:featuredmedia":[{"embeddable":true,"href":"https:\/\/vapestornado.com\/de\/wp-json\/wp\/v2\/media\/3009"}],"wp:attachment":[{"href":"https:\/\/vapestornado.com\/de\/wp-json\/wp\/v2\/media?parent=3020"}],"wp:term":[{"taxonomy":"product_brand","embeddable":true,"href":"https:\/\/vapestornado.com\/de\/wp-json\/wp\/v2\/product_brand?post=3020"},{"taxonomy":"product_cat","embeddable":true,"href":"https:\/\/vapestornado.com\/de\/wp-json\/wp\/v2\/product_cat?post=3020"},{"taxonomy":"product_tag","embeddable":true,"href":"https:\/\/vapestornado.com\/de\/wp-json\/wp\/v2\/product_tag?post=3020"}],"curies":[{"name":"wp","href":"https:\/\/api.w.org\/{rel}","templated":true}]}}