{"id":3000,"date":"2024-12-09T07:00:42","date_gmt":"2024-12-09T07:00:42","guid":{"rendered":"https:\/\/vapestornado.com\/?post_type=product&#038;p=3000"},"modified":"2025-08-23T10:18:27","modified_gmt":"2025-08-23T10:18:27","slug":"waspe-25000-puffs-digital-disposable-vape-wholesale-price-in-poland","status":"publish","type":"product","link":"https:\/\/vapestornado.com\/de\/product\/waspe-25000-puffs-digital-disposable-vape-wholesale-price-in-poland\/","title":{"rendered":"Waspe 25000 Z\u00fcge Digital Einweg Vape Gro\u00dfhandelspreis in Polen"},"content":{"rendered":"<h1 class=\"product-title\">Waspe 25000 Z\u00fcge Digital Einweg Vape Gro\u00dfhandelspreis in Polen<\/h1>\n<p data-start=\"525\" data-end=\"808\">Der <strong data-start=\"529\" data-end=\"574\">Waspe 25000 Z\u00fcge Digital Einweg-Vape<\/strong> ist eine praktische Wahl f\u00fcr Gro\u00dfh\u00e4ndler und Einzelh\u00e4ndler in Deutschland, die einen langlebigen, funktionsreichen Lagerbestand suchen. Mit bis zu <strong data-start=\"690\" data-end=\"715\">25.000 Z\u00fcgen pro Einheit<\/strong> und einem <strong data-start=\"722\" data-end=\"744\">Dual-Flavor-System<\/strong>bietet es Kunden eine l\u00e4ngere Nutzung und gr\u00f6\u00dfere Vielfalt.<\/p>\n<p data-start=\"810\" data-end=\"1090\">Ausgestattet mit einer <strong data-start=\"826\" data-end=\"848\">digitaler LED-Bildschirm<\/strong>h\u00e4lt der Waspe 25K die Benutzer in Echtzeit \u00fcber die Akkulaufzeit und die Anzahl der Z\u00fcge auf dem Laufenden. Seine <strong data-start=\"937\" data-end=\"960\">wiederaufladbares Design<\/strong> mit <strong data-start=\"966\" data-end=\"990\">Type-C-Schnellladung<\/strong> gew\u00e4hrleistet eine konstante Leistung und reduziert Abfall, was es sowohl kosteng\u00fcnstig als auch umweltfreundlich macht.<\/p>\n<p data-start=\"1092\" data-end=\"1373\">Erh\u00e4ltlich in mehreren <strong data-start=\"1114\" data-end=\"1133\">Nikotinst\u00e4rken<\/strong> und <strong data-start=\"1138\" data-end=\"1161\">Geschmackskombinationen<\/strong>, ist der <strong data-start=\"1167\" data-end=\"1185\">Waspe 25K Vape<\/strong> spricht eine breite Konsumentenbasis an, von Anf\u00e4ngern bis hin zu erfahrenen Dampfern. Kompakt und tragbar, eignet es sich f\u00fcr den t\u00e4glichen Gebrauch und liefert dank fortschrittlicher Coil-Technologie einen gleichbleibenden Geschmack.<\/p>\n<p data-start=\"1375\" data-end=\"1604\">F\u00fcr H\u00e4ndler und Ladenbesitzer in Deutschland, die <strong data-start=\"1423\" data-end=\"1449\">Waspe 25000 Z\u00fcge Vape<\/strong> kombiniert hohe Zugkapazit\u00e4t, innovative Funktionen und <strong data-start=\"1504\" data-end=\"1537\">wettbewerbsf\u00e4hige Gro\u00dfhandelspreise<\/strong>was ihn zu einer profitablen Erg\u00e4nzung f\u00fcr Einweg-Vape-Best\u00e4nde macht.<\/p>\n<p>&nbsp;<\/p>\n<p><strong>F\u00fcgen Sie Amy's WhatsApp hinzu, um eine richtige Antwort und einen Vape-Gutschein zu erhalten!<\/strong><\/p>\n<p><img fetchpriority=\"high\" decoding=\"async\" class=\"size-full wp-image-2932\" src=\"https:\/\/vapestornado.com\/wp-content\/uploads\/2024\/12\/Vape-Wholesale.jpg\" alt=\"Vape-Gro\u00dfhandel\" width=\"229\" height=\"300\" \/><\/p>\n<h3><a href=\"https:\/\/wa.me\/8617776015835\" target=\"_blank\" rel=\"noopener\"><span style=\"color: #ff0000;\"><strong>WhatsApp: +86 17776015835<\/strong><\/span><\/a><\/h3>\n<p>&nbsp;<\/p>\n<h4><strong style=\"font-size: 1.7em;\">Waspe Vape 25000 Produktmerkmale<\/strong><\/h4>\n<ul>\n<li><strong>25.000 Z\u00fcge purer Zufriedenheit<\/strong>: Genie\u00dfen Sie erweiterte Vaping-Sessions mit bis zu <strong>25.000 Z\u00fcgen<\/strong>, was es zu einem <strong>WASPE 25000 Z\u00fcge<\/strong> die ideale Wahl sowohl f\u00fcr leichte als auch f\u00fcr starke Nutzer macht.<\/li>\n<li><strong>Mehrere Nikotinst\u00e4rken<\/strong>: W\u00e4hlen Sie zwischen <strong>0%, 2% oder 5% Nikotin<\/strong>, und bietet so ein ma\u00dfgeschneidertes Erlebnis f\u00fcr Nutzer, die eine <strong>Einweg-Vape mit wenig Nikotin<\/strong> oder einen st\u00e4rkeren Zug bevorzugen.<\/li>\n<li><strong>25ml E-Liquid Kapazit\u00e4t<\/strong>: Vorbef\u00fcllt mit gro\u00dfz\u00fcgigen <strong>25ml E-Liquid<\/strong>, was weniger Unterbrechungen und l\u00e4ngeren Genuss gew\u00e4hrleistet.<\/li>\n<li><strong>Fortschrittliche Dual-Mesh-Coils<\/strong>: Die integrierten Dual-Mesh-Coils garantieren eine sanfte Dampfproduktion, eine konsistente Geschmacksabgabe und ein erstklassiges Erlebnis bei jedem Zug.<\/li>\n<li><strong>Digitaler LED-Bildschirm<\/strong>: Der <strong>LED Display Einweg-Vaporizer<\/strong> verf\u00fcgt \u00fcber einen intelligenten LCD-Bildschirm, mit dem Sie <strong>Akkulaufzeit und Zuganzahl \u00fcberwachen k\u00f6nnen<\/strong> m\u00fchelos.<\/li>\n<li><strong>Wiederaufladbar und langlebig<\/strong>: Angetrieben von einem <strong>650mAh Akku<\/strong> und unterst\u00fctzt von <strong>Type-C-Schnellladung<\/strong>, dies <strong>wiederaufladbarer Vape<\/strong> sorgt f\u00fcr eine lange Nutzungsdauer ohne lange Ausfallzeiten.<\/li>\n<li><strong>Kompaktes Design f\u00fcr Gro\u00dfeink\u00e4ufe<\/strong>: Der Waspe 25k ist leicht und einfach zu handhaben und eignet sich perfekt f\u00fcr Gro\u00dfeink\u00e4ufe. Damit ist er ideal f\u00fcr H\u00e4ndler, die ein zuverl\u00e4ssiges Produkt suchen f\u00fcr <strong>Vape-Gro\u00dfhandel<\/strong>.<\/li>\n<\/ul>\n<p>&nbsp;<\/p>\n<h2 class=\"product-title\"><strong>WASPE 25000 Geschmacksrichtungen Liste<\/strong><\/h2>\n<p>1. Erdbeere Kiwi<br \/>\n2. Gemischte Beeren<br \/>\n3. Blaubeere auf Eis<br \/>\n4. Traube Eis<br \/>\n5. Kirsche Eis<br \/>\n6. Blaubeere Himbeere Limonade<br \/>\n7. Pfirsich Eis<br \/>\n8. Erdbeere Wassermelone<br \/>\n9. Pfirsich Mango Wassermelone<br \/>\n10. Wassermelone Eis<\/p>\n<h3>Warum Vapestornado f\u00fcr WASPE 25k Vape Gro\u00dfhandel w\u00e4hlen?<\/h3>\n<div class=\"flex-shrink-0 flex flex-col relative items-end\">\n<div class=\"pt-0\">\n<div class=\"gizmo-bot-avatar flex h-8 w-8 items-center justify-center overflow-hidden rounded-full\">\n<div class=\"relative p-1 rounded-sm flex items-center justify-center bg-token-main-surface-primary text-token-text-primary h-8 w-8\">\n<p>Willkommen bei vapestornado, Ihrem vertrauensw\u00fcrdigen Online-Vape-Shop f\u00fcr hochwertige Einweg-Vapes. Mit mehr als 5 Jahren Erfahrung bieten wir Ihnen beliebte Einweg-Vape-Marken wie Fumot RandM Vape, Vapme, Bang Vape, Waspe Vape und WGA Vape, usw.<\/p>\n<p>Unser Sortiment umfasst hei\u00df verkaufte Vapes wie den <a href=\"https:\/\/vapestornado.com\/de\/product\/fumot-randm-tornado-15000-puffs-rechargeable-disposable-vape-wholesale\/\">RandM Tornado 15000<\/a>, und geschmacksreiche Optionen wie den <a href=\"https:\/\/vapestornado.com\/de\/product\/waspe-40000-puffs-double-flavour-led-display-disposable-vape-wholesale\/\">WASPE Doppelgeschmack 40000 Z\u00fcge<\/a> . Jedes Produkt wird mit Fokus auf Qualit\u00e4t, Wert und Vielfalt ausgew\u00e4hlt, um sicherzustellen, dass Sie die perfekte \u00dcbereinstimmung f\u00fcr Ihre Bed\u00fcrfnisse finden. Entdecken Sie au\u00dfergew\u00f6hnlichen Service und eine breite Palette an Top-Produkten bei vapestornado.<\/p>\n<\/div>\n<h3><\/h3>\n<div class=\"relative p-1 rounded-sm flex items-center justify-center bg-token-main-surface-primary text-token-text-primary h-8 w-8\">\n<h3>FAQS f\u00fcr WASPE 25k Wiederaufladbarer Einweg-Vaporizer<\/h3>\n<\/div>\n<\/div>\n<\/div>\n<\/div>\n<div class=\"group\/conversation-turn relative flex w-full min-w-0 flex-col agent-turn\">\n<div class=\"flex-col gap-1 md:gap-3\">\n<div class=\"flex max-w-full flex-col flex-grow\">\n<div class=\"min-h-8 text-message flex w-full flex-col items-end gap-2 whitespace-normal break-words [.text-message+&amp;]:mt-5\" dir=\"auto\" data-message-author-role=\"assistant\" data-message-id=\"db716a1c-9ed0-4b8d-b3b0-7bdb913c3d42\" data-message-model-slug=\"gpt-4o\">\n<div class=\"flex w-full flex-col gap-1 empty:hidden first:pt-[3px]\">\n<div class=\"markdown prose w-full break-words dark:prose-invert light\">\n<h3><\/h3>\n<ol>\n<li><strong>Wo kann ich den Waspe 25000 Puffs Digital Einweg-Vaporizer zum Gro\u00dfhandelspreis in Deutschland kaufen?<\/strong><br \/>\nSie k\u00f6nnen den Waspe 25000 Puffs Digital Einweg-Vaporizer zu wettbewerbsf\u00e4higen Gro\u00dfhandelspreisen bei vertrauensw\u00fcrdigen H\u00e4ndlern kaufen, die sich auf <strong>Vape-Gro\u00dfhandel<\/strong> in Deutschland spezialisiert haben.<\/li>\n<li><strong>Wie viele Z\u00fcge bietet der Waspe 25000 Puffs Digital Einweg-Vape?<\/strong><br \/>\nDer Waspe 25k liefert beeindruckende <strong>25.000 Z\u00fcgen<\/strong>, was eine lange Nutzungsdauer und ein ausgezeichnetes Preis-Leistungs-Verh\u00e4ltnis gew\u00e4hrleistet.<\/li>\n<li><strong>Was macht den Waspe 25000 Puffs Vape im Vergleich zu anderen Einweg-Vapes einzigartig?<\/strong><br \/>\nDer Waspe 25k zeichnet sich durch sein <strong>Digitale LED-Anzeige<\/strong> zur \u00dcberwachung der Zuganzahl und Batterielebensdauer, <strong>Doppelaroma-<\/strong> Optionen und <strong>wiederaufladbares Design<\/strong> angetrieben von einem schnell aufladenden <strong>Typ-C-Anschluss<\/strong>.<\/li>\n<li><strong>Welche Nikotinst\u00e4rken sind f\u00fcr den Waspe 25000 Puffs Einweg-Vape erh\u00e4ltlich?<\/strong><br \/>\nDer Waspe 25k bietet drei Nikotinst\u00e4rkeoptionen: <strong>0%, 2% und 5%<\/strong>, f\u00fcr Benutzer, die <strong>Einweg-Vape mit wenig Nikotin<\/strong> oder st\u00e4rkere Z\u00fcge bevorzugen.<\/li>\n<li><strong>Wie gew\u00e4hrleistet der Waspe 25k ein erstklassiges Dampferlebnis?<\/strong><br \/>\nAusgestattet mit <strong>Doppel-Mesh-Coils<\/strong> f\u00fcr eine verbesserte Dampfproduktion, ein gro\u00dfes <strong>25 ml E-Liquid-Fassungsverm\u00f6gen<\/strong>und anpassbarer Luftstrom liefert der Waspe 25k konsistente, geschmackvolle Z\u00fcge f\u00fcr ein au\u00dfergew\u00f6hnliches Dampferlebnis.<\/li>\n<\/ol>\n<\/div>\n<\/div>\n<\/div>\n<\/div>\n<\/div>\n<\/div>","protected":false},"excerpt":{"rendered":"<p>Der <strong data-start=\"290\" data-end=\"327\">Waspe 25000 Z\u00fcge Einweg-Vape<\/strong> bietet doppelte Aromen, LED-Anzeige und bis zu 25.000 Z\u00fcge. Perfekt f\u00fcr <strong data-start=\"395\" data-end=\"425\">Gro\u00dfhandelsk\u00e4ufer in Deutschland<\/strong>, die Kapazit\u00e4t, Geschmacksvielfalt und wettbewerbsf\u00e4hige Gro\u00dfhandelspreise kombinieren.<\/p>\n<p><strong>F\u00fcge Amy auf WhatsApp hinzu, um sofort eine Antwort und einen Vape-Gutschein zu erhalten!<\/strong><\/p>\n<p><img fetchpriority=\"high\" decoding=\"async\" class=\"size-full wp-image-2932\" src=\"https:\/\/vapestornado.com\/wp-content\/uploads\/2024\/12\/Vape-Wholesale.jpg\" alt=\"Vape-Gro\u00dfhandel\" width=\"229\" height=\"300\" \/><\/p>\n<h3><a href=\"https:\/\/wa.me\/8617776015835\"><span style=\"color: #ff0000;\"><strong>WhatsApp: +86 17776015835<\/strong><\/span><\/a><\/h3>\n<p>&nbsp;<\/p>","protected":false},"featured_media":2995,"comment_status":"open","ping_status":"closed","template":"","meta":{"_acf_changed":false,"_uag_custom_page_level_css":"","_lmt_disableupdate":"no","_lmt_disable":"","_monsterinsights_skip_tracking":false,"_monsterinsights_sitenote_active":false,"_monsterinsights_sitenote_note":"","_monsterinsights_sitenote_category":0,"site-sidebar-layout":"default","site-content-layout":"","ast-site-content-layout":"default","site-content-style":"default","site-sidebar-style":"default","ast-global-header-display":"","ast-banner-title-visibility":"","ast-main-header-display":"","ast-hfb-above-header-display":"","ast-hfb-below-header-display":"","ast-hfb-mobile-header-display":"","site-post-title":"","ast-breadcrumbs-content":"","ast-featured-img":"","footer-sml-layout":"","ast-disable-related-posts":"","theme-transparent-header-meta":"default","adv-header-id-meta":"","stick-header-meta":"","header-above-stick-meta":"","header-main-stick-meta":"","header-below-stick-meta":"","astra-migrate-meta-layouts":"set","ast-page-background-enabled":"default","ast-page-background-meta":{"desktop":{"background-color":"","background-image":"","background-repeat":"repeat","background-position":"center center","background-size":"auto","background-attachment":"scroll","background-type":"","background-media":"","overlay-type":"","overlay-color":"","overlay-opacity":"","overlay-gradient":""},"tablet":{"background-color":"","background-image":"","background-repeat":"repeat","background-position":"center center","background-size":"auto","background-attachment":"scroll","background-type":"","background-media":"","overlay-type":"","overlay-color":"","overlay-opacity":"","overlay-gradient":""},"mobile":{"background-color":"","background-image":"","background-repeat":"repeat","background-position":"center center","background-size":"auto","background-attachment":"scroll","background-type":"","background-media":"","overlay-type":"","overlay-color":"","overlay-opacity":"","overlay-gradient":""}},"ast-content-background-meta":{"desktop":{"background-color":"var(--ast-global-color-5)","background-image":"","background-repeat":"repeat","background-position":"center center","background-size":"auto","background-attachment":"scroll","background-type":"","background-media":"","overlay-type":"","overlay-color":"","overlay-opacity":"","overlay-gradient":""},"tablet":{"background-color":"var(--ast-global-color-5)","background-image":"","background-repeat":"repeat","background-position":"center center","background-size":"auto","background-attachment":"scroll","background-type":"","background-media":"","overlay-type":"","overlay-color":"","overlay-opacity":"","overlay-gradient":""},"mobile":{"background-color":"var(--ast-global-color-5)","background-image":"","background-repeat":"repeat","background-position":"center center","background-size":"auto","background-attachment":"scroll","background-type":"","background-media":"","overlay-type":"","overlay-color":"","overlay-opacity":"","overlay-gradient":""}},"_joinchat":{"telephone":"+8617776015835"}},"product_brand":[],"product_cat":[68,151,158,159,144,60],"product_tag":[105,100,103,104],"class_list":{"0":"post-3000","1":"product","2":"type-product","3":"status-publish","4":"has-post-thumbnail","6":"product_cat-25000-puff","7":"product_cat-buy-disposable-vapes-in-france","8":"product_cat-buy-disposable-vapes-in-spain","9":"product_cat-buy-disposable-vapes-in-sweden","10":"product_cat-low-nicotine-disposable-vapes","11":"product_cat-waspe-fihp-vape","12":"product_tag-digital-disposable-vape","13":"product_tag-wasoe-vape","14":"product_tag-waspe-25000","15":"product_tag-waspe-25k","16":"desktop-align-left","17":"tablet-align-left","18":"mobile-align-left","20":"first","21":"instock","22":"sale","23":"shipping-taxable","24":"purchasable","25":"product-type-simple"},"acf":[],"uagb_featured_image_src":{"full":["https:\/\/vapestornado.com\/wp-content\/uploads\/2024\/12\/WASPE-25000-Puffs-Disposable-Vape-Wholesale-Price.jpg",1126,1137,false],"thumbnail":["https:\/\/vapestornado.com\/wp-content\/uploads\/2024\/12\/WASPE-25000-Puffs-Disposable-Vape-Wholesale-Price-150x150.jpg",150,150,true],"medium":["https:\/\/vapestornado.com\/wp-content\/uploads\/2024\/12\/WASPE-25000-Puffs-Disposable-Vape-Wholesale-Price-297x300.jpg",297,300,true],"medium_large":["https:\/\/vapestornado.com\/wp-content\/uploads\/2024\/12\/WASPE-25000-Puffs-Disposable-Vape-Wholesale-Price-768x776.jpg",768,776,true],"large":["https:\/\/vapestornado.com\/wp-content\/uploads\/2024\/12\/WASPE-25000-Puffs-Disposable-Vape-Wholesale-Price-1014x1024.jpg",1014,1024,true],"1536x1536":["https:\/\/vapestornado.com\/wp-content\/uploads\/2024\/12\/WASPE-25000-Puffs-Disposable-Vape-Wholesale-Price.jpg",1126,1137,false],"2048x2048":["https:\/\/vapestornado.com\/wp-content\/uploads\/2024\/12\/WASPE-25000-Puffs-Disposable-Vape-Wholesale-Price.jpg",1126,1137,false],"trp-custom-language-flag":["https:\/\/vapestornado.com\/wp-content\/uploads\/2024\/12\/WASPE-25000-Puffs-Disposable-Vape-Wholesale-Price.jpg",12,12,false],"woocommerce_thumbnail":["https:\/\/vapestornado.com\/wp-content\/uploads\/2024\/12\/WASPE-25000-Puffs-Disposable-Vape-Wholesale-Price-300x300.jpg",300,300,true],"woocommerce_single":["https:\/\/vapestornado.com\/wp-content\/uploads\/2024\/12\/WASPE-25000-Puffs-Disposable-Vape-Wholesale-Price-600x606.jpg",600,606,true],"woocommerce_gallery_thumbnail":["https:\/\/vapestornado.com\/wp-content\/uploads\/2024\/12\/WASPE-25000-Puffs-Disposable-Vape-Wholesale-Price-100x100.jpg",100,100,true]},"uagb_author_info":{"display_name":"ESAMY","author_link":"https:\/\/vapestornado.com\/de\/author\/"},"uagb_comment_info":0,"uagb_excerpt":"The Waspe 25000 Puffs Disposable Vape offers dual flavors, LED display, and up to 25K puffs. Perfect for wholesale buyers in Poland, combining capacity, flavor variety, and competitive bulk pricing. Add Amy's whatsapp to get right reply and vape vape coupon! WhatsApp: +86 17776015835 &nbsp;","_links":{"self":[{"href":"https:\/\/vapestornado.com\/de\/wp-json\/wp\/v2\/product\/3000","targetHints":{"allow":["GET"]}}],"collection":[{"href":"https:\/\/vapestornado.com\/de\/wp-json\/wp\/v2\/product"}],"about":[{"href":"https:\/\/vapestornado.com\/de\/wp-json\/wp\/v2\/types\/product"}],"replies":[{"embeddable":true,"href":"https:\/\/vapestornado.com\/de\/wp-json\/wp\/v2\/comments?post=3000"}],"wp:featuredmedia":[{"embeddable":true,"href":"https:\/\/vapestornado.com\/de\/wp-json\/wp\/v2\/media\/2995"}],"wp:attachment":[{"href":"https:\/\/vapestornado.com\/de\/wp-json\/wp\/v2\/media?parent=3000"}],"wp:term":[{"taxonomy":"product_brand","embeddable":true,"href":"https:\/\/vapestornado.com\/de\/wp-json\/wp\/v2\/product_brand?post=3000"},{"taxonomy":"product_cat","embeddable":true,"href":"https:\/\/vapestornado.com\/de\/wp-json\/wp\/v2\/product_cat?post=3000"},{"taxonomy":"product_tag","embeddable":true,"href":"https:\/\/vapestornado.com\/de\/wp-json\/wp\/v2\/product_tag?post=3000"}],"curies":[{"name":"wp","href":"https:\/\/api.w.org\/{rel}","templated":true}]}}