{"id":2993,"date":"2024-12-06T08:51:10","date_gmt":"2024-12-06T08:51:10","guid":{"rendered":"https:\/\/vapestornado.com\/?post_type=product&#038;p=2993"},"modified":"2025-08-23T10:20:29","modified_gmt":"2025-08-23T10:20:29","slug":"randm-tornado-25000-puffs-2-nicotine-bulk-buy-vape-pods","status":"publish","type":"product","link":"https:\/\/vapestornado.com\/de\/product\/randm-tornado-25000-puffs-2-nicotine-bulk-buy-vape-pods\/","title":{"rendered":"Randm Tornado 25000 Z\u00fcge 2% Nikotin Gro\u00dfhandel Vape Pods"},"content":{"rendered":"<h1>Randm Tornado 25000 Puffs 2% Nikotin Gro\u00dfhandel Vape Pods<\/h1>\n<p>&nbsp;<\/p>\n<p data-start=\"281\" data-end=\"553\">Der <strong data-start=\"285\" data-end=\"323\">Randm Tornado 25000 Z\u00fcge Vape Pod<\/strong> ist f\u00fcr Gro\u00dfh\u00e4ndler und Ladenbesitzer konzipiert, die eine Einweg-Vape mit hoher Kapazit\u00e4t und vielen Funktionen suchen. Mit bis zu <strong data-start=\"436\" data-end=\"463\">25.000 Z\u00fcgen pro Ger\u00e4t<\/strong> und einem <strong data-start=\"470\" data-end=\"492\">20 ml E-Liquid-Tank<\/strong>bietet es eine lange Nutzungsdauer und ein starkes Wiederverkaufspotenzial.<\/p>\n<p data-start=\"555\" data-end=\"811\">Ausgestattet mit einer <strong data-start=\"571\" data-end=\"602\">700mAh Akku<\/strong> und <strong data-start=\"607\" data-end=\"631\">Type-C-Schnellladung<\/strong>minimiert der Randm 25K Ausfallzeiten. Seine <strong data-start=\"671\" data-end=\"698\">Touch-Switch-Technologie<\/strong> und <strong data-start=\"703\" data-end=\"720\">lustiger Spielmodus<\/strong> f\u00fcgt Interaktivit\u00e4t hinzu und macht es bei j\u00fcngeren europ\u00e4ischen Verbrauchern beliebt. Eigenschaften umfassen:<\/p>\n<ul data-start=\"812\" data-end=\"925\">\n<li data-start=\"812\" data-end=\"849\">\n<p data-start=\"814\" data-end=\"849\"><strong data-start=\"814\" data-end=\"828\">Doppeltippen<\/strong> um den Bildschirm zu aktivieren<\/p>\n<\/li>\n<li data-start=\"850\" data-end=\"886\">\n<p data-start=\"852\" data-end=\"886\"><strong data-start=\"852\" data-end=\"866\">Dreifaches Tippen<\/strong> um die Wattleistung anzupassen<\/p>\n<\/li>\n<li data-start=\"887\" data-end=\"925\">\n<p data-start=\"889\" data-end=\"925\"><strong data-start=\"889\" data-end=\"901\">Vierfaches Tippen<\/strong> um den Spielmodus zu aktivieren<\/p>\n<\/li>\n<\/ul>\n<p data-start=\"927\" data-end=\"1181\">Erh\u00e4ltlich in <strong data-start=\"940\" data-end=\"979\">0%, 2%, 3% und 5% Nikotinoptionen<\/strong>, ist der <strong data-start=\"985\" data-end=\"1006\">Randm Tornado 25K<\/strong> richtet sich sowohl an leichte als auch an starke Benutzer. Kompakt, stilvoll und tragbar kombiniert es Leistung mit Komfort und ist somit ein starker Verk\u00e4ufer auf dem europ\u00e4ischen Gro\u00dfhandelsmarkt f\u00fcr Vapes.<\/p>\n<p><img fetchpriority=\"high\" decoding=\"async\" class=\"size-medium wp-image-2951\" src=\"https:\/\/vapestornado.com\/wp-content\/uploads\/2024\/12\/Wholesale-Disposable-Vape-265x300.jpg\" alt=\"Einweg-Vape im Gro\u00dfhandel\" width=\"265\" height=\"300\" srcset=\"https:\/\/vapestornado.com\/wp-content\/uploads\/2024\/12\/Wholesale-Disposable-Vape-265x300.jpg 265w, https:\/\/vapestornado.com\/wp-content\/uploads\/2024\/12\/Wholesale-Disposable-Vape-768x871.jpg 768w, https:\/\/vapestornado.com\/wp-content\/uploads\/2024\/12\/Wholesale-Disposable-Vape-600x680.jpg 600w, https:\/\/vapestornado.com\/wp-content\/uploads\/2024\/12\/Wholesale-Disposable-Vape.jpg 823w\" sizes=\"(max-width: 265px) 100vw, 265px\" \/><\/p>\n<h6>F\u00fcr Rabattpreis kontaktieren Sie bitte Mandys WhatsApp<a href=\"https:\/\/wa.me\/8618077105796\" target=\"_blank\" rel=\"noopener\">+8618077105796<\/a><\/h6>\n<p>&nbsp;<\/p>\n<h2><strong>Fumot Tornado Vape 25000 Z\u00fcge Hauptmerkmale<\/strong><\/h2>\n<ul>\n<li><strong>Anzahl der Z\u00fcge:<\/strong> 25.000 Z\u00fcge<\/li>\n<li><strong>Batterie:<\/strong> 700mAh, wiederaufladbar<\/li>\n<li><strong>E-Liquid-Kapazit\u00e4t:<\/strong> 20ml<\/li>\n<li><strong>Nikotingehalt:<\/strong> 0%, 2%, 3%, 5%<\/li>\n<li><strong>Aufladen:<\/strong> Type-C-Schnellladung<\/li>\n<li><strong>Spielmodus:<\/strong> Interaktive lustige Spielfunktion<\/li>\n<li><strong>Touch-Schalter-Funktionen:<\/strong>\n<ul>\n<li>Doppeltippen: Bildschirm aufwecken<\/li>\n<li>Dreifachtippen: Wattzahl anpassen<\/li>\n<li>Vierfachtippen: Spielmodus betreten; einmal klicken zum Spielen<\/li>\n<\/ul>\n<\/li>\n<li><strong>Design:<\/strong> Tragbarer und benutzerfreundlicher Vape-Pod<\/li>\n<\/ul>\n<h2><strong>RandM Tornado 25k Puff Einweg-Vape Geschmacksliste:<\/strong><\/h2>\n<p>1. Banane Eis<br \/>\n2. Erdbeere Wassermelone<br \/>\n3. Miami Minze<br \/>\n4. Blaubeere Himbeere<br \/>\n5. Schwarzes Eis<br \/>\n6. Wei\u00dfer Gummib\u00e4r-Eis<br \/>\n7. Wassermelonen-Eis<br \/>\n8. Saftiges Pfirsich-Eis<br \/>\n9. Pinke Limonade<br \/>\n10. Erdbeere Mango<br \/>\n11. Pfirsich Mango Wassermelone<br \/>\n12. Traube Zitrone<br \/>\n13. Tropischer Regenbogen-Knall<br \/>\n14. Kirschbombe<br \/>\n15. Erdbeer-Minz-Bonbon<br \/>\n16. Doppelapfel<br \/>\n17. Blaubeere auf Eis<br \/>\n18. Erdbeereis<br \/>\n19. \u00dcppiges Eis<br \/>\n20. Ananaseis<br \/>\n21. Traubeneis<br \/>\n22. Dr. Blau<br \/>\n23. Kiwi-Passionsfrucht-Guave<br \/>\n24. Kirsch-Cola<\/p>\n<h3>Warum RandM Tornado 25000 Puffs bei uns w\u00e4hlen <a href=\"https:\/\/vapestornado.com\/de\/\">vapestornado<\/a>?<\/h3>\n<p><strong>1. Vorteile des Einkaufs bei vapestornado<\/strong><\/p>\n<ul>\n<li><strong>Gro\u00dfe Auswahl<\/strong>: vapestornado bietet eine umfassende Palette an hochwertigen Vape-Marken und Modellen, die alle Kundenbed\u00fcrfnisse an einem Ort erf\u00fcllen.<\/li>\n<li><strong>Hervorragender Service<\/strong>: Profitieren Sie von schnellem Versand und zuverl\u00e4ssigem Kundendienst f\u00fcr ein sorgenfreies Einkaufserlebnis.<\/li>\n<li><strong>Transparente Preisgestaltung<\/strong>: Jedes Produkt wird mit klaren und detaillierten Preisen aufgef\u00fchrt \u2013 keine versteckten Kosten.<\/li>\n<li><strong>Sonderangebote<\/strong>: Regelm\u00e4\u00dfige Rabatte und Aktionen, mit exklusiven Angeboten f\u00fcr Mitglieder.<\/li>\n<li><strong>Benutzerfreundliche Plattform<\/strong>: Einfach zu navigierende Website, die mehrere Sprachen und Zahlungsmethoden wie Kreditkarten und PayPal unterst\u00fctzt.<\/li>\n<\/ul>\n<p><strong>2. H\u00f6hepunkte des RandM Tornado 25.000 Z\u00fcge<\/strong><\/p>\n<ul>\n<li><strong>Langlebiger Gebrauch<\/strong>: Entwickelt f\u00fcr 25.000 Z\u00fcge, was Langlebigkeit und l\u00e4ngeren Gebrauch f\u00fcr h\u00e4ufige Dampfer gew\u00e4hrleistet.<\/li>\n<li><strong>Leistungsstarker Akku<\/strong>: Ausgestattet mit einem wiederaufladbaren 700-mAh-Akku und Typ-C-Schnellladung f\u00fcr umweltfreundliche Bequemlichkeit.<\/li>\n<li><strong>Reiche Geschmacksvielfalt<\/strong>: Bietet bis zu 30 Geschmacksrichtungen, darunter fruchtige, Menthol- und Getr\u00e4nke-inspirierte Profile, um vielf\u00e4ltigen Geschmacksvorlieben gerecht zu werden.<\/li>\n<li><strong>Stilvolles Design<\/strong>: Verf\u00fcgt \u00fcber LED-Lichter f\u00fcr einen trendigen und auff\u00e4lligen Look.<\/li>\n<li><strong>Benutzerfreundlichkeit<\/strong>: Sofort einsatzbereit ohne jegliche Einrichtung, perfekt f\u00fcr Anf\u00e4nger und erfahrene Benutzer gleicherma\u00dfen.<\/li>\n<\/ul>\n<p><strong>3. vapestornado\u2019s Sonderpreise<\/strong><\/p>\n<ul>\n<li><strong>Erschwinglicher Preis<\/strong>: RandM Tornado 25.000 Z\u00fcge ist zum Aktionspreis von vapestornado erh\u00e4ltlich, wodurch Sie im Vergleich zu Marktpreisen sparen.<\/li>\n<li><strong>Mengenrabatte<\/strong>: Zus\u00e4tzliche Einsparungen bei Gro\u00dfhandelsk\u00e4ufen, ideal f\u00fcr H\u00e4ndler und Gro\u00dfabnehmer.<\/li>\n<li><strong>Zeitlich begrenzte Angebote<\/strong>: \u00dcberpr\u00fcfen Sie die Homepage f\u00fcr exklusive Rabatt-Gutscheine auf RandM-Produkte.<\/li>\n<\/ul>\n<p>Kaufen Sie jetzt bei vapestornado, um unschlagbare Angebote und ein au\u00dfergew\u00f6hnliches Dampferlebnis mit dem RandM Tornado 25.000 Z\u00fcge zu genie\u00dfen!<\/p>\n<h3><\/h3>\n<h3>FAQs zu RandM Vape 25.000 Z\u00fcge Wiederaufladbarer Vape:<\/h3>\n<ul>\n<li><strong>Wie lange sollte der RandM Tornado 25.000 Z\u00fcge halten?<\/strong><br \/>\nDer RandM Tornado 25000 Puffs bietet ein langanhaltendes Dampferlebnis mit bis zu 25.000 Z\u00fcgen, was ihn perfekt f\u00fcr eine l\u00e4ngere Nutzung ohne h\u00e4ufigen Austausch macht.<\/li>\n<li><strong>Wie aktiviere ich den RandM Tornado 25000 Puffs?<\/strong><br \/>\nDer RandM Tornado 25000 Puffs ist sofort einsatzbereit. Einfach am Mundst\u00fcck inhalieren, um das Ger\u00e4t zu aktivieren \u2013 keine Tasten oder komplizierte Einstellungen erforderlich.<\/li>\n<li><strong>Ist der RandM Tornado 25000 Puffs wiederaufladbar?<\/strong><br \/>\nJa, der RandM Tornado 25000 Puffs verf\u00fcgt \u00fcber einen wiederaufladbaren 700-mAh-Akku, der eine konstante Leistung mit schnellem Typ-C-Laden gew\u00e4hrleistet.<\/li>\n<li><strong>Woran erkenne ich, dass der Akku oder das E-Liquid meines RandM Tornado 25000 Puffs zur Neige geht?<\/strong><br \/>\nWenn die Dampfproduktion abnimmt oder der Geschmack weniger intensiv wird, ist das ein Zeichen daf\u00fcr, dass der Akku oder das E-Liquid fast leer ist. Laden Sie den Akku auf oder ersetzen Sie das Ger\u00e4t, sobald das E-Liquid aufgebraucht ist.<\/li>\n<\/ul>","protected":false},"excerpt":{"rendered":"<p data-start=\"1221\" data-end=\"1388\">Der <strong data-start=\"1225\" data-end=\"1263\">Randm Tornado 25000 Z\u00fcge Vape Pod<\/strong> bietet duale Nikotinoptionen, intelligente Touch-Bedienelemente und 25.000 Z\u00fcge. Eine zuverl\u00e4ssige Wahl f\u00fcr <strong data-start=\"1353\" data-end=\"1385\">Gro\u00dfeink\u00e4ufe im Gro\u00dfhandel in Europa<\/strong>.<\/p>\n<figure id=\"attachment_2951\" aria-describedby=\"caption-attachment-2951\" style=\"width: 265px\" class=\"wp-caption alignnone\"><img fetchpriority=\"high\" decoding=\"async\" class=\"size-medium wp-image-2951\" src=\"https:\/\/vapestornado.com\/wp-content\/uploads\/2024\/12\/Wholesale-Disposable-Vape-265x300.jpg\" alt=\"Einweg-Vape im Gro\u00dfhandel\" width=\"265\" height=\"300\" srcset=\"https:\/\/vapestornado.com\/wp-content\/uploads\/2024\/12\/Wholesale-Disposable-Vape-265x300.jpg 265w, https:\/\/vapestornado.com\/wp-content\/uploads\/2024\/12\/Wholesale-Disposable-Vape-768x871.jpg 768w, https:\/\/vapestornado.com\/wp-content\/uploads\/2024\/12\/Wholesale-Disposable-Vape-600x680.jpg 600w, https:\/\/vapestornado.com\/wp-content\/uploads\/2024\/12\/Wholesale-Disposable-Vape.jpg 823w\" sizes=\"(max-width: 265px) 100vw, 265px\" \/><figcaption id=\"caption-attachment-2951\" class=\"wp-caption-text\">F\u00fcr Rabattpreis kontaktieren Sie bitte Mandys WhatsApp<a href=\"https:\/\/wa.me\/8618077105796\">+8618077105796<\/a><\/figcaption><\/figure>\n<p>&nbsp;<\/p>","protected":false},"featured_media":2987,"comment_status":"open","ping_status":"closed","template":"","meta":{"_acf_changed":false,"_uag_custom_page_level_css":"","_lmt_disableupdate":"no","_lmt_disable":"","_monsterinsights_skip_tracking":false,"_monsterinsights_sitenote_active":false,"_monsterinsights_sitenote_note":"","_monsterinsights_sitenote_category":0,"site-sidebar-layout":"default","site-content-layout":"","ast-site-content-layout":"default","site-content-style":"default","site-sidebar-style":"default","ast-global-header-display":"","ast-banner-title-visibility":"","ast-main-header-display":"","ast-hfb-above-header-display":"","ast-hfb-below-header-display":"","ast-hfb-mobile-header-display":"","site-post-title":"","ast-breadcrumbs-content":"","ast-featured-img":"","footer-sml-layout":"","ast-disable-related-posts":"","theme-transparent-header-meta":"default","adv-header-id-meta":"","stick-header-meta":"","header-above-stick-meta":"","header-main-stick-meta":"","header-below-stick-meta":"","astra-migrate-meta-layouts":"set","ast-page-background-enabled":"default","ast-page-background-meta":{"desktop":{"background-color":"","background-image":"","background-repeat":"repeat","background-position":"center center","background-size":"auto","background-attachment":"scroll","background-type":"","background-media":"","overlay-type":"","overlay-color":"","overlay-opacity":"","overlay-gradient":""},"tablet":{"background-color":"","background-image":"","background-repeat":"repeat","background-position":"center center","background-size":"auto","background-attachment":"scroll","background-type":"","background-media":"","overlay-type":"","overlay-color":"","overlay-opacity":"","overlay-gradient":""},"mobile":{"background-color":"","background-image":"","background-repeat":"repeat","background-position":"center center","background-size":"auto","background-attachment":"scroll","background-type":"","background-media":"","overlay-type":"","overlay-color":"","overlay-opacity":"","overlay-gradient":""}},"ast-content-background-meta":{"desktop":{"background-color":"var(--ast-global-color-5)","background-image":"","background-repeat":"repeat","background-position":"center center","background-size":"auto","background-attachment":"scroll","background-type":"","background-media":"","overlay-type":"","overlay-color":"","overlay-opacity":"","overlay-gradient":""},"tablet":{"background-color":"var(--ast-global-color-5)","background-image":"","background-repeat":"repeat","background-position":"center center","background-size":"auto","background-attachment":"scroll","background-type":"","background-media":"","overlay-type":"","overlay-color":"","overlay-opacity":"","overlay-gradient":""},"mobile":{"background-color":"var(--ast-global-color-5)","background-image":"","background-repeat":"repeat","background-position":"center center","background-size":"auto","background-attachment":"scroll","background-type":"","background-media":"","overlay-type":"","overlay-color":"","overlay-opacity":"","overlay-gradient":""}},"_joinchat":{"telephone":"+8618077105796"}},"product_brand":[],"product_cat":[68,153,156,58,148],"product_tag":[97,102],"class_list":{"0":"post-2993","1":"product","2":"type-product","3":"status-publish","4":"has-post-thumbnail","6":"product_cat-25000-puff","7":"product_cat-buy-disposable-vapes-in-italy","8":"product_cat-buy-disposable-vapes-in-poland","9":"product_cat-fumot-vape","10":"product_cat-tornado-disposable-vapes","11":"product_tag-hot-sale-disposable-vape","12":"product_tag-randm-tornado-25k","13":"desktop-align-left","14":"tablet-align-left","15":"mobile-align-left","17":"first","18":"instock","19":"sale","20":"shipping-taxable","21":"purchasable","22":"product-type-simple"},"acf":[],"uagb_featured_image_src":{"full":["https:\/\/vapestornado.com\/wp-content\/uploads\/2024\/12\/RandM-Fumot-25000-Dr-Blue-Disposable-Vape.jpg",800,800,false],"thumbnail":["https:\/\/vapestornado.com\/wp-content\/uploads\/2024\/12\/RandM-Fumot-25000-Dr-Blue-Disposable-Vape-150x150.jpg",150,150,true],"medium":["https:\/\/vapestornado.com\/wp-content\/uploads\/2024\/12\/RandM-Fumot-25000-Dr-Blue-Disposable-Vape-300x300.jpg",300,300,true],"medium_large":["https:\/\/vapestornado.com\/wp-content\/uploads\/2024\/12\/RandM-Fumot-25000-Dr-Blue-Disposable-Vape-768x768.jpg",768,768,true],"large":["https:\/\/vapestornado.com\/wp-content\/uploads\/2024\/12\/RandM-Fumot-25000-Dr-Blue-Disposable-Vape.jpg",800,800,false],"1536x1536":["https:\/\/vapestornado.com\/wp-content\/uploads\/2024\/12\/RandM-Fumot-25000-Dr-Blue-Disposable-Vape.jpg",800,800,false],"2048x2048":["https:\/\/vapestornado.com\/wp-content\/uploads\/2024\/12\/RandM-Fumot-25000-Dr-Blue-Disposable-Vape.jpg",800,800,false],"trp-custom-language-flag":["https:\/\/vapestornado.com\/wp-content\/uploads\/2024\/12\/RandM-Fumot-25000-Dr-Blue-Disposable-Vape.jpg",12,12,false],"woocommerce_thumbnail":["https:\/\/vapestornado.com\/wp-content\/uploads\/2024\/12\/RandM-Fumot-25000-Dr-Blue-Disposable-Vape-300x300.jpg",300,300,true],"woocommerce_single":["https:\/\/vapestornado.com\/wp-content\/uploads\/2024\/12\/RandM-Fumot-25000-Dr-Blue-Disposable-Vape-600x600.jpg",600,600,true],"woocommerce_gallery_thumbnail":["https:\/\/vapestornado.com\/wp-content\/uploads\/2024\/12\/RandM-Fumot-25000-Dr-Blue-Disposable-Vape-100x100.jpg",100,100,true]},"uagb_author_info":{"display_name":"ESMANDY","author_link":"https:\/\/vapestornado.com\/de\/author\/"},"uagb_comment_info":0,"uagb_excerpt":"The Randm Tornado 25000 Puffs Vape Pod offers dual nicotine options, smart touch controls, and 25K puffs. A reliable choice for wholesale bulk buy in Europe. [caption id=\"attachment_2951\" align=\"alignnone\" width=\"265\"] Pls Contact Mandy's WhatsApp For Discount Price+8618077105796[\/caption] &nbsp;","_links":{"self":[{"href":"https:\/\/vapestornado.com\/de\/wp-json\/wp\/v2\/product\/2993","targetHints":{"allow":["GET"]}}],"collection":[{"href":"https:\/\/vapestornado.com\/de\/wp-json\/wp\/v2\/product"}],"about":[{"href":"https:\/\/vapestornado.com\/de\/wp-json\/wp\/v2\/types\/product"}],"replies":[{"embeddable":true,"href":"https:\/\/vapestornado.com\/de\/wp-json\/wp\/v2\/comments?post=2993"}],"wp:featuredmedia":[{"embeddable":true,"href":"https:\/\/vapestornado.com\/de\/wp-json\/wp\/v2\/media\/2987"}],"wp:attachment":[{"href":"https:\/\/vapestornado.com\/de\/wp-json\/wp\/v2\/media?parent=2993"}],"wp:term":[{"taxonomy":"product_brand","embeddable":true,"href":"https:\/\/vapestornado.com\/de\/wp-json\/wp\/v2\/product_brand?post=2993"},{"taxonomy":"product_cat","embeddable":true,"href":"https:\/\/vapestornado.com\/de\/wp-json\/wp\/v2\/product_cat?post=2993"},{"taxonomy":"product_tag","embeddable":true,"href":"https:\/\/vapestornado.com\/de\/wp-json\/wp\/v2\/product_tag?post=2993"}],"curies":[{"name":"wp","href":"https:\/\/api.w.org\/{rel}","templated":true}]}}