{"id":2980,"date":"2024-12-06T06:49:43","date_gmt":"2024-12-06T06:49:43","guid":{"rendered":"https:\/\/vapestornado.com\/?post_type=product&#038;p=2980"},"modified":"2025-08-23T12:26:33","modified_gmt":"2025-08-23T12:26:33","slug":"waspe-vape-30000-fihp-30k-puffs-disposable-vape-wholesale-price-in-germany","status":"publish","type":"product","link":"https:\/\/vapestornado.com\/de\/product\/waspe-vape-30000-fihp-30k-puffs-disposable-vape-wholesale-price-in-germany\/","title":{"rendered":"Waspe Vape 30000 FIHP 30K Z\u00fcge Einweg Vape Gro\u00dfhandelspreis in Deutschland"},"content":{"rendered":"<h1 class=\"product-title\">Waspe Vape 30000 FIHP 30K Z\u00fcge Einweg Vape Gro\u00dfhandelspreis in Deutschland<\/h1>\n<p>Suchen Sie nach einer Premium-Vaping-L\u00f6sung, die hohe Leistung mit au\u00dfergew\u00f6hnlichen Geschmacksoptionen kombiniert? Der <strong>Waspe Vape FIHP 30000 Z\u00fcge Einweg-Vape<\/strong> ist hier, um Ihr Vaping-Erlebnis zu verbessern. Mit <strong>Dual-Modi<\/strong>, einstellbaren Nikotingehalten und einem eleganten LED-Display ist dieses Ger\u00e4t perfekt f\u00fcr diejenigen, die Qualit\u00e4t und Anpassung zu einem wettbewerbsf\u00e4higen Gro\u00dfhandelspreis in Deutschland suchen.<\/p>\n<p>Ob Sie ein Einzelh\u00e4ndler sind, der nach <strong>Vape-Gro\u00dfhandelsangeboten in Deutschland<\/strong> sucht oder eine Einzelperson, die nach einem Hochleistungsger\u00e4t sucht, <strong>Einweg-Vape mit wenig Nikotin<\/strong>bietet der Waspe 30K einen un\u00fcbertroffenen Wert. Sein <strong>wiederaufladbarer Vape<\/strong> Design und innovative Funktionen machen es zu einem Highlight auf dem Markt.<\/p>\n<p>Der Waspe FIHP ist in einer Vielzahl von <strong>Doppelgeschmackskombinationen<\/strong>erh\u00e4ltlich und bietet reichhaltige und befriedigende Aromen, die jeden Gaumen verw\u00f6hnen.<\/p>\n<p>Nutzen Sie die <strong>Waspe Vape 30000 FIHP 30K Z\u00fcge Einweg Vape Gro\u00dfhandelspreis in Deutschland<\/strong> und bringen Sie dieses hochmoderne Produkt noch heute zu Ihren Kunden!<\/p>\n<p>&nbsp;<\/p>\n<p><strong>F\u00fcgen Sie Amy's WhatsApp hinzu, um eine richtige Antwort und einen Vape-Gutschein zu erhalten!<\/strong><\/p>\n<p><img fetchpriority=\"high\" decoding=\"async\" class=\"size-full wp-image-2932\" src=\"https:\/\/vapestornado.com\/wp-content\/uploads\/2024\/12\/Vape-Wholesale.jpg\" alt=\"Vape-Gro\u00dfhandel\" width=\"229\" height=\"300\" \/><\/p>\n<h3><a href=\"https:\/\/wa.me\/8617776015835\" target=\"_blank\" rel=\"noopener\"><span style=\"color: #ff0000;\"><strong>WhatsApp: +86 17776015835<\/strong><\/span><\/a><\/h3>\n<p>&nbsp;<\/p>\n<h4><strong style=\"font-size: 1.7em;\">Waspe Vape 30000 Produktmerkmale<\/strong><\/h4>\n<h4><\/h4>\n<ul>\n<li><strong>30000 Z\u00fcge mit Dual-Modi<\/strong>:<br \/>\nGenie\u00dfen Sie bis zu <strong>30.000 Z\u00fcge<\/strong> im regul\u00e4ren Modus f\u00fcr langanhaltende Sitzungen oder wechseln Sie zum <strong>Pulsmodus<\/strong> f\u00fcr ein intensiveres Erlebnis mit 15.000 Z\u00fcgen. Perfekt f\u00fcr Benutzer, die Wert auf Flexibilit\u00e4t legen.<\/li>\n<li><strong>Mehrere Nikotinoptionen<\/strong>:<br \/>\nPassen Sie Ihr Dampferlebnis mit <strong>0%, 2% oder 5% Nikotingehalt an<\/strong>, sowohl f\u00fcr Low-Nikotin-Enthusiasten als auch f\u00fcr diejenigen, die einen st\u00e4rkeren Zug bevorzugen.<\/li>\n<li><strong>28mL E-Liquid Kapazit\u00e4t<\/strong>:<br \/>\nDieses Ger\u00e4t fasst gro\u00dfz\u00fcgige <strong>28mL E-Liquid<\/strong>, wodurch die Notwendigkeit h\u00e4ufigen Nachf\u00fcllens reduziert und eine l\u00e4ngere Nutzung gew\u00e4hrleistet wird.<\/li>\n<li><strong>Dual-Mesh-Coil-Technologie<\/strong>:<br \/>\nAusgestattet mit fortschrittlichen <strong>1ohm + 1ohm Dual-Mesh-Coils<\/strong>liefert der Waspe 30K sanfteren Dampf und einen gleichbleibend reichen Geschmack.<\/li>\n<li><strong>Wiederaufladbar und effizient<\/strong>:<br \/>\nMit einem <strong>850mAh wiederaufladbare Batterie<\/strong> mit <strong>Type-C-Schnellladung<\/strong>bietet dieser Vape eine ganzt\u00e4gige Stromversorgung mit minimalen Ausfallzeiten.<\/li>\n<li><strong>LED-Anzeige f\u00fcr einfache \u00dcberwachung<\/strong>:<br \/>\nDas integrierte <strong>LED-Bildschirm<\/strong> zeigt die Echtzeit-Zuganzahl und die Batterielebensdauer an, sodass Sie die volle Kontrolle \u00fcber Ihre Vaping-Sitzungen haben.<\/li>\n<li><strong>Einstellbarer Luftstrom zur Anpassung<\/strong>:<br \/>\nMit einem <strong>einstellbaren Luftstromsystem<\/strong>k\u00f6nnen Sie die Intensit\u00e4t Ihres Zugs f\u00fcr ein massgeschneidertes Vaping-Erlebnis anpassen.<\/li>\n<\/ul>\n<h2 class=\"product-title\"><strong>WASPE 30000 Geschmacksrichtungen Liste<\/strong><\/h2>\n<p>1. Erdbeere Mango<br \/>\n2. Gemischte Beeren<br \/>\n3. Wassermelone Eis<br \/>\n4. Erdbeere Wassermelone<br \/>\n5. Erdbeere Red Bull<br \/>\n6. Kiwi Passionsfrucht Guave<br \/>\n7. Traube Eis<br \/>\n8. Doppel Apfel Eis<br \/>\n9. Blaubeere Himbeere<br \/>\n10. Wassermelone Mango Eis<br \/>\n11. Blaubeere Eis<br \/>\n12. Pfirsich-Beere<br \/>\n13. Erdbeere Kiwi<br \/>\n14. Kirsche Eis<br \/>\n15. Erdbeere Superburst Kirsche<br \/>\n16. Wassermelone Kaugummi<\/p>\n<h3>Warum Vapestornado f\u00fcr WASPE 30k Vape Gro\u00dfhandel w\u00e4hlen?<\/h3>\n<div class=\"flex-shrink-0 flex flex-col relative items-end\">\n<div class=\"pt-0\">\n<div class=\"gizmo-bot-avatar flex h-8 w-8 items-center justify-center overflow-hidden rounded-full\">\n<div class=\"relative p-1 rounded-sm flex items-center justify-center bg-token-main-surface-primary text-token-text-primary h-8 w-8\">\n<p>Willkommen bei vapestornado, Ihrem vertrauensw\u00fcrdigen Online-Vape-Shop f\u00fcr hochwertige Einweg-Vapes. Mit mehr als 5 Jahren Erfahrung bieten wir Ihnen beliebte Einweg-Vape-Marken wie Fumot RandM Vape, Vapme, Bang Vape, Waspe Vape und WGA Vape, usw.<\/p>\n<p>Unser Sortiment umfasst hei\u00df verkaufte Vapes wie den <a href=\"https:\/\/vapestornado.com\/de\/product\/fumot-randm-tornado-15000-puffs-rechargeable-disposable-vape-wholesale\/\">RandM Tornado 15000<\/a>, und geschmacksreiche Optionen wie den <a href=\"https:\/\/vapestornado.com\/de\/product\/waspe-40000-puffs-double-flavour-led-display-disposable-vape-wholesale\/\">WASPE Doppelgeschmack 40000 Z\u00fcge<\/a> . Jedes Produkt wird mit Fokus auf Qualit\u00e4t, Wert und Vielfalt ausgew\u00e4hlt, um sicherzustellen, dass Sie die perfekte \u00dcbereinstimmung f\u00fcr Ihre Bed\u00fcrfnisse finden. Entdecken Sie au\u00dfergew\u00f6hnlichen Service und eine breite Palette an Top-Produkten bei vapestornado.<\/p>\n<\/div>\n<h3><\/h3>\n<div class=\"relative p-1 rounded-sm flex items-center justify-center bg-token-main-surface-primary text-token-text-primary h-8 w-8\">\n<h3>FAQS f\u00fcr WASPE 40k Wiederaufladbarer Einweg-Vape<\/h3>\n<\/div>\n<\/div>\n<\/div>\n<\/div>\n<div class=\"group\/conversation-turn relative flex w-full min-w-0 flex-col agent-turn\">\n<div class=\"flex-col gap-1 md:gap-3\">\n<div class=\"flex max-w-full flex-col flex-grow\">\n<div class=\"min-h-8 text-message flex w-full flex-col items-end gap-2 whitespace-normal break-words [.text-message+&amp;]:mt-5\" dir=\"auto\" data-message-author-role=\"assistant\" data-message-id=\"db716a1c-9ed0-4b8d-b3b0-7bdb913c3d42\" data-message-model-slug=\"gpt-4o\">\n<div class=\"flex w-full flex-col gap-1 empty:hidden first:pt-[3px]\">\n<div class=\"markdown prose w-full break-words dark:prose-invert light\">\n<ul>\n<li><strong>Wo kann man WASPE FIHP 30000 Puffs Einweg-Vape zum Gro\u00dfhandelspreis in Deutschland kaufen?<\/strong><br \/>\nSie k\u00f6nnen den WASPE FIHP 30000 Puffs Einweg-Vape zu Gro\u00dfhandelspreisen in Deutschland \u00fcber vertrauensw\u00fcrdige <strong>Vape-Gro\u00dfhandelslieferanten<\/strong> oder Online-Gro\u00dfhandelsplattformen wie vapestornado, die sich auf Vaping-Produkte spezialisiert haben.<\/li>\n<li><strong>Wie viele Z\u00fcge bietet der WASPE FIHP 30k Puffs?<\/strong><br \/>\nDer WASPE FIHP 30K bietet <strong>30.000 Z\u00fcge<\/strong> im regul\u00e4ren Modus oder <strong>15.000 Z\u00fcge<\/strong> im Pulsmodus f\u00fcr ein intensiveres Dampferlebnis.<\/li>\n<li><strong>Wie lange h\u00e4lt die beliebte WASPE Vape 30000 Puffs Ultra Einweg-Vape-Box?<\/strong><br \/>\nDie Langlebigkeit des Ger\u00e4ts h\u00e4ngt von der Nutzungsh\u00e4ufigkeit ab. F\u00fcr moderate Dampfer kann die <strong>30.000 Z\u00fcge<\/strong> mehrere Wochen dauern, was es zu einer idealen Wahl f\u00fcr den l\u00e4ngeren Gebrauch macht.<\/li>\n<li><strong>Was sind die beliebtesten Geschmacksrichtungen f\u00fcr WASPE 30000 Digital Box Vape?<\/strong><br \/>\nDie WASPE 30000 Digital Box Vape bietet ein <strong>doppeltes Geschmackserlebnis<\/strong>und bietet vielf\u00e4ltige und zufriedenstellende Kombinationen. Beliebte Optionen variieren, umfassen aber oft fruchtige, minzige und von Desserts inspirierte Mischungen, um unterschiedlichen Vorlieben gerecht zu werden.<\/li>\n<li><strong>Wie lange dauert das Aufladen eines WASPE FIHP 30k Einweg-Vapes?<\/strong><br \/>\nDer <strong>850mAh wiederaufladbare Batterie<\/strong> l\u00e4dt schnell \u00fcber einen <strong>Typ-C-Ladeanschluss<\/strong>, dauert in der Regel etwa <strong>1 bis 1,5 Stunden<\/strong> f\u00fcr eine vollst\u00e4ndige Aufladung.<\/li>\n<li><strong>Wie viel Nikotin ist in einer WASPE 30000 Digital Screen Box Einweg-Vapes enthalten?<\/strong><br \/>\nDer WASPE 30000 bietet <strong>Nikotinoptionen von 0%, 2% oder 5%<\/strong>, sodass Benutzer die Nikotinst\u00e4rke w\u00e4hlen k\u00f6nnen, die ihren Vorlieben am besten entspricht.<\/li>\n<\/ul>\n<\/div>\n<\/div>\n<\/div>\n<\/div>\n<\/div>\n<\/div>","protected":false},"excerpt":{"rendered":"<p>WASPE FIHP 30000 Z\u00fcge LED-Display Einweg-Vape<br \/>\nWaspe 30000 Z\u00fcge FIHP Vape Elektrische Zigarette 30k<br \/>\nWASPE Vape 30000 Z\u00fcge Dual Mesh 0% 2% 5% Nikotin<\/p>\n<p><strong>F\u00fcge Amy auf WhatsApp hinzu, um sofort eine Antwort und einen Vape-Gutschein zu erhalten!<\/strong><\/p>\n<p><img fetchpriority=\"high\" decoding=\"async\" class=\"size-full wp-image-2932\" src=\"https:\/\/vapestornado.com\/wp-content\/uploads\/2024\/12\/Vape-Wholesale.jpg\" alt=\"Vape-Gro\u00dfhandel\" width=\"229\" height=\"300\" \/><\/p>\n<h3><a href=\"https:\/\/wa.me\/8617776015835\"><span style=\"color: #ff0000;\"><strong>WhatsApp: +86 17776015835<\/strong><\/span><\/a><\/h3>\n<p>&nbsp;<\/p>","protected":false},"featured_media":2977,"comment_status":"open","ping_status":"closed","template":"","meta":{"_acf_changed":false,"_uag_custom_page_level_css":"","_lmt_disableupdate":"no","_lmt_disable":"","_monsterinsights_skip_tracking":false,"_monsterinsights_sitenote_active":false,"_monsterinsights_sitenote_note":"","_monsterinsights_sitenote_category":0,"site-sidebar-layout":"default","site-content-layout":"","ast-site-content-layout":"default","site-content-style":"default","site-sidebar-style":"default","ast-global-header-display":"","ast-banner-title-visibility":"","ast-main-header-display":"","ast-hfb-above-header-display":"","ast-hfb-below-header-display":"","ast-hfb-mobile-header-display":"","site-post-title":"","ast-breadcrumbs-content":"","ast-featured-img":"","footer-sml-layout":"","ast-disable-related-posts":"","theme-transparent-header-meta":"default","adv-header-id-meta":"","stick-header-meta":"","header-above-stick-meta":"","header-main-stick-meta":"","header-below-stick-meta":"","astra-migrate-meta-layouts":"set","ast-page-background-enabled":"default","ast-page-background-meta":{"desktop":{"background-color":"","background-image":"","background-repeat":"repeat","background-position":"center center","background-size":"auto","background-attachment":"scroll","background-type":"","background-media":"","overlay-type":"","overlay-color":"","overlay-opacity":"","overlay-gradient":""},"tablet":{"background-color":"","background-image":"","background-repeat":"repeat","background-position":"center center","background-size":"auto","background-attachment":"scroll","background-type":"","background-media":"","overlay-type":"","overlay-color":"","overlay-opacity":"","overlay-gradient":""},"mobile":{"background-color":"","background-image":"","background-repeat":"repeat","background-position":"center center","background-size":"auto","background-attachment":"scroll","background-type":"","background-media":"","overlay-type":"","overlay-color":"","overlay-opacity":"","overlay-gradient":""}},"ast-content-background-meta":{"desktop":{"background-color":"var(--ast-global-color-5)","background-image":"","background-repeat":"repeat","background-position":"center center","background-size":"auto","background-attachment":"scroll","background-type":"","background-media":"","overlay-type":"","overlay-color":"","overlay-opacity":"","overlay-gradient":""},"tablet":{"background-color":"var(--ast-global-color-5)","background-image":"","background-repeat":"repeat","background-position":"center center","background-size":"auto","background-attachment":"scroll","background-type":"","background-media":"","overlay-type":"","overlay-color":"","overlay-opacity":"","overlay-gradient":""},"mobile":{"background-color":"var(--ast-global-color-5)","background-image":"","background-repeat":"repeat","background-position":"center center","background-size":"auto","background-attachment":"scroll","background-type":"","background-media":"","overlay-type":"","overlay-color":"","overlay-opacity":"","overlay-gradient":""}},"_joinchat":{"telephone":"+8617776015835"}},"product_brand":[],"product_cat":[67,152,157,158,142,146,60],"product_tag":[100,99,101],"class_list":{"0":"post-2980","1":"product","2":"type-product","3":"status-publish","4":"has-post-thumbnail","6":"product_cat-30000-puff","7":"product_cat-buy-disposable-vapes-in-cermany","8":"product_cat-buy-disposable-vapes-in-portugal","9":"product_cat-buy-disposable-vapes-in-spain","10":"product_cat-digital-box-disposable-vapes","11":"product_cat-rechargeable-disposable-vapes","12":"product_cat-waspe-fihp-vape","13":"product_tag-wasoe-vape","14":"product_tag-waspe-30000-puffs","15":"product_tag-waspe-30k","16":"desktop-align-left","17":"tablet-align-left","18":"mobile-align-left","20":"first","21":"instock","22":"sale","23":"shipping-taxable","24":"purchasable","25":"product-type-simple"},"acf":[],"uagb_featured_image_src":{"full":["https:\/\/vapestornado.com\/wp-content\/uploads\/2024\/12\/Waspe-FIHP-30000-30K-Puffs-Disposable-Vape.jpg",800,800,false],"thumbnail":["https:\/\/vapestornado.com\/wp-content\/uploads\/2024\/12\/Waspe-FIHP-30000-30K-Puffs-Disposable-Vape-150x150.jpg",150,150,true],"medium":["https:\/\/vapestornado.com\/wp-content\/uploads\/2024\/12\/Waspe-FIHP-30000-30K-Puffs-Disposable-Vape-300x300.jpg",300,300,true],"medium_large":["https:\/\/vapestornado.com\/wp-content\/uploads\/2024\/12\/Waspe-FIHP-30000-30K-Puffs-Disposable-Vape-768x768.jpg",768,768,true],"large":["https:\/\/vapestornado.com\/wp-content\/uploads\/2024\/12\/Waspe-FIHP-30000-30K-Puffs-Disposable-Vape.jpg",800,800,false],"1536x1536":["https:\/\/vapestornado.com\/wp-content\/uploads\/2024\/12\/Waspe-FIHP-30000-30K-Puffs-Disposable-Vape.jpg",800,800,false],"2048x2048":["https:\/\/vapestornado.com\/wp-content\/uploads\/2024\/12\/Waspe-FIHP-30000-30K-Puffs-Disposable-Vape.jpg",800,800,false],"trp-custom-language-flag":["https:\/\/vapestornado.com\/wp-content\/uploads\/2024\/12\/Waspe-FIHP-30000-30K-Puffs-Disposable-Vape.jpg",12,12,false],"woocommerce_thumbnail":["https:\/\/vapestornado.com\/wp-content\/uploads\/2024\/12\/Waspe-FIHP-30000-30K-Puffs-Disposable-Vape-300x300.jpg",300,300,true],"woocommerce_single":["https:\/\/vapestornado.com\/wp-content\/uploads\/2024\/12\/Waspe-FIHP-30000-30K-Puffs-Disposable-Vape-600x600.jpg",600,600,true],"woocommerce_gallery_thumbnail":["https:\/\/vapestornado.com\/wp-content\/uploads\/2024\/12\/Waspe-FIHP-30000-30K-Puffs-Disposable-Vape-100x100.jpg",100,100,true]},"uagb_author_info":{"display_name":"ESAMY","author_link":"https:\/\/vapestornado.com\/de\/author\/"},"uagb_comment_info":0,"uagb_excerpt":"WASPE FIHP 30000 Puffs LED Display Disposable Vape Waspe 30000 Puffs FIHP Vape Electric Cigarette 30k WASPE Vape 30000 Puffs Dual Mesh 0% 2% 5% Nicotine Add Amy's whatsapp to get right reply and vape vape coupon! WhatsApp: +86 17776015835 &nbsp;","_links":{"self":[{"href":"https:\/\/vapestornado.com\/de\/wp-json\/wp\/v2\/product\/2980","targetHints":{"allow":["GET"]}}],"collection":[{"href":"https:\/\/vapestornado.com\/de\/wp-json\/wp\/v2\/product"}],"about":[{"href":"https:\/\/vapestornado.com\/de\/wp-json\/wp\/v2\/types\/product"}],"replies":[{"embeddable":true,"href":"https:\/\/vapestornado.com\/de\/wp-json\/wp\/v2\/comments?post=2980"}],"wp:featuredmedia":[{"embeddable":true,"href":"https:\/\/vapestornado.com\/de\/wp-json\/wp\/v2\/media\/2977"}],"wp:attachment":[{"href":"https:\/\/vapestornado.com\/de\/wp-json\/wp\/v2\/media?parent=2980"}],"wp:term":[{"taxonomy":"product_brand","embeddable":true,"href":"https:\/\/vapestornado.com\/de\/wp-json\/wp\/v2\/product_brand?post=2980"},{"taxonomy":"product_cat","embeddable":true,"href":"https:\/\/vapestornado.com\/de\/wp-json\/wp\/v2\/product_cat?post=2980"},{"taxonomy":"product_tag","embeddable":true,"href":"https:\/\/vapestornado.com\/de\/wp-json\/wp\/v2\/product_tag?post=2980"}],"curies":[{"name":"wp","href":"https:\/\/api.w.org\/{rel}","templated":true}]}}