{"id":2974,"date":"2024-12-05T03:54:55","date_gmt":"2024-12-05T03:54:55","guid":{"rendered":"https:\/\/vapestornado.com\/?post_type=product&#038;p=2974"},"modified":"2025-08-23T11:41:10","modified_gmt":"2025-08-23T11:41:10","slug":"vopk-ultra-40000-puffs-2-in-1-digital-screen-rechargeable-disposable-vape","status":"publish","type":"product","link":"https:\/\/vapestornado.com\/de\/product\/vopk-ultra-40000-puffs-2-in-1-digital-screen-rechargeable-disposable-vape\/","title":{"rendered":"VOPK ULTRA 40000 Puffs 2 in 1 digitaler Bildschirm wiederaufladbarer Einweg-Vape"},"content":{"rendered":"<h1 class=\"product-title\">VOPK ULTRA 40000 Puffs 2 in 1 digitaler Bildschirm wiederaufladbarer Einweg-Vape<\/h1>\n<p>Erleben Sie die n\u00e4chste Stufe des Dampfens mit dem <strong>VOPK ULTRA 40000<\/strong>, einem hochmodernen <strong>wiederaufladbare Einweg-E-Zigarette<\/strong> , das unvergleichlichen Komfort, Geschmack und Leistung bietet. Mit einem au\u00dfergew\u00f6hnlichen <strong>40000 Z\u00fcge<\/strong> und einem <strong>2-in-1 Doppelgeschmack<\/strong> -System erm\u00f6glicht dieses Ger\u00e4t den nahtlosen Wechsel zwischen zwei verschiedenen Geschmacksrichtungen und definiert das Konzept der Geschmacksvielfalt neu.<\/p>\n<p>Gef\u00fcllt mit einer massiven <strong>36 ml E-Liquid-Kapazit\u00e4t<\/strong> und erh\u00e4ltlich in <strong>2% oder 5% Nikotinst\u00e4rken<\/strong>, ist der <strong>VOPK 40K<\/strong> sorgt daf\u00fcr, dass jeder Zug sanft, befriedigend und auf Ihre Vorlieben zugeschnitten ist. Die innovative <strong>LED-Display<\/strong> bringt den Komfort auf die n\u00e4chste Stufe, indem sie Echtzeitinformationen \u00fcber die Akkulaufzeit und den verbleibenden E-Liquid-Stand liefert, sodass Sie sorglos dampfen k\u00f6nnen.<\/p>\n<p>Der <strong>Typ-C-wiederaufladbarer Akku<\/strong> bietet schnelles, zuverl\u00e4ssiges Laden, w\u00e4hrend sein kompaktes und tragbares Design den <strong>VOPK ULTRA 40000<\/strong> perfekt f\u00fcr das Dampfen unterwegs macht. W\u00e4hlen Sie aus 10 verlockenden Geschmacksrichtungen, um ein wirklich anpassbares Erlebnis zu genie\u00dfen, w\u00e4hrend Sie die Vorteile eines <strong>Einweg-Vape mit wenig Nikotin<\/strong>.<\/p>\n<p>profitieren. Egal, ob Sie ein Einzelh\u00e4ndler sind oder Gro\u00dfeink\u00e4ufe t\u00e4tigen m\u00f6chten, der <strong>VOPK ULTRA 40000<\/strong> sticht im <strong>Vape-Gro\u00dfhandel<\/strong> als die perfekte Kombination aus Langlebigkeit, Innovation und Erschwinglichkeit auf dem Markt. Verbessern Sie Ihr Dampferlebnis mit einem Ger\u00e4t, das auf Langlebigkeit ausgelegt ist und doppelten Geschmack liefert, w\u00e4hrend es Sie mit seinem Smart auf dem Laufenden h\u00e4lt <strong>digitaler Bildschirm<\/strong>.<\/p>\n<p>Wechseln Sie zum <strong>VOPK ULTRA 40000 Z\u00fcge<\/strong> und genie\u00dfen Sie das Beste des modernen Dampfens mit Stil und Bequemlichkeit!<\/p>\n<p>&nbsp;<\/p>\n<p><strong>F\u00fcgen Sie Amy's WhatsApp hinzu, um eine richtige Antwort und einen Vape-Gutschein zu erhalten!<\/strong><\/p>\n<p><img fetchpriority=\"high\" decoding=\"async\" class=\"size-full wp-image-2932\" src=\"https:\/\/vapestornado.com\/wp-content\/uploads\/2024\/12\/Vape-Wholesale.jpg\" alt=\"Vape-Gro\u00dfhandel\" width=\"229\" height=\"300\" \/><\/p>\n<h3><a href=\"https:\/\/wa.me\/8617776015835\" target=\"_blank\" rel=\"noopener\"><span style=\"color: #ff0000;\"><strong>WhatsApp: +86 17776015835<\/strong><\/span><\/a><\/h3>\n<p>&nbsp;<\/p>\n<h2><strong>VOPK ULTRA 40000 Puffs Produktmerkmale<\/strong><\/h2>\n<p>Z\u00fcge: 40000 Z\u00fcge<br \/>\nE-Liquid Kapazit\u00e4t: 36 ml<br \/>\nNikotin: 2%\/5%<br \/>\nTyp-C Wiederaufladbar f\u00fcr schnelles Aufladen<br \/>\nSmart LED Display zeigt Batterielebensdauer und E-Liquid-St\u00e4nde an<br \/>\nDual-Geschmackserlebnis<br \/>\n10 Geschmacksrichtungen zur Auswahl<\/p>\n<h2 class=\"product-title\"><strong>VOPK ULTRA 40000 Geschmacksliste<\/strong><\/h2>\n<p>1.Erdbeere Wassermelone\/\u00a0Kiwi Passionsfrucht Guave<br \/>\n2.Blaubeere Himbeere \/Pfirsich Mango Wassermelone<br \/>\n3.Blaue Himbeere Gummib\u00e4rchen\/Erdbeere Kiwi<br \/>\n4.Blaue Himbeere Kirsche\/Erdbeere Himbeere<br \/>\n5.Sprudelnde Zitrone<br \/>\n6.Wassermelone Eis \/Blaue Himbeere Eis<br \/>\n7.Blaue Himbeere Ananas \/Dreifache Mango<br \/>\n8.Traube Beeren-Explosion \/Birne Apfel Himbeere<br \/>\n9.Erdbeere Moosbeere Kirsche\/Ananas Passionsfrucht Limette<br \/>\n10.Blaubeere Erdbeere Menthol\/Blaubeere Himbeere Menthol<\/p>\n<p>&nbsp;<\/p>\n<h2>Warum vapestornado f\u00fcr VOPK 40k Vape Gro\u00dfhandel w\u00e4hlen?<\/h2>\n<div class=\"flex-shrink-0 flex flex-col relative items-end\">\n<div class=\"pt-0\">\n<div class=\"gizmo-bot-avatar flex h-8 w-8 items-center justify-center overflow-hidden rounded-full\">\n<div class=\"relative p-1 rounded-sm flex items-center justify-center bg-token-main-surface-primary text-token-text-primary h-8 w-8\">\n<p>Willkommen bei vapestornado, Ihrem vertrauensw\u00fcrdigen Online-Vape-Shop f\u00fcr hochwertige Einweg-Vapes. Mit mehr als 5 Jahren Erfahrung bieten wir Ihnen beliebte Einweg-Vape-Marken wie Fumot RandM Vape, Vapme, Bang Vape, Waspe Vape und WGA Vape, usw.<\/p>\n<p>Unser Sortiment umfasst hei\u00df verkaufte Vapes wie den <a href=\"https:\/\/vapestornado.com\/de\/product\/fumot-randm-tornado-15000-puffs-rechargeable-disposable-vape-wholesale\/\">RandM Tornado 15000<\/a>, und geschmacksreiche Optionen wie den <a href=\"https:\/\/vapestornado.com\/de\/product\/waspe-40000-puffs-double-flavour-led-display-disposable-vape-wholesale\/\">WASPE Doppelgeschmack 40000 Z\u00fcge<\/a> . Jedes Produkt wird mit Fokus auf Qualit\u00e4t, Wert und Vielfalt ausgew\u00e4hlt, um sicherzustellen, dass Sie die perfekte \u00dcbereinstimmung f\u00fcr Ihre Bed\u00fcrfnisse finden. Entdecken Sie au\u00dfergew\u00f6hnlichen Service und eine breite Palette an Top-Produkten bei vapestornado.<\/p>\n<\/div>\n<h3><\/h3>\n<div class=\"relative p-1 rounded-sm flex items-center justify-center bg-token-main-surface-primary text-token-text-primary h-8 w-8\">\n<h2>FAQS f\u00fcr VOPK 40k wiederaufladbare Einweg-Vape<\/h2>\n<\/div>\n<\/div>\n<\/div>\n<\/div>\n<div class=\"group\/conversation-turn relative flex w-full min-w-0 flex-col agent-turn\">\n<div class=\"flex-col gap-1 md:gap-3\">\n<div class=\"flex max-w-full flex-col flex-grow\">\n<div class=\"min-h-8 text-message flex w-full flex-col items-end gap-2 whitespace-normal break-words [.text-message+&amp;]:mt-5\" dir=\"auto\" data-message-author-role=\"assistant\" data-message-id=\"db716a1c-9ed0-4b8d-b3b0-7bdb913c3d42\" data-message-model-slug=\"gpt-4o\">\n<div class=\"flex w-full flex-col gap-1 empty:hidden first:pt-[3px]\">\n<div class=\"markdown prose w-full break-words dark:prose-invert light\">\n<p>&nbsp;<\/p>\n<p><strong>1. Wo kann man VOPK 40000 Puffs Einweg-Vape zum Gro\u00dfhandelspreis in Deutschland kaufen?<\/strong><br \/>\nSie k\u00f6nnen den <strong>VOPK 40000 Puffs Einweg-Vape<\/strong> zu Gro\u00dfhandelspreisen \u00fcber Online-Plattformen <strong>Vape-Gro\u00dfhandel<\/strong> die sich an Deutschland richten.<\/p>\n<p><strong>2. Wie viele Z\u00fcge bietet die VOPK Ultra 40k Puffs?<\/strong><br \/>\nDer <strong>VOPK Ultra 40k Puffs Einweg-Vape<\/strong> bietet bis zu <strong>40.000 Z\u00fcge<\/strong>, was sie zu einem der langlebigsten verf\u00fcgbaren Ger\u00e4te macht.<\/p>\n<p><strong>3. Wie lange h\u00e4lt die beliebte VOPK 40000 Puffs Ultra Einweg-Vape-Box?<\/strong><br \/>\nDie Dauer der <strong>VOPK Ultra 40000<\/strong> h\u00e4ngt von den Nutzungsgewohnheiten ab, aber mit ihrer massiven <strong>36 ml E-Liquid-Kapazit\u00e4t<\/strong> und wiederaufladbare Batterie, ist er so konzipiert, dass er deutlich l\u00e4nger h\u00e4lt als die meisten Einweg-Vapes.<\/p>\n<p><strong>4. Was sind die beliebten Geschmacksrichtungen f\u00fcr die digitale Box VOPK 40000 Puffs?<\/strong><br \/>\nDer <strong>VOPK 40k Z\u00fcge<\/strong> bietet 10 aufregende Geschmacksrichtungen, wobei sein <strong>Doppelgeschmack<\/strong> System es den Benutzern erm\u00f6glicht, zwei Geschmacksrichtungen in einem Ger\u00e4t zu genie\u00dfen. Beliebte Geschmacksrichtungen variieren je nach Vorlieben, aber fruchtige und Menthol-Kombinationen werden besonders bevorzugt.<\/p>\n<p><strong>5. Wie lange dauert es, einen VOPK 40k Puffs Spaceman Einweg-Vape aufzuladen?<\/strong><br \/>\nDer <strong>VOPK Ultra 40k Z\u00fcge<\/strong> verwendet einen <strong>Typ-C-wiederaufladbarer Akku<\/strong>, der in der Regel etwa <strong>1-2 Stunden<\/strong> zum vollst\u00e4ndigen Aufladen ben\u00f6tigt, abh\u00e4ngig von der Stromquelle.<\/p>\n<p><strong>6. Wie viel Nikotin ist in einer VOPK 40k Digital Screen Box Einweg-Vape enthalten?<\/strong><br \/>\nDer <strong>VOPK Ultra 40000<\/strong> ist verf\u00fcgbar in <strong>20 mg Nikotinst\u00e4rke<\/strong> or <strong>5% (50mg)<\/strong> Nikotinst\u00e4rke, die auf unterschiedliche Nikotinvorlieben zugeschnitten ist.<\/p>\n<\/div>\n<\/div>\n<\/div>\n<\/div>\n<\/div>\n<\/div>","protected":false},"excerpt":{"rendered":"<p>VOPK 40000 Z\u00fcge 2-in-1 Einweg-Vape Dual-Geschmack 40K Gro\u00dfhandel<br \/>\nVOPK Doppelgeschmack 40000 Z\u00fcge wiederaufladbarer Einweg-Vape<br \/>\nVOPK 40000 Z\u00fcge Doppelgeschmack mit LED-Anzeige<\/p>\n<p><strong>F\u00fcge Amy auf WhatsApp hinzu, um sofort eine Antwort und einen Vape-Gutschein zu erhalten!<\/strong><\/p>\n<p><img fetchpriority=\"high\" decoding=\"async\" class=\"size-full wp-image-2932\" src=\"https:\/\/vapestornado.com\/wp-content\/uploads\/2024\/12\/Vape-Wholesale.jpg\" alt=\"Vape-Gro\u00dfhandel\" width=\"229\" height=\"300\" \/><\/p>","protected":false},"featured_media":2973,"comment_status":"open","ping_status":"closed","template":"","meta":{"_acf_changed":false,"_uag_custom_page_level_css":"","_lmt_disableupdate":"no","_lmt_disable":"","_monsterinsights_skip_tracking":false,"_monsterinsights_sitenote_active":false,"_monsterinsights_sitenote_note":"","_monsterinsights_sitenote_category":0,"site-sidebar-layout":"default","site-content-layout":"","ast-site-content-layout":"default","site-content-style":"default","site-sidebar-style":"default","ast-global-header-display":"","ast-banner-title-visibility":"","ast-main-header-display":"","ast-hfb-above-header-display":"","ast-hfb-below-header-display":"","ast-hfb-mobile-header-display":"","site-post-title":"","ast-breadcrumbs-content":"","ast-featured-img":"","footer-sml-layout":"","ast-disable-related-posts":"","theme-transparent-header-meta":"default","adv-header-id-meta":"","stick-header-meta":"","header-above-stick-meta":"","header-main-stick-meta":"","header-below-stick-meta":"","astra-migrate-meta-layouts":"set","ast-page-background-enabled":"default","ast-page-background-meta":{"desktop":{"background-color":"","background-image":"","background-repeat":"repeat","background-position":"center center","background-size":"auto","background-attachment":"scroll","background-type":"","background-media":"","overlay-type":"","overlay-color":"","overlay-opacity":"","overlay-gradient":""},"tablet":{"background-color":"","background-image":"","background-repeat":"repeat","background-position":"center center","background-size":"auto","background-attachment":"scroll","background-type":"","background-media":"","overlay-type":"","overlay-color":"","overlay-opacity":"","overlay-gradient":""},"mobile":{"background-color":"","background-image":"","background-repeat":"repeat","background-position":"center center","background-size":"auto","background-attachment":"scroll","background-type":"","background-media":"","overlay-type":"","overlay-color":"","overlay-opacity":"","overlay-gradient":""}},"ast-content-background-meta":{"desktop":{"background-color":"var(--ast-global-color-5)","background-image":"","background-repeat":"repeat","background-position":"center center","background-size":"auto","background-attachment":"scroll","background-type":"","background-media":"","overlay-type":"","overlay-color":"","overlay-opacity":"","overlay-gradient":""},"tablet":{"background-color":"var(--ast-global-color-5)","background-image":"","background-repeat":"repeat","background-position":"center center","background-size":"auto","background-attachment":"scroll","background-type":"","background-media":"","overlay-type":"","overlay-color":"","overlay-opacity":"","overlay-gradient":""},"mobile":{"background-color":"var(--ast-global-color-5)","background-image":"","background-repeat":"repeat","background-position":"center center","background-size":"auto","background-attachment":"scroll","background-type":"","background-media":"","overlay-type":"","overlay-color":"","overlay-opacity":"","overlay-gradient":""}},"_joinchat":{"telephone":"+8617776015835"}},"product_brand":[],"product_cat":[65,140,153,157,158,142,144,290],"product_tag":[94,95,93,96,92],"class_list":{"0":"post-2974","1":"product","2":"type-product","3":"status-publish","4":"has-post-thumbnail","6":"product_cat-40000-puff","7":"product_cat-big-puffs-disposable-vapes","8":"product_cat-buy-disposable-vapes-in-italy","9":"product_cat-buy-disposable-vapes-in-portugal","10":"product_cat-buy-disposable-vapes-in-spain","11":"product_cat-digital-box-disposable-vapes","12":"product_cat-low-nicotine-disposable-vapes","13":"product_cat-vopk-vape","14":"product_tag-rechargeable-disposable-vape","15":"product_tag-spaceman-disposable-vape","16":"product_tag-vape-wholesale","17":"product_tag-vopk-40000","18":"product_tag-vopk-vape","19":"desktop-align-left","20":"tablet-align-left","21":"mobile-align-left","23":"first","24":"instock","25":"sale","26":"shipping-taxable","27":"purchasable","28":"product-type-simple"},"acf":[],"uagb_featured_image_src":{"full":["https:\/\/vapestornado.com\/wp-content\/uploads\/2024\/12\/VOPK-ULTRA-40000-Disposable-Vape.jpg",1126,1126,false],"thumbnail":["https:\/\/vapestornado.com\/wp-content\/uploads\/2024\/12\/VOPK-ULTRA-40000-Disposable-Vape-150x150.jpg",150,150,true],"medium":["https:\/\/vapestornado.com\/wp-content\/uploads\/2024\/12\/VOPK-ULTRA-40000-Disposable-Vape-300x300.jpg",300,300,true],"medium_large":["https:\/\/vapestornado.com\/wp-content\/uploads\/2024\/12\/VOPK-ULTRA-40000-Disposable-Vape-768x768.jpg",768,768,true],"large":["https:\/\/vapestornado.com\/wp-content\/uploads\/2024\/12\/VOPK-ULTRA-40000-Disposable-Vape-1024x1024.jpg",1024,1024,true],"1536x1536":["https:\/\/vapestornado.com\/wp-content\/uploads\/2024\/12\/VOPK-ULTRA-40000-Disposable-Vape.jpg",1126,1126,false],"2048x2048":["https:\/\/vapestornado.com\/wp-content\/uploads\/2024\/12\/VOPK-ULTRA-40000-Disposable-Vape.jpg",1126,1126,false],"trp-custom-language-flag":["https:\/\/vapestornado.com\/wp-content\/uploads\/2024\/12\/VOPK-ULTRA-40000-Disposable-Vape.jpg",12,12,false],"woocommerce_thumbnail":["https:\/\/vapestornado.com\/wp-content\/uploads\/2024\/12\/VOPK-ULTRA-40000-Disposable-Vape-300x300.jpg",300,300,true],"woocommerce_single":["https:\/\/vapestornado.com\/wp-content\/uploads\/2024\/12\/VOPK-ULTRA-40000-Disposable-Vape-600x600.jpg",600,600,true],"woocommerce_gallery_thumbnail":["https:\/\/vapestornado.com\/wp-content\/uploads\/2024\/12\/VOPK-ULTRA-40000-Disposable-Vape-100x100.jpg",100,100,true]},"uagb_author_info":{"display_name":"ESAMY","author_link":"https:\/\/vapestornado.com\/de\/author\/"},"uagb_comment_info":0,"uagb_excerpt":"VOPK 40000 Puffs 2 in 1 Disposable Vape Dual Taste 40K Wholesale VOPK Double Flavor 40000 Puffs Rechargeable Disposable Vape VOPK 40000 Puffs Double Flavor with LED Display Add Amy's whatsapp to get right reply and vape vape coupon!","_links":{"self":[{"href":"https:\/\/vapestornado.com\/de\/wp-json\/wp\/v2\/product\/2974","targetHints":{"allow":["GET"]}}],"collection":[{"href":"https:\/\/vapestornado.com\/de\/wp-json\/wp\/v2\/product"}],"about":[{"href":"https:\/\/vapestornado.com\/de\/wp-json\/wp\/v2\/types\/product"}],"replies":[{"embeddable":true,"href":"https:\/\/vapestornado.com\/de\/wp-json\/wp\/v2\/comments?post=2974"}],"wp:featuredmedia":[{"embeddable":true,"href":"https:\/\/vapestornado.com\/de\/wp-json\/wp\/v2\/media\/2973"}],"wp:attachment":[{"href":"https:\/\/vapestornado.com\/de\/wp-json\/wp\/v2\/media?parent=2974"}],"wp:term":[{"taxonomy":"product_brand","embeddable":true,"href":"https:\/\/vapestornado.com\/de\/wp-json\/wp\/v2\/product_brand?post=2974"},{"taxonomy":"product_cat","embeddable":true,"href":"https:\/\/vapestornado.com\/de\/wp-json\/wp\/v2\/product_cat?post=2974"},{"taxonomy":"product_tag","embeddable":true,"href":"https:\/\/vapestornado.com\/de\/wp-json\/wp\/v2\/product_tag?post=2974"}],"curies":[{"name":"wp","href":"https:\/\/api.w.org\/{rel}","templated":true}]}}