{"id":2781,"date":"2024-11-12T10:02:57","date_gmt":"2024-11-12T10:02:57","guid":{"rendered":"https:\/\/vapestornado.com\/?page_id=2781"},"modified":"2024-11-12T10:02:58","modified_gmt":"2024-11-12T10:02:58","slug":"age-verification-policy-for-vapestornado","status":"publish","type":"page","link":"https:\/\/vapestornado.com\/de\/age-verification-policy-for-vapestornado\/","title":{"rendered":"Altersverifizierungsrichtlinie f\u00fcr vapestornado"},"content":{"rendered":"<p>Bei vapestornado verpflichten wir uns zu einem verantwortungsvollen und gesetzeskonformen Ansatz beim Verkauf unserer Vape-Produkte. Um sicherzustellen, dass wir die gesetzlichen Anforderungen erf\u00fcllen und ein verantwortungsvolles Dampfen f\u00f6rdern, haben wir die folgende Alters\u00fcberpr\u00fcfungsrichtlinie implementiert:<\/p>\n\n\n\n<h3 class=\"wp-block-heading\"><strong>Gesetzliches Mindestalter f\u00fcr Raucher<\/strong><\/h3>\n\n\n\n<p>Kunden m\u00fcssen mindestens <strong>21 Jahre alt sein<\/strong> (das gesetzliche Mindestalter f\u00fcr Raucher in Deutschland), um Vape-Produkte von unserer Website vapestornado.com zu kaufen.<\/p>\n\n\n\n<h3 class=\"wp-block-heading\"><strong>F\u00e4lschung des Alters ist illegal<\/strong><\/h3>\n\n\n\n<p>Es ist <strong>illegal<\/strong> Ihr Alter zu f\u00e4lschen, um unsere Produkte zu kaufen. Ein Versto\u00df gegen dieses Gesetz kann rechtliche Konsequenzen haben, einschlie\u00dflich Geldstrafen und m\u00f6glicher strafrechtlicher Anklagen.<\/p>\n\n\n\n<h3 class=\"wp-block-heading\"><strong>Verbot des Kaufs f\u00fcr Minderj\u00e4hrige<\/strong><\/h3>\n\n\n\n<p>Der Kauf von Vape-Produkten von vapestornado f\u00fcr <strong>Minderj\u00e4hrige<\/strong> ist strengstens untersagt. Jeder Versuch, dies zu tun, kann rechtliche Konsequenzen f\u00fcr den K\u00e4ufer haben.<\/p>\n\n\n\n<h3 class=\"wp-block-heading\"><strong>Alters\u00fcberpr\u00fcfungsprozess<\/strong><\/h3>\n\n\n\n<p>Wir haben einen <strong>strengen Alters\u00fcberpr\u00fcfungsprozess<\/strong> um die Einhaltung der gesetzlichen Altersanforderungen zu gew\u00e4hrleisten. Um die Alters\u00fcberpr\u00fcfung abzuschlie\u00dfen, werden Sie m\u00f6glicherweise aufgefordert, pers\u00f6nliche Daten anzugeben, einschlie\u00dflich Ihres Namens, Ihrer Adresse, Ihres Geburtsdatums und der letzten vier Ziffern Ihrer Sozialversicherungsnummer. Diese Informationen werden mit \u00f6ffentlichen Aufzeichnungen abgeglichen. Wenn der Abgleich nicht erfolgreich ist oder Sie Ihre Sozialversicherungsnummer nicht angeben k\u00f6nnen, m\u00fcssen Sie einen <strong>amtlichen Ausweis<\/strong> zur \u00dcberpr\u00fcfung hochladen.<\/p>\n\n\n\n<h3 class=\"wp-block-heading\"><strong>Recht auf Ablehnung des Dienstes<\/strong><\/h3>\n\n\n\n<p>Wir behalten uns das Recht vor, <strong>eine Bestellung ablehnen oder stornieren<\/strong> wenn wir Ihr Alter nicht \u00fcberpr\u00fcfen k\u00f6nnen oder wenn nicht umgehend ein geeigneter Ausweis vorgelegt werden kann.<\/p>\n\n\n\n<h3 class=\"wp-block-heading\"><strong>Engagement f\u00fcr Jugendpr\u00e4vention<\/strong><\/h3>\n\n\n\n<p>vapestornado hat sich der Verhinderung des Verkaufs von Produkten an Minderj\u00e4hrige verschrieben. Wir setzen ein robustes Altersverifikationssystem ein, um die Einhaltung der gesetzlichen Altersbeschr\u00e4nkungen zu gew\u00e4hrleisten und den Zugang von Jugendlichen zu Vape-Produkten zu verhindern.<\/p>\n\n\n\n<h3 class=\"wp-block-heading\"><strong>Verweigerung oder Einschr\u00e4nkung des Service<\/strong><\/h3>\n\n\n\n<p>Wir behalten uns das Recht vor, <strong>den Service zu verweigern<\/strong> gegen\u00fcber Personen, die die Altersanforderungen nicht erf\u00fcllen oder keinen ausreichenden Altersnachweis erbringen. Wenn Sie der Meinung sind, dass Ihnen der Service zu Unrecht verweigert wurde, wenden Sie sich bitte an unser Kundendienstteam, um Unterst\u00fctzung zu erhalten.<\/p>\n\n\n\n<h3 class=\"wp-block-heading\"><strong>Warnhinweis zum Seiteninhalt<\/strong><\/h3>\n\n\n\n<p>Wir f\u00fcgen eine <strong>Warnmeldung<\/strong> auf unserer Website bez\u00fcglich elektronischer Zigarettenprodukte hinzu und erinnern die Kunden daran, dass sie mindestens <strong>21 Jahre alt sein<\/strong> in Deutschland sein m\u00fcssen, um einen Kauf zu t\u00e4tigen.<\/p>\n\n\n\n<p>Bei vapestornado legen wir Wert auf die <strong>Sicherheit<\/strong> und <strong>Wohlbefinden<\/strong> unserer Kunden. Durch die strikte Einhaltung der Alters\u00fcberpr\u00fcfungsprotokolle verfolgen wir einen verantwortungsvollen und legalen Ansatz f\u00fcr den Verkauf von E-Zigaretten. Unser Engagement zur Verhinderung des Zugangs f\u00fcr Minderj\u00e4hrige spiegelt unser Engagement f\u00fcr die F\u00f6rderung einer gesunden und verantwortungsvollen Vaping-Community wider.<\/p>\n\n\n\n<p>4o mini<\/p>","protected":false},"excerpt":{"rendered":"<p>Bei vapestornado setzen wir uns f\u00fcr einen verantwortungsvollen und legalen Ansatz beim Verkauf unserer Vape-Produkte ein. Um sicherzustellen, dass wir die gesetzlichen Anforderungen erf\u00fcllen und ein verantwortungsvolles Dampfen f\u00f6rdern, haben wir die folgende Altersverifizierungsrichtlinie implementiert: Gesetzliches Raucheralter Kunden m\u00fcssen mindestens 18 Jahre alt sein (das gesetzliche Raucheralter in Deutschland [...])<\/p>","protected":false},"author":1,"featured_media":0,"parent":0,"menu_order":0,"comment_status":"closed","ping_status":"closed","template":"","meta":{"_acf_changed":false,"_uag_custom_page_level_css":"","_lmt_disableupdate":"","_lmt_disable":"","_monsterinsights_skip_tracking":false,"_monsterinsights_sitenote_active":false,"_monsterinsights_sitenote_note":"","_monsterinsights_sitenote_category":0,"site-sidebar-layout":"default","site-content-layout":"","ast-site-content-layout":"default","site-content-style":"default","site-sidebar-style":"default","ast-global-header-display":"","ast-banner-title-visibility":"","ast-main-header-display":"","ast-hfb-above-header-display":"","ast-hfb-below-header-display":"","ast-hfb-mobile-header-display":"","site-post-title":"","ast-breadcrumbs-content":"","ast-featured-img":"","footer-sml-layout":"","ast-disable-related-posts":"","theme-transparent-header-meta":"","adv-header-id-meta":"","stick-header-meta":"","header-above-stick-meta":"","header-main-stick-meta":"","header-below-stick-meta":"","astra-migrate-meta-layouts":"set","ast-page-background-enabled":"default","ast-page-background-meta":{"desktop":{"background-color":"","background-image":"","background-repeat":"repeat","background-position":"center center","background-size":"auto","background-attachment":"scroll","background-type":"","background-media":"","overlay-type":"","overlay-color":"","overlay-opacity":"","overlay-gradient":""},"tablet":{"background-color":"","background-image":"","background-repeat":"repeat","background-position":"center center","background-size":"auto","background-attachment":"scroll","background-type":"","background-media":"","overlay-type":"","overlay-color":"","overlay-opacity":"","overlay-gradient":""},"mobile":{"background-color":"","background-image":"","background-repeat":"repeat","background-position":"center center","background-size":"auto","background-attachment":"scroll","background-type":"","background-media":"","overlay-type":"","overlay-color":"","overlay-opacity":"","overlay-gradient":""}},"ast-content-background-meta":{"desktop":{"background-color":"var(--ast-global-color-5)","background-image":"","background-repeat":"repeat","background-position":"center center","background-size":"auto","background-attachment":"scroll","background-type":"","background-media":"","overlay-type":"","overlay-color":"","overlay-opacity":"","overlay-gradient":""},"tablet":{"background-color":"var(--ast-global-color-5)","background-image":"","background-repeat":"repeat","background-position":"center center","background-size":"auto","background-attachment":"scroll","background-type":"","background-media":"","overlay-type":"","overlay-color":"","overlay-opacity":"","overlay-gradient":""},"mobile":{"background-color":"var(--ast-global-color-5)","background-image":"","background-repeat":"repeat","background-position":"center center","background-size":"auto","background-attachment":"scroll","background-type":"","background-media":"","overlay-type":"","overlay-color":"","overlay-opacity":"","overlay-gradient":""}},"_joinchat":[],"footnotes":""},"class_list":["post-2781","page","type-page","status-publish","hentry"],"acf":[],"uagb_featured_image_src":{"full":false,"thumbnail":false,"medium":false,"medium_large":false,"large":false,"1536x1536":false,"2048x2048":false,"trp-custom-language-flag":false,"woocommerce_thumbnail":false,"woocommerce_single":false,"woocommerce_gallery_thumbnail":false},"uagb_author_info":{"display_name":"yannazhan@gmail.com","author_link":"https:\/\/vapestornado.com\/de\/author\/yannazhangmail-com\/"},"uagb_comment_info":0,"uagb_excerpt":"At vapestornado, we are committed to maintaining a responsible and legal approach to the sale of our vape products. To ensure we meet legal requirements and promote responsible vaping, we have implemented the following age verification policy: Legal Smoking Age Requirement Customers must be at least 21 years old (the legal smoking age in the&hellip;","_links":{"self":[{"href":"https:\/\/vapestornado.com\/de\/wp-json\/wp\/v2\/pages\/2781","targetHints":{"allow":["GET"]}}],"collection":[{"href":"https:\/\/vapestornado.com\/de\/wp-json\/wp\/v2\/pages"}],"about":[{"href":"https:\/\/vapestornado.com\/de\/wp-json\/wp\/v2\/types\/page"}],"author":[{"embeddable":true,"href":"https:\/\/vapestornado.com\/de\/wp-json\/wp\/v2\/users\/1"}],"replies":[{"embeddable":true,"href":"https:\/\/vapestornado.com\/de\/wp-json\/wp\/v2\/comments?post=2781"}],"version-history":[{"count":1,"href":"https:\/\/vapestornado.com\/de\/wp-json\/wp\/v2\/pages\/2781\/revisions"}],"predecessor-version":[{"id":2783,"href":"https:\/\/vapestornado.com\/de\/wp-json\/wp\/v2\/pages\/2781\/revisions\/2783"}],"wp:attachment":[{"href":"https:\/\/vapestornado.com\/de\/wp-json\/wp\/v2\/media?parent=2781"}],"curies":[{"name":"wp","href":"https:\/\/api.w.org\/{rel}","templated":true}]}}