{"id":2776,"date":"2024-11-12T09:55:46","date_gmt":"2024-11-12T09:55:46","guid":{"rendered":"https:\/\/vapestornado.com\/?page_id=2776"},"modified":"2024-11-12T09:55:48","modified_gmt":"2024-11-12T09:55:48","slug":"terms-conditions","status":"publish","type":"page","link":"https:\/\/vapestornado.com\/de\/terms-conditions\/","title":{"rendered":"Allgemeine Gesch\u00e4ftsbedingungen"},"content":{"rendered":"<p>Willkommen bei vapestornado! Durch den Zugriff auf und die Nutzung unserer Website erkl\u00e4ren Sie sich damit einverstanden, die folgenden Bedingungen sowie die geltenden Gesetze einzuhalten. Wenn Sie mit diesen Bedingungen nicht einverstanden sind, nutzen Sie unsere Website bitte nicht. Mit dem Kauf auf unserer Website stimmen Sie den Bedingungen zu.<\/p>\n\n\n\n<p><strong>Internationale Bestellungen<\/strong><\/p>\n\n\n\n<p>vapestornado hat seinen Sitz in Hongkong und ist weltweit t\u00e4tig. Kunden, die bei uns einkaufen und in L\u00e4nder au\u00dferhalb von Hongkong versenden, gelten als internationale Kunden. Bitte stellen Sie sicher, dass Sie die Vorschriften Ihres Landes bez\u00fcglich des Besitzes, Imports, Exports und der Verwendung von Vaporizer-Produkten verstehen, bevor Sie einen Kauf t\u00e4tigen. Zus\u00e4tzliche Richtlinien f\u00fcr bestimmte L\u00e4nder sind in unseren Versand-, R\u00fcckgabe- und Garantiebestimmungen aufgef\u00fchrt.<\/p>\n\n\n\n<p><strong>Urheberrecht<\/strong><\/p>\n\n\n\n<p>Alle Inhalte auf dieser Website, einschlie\u00dflich Text, Grafiken und Code, sind als Sammelwerk urheberrechtlich gesch\u00fctzt. Dieses Sammelwerk umfasst Werke, die an vapestornado lizenziert sind. Urheberrecht 2022, vapestornado. Alle Rechte vorbehalten. Sie d\u00fcrfen Teile dieser Website elektronisch kopieren und ausdrucken, ausschlie\u00dflich zum Zweck der Bestellung bei vapestornado oder des Kaufs von vapestornado-Produkten. Jede andere Verwendung, einschlie\u00dflich Vervielf\u00e4ltigung, Verbreitung, Anzeige oder \u00dcbertragung von Website-Inhalten, ist ohne ausdr\u00fcckliche Genehmigung von vapestornado Inc. strengstens untersagt.<\/p>\n\n\n\n<p><strong>Marken<\/strong><\/p>\n\n\n\n<p>Alle auf der Website verwendeten Marken, Dienstleistungsmarken und Handelsnamen sind Marken oder eingetragene Marken von vapestornado.<\/p>\n\n\n\n<p><strong>Gew\u00e4hrleistungsausschluss<\/strong><\/p>\n\n\n\n<p>Unsere Website und die bereitgestellten Materialien und Produkte werden \u201ewie besehen\u201c ohne jegliche ausdr\u00fcckliche oder stillschweigende Gew\u00e4hrleistungen angeboten. vapestornado lehnt alle Gew\u00e4hrleistungen ab, einschlie\u00dflich der Marktg\u00e4ngigkeit, der Eignung f\u00fcr einen bestimmten Zweck und der Nichtverletzung von Rechten Dritter. Wir garantieren nicht, dass die Funktionen der Website ununterbrochen oder fehlerfrei sind oder dass Fehler behoben werden. Wir \u00fcbernehmen auch keine Gew\u00e4hr f\u00fcr die Richtigkeit, Aktualit\u00e4t oder Zuverl\u00e4ssigkeit der Materialien auf der Website.<\/p>\n\n\n\n<p><strong>Haftungsbeschr\u00e4nkung<\/strong><\/p>\n\n\n\n<p>vapestornado haftet nicht f\u00fcr besondere oder Folgesch\u00e4den, die aus der Verwendung von Materialien auf dieser Website oder der Leistung von Produkten resultieren, selbst wenn auf die M\u00f6glichkeit solcher Sch\u00e4den hingewiesen wurde. Einige Gerichtsbarkeiten erlauben keine Beschr\u00e4nkungen von Gew\u00e4hrleistungen oder Ausschl\u00fcsse der Haftung f\u00fcr Folgesch\u00e4den, sodass diese Beschr\u00e4nkungen m\u00f6glicherweise nicht auf Sie zutreffen.<\/p>\n\n\n\n<p><strong>K\u00fcndigung<\/strong><\/p>\n\n\n\n<p>Diese Bedingungen gelten f\u00fcr Sie, sobald Sie auf die Website zugreifen oder Registrierungs- oder Einkaufsprozesse abschlie\u00dfen. vapestornado kann diese Bedingungen oder Teile davon jederzeit ohne Vorank\u00fcndigung aus beliebigem Grund k\u00fcndigen. Bestimmte Bestimmungen, einschlie\u00dflich Urheberrechte, Marken, Haftungsausschluss, Haftungsbeschr\u00e4nkung, Entsch\u00e4digung und Sonstiges, bleiben auch nach Beendigung bestehen.<\/p>\n\n\n\n<p><strong>Hinweis<\/strong><\/p>\n\n\n\n<p>vapestornado kann Ihnen Benachrichtigungen per E-Mail, einen allgemeinen Hinweis auf der Website oder andere zuverl\u00e4ssige Methoden unter Verwendung der von Ihnen angegebenen Kontaktinformationen zukommen lassen.<\/p>\n\n\n\n<p><strong>Sonstiges<\/strong><\/p>\n\n\n\n<p>Ihre Nutzung dieser Website unterliegt den Gesetzen von Hongkong unter Ausschluss der Rechtswahlbestimmungen. Alle Rechtsstreitigkeiten im Zusammenhang mit dieser Website sind vor den Gerichten von Hongkong zu f\u00fchren. Alle Anspr\u00fcche im Zusammenhang mit der Website m\u00fcssen innerhalb eines Jahres nach Entstehung des Anspruchs geltend gemacht werden. Das Vers\u00e4umnis von vapestornado, eine Bestimmung dieser Bedingungen durchzusetzen, verzichtet nicht auf Rechte. vapestornado kann seine Rechte und Pflichten aus diesem Vertrag ohne Vorank\u00fcndigung abtreten.<\/p>\n\n\n\n<p><strong>Nutzung der Website<\/strong><\/p>\n\n\n\n<p>Bel\u00e4stigungen jeglicher Art auf der Website sind verboten. Es ist Ihnen nicht gestattet, anst\u00f6\u00dfige Inhalte hochzuladen oder andere zu kommerziellen Dienstleistungen aufzufordern. vapestornado beh\u00e4lt sich das Recht vor, unangemessene Inhalte nach eigenem Ermessen zu sperren oder zu entfernen.<\/p>\n\n\n\n<p><strong>Haftungsausschluss f\u00fcr die Teilnahme<\/strong><\/p>\n\n\n\n<p>vapestornado ist nicht verantwortlich f\u00fcr benutzergenerierte Inhalte auf der Website. Wir fungieren als Vertriebskanal und behalten uns das Recht vor, anst\u00f6\u00dfiges Material zu entfernen.<\/p>\n\n\n\n<p><strong>Verwendung der Produkte<\/strong><\/p>\n\n\n\n<p>vapestornado erhebt keine Anspr\u00fcche bez\u00fcglich der Wirksamkeit unserer Produkte f\u00fcr irgendeinen spezifischen Zweck. Durch den Kauf unserer Produkte erkl\u00e4ren Sie sich damit einverstanden, diese auf eigenes Risiko zu verwenden. Nikotinprodukte sind nur f\u00fcr die Verwendung durch Erwachsene bestimmt. Bitte konsultieren Sie vor der Verwendung von Nikotinprodukten einen Arzt.<\/p>\n\n\n\n<p><strong>Schadloshaltung<\/strong><\/p>\n\n\n\n<p>Sie erkl\u00e4ren sich damit einverstanden, vapestornado und seine Dienstleister von allen Verlusten, Ausgaben, Verletzungen, Sch\u00e4den und Kosten freizustellen, die sich aus einer Verletzung dieser Bedingungen oder Aktivit\u00e4ten im Zusammenhang mit Ihrem Konto ergeben.<\/p>\n\n\n\n<p><strong>Links von Drittanbietern<\/strong><\/p>\n\n\n\n<p>vapestornado kann zur Bequemlichkeit der Besucher auf Websites Dritter verlinken. Wir haben keine Kontrolle \u00fcber diese Websites und sind nicht f\u00fcr deren Praktiken verantwortlich.<\/p>\n\n\n\n<p><strong>Produkt-Haftungsausschluss<\/strong><\/p>\n\n\n\n<p>Bestimmte Produkte k\u00f6nnen spezifische Haftungsausschl\u00fcsse bez\u00fcglich der Berechtigung zum Umtausch oder zur R\u00fcckerstattung haben. Bitte lesen Sie alle Produkthaftungsausschl\u00fcsse vor dem Kauf. Indem Sie unseren Allgemeinen Gesch\u00e4ftsbedingungen an der Kasse zustimmen, best\u00e4tigen Sie, dass Sie alle Produkthaftungsausschl\u00fcsse gelesen und verstanden haben.<\/p>\n\n\n\n<p>Vielen Dank, dass Sie sich f\u00fcr vapestornado entschieden haben!<\/p>","protected":false},"excerpt":{"rendered":"<p>Welcome to vapestornado! By accessing and using our website, you agree to comply with the following terms and conditions, along with applicable laws. If you do not agree with these terms, please do not use our site. By making a purchase on our website, you agree to the Terms &amp; Conditions below, as well as [&hellip;]<\/p>","protected":false},"author":1,"featured_media":0,"parent":0,"menu_order":0,"comment_status":"closed","ping_status":"closed","template":"","meta":{"_acf_changed":false,"_uag_custom_page_level_css":"","_lmt_disableupdate":"","_lmt_disable":"","_monsterinsights_skip_tracking":false,"_monsterinsights_sitenote_active":false,"_monsterinsights_sitenote_note":"","_monsterinsights_sitenote_category":0,"site-sidebar-layout":"default","site-content-layout":"","ast-site-content-layout":"default","site-content-style":"default","site-sidebar-style":"default","ast-global-header-display":"","ast-banner-title-visibility":"","ast-main-header-display":"","ast-hfb-above-header-display":"","ast-hfb-below-header-display":"","ast-hfb-mobile-header-display":"","site-post-title":"","ast-breadcrumbs-content":"","ast-featured-img":"","footer-sml-layout":"","ast-disable-related-posts":"","theme-transparent-header-meta":"","adv-header-id-meta":"","stick-header-meta":"","header-above-stick-meta":"","header-main-stick-meta":"","header-below-stick-meta":"","astra-migrate-meta-layouts":"set","ast-page-background-enabled":"default","ast-page-background-meta":{"desktop":{"background-color":"","background-image":"","background-repeat":"repeat","background-position":"center center","background-size":"auto","background-attachment":"scroll","background-type":"","background-media":"","overlay-type":"","overlay-color":"","overlay-opacity":"","overlay-gradient":""},"tablet":{"background-color":"","background-image":"","background-repeat":"repeat","background-position":"center center","background-size":"auto","background-attachment":"scroll","background-type":"","background-media":"","overlay-type":"","overlay-color":"","overlay-opacity":"","overlay-gradient":""},"mobile":{"background-color":"","background-image":"","background-repeat":"repeat","background-position":"center center","background-size":"auto","background-attachment":"scroll","background-type":"","background-media":"","overlay-type":"","overlay-color":"","overlay-opacity":"","overlay-gradient":""}},"ast-content-background-meta":{"desktop":{"background-color":"var(--ast-global-color-5)","background-image":"","background-repeat":"repeat","background-position":"center center","background-size":"auto","background-attachment":"scroll","background-type":"","background-media":"","overlay-type":"","overlay-color":"","overlay-opacity":"","overlay-gradient":""},"tablet":{"background-color":"var(--ast-global-color-5)","background-image":"","background-repeat":"repeat","background-position":"center center","background-size":"auto","background-attachment":"scroll","background-type":"","background-media":"","overlay-type":"","overlay-color":"","overlay-opacity":"","overlay-gradient":""},"mobile":{"background-color":"var(--ast-global-color-5)","background-image":"","background-repeat":"repeat","background-position":"center center","background-size":"auto","background-attachment":"scroll","background-type":"","background-media":"","overlay-type":"","overlay-color":"","overlay-opacity":"","overlay-gradient":""}},"_joinchat":[],"footnotes":""},"class_list":["post-2776","page","type-page","status-publish","hentry"],"acf":[],"uagb_featured_image_src":{"full":false,"thumbnail":false,"medium":false,"medium_large":false,"large":false,"1536x1536":false,"2048x2048":false,"trp-custom-language-flag":false,"woocommerce_thumbnail":false,"woocommerce_single":false,"woocommerce_gallery_thumbnail":false},"uagb_author_info":{"display_name":"yannazhan@gmail.com","author_link":"https:\/\/vapestornado.com\/de\/author\/yannazhangmail-com\/"},"uagb_comment_info":0,"uagb_excerpt":"Welcome to vapestornado! By accessing and using our website, you agree to comply with the following terms and conditions, along with applicable laws. If you do not agree with these terms, please do not use our site. By making a purchase on our website, you agree to the Terms &amp; Conditions below, as well as&hellip;","_links":{"self":[{"href":"https:\/\/vapestornado.com\/de\/wp-json\/wp\/v2\/pages\/2776","targetHints":{"allow":["GET"]}}],"collection":[{"href":"https:\/\/vapestornado.com\/de\/wp-json\/wp\/v2\/pages"}],"about":[{"href":"https:\/\/vapestornado.com\/de\/wp-json\/wp\/v2\/types\/page"}],"author":[{"embeddable":true,"href":"https:\/\/vapestornado.com\/de\/wp-json\/wp\/v2\/users\/1"}],"replies":[{"embeddable":true,"href":"https:\/\/vapestornado.com\/de\/wp-json\/wp\/v2\/comments?post=2776"}],"version-history":[{"count":1,"href":"https:\/\/vapestornado.com\/de\/wp-json\/wp\/v2\/pages\/2776\/revisions"}],"predecessor-version":[{"id":2777,"href":"https:\/\/vapestornado.com\/de\/wp-json\/wp\/v2\/pages\/2776\/revisions\/2777"}],"wp:attachment":[{"href":"https:\/\/vapestornado.com\/de\/wp-json\/wp\/v2\/media?parent=2776"}],"curies":[{"name":"wp","href":"https:\/\/api.w.org\/{rel}","templated":true}]}}