{"id":2772,"date":"2024-11-12T09:48:42","date_gmt":"2024-11-12T09:48:42","guid":{"rendered":"https:\/\/vapestornado.com\/?page_id=2772"},"modified":"2024-11-12T09:52:13","modified_gmt":"2024-11-12T09:52:13","slug":"vapestornado-shipping-policy","status":"publish","type":"page","link":"https:\/\/vapestornado.com\/de\/vapestornado-shipping-policy\/","title":{"rendered":"vapestornado Versandrichtlinien"},"content":{"rendered":"<ol class=\"wp-block-list\">\n<li><strong>Bearbeitungs- und Versandzeiten:<\/strong><br>Bestellungen werden innerhalb von 1-3 Werktagen bearbeitet und versandt. Die Lieferzeiten betragen in der Regel 7-15 Werktage. Bitte beachten Sie, dass wir an Wochenenden keine Lieferungen vornehmen.<\/li>\n\n\n\n<li><strong>Sendungsverfolgungsinformationen:<\/strong><br>Sobald Ihre Bestellung versandt wurde, erhalten Sie eine E-Mail mit Sendungsverfolgungsinformationen. Verfolgen Sie Ihre Sendung mit der angegebenen Sendungsverfolgungsnummer unter <a href=\"https:\/\/www.17track.net\/en\" target=\"_blank\" rel=\"noopener\">https:\/\/www.17track.net\/en<\/a>. Bitte warten Sie 1-2 Tage nach dem Versand, bis die Tracking-Updates angezeigt werden.<\/li>\n\n\n\n<li><strong>Bestellstornierung oder Adress\u00e4nderungen:<\/strong><br>Sie k\u00f6nnen die Lieferadresse jederzeit stornieren oder aktualisieren, bevor Ihre Bestellung versandt wird. Sobald sie jedoch versandt wurde, k\u00f6nnen wir keine R\u00fcckerstattungen oder Adress\u00e4nderungen mehr bearbeiten.<\/li>\n\n\n\n<li><strong>Verzollt geliefert (DDP) Versand:<\/strong><br>F\u00fcr ausgew\u00e4hlte L\u00e4nder bieten wir DDP-Versand an, was bedeutet, dass Sie sich nicht um die Zollabfertigung k\u00fcmmern oder Z\u00f6lle zahlen m\u00fcssen.<ul><li><strong>Deutschland<\/strong> \u2013 UPS Express<\/li><li><strong>UK<\/strong> \u2013 Lokaler DPD Express<\/li><li><strong>Europa<\/strong> \u2013 UPS Express\/DPD Express\/DHL Express<\/li><\/ul><strong>L\u00e4nder, die in Europa f\u00fcr DDP in Frage kommen<\/strong> sind: Deutschland, Belgien, Luxemburg, Niederlande, Tschechische Republik, Polen, Kroatien, Slowakei, Slowenien, Finnland, D\u00e4nemark, Schweden, \u00d6sterreich, Frankreich, Italien, Ungarn, Bulgarien, Litauen, Estland, Lettland, Griechenland, Irland, Portugal und Spanien.<\/li>\n\n\n\n<li><strong>Bitte beachten Sie:<\/strong> Bei Sendungen nach Finnland, Schweden, D\u00e4nemark, Norwegen, Island, in die Schweiz und nach Serbien besteht das Risiko einer nachtr\u00e4glichen Zollabfertigung. Wenn Waren bei der Inspektion vom lokalen Zoll beschlagnahmt werden, deckt die Zollabfertigungsversicherung den Verlust nicht.<\/li>\n<\/ol>\n\n\n\n<p>Vielen Dank, dass Sie sich f\u00fcr vapestornado f\u00fcr Ihre Vaping-Bed\u00fcrfnisse entschieden haben!<\/p>\n\n\n\n<hr class=\"wp-block-separator has-alpha-channel-opacity\"\/>\n\n\n\n<p><strong>Puff Versandzeiten f\u00fcr bestimmte L\u00e4nder<\/strong><\/p>\n\n\n\n<figure class=\"wp-block-table\"><table class=\"has-fixed-layout\"><thead><tr><th>Land<\/th><th>Versandart<\/th><th>Versandzeit<\/th><\/tr><\/thead><tbody><tr><td>Deutschland<\/td><td>Lokaler UPS Standard<\/td><td>10-15 Tage<\/td><\/tr><tr><td>UK<\/td><td>Lokaler DPD Express<\/td><td>7-12 Tage<\/td><\/tr><tr><td>Deutschland<\/td><td>UPS\/DPD\/DHL<\/td><td>8-13 Tage<\/td><\/tr><tr><td>Frankreich<\/td><td>UPS\/DPD\/DHL<\/td><td>8-13 Tage<\/td><\/tr><tr><td>Belgien<\/td><td>UPS\/DPD\/DHL<\/td><td>8-13 Tage<\/td><\/tr><tr><td>Luxemburg<\/td><td>UPS\/DPD\/DHL<\/td><td>8-13 Tage<\/td><\/tr><tr><td>Niederlande<\/td><td>UPS\/DPD\/DHL<\/td><td>8-13 Tage<\/td><\/tr><tr><td>Tschechische Republik<\/td><td>UPS\/DPD\/DHL<\/td><td>8-13 Tage<\/td><\/tr><tr><td>Polen<\/td><td>UPS\/DPD\/DHL<\/td><td>8-13 Tage<\/td><\/tr><tr><td>Kroatien<\/td><td>UPS\/DPD\/DHL<\/td><td>8-13 Tage<\/td><\/tr><tr><td>Slowakei<\/td><td>UPS\/DPD\/DHL<\/td><td>8-13 Tage<\/td><\/tr><tr><td>Slowenien<\/td><td>UPS\/DPD\/DHL<\/td><td>8-13 Tage<\/td><\/tr><tr><td>Finnland<\/td><td>UPS\/DPD\/DHL<\/td><td>8-13 Tage<\/td><\/tr><tr><td>D\u00e4nemark<\/td><td>UPS\/DPD\/DHL<\/td><td>8-13 Tage<\/td><\/tr><tr><td>Schweden<\/td><td>UPS\/DPD\/DHL<\/td><td>8-13 Tage<\/td><\/tr><tr><td>\u00d6sterreich<\/td><td>UPS\/DPD\/DHL<\/td><td>8-13 Tage<\/td><\/tr><tr><td>Italien<\/td><td>UPS\/DPD\/DHL<\/td><td>8-13 Tage<\/td><\/tr><tr><td>Ungarn<\/td><td>UPS\/DPD\/DHL<\/td><td>8-13 Tage<\/td><\/tr><tr><td>Litauen<\/td><td>UPS\/DPD\/DHL<\/td><td>8-13 Tage<\/td><\/tr><tr><td>Estland<\/td><td>UPS\/DPD\/DHL<\/td><td>8-13 Tage<\/td><\/tr><tr><td>Lettland<\/td><td>UPS\/DPD\/DHL<\/td><td>8-13 Tage<\/td><\/tr><tr><td>Griechenland<\/td><td>UPS\/DPD\/DHL<\/td><td>8-13 Tage<\/td><\/tr><tr><td>Irland<\/td><td>UPS\/DPD\/DHL<\/td><td>8-13 Tage<\/td><\/tr><tr><td>Deutschland<\/td><td>UPS\/DPD\/DHL<\/td><td>8-13 Tage<\/td><\/tr><tr><td>Spanien<\/td><td>UPS\/DPD\/DHL<\/td><td>8-13 Tage<\/td><\/tr><tr><td>VAE (Dubai)<\/td><td>Dubai-Direktleitung<\/td><td>12-18 Tage<\/td><\/tr><tr><td>S\u00fcdafrika<\/td><td>S\u00fcdafrika-Direktleitung<\/td><td>15-25 Tage<\/td><\/tr><tr><td>Vietnam<\/td><td>Vietnam-Direktleitung<\/td><td>3-5 Tage<\/td><\/tr><tr><td>West-Malaysia<\/td><td>Malaysia-spezifische Linie<\/td><td>4-8 Tage<\/td><\/tr><\/tbody><\/table><\/figure>\n\n\n\n<p><\/p>","protected":false},"excerpt":{"rendered":"<p>Vielen Dank, dass Sie sich f\u00fcr Vapestornado f\u00fcr Ihre Vaping-Bed\u00fcrfnisse entschieden haben! Puff Versandzeiten f\u00fcr bestimmte L\u00e4nder Land Versandart Versandzeit Deutschland Lokaler UPS-Bodenversand 10-15 Tage Gro\u00dfbritannien Lokaler DPD Express 7-12 Tage Deutschland UPS\/DPD\/DHL 8-13 Tage Frankreich UPS\/DPD\/DHL 8-13 Tage Belgien UPS\/DPD\/DHL 8-13 Tage Luxemburg UPS\/DPD\/DHL 8-13 Tage Niederlande UPS\/DPD\/DHL 8-13 Tage Tschechische Republik UPS\/DPD\/DHL [\u2026]<\/p>","protected":false},"author":1,"featured_media":0,"parent":0,"menu_order":0,"comment_status":"closed","ping_status":"closed","template":"","meta":{"_acf_changed":false,"_uag_custom_page_level_css":"","_lmt_disableupdate":"","_lmt_disable":"","_monsterinsights_skip_tracking":false,"_monsterinsights_sitenote_active":false,"_monsterinsights_sitenote_note":"","_monsterinsights_sitenote_category":0,"site-sidebar-layout":"default","site-content-layout":"","ast-site-content-layout":"default","site-content-style":"default","site-sidebar-style":"default","ast-global-header-display":"","ast-banner-title-visibility":"","ast-main-header-display":"","ast-hfb-above-header-display":"","ast-hfb-below-header-display":"","ast-hfb-mobile-header-display":"","site-post-title":"","ast-breadcrumbs-content":"","ast-featured-img":"","footer-sml-layout":"","ast-disable-related-posts":"","theme-transparent-header-meta":"","adv-header-id-meta":"","stick-header-meta":"","header-above-stick-meta":"","header-main-stick-meta":"","header-below-stick-meta":"","astra-migrate-meta-layouts":"set","ast-page-background-enabled":"default","ast-page-background-meta":{"desktop":{"background-color":"","background-image":"","background-repeat":"repeat","background-position":"center center","background-size":"auto","background-attachment":"scroll","background-type":"","background-media":"","overlay-type":"","overlay-color":"","overlay-opacity":"","overlay-gradient":""},"tablet":{"background-color":"","background-image":"","background-repeat":"repeat","background-position":"center center","background-size":"auto","background-attachment":"scroll","background-type":"","background-media":"","overlay-type":"","overlay-color":"","overlay-opacity":"","overlay-gradient":""},"mobile":{"background-color":"","background-image":"","background-repeat":"repeat","background-position":"center center","background-size":"auto","background-attachment":"scroll","background-type":"","background-media":"","overlay-type":"","overlay-color":"","overlay-opacity":"","overlay-gradient":""}},"ast-content-background-meta":{"desktop":{"background-color":"var(--ast-global-color-5)","background-image":"","background-repeat":"repeat","background-position":"center center","background-size":"auto","background-attachment":"scroll","background-type":"","background-media":"","overlay-type":"","overlay-color":"","overlay-opacity":"","overlay-gradient":""},"tablet":{"background-color":"var(--ast-global-color-5)","background-image":"","background-repeat":"repeat","background-position":"center center","background-size":"auto","background-attachment":"scroll","background-type":"","background-media":"","overlay-type":"","overlay-color":"","overlay-opacity":"","overlay-gradient":""},"mobile":{"background-color":"var(--ast-global-color-5)","background-image":"","background-repeat":"repeat","background-position":"center center","background-size":"auto","background-attachment":"scroll","background-type":"","background-media":"","overlay-type":"","overlay-color":"","overlay-opacity":"","overlay-gradient":""}},"_joinchat":[],"footnotes":""},"class_list":["post-2772","page","type-page","status-publish","hentry"],"acf":[],"uagb_featured_image_src":{"full":false,"thumbnail":false,"medium":false,"medium_large":false,"large":false,"1536x1536":false,"2048x2048":false,"trp-custom-language-flag":false,"woocommerce_thumbnail":false,"woocommerce_single":false,"woocommerce_gallery_thumbnail":false},"uagb_author_info":{"display_name":"yannazhan@gmail.com","author_link":"https:\/\/vapestornado.com\/de\/author\/yannazhangmail-com\/"},"uagb_comment_info":0,"uagb_excerpt":"Thank you for choosing vapestornado for your vaping needs! Puff Shipping Times for Specific Countries Country Shipping Method Shipping Time USA Local UPS Ground 10-15 Days UK Local DPD Express 7-12 Days Germany UPS\/DPD\/DHL 8-13 Days France UPS\/DPD\/DHL 8-13 Days Belgium UPS\/DPD\/DHL 8-13 Days Luxembourg UPS\/DPD\/DHL 8-13 Days Netherlands UPS\/DPD\/DHL 8-13 Days Czech Republic UPS\/DPD\/DHL&hellip;","_links":{"self":[{"href":"https:\/\/vapestornado.com\/de\/wp-json\/wp\/v2\/pages\/2772","targetHints":{"allow":["GET"]}}],"collection":[{"href":"https:\/\/vapestornado.com\/de\/wp-json\/wp\/v2\/pages"}],"about":[{"href":"https:\/\/vapestornado.com\/de\/wp-json\/wp\/v2\/types\/page"}],"author":[{"embeddable":true,"href":"https:\/\/vapestornado.com\/de\/wp-json\/wp\/v2\/users\/1"}],"replies":[{"embeddable":true,"href":"https:\/\/vapestornado.com\/de\/wp-json\/wp\/v2\/comments?post=2772"}],"version-history":[{"count":3,"href":"https:\/\/vapestornado.com\/de\/wp-json\/wp\/v2\/pages\/2772\/revisions"}],"predecessor-version":[{"id":2775,"href":"https:\/\/vapestornado.com\/de\/wp-json\/wp\/v2\/pages\/2772\/revisions\/2775"}],"wp:attachment":[{"href":"https:\/\/vapestornado.com\/de\/wp-json\/wp\/v2\/media?parent=2772"}],"curies":[{"name":"wp","href":"https:\/\/api.w.org\/{rel}","templated":true}]}}