{"id":4833,"date":"2026-01-23T08:34:14","date_gmt":"2026-01-23T08:34:14","guid":{"rendered":"https:\/\/vapestornado.com\/?post_type=product&#038;p=4833"},"modified":"2026-01-23T08:50:43","modified_gmt":"2026-01-23T08:50:43","slug":"waspe-crystal-180k-180000-puffs-disposable-vapes-pen-8-in-1-flavor-bulk-buy","status":"publish","type":"product","link":"https:\/\/vapestornado.com\/da\/product\/waspe-crystal-180k-180000-puffs-disposable-vapes-pen-8-in-1-flavor-bulk-buy\/","title":{"rendered":"WASPE Crystal 180k 180000 Puffs Engangs Vapes Pen 8 i 1 Smagsbred K\u00f8b i Bulk"},"content":{"rendered":"<h1 data-start=\"0\" data-end=\"87\">WASPE Crystal 180K Puf Engangs Vape Pen \u2013 8-i-1 Smagsvalg Engros K\u00f8b<\/h1>\n<p data-start=\"275\" data-end=\"612\">Den <strong data-start=\"279\" data-end=\"326\">WASPE Crystal 180K Puf Engangs Vape Pen<\/strong> er bygget til grossister, der \u00f8nsker maksimal hyldeimpact og langvarig oms\u00e6tning. Leverer op til <strong data-start=\"423\" data-end=\"440\">180.000 puf<\/strong>, denne enhed placerer sig solidt i kategorien ultra-h\u00f8j kapacitet, designet til tunge brugere og engrosk\u00f8bere, der v\u00e6rds\u00e6tter holdbarhed, konsistens og klare pr\u00e6stationsindikatorer.<\/p>\n<p data-start=\"614\" data-end=\"934\">Drevet af en <strong data-start=\"627\" data-end=\"657\">kvad 1.0\u03a9 mesh coil system<\/strong>, WASPE Crystal 180k opretholder stabil smagsudbytte gennem hele dets levetid. Den <strong data-start=\"745\" data-end=\"771\">68ml e-v\u00e6skekapacitet<\/strong> parret med en <strong data-start=\"786\" data-end=\"824\">650mAh Type-C genopladeligt batteri<\/strong> sikrer konstant dampproduktion uden tidlig nedgang, hvilket reducerer kundeklager og gentagne udskiftninger.<\/p>\n<p data-start=\"936\" data-end=\"1299\">Hvad der adskiller <strong data-start=\"950\" data-end=\"974\">WASPE Crystal 180000<\/strong> er dens <strong data-start=\"988\" data-end=\"1023\">8-i-1 justerbart smagsystem<\/strong>, der giver brugerne mulighed for at skifte smag i \u00e9n enhed. Kombineret med en <strong data-start=\"1089\" data-end=\"1109\">smarte LED-sk\u00e6rm<\/strong> der viser batteri- og olie niveauer, tilbyder denne vape med sk\u00e6rm gennemsigtighed, kontrol og en f\u00f8rsteklasses brugeroplevelse\u2014n\u00f8glen til gentagne salg i markedet for Engangs Vapes Engros K\u00f8b.<\/p>\n<p data-start=\"1301\" data-end=\"1593\">Tilg\u00e6ngelig i <strong data-start=\"1314\" data-end=\"1349\">0%, 2% og 5% nikotinmuligheder<\/strong>, <strong data-start=\"1355\" data-end=\"1394\">WASPE 180k Puff Engangs Vape Pen<\/strong> egner sig til flere EU-markeder og kundepreferencer. Dens solide konstruktion, store format og moderne krystalkstil-design g\u00f8r den til en st\u00e6rk performer for grossister, der s\u00f8ger volumenordrer og hurtig rotation.<\/p>\n<p data-start=\"1595\" data-end=\"1722\"><strong data-start=\"1598\" data-end=\"1722\">Engangsindk\u00f8bere og vapere: sikr dig dit lager af WASPE Crystal 180k nu og styrk din h\u00f8je puff-enkeltbruger kategori med tillid.<\/strong><\/p>\n<p><strong><span style=\"color: #ff0000;\">Tilf\u00f8j Amys whatsapp, f\u00e5 et hurtigt svar og en vape-kupon!<\/span><\/strong><\/p>\n<p><img fetchpriority=\"high\" decoding=\"async\" class=\"size-full wp-image-2932\" src=\"https:\/\/vapestornado.com\/wp-content\/uploads\/2024\/12\/Vape-Wholesale.jpg\" alt=\"Vape Engros\" width=\"229\" height=\"300\" \/><\/p>\n<h3><a href=\"https:\/\/wa.me\/8617776015835\" target=\"_blank\" rel=\"noopener\"><span style=\"color: #ff0000;\"><strong>WhatsApp: +86 17776015835<\/strong><\/span><\/a><\/h3>\n<p>&nbsp;<\/p>\n<h2><strong>WASPE Crystal 180k Puffs Produktfunktioner<\/strong><\/h2>\n<ul>\n<li data-start=\"1774\" data-end=\"1894\">\n<p data-start=\"1776\" data-end=\"1894\"><strong data-start=\"1776\" data-end=\"1801\">180.000 Puff Kapacitet<\/strong> \u2013 Designet til langvarig brug, minimerer udskiftninger og maksimerer kundetilfredshed.<\/p>\n<\/li>\n<li data-start=\"1895\" data-end=\"2012\">\n<p data-start=\"1897\" data-end=\"2012\"><strong data-start=\"1897\" data-end=\"1932\">8-i-1 Justerbart Smagsystem<\/strong> \u2013 Flere smagsvalg i \u00e9n enhed \u00f8ger engagement og gentagen brug.<\/p>\n<\/li>\n<li data-start=\"2013\" data-end=\"2111\">\n<p data-start=\"2015\" data-end=\"2111\"><strong data-start=\"2015\" data-end=\"2043\">Kvadratisk Mesh Coil (1.0\u03a9 \u00d74)<\/strong> \u2013 Sikrer j\u00e6vn opvarmning, t\u00e6t damp og ensartet smagsudbytte.<\/p>\n<\/li>\n<li data-start=\"2112\" data-end=\"2212\">\n<p data-start=\"2114\" data-end=\"2212\"><strong data-start=\"2114\" data-end=\"2140\">68ml E-Liquid Kapacitet<\/strong> \u2013 Underst\u00f8tter \u00e6gte langtidsholdbar ydeevne uden hyppige afbrydelser.<\/p>\n<\/li>\n<li data-start=\"2213\" data-end=\"2305\">\n<p data-start=\"2215\" data-end=\"2305\"><strong data-start=\"2215\" data-end=\"2235\">Smart LED-sk\u00e6rm<\/strong> \u2013 Viser batteri- og olie niveau tydeligt for bedre brugskontrol.<\/p>\n<\/li>\n<li data-start=\"2306\" data-end=\"2403\">\n<p data-start=\"2308\" data-end=\"2403\"><strong data-start=\"2308\" data-end=\"2346\">650mAh Type-C genopladeligt batteri<\/strong> \u2013 P\u00e5lidelig str\u00f8mforsyning med hurtig, universel opladning.<\/p>\n<\/li>\n<\/ul>\n<figure id=\"attachment_4827\" aria-describedby=\"caption-attachment-4827\" style=\"width: 300px\" class=\"wp-caption alignnone\"><img decoding=\"async\" class=\"size-medium wp-image-4827\" src=\"https:\/\/vapestornado.com\/wp-content\/uploads\/2026\/01\/WASPE-Crystal-180k-Puff-Disposable-Vape-Pen-300x300.webp\" alt=\"Waspe Crystal 180k Puff Engangs Vape Pen\" width=\"300\" height=\"300\" srcset=\"https:\/\/vapestornado.com\/wp-content\/uploads\/2026\/01\/WASPE-Crystal-180k-Puff-Disposable-Vape-Pen-300x300.webp 300w, https:\/\/vapestornado.com\/wp-content\/uploads\/2026\/01\/WASPE-Crystal-180k-Puff-Disposable-Vape-Pen-150x150.webp 150w, https:\/\/vapestornado.com\/wp-content\/uploads\/2026\/01\/WASPE-Crystal-180k-Puff-Disposable-Vape-Pen-768x768.webp 768w, https:\/\/vapestornado.com\/wp-content\/uploads\/2026\/01\/WASPE-Crystal-180k-Puff-Disposable-Vape-Pen-12x12.webp 12w, https:\/\/vapestornado.com\/wp-content\/uploads\/2026\/01\/WASPE-Crystal-180k-Puff-Disposable-Vape-Pen-600x600.webp 600w, https:\/\/vapestornado.com\/wp-content\/uploads\/2026\/01\/WASPE-Crystal-180k-Puff-Disposable-Vape-Pen-100x100.webp 100w, https:\/\/vapestornado.com\/wp-content\/uploads\/2026\/01\/WASPE-Crystal-180k-Puff-Disposable-Vape-Pen.webp 800w\" sizes=\"(max-width: 300px) 100vw, 300px\" \/><figcaption id=\"caption-attachment-4827\" class=\"wp-caption-text\">Waspe Crystal 180k Puff Engangs Vape Pen<\/figcaption><\/figure>\n<figure id=\"attachment_4830\" aria-describedby=\"caption-attachment-4830\" style=\"width: 300px\" class=\"wp-caption alignnone\"><img decoding=\"async\" class=\"size-medium wp-image-4830\" src=\"https:\/\/vapestornado.com\/wp-content\/uploads\/2026\/01\/WASPE-Crystal-180k-Puffs-Bulk-Buy-Price-300x300.webp\" alt=\"WASPE Crystal 180k Puffs Engrospris\" width=\"300\" height=\"300\" srcset=\"https:\/\/vapestornado.com\/wp-content\/uploads\/2026\/01\/WASPE-Crystal-180k-Puffs-Bulk-Buy-Price-300x300.webp 300w, https:\/\/vapestornado.com\/wp-content\/uploads\/2026\/01\/WASPE-Crystal-180k-Puffs-Bulk-Buy-Price-150x150.webp 150w, https:\/\/vapestornado.com\/wp-content\/uploads\/2026\/01\/WASPE-Crystal-180k-Puffs-Bulk-Buy-Price-768x768.webp 768w, https:\/\/vapestornado.com\/wp-content\/uploads\/2026\/01\/WASPE-Crystal-180k-Puffs-Bulk-Buy-Price-12x12.webp 12w, https:\/\/vapestornado.com\/wp-content\/uploads\/2026\/01\/WASPE-Crystal-180k-Puffs-Bulk-Buy-Price-600x600.webp 600w, https:\/\/vapestornado.com\/wp-content\/uploads\/2026\/01\/WASPE-Crystal-180k-Puffs-Bulk-Buy-Price-100x100.webp 100w, https:\/\/vapestornado.com\/wp-content\/uploads\/2026\/01\/WASPE-Crystal-180k-Puffs-Bulk-Buy-Price.webp 800w\" sizes=\"(max-width: 300px) 100vw, 300px\" \/><figcaption id=\"caption-attachment-4830\" class=\"wp-caption-text\">WASPE Crystal 180k Puffs Engrospris<\/figcaption><\/figure>\n<figure id=\"attachment_4826\" aria-describedby=\"caption-attachment-4826\" style=\"width: 300px\" class=\"wp-caption alignnone\"><img loading=\"lazy\" decoding=\"async\" class=\"size-medium wp-image-4826\" src=\"https:\/\/vapestornado.com\/wp-content\/uploads\/2026\/01\/Waspe-Crystal-180k-Puff-8-in-1-Flavor-Adjustable-Disposable-Vape-300x300.webp\" alt=\"Waspe Crystal 180k Puff 8-i-1 Smagsjusterbar Engangs Vape\" width=\"300\" height=\"300\" srcset=\"https:\/\/vapestornado.com\/wp-content\/uploads\/2026\/01\/Waspe-Crystal-180k-Puff-8-in-1-Flavor-Adjustable-Disposable-Vape-300x300.webp 300w, https:\/\/vapestornado.com\/wp-content\/uploads\/2026\/01\/Waspe-Crystal-180k-Puff-8-in-1-Flavor-Adjustable-Disposable-Vape-150x150.webp 150w, https:\/\/vapestornado.com\/wp-content\/uploads\/2026\/01\/Waspe-Crystal-180k-Puff-8-in-1-Flavor-Adjustable-Disposable-Vape-768x768.webp 768w, https:\/\/vapestornado.com\/wp-content\/uploads\/2026\/01\/Waspe-Crystal-180k-Puff-8-in-1-Flavor-Adjustable-Disposable-Vape-12x12.webp 12w, https:\/\/vapestornado.com\/wp-content\/uploads\/2026\/01\/Waspe-Crystal-180k-Puff-8-in-1-Flavor-Adjustable-Disposable-Vape-600x600.webp 600w, https:\/\/vapestornado.com\/wp-content\/uploads\/2026\/01\/Waspe-Crystal-180k-Puff-8-in-1-Flavor-Adjustable-Disposable-Vape-100x100.webp 100w, https:\/\/vapestornado.com\/wp-content\/uploads\/2026\/01\/Waspe-Crystal-180k-Puff-8-in-1-Flavor-Adjustable-Disposable-Vape.webp 843w\" sizes=\"(max-width: 300px) 100vw, 300px\" \/><figcaption id=\"caption-attachment-4826\" class=\"wp-caption-text\">Waspe Crystal 180k Puff 8-i-1 Smagsjusterbar Engangs Vape<\/figcaption><\/figure>\n<div><\/div>\n<h2 class=\"product-title\"><strong>WASPE Crystal 180k Puff Smagsliste<\/strong><\/h2>\n<p>1. Vandmelon Is &amp; Citron Lime &amp; Sur Mango Is &amp; Kiwi Melon Is<br \/>\n2. Bl\u00e5b\u00e6r Is &amp; Kirseb\u00e6r Cola &amp; Jordb\u00e6r Vanilje &amp; Citron Kirsche<br \/>\n3. Red Bull Ice &amp; Strawberry Ice &amp; Sour Fcuking Fab &amp; Cola Ice<br \/>\n4. Drue Ice &amp; Jordb\u00e6r Kiwi &amp; Vandmelon Ice &amp; Blue Rancher<br \/>\n5. Melon Passion Fruit &amp; Sur Mango Ananas &amp; Banan Toffee Candy &amp; Jordb\u00e6r B\u00e6r<br \/>\n6. Jordb\u00e6r Vandmelon &amp; Cool Mint &amp; Blue Razz Ice &amp; Solb\u00e6r Ice<br \/>\n7. Bromb\u00e6r Ice &amp; Dobbel \u00c6ble &amp; Sort Drage Ice &amp; Jordb\u00e6r Kiwi<br \/>\n8. Jordb\u00e6r Red Bull &amp; Kirseb\u00e6r Cola &amp; Kirseb\u00e6r Lemon &amp; Tropisk Frugt<br \/>\n9. Blandet B\u00e6r &amp; Citron Lime &amp; Bl\u00e5b\u00e6r Hindb\u00e6r &amp; Gr\u00f8n \u00c6ble<br \/>\n10. Jordb\u00e6r Hindb\u00e6r Kirseb\u00e6r &amp; Jordb\u00e6r Vandmelon &amp; Kiwi Vandmelon &amp; Lemon Lime<br \/>\n11. Jordb\u00e6r Banan &amp; Mango Peach &amp; Trefarvede B\u00e6r &amp; Jordb\u00e6r Ananas<br \/>\n12. Blue Razz Lemonade &amp; Kirseb\u00e6r Lemon &amp; Bl\u00e5b\u00e6r Ice &amp; Vandmelon Peach<\/p>\n<div class=\"flex-shrink-0 flex flex-col relative items-end\">\n<div class=\"pt-0\">\n<div class=\"gizmo-bot-avatar flex h-8 w-8 items-center justify-center overflow-hidden rounded-full\">\n<div class=\"relative p-1 rounded-sm flex items-center justify-center bg-token-main-surface-primary text-token-text-primary h-8 w-8\">\n<h2 data-start=\"1200\" data-end=\"1487\">Vapes Tornado \u2013 Din Engros Online Dampbutik for Popul\u00e6re Vapes<\/h2>\n<p data-start=\"72\" data-end=\"396\"><strong data-start=\"72\" data-end=\"89\">Vapes Tornado<\/strong> er en Europa-fokuseret engros online dampbutik, der leverer et omhyggeligt udvalgt sortiment af <strong data-start=\"178\" data-end=\"195\">popul\u00e6re vapes<\/strong> til professionelle k\u00f8bere. Vi arbejder med detailhandlere, distribut\u00f8rer og online butikker over hele EU, som har brug for stabil forsyning, klar produktinformation og m\u00e6rker, som kunderne allerede genkender og stoler p\u00e5.<\/p>\n<p data-start=\"398\" data-end=\"687\">Vi arbejder med betroede navne som <strong data-start=\"247\" data-end=\"352\"><a href=\"https:\/\/vapestornado.com\/da\/product\/randm-12000-puffs-fumot-digital-disposable-vape-wholesale-price\/\">Fumot VAPE<\/a>, <a href=\"https:\/\/vapestornado.com\/da\/product\/original-wga-ultra-35k-35000-puff-rechargeable-crystal-disposable-nicotine-vape-best-discount-price\/\">WGA VAPE<\/a>, <a href=\"https:\/\/vapestornado.com\/da\/product\/vozol-gear-shisha-25k-25000-puffs-best-dtl-disposable-vape-hookah-cheap-price\/\">VOZOL BAR VAPE<\/a>, <\/strong><strong data-start=\"247\" data-end=\"352\">Elf Bar Vape, WASPE Vape, <a href=\"https:\/\/vapestornado.com\/da\/product\/uzy-150k-puffs-6-in-1-flavor-switch-disposable-vape-pen-wholesale\/\">UZY Vape<\/a>, Bang Vape, Razz Bar Vape, og Stag Bar Vape<\/strong>, valgt for ensartet kvalitet og stor eftersp\u00f8rgsel p\u00e5 det europ\u00e6iske marked.<\/p>\n<h4 data-start=\"1080\" data-end=\"1120\">Designet til europ\u00e6iske vapere Engros<\/h4>\n<p data-start=\"1121\" data-end=\"1189\">Vapes Tornado er struktureret omkring de reelle behov hos EU-engrosforhandlere:<\/p>\n<ul data-start=\"1190\" data-end=\"1400\">\n<li data-start=\"1190\" data-end=\"1239\">\n<p data-start=\"1192\" data-end=\"1239\">Konkurrencedygtige engrospriser for bulkbestillinger<\/p>\n<\/li>\n<li data-start=\"1240\" data-end=\"1289\">\n<p data-start=\"1242\" data-end=\"1289\">Klare produktbeskrivelser og specifikationer<\/p>\n<\/li>\n<li data-start=\"1290\" data-end=\"1330\">\n<p data-start=\"1292\" data-end=\"1330\">Hurtig, p\u00e5lidelig EU-orienteret logistik<\/p>\n<\/li>\n<li data-start=\"1331\" data-end=\"1400\">\n<p data-start=\"1333\" data-end=\"1400\">En katalog fokuseret p\u00e5 <strong data-start=\"1356\" data-end=\"1373\">popul\u00e6re vapes<\/strong>, ikke overm\u00e6ttede SKU'er<\/p>\n<\/li>\n<\/ul>\n<h2 data-start=\"2064\" data-end=\"2115\">FAQs om WASPE Crystal 180k Puffs Engangs Vape<\/h2>\n<p data-start=\"3376\" data-end=\"3516\"><strong data-start=\"3376\" data-end=\"3425\">1. Hvor lang tid varer WASPE Crystal 180k?<\/strong><br data-start=\"3425\" data-end=\"3428\" \/>Brug afh\u00e6nger af vaner, men den er konstrueret til langvarig brug med op til 180.000 puffs.<\/p>\n<p data-start=\"3518\" data-end=\"3650\"><strong data-start=\"3518\" data-end=\"3557\">2. Kan brugere nemt skifte smag?<\/strong><br data-start=\"3557\" data-end=\"3560\" \/>Ja, det 8-i-1 justerbare smagsystem tillader enkel smagsudskiftning inden for \u00e9n enhed.<\/p>\n<p data-start=\"3652\" data-end=\"3763\"><strong data-start=\"3652\" data-end=\"3700\">3. Er WASPE Crystal 180000 genopladelig?<\/strong><br data-start=\"3700\" data-end=\"3703\" \/>Ja, den har et 650mAh batteri med Type-C hurtigopladning.<\/p>\n<p data-start=\"3765\" data-end=\"3898\"><strong data-start=\"3765\" data-end=\"3821\">4. Viser enheden batteri- og e-v\u00e6skestatus?<\/strong><br data-start=\"3821\" data-end=\"3824\" \/>Ja, den indbyggede LED-sk\u00e6rm viser tydeligt b\u00e5de olie- og batteriniveauer.<\/p>\n<p data-start=\"3900\" data-end=\"4056\"><strong data-start=\"3900\" data-end=\"3954\">5. Er dette egnet til engros- og bulkbestillinger?<\/strong><br data-start=\"3954\" data-end=\"3957\" \/>Absolut, det er designet specielt til engangs vapes i bulk og h\u00f8jvolumen distribution.<\/p>\n<\/div>\n<\/div>\n<\/div>\n<\/div>","protected":false},"excerpt":{"rendered":"<div class=\"flex max-w-full flex-col grow\">\n<div class=\"min-h-8 text-message relative flex w-full flex-col items-end gap-2 text-start break-words whitespace-normal [.text-message+&amp;]:mt-1\" dir=\"auto\" data-message-author-role=\"assistant\" data-message-id=\"2a9d6edf-5b3a-41c0-afc9-caef2e4c2c3b\" data-message-model-slug=\"gpt-5-2\">\n<div class=\"flex w-full flex-col gap-1 empty:hidden first:pt-[1px]\">\n<div class=\"markdown prose dark:prose-invert w-full break-words light markdown-new-styling\">\n<ul>\n<li data-start=\"4315\" data-end=\"4401\">\n<p data-start=\"4318\" data-end=\"4401\"><strong data-start=\"4318\" data-end=\"4399\">WASPE Crystal 180K Puf Engangs Vape \u2013 8-i-1 Smagskraft til Engrosk\u00f8bere<\/strong><\/p>\n<\/li>\n<li data-start=\"4402\" data-end=\"4487\">\n<p data-start=\"4405\" data-end=\"4487\"><strong data-start=\"4405\" data-end=\"4485\">WASPE Crystal 180000 Puf Vape med Sk\u00e6rm | H\u00f8jkapacitets Engrosvalg<\/strong><\/p>\n<\/li>\n<li data-start=\"4488\" data-end=\"4567\">\n<p data-start=\"4491\" data-end=\"4567\"><strong data-start=\"4491\" data-end=\"4567\">WASPE 180k Puf Engangs Vape Pen \u2013 Bygget til Volumen, Designet til Salg<\/strong><\/p>\n<\/li>\n<\/ul>\n<\/div>\n<\/div>\n<\/div>\n<\/div>\n<p><strong>Tilf\u00f8j Amys whatsapp for at f\u00e5 korrekt svar og rabatpris!<\/strong><\/p>\n<p><img fetchpriority=\"high\" decoding=\"async\" class=\"size-full wp-image-2932\" src=\"https:\/\/vapestornado.com\/wp-content\/uploads\/2024\/12\/Vape-Wholesale.jpg\" alt=\"Vape Engros\" width=\"229\" height=\"300\" \/><\/p>\n<h3><a href=\"https:\/\/wa.me\/8617776015835\"><span style=\"color: #ff0000;\"><strong>WhatsApp: +86 17776015835<\/strong><\/span><\/a><\/h3>","protected":false},"featured_media":4832,"comment_status":"open","ping_status":"closed","template":"","meta":{"_acf_changed":false,"_uag_custom_page_level_css":"","_lmt_disableupdate":"no","_lmt_disable":"","_monsterinsights_skip_tracking":false,"_monsterinsights_sitenote_active":false,"_monsterinsights_sitenote_note":"","_monsterinsights_sitenote_category":0,"site-sidebar-layout":"default","site-content-layout":"","ast-site-content-layout":"default","site-content-style":"default","site-sidebar-style":"default","ast-global-header-display":"","ast-banner-title-visibility":"","ast-main-header-display":"","ast-hfb-above-header-display":"","ast-hfb-below-header-display":"","ast-hfb-mobile-header-display":"","site-post-title":"","ast-breadcrumbs-content":"","ast-featured-img":"","footer-sml-layout":"","ast-disable-related-posts":"","theme-transparent-header-meta":"default","adv-header-id-meta":"","stick-header-meta":"","header-above-stick-meta":"","header-main-stick-meta":"","header-below-stick-meta":"","astra-migrate-meta-layouts":"set","ast-page-background-enabled":"default","ast-page-background-meta":{"desktop":{"background-color":"","background-image":"","background-repeat":"repeat","background-position":"center center","background-size":"auto","background-attachment":"scroll","background-type":"","background-media":"","overlay-type":"","overlay-color":"","overlay-opacity":"","overlay-gradient":""},"tablet":{"background-color":"","background-image":"","background-repeat":"repeat","background-position":"center center","background-size":"auto","background-attachment":"scroll","background-type":"","background-media":"","overlay-type":"","overlay-color":"","overlay-opacity":"","overlay-gradient":""},"mobile":{"background-color":"","background-image":"","background-repeat":"repeat","background-position":"center center","background-size":"auto","background-attachment":"scroll","background-type":"","background-media":"","overlay-type":"","overlay-color":"","overlay-opacity":"","overlay-gradient":""}},"ast-content-background-meta":{"desktop":{"background-color":"var(--ast-global-color-5)","background-image":"","background-repeat":"repeat","background-position":"center center","background-size":"auto","background-attachment":"scroll","background-type":"","background-media":"","overlay-type":"","overlay-color":"","overlay-opacity":"","overlay-gradient":""},"tablet":{"background-color":"var(--ast-global-color-5)","background-image":"","background-repeat":"repeat","background-position":"center center","background-size":"auto","background-attachment":"scroll","background-type":"","background-media":"","overlay-type":"","overlay-color":"","overlay-opacity":"","overlay-gradient":""},"mobile":{"background-color":"var(--ast-global-color-5)","background-image":"","background-repeat":"repeat","background-position":"center center","background-size":"auto","background-attachment":"scroll","background-type":"","background-media":"","overlay-type":"","overlay-color":"","overlay-opacity":"","overlay-gradient":""}},"_joinchat":[]},"product_brand":[],"product_cat":[150,152,153,158,141,142,492,144,146,60],"product_tag":[561,560,269,559,558,557],"class_list":{"0":"post-4833","1":"product","2":"type-product","3":"status-publish","4":"has-post-thumbnail","6":"product_cat-buy-disposable-vapes-in-belgium","7":"product_cat-buy-disposable-vapes-in-cermany","8":"product_cat-buy-disposable-vapes-in-italy","9":"product_cat-buy-disposable-vapes-in-spain","10":"product_cat-crystal-disposable-vapes","11":"product_cat-digital-box-disposable-vapes","12":"product_cat-eu-warehouse","13":"product_cat-low-nicotine-disposable-vapes","14":"product_cat-rechargeable-disposable-vapes","15":"product_cat-waspe-fihp-vape","16":"product_tag-disposable-vapes-bulk-buy","17":"product_tag-disposable-vapes-pen","18":"product_tag-vape-with-screen","19":"product_tag-waspe-180k-puff","20":"product_tag-waspe-crystal-180000","21":"product_tag-waspe-crystal-180k","22":"desktop-align-left","23":"tablet-align-left","24":"mobile-align-left","26":"first","27":"instock","28":"sale","29":"shipping-taxable","30":"purchasable","31":"product-type-simple"},"acf":[],"uagb_featured_image_src":{"full":["https:\/\/vapestornado.com\/wp-content\/uploads\/2026\/01\/WASPE-Crystal-180000-Puffs-Multi-Flavor-Disposable-Vapes.webp",800,800,false],"thumbnail":["https:\/\/vapestornado.com\/wp-content\/uploads\/2026\/01\/WASPE-Crystal-180000-Puffs-Multi-Flavor-Disposable-Vapes-150x150.webp",150,150,true],"medium":["https:\/\/vapestornado.com\/wp-content\/uploads\/2026\/01\/WASPE-Crystal-180000-Puffs-Multi-Flavor-Disposable-Vapes-300x300.webp",300,300,true],"medium_large":["https:\/\/vapestornado.com\/wp-content\/uploads\/2026\/01\/WASPE-Crystal-180000-Puffs-Multi-Flavor-Disposable-Vapes-768x768.webp",768,768,true],"large":["https:\/\/vapestornado.com\/wp-content\/uploads\/2026\/01\/WASPE-Crystal-180000-Puffs-Multi-Flavor-Disposable-Vapes.webp",800,800,false],"1536x1536":["https:\/\/vapestornado.com\/wp-content\/uploads\/2026\/01\/WASPE-Crystal-180000-Puffs-Multi-Flavor-Disposable-Vapes.webp",800,800,false],"2048x2048":["https:\/\/vapestornado.com\/wp-content\/uploads\/2026\/01\/WASPE-Crystal-180000-Puffs-Multi-Flavor-Disposable-Vapes.webp",800,800,false],"trp-custom-language-flag":["https:\/\/vapestornado.com\/wp-content\/uploads\/2026\/01\/WASPE-Crystal-180000-Puffs-Multi-Flavor-Disposable-Vapes-12x12.webp",12,12,true],"woocommerce_thumbnail":["https:\/\/vapestornado.com\/wp-content\/uploads\/2026\/01\/WASPE-Crystal-180000-Puffs-Multi-Flavor-Disposable-Vapes-300x300.webp",300,300,true],"woocommerce_single":["https:\/\/vapestornado.com\/wp-content\/uploads\/2026\/01\/WASPE-Crystal-180000-Puffs-Multi-Flavor-Disposable-Vapes-600x600.webp",600,600,true],"woocommerce_gallery_thumbnail":["https:\/\/vapestornado.com\/wp-content\/uploads\/2026\/01\/WASPE-Crystal-180000-Puffs-Multi-Flavor-Disposable-Vapes-100x100.webp",100,100,true]},"uagb_author_info":{"display_name":"ESAMY","author_link":"https:\/\/vapestornado.com\/da\/author\/"},"uagb_comment_info":0,"uagb_excerpt":"WASPE Crystal 180K Puff Disposable Vape \u2013 8-in-1 Flavor Power for Bulk Buyers WASPE Crystal 180000 Puffs Vape with Screen | High-Capacity Wholesale Choice WASPE 180k Puff Disposable Vape Pen \u2013 Built for Volume, Designed to Sell Add Amy's whatsapp to get right reply and discount price! WhatsApp: +86 17776015835","_links":{"self":[{"href":"https:\/\/vapestornado.com\/da\/wp-json\/wp\/v2\/product\/4833","targetHints":{"allow":["GET"]}}],"collection":[{"href":"https:\/\/vapestornado.com\/da\/wp-json\/wp\/v2\/product"}],"about":[{"href":"https:\/\/vapestornado.com\/da\/wp-json\/wp\/v2\/types\/product"}],"replies":[{"embeddable":true,"href":"https:\/\/vapestornado.com\/da\/wp-json\/wp\/v2\/comments?post=4833"}],"wp:featuredmedia":[{"embeddable":true,"href":"https:\/\/vapestornado.com\/da\/wp-json\/wp\/v2\/media\/4832"}],"wp:attachment":[{"href":"https:\/\/vapestornado.com\/da\/wp-json\/wp\/v2\/media?parent=4833"}],"wp:term":[{"taxonomy":"product_brand","embeddable":true,"href":"https:\/\/vapestornado.com\/da\/wp-json\/wp\/v2\/product_brand?post=4833"},{"taxonomy":"product_cat","embeddable":true,"href":"https:\/\/vapestornado.com\/da\/wp-json\/wp\/v2\/product_cat?post=4833"},{"taxonomy":"product_tag","embeddable":true,"href":"https:\/\/vapestornado.com\/da\/wp-json\/wp\/v2\/product_tag?post=4833"}],"curies":[{"name":"wp","href":"https:\/\/api.w.org\/{rel}","templated":true}]}}