{"id":4822,"date":"2026-01-22T08:52:40","date_gmt":"2026-01-22T08:52:40","guid":{"rendered":"https:\/\/vapestornado.com\/?post_type=product&#038;p=4822"},"modified":"2026-01-22T09:13:50","modified_gmt":"2026-01-22T09:13:50","slug":"vozol-neon-45000-puffs-45k-adjustable-ice-level-disposable-vape-pod","status":"publish","type":"product","link":"https:\/\/vapestornado.com\/da\/product\/vozol-neon-45000-puffs-45k-adjustable-ice-level-disposable-vape-pod\/","title":{"rendered":"Vozol Neon 45000 Puffs 45k Justerbar Is Niveau Engangs Vape Pod"},"content":{"rendered":"<h1 data-start=\"0\" data-end=\"87\">Vozol Neon 45000 Puffs Justerbar Is Engangs Vape Pod<\/h1>\n<p data-start=\"63\" data-end=\"414\">Den <strong data-start=\"67\" data-end=\"93\">Vozol Neon 45000 Puffs<\/strong> er designet til brugere, der \u00f8nsker lang batterilevetid, klar kontrol og stabil smag fra f\u00f8rste til sidste tr\u00e6k. Designet som en <strong data-start=\"217\" data-end=\"249\">h\u00f8j kvalitet engangs vape<\/strong>, det leverer op til <strong data-start=\"269\" data-end=\"285\">45.000 puffs<\/strong> med et genopladeligt system, hvilket g\u00f8r den til en p\u00e5lidelig mulighed for tunge brugere og engrosk\u00f8bere, der fokuserer p\u00e5 v\u00e6rdi og ydeevne.<\/p>\n<p data-start=\"416\" data-end=\"786\">Drevet af en <strong data-start=\"429\" data-end=\"468\">1000mAh Type-C genopladeligt batteri<\/strong>, <strong data-start=\"474\" data-end=\"492\">Vozol Neon 45K<\/strong> sikrer, at e-v\u00e6sken er fuldt brugt, ikke spildt. Den indbyggede <strong data-start=\"554\" data-end=\"574\">vape med sk\u00e6rm<\/strong> viser batteri- og e-v\u00e6skeniveauer i realtid, hvilket hj\u00e6lper brugere med at styre brugen uden g\u00e6tteri. Kombineret med Vozol\u2019s mesh-coil og S.i.L.C smagsteknologi, forbliver hver puff ensartet, glidende og fyldig.<\/p>\n<p data-start=\"788\" data-end=\"1345\">Som en <strong data-start=\"794\" data-end=\"828\">Justerbar Is Engangs Vape<\/strong>, giver Vozol Neon 45000 brugere mulighed for at finjustere k\u00f8legraden for at matche forskellige smagsprofiler og personlige pr\u00e6ferencer. Med 20 ml forudfyldt e-v\u00e6ske, 2% nikotinstyrke og en moderne pod-stil krop, balancerer denne <strong data-start=\"1037\" data-end=\"1060\">Engangs Vape Pod<\/strong> st\u00e6rk ydeevne med daglig komfort. For distribut\u00f8rer og detailhandlere er Vozol vape-produkter kendt for stabil kvalitet, st\u00e6rk brandgenkendelse og gentaget eftersp\u00f8rgsel.<br data-start=\"1235\" data-end=\"1238\" \/><strong data-start=\"1238\" data-end=\"1251\">Bestil nu<\/strong> og sikre dig en langvarig, sk\u00e6rmbekl\u00e6dt engangs, der opfylder nutidens markedsforventninger.<\/p>\n<p><strong><span style=\"color: #ff0000;\">Tilf\u00f8j Amys whatsapp, f\u00e5 et hurtigt svar og en vape-kupon!<\/span><\/strong><\/p>\n<p><img fetchpriority=\"high\" decoding=\"async\" class=\"size-full wp-image-2932\" src=\"https:\/\/vapestornado.com\/wp-content\/uploads\/2024\/12\/Vape-Wholesale.jpg\" alt=\"Vape Engros\" width=\"229\" height=\"300\" \/><\/p>\n<h3><a href=\"https:\/\/wa.me\/8617776015835\" target=\"_blank\" rel=\"noopener\"><span style=\"color: #ff0000;\"><strong>WhatsApp: +86 17776015835<\/strong><\/span><\/a><\/h3>\n<p>&nbsp;<\/p>\n<h2><strong>Vozol Neon 45000 Puffs Produktfunktioner<\/strong><\/h2>\n<ul data-start=\"1939\" data-end=\"2435\">\n<li data-start=\"1939\" data-end=\"2042\">\n<p data-start=\"1941\" data-end=\"2042\"><strong data-start=\"1941\" data-end=\"1966\">45.000 Puff Kapacitet:<\/strong> Designet til langvarig brug, hvilket reducerer omkostningerne til udskiftning for hyppige vapere.<\/p>\n<\/li>\n<li data-start=\"2043\" data-end=\"2145\">\n<p data-start=\"2045\" data-end=\"2145\"><strong data-start=\"2045\" data-end=\"2078\">Genopladeligt 1000mAh Batteri:<\/strong> Type-C hurtigopladning sikrer fuld udnyttelse af alt forudfyldt e-juice.<\/p>\n<\/li>\n<li data-start=\"2146\" data-end=\"2238\">\n<p data-start=\"2148\" data-end=\"2238\"><strong data-start=\"2148\" data-end=\"2173\">Smart Sk\u00e6rmdisplay:<\/strong> Viser batteri- og olie niveau tydeligt for bedre brugskontrol.<\/p>\n<\/li>\n<li data-start=\"2239\" data-end=\"2337\">\n<p data-start=\"2241\" data-end=\"2337\"><strong data-start=\"2241\" data-end=\"2266\">Justerbart Is Niveau:<\/strong> G\u00f8r det muligt for brugere at tilpasse k\u00f8leeffekten uden at skifte enhed.<\/p>\n<\/li>\n<li data-start=\"2338\" data-end=\"2435\">\n<p data-start=\"2340\" data-end=\"2435\"><strong data-start=\"2340\" data-end=\"2365\">Mesh Coil Teknologi:<\/strong> Leverer j\u00e6vn opvarmning, glat damp og ensartet smagsudbytte.<\/p>\n<\/li>\n<\/ul>\n<figure id=\"attachment_4816\" aria-describedby=\"caption-attachment-4816\" style=\"width: 284px\" class=\"wp-caption alignnone\"><img decoding=\"async\" class=\"size-medium wp-image-4816\" src=\"https:\/\/vapestornado.com\/wp-content\/uploads\/2026\/01\/Vozol-45K-45000-Puff-Disposable-Vape-Pod-Wholesale-1-284x300.webp\" alt=\"Vozol 45K 45000 Puff Engangs Vape Pod Engros\" width=\"284\" height=\"300\" srcset=\"https:\/\/vapestornado.com\/wp-content\/uploads\/2026\/01\/Vozol-45K-45000-Puff-Disposable-Vape-Pod-Wholesale-1-284x300.webp 284w, https:\/\/vapestornado.com\/wp-content\/uploads\/2026\/01\/Vozol-45K-45000-Puff-Disposable-Vape-Pod-Wholesale-1-971x1024.webp 971w, https:\/\/vapestornado.com\/wp-content\/uploads\/2026\/01\/Vozol-45K-45000-Puff-Disposable-Vape-Pod-Wholesale-1-768x810.webp 768w, https:\/\/vapestornado.com\/wp-content\/uploads\/2026\/01\/Vozol-45K-45000-Puff-Disposable-Vape-Pod-Wholesale-1-1456x1536.webp 1456w, https:\/\/vapestornado.com\/wp-content\/uploads\/2026\/01\/Vozol-45K-45000-Puff-Disposable-Vape-Pod-Wholesale-1-11x12.webp 11w, https:\/\/vapestornado.com\/wp-content\/uploads\/2026\/01\/Vozol-45K-45000-Puff-Disposable-Vape-Pod-Wholesale-1-600x633.webp 600w, https:\/\/vapestornado.com\/wp-content\/uploads\/2026\/01\/Vozol-45K-45000-Puff-Disposable-Vape-Pod-Wholesale-1.webp 1500w\" sizes=\"(max-width: 284px) 100vw, 284px\" \/><figcaption id=\"caption-attachment-4816\" class=\"wp-caption-text\">Vozol 45K 45000 Puff Engangs Vape Pod Engros<\/figcaption><\/figure>\n<div><\/div>\n<h2 class=\"product-title\"><strong>Vozol Neon 45000 Puff Smagsliste<\/strong><\/h2>\n<p>1.B\u00e6r Kirseb\u00e6r Lime<br \/>\n2.b\u00e6r mynte<br \/>\n3.Bl\u00e5 Hindb\u00e6r Is<br \/>\n4.Bl\u00e5b\u00e6r Vandmelon<br \/>\n5.Kirseb\u00e6r Cola<br \/>\n6.kirseb\u00e6r strazz<br \/>\n7.Transb\u00e6r Is8.<br \/>\n8.Dragefrugt Banan Kirseb\u00e6r<br \/>\n9.Frossen Jordb\u00e6r<br \/>\n10. Drue Is<br \/>\n11.Hawaiisk Ananas Paradis<br \/>\n12.Love 777<br \/>\n13.Lychee Appelsin Passionfrugt<br \/>\n14.jomfru<br \/>\n15.Mango Is<br \/>\n16. Miami Mint<br \/>\n17. Blandet B\u00e6r<br \/>\n18. Peach Ice<br \/>\n19. Sur \u00c6ble Ice<br \/>\n20. Sur Mango Ananas<br \/>\n21. Jordb\u00e6r Banan<br \/>\n22. jordb\u00e6r margarita<br \/>\n23. vzbull<br \/>\n24. Vandmelon Ice<br \/>\n25. Vandmelon Razz Rancher<br \/>\n26. Vandmelon Sur Peach<\/p>\n<div class=\"flex-shrink-0 flex flex-col relative items-end\">\n<div class=\"pt-0\">\n<div class=\"gizmo-bot-avatar flex h-8 w-8 items-center justify-center overflow-hidden rounded-full\">\n<div class=\"relative p-1 rounded-sm flex items-center justify-center bg-token-main-surface-primary text-token-text-primary h-8 w-8\">\n<h2 data-start=\"1200\" data-end=\"1487\">Vapes Tornado \u2013 Din Engros Online Dampbutik for Popul\u00e6re Vapes<\/h2>\n<p data-start=\"72\" data-end=\"396\"><strong data-start=\"72\" data-end=\"89\">Vapes Tornado<\/strong> er en Europa-fokuseret engros online dampbutik, der leverer et omhyggeligt udvalgt sortiment af <strong data-start=\"178\" data-end=\"195\">popul\u00e6re vapes<\/strong> til professionelle k\u00f8bere. Vi arbejder med detailhandlere, distribut\u00f8rer og online butikker over hele EU, som har brug for stabil forsyning, klar produktinformation og m\u00e6rker, som kunderne allerede genkender og stoler p\u00e5.<\/p>\n<p data-start=\"398\" data-end=\"687\">Vi arbejder med betroede navne som <strong data-start=\"247\" data-end=\"352\">Elf Bar Vape, WASPE Vape, <a href=\"https:\/\/vapestornado.com\/da\/product\/uzy-150k-puffs-6-in-1-flavor-switch-disposable-vape-pen-wholesale\/\">UZY Vape<\/a>, Bang Vape, Razz Bar Vape, <a href=\"https:\/\/vapestornado.com\/da\/product\/randm-12000-puffs-fumot-digital-disposable-vape-wholesale-price\/\">Fumot VAPE<\/a>, <a href=\"https:\/\/vapestornado.com\/da\/product\/original-wga-ultra-35k-35000-puff-rechargeable-crystal-disposable-nicotine-vape-best-discount-price\/\">WGA VAPE<\/a>, <a href=\"https:\/\/vapestornado.com\/da\/product\/vozol-gear-shisha-25k-25000-puffs-best-dtl-disposable-vape-hookah-cheap-price\/\">VOZOL BAR VAPE<\/a>,\u00a0og Stag Bar Vape<\/strong>, valgt for ensartet kvalitet og stor eftersp\u00f8rgsel p\u00e5 det europ\u00e6iske marked.<\/p>\n<h4 data-start=\"1080\" data-end=\"1120\">Designet til europ\u00e6iske engrosk\u00f8bere<\/h4>\n<p data-start=\"1121\" data-end=\"1189\">Vapes Tornado er struktureret omkring de reelle behov hos EU-engrosforhandlere:<\/p>\n<ul data-start=\"1190\" data-end=\"1400\">\n<li data-start=\"1190\" data-end=\"1239\">\n<p data-start=\"1192\" data-end=\"1239\">Konkurrencedygtige engrospriser for bulkbestillinger<\/p>\n<\/li>\n<li data-start=\"1240\" data-end=\"1289\">\n<p data-start=\"1242\" data-end=\"1289\">Klare produktbeskrivelser og specifikationer<\/p>\n<\/li>\n<li data-start=\"1290\" data-end=\"1330\">\n<p data-start=\"1292\" data-end=\"1330\">Hurtig, p\u00e5lidelig EU-orienteret logistik<\/p>\n<\/li>\n<li data-start=\"1331\" data-end=\"1400\">\n<p data-start=\"1333\" data-end=\"1400\">En katalog fokuseret p\u00e5 <strong data-start=\"1356\" data-end=\"1373\">popul\u00e6re vapes<\/strong>, ikke overm\u00e6ttede SKU'er<\/p>\n<\/li>\n<\/ul>\n<h2 data-start=\"2064\" data-end=\"2115\">FAQs om Vozol Neon 45000 Puffs Engangs Vape<\/h2>\n<p data-start=\"2720\" data-end=\"2871\"><strong data-start=\"2720\" data-end=\"2767\">Er denne Neon 45000 et \u00e6gte Vozol produkt?<\/strong><br data-start=\"2767\" data-end=\"2770\" \/>Ja, Vozol Neon 45000 Puffs er en autentisk Vozol vape med officiel branding og specifikationer.<\/p>\n<p data-start=\"2873\" data-end=\"3008\"><strong data-start=\"2873\" data-end=\"2915\">Hvor lang tid varer Vozol Neon 45K?<\/strong><br data-start=\"2915\" data-end=\"2918\" \/>Brugen afh\u00e6nger af vaner, men kapaciteten p\u00e5 45.000 puffs er designet til langvarig daglig brug.<\/p>\n<p data-start=\"3010\" data-end=\"3133\"><strong data-start=\"3010\" data-end=\"3048\">Kan jeg genoplade Vozol Neon 45000?<\/strong><br data-start=\"3048\" data-end=\"3051\" \/>Ja, den har et genopladeligt Type-C-batteri for fuldt ud at forbruge 20 ml e-v\u00e6ske.<\/p>\n<p data-start=\"3135\" data-end=\"3256\"><strong data-start=\"3135\" data-end=\"3174\">Hvilken nikotinstyrke bruger den?<\/strong><br data-start=\"3174\" data-end=\"3177\" \/>Denne model har 2% (20 mg\/ml) nikotinstyrke for afbalanceret tilfredshed.<\/p>\n<p data-start=\"3258\" data-end=\"3368\"><strong data-start=\"3258\" data-end=\"3298\">Hvordan ved jeg, hvorn\u00e5r den er ved at l\u00f8be t\u00f8r?<\/strong><br data-start=\"3298\" data-end=\"3301\" \/>Den indbyggede sk\u00e6rm viser realtidsniveauer for batteri og e-juice.<\/p>\n<\/div>\n<\/div>\n<\/div>\n<\/div>","protected":false},"excerpt":{"rendered":"<div class=\"flex max-w-full flex-col grow\">\n<div class=\"min-h-8 text-message relative flex w-full flex-col items-end gap-2 text-start break-words whitespace-normal [.text-message+&amp;]:mt-1\" dir=\"auto\" data-message-author-role=\"assistant\" data-message-id=\"2a9d6edf-5b3a-41c0-afc9-caef2e4c2c3b\" data-message-model-slug=\"gpt-5-2\">\n<div class=\"flex w-full flex-col gap-1 empty:hidden first:pt-[1px]\">\n<div class=\"markdown prose dark:prose-invert w-full break-words light markdown-new-styling\">\n<p data-start=\"3612\" data-end=\"3673\">Vozol Neon 45000 Puffs engangs vape-pod er designet til brugere, der kr\u00e6ver langvarig ydeevne og stabil smagsudgang. Med et kraftfuldt genopladeligt batteri, smart sk\u00e6rmvisning og justerbar isniveau, leverer den kontrolleret, glidende dampning med ensartet smag. Udviklet med Vozol mesh-coil teknologi, tilbyder den p\u00e5lidelig kvalitet i en slank, high-end engangs vape-udgave.<\/p>\n<\/div>\n<\/div>\n<\/div>\n<\/div>\n<p><strong>Tilf\u00f8j Amys whatsapp for at f\u00e5 korrekt svar og rabatpris!<\/strong><\/p>\n<p><img fetchpriority=\"high\" decoding=\"async\" class=\"size-full wp-image-2932\" src=\"https:\/\/vapestornado.com\/wp-content\/uploads\/2024\/12\/Vape-Wholesale.jpg\" alt=\"Vape Engros\" width=\"229\" height=\"300\" \/><\/p>\n<h3><a href=\"https:\/\/wa.me\/8617776015835\"><span style=\"color: #ff0000;\"><strong>WhatsApp: +86 17776015835<\/strong><\/span><\/a><\/h3>","protected":false},"featured_media":4820,"comment_status":"open","ping_status":"closed","template":"","meta":{"_acf_changed":false,"_uag_custom_page_level_css":"","_lmt_disableupdate":"no","_lmt_disable":"","_monsterinsights_skip_tracking":false,"_monsterinsights_sitenote_active":false,"_monsterinsights_sitenote_note":"","_monsterinsights_sitenote_category":0,"site-sidebar-layout":"default","site-content-layout":"","ast-site-content-layout":"default","site-content-style":"default","site-sidebar-style":"default","ast-global-header-display":"","ast-banner-title-visibility":"","ast-main-header-display":"","ast-hfb-above-header-display":"","ast-hfb-below-header-display":"","ast-hfb-mobile-header-display":"","site-post-title":"","ast-breadcrumbs-content":"","ast-featured-img":"","footer-sml-layout":"","ast-disable-related-posts":"","theme-transparent-header-meta":"default","adv-header-id-meta":"","stick-header-meta":"","header-above-stick-meta":"","header-main-stick-meta":"","header-below-stick-meta":"","astra-migrate-meta-layouts":"set","ast-page-background-enabled":"default","ast-page-background-meta":{"desktop":{"background-color":"","background-image":"","background-repeat":"repeat","background-position":"center center","background-size":"auto","background-attachment":"scroll","background-type":"","background-media":"","overlay-type":"","overlay-color":"","overlay-opacity":"","overlay-gradient":""},"tablet":{"background-color":"","background-image":"","background-repeat":"repeat","background-position":"center center","background-size":"auto","background-attachment":"scroll","background-type":"","background-media":"","overlay-type":"","overlay-color":"","overlay-opacity":"","overlay-gradient":""},"mobile":{"background-color":"","background-image":"","background-repeat":"repeat","background-position":"center center","background-size":"auto","background-attachment":"scroll","background-type":"","background-media":"","overlay-type":"","overlay-color":"","overlay-opacity":"","overlay-gradient":""}},"ast-content-background-meta":{"desktop":{"background-color":"var(--ast-global-color-5)","background-image":"","background-repeat":"repeat","background-position":"center center","background-size":"auto","background-attachment":"scroll","background-type":"","background-media":"","overlay-type":"","overlay-color":"","overlay-opacity":"","overlay-gradient":""},"tablet":{"background-color":"var(--ast-global-color-5)","background-image":"","background-repeat":"repeat","background-position":"center center","background-size":"auto","background-attachment":"scroll","background-type":"","background-media":"","overlay-type":"","overlay-color":"","overlay-opacity":"","overlay-gradient":""},"mobile":{"background-color":"var(--ast-global-color-5)","background-image":"","background-repeat":"repeat","background-position":"center center","background-size":"auto","background-attachment":"scroll","background-type":"","background-media":"","overlay-type":"","overlay-color":"","overlay-opacity":"","overlay-gradient":""}},"_joinchat":[]},"product_brand":[],"product_cat":[265,149,150,151,152,153,143,492,146,57],"product_tag":[554,555,550,556,549,513,93,269,552,553,220],"class_list":{"0":"post-4822","1":"product","2":"type-product","3":"status-publish","4":"has-post-thumbnail","6":"product_cat-45000-puff","7":"product_cat-buy-disposable-vapes-in-austria","8":"product_cat-buy-disposable-vapes-in-belgium","9":"product_cat-buy-disposable-vapes-in-france","10":"product_cat-buy-disposable-vapes-in-cermany","11":"product_cat-buy-disposable-vapes-in-italy","12":"product_cat-dual-mesh-disposable-vapes","13":"product_cat-eu-warehouse","14":"product_cat-rechargeable-disposable-vapes","15":"product_cat-vozol-vape","16":"product_tag-adjustable-ice-disposable-vape","17":"product_tag-disposable-vape-pod","18":"product_tag-disposable-vape-with-screen","19":"product_tag-high-quanlity-disposable-vape","20":"product_tag-vape-cheap-price","21":"product_tag-vape-discount-price","22":"product_tag-vape-wholesale","23":"product_tag-vape-with-screen","24":"product_tag-vozol-neon-45000-puffs","25":"product_tag-vozol-neon-45k","26":"product_tag-vozol-vape","27":"desktop-align-left","28":"tablet-align-left","29":"mobile-align-left","31":"first","32":"instock","33":"sale","34":"shipping-taxable","35":"purchasable","36":"product-type-simple"},"acf":[],"uagb_featured_image_src":{"full":["https:\/\/vapestornado.com\/wp-content\/uploads\/2026\/01\/Vozol-45000-Puff-Disposable-Vape-Box-Wholesale.webp",800,800,false],"thumbnail":["https:\/\/vapestornado.com\/wp-content\/uploads\/2026\/01\/Vozol-45000-Puff-Disposable-Vape-Box-Wholesale-150x150.webp",150,150,true],"medium":["https:\/\/vapestornado.com\/wp-content\/uploads\/2026\/01\/Vozol-45000-Puff-Disposable-Vape-Box-Wholesale-300x300.webp",300,300,true],"medium_large":["https:\/\/vapestornado.com\/wp-content\/uploads\/2026\/01\/Vozol-45000-Puff-Disposable-Vape-Box-Wholesale-768x768.webp",768,768,true],"large":["https:\/\/vapestornado.com\/wp-content\/uploads\/2026\/01\/Vozol-45000-Puff-Disposable-Vape-Box-Wholesale.webp",800,800,false],"1536x1536":["https:\/\/vapestornado.com\/wp-content\/uploads\/2026\/01\/Vozol-45000-Puff-Disposable-Vape-Box-Wholesale.webp",800,800,false],"2048x2048":["https:\/\/vapestornado.com\/wp-content\/uploads\/2026\/01\/Vozol-45000-Puff-Disposable-Vape-Box-Wholesale.webp",800,800,false],"trp-custom-language-flag":["https:\/\/vapestornado.com\/wp-content\/uploads\/2026\/01\/Vozol-45000-Puff-Disposable-Vape-Box-Wholesale-12x12.webp",12,12,true],"woocommerce_thumbnail":["https:\/\/vapestornado.com\/wp-content\/uploads\/2026\/01\/Vozol-45000-Puff-Disposable-Vape-Box-Wholesale-300x300.webp",300,300,true],"woocommerce_single":["https:\/\/vapestornado.com\/wp-content\/uploads\/2026\/01\/Vozol-45000-Puff-Disposable-Vape-Box-Wholesale-600x600.webp",600,600,true],"woocommerce_gallery_thumbnail":["https:\/\/vapestornado.com\/wp-content\/uploads\/2026\/01\/Vozol-45000-Puff-Disposable-Vape-Box-Wholesale-100x100.webp",100,100,true]},"uagb_author_info":{"display_name":"ESAMY","author_link":"https:\/\/vapestornado.com\/da\/author\/"},"uagb_comment_info":0,"uagb_excerpt":"The Vozol Neon 45000 Puffs disposable vape pod is built for users who demand long-lasting performance and stable flavour output. With a powerful rechargeable battery, smart screen display, and adjustable ice level, it delivers controlled, smooth vaping with consistent taste. Designed with Vozol mesh coil technology, it offers reliable quality in a sleek, high-end disposable&hellip;","_links":{"self":[{"href":"https:\/\/vapestornado.com\/da\/wp-json\/wp\/v2\/product\/4822","targetHints":{"allow":["GET"]}}],"collection":[{"href":"https:\/\/vapestornado.com\/da\/wp-json\/wp\/v2\/product"}],"about":[{"href":"https:\/\/vapestornado.com\/da\/wp-json\/wp\/v2\/types\/product"}],"replies":[{"embeddable":true,"href":"https:\/\/vapestornado.com\/da\/wp-json\/wp\/v2\/comments?post=4822"}],"wp:featuredmedia":[{"embeddable":true,"href":"https:\/\/vapestornado.com\/da\/wp-json\/wp\/v2\/media\/4820"}],"wp:attachment":[{"href":"https:\/\/vapestornado.com\/da\/wp-json\/wp\/v2\/media?parent=4822"}],"wp:term":[{"taxonomy":"product_brand","embeddable":true,"href":"https:\/\/vapestornado.com\/da\/wp-json\/wp\/v2\/product_brand?post=4822"},{"taxonomy":"product_cat","embeddable":true,"href":"https:\/\/vapestornado.com\/da\/wp-json\/wp\/v2\/product_cat?post=4822"},{"taxonomy":"product_tag","embeddable":true,"href":"https:\/\/vapestornado.com\/da\/wp-json\/wp\/v2\/product_tag?post=4822"}],"curies":[{"name":"wp","href":"https:\/\/api.w.org\/{rel}","templated":true}]}}