{"id":4795,"date":"2026-01-13T03:09:18","date_gmt":"2026-01-13T03:09:18","guid":{"rendered":"https:\/\/vapestornado.com\/?post_type=product&#038;p=4795"},"modified":"2026-01-13T03:17:55","modified_gmt":"2026-01-13T03:17:55","slug":"al-fakher-crown-bar-15k-ice-adjust-disposable-shisha-hookah-wholesale-netherlands","status":"publish","type":"product","link":"https:\/\/vapestornado.com\/da\/product\/al-fakher-crown-bar-15k-ice-adjust-disposable-shisha-hookah-wholesale-netherlands\/","title":{"rendered":"Al Fakher Crown Bar 15K Ice Juster Engangs Shisha Hookah Engros Holland"},"content":{"rendered":"<h1 data-start=\"0\" data-end=\"87\">Al Fakher Mega Max 40K Puffs Crown Bar Engangs E-Shisha Hookah Vape med Justerbar Luftstr\u00f8m<\/h1>\n<p data-start=\"107\" data-end=\"502\">The Al Fakher Crown Bar 15K Ice Juster er designet til det europ\u00e6iske engrosmarked, der kr\u00e6ver smagskontrol, lang levetid og p\u00e5lidelig kvalitet til en <strong data-start=\"259\" data-end=\"274\">billige pris<\/strong>. Designet til <strong data-start=\"289\" data-end=\"316\">Engangs E-cigaretter<\/strong> forhandlere og <strong data-start=\"331\" data-end=\"368\">Engros Vapes i Frankrig<\/strong> distribut\u00f8rer, leverer denne model op til <strong data-start=\"409\" data-end=\"440\">15.000 glatte, stabile puffs<\/strong> med Al Fakher\u2019s karakteristiske smagsn\u00f8jagtighed og f\u00f8rsteklasses konstruktion.<\/p>\n<p data-start=\"504\" data-end=\"842\">I mods\u00e6tning til standard engangsprodukter, <strong data-start=\"537\" data-end=\"568\">Crown Bar Ice Juster systemet<\/strong> giver brugerne mulighed for at kontrollere k\u00f8leeffekten, hvilket tillader hver kunde at v\u00e6lge en kraftig iskold inhalation eller en bl\u00f8dere, varmere tr\u00e6k. Dette g\u00f8r det <strong data-start=\"703\" data-end=\"730\">Al Fakher Crown Bar 15K<\/strong> lettere at s\u00e6lge til forskellige brugerpr\u00e6ferencer, \u00f8ge gentagne k\u00f8b og reducere langsomme smagsvarianter.<\/p>\n<p data-start=\"844\" data-end=\"1140\">Drevet af en <strong data-start=\"858\" data-end=\"889\">850mAh genopladelige batteri<\/strong> og fyldt med <strong data-start=\"906\" data-end=\"926\">22 ml e-v\u00e6ske<\/strong>, <strong data-start=\"932\" data-end=\"960\">AL Fakher Ice Juster 15K<\/strong> opretholder en konsekvent ydeevne fra den f\u00f8rste puff til den sidste. <strong data-start=\"1026\" data-end=\"1044\">0,6\u03a9 mesh coil<\/strong> sikrer ren damp, st\u00e6rk smagsklarhed og stabil ydeevne, selv under langvarig daglig brug.<\/p>\n<p data-start=\"1142\" data-end=\"1446\">En indbygget <strong data-start=\"1153\" data-end=\"1171\">digital sk\u00e6rm<\/strong> viser b\u00e5de batteri- og v\u00e6skeniveauer, hvilket giver kunderne tillid og reducerer returneringer af enheder. Med <strong data-start=\"1272\" data-end=\"1293\">45 dokumenterede smagsvarianter<\/strong>, <strong data-start=\"1299\" data-end=\"1312\">Crown Bar<\/strong> linjen underst\u00f8tter st\u00e6rk detailrotation og hj\u00e6lper butikker med at opbygge en p\u00e5lidelig bestsellerkategori i <strong data-start=\"1411\" data-end=\"1438\">Engangs E-cigaretter<\/strong> markedet.<\/p>\n<p data-start=\"1448\" data-end=\"1645\">Hvis du s\u00f8ger <strong data-start=\"1468\" data-end=\"1505\">Engangs Vapes Engros Danmark<\/strong>\u00a0til en konkurrencedygtig pris med hurtigt skiftende smagsvarianter, er <strong data-start=\"1559\" data-end=\"1597\">Al Fakher Crown Bar 15K Ice Juster<\/strong> en sikker, h\u00f8joms\u00e6tningsmulighed for din butik.<\/p>\n<p><strong><span style=\"color: #ff0000;\">Tilf\u00f8j Amys whatsapp, f\u00e5 et hurtigt svar og en vape-kupon!<\/span><\/strong><\/p>\n<p><img fetchpriority=\"high\" decoding=\"async\" class=\"size-full wp-image-2932\" src=\"https:\/\/vapestornado.com\/wp-content\/uploads\/2024\/12\/Vape-Wholesale.jpg\" alt=\"Vape Engros\" width=\"229\" height=\"300\" \/><\/p>\n<h3><a href=\"https:\/\/wa.me\/8617776015835\" target=\"_blank\" rel=\"noopener\"><span style=\"color: #ff0000;\"><strong>WhatsApp: +86 17776015835<\/strong><\/span><\/a><\/h3>\n<p>&nbsp;<\/p>\n<h2><strong>Al Fakher Crown Bar 15K Produktfunktioner<\/strong><\/h2>\n<ul>\n<li data-start=\"1701\" data-end=\"1810\">\n<p data-start=\"1703\" data-end=\"1810\"><strong data-start=\"1703\" data-end=\"1719\">15.000 Puffs<\/strong> \u2013 Leverer langvarig ydeevne, der f\u00e5r kunder til at dampe i uger med \u00e9n enhed.<\/p>\n<\/li>\n<li data-start=\"1811\" data-end=\"1909\">\n<p data-start=\"1813\" data-end=\"1909\"><strong data-start=\"1813\" data-end=\"1830\">22ml E-V\u00e6ske<\/strong> \u2013 Stor v\u00e6skekapacitet sikrer stabil smag uden hyppige udskiftninger.<\/p>\n<\/li>\n<li data-start=\"1910\" data-end=\"1991\">\n<p data-start=\"1912\" data-end=\"1991\"><strong data-start=\"1912\" data-end=\"1930\">0,6\u03a9 Mesh Coil<\/strong> \u2013 Producerer glat damp og pr\u00e6cis smag ved hver tr\u00e6k.<\/p>\n<\/li>\n<li data-start=\"1992\" data-end=\"2075\">\n<p data-start=\"1994\" data-end=\"2075\"><strong data-start=\"1994\" data-end=\"2011\">0,5% Nikotin<\/strong> \u2013 Tilbyder en let, glat nikotinkick, der er egnet til daglig brug.<\/p>\n<\/li>\n<li data-start=\"2076\" data-end=\"2164\">\n<p data-start=\"2078\" data-end=\"2164\"><strong data-start=\"2078\" data-end=\"2096\">850mAh Batteri<\/strong> \u2013 Giver p\u00e5lidelig str\u00f8m gennem hele enhedens levetid.<\/p>\n<\/li>\n<li data-start=\"2165\" data-end=\"2229\">\n<p data-start=\"2167\" data-end=\"2229\"><strong data-start=\"2167\" data-end=\"2185\">USB-C Opladning<\/strong> \u2013 Muligg\u00f8r hurtigere, mere stabil genopladning.<\/p>\n<\/li>\n<li data-start=\"2230\" data-end=\"2319\">\n<p data-start=\"2232\" data-end=\"2319\"><strong data-start=\"2232\" data-end=\"2254\">Is Justeringskontrol<\/strong> \u2013 G\u00f8r det muligt for brugere at indstille deres foretrukne k\u00f8legrad for hver inhalation.<\/p>\n<\/li>\n<li data-start=\"2320\" data-end=\"2395\">\n<p data-start=\"2322\" data-end=\"2395\"><strong data-start=\"2322\" data-end=\"2340\">Digital Sk\u00e6rm<\/strong> \u2013 Viser batteri- og e-v\u00e6skestanden i realtid.<\/p>\n<\/li>\n<li data-start=\"2396\" data-end=\"2474\">\n<p data-start=\"2398\" data-end=\"2474\"><strong data-start=\"2398\" data-end=\"2417\">Crown Bar Bygning<\/strong> \u2013 Premium kropsdesign forbedrer holdbarhed og luftstr\u00f8m.<\/p>\n<\/li>\n<li data-start=\"2475\" data-end=\"2543\">\n<p data-start=\"2477\" data-end=\"2543\"><strong data-start=\"2477\" data-end=\"2491\">45 Smagsvarianter<\/strong> \u2013 Underst\u00f8tter st\u00e6rk detailrotation og gentagne salg.<\/p>\n<\/li>\n<\/ul>\n<figure id=\"attachment_4791\" aria-describedby=\"caption-attachment-4791\" style=\"width: 300px\" class=\"wp-caption alignnone\"><img decoding=\"async\" class=\"size-medium wp-image-4791\" src=\"https:\/\/vapestornado.com\/wp-content\/uploads\/2026\/01\/Al-Fakher-Crown-Bar-Ice-Adjust-15K-15000-Puff-300x300.webp\" alt=\"Al Fakher Crown Bar Ice Justering 15K 15000 Inhalationer\" width=\"300\" height=\"300\" srcset=\"https:\/\/vapestornado.com\/wp-content\/uploads\/2026\/01\/Al-Fakher-Crown-Bar-Ice-Adjust-15K-15000-Puff-300x300.webp 300w, https:\/\/vapestornado.com\/wp-content\/uploads\/2026\/01\/Al-Fakher-Crown-Bar-Ice-Adjust-15K-15000-Puff-150x150.webp 150w, https:\/\/vapestornado.com\/wp-content\/uploads\/2026\/01\/Al-Fakher-Crown-Bar-Ice-Adjust-15K-15000-Puff-768x768.webp 768w, https:\/\/vapestornado.com\/wp-content\/uploads\/2026\/01\/Al-Fakher-Crown-Bar-Ice-Adjust-15K-15000-Puff-12x12.webp 12w, https:\/\/vapestornado.com\/wp-content\/uploads\/2026\/01\/Al-Fakher-Crown-Bar-Ice-Adjust-15K-15000-Puff-600x600.webp 600w, https:\/\/vapestornado.com\/wp-content\/uploads\/2026\/01\/Al-Fakher-Crown-Bar-Ice-Adjust-15K-15000-Puff-100x100.webp 100w, https:\/\/vapestornado.com\/wp-content\/uploads\/2026\/01\/Al-Fakher-Crown-Bar-Ice-Adjust-15K-15000-Puff.webp 800w\" sizes=\"(max-width: 300px) 100vw, 300px\" \/><figcaption id=\"caption-attachment-4791\" class=\"wp-caption-text\">Al Fakher Crown Bar Ice Justering 15K 15000 Inhalationer<\/figcaption><\/figure>\n<div>\n<div class=\"mceTemp\"><\/div>\n<\/div>\n<h2 class=\"product-title\"><strong>Al Fakher Crown Bar 15K Inhalationsliste over Smagsvarianter<\/strong><\/h2>\n<p>1 B\u00e6r Bl\u00e5<br \/>\n2 B\u00e6r Is<br \/>\n3 Solb\u00e6r Is<br \/>\n4 Solb\u00e6r Mynte<br \/>\n5 Bl\u00e5 Razz Eksplosion<br \/>\n6 Bl\u00e5 Razz Lemonade<br \/>\n7 Bl\u00e5b\u00e6r Kirseb\u00e6r<br \/>\n8 Bl\u00e5b\u00e6r Tyggegummi<br \/>\n9 Bl\u00e5b\u00e6r Lemonade<br \/>\n10 Bl\u00e5b\u00e6r Mynte<br \/>\n11 Bl\u00e5b\u00e6r Hindb\u00e6r<br \/>\n12 Bl\u00e5b\u00e6r Sur Hindb\u00e6r<br \/>\n13 Kirseb\u00e6r Fiesta<br \/>\n14 Kirseb\u00e6r Fizz<br \/>\n15 Kirseb\u00e6r Is<br \/>\n16 K\u00f8lig Mango<br \/>\n17 Fusion Pop<br \/>\n18 Drue<br \/>\n19 Drue B\u00e6r<br \/>\n20 Drue Mynte<br \/>\n21 Tyggegummi Mynte<br \/>\n22 Hubba<br \/>\n23 Is Bl\u00e5<br \/>\n24 Citron Lime<br \/>\n25 Citron Lime Kirseb\u00e6r Fizz<br \/>\n26 Citron Mynte<br \/>\n27 Lush Ice<br \/>\n28 Magisk K\u00e6rlighed<br \/>\n29 Mango Ananas<br \/>\n30 Menthol<br \/>\n31 Mint<br \/>\n32 Blandet B\u00e6r<br \/>\n33 Appelsin Mint<br \/>\n34 Fersken Is<br \/>\n35 Ananas Is<br \/>\n36 Rumdr\u00f8m<br \/>\n37 Spearmint<br \/>\n38 Jordb\u00e6r Kirseb\u00e6r<br \/>\n39 Jordb\u00e6r Punch<br \/>\n40 Sommerdr\u00f8m<br \/>\n41 To \u00c6ble<br \/>\n42 Vandmelon Kirseb\u00e6r<br \/>\n43 Vandmelon Kiwi<br \/>\n44 Vandmelon Lime<br \/>\n45 Vandmelon Ananas<\/p>\n<h2 data-start=\"2951\" data-end=\"2994\"><strong data-start=\"2954\" data-end=\"2994\">Hvorfor Engrosforhandlere V\u00e6lger Crown Bar 15K<\/strong><\/h2>\n<p data-start=\"2996\" data-end=\"3213\">Den <strong data-start=\"3000\" data-end=\"3028\">AL Fakher Ice Juster 15K<\/strong> kombinerer <strong data-start=\"3038\" data-end=\"3086\">lang inhalationslevetid, iskontrol og brandtillid<\/strong> i \u00e9n engangs, hvilket giver forhandlere et produkt, der s\u00e6lger hurtigt, leverer ensartet kvalitet og f\u00e5r kunderne til at vende tilbage.<\/p>\n<p data-start=\"3215\" data-end=\"3339\">Bestil nu og sikr dig en <strong data-start=\"3238\" data-end=\"3253\">billige pris<\/strong> on <strong data-start=\"3257\" data-end=\"3284\">Al Fakher Crown Bar 15K<\/strong> til din <strong data-start=\"3294\" data-end=\"3331\">Engros Vapes i Frankrig<\/strong> forsyning.<\/p>\n<p>&nbsp;<\/p>\n<div class=\"flex-shrink-0 flex flex-col relative items-end\">\n<div class=\"pt-0\">\n<div class=\"gizmo-bot-avatar flex h-8 w-8 items-center justify-center overflow-hidden rounded-full\">\n<div class=\"relative p-1 rounded-sm flex items-center justify-center bg-token-main-surface-primary text-token-text-primary h-8 w-8\">\n<h2 data-start=\"1200\" data-end=\"1487\">Vapes Tornado \u2013 Din Engros Online Dampbutik for Popul\u00e6re Vapes<\/h2>\n<p data-start=\"72\" data-end=\"396\"><strong data-start=\"72\" data-end=\"89\">Vapes Tornado<\/strong> er en Europa-fokuseret engros online dampbutik, der leverer et omhyggeligt udvalgt sortiment af <strong data-start=\"178\" data-end=\"195\">popul\u00e6re vapes<\/strong> til professionelle k\u00f8bere. Vi arbejder med detailhandlere, distribut\u00f8rer og online butikker over hele EU, som har brug for stabil forsyning, klar produktinformation og m\u00e6rker, som kunderne allerede genkender og stoler p\u00e5.<\/p>\n<p data-start=\"398\" data-end=\"687\">Vi arbejder med betroede navne som <strong data-start=\"247\" data-end=\"352\">Elf Bar Vape, WASPE Vape, <a href=\"https:\/\/vapestornado.com\/da\/product\/uzy-150k-puffs-6-in-1-flavor-switch-disposable-vape-pen-wholesale\/\">UZY Vape<\/a>, Bang Vape, Razz Bar Vape, <a href=\"https:\/\/vapestornado.com\/da\/product\/randm-12000-puffs-fumot-digital-disposable-vape-wholesale-price\/\">Fumot VAPE<\/a>, <a href=\"https:\/\/vapestornado.com\/da\/product\/original-wga-ultra-35k-35000-puff-rechargeable-crystal-disposable-nicotine-vape-best-discount-price\/\">WGA VAPE<\/a>, <a href=\"https:\/\/vapestornado.com\/da\/product\/vozol-gear-shisha-25k-25000-puffs-best-dtl-disposable-vape-hookah-cheap-price\/\">VOZOL BAR VAPE<\/a>,\u00a0og Stag Bar Vape<\/strong>, valgt for ensartet kvalitet og stor eftersp\u00f8rgsel p\u00e5 det europ\u00e6iske marked.<\/p>\n<h4 data-start=\"1080\" data-end=\"1120\">Designet til europ\u00e6iske engrosk\u00f8bere<\/h4>\n<p data-start=\"1121\" data-end=\"1189\">Vapes Tornado er struktureret omkring de reelle behov hos EU-engrosforhandlere:<\/p>\n<ul data-start=\"1190\" data-end=\"1400\">\n<li data-start=\"1190\" data-end=\"1239\">\n<p data-start=\"1192\" data-end=\"1239\">Konkurrencedygtige engrospriser for bulkbestillinger<\/p>\n<\/li>\n<li data-start=\"1240\" data-end=\"1289\">\n<p data-start=\"1242\" data-end=\"1289\">Klare produktbeskrivelser og specifikationer<\/p>\n<\/li>\n<li data-start=\"1290\" data-end=\"1330\">\n<p data-start=\"1292\" data-end=\"1330\">Hurtig, p\u00e5lidelig EU-orienteret logistik<\/p>\n<\/li>\n<li data-start=\"1331\" data-end=\"1400\">\n<p data-start=\"1333\" data-end=\"1400\">En katalog fokuseret p\u00e5 <strong data-start=\"1356\" data-end=\"1373\">popul\u00e6re vapes<\/strong>, ikke overm\u00e6ttede SKU'er<\/p>\n<\/li>\n<\/ul>\n<h2 data-start=\"2064\" data-end=\"2115\">FAQs om Al Fakher Crown Bar 15K Engangs Vape<\/h2>\n<p data-start=\"3359\" data-end=\"3484\"><strong data-start=\"3359\" data-end=\"3413\">1. Hvor lang tid varer Al Fakher Crown Bar 15K?<\/strong><br data-start=\"3413\" data-end=\"3416\" \/>Med op til 15.000 inhalationer kan den vare i uger afh\u00e6ngigt af daglig brug.<\/p>\n<p data-start=\"3486\" data-end=\"3605\"><strong data-start=\"3486\" data-end=\"3532\">2. Kan kunder justere k\u00f8legraden?<\/strong><br data-start=\"3532\" data-end=\"3535\" \/>Ja, Ice Adjust-systemet giver brugerne mulighed for at v\u00e6lge, hvor koldt hver skum f\u00f8les.<\/p>\n<p data-start=\"3607\" data-end=\"3700\"><strong data-start=\"3607\" data-end=\"3642\">3. Er batteriet genopladeligt?<\/strong><br data-start=\"3642\" data-end=\"3645\" \/>Ja, det har et 850mAh batteri med USB-C hurtigopladning.<\/p>\n<p data-start=\"3702\" data-end=\"3807\"><strong data-start=\"3702\" data-end=\"3744\">4. Hvilken nikotinstyrke bruger den?<\/strong><br data-start=\"3744\" data-end=\"3747\" \/>Enheden leveres med 0,5% nikotin for en glat, let oplevelse.<\/p>\n<p data-start=\"3809\" data-end=\"3972\"><strong data-start=\"3809\" data-end=\"3857\">5. Er dette egnet til engros i Danmark?<\/strong><br data-start=\"3857\" data-end=\"3860\" \/>Ja, det er designet til <strong data-start=\"3884\" data-end=\"3921\">Engros Vapes i Frankrig<\/strong> med st\u00e6rk detailappel og hurtigbev\u00e6gende smagsvarianter.<\/p>\n<\/div>\n<\/div>\n<\/div>\n<\/div>","protected":false},"excerpt":{"rendered":"<p data-start=\"4393\" data-end=\"4476\"><strong data-start=\"4393\" data-end=\"4474\">AL Fakher Crown Bar 15K Ice Juster \u2013 Engros Engangs E-cigaretter Frankrig<\/strong><\/p>\n<p data-start=\"4480\" data-end=\"4550\"><strong data-start=\"4480\" data-end=\"4548\">Al Fakher Ice Juster 15K Crown Bar | 15.000 Puffs til Billig Pris<\/strong><\/p>\n<p data-start=\"4554\" data-end=\"4622\" data-is-last-node=\"\"><strong data-start=\"4554\" data-end=\"4622\" data-is-last-node=\"\">Crown Bar 15K Engangs Vape \u2013 Ice Control &amp; Bulk Forsyning Europa<\/strong><\/p>\n<p><strong>Tilf\u00f8j Amys whatsapp for at f\u00e5 korrekt svar og rabatpris!<\/strong><\/p>\n<p><img fetchpriority=\"high\" decoding=\"async\" class=\"size-full wp-image-2932\" src=\"https:\/\/vapestornado.com\/wp-content\/uploads\/2024\/12\/Vape-Wholesale.jpg\" alt=\"Vape Engros\" width=\"229\" height=\"300\" \/><\/p>\n<h3><a href=\"https:\/\/wa.me\/8617776015835\"><span style=\"color: #ff0000;\"><strong>WhatsApp: +86 17776015835<\/strong><\/span><\/a><\/h3>","protected":false},"featured_media":4790,"comment_status":"open","ping_status":"closed","template":"","meta":{"_acf_changed":false,"_uag_custom_page_level_css":"","_lmt_disableupdate":"no","_lmt_disable":"","_monsterinsights_skip_tracking":false,"_monsterinsights_sitenote_active":false,"_monsterinsights_sitenote_note":"","_monsterinsights_sitenote_category":0,"site-sidebar-layout":"default","site-content-layout":"","ast-site-content-layout":"default","site-content-style":"default","site-sidebar-style":"default","ast-global-header-display":"","ast-banner-title-visibility":"","ast-main-header-display":"","ast-hfb-above-header-display":"","ast-hfb-below-header-display":"","ast-hfb-mobile-header-display":"","site-post-title":"","ast-breadcrumbs-content":"","ast-featured-img":"","footer-sml-layout":"","ast-disable-related-posts":"","theme-transparent-header-meta":"default","adv-header-id-meta":"","stick-header-meta":"","header-above-stick-meta":"","header-main-stick-meta":"","header-below-stick-meta":"","astra-migrate-meta-layouts":"set","ast-page-background-enabled":"default","ast-page-background-meta":{"desktop":{"background-color":"","background-image":"","background-repeat":"repeat","background-position":"center center","background-size":"auto","background-attachment":"scroll","background-type":"","background-media":"","overlay-type":"","overlay-color":"","overlay-opacity":"","overlay-gradient":""},"tablet":{"background-color":"","background-image":"","background-repeat":"repeat","background-position":"center center","background-size":"auto","background-attachment":"scroll","background-type":"","background-media":"","overlay-type":"","overlay-color":"","overlay-opacity":"","overlay-gradient":""},"mobile":{"background-color":"","background-image":"","background-repeat":"repeat","background-position":"center center","background-size":"auto","background-attachment":"scroll","background-type":"","background-media":"","overlay-type":"","overlay-color":"","overlay-opacity":"","overlay-gradient":""}},"ast-content-background-meta":{"desktop":{"background-color":"var(--ast-global-color-5)","background-image":"","background-repeat":"repeat","background-position":"center center","background-size":"auto","background-attachment":"scroll","background-type":"","background-media":"","overlay-type":"","overlay-color":"","overlay-opacity":"","overlay-gradient":""},"tablet":{"background-color":"var(--ast-global-color-5)","background-image":"","background-repeat":"repeat","background-position":"center center","background-size":"auto","background-attachment":"scroll","background-type":"","background-media":"","overlay-type":"","overlay-color":"","overlay-opacity":"","overlay-gradient":""},"mobile":{"background-color":"var(--ast-global-color-5)","background-image":"","background-repeat":"repeat","background-position":"center center","background-size":"auto","background-attachment":"scroll","background-type":"","background-media":"","overlay-type":"","overlay-color":"","overlay-opacity":"","overlay-gradient":""}},"_joinchat":[]},"product_brand":[],"product_cat":[71,531,140,150,152,156,158,142,146,147],"product_tag":[541,542,317,540,538,291,539,513,512],"class_list":{"0":"post-4795","1":"product","2":"type-product","3":"status-publish","4":"has-post-thumbnail","6":"product_cat-15000-puff","7":"product_cat-al-fakher-crown-bar","8":"product_cat-big-puffs-disposable-vapes","9":"product_cat-buy-disposable-vapes-in-belgium","10":"product_cat-buy-disposable-vapes-in-cermany","11":"product_cat-buy-disposable-vapes-in-poland","12":"product_cat-buy-disposable-vapes-in-spain","13":"product_cat-digital-box-disposable-vapes","14":"product_cat-rechargeable-disposable-vapes","15":"product_cat-shisha-hookah-disposable-vapes","16":"product_tag-al-fakher-15k-ice-adjust","17":"product_tag-al-fakher-15k-sound-adjust","18":"product_tag-al-fakher-crown-bar","19":"product_tag-al-fakher-crown-bar-15k","20":"product_tag-disposable-e-shisha","21":"product_tag-disposable-shisha-hookah","22":"product_tag-hookah-shisha","23":"product_tag-vape-discount-price","24":"product_tag-vape-wholesale-distributor","25":"desktop-align-left","26":"tablet-align-left","27":"mobile-align-left","29":"first","30":"instock","31":"sale","32":"shipping-taxable","33":"purchasable","34":"product-type-simple"},"acf":[],"uagb_featured_image_src":{"full":["https:\/\/vapestornado.com\/wp-content\/uploads\/2026\/01\/Al-Fakher-Crown-Bar-15K-Ice-Adjust-Disposable-Vape-Wholesale.webp",800,800,false],"thumbnail":["https:\/\/vapestornado.com\/wp-content\/uploads\/2026\/01\/Al-Fakher-Crown-Bar-15K-Ice-Adjust-Disposable-Vape-Wholesale-150x150.webp",150,150,true],"medium":["https:\/\/vapestornado.com\/wp-content\/uploads\/2026\/01\/Al-Fakher-Crown-Bar-15K-Ice-Adjust-Disposable-Vape-Wholesale-300x300.webp",300,300,true],"medium_large":["https:\/\/vapestornado.com\/wp-content\/uploads\/2026\/01\/Al-Fakher-Crown-Bar-15K-Ice-Adjust-Disposable-Vape-Wholesale-768x768.webp",768,768,true],"large":["https:\/\/vapestornado.com\/wp-content\/uploads\/2026\/01\/Al-Fakher-Crown-Bar-15K-Ice-Adjust-Disposable-Vape-Wholesale.webp",800,800,false],"1536x1536":["https:\/\/vapestornado.com\/wp-content\/uploads\/2026\/01\/Al-Fakher-Crown-Bar-15K-Ice-Adjust-Disposable-Vape-Wholesale.webp",800,800,false],"2048x2048":["https:\/\/vapestornado.com\/wp-content\/uploads\/2026\/01\/Al-Fakher-Crown-Bar-15K-Ice-Adjust-Disposable-Vape-Wholesale.webp",800,800,false],"trp-custom-language-flag":["https:\/\/vapestornado.com\/wp-content\/uploads\/2026\/01\/Al-Fakher-Crown-Bar-15K-Ice-Adjust-Disposable-Vape-Wholesale-12x12.webp",12,12,true],"woocommerce_thumbnail":["https:\/\/vapestornado.com\/wp-content\/uploads\/2026\/01\/Al-Fakher-Crown-Bar-15K-Ice-Adjust-Disposable-Vape-Wholesale-300x300.webp",300,300,true],"woocommerce_single":["https:\/\/vapestornado.com\/wp-content\/uploads\/2026\/01\/Al-Fakher-Crown-Bar-15K-Ice-Adjust-Disposable-Vape-Wholesale-600x600.webp",600,600,true],"woocommerce_gallery_thumbnail":["https:\/\/vapestornado.com\/wp-content\/uploads\/2026\/01\/Al-Fakher-Crown-Bar-15K-Ice-Adjust-Disposable-Vape-Wholesale-100x100.webp",100,100,true]},"uagb_author_info":{"display_name":"ESAMY","author_link":"https:\/\/vapestornado.com\/da\/author\/"},"uagb_comment_info":0,"uagb_excerpt":"AL Fakher Crown Bar 15K Ice Adjust \u2013 Wholesale Disposable E Cigarettes France Al Fakher Ice Adjust 15K Crown Bar | 15,000 Puffs at Cheap Price Crown Bar 15K Disposable Vape \u2013 Ice Control &amp; Bulk Supply Europe Add Amy's whatsapp to get right reply and discount price! WhatsApp: +86 17776015835","_links":{"self":[{"href":"https:\/\/vapestornado.com\/da\/wp-json\/wp\/v2\/product\/4795","targetHints":{"allow":["GET"]}}],"collection":[{"href":"https:\/\/vapestornado.com\/da\/wp-json\/wp\/v2\/product"}],"about":[{"href":"https:\/\/vapestornado.com\/da\/wp-json\/wp\/v2\/types\/product"}],"replies":[{"embeddable":true,"href":"https:\/\/vapestornado.com\/da\/wp-json\/wp\/v2\/comments?post=4795"}],"wp:featuredmedia":[{"embeddable":true,"href":"https:\/\/vapestornado.com\/da\/wp-json\/wp\/v2\/media\/4790"}],"wp:attachment":[{"href":"https:\/\/vapestornado.com\/da\/wp-json\/wp\/v2\/media?parent=4795"}],"wp:term":[{"taxonomy":"product_brand","embeddable":true,"href":"https:\/\/vapestornado.com\/da\/wp-json\/wp\/v2\/product_brand?post=4795"},{"taxonomy":"product_cat","embeddable":true,"href":"https:\/\/vapestornado.com\/da\/wp-json\/wp\/v2\/product_cat?post=4795"},{"taxonomy":"product_tag","embeddable":true,"href":"https:\/\/vapestornado.com\/da\/wp-json\/wp\/v2\/product_tag?post=4795"}],"curies":[{"name":"wp","href":"https:\/\/api.w.org\/{rel}","templated":true}]}}