{"id":4788,"date":"2026-01-09T08:31:41","date_gmt":"2026-01-09T08:31:41","guid":{"rendered":"https:\/\/vapestornado.com\/?post_type=product&#038;p=4788"},"modified":"2026-01-09T08:59:59","modified_gmt":"2026-01-09T08:59:59","slug":"al-fakher-60k-ehose-x-disposable-vape-crown-bar-60000-puffs-shisha-hookah-low-price","status":"publish","type":"product","link":"https:\/\/vapestornado.com\/da\/product\/al-fakher-60k-ehose-x-disposable-vape-crown-bar-60000-puffs-shisha-hookah-low-price\/","title":{"rendered":"Al Fakher 60k EHose X engangs vape Crown Bar 60000 puffs Shisha Hookah Lavpris"},"content":{"rendered":"<h1 data-start=\"0\" data-end=\"87\">Al Fakher Mega Max 40K Puffs Crown Bar Engangs E-Shisha Hookah Vape med Justerbar Luftstr\u00f8m<\/h1>\n<p data-start=\"233\" data-end=\"642\">Den <strong data-start=\"237\" data-end=\"289\">Al Fakher 60K E-Hose X Engangs Vape Crown Bar<\/strong> er designet til k\u00f8bere, der kr\u00e6ver langvarig p\u00e5lidelighed, st\u00e6rk smagsudgang og shisha-niveau damp i en engangsformat. Designet til <strong data-start=\"431\" data-end=\"480\">h\u00f8jt salgs- og engrosdistribution<\/strong>, denne model leverer op til <strong data-start=\"508\" data-end=\"524\">60.000 puffs<\/strong> med stabil ydeevne, hvilket g\u00f8r den til en af de mest omkostningseffektive <strong data-start=\"591\" data-end=\"627\">store puff engangs hookah vapes<\/strong> p\u00e5 markedet.<\/p>\n<p data-start=\"644\" data-end=\"998\">Bygget omkring en massiv <strong data-start=\"667\" data-end=\"694\">50ml e-v\u00e6skebeholder<\/strong> og et <strong data-start=\"701\" data-end=\"736\">high-performance 0,6\u03a9 mesh coil<\/strong>, <strong data-start=\"742\" data-end=\"769\">Al Fakher CRYSTAL 60000<\/strong> opretholder t\u00e6t damp og ren smag fra den f\u00f8rste inhalation til den sidste. I mods\u00e6tning til engangsprodukter med kort levetid, der hurtigt mister kraften, er dette system justeret til konsekvent levering, hvilket er vigtigt for gentagne salg og kundeloyalitet.<\/p>\n<p data-start=\"1000\" data-end=\"1348\">Enheden underst\u00f8tter <strong data-start=\"1020\" data-end=\"1040\">dobbelt vaping-tilstand<\/strong>, hvilket tillader brugere at skifte mellem <strong data-start=\"1075\" data-end=\"1099\">DTL (direct-to-lung)<\/strong> til sky-tyngede shisha-sessioner og <strong data-start=\"1136\" data-end=\"1159\">MTL (mund-til-lunge)<\/strong> til en mere kontrolleret tr\u00e6kning. Denne fleksibilitet g\u00f8r <strong data-start=\"1215\" data-end=\"1250\">Al Fakher Crown Bar Crystal 60K<\/strong> egnet til b\u00e5de hookah-entusiaster og almindelige engangs vape-brugere, hvilket \u00f8ger dets kommercielle r\u00e6kkevidde.<\/p>\n<p data-start=\"1350\" data-end=\"1704\">A <strong data-start=\"1352\" data-end=\"1384\">1000mAh genopladeligt batteri<\/strong> parret med <strong data-start=\"1397\" data-end=\"1421\">Type-C hurtigopladning<\/strong> holder enheden k\u00f8rende uden nedetid. Den indbyggede <strong data-start=\"1478\" data-end=\"1503\">smart digitalt display<\/strong> viser realtidsniveauer for batteri og e-v\u00e6ske, hvilket reducerer brugerfrustration og forbedrer opfattet produktkvalitet \u2014 en vigtig faktor i konkurrencepr\u00e6gede <strong data-start=\"1652\" data-end=\"1688\">Engangs Vapes Engros Spanien<\/strong> og EU-markeder.<\/p>\n<p data-start=\"1706\" data-end=\"1900\">For grossister, der s\u00f8ger <strong data-start=\"1734\" data-end=\"1787\">lav pris, h\u00f8jt puff-antal og st\u00e6rk m\u00e6rkeappel<\/strong>, <strong data-start=\"1793\" data-end=\"1819\">Al Fakher 60K E-Hose X<\/strong> leverer en afbalanceret kombination af ydeevne, holdbarhed og salgsstabilitet.<\/p>\n<p><strong><span style=\"color: #ff0000;\">Tilf\u00f8j Amys whatsapp, f\u00e5 et hurtigt svar og en vape-kupon!<\/span><\/strong><\/p>\n<p><img fetchpriority=\"high\" decoding=\"async\" class=\"size-full wp-image-2932\" src=\"https:\/\/vapestornado.com\/wp-content\/uploads\/2024\/12\/Vape-Wholesale.jpg\" alt=\"Vape Engros\" width=\"229\" height=\"300\" \/><\/p>\n<h3><a href=\"https:\/\/wa.me\/8617776015835\" target=\"_blank\" rel=\"noopener\"><span style=\"color: #ff0000;\"><strong>WhatsApp: +86 17776015835<\/strong><\/span><\/a><\/h3>\n<p>&nbsp;<\/p>\n<h2><strong>Al Fakher 60k Puffs Produktfunktioner<\/strong><\/h2>\n<ul>\n<li data-start=\"1956\" data-end=\"2043\">\n<p data-start=\"1958\" data-end=\"2043\"><strong data-start=\"1958\" data-end=\"1975\">60.000 Puffs:<\/strong> Bygget til langvarig brug uden tidlig nedgang i damp eller smag.<\/p>\n<\/li>\n<li data-start=\"2044\" data-end=\"2151\">\n<p data-start=\"2046\" data-end=\"2151\"><strong data-start=\"2046\" data-end=\"2073\">50ml E-V\u00e6skekapacitet:<\/strong> Stor intern tank reducerer udskiftningsfrekvensen og \u00f8ger brugerens v\u00e6rdi.<\/p>\n<\/li>\n<li data-start=\"2152\" data-end=\"2230\">\n<p data-start=\"2154\" data-end=\"2230\"><strong data-start=\"2154\" data-end=\"2175\">Dobbelt Vaping-tilstand:<\/strong> Underst\u00f8tter b\u00e5de DTL og MTL for bredere kundetilfredshed.<\/p>\n<\/li>\n<li data-start=\"2231\" data-end=\"2323\">\n<p data-start=\"2233\" data-end=\"2323\"><strong data-start=\"2233\" data-end=\"2252\">0,6\u03a9 Mesh Coil:<\/strong> Giver glidende luftstr\u00f8m, tykke skyer og ensartet smagsudbytte.<\/p>\n<\/li>\n<li data-start=\"2324\" data-end=\"2406\">\n<p data-start=\"2326\" data-end=\"2406\"><strong data-start=\"2326\" data-end=\"2346\">1000mAh Batteri:<\/strong> Genopladeligt str\u00f8mforsyningssystem designet til tung daglig brug.<\/p>\n<\/li>\n<li data-start=\"2407\" data-end=\"2492\">\n<p data-start=\"2409\" data-end=\"2492\"><strong data-start=\"2409\" data-end=\"2429\">Type-C Opladning:<\/strong> Hurtigere og mere stabil genopladning med moderne kompatibilitet.<\/p>\n<\/li>\n<li data-start=\"2493\" data-end=\"2582\">\n<p data-start=\"2495\" data-end=\"2582\"><strong data-start=\"2495\" data-end=\"2521\">Smart Digital Display:<\/strong> Viser batteri- og v\u00e6skeniveauer for p\u00e5lidelig daglig brug.<\/p>\n<\/li>\n<li data-start=\"2583\" data-end=\"2666\">\n<p data-start=\"2585\" data-end=\"2666\"><strong data-start=\"2585\" data-end=\"2614\">6mg\/ml Nikotinstyrke:<\/strong> Afbalanceret levering designet til shisha-stil vaping.<\/p>\n<\/li>\n<\/ul>\n<div>\n<figure id=\"attachment_4783\" aria-describedby=\"caption-attachment-4783\" style=\"width: 300px\" class=\"wp-caption alignnone\"><img decoding=\"async\" class=\"size-medium wp-image-4783\" src=\"https:\/\/vapestornado.com\/wp-content\/uploads\/2026\/01\/AL-Fakher-60k-Crown-Bar-EHOSE-X-60000-Puff-Disposable-Vape-300x300.webp\" alt=\"Al Fakher 60k Crown Bar EHOSE X Engangs Vape med 60000 sug\" width=\"300\" height=\"300\" srcset=\"https:\/\/vapestornado.com\/wp-content\/uploads\/2026\/01\/AL-Fakher-60k-Crown-Bar-EHOSE-X-60000-Puff-Disposable-Vape-300x300.webp 300w, https:\/\/vapestornado.com\/wp-content\/uploads\/2026\/01\/AL-Fakher-60k-Crown-Bar-EHOSE-X-60000-Puff-Disposable-Vape-150x150.webp 150w, https:\/\/vapestornado.com\/wp-content\/uploads\/2026\/01\/AL-Fakher-60k-Crown-Bar-EHOSE-X-60000-Puff-Disposable-Vape-768x768.webp 768w, https:\/\/vapestornado.com\/wp-content\/uploads\/2026\/01\/AL-Fakher-60k-Crown-Bar-EHOSE-X-60000-Puff-Disposable-Vape-12x12.webp 12w, https:\/\/vapestornado.com\/wp-content\/uploads\/2026\/01\/AL-Fakher-60k-Crown-Bar-EHOSE-X-60000-Puff-Disposable-Vape-600x600.webp 600w, https:\/\/vapestornado.com\/wp-content\/uploads\/2026\/01\/AL-Fakher-60k-Crown-Bar-EHOSE-X-60000-Puff-Disposable-Vape-100x100.webp 100w, https:\/\/vapestornado.com\/wp-content\/uploads\/2026\/01\/AL-Fakher-60k-Crown-Bar-EHOSE-X-60000-Puff-Disposable-Vape.webp 800w\" sizes=\"(max-width: 300px) 100vw, 300px\" \/><figcaption id=\"caption-attachment-4783\" class=\"wp-caption-text\">Al Fakher 60k Crown Bar EHOSE X Engangs Vape med 60000 sug<\/figcaption><\/figure>\n<\/div>\n<h2 class=\"product-title\"><strong>Al Fakher 60k EHose X Smagsliste til Sug<\/strong><\/h2>\n<p>1 B\u00e6r Bl\u00e5<br \/>\n2 B\u00e6r Is<br \/>\n3 Solb\u00e6r Is<br \/>\n4 Solb\u00e6r Mynte<br \/>\n5 Bl\u00e5 Razz Eksplosion<br \/>\n6 Bl\u00e5 Razz Lemonade<br \/>\n7 Bl\u00e5b\u00e6r Kirseb\u00e6r<br \/>\n8 Bl\u00e5b\u00e6r Tyggegummi<br \/>\n9 Bl\u00e5b\u00e6r Lemonade<br \/>\n10 Bl\u00e5b\u00e6r Mynte<br \/>\n11 Bl\u00e5b\u00e6r Hindb\u00e6r<br \/>\n12 Bl\u00e5b\u00e6r Sur Hindb\u00e6r<br \/>\n13 Kirseb\u00e6r Fiesta<br \/>\n14 Kirseb\u00e6r Fizz<br \/>\n15 Kirseb\u00e6r Is<br \/>\n16 K\u00f8lig Mango<br \/>\n17 Fusion Pop<br \/>\n18 Drue<br \/>\n19 Drue B\u00e6r<br \/>\n20 Drue Mynte<br \/>\n21 Tyggegummi Mynte<br \/>\n22 Hubba<br \/>\n23 Is Bl\u00e5<br \/>\n24 Citron Lime<br \/>\n25 Citron Lime Kirseb\u00e6r Fizz<br \/>\n26 Citron Mynte<br \/>\n27 Lush Ice<br \/>\n28 Magisk K\u00e6rlighed<br \/>\n29 Mango Ananas<br \/>\n30 Menthol<br \/>\n31 Mint<br \/>\n32 Blandet B\u00e6r<br \/>\n33 Appelsin Mint<br \/>\n34 Fersken Is<br \/>\n35 Ananas Is<br \/>\n36 Rumdr\u00f8m<br \/>\n37 Spearmint<br \/>\n38 Jordb\u00e6r Kirseb\u00e6r<br \/>\n39 Jordb\u00e6r Punch<br \/>\n40 Sommerdr\u00f8m<br \/>\n41 To \u00c6ble<br \/>\n42 Vandmelon Kirseb\u00e6r<br \/>\n43 Vandmelon Kiwi<br \/>\n44 Vandmelon Lime<br \/>\n45 Vandmelon Ananas<\/p>\n<div class=\"flex-shrink-0 flex flex-col relative items-end\">\n<div class=\"pt-0\">\n<div class=\"gizmo-bot-avatar flex h-8 w-8 items-center justify-center overflow-hidden rounded-full\">\n<div class=\"relative p-1 rounded-sm flex items-center justify-center bg-token-main-surface-primary text-token-text-primary h-8 w-8\">\n<h2 data-start=\"1200\" data-end=\"1487\">Vapes Tornado \u2013 Din Engros Online Dampbutik for Popul\u00e6re Vapes<\/h2>\n<p data-start=\"72\" data-end=\"396\"><strong data-start=\"72\" data-end=\"89\">Vapes Tornado<\/strong> er en Europa-fokuseret engros online dampbutik, der leverer et omhyggeligt udvalgt sortiment af <strong data-start=\"178\" data-end=\"195\">popul\u00e6re vapes<\/strong> til professionelle k\u00f8bere. Vi arbejder med detailhandlere, distribut\u00f8rer og online butikker over hele EU, som har brug for stabil forsyning, klar produktinformation og m\u00e6rker, som kunderne allerede genkender og stoler p\u00e5.<\/p>\n<p data-start=\"398\" data-end=\"687\">Vi arbejder med betroede navne som <strong data-start=\"247\" data-end=\"352\">Elf Bar Vape, WASPE Vape, <a href=\"https:\/\/vapestornado.com\/da\/product\/uzy-150k-puffs-6-in-1-flavor-switch-disposable-vape-pen-wholesale\/\">UZY Vape<\/a>, Bang Vape, Razz Bar Vape, <a href=\"https:\/\/vapestornado.com\/da\/product\/randm-12000-puffs-fumot-digital-disposable-vape-wholesale-price\/\">Fumot VAPE<\/a>, <a href=\"https:\/\/vapestornado.com\/da\/product\/original-wga-ultra-35k-35000-puff-rechargeable-crystal-disposable-nicotine-vape-best-discount-price\/\">WGA VAPE<\/a>, <a href=\"https:\/\/vapestornado.com\/da\/product\/vozol-gear-shisha-25k-25000-puffs-best-dtl-disposable-vape-hookah-cheap-price\/\">VOZOL BAR VAPE<\/a>,\u00a0og Stag Bar Vape<\/strong>, valgt for ensartet kvalitet og stor eftersp\u00f8rgsel p\u00e5 det europ\u00e6iske marked.<\/p>\n<h4 data-start=\"1080\" data-end=\"1120\">Designet til europ\u00e6iske engrosk\u00f8bere<\/h4>\n<p data-start=\"1121\" data-end=\"1189\">Vapes Tornado er struktureret omkring de reelle behov hos EU-engrosforhandlere:<\/p>\n<ul data-start=\"1190\" data-end=\"1400\">\n<li data-start=\"1190\" data-end=\"1239\">\n<p data-start=\"1192\" data-end=\"1239\">Konkurrencedygtige engrospriser for bulkbestillinger<\/p>\n<\/li>\n<li data-start=\"1240\" data-end=\"1289\">\n<p data-start=\"1242\" data-end=\"1289\">Klare produktbeskrivelser og specifikationer<\/p>\n<\/li>\n<li data-start=\"1290\" data-end=\"1330\">\n<p data-start=\"1292\" data-end=\"1330\">Hurtig, p\u00e5lidelig EU-orienteret logistik<\/p>\n<\/li>\n<li data-start=\"1331\" data-end=\"1400\">\n<p data-start=\"1333\" data-end=\"1400\">En katalog fokuseret p\u00e5 <strong data-start=\"1356\" data-end=\"1373\">popul\u00e6re vapes<\/strong>, ikke overm\u00e6ttede SKU'er<\/p>\n<\/li>\n<\/ul>\n<h2 data-start=\"2064\" data-end=\"2115\">FAQs om Al Fakher 60k EHose X Engangs Vape<\/h2>\n<p data-start=\"3387\" data-end=\"3541\"><strong data-start=\"3387\" data-end=\"3441\">1. Hvem er Al Fakher 60K E-Hose X designet til?<\/strong><br data-start=\"3441\" data-end=\"3444\" \/>Den er lavet til shisha-elskere og h\u00f8jtforbrugende engangsbrugere, der \u00f8nsker langvarig ydeevne.<\/p>\n<p data-start=\"3543\" data-end=\"3668\"><strong data-start=\"3543\" data-end=\"3587\">2. Kan brugere skifte mellem DTL og MTL?<\/strong><br data-start=\"3587\" data-end=\"3590\" \/>Ja, den dobbelte vaping-tilstand tillader b\u00e5de direkte-til-lunge og mund-til-lunge stilarter.<\/p>\n<p data-start=\"3670\" data-end=\"3796\"><strong data-start=\"3670\" data-end=\"3708\">3. Hvor l\u00e6nge holder batteriet?<\/strong><br data-start=\"3708\" data-end=\"3711\" \/>Det 1000mAh batteri underst\u00f8tter lang daglig brug og kan hurtigt genoplades med Type-C.<\/p>\n<p data-start=\"3798\" data-end=\"3944\"><strong data-start=\"3798\" data-end=\"3857\">4. Forbliver smagen konstant gennem 60.000 sug?<\/strong><br data-start=\"3857\" data-end=\"3860\" \/>Mesh-spiralen og 50ml e-v\u00e6ske systemet hj\u00e6lper med at opretholde stabil smag og dampudgang.<\/p>\n<p data-start=\"3946\" data-end=\"4135\"><strong data-start=\"3946\" data-end=\"4028\">5. Er denne model egnet til engangs vapes til engrosmarkedet i Danmark og EU?<\/strong><br data-start=\"4028\" data-end=\"4031\" \/>Ja, den er designet til storskala distribution med p\u00e5lidelig ydeevne og st\u00e6rk brandgenkendelse.<\/p>\n<\/div>\n<\/div>\n<\/div>\n<\/div>","protected":false},"excerpt":{"rendered":"<p data-start=\"4645\" data-end=\"4728\"><strong data-start=\"0\" data-end=\"26\" data-is-only-node=\"\">Al Fakher 60K E-Hose X<\/strong> leverer op til <strong data-start=\"42\" data-end=\"58\">60.000 puffs<\/strong> med glat shisha-stil damp, <strong data-start=\"91\" data-end=\"111\">dobbelt vaping-tilstand<\/strong>, og en kraftfuld <strong data-start=\"128\" data-end=\"160\">1000mAh genopladeligt batteri<\/strong>. Bygget til h\u00f8jt salgsvolumen, denne <strong data-start=\"196\" data-end=\"223\">Crown Bar Crystal 60000<\/strong> tilbyder st\u00e6rk smag, lang levetid, og <strong data-start=\"261\" data-end=\"300\">lavpris engangs vape engros<\/strong> i hele Europa.<\/p>\n<p><strong>Tilf\u00f8j Amys whatsapp for at f\u00e5 korrekt svar og rabatpris!<\/strong><\/p>\n<p><img fetchpriority=\"high\" decoding=\"async\" class=\"size-full wp-image-2932\" src=\"https:\/\/vapestornado.com\/wp-content\/uploads\/2024\/12\/Vape-Wholesale.jpg\" alt=\"Vape Engros\" width=\"229\" height=\"300\" \/><\/p>\n<h3><a href=\"https:\/\/wa.me\/8617776015835\"><span style=\"color: #ff0000;\"><strong>WhatsApp: +86 17776015835<\/strong><\/span><\/a><\/h3>","protected":false},"featured_media":4784,"comment_status":"open","ping_status":"closed","template":"","meta":{"_acf_changed":false,"_uag_custom_page_level_css":"","_lmt_disableupdate":"no","_lmt_disable":"","_monsterinsights_skip_tracking":false,"_monsterinsights_sitenote_active":false,"_monsterinsights_sitenote_note":"","_monsterinsights_sitenote_category":0,"site-sidebar-layout":"default","site-content-layout":"","ast-site-content-layout":"default","site-content-style":"default","site-sidebar-style":"default","ast-global-header-display":"","ast-banner-title-visibility":"","ast-main-header-display":"","ast-hfb-above-header-display":"","ast-hfb-below-header-display":"","ast-hfb-mobile-header-display":"","site-post-title":"","ast-breadcrumbs-content":"","ast-featured-img":"","footer-sml-layout":"","ast-disable-related-posts":"","theme-transparent-header-meta":"default","adv-header-id-meta":"","stick-header-meta":"","header-above-stick-meta":"","header-main-stick-meta":"","header-below-stick-meta":"","astra-migrate-meta-layouts":"set","ast-page-background-enabled":"default","ast-page-background-meta":{"desktop":{"background-color":"","background-image":"","background-repeat":"repeat","background-position":"center center","background-size":"auto","background-attachment":"scroll","background-type":"","background-media":"","overlay-type":"","overlay-color":"","overlay-opacity":"","overlay-gradient":""},"tablet":{"background-color":"","background-image":"","background-repeat":"repeat","background-position":"center center","background-size":"auto","background-attachment":"scroll","background-type":"","background-media":"","overlay-type":"","overlay-color":"","overlay-opacity":"","overlay-gradient":""},"mobile":{"background-color":"","background-image":"","background-repeat":"repeat","background-position":"center center","background-size":"auto","background-attachment":"scroll","background-type":"","background-media":"","overlay-type":"","overlay-color":"","overlay-opacity":"","overlay-gradient":""}},"ast-content-background-meta":{"desktop":{"background-color":"var(--ast-global-color-5)","background-image":"","background-repeat":"repeat","background-position":"center center","background-size":"auto","background-attachment":"scroll","background-type":"","background-media":"","overlay-type":"","overlay-color":"","overlay-opacity":"","overlay-gradient":""},"tablet":{"background-color":"var(--ast-global-color-5)","background-image":"","background-repeat":"repeat","background-position":"center center","background-size":"auto","background-attachment":"scroll","background-type":"","background-media":"","overlay-type":"","overlay-color":"","overlay-opacity":"","overlay-gradient":""},"mobile":{"background-color":"var(--ast-global-color-5)","background-image":"","background-repeat":"repeat","background-position":"center center","background-size":"auto","background-attachment":"scroll","background-type":"","background-media":"","overlay-type":"","overlay-color":"","overlay-opacity":"","overlay-gradient":""}},"_joinchat":[]},"product_brand":[],"product_cat":[343,531,140,150,152,156,158,142,146,147],"product_tag":[537,536,317,538,291,539,513,512],"class_list":{"0":"post-4788","1":"product","2":"type-product","3":"status-publish","4":"has-post-thumbnail","6":"product_cat-60000-puff","7":"product_cat-al-fakher-crown-bar","8":"product_cat-big-puffs-disposable-vapes","9":"product_cat-buy-disposable-vapes-in-belgium","10":"product_cat-buy-disposable-vapes-in-cermany","11":"product_cat-buy-disposable-vapes-in-poland","12":"product_cat-buy-disposable-vapes-in-spain","13":"product_cat-digital-box-disposable-vapes","14":"product_cat-rechargeable-disposable-vapes","15":"product_cat-shisha-hookah-disposable-vapes","16":"product_tag-al-fakher-60000","17":"product_tag-al-fakher-60k-ehose-x","18":"product_tag-al-fakher-crown-bar","19":"product_tag-disposable-e-shisha","20":"product_tag-disposable-shisha-hookah","21":"product_tag-hookah-shisha","22":"product_tag-vape-discount-price","23":"product_tag-vape-wholesale-distributor","24":"desktop-align-left","25":"tablet-align-left","26":"mobile-align-left","28":"first","29":"instock","30":"sale","31":"shipping-taxable","32":"purchasable","33":"product-type-simple"},"acf":[],"uagb_featured_image_src":{"full":["https:\/\/vapestornado.com\/wp-content\/uploads\/2026\/01\/AL-Fakher-Crown-Bar-EHOSE-X-60K-Disposable-Vape.webp",800,800,false],"thumbnail":["https:\/\/vapestornado.com\/wp-content\/uploads\/2026\/01\/AL-Fakher-Crown-Bar-EHOSE-X-60K-Disposable-Vape-150x150.webp",150,150,true],"medium":["https:\/\/vapestornado.com\/wp-content\/uploads\/2026\/01\/AL-Fakher-Crown-Bar-EHOSE-X-60K-Disposable-Vape-300x300.webp",300,300,true],"medium_large":["https:\/\/vapestornado.com\/wp-content\/uploads\/2026\/01\/AL-Fakher-Crown-Bar-EHOSE-X-60K-Disposable-Vape-768x768.webp",768,768,true],"large":["https:\/\/vapestornado.com\/wp-content\/uploads\/2026\/01\/AL-Fakher-Crown-Bar-EHOSE-X-60K-Disposable-Vape.webp",800,800,false],"1536x1536":["https:\/\/vapestornado.com\/wp-content\/uploads\/2026\/01\/AL-Fakher-Crown-Bar-EHOSE-X-60K-Disposable-Vape.webp",800,800,false],"2048x2048":["https:\/\/vapestornado.com\/wp-content\/uploads\/2026\/01\/AL-Fakher-Crown-Bar-EHOSE-X-60K-Disposable-Vape.webp",800,800,false],"trp-custom-language-flag":["https:\/\/vapestornado.com\/wp-content\/uploads\/2026\/01\/AL-Fakher-Crown-Bar-EHOSE-X-60K-Disposable-Vape-12x12.webp",12,12,true],"woocommerce_thumbnail":["https:\/\/vapestornado.com\/wp-content\/uploads\/2026\/01\/AL-Fakher-Crown-Bar-EHOSE-X-60K-Disposable-Vape-300x300.webp",300,300,true],"woocommerce_single":["https:\/\/vapestornado.com\/wp-content\/uploads\/2026\/01\/AL-Fakher-Crown-Bar-EHOSE-X-60K-Disposable-Vape-600x600.webp",600,600,true],"woocommerce_gallery_thumbnail":["https:\/\/vapestornado.com\/wp-content\/uploads\/2026\/01\/AL-Fakher-Crown-Bar-EHOSE-X-60K-Disposable-Vape-100x100.webp",100,100,true]},"uagb_author_info":{"display_name":"ESAMY","author_link":"https:\/\/vapestornado.com\/da\/author\/"},"uagb_comment_info":0,"uagb_excerpt":"Al Fakher 60K E-Hose X delivers up to 60,000 puffs with smooth shisha-style vapor, dual vaping mode, and a powerful 1000mAh rechargeable battery. Built for high-volume sales, this Crown Bar Crystal 60000 offers strong flavor, long life, and low-price disposable vape wholesale across Europe. Add Amy's whatsapp to get right reply and discount price! WhatsApp:&hellip;","_links":{"self":[{"href":"https:\/\/vapestornado.com\/da\/wp-json\/wp\/v2\/product\/4788","targetHints":{"allow":["GET"]}}],"collection":[{"href":"https:\/\/vapestornado.com\/da\/wp-json\/wp\/v2\/product"}],"about":[{"href":"https:\/\/vapestornado.com\/da\/wp-json\/wp\/v2\/types\/product"}],"replies":[{"embeddable":true,"href":"https:\/\/vapestornado.com\/da\/wp-json\/wp\/v2\/comments?post=4788"}],"wp:featuredmedia":[{"embeddable":true,"href":"https:\/\/vapestornado.com\/da\/wp-json\/wp\/v2\/media\/4784"}],"wp:attachment":[{"href":"https:\/\/vapestornado.com\/da\/wp-json\/wp\/v2\/media?parent=4788"}],"wp:term":[{"taxonomy":"product_brand","embeddable":true,"href":"https:\/\/vapestornado.com\/da\/wp-json\/wp\/v2\/product_brand?post=4788"},{"taxonomy":"product_cat","embeddable":true,"href":"https:\/\/vapestornado.com\/da\/wp-json\/wp\/v2\/product_cat?post=4788"},{"taxonomy":"product_tag","embeddable":true,"href":"https:\/\/vapestornado.com\/da\/wp-json\/wp\/v2\/product_tag?post=4788"}],"curies":[{"name":"wp","href":"https:\/\/api.w.org\/{rel}","templated":true}]}}