{"id":4781,"date":"2026-01-07T09:28:57","date_gmt":"2026-01-07T09:28:57","guid":{"rendered":"https:\/\/vapestornado.com\/?post_type=product&#038;p=4781"},"modified":"2026-01-07T09:59:16","modified_gmt":"2026-01-07T09:59:16","slug":"al-fakher-mega-max-40k-puffs-crown-bar-disposable-e-shisha-hookah-vape-adjustable-airflow","status":"publish","type":"product","link":"https:\/\/vapestornado.com\/da\/product\/al-fakher-mega-max-40k-puffs-crown-bar-disposable-e-shisha-hookah-vape-adjustable-airflow\/","title":{"rendered":"Al Fakher Mega Max 40K Puffs Crown Bar Engangs E-Shisha Hookah Vape Justerbar Luftstr\u00f8m"},"content":{"rendered":"<h1 data-start=\"0\" data-end=\"87\">Al Fakher Mega Max 40K Puffs Crown Bar Engangs E-Shisha Hookah Vape med Justerbar Luftstr\u00f8m<\/h1>\n<p data-start=\"207\" data-end=\"581\">Designet til h\u00f8jtforbrugere og engrosmarkeder, den <strong data-start=\"262\" data-end=\"288\">Al Fakher Mega Max 40K<\/strong> repr\u00e6senterer den n\u00e6ste udvikling inden for engangs e-shisha ydeevne. Med op til <strong data-start=\"366\" data-end=\"382\">40.000 sug<\/strong>, justerbar luftstr\u00f8m, og Al Fakher\u2019s karakteristiske smagsudvikling, er denne enhed positioneret som en premium, men praktisk l\u00f8sning for distribut\u00f8rer i Danmark, der s\u00f8ger stabil oms\u00e6tning og st\u00e6rk gentagelses eftersp\u00f8rgsel.<\/p>\n<p data-start=\"583\" data-end=\"1045\">Som en del af <strong data-start=\"598\" data-end=\"621\">Al Fakher Krone Bar<\/strong> sortimentet er Mega Max 40000 designet til at levere ensartet output gennem hele dets levetid. Kombinationen af en <strong data-start=\"738\" data-end=\"756\">dobbelt mesh coil<\/strong>, <strong data-start=\"758\" data-end=\"785\">20ml forudfyldt e-v\u00e6ske<\/strong>og et <strong data-start=\"793\" data-end=\"824\">genopladeligt 850mAh-batteri<\/strong> sikrer p\u00e5lidelig dampdensitet og smagsklarhed fra den f\u00f8rste tr\u00e6k til den sidste. Dette g\u00f8r den s\u00e6rligt egnet til kunder, der skifter fra traditionelle hookah- eller genanvendelige e-shisha-systemer til engangsformater.<\/p>\n<p data-start=\"1047\" data-end=\"1332\">Den <strong data-start=\"1051\" data-end=\"1080\">justerbare luftstr\u00f8mssystem<\/strong> giver brugerne mulighed for at finjustere deres inhalation, skifte mellem en strammere hookah-stil tr\u00e6k og et mere \u00e5bent, luftigt hit. Denne fleksibilitet udvider dens appel p\u00e5 tv\u00e6rs af forskellige vaping-pr\u00e6ferencer, hvilket hj\u00e6lper detailhandlere med at d\u00e6kke flere kundesegmenter med en enkelt SKU.<\/p>\n<p data-start=\"1334\" data-end=\"1686\">For engrosk\u00f8bere tilbyder Al Fakher Mega Max 40K det, der betyder mest: genkendelig branding, kontrolleret nikotinstyrke, moderne Type-C opladning, og en byggekvalitet, der afspejler langvarig p\u00e5lidelighed frem for kortvarig nyhed. Positioneret som en <strong data-start=\"1589\" data-end=\"1620\">konkurrencedygtig engrospris<\/strong>, er den en st\u00e6rk spiller i EU's engangs e-shisha kategori.<\/p>\n<h2 data-start=\"2768\" data-end=\"2821\">Hvorfor v\u00e6lge Al Fakher Mega Max 40000 til engros?<\/h2>\n<p data-start=\"2823\" data-end=\"3237\">Den <strong data-start=\"2827\" data-end=\"2855\">Al Fakher Mega Max 40000<\/strong> er udviklet til konsistens, ikke gimmicks. Den udnytter Al Fakher\u2019s globale brandtillid, samtidig med at den opfylder forventningerne fra EU-distribut\u00f8rer, der prioriterer p\u00e5lidelighed, lovgivningsm\u00e6ssig positionering og forudsigelig salgsgennemstr\u00f8mning. Dens engangs e-shisha hookah-format, justerbar luftstr\u00f8m og lange puff-levetid g\u00f8r den til et st\u00e6rkt supplement til b\u00e5de vape-fokuserede og hookah-orienterede detailkanaler.<\/p>\n<p><strong><span style=\"color: #ff0000;\">Tilf\u00f8j Amys whatsapp, f\u00e5 et hurtigt svar og en vape-kupon!<\/span><\/strong><\/p>\n<p><img fetchpriority=\"high\" decoding=\"async\" class=\"size-full wp-image-2932\" src=\"https:\/\/vapestornado.com\/wp-content\/uploads\/2024\/12\/Vape-Wholesale.jpg\" alt=\"Vape Engros\" width=\"229\" height=\"300\" \/><\/p>\n<h3><a href=\"https:\/\/wa.me\/8617776015835\" target=\"_blank\" rel=\"noopener\"><span style=\"color: #ff0000;\"><strong>WhatsApp: +86 17776015835<\/strong><\/span><\/a><\/h3>\n<p>&nbsp;<\/p>\n<h2><strong>Al Fakher Mega Max 40K Puffs Produktfunktioner<\/strong><\/h2>\n<ul>\n<li data-start=\"113\" data-end=\"228\">\n<p data-start=\"115\" data-end=\"228\"><strong data-start=\"115\" data-end=\"139\">40.000 Puff Kapacitet<\/strong> \u2013 Leverer forl\u00e6nget DTL-vape-ydeevne designet til langvarig, hyppig brug.<\/p>\n<\/li>\n<li data-start=\"229\" data-end=\"361\">\n<p data-start=\"231\" data-end=\"361\"><strong data-start=\"231\" data-end=\"258\">DTL Shisha Hookah Stil<\/strong> \u2013 Optimeret til direkte lungeind\u00e5ndinger, der producerer t\u00e6tte skyer svarende til traditionelle hookah-sessioner.<\/p>\n<\/li>\n<li data-start=\"362\" data-end=\"476\">\n<p data-start=\"364\" data-end=\"476\"><strong data-start=\"364\" data-end=\"393\">Dual Mesh Coil Teknologi<\/strong> \u2013 Sikrer j\u00e6vn opvarmning og stabil smagsudgang fra den f\u00f8rste til den sidste puff.<\/p>\n<\/li>\n<li data-start=\"477\" data-end=\"605\">\n<p data-start=\"479\" data-end=\"605\"><strong data-start=\"479\" data-end=\"508\">Justerbart Luftstr\u00f8msystem<\/strong> \u2013 G\u00f8r det muligt for brugere at finjustere modstanden i tr\u00e6k for en personlig DTL- eller shisha-stil inhalation.<\/p>\n<\/li>\n<li data-start=\"606\" data-end=\"729\">\n<p data-start=\"608\" data-end=\"729\"><strong data-start=\"608\" data-end=\"636\">20ml Forudfyldt E-v\u00e6ske<\/strong> \u2013 Stor e-v\u00e6skekapacitet reducerer udskiftningsfrekvensen og underst\u00f8tter lange vape-sessioner.<\/p>\n<\/li>\n<li data-start=\"730\" data-end=\"841\">\n<p data-start=\"732\" data-end=\"841\"><strong data-start=\"732\" data-end=\"757\">0,6% Nikotinstyrke<\/strong> \u2013 Giver en glidende, kontrolleret nikotinudlevering, der er egnet til langvarig daglig brug.<\/p>\n<\/li>\n<li data-start=\"842\" data-end=\"945\">\n<p data-start=\"844\" data-end=\"945\"><strong data-start=\"844\" data-end=\"875\">850mAh Genopladeligt Batteri<\/strong> \u2013 Leverer konstant str\u00f8m gennem hele 40K puff-livscyklussen.<\/p>\n<\/li>\n<li data-start=\"946\" data-end=\"1051\">\n<p data-start=\"948\" data-end=\"1051\"><strong data-start=\"948\" data-end=\"976\">USB Type-C Hurtigopladning<\/strong> \u2013 Muligg\u00f8r hurtig, bekvem genopladning med moderne enheds-kompatibilitet.<\/p>\n<\/li>\n<li data-start=\"1052\" data-end=\"1148\">\n<p data-start=\"1054\" data-end=\"1148\"><strong data-start=\"1054\" data-end=\"1076\">LED-sk\u00e6rm<\/strong> \u2013 Viser tydeligt batteri- og e-v\u00e6skeniveauer for bedre brugskontrol.<\/p>\n<\/li>\n<li data-start=\"1149\" data-end=\"1259\">\n<p data-start=\"1151\" data-end=\"1259\"><strong data-start=\"1151\" data-end=\"1176\">Premium Aluminiumkrop<\/strong> \u2013 Kombinerer holdbarhed med en ergonomisk, high-end finish til daglig b\u00e6rbarhed.<\/p>\n<\/li>\n<\/ul>\n<figure id=\"attachment_4777\" aria-describedby=\"caption-attachment-4777\" style=\"width: 300px\" class=\"wp-caption alignnone\"><img decoding=\"async\" class=\"size-medium wp-image-4777\" src=\"https:\/\/vapestornado.com\/wp-content\/uploads\/2026\/01\/Al-Fakher-Mega-Max-40K-40000-Puff-Vape-Wholesale-Spain-300x300.webp\" alt=\"Al Fakher Mega Max 40K 40000 Puf Vape Engros Spanien\" width=\"300\" height=\"300\" srcset=\"https:\/\/vapestornado.com\/wp-content\/uploads\/2026\/01\/Al-Fakher-Mega-Max-40K-40000-Puff-Vape-Wholesale-Spain-300x300.webp 300w, https:\/\/vapestornado.com\/wp-content\/uploads\/2026\/01\/Al-Fakher-Mega-Max-40K-40000-Puff-Vape-Wholesale-Spain-150x150.webp 150w, https:\/\/vapestornado.com\/wp-content\/uploads\/2026\/01\/Al-Fakher-Mega-Max-40K-40000-Puff-Vape-Wholesale-Spain-768x768.webp 768w, https:\/\/vapestornado.com\/wp-content\/uploads\/2026\/01\/Al-Fakher-Mega-Max-40K-40000-Puff-Vape-Wholesale-Spain-12x12.webp 12w, https:\/\/vapestornado.com\/wp-content\/uploads\/2026\/01\/Al-Fakher-Mega-Max-40K-40000-Puff-Vape-Wholesale-Spain-600x600.webp 600w, https:\/\/vapestornado.com\/wp-content\/uploads\/2026\/01\/Al-Fakher-Mega-Max-40K-40000-Puff-Vape-Wholesale-Spain-100x100.webp 100w, https:\/\/vapestornado.com\/wp-content\/uploads\/2026\/01\/Al-Fakher-Mega-Max-40K-40000-Puff-Vape-Wholesale-Spain.webp 800w\" sizes=\"(max-width: 300px) 100vw, 300px\" \/><figcaption id=\"caption-attachment-4777\" class=\"wp-caption-text\">Al Fakher Mega Max 40K 40000 Puf Vape Engros Spanien<\/figcaption><\/figure>\n<p>&nbsp;<\/p>\n<div><\/div>\n<h2 class=\"product-title\"><strong>Al Fakher Mega Max 40K Puf Smagsliste<\/strong><\/h2>\n<p>1 B\u00e6r Bl\u00e5<br \/>\n2 B\u00e6r Is<br \/>\n3 Solb\u00e6r Is<br \/>\n4 Solb\u00e6r Mynte<br \/>\n5 Bl\u00e5 Razz Eksplosion<br \/>\n6 Bl\u00e5 Razz Lemonade<br \/>\n7 Bl\u00e5b\u00e6r Kirseb\u00e6r<br \/>\n8 Bl\u00e5b\u00e6r Tyggegummi<br \/>\n9 Bl\u00e5b\u00e6r Lemonade<br \/>\n10 Bl\u00e5b\u00e6r Mynte<br \/>\n11 Bl\u00e5b\u00e6r Hindb\u00e6r<br \/>\n12 Bl\u00e5b\u00e6r Sur Hindb\u00e6r<br \/>\n13 Kirseb\u00e6r Fiesta<br \/>\n14 Kirseb\u00e6r Fizz<br \/>\n15 Kirseb\u00e6r Is<br \/>\n16 K\u00f8lig Mango<br \/>\n17 Fusion Pop<br \/>\n18 Drue<br \/>\n19 Drue B\u00e6r<br \/>\n20 Drue Mynte<br \/>\n21 Tyggegummi Mynte<br \/>\n22 Hubba<br \/>\n23 Is Bl\u00e5<br \/>\n24 Citron Lime<br \/>\n25 Citron Lime Kirseb\u00e6r Fizz<br \/>\n26 Citron Mynte<br \/>\n27 Lush Ice<br \/>\n28 Magisk K\u00e6rlighed<br \/>\n29 Mango Ananas<br \/>\n30 Menthol<br \/>\n31 Mint<br \/>\n32 Blandet B\u00e6r<br \/>\n33 Appelsin Mint<br \/>\n34 Fersken Is<br \/>\n35 Ananas Is<br \/>\n36 Rumdr\u00f8m<br \/>\n37 Spearmint<br \/>\n38 Jordb\u00e6r Kirseb\u00e6r<br \/>\n39 Jordb\u00e6r Punch<br \/>\n40 Sommerdr\u00f8m<br \/>\n41 To \u00c6ble<br \/>\n42 Vandmelon Kirseb\u00e6r<br \/>\n43 Vandmelon Kiwi<br \/>\n44 Vandmelon Lime<br \/>\n45 Vandmelon Ananas<\/p>\n<div class=\"flex-shrink-0 flex flex-col relative items-end\">\n<div class=\"pt-0\">\n<div class=\"gizmo-bot-avatar flex h-8 w-8 items-center justify-center overflow-hidden rounded-full\">\n<div class=\"relative p-1 rounded-sm flex items-center justify-center bg-token-main-surface-primary text-token-text-primary h-8 w-8\">\n<h2 data-start=\"1200\" data-end=\"1487\">Vapes Tornado \u2013 Din Engros Online Dampbutik for Popul\u00e6re Vapes<\/h2>\n<p data-start=\"72\" data-end=\"396\"><strong data-start=\"72\" data-end=\"89\">Vapes Tornado<\/strong> er en Europa-fokuseret engros online dampbutik, der leverer et omhyggeligt udvalgt sortiment af <strong data-start=\"178\" data-end=\"195\">popul\u00e6re vapes<\/strong> til professionelle k\u00f8bere. Vi arbejder med detailhandlere, distribut\u00f8rer og online butikker over hele EU, som har brug for stabil forsyning, klar produktinformation og m\u00e6rker, som kunderne allerede genkender og stoler p\u00e5.<\/p>\n<p data-start=\"398\" data-end=\"687\">Vi arbejder med betroede navne som <strong data-start=\"307\" data-end=\"362\"><a href=\"https:\/\/vapestornado.com\/da\/product\/randm-12000-puffs-fumot-digital-disposable-vape-wholesale-price\/\">Fumot VAPE<\/a>, <a href=\"https:\/\/vapestornado.com\/da\/product\/original-wga-ultra-35k-35000-puff-rechargeable-crystal-disposable-nicotine-vape-best-discount-price\/\">WGA VAPE<\/a>, <\/strong><strong data-start=\"307\" data-end=\"362\"><a href=\"https:\/\/vapestornado.com\/da\/product\/vozol-gear-shisha-25k-25000-puffs-best-dtl-disposable-vape-hookah-cheap-price\/\">VOZOL BAR VAPE<\/a>,<\/strong><strong data-start=\"247\" data-end=\"352\">\u00a0Elf Bar Vape, WASPE Vape, <a href=\"https:\/\/vapestornado.com\/da\/product\/uzy-150k-puffs-6-in-1-flavor-switch-disposable-vape-pen-wholesale\/\">UZY Vape<\/a>, Bang Vape, Razz Bar Vape, og Stag Bar Vape<\/strong>, valgt for ensartet kvalitet og stor eftersp\u00f8rgsel p\u00e5 det europ\u00e6iske marked.<\/p>\n<h4 data-start=\"1080\" data-end=\"1120\">Designet til europ\u00e6iske engrosk\u00f8bere<\/h4>\n<p data-start=\"1121\" data-end=\"1189\">Vapes Tornado er struktureret omkring de reelle behov hos EU-engrosforhandlere:<\/p>\n<ul data-start=\"1190\" data-end=\"1400\">\n<li data-start=\"1190\" data-end=\"1239\">\n<p data-start=\"1192\" data-end=\"1239\">Konkurrencedygtige engrospriser for bulkbestillinger<\/p>\n<\/li>\n<li data-start=\"1240\" data-end=\"1289\">\n<p data-start=\"1242\" data-end=\"1289\">Klare produktbeskrivelser og specifikationer<\/p>\n<\/li>\n<li data-start=\"1290\" data-end=\"1330\">\n<p data-start=\"1292\" data-end=\"1330\">Hurtig, p\u00e5lidelig EU-orienteret logistik<\/p>\n<\/li>\n<li data-start=\"1331\" data-end=\"1400\">\n<p data-start=\"1333\" data-end=\"1400\">En katalog fokuseret p\u00e5 <strong data-start=\"1356\" data-end=\"1373\">popul\u00e6re vapes<\/strong>, ikke overm\u00e6ttede SKU'er<\/p>\n<\/li>\n<\/ul>\n<h2 data-start=\"2064\" data-end=\"2115\">FAQs om Al Fakher Mega Max 40000 Engangs Vape<\/h2>\n<p data-start=\"3278\" data-end=\"3451\"><strong data-start=\"3278\" data-end=\"3343\">1. Hvor lang tid varer Al Fakher Mega Max 40K i reel brug?<\/strong><br data-start=\"3343\" data-end=\"3346\" \/>Brugen afh\u00e6nger af individuelle vaner, men de fleste brugere rapporterer flere ugers ydeevne under regelm\u00e6ssig daglig brug.<\/p>\n<p data-start=\"3453\" data-end=\"3579\"><strong data-start=\"3453\" data-end=\"3497\">2. Er luftstr\u00f8mmen justerbar under brug?<\/strong><br data-start=\"3497\" data-end=\"3500\" \/>Ja, den justerbare luftstr\u00f8m giver brugerne mulighed for at \u00e6ndre tr\u00e6kmodstanden n\u00e5r som helst.<\/p>\n<p data-start=\"3581\" data-end=\"3678\"><strong data-start=\"3581\" data-end=\"3615\">3. Er enheden genopladelig?<\/strong><br data-start=\"3615\" data-end=\"3618\" \/>Ja, den har et 850mAh batteri med USB Type-C opladning.<\/p>\n<p data-start=\"3680\" data-end=\"3856\"><strong data-start=\"3680\" data-end=\"3744\">4. Hvad g\u00f8r denne anderledes end standard engangs vapes?<\/strong><br data-start=\"3744\" data-end=\"3747\" \/>Dens e-shisha hookah-design, store e-v\u00e6skekapacitet og luftstr\u00f8mskontrol adskiller den fra grundl\u00e6ggende engangsprodukter.<\/p>\n<p data-start=\"3858\" data-end=\"4007\"><strong data-start=\"3858\" data-end=\"3912\">5. Er dette egnet til engrosdistribution i EU?<\/strong><br data-start=\"3912\" data-end=\"3915\" \/>Ja, den er designet til EU-markeder og leveres ofte til engrospris ved bulkbestillinger.<\/p>\n<\/div>\n<\/div>\n<\/div>\n<\/div>","protected":false},"excerpt":{"rendered":"<p data-start=\"4472\" data-end=\"4562\"><strong data-start=\"4472\" data-end=\"4560\">Al Fakher Mega Max 40K Engangs E-Shisha med Justerbar Luftstr\u00f8m \u2013 Engros Klar<\/strong><\/p>\n<p data-start=\"4566\" data-end=\"4641\"><strong data-start=\"4566\" data-end=\"4639\">Al Fakher Crown Bar Mega Max 40000 Puffs Hookah Vape til EU Engros<\/strong><\/p>\n<p data-start=\"4645\" data-end=\"4728\"><strong data-start=\"4645\" data-end=\"4728\">Mega Max 40K af Al Fakher \u2013 Langvarig Engangs E-Shisha til Engrospris<\/strong><\/p>\n<p><strong>Tilf\u00f8j Amys whatsapp for at f\u00e5 korrekt svar og rabatpris!<\/strong><\/p>\n<p><img fetchpriority=\"high\" decoding=\"async\" class=\"size-full wp-image-2932\" src=\"https:\/\/vapestornado.com\/wp-content\/uploads\/2024\/12\/Vape-Wholesale.jpg\" alt=\"Vape Engros\" width=\"229\" height=\"300\" \/><\/p>\n<h3><a href=\"https:\/\/wa.me\/8617776015835\"><span style=\"color: #ff0000;\"><strong>WhatsApp: +86 17776015835<\/strong><\/span><\/a><\/h3>","protected":false},"featured_media":4776,"comment_status":"open","ping_status":"closed","template":"","meta":{"_acf_changed":false,"_uag_custom_page_level_css":"","_lmt_disableupdate":"no","_lmt_disable":"","_monsterinsights_skip_tracking":false,"_monsterinsights_sitenote_active":false,"_monsterinsights_sitenote_note":"","_monsterinsights_sitenote_category":0,"site-sidebar-layout":"default","site-content-layout":"","ast-site-content-layout":"default","site-content-style":"default","site-sidebar-style":"default","ast-global-header-display":"","ast-banner-title-visibility":"","ast-main-header-display":"","ast-hfb-above-header-display":"","ast-hfb-below-header-display":"","ast-hfb-mobile-header-display":"","site-post-title":"","ast-breadcrumbs-content":"","ast-featured-img":"","footer-sml-layout":"","ast-disable-related-posts":"","theme-transparent-header-meta":"default","adv-header-id-meta":"","stick-header-meta":"","header-above-stick-meta":"","header-main-stick-meta":"","header-below-stick-meta":"","astra-migrate-meta-layouts":"set","ast-page-background-enabled":"default","ast-page-background-meta":{"desktop":{"background-color":"","background-image":"","background-repeat":"repeat","background-position":"center center","background-size":"auto","background-attachment":"scroll","background-type":"","background-media":"","overlay-type":"","overlay-color":"","overlay-opacity":"","overlay-gradient":""},"tablet":{"background-color":"","background-image":"","background-repeat":"repeat","background-position":"center center","background-size":"auto","background-attachment":"scroll","background-type":"","background-media":"","overlay-type":"","overlay-color":"","overlay-opacity":"","overlay-gradient":""},"mobile":{"background-color":"","background-image":"","background-repeat":"repeat","background-position":"center center","background-size":"auto","background-attachment":"scroll","background-type":"","background-media":"","overlay-type":"","overlay-color":"","overlay-opacity":"","overlay-gradient":""}},"ast-content-background-meta":{"desktop":{"background-color":"var(--ast-global-color-5)","background-image":"","background-repeat":"repeat","background-position":"center center","background-size":"auto","background-attachment":"scroll","background-type":"","background-media":"","overlay-type":"","overlay-color":"","overlay-opacity":"","overlay-gradient":""},"tablet":{"background-color":"var(--ast-global-color-5)","background-image":"","background-repeat":"repeat","background-position":"center center","background-size":"auto","background-attachment":"scroll","background-type":"","background-media":"","overlay-type":"","overlay-color":"","overlay-opacity":"","overlay-gradient":""},"mobile":{"background-color":"var(--ast-global-color-5)","background-image":"","background-repeat":"repeat","background-position":"center center","background-size":"auto","background-attachment":"scroll","background-type":"","background-media":"","overlay-type":"","overlay-color":"","overlay-opacity":"","overlay-gradient":""}},"_joinchat":[]},"product_brand":[],"product_cat":[65,531,140,150,156,158,141,142,146,147],"product_tag":[533,534,535,532,355,287,513,512],"class_list":{"0":"post-4781","1":"product","2":"type-product","3":"status-publish","4":"has-post-thumbnail","6":"product_cat-40000-puff","7":"product_cat-al-fakher-crown-bar","8":"product_cat-big-puffs-disposable-vapes","9":"product_cat-buy-disposable-vapes-in-belgium","10":"product_cat-buy-disposable-vapes-in-poland","11":"product_cat-buy-disposable-vapes-in-spain","12":"product_cat-crystal-disposable-vapes","13":"product_cat-digital-box-disposable-vapes","14":"product_cat-rechargeable-disposable-vapes","15":"product_cat-shisha-hookah-disposable-vapes","16":"product_tag-al-fakher-crown-bar-mega-max","17":"product_tag-al-fakher-crown-bar-mega-max-40000-puffs","18":"product_tag-al-fakher-crown-bar-mega-max-40k","19":"product_tag-al-fakher-mega-max-40k","20":"product_tag-big-puff-vape","21":"product_tag-disposable-vape-pen","22":"product_tag-vape-discount-price","23":"product_tag-vape-wholesale-distributor","24":"desktop-align-left","25":"tablet-align-left","26":"mobile-align-left","28":"first","29":"instock","30":"sale","31":"shipping-taxable","32":"purchasable","33":"product-type-simple"},"acf":[],"uagb_featured_image_src":{"full":["https:\/\/vapestornado.com\/wp-content\/uploads\/2026\/01\/Al-Fakher-Mega-Max-40K-40000-Puff-Disposable-Vapor.webp",800,800,false],"thumbnail":["https:\/\/vapestornado.com\/wp-content\/uploads\/2026\/01\/Al-Fakher-Mega-Max-40K-40000-Puff-Disposable-Vapor-150x150.webp",150,150,true],"medium":["https:\/\/vapestornado.com\/wp-content\/uploads\/2026\/01\/Al-Fakher-Mega-Max-40K-40000-Puff-Disposable-Vapor-300x300.webp",300,300,true],"medium_large":["https:\/\/vapestornado.com\/wp-content\/uploads\/2026\/01\/Al-Fakher-Mega-Max-40K-40000-Puff-Disposable-Vapor-768x768.webp",768,768,true],"large":["https:\/\/vapestornado.com\/wp-content\/uploads\/2026\/01\/Al-Fakher-Mega-Max-40K-40000-Puff-Disposable-Vapor.webp",800,800,false],"1536x1536":["https:\/\/vapestornado.com\/wp-content\/uploads\/2026\/01\/Al-Fakher-Mega-Max-40K-40000-Puff-Disposable-Vapor.webp",800,800,false],"2048x2048":["https:\/\/vapestornado.com\/wp-content\/uploads\/2026\/01\/Al-Fakher-Mega-Max-40K-40000-Puff-Disposable-Vapor.webp",800,800,false],"trp-custom-language-flag":["https:\/\/vapestornado.com\/wp-content\/uploads\/2026\/01\/Al-Fakher-Mega-Max-40K-40000-Puff-Disposable-Vapor-12x12.webp",12,12,true],"woocommerce_thumbnail":["https:\/\/vapestornado.com\/wp-content\/uploads\/2026\/01\/Al-Fakher-Mega-Max-40K-40000-Puff-Disposable-Vapor-300x300.webp",300,300,true],"woocommerce_single":["https:\/\/vapestornado.com\/wp-content\/uploads\/2026\/01\/Al-Fakher-Mega-Max-40K-40000-Puff-Disposable-Vapor-600x600.webp",600,600,true],"woocommerce_gallery_thumbnail":["https:\/\/vapestornado.com\/wp-content\/uploads\/2026\/01\/Al-Fakher-Mega-Max-40K-40000-Puff-Disposable-Vapor-100x100.webp",100,100,true]},"uagb_author_info":{"display_name":"ESAMY","author_link":"https:\/\/vapestornado.com\/da\/author\/"},"uagb_comment_info":0,"uagb_excerpt":"Al Fakher Mega Max 40K Disposable E Shisha with Adjustable Airflow \u2013 Wholesale Ready Al Fakher Crown Bar Mega Max 40000 Puffs Hookah Vape for EU Wholesale Mega Max 40K by Al Fakher \u2013 Long-Lasting Disposable E Shisha at Wholesale Price Add Amy's whatsapp to get right reply and discount price! WhatsApp: +86 17776015835","_links":{"self":[{"href":"https:\/\/vapestornado.com\/da\/wp-json\/wp\/v2\/product\/4781","targetHints":{"allow":["GET"]}}],"collection":[{"href":"https:\/\/vapestornado.com\/da\/wp-json\/wp\/v2\/product"}],"about":[{"href":"https:\/\/vapestornado.com\/da\/wp-json\/wp\/v2\/types\/product"}],"replies":[{"embeddable":true,"href":"https:\/\/vapestornado.com\/da\/wp-json\/wp\/v2\/comments?post=4781"}],"wp:featuredmedia":[{"embeddable":true,"href":"https:\/\/vapestornado.com\/da\/wp-json\/wp\/v2\/media\/4776"}],"wp:attachment":[{"href":"https:\/\/vapestornado.com\/da\/wp-json\/wp\/v2\/media?parent=4781"}],"wp:term":[{"taxonomy":"product_brand","embeddable":true,"href":"https:\/\/vapestornado.com\/da\/wp-json\/wp\/v2\/product_brand?post=4781"},{"taxonomy":"product_cat","embeddable":true,"href":"https:\/\/vapestornado.com\/da\/wp-json\/wp\/v2\/product_cat?post=4781"},{"taxonomy":"product_tag","embeddable":true,"href":"https:\/\/vapestornado.com\/da\/wp-json\/wp\/v2\/product_tag?post=4781"}],"curies":[{"name":"wp","href":"https:\/\/api.w.org\/{rel}","templated":true}]}}