{"id":4751,"date":"2025-12-27T08:35:49","date_gmt":"2025-12-27T08:35:49","guid":{"rendered":"https:\/\/vapestornado.com\/?post_type=product&#038;p=4751"},"modified":"2025-12-27T08:56:38","modified_gmt":"2025-12-27T08:56:38","slug":"fumot-vape-50k-50000-puffs-rechargeable-disposables-vape-eco-2-in-1-flavor-wholesale-germany","status":"publish","type":"product","link":"https:\/\/vapestornado.com\/da\/product\/fumot-vape-50k-50000-puffs-rechargeable-disposables-vape-eco-2-in-1-flavor-wholesale-germany\/","title":{"rendered":"Fumot Vape 50K 50000 puffs Genopladelige Engangs Vapes ECO 2 i 1 Smag Engros Danmark"},"content":{"rendered":"<h2 data-start=\"0\" data-end=\"72\">Fumot Vape 50K: En praktisk 2-i-1-udgave bygget til engros Danmark<\/h2>\n<p data-start=\"74\" data-end=\"625\">Den <strong data-start=\"78\" data-end=\"96\">Fumot Vape 50K<\/strong> <strong data-start=\"117\" data-end=\"137\">\u00a050000 sug<\/strong>\u00a0er designet til distribut\u00f8rer og detailhandlere, der har brug for en <strong data-start=\"193\" data-end=\"225\">Genopladelig engangs e-cigaret<\/strong> der er let at forklare, let at lagerf\u00f8re, og p\u00e5lidelig i daglig brug. Som en del af ECO 2-i-1-serien kombinerer den to smage i \u00e9n enhed og tilf\u00f8jer funktioner, der reducerer kundeforvirring\u2014synligt v\u00e6ske, en status-sk\u00e6rm og Type-C opladning. For <strong data-start=\"477\" data-end=\"509\">Fumot Vape Engros Danmark<\/strong>, underst\u00f8tter denne model klar produktpositionering i kategorien for langvarige engangsprodukter uden at stole p\u00e5 vage p\u00e5stande.<\/p>\n<h2 data-start=\"632\" data-end=\"694\">2-i-1 Dobbelt Smag: Bedre Salg med F\u00e6rre SKUs<\/h2>\n<p data-start=\"696\" data-end=\"1010\">ECO 2-i-1-systemet bruger en <strong data-start=\"725\" data-end=\"761\">10ml + 10ml dobbelt e-v\u00e6ske layout<\/strong>, hvilket giver brugerne to smagsprofiler i \u00e9n enhed. Set fra en grossistperspektiv hj\u00e6lper dette med at reducere det almindelige \u201cforkerte smag\u201d problem og forbedrer gentagelsestilfredsheden\u2014kunder kan skifte smagsprofiler i stedet for at opgive enheden halvvejs.<\/p>\n<p data-start=\"1012\" data-end=\"1208\">For forhandlere forenkler det ogs\u00e5 lagerplanl\u00e6gningen: f\u00e6rre enkelt-smags-SKU'er er n\u00f8dvendige for at tilbyde variation, mens \u201c2-i-1\u201d konceptet er let at kommunikere ved kassen og online.<\/p>\n<h2 data-start=\"1215\" data-end=\"1286\">Gennemsigtig dobbelt olie design: Synlige v\u00e6skeniveauer reducerer klager<\/h2>\n<p data-start=\"1288\" data-end=\"1698\">Et konstant problem i <strong data-start=\"1315\" data-end=\"1335\">Engangs Vape<\/strong> produkter er brugere, der ikke ved, om enheden er tom eller blot skal lades. ECO 2-i-1 50K bruger en <strong data-start=\"1446\" data-end=\"1476\">synlig dobbelt olie struktur<\/strong>, hvilket g\u00f8r det lettere for kunder at se den resterende e-v\u00e6ske tydeligere. Dette reducerer un\u00f8dvendige returneringer og st\u00f8tter bedre kundetillid\u2014is\u00e6r vigtigt i grossistkanaler, hvor efter-salgsfriktion bliver dyrt.<\/p>\n<h2 data-start=\"1705\" data-end=\"1759\">0,9\u03a9 Mesh Coil: Stabilt output over en lang brugscyklus<\/h2>\n<p data-start=\"1761\" data-end=\"1895\">Enheden er udstyret med en <strong data-start=\"1791\" data-end=\"1809\">0,9\u03a9 mesh coil<\/strong>, valgt for j\u00e6vn opvarmning og stabil forst\u00f8vning. I praksis underst\u00f8tter dette:<\/p>\n<ul data-start=\"1896\" data-end=\"2087\">\n<li data-start=\"1896\" data-end=\"1950\">\n<p data-start=\"1898\" data-end=\"1950\">mere konsekvent smagslevering over l\u00e6ngere tid<\/p>\n<\/li>\n<li data-start=\"1951\" data-end=\"2008\">\n<p data-start=\"1953\" data-end=\"2008\">stabilere dampudgang ved gentagne daglige sessioner<\/p>\n<\/li>\n<li data-start=\"2009\" data-end=\"2087\">\n<p data-start=\"2011\" data-end=\"2087\">f\u00e6rre \u201cst\u00e6rk i starten, flad senere\u201d oplevelser, der skader gentagne salg<\/p>\n<\/li>\n<\/ul>\n<p data-start=\"2089\" data-end=\"2214\">For en langvarig platform som <strong data-start=\"2118\" data-end=\"2138\">Fumot Vape 50000<\/strong>, er coil-stabilitet en af de vigtigste faktorer for kundeloyalitet.<\/p>\n<h2 data-start=\"2221\" data-end=\"2282\">950mAh + Type-C: Genopladelig engangs, der forbliver brugbar<\/h2>\n<p data-start=\"2284\" data-end=\"2532\">ECO 2-i-1 50K inkluderer en <strong data-start=\"2314\" data-end=\"2332\">950mAh batteri<\/strong> med en <strong data-start=\"2340\" data-end=\"2364\">Type-C opladningsporten<\/strong>. Denne kombination er afg\u00f8rende for en h\u00f8jkapacitets engangs: den forhindrer tidlig kassation p\u00e5 grund af lavt str\u00f8mforbrug og holder enheden brugbar gennem hele dens tilsigtede levetid.<\/p>\n<p data-start=\"2534\" data-end=\"2705\">For grossistk\u00f8bere er genopladelighed et praktisk v\u00e6rdi punkt, som kunderne forst\u00e5r med det samme\u2014og det hj\u00e6lper med at retf\u00e6rdigg\u00f8re langvarig brug uden at overdrive l\u00f8ftet.<\/p>\n<h2 data-start=\"2712\" data-end=\"2765\">Smart Display Sk\u00e6rm: Klar Status, Mindre G\u00e6tteri<\/h2>\n<p data-start=\"2767\" data-end=\"3135\">Den <strong data-start=\"2771\" data-end=\"2795\">smarte display sk\u00e6rm<\/strong> leverer realtidsstatus for enheden, hvilket underst\u00f8tter mere forudsigelig daglig brug. I detail- og engroskontekster reducerer status-visibility \u201cenhedsfejl\u201d klager, der ofte skyldes lavt batteri. Det forbedrer ogs\u00e5 den overordnede opfattede kvalitet af produktet, hvilket betyder noget for en <strong data-start=\"3078\" data-end=\"3100\">popul\u00e6r vape-m\u00e6rke<\/strong> linje, der konkurrerer i travle EU-markeder.<\/p>\n<p><strong><span style=\"color: #ff0000;\">Tilf\u00f8j Amys whatsapp, f\u00e5 et hurtigt svar og en vape-kupon!<\/span><\/strong><\/p>\n<p><img fetchpriority=\"high\" decoding=\"async\" class=\"size-full wp-image-2932\" src=\"https:\/\/vapestornado.com\/wp-content\/uploads\/2024\/12\/Vape-Wholesale.jpg\" alt=\"Vape Engros\" width=\"229\" height=\"300\" \/><\/p>\n<h3><a href=\"https:\/\/wa.me\/8617776015835\" target=\"_blank\" rel=\"noopener\"><span style=\"color: #ff0000;\"><strong>WhatsApp: +86 17776015835<\/strong><\/span><\/a><\/h3>\n<p>&nbsp;<\/p>\n<h2><strong>Fumot Vape 50K 50000 puffs Produktfunktioner<\/strong><\/h2>\n<table>\n<thead>\n<tr>\n<th>Funktion<\/th>\n<th align=\"right\">Specifikation<\/th>\n<th>Engros \/ detailv\u00e6rdi<\/th>\n<\/tr>\n<\/thead>\n<tbody>\n<tr>\n<td>Pust Kapacitet<\/td>\n<td align=\"right\">Op til 50.000 puffs<\/td>\n<td>Langvarig brug kategori; faktiske puffs varierer efter tr\u00e6k-l\u00e6ngde og frekvens.<\/td>\n<\/tr>\n<tr>\n<td>E-v\u00e6skesystem<\/td>\n<td align=\"right\">10ml + 10ml Dobbelte Smage<\/td>\n<td>To smage i \u00e9n enhed; forbedrer tilfredsheden og reducerer smagsudmattelse.<\/td>\n<\/tr>\n<tr>\n<td>Spole<\/td>\n<td align=\"right\">0,9\u03a9 Mesh Coil<\/td>\n<td>J\u00e6vn opvarmning underst\u00f8tter stabilt output og ensartet smag over tid.<\/td>\n<\/tr>\n<tr>\n<td>Batteri<\/td>\n<td align=\"right\">950mAh<\/td>\n<td>F\u00e6rre opladningsafbrydelser; egnet til langvarig daglig brug i cyklus.<\/td>\n<\/tr>\n<tr>\n<td>Opladning<\/td>\n<td align=\"right\">Type-C port<\/td>\n<td>Bred kompatibilitet, bekvem genopladning for slutbrugere.<\/td>\n<\/tr>\n<tr>\n<td>Sk\u00e6rm<\/td>\n<td align=\"right\">Smart display sk\u00e6rm<\/td>\n<td>Klar statusvisning; hj\u00e6lper med at reducere un\u00f8dvendige returneringer og klager.<\/td>\n<\/tr>\n<tr>\n<td>Nikotinmuligheder<\/td>\n<td align=\"right\">0% \/ 2% \/ 3% \/ 5%<\/td>\n<td>Flere versioner til forskellige markedsbehov (tilg\u00e6ngelighed kan variere).<\/td>\n<\/tr>\n<tr>\n<td>Emballage<\/td>\n<td align=\"right\">5 stk \/ displayboks; 100 stk \/ kasse<\/td>\n<td>Detailklar pr\u00e6sentation og engrosvenlig logistik.<\/td>\n<\/tr>\n<tr>\n<td>Kartonv\u00e6gt<\/td>\n<td align=\"right\">14,5kg \/ kasse<\/td>\n<td>Brugbar til forsendelsesberegning og lagerplanl\u00e6gning.<\/td>\n<\/tr>\n<tr>\n<td>Visuelt Detail<\/td>\n<td align=\"right\">Iriserende lys<\/td>\n<td>Hyldes differentiation uden at \u00e6ndre kernepr\u00e6stationen.<\/td>\n<\/tr>\n<\/tbody>\n<\/table>\n<h2 class=\"product-title\"><strong>Fumot Vape 50000 puffs Smagsliste<\/strong><\/h2>\n<p>1. Sort Mamba &amp; Mr Blue<br \/>\n2. Sort Is &amp; Drue Is<br \/>\n3. Fersken Is &amp; Hvid Mamba<br \/>\n4. Lady Killer &amp; Love 66<br \/>\n5. Bl\u00e5b\u00e6r Hubba Bubba &amp; Vandmelon Hubba Bubba<br \/>\n6. Drue Gummy Bear &amp; Jordb\u00e6r Gummy Bear<br \/>\n7. Sur \u00c6ble &amp; Saftig Fersken<br \/>\n8. Fanta &amp; Cola Is<br \/>\n9. Gummy Bear &amp; Skittles<br \/>\n10. Kaktus Is &amp; Kaktus Kiwi<br \/>\n11. Fersken Mango Vandmelon &amp; Pina Colada<br \/>\n12. Kirseb\u00e6r Is &amp; Bl\u00e5 Razz Kirseb\u00e6r<br \/>\n13. K\u00f8lig Mint &amp; Vandmelon Is<br \/>\n14. Citron &amp; Lime &amp; Jordb\u00e6r Vandmelon<br \/>\n15. Pink Lemonade &amp; Sur Slik<br \/>\n16. Vimto &amp; Vandmelon Bubblegum<br \/>\n17.Banan Is &amp; Black Dragon Is<br \/>\n18.Bl\u00e5 Razz Gummy Bj\u00f8rn &amp; Blue Razz Is Pind<br \/>\n19.Is Pind &amp; Kiwi Passion Frugt Guava<br \/>\n20.Jordb\u00e6r Is &amp; Huckleberry<br \/>\n21.Blandede B\u00e6r &amp; Blue Razz Lemonade<br \/>\n22.Redbull Is &amp; Bl\u00e5b\u00e6r Pebermynte Is<br \/>\n23.Jordb\u00e6r Kiwi &amp; Bl\u00e5b\u00e6r Sur Hindb\u00e6r<br \/>\n24.Cola Citron &amp; Ananas Citron Gr\u00f8n \u00c6ble<\/p>\n<figure id=\"attachment_4745\" aria-describedby=\"caption-attachment-4745\" style=\"width: 211px\" class=\"wp-caption alignnone\"><img decoding=\"async\" class=\"size-medium wp-image-4745\" src=\"https:\/\/vapestornado.com\/wp-content\/uploads\/2025\/12\/Fumot-Eco-50000-Puffs-2-in-1-Disposable-Vape-Flavor-List-211x300.webp\" alt=\"Fumot Eco 50000 Puffs 2-i-1 Engangs Vape Smagsliste\" width=\"211\" height=\"300\" srcset=\"https:\/\/vapestornado.com\/wp-content\/uploads\/2025\/12\/Fumot-Eco-50000-Puffs-2-in-1-Disposable-Vape-Flavor-List-211x300.webp 211w, https:\/\/vapestornado.com\/wp-content\/uploads\/2025\/12\/Fumot-Eco-50000-Puffs-2-in-1-Disposable-Vape-Flavor-List-720x1024.webp 720w, https:\/\/vapestornado.com\/wp-content\/uploads\/2025\/12\/Fumot-Eco-50000-Puffs-2-in-1-Disposable-Vape-Flavor-List-768x1092.webp 768w, https:\/\/vapestornado.com\/wp-content\/uploads\/2025\/12\/Fumot-Eco-50000-Puffs-2-in-1-Disposable-Vape-Flavor-List-1081x1536.webp 1081w, https:\/\/vapestornado.com\/wp-content\/uploads\/2025\/12\/Fumot-Eco-50000-Puffs-2-in-1-Disposable-Vape-Flavor-List-8x12.webp 8w, https:\/\/vapestornado.com\/wp-content\/uploads\/2025\/12\/Fumot-Eco-50000-Puffs-2-in-1-Disposable-Vape-Flavor-List-600x853.webp 600w, https:\/\/vapestornado.com\/wp-content\/uploads\/2025\/12\/Fumot-Eco-50000-Puffs-2-in-1-Disposable-Vape-Flavor-List.webp 1234w\" sizes=\"(max-width: 211px) 100vw, 211px\" \/><figcaption id=\"caption-attachment-4745\" class=\"wp-caption-text\">Fumot Eco 50000 Puffs 2-i-1 Engangs Vape Smagsliste<\/figcaption><\/figure>\n<figure id=\"attachment_4747\" aria-describedby=\"caption-attachment-4747\" style=\"width: 300px\" class=\"wp-caption alignnone\"><img decoding=\"async\" class=\"size-medium wp-image-4747\" src=\"https:\/\/vapestornado.com\/wp-content\/uploads\/2025\/12\/Fumot-Vape-50k-50000-Puffs-2-in-1-Disposables-Vape-300x286.webp\" alt=\"Fumot Vape 50k 50000 Puffs 2-i-1 Engangs Vape\" width=\"300\" height=\"286\" srcset=\"https:\/\/vapestornado.com\/wp-content\/uploads\/2025\/12\/Fumot-Vape-50k-50000-Puffs-2-in-1-Disposables-Vape-300x286.webp 300w, https:\/\/vapestornado.com\/wp-content\/uploads\/2025\/12\/Fumot-Vape-50k-50000-Puffs-2-in-1-Disposables-Vape-1024x975.webp 1024w, https:\/\/vapestornado.com\/wp-content\/uploads\/2025\/12\/Fumot-Vape-50k-50000-Puffs-2-in-1-Disposables-Vape-768x731.webp 768w, https:\/\/vapestornado.com\/wp-content\/uploads\/2025\/12\/Fumot-Vape-50k-50000-Puffs-2-in-1-Disposables-Vape-13x12.webp 13w, https:\/\/vapestornado.com\/wp-content\/uploads\/2025\/12\/Fumot-Vape-50k-50000-Puffs-2-in-1-Disposables-Vape-600x571.webp 600w, https:\/\/vapestornado.com\/wp-content\/uploads\/2025\/12\/Fumot-Vape-50k-50000-Puffs-2-in-1-Disposables-Vape.webp 1300w\" sizes=\"(max-width: 300px) 100vw, 300px\" \/><figcaption id=\"caption-attachment-4747\" class=\"wp-caption-text\">Fumot Vape 50k 50000 Puffs 2-i-1 Engangs Vape<\/figcaption><\/figure>\n<div class=\"flex-shrink-0 flex flex-col relative items-end\">\n<div class=\"pt-0\">\n<div class=\"gizmo-bot-avatar flex h-8 w-8 items-center justify-center overflow-hidden rounded-full\">\n<div class=\"relative p-1 rounded-sm flex items-center justify-center bg-token-main-surface-primary text-token-text-primary h-8 w-8\">\n<h2 data-start=\"1200\" data-end=\"1487\">Vapes Tornado \u2013 Din Engros Online Dampbutik for Popul\u00e6re Vapes<\/h2>\n<p data-start=\"72\" data-end=\"396\"><strong data-start=\"72\" data-end=\"89\">Vapes Tornado<\/strong> er en Europa-fokuseret engros online dampbutik, der leverer et omhyggeligt udvalgt sortiment af <strong data-start=\"178\" data-end=\"195\">popul\u00e6re vapes<\/strong> til professionelle k\u00f8bere. Vi arbejder med detailhandlere, distribut\u00f8rer og online butikker over hele EU, som har brug for stabil forsyning, klar produktinformation og m\u00e6rker, som kunderne allerede genkender og stoler p\u00e5.<\/p>\n<p data-start=\"398\" data-end=\"687\">Vi arbejder med betroede navne som <strong data-start=\"307\" data-end=\"362\"><a href=\"https:\/\/vapestornado.com\/da\/product\/randm-12000-puffs-fumot-digital-disposable-vape-wholesale-price\/\">Fumot VAPE<\/a>, <a href=\"https:\/\/vapestornado.com\/da\/product\/original-wga-ultra-35k-35000-puff-rechargeable-crystal-disposable-nicotine-vape-best-discount-price\/\">WGA VAPE<\/a>, <\/strong><strong data-start=\"307\" data-end=\"362\"><a href=\"https:\/\/vapestornado.com\/da\/product\/vozol-gear-shisha-25k-25000-puffs-best-dtl-disposable-vape-hookah-cheap-price\/\">VOZOL BAR VAPE<\/a>,<\/strong><strong data-start=\"247\" data-end=\"352\">\u00a0Elf Bar Vape, WASPE Vape, <a href=\"https:\/\/vapestornado.com\/da\/product\/uzy-150k-puffs-6-in-1-flavor-switch-disposable-vape-pen-wholesale\/\">UZY Vape<\/a>, Bang Vape, Razz Bar Vape, og Stag Bar Vape<\/strong>, valgt for ensartet kvalitet og stor eftersp\u00f8rgsel p\u00e5 det europ\u00e6iske marked.<\/p>\n<h4 data-start=\"1080\" data-end=\"1120\">Designet til europ\u00e6iske engrosk\u00f8bere<\/h4>\n<p data-start=\"1121\" data-end=\"1189\">Vapes Tornado er struktureret omkring de reelle behov hos EU-engrosforhandlere:<\/p>\n<ul data-start=\"1190\" data-end=\"1400\">\n<li data-start=\"1190\" data-end=\"1239\">\n<p data-start=\"1192\" data-end=\"1239\">Konkurrencedygtige engrospriser for bulkbestillinger<\/p>\n<\/li>\n<li data-start=\"1240\" data-end=\"1289\">\n<p data-start=\"1242\" data-end=\"1289\">Klare produktbeskrivelser og specifikationer<\/p>\n<\/li>\n<li data-start=\"1290\" data-end=\"1330\">\n<p data-start=\"1292\" data-end=\"1330\">Hurtig, p\u00e5lidelig EU-orienteret logistik<\/p>\n<\/li>\n<li data-start=\"1331\" data-end=\"1400\">\n<p data-start=\"1333\" data-end=\"1400\">En katalog fokuseret p\u00e5 <strong data-start=\"1356\" data-end=\"1373\">popul\u00e6re vapes<\/strong>, ikke overm\u00e6ttede SKU'er<\/p>\n<\/li>\n<\/ul>\n<h2 data-start=\"2064\" data-end=\"2115\">FAQs om Fumot Vape 50K 50000 puffs Engangs Vape<\/h2>\n<p data-start=\"4988\" data-end=\"5208\"><strong data-start=\"4988\" data-end=\"5061\">1) Hvor kan jeg k\u00f8be Fumot Vape 50K til engrosdistribution i Danmark?<\/strong><br data-start=\"5061\" data-end=\"5064\" \/>Gennem autoriserede grossister eller distribut\u00f8rer, der leverer til det danske\/EU-marked; tilg\u00e6ngelighed afh\u00e6nger af din kanal og overholdelseskrav.<\/p>\n<p data-start=\"5210\" data-end=\"5374\"><strong data-start=\"5210\" data-end=\"5265\">2) Hvad g\u00f8r ECO 2-i-1 formatet lettere at s\u00e6lge?<\/strong><br data-start=\"5265\" data-end=\"5268\" \/>To smagsvarianter i \u00e9n enhed (10ml+10ml) reducerer smagsudmattelse og mindsker utilfredshed med 'forkert smag'.<\/p>\n<p data-start=\"5376\" data-end=\"5526\"><strong data-start=\"5376\" data-end=\"5427\">3) Er Fumot Vape 50000 et garanteret antal af sug?<\/strong><br data-start=\"5427\" data-end=\"5430\" \/>Nej. 50.000 sug er et maksimum designm\u00e5l; den faktiske brug varierer med tr\u00e6k-l\u00e6ngde og hyppighed.<\/p>\n<p data-start=\"5528\" data-end=\"5704\"><strong data-start=\"5528\" data-end=\"5590\">4) Hvorfor har en genopladelig engangs vape et display?<\/strong><br data-start=\"5590\" data-end=\"5593\" \/>Et smart display reducerer g\u00e6tteri om batteristatus, hvilket hj\u00e6lper med at forhindre un\u00f8dvendige klager og tidlig kassation.<\/p>\n<p data-start=\"5706\" data-end=\"5848\"><strong data-start=\"5706\" data-end=\"5752\">5) Hvilke nikotinstyrker er tilg\u00e6ngelige?<\/strong><br data-start=\"5752\" data-end=\"5755\" \/>De listede muligheder er 0%, 2%, 3% og 5%, afh\u00e6ngigt af lagerversion og destinationsmarked.<\/p>\n<\/div>\n<\/div>\n<\/div>\n<\/div>","protected":false},"excerpt":{"rendered":"<p data-start=\"5635\" data-end=\"5802\" data-is-last-node=\"\" data-is-only-node=\"\">Den <strong data-start=\"4605\" data-end=\"4642\">Fumot Vape 50K (Fumot Vape 50000)<\/strong> er en ECO <strong data-start=\"4653\" data-end=\"4671\">2-i-1 smag<\/strong> <strong data-start=\"4672\" data-end=\"4704\">Genopladelig engangs e-cigaret<\/strong> bygget til langvarig detailbehov. Med <strong data-start=\"4744\" data-end=\"4773\">10ml+10ml dobbelt smag<\/strong>, en <strong data-start=\"4777\" data-end=\"4795\">0,9\u03a9 mesh coil<\/strong>, <strong data-start=\"4797\" data-end=\"4823\">950mAh Type-C opladning<\/strong>og et <strong data-start=\"4831\" data-end=\"4848\">smarte display<\/strong>, det er en praktisk <strong data-start=\"4867\" data-end=\"4887\">Engangs Vape<\/strong> valg for <strong data-start=\"4899\" data-end=\"4931\">Fumot Vape Engros Danmark<\/strong> forsyning og produktlinjer med fokus p\u00e5 2026.<\/p>\n<p><strong>Tilf\u00f8j Amys whatsapp for at f\u00e5 korrekt svar og rabatpris!<\/strong><\/p>\n<p><img fetchpriority=\"high\" decoding=\"async\" class=\"size-full wp-image-2932\" src=\"https:\/\/vapestornado.com\/wp-content\/uploads\/2024\/12\/Vape-Wholesale.jpg\" alt=\"Vape Engros\" width=\"229\" height=\"300\" \/><\/p>\n<h3><a href=\"https:\/\/wa.me\/8617776015835\"><span style=\"color: #ff0000;\"><strong>WhatsApp: +86 17776015835<\/strong><\/span><\/a><\/h3>","protected":false},"featured_media":4744,"comment_status":"open","ping_status":"closed","template":"","meta":{"_acf_changed":false,"_uag_custom_page_level_css":"","_lmt_disableupdate":"no","_lmt_disable":"","_monsterinsights_skip_tracking":false,"_monsterinsights_sitenote_active":false,"_monsterinsights_sitenote_note":"","_monsterinsights_sitenote_category":0,"site-sidebar-layout":"default","site-content-layout":"","ast-site-content-layout":"default","site-content-style":"default","site-sidebar-style":"default","ast-global-header-display":"","ast-banner-title-visibility":"","ast-main-header-display":"","ast-hfb-above-header-display":"","ast-hfb-below-header-display":"","ast-hfb-mobile-header-display":"","site-post-title":"","ast-breadcrumbs-content":"","ast-featured-img":"","footer-sml-layout":"","ast-disable-related-posts":"","theme-transparent-header-meta":"default","adv-header-id-meta":"","stick-header-meta":"","header-above-stick-meta":"","header-main-stick-meta":"","header-below-stick-meta":"","astra-migrate-meta-layouts":"set","ast-page-background-enabled":"default","ast-page-background-meta":{"desktop":{"background-color":"","background-image":"","background-repeat":"repeat","background-position":"center center","background-size":"auto","background-attachment":"scroll","background-type":"","background-media":"","overlay-type":"","overlay-color":"","overlay-opacity":"","overlay-gradient":""},"tablet":{"background-color":"","background-image":"","background-repeat":"repeat","background-position":"center center","background-size":"auto","background-attachment":"scroll","background-type":"","background-media":"","overlay-type":"","overlay-color":"","overlay-opacity":"","overlay-gradient":""},"mobile":{"background-color":"","background-image":"","background-repeat":"repeat","background-position":"center center","background-size":"auto","background-attachment":"scroll","background-type":"","background-media":"","overlay-type":"","overlay-color":"","overlay-opacity":"","overlay-gradient":""}},"ast-content-background-meta":{"desktop":{"background-color":"var(--ast-global-color-5)","background-image":"","background-repeat":"repeat","background-position":"center center","background-size":"auto","background-attachment":"scroll","background-type":"","background-media":"","overlay-type":"","overlay-color":"","overlay-opacity":"","overlay-gradient":""},"tablet":{"background-color":"var(--ast-global-color-5)","background-image":"","background-repeat":"repeat","background-position":"center center","background-size":"auto","background-attachment":"scroll","background-type":"","background-media":"","overlay-type":"","overlay-color":"","overlay-opacity":"","overlay-gradient":""},"mobile":{"background-color":"var(--ast-global-color-5)","background-image":"","background-repeat":"repeat","background-position":"center center","background-size":"auto","background-attachment":"scroll","background-type":"","background-media":"","overlay-type":"","overlay-color":"","overlay-opacity":"","overlay-gradient":""}},"_joinchat":[]},"product_brand":[],"product_cat":[192,140,150,152,153,156,141,142,58,146],"product_tag":[520,519,521,513,512,517],"class_list":{"0":"post-4751","1":"product","2":"type-product","3":"status-publish","4":"has-post-thumbnail","6":"product_cat-50000-puff","7":"product_cat-big-puffs-disposable-vapes","8":"product_cat-buy-disposable-vapes-in-belgium","9":"product_cat-buy-disposable-vapes-in-cermany","10":"product_cat-buy-disposable-vapes-in-italy","11":"product_cat-buy-disposable-vapes-in-poland","12":"product_cat-crystal-disposable-vapes","13":"product_cat-digital-box-disposable-vapes","14":"product_cat-fumot-vape","15":"product_cat-rechargeable-disposable-vapes","16":"product_tag-fumot-vape-50000","17":"product_tag-fumot-vape-50k","18":"product_tag-fumot-vape-wholesale-germany","19":"product_tag-vape-discount-price","20":"product_tag-vape-wholesale-distributor","21":"product_tag-vapme-wholesale","22":"desktop-align-left","23":"tablet-align-left","24":"mobile-align-left","26":"first","27":"instock","28":"sale","29":"shipping-taxable","30":"purchasable","31":"product-type-simple"},"acf":[],"uagb_featured_image_src":{"full":["https:\/\/vapestornado.com\/wp-content\/uploads\/2025\/12\/Fumot-50k-50000-Puff-2-in-1-Disposable-Vape-Pod.webp",1300,1238,false],"thumbnail":["https:\/\/vapestornado.com\/wp-content\/uploads\/2025\/12\/Fumot-50k-50000-Puff-2-in-1-Disposable-Vape-Pod-150x150.webp",150,150,true],"medium":["https:\/\/vapestornado.com\/wp-content\/uploads\/2025\/12\/Fumot-50k-50000-Puff-2-in-1-Disposable-Vape-Pod-300x286.webp",300,286,true],"medium_large":["https:\/\/vapestornado.com\/wp-content\/uploads\/2025\/12\/Fumot-50k-50000-Puff-2-in-1-Disposable-Vape-Pod-768x731.webp",768,731,true],"large":["https:\/\/vapestornado.com\/wp-content\/uploads\/2025\/12\/Fumot-50k-50000-Puff-2-in-1-Disposable-Vape-Pod-1024x975.webp",1024,975,true],"1536x1536":["https:\/\/vapestornado.com\/wp-content\/uploads\/2025\/12\/Fumot-50k-50000-Puff-2-in-1-Disposable-Vape-Pod.webp",1300,1238,false],"2048x2048":["https:\/\/vapestornado.com\/wp-content\/uploads\/2025\/12\/Fumot-50k-50000-Puff-2-in-1-Disposable-Vape-Pod.webp",1300,1238,false],"trp-custom-language-flag":["https:\/\/vapestornado.com\/wp-content\/uploads\/2025\/12\/Fumot-50k-50000-Puff-2-in-1-Disposable-Vape-Pod-13x12.webp",13,12,true],"woocommerce_thumbnail":["https:\/\/vapestornado.com\/wp-content\/uploads\/2025\/12\/Fumot-50k-50000-Puff-2-in-1-Disposable-Vape-Pod-300x300.webp",300,300,true],"woocommerce_single":["https:\/\/vapestornado.com\/wp-content\/uploads\/2025\/12\/Fumot-50k-50000-Puff-2-in-1-Disposable-Vape-Pod-600x571.webp",600,571,true],"woocommerce_gallery_thumbnail":["https:\/\/vapestornado.com\/wp-content\/uploads\/2025\/12\/Fumot-50k-50000-Puff-2-in-1-Disposable-Vape-Pod-100x100.webp",100,100,true]},"uagb_author_info":{"display_name":"ESAMY","author_link":"https:\/\/vapestornado.com\/da\/author\/"},"uagb_comment_info":0,"uagb_excerpt":"The Fumot Vape 50K (Fumot Vape 50000) is an ECO 2-in-1 flavour Rechargeable Disposable Vape built for long-use retail demand. With 10ml+10ml double flavours, a 0.9\u03a9 mesh coil, 950mAh Type-C charging, and a smart display, it\u2019s a practical Disposables Vape choice for Fumot Vape Wholesale Germany supply and 2026-focused product lines. Add Amy's whatsapp to&hellip;","_links":{"self":[{"href":"https:\/\/vapestornado.com\/da\/wp-json\/wp\/v2\/product\/4751","targetHints":{"allow":["GET"]}}],"collection":[{"href":"https:\/\/vapestornado.com\/da\/wp-json\/wp\/v2\/product"}],"about":[{"href":"https:\/\/vapestornado.com\/da\/wp-json\/wp\/v2\/types\/product"}],"replies":[{"embeddable":true,"href":"https:\/\/vapestornado.com\/da\/wp-json\/wp\/v2\/comments?post=4751"}],"wp:featuredmedia":[{"embeddable":true,"href":"https:\/\/vapestornado.com\/da\/wp-json\/wp\/v2\/media\/4744"}],"wp:attachment":[{"href":"https:\/\/vapestornado.com\/da\/wp-json\/wp\/v2\/media?parent=4751"}],"wp:term":[{"taxonomy":"product_brand","embeddable":true,"href":"https:\/\/vapestornado.com\/da\/wp-json\/wp\/v2\/product_brand?post=4751"},{"taxonomy":"product_cat","embeddable":true,"href":"https:\/\/vapestornado.com\/da\/wp-json\/wp\/v2\/product_cat?post=4751"},{"taxonomy":"product_tag","embeddable":true,"href":"https:\/\/vapestornado.com\/da\/wp-json\/wp\/v2\/product_tag?post=4751"}],"curies":[{"name":"wp","href":"https:\/\/api.w.org\/{rel}","templated":true}]}}