{"id":4702,"date":"2025-12-19T06:49:15","date_gmt":"2025-12-19T06:49:15","guid":{"rendered":"https:\/\/vapestornado.com\/?post_type=product&#038;p=4702"},"modified":"2025-12-22T09:50:48","modified_gmt":"2025-12-22T09:50:48","slug":"okso-120k-120000-puffs-6-in-1-multiple-flavors-screen-digital-display-disposable-vaper","status":"publish","type":"product","link":"https:\/\/vapestornado.com\/da\/product\/okso-120k-120000-puffs-6-in-1-multiple-flavors-screen-digital-display-disposable-vaper\/","title":{"rendered":"OKSO 120k 120000 Puffs 6 i 1 Flere Smags Sk\u00e6rm Digital Display Engangs Vaper"},"content":{"rendered":"<h2 data-pm-slice=\"1 1 []\">OKSO 120k 120000 Puffs 6 i 1 Flere Smags Sk\u00e6rm Digital Display Engangs Vaper<\/h2>\n<p data-start=\"84\" data-end=\"483\">Den <strong data-start=\"88\" data-end=\"106\">OKSO 120k Puf<\/strong> (ogs\u00e5 kendt som <strong data-start=\"122\" data-end=\"143\">OKSO 120000 Puffs<\/strong>) er en h\u00f8jkapacitets <strong data-start=\"164\" data-end=\"184\">Engangs Vaper<\/strong> designet til voksne brugere, der \u00f8nsker lang brugstid, klar enhedsfeedback og smagsfleksibilitet i \u00e9n solid enhed. Denne model er bygget omkring en <strong data-start=\"331\" data-end=\"364\">6 i 1 flere smagsvarianter<\/strong>, en <strong data-start=\"368\" data-end=\"387\">digitale display<\/strong>, og en struktureret intern layout, der underst\u00f8tter langvarig brug uden at stole p\u00e5 vage l\u00f8fter.<\/p>\n<p data-start=\"485\" data-end=\"734\">I stedet for at fokusere p\u00e5 udseende eller trends, er OKSO 120k designet ud fra, hvordan folk faktisk bruger en h\u00f8j-puff enhed over tid: hyppig daglig brug, skiftende smagspr\u00e6ferencer og behovet for at forst\u00e5, hvad enheden g\u00f8r til enhver tid.<\/p>\n<h3 data-start=\"741\" data-end=\"772\">Hvorfor bliver denne OKSO 120K Vape-enhed popul\u00e6r?<\/h3>\n<p data-start=\"774\" data-end=\"930\">\u00a0En enhed vurderet til <strong data-start=\"871\" data-end=\"887\">120000 puf<\/strong> kr\u00e6ver mere end et stort tal p\u00e5 boksen. Okso 120000 puff vape-elementer arbejder sammen for at g\u00f8re ydeevnen mere forudsigelig, hvilket er grundlaget for langvarig bruger tillid.<\/p>\n<ul data-start=\"932\" data-end=\"1451\">\n<li data-start=\"932\" data-end=\"1111\">\n<p data-start=\"934\" data-end=\"1111\"><strong data-start=\"934\" data-end=\"977\">Trefaset mesh-coil system (Mesh coil \u00d73):<\/strong> Flere mesh-kerner hj\u00e6lper med at sprede varmen mere j\u00e6vnt, n\u00e5r v\u00e6sken forbruges, hvilket underst\u00f8tter en mere stabil dampudgang under langvarig brug.<\/p>\n<\/li>\n<li data-start=\"1112\" data-end=\"1258\">\n<p data-start=\"1114\" data-end=\"1258\"><strong data-start=\"1114\" data-end=\"1152\">Tre e-v\u00e6skekamre (20ml \u00d73):<\/strong> V\u00e6skem\u00e6ngden er delt op for at underst\u00f8tte en ensartet levering i stedet for at stole p\u00e5 en enkelt stor tank.<\/p>\n<\/li>\n<li data-start=\"1259\" data-end=\"1451\">\n<p data-start=\"1261\" data-end=\"1451\"><strong data-start=\"1261\" data-end=\"1301\">850mAh batteri med digital visning:<\/strong> Batterikapaciteten er tilpasset regelm\u00e6ssig daglig brug, mens <strong data-start=\"1366\" data-end=\"1385\">Digitalt display<\/strong> viser realtidsstatus for enheden, hvilket reducerer usikkerhed for brugeren.<\/p>\n<\/li>\n<li data-start=\"1696\" data-end=\"1852\">\n<p data-start=\"1698\" data-end=\"1852\"><strong data-start=\"1698\" data-end=\"1733\">6-i-1 justerbart smagsystem<\/strong> G\u00f8r det muligt for brugere at skifte mellem smagsmuligheder inde i \u00e9n enhed, hvilket hj\u00e6lper med at undg\u00e5 smagsudmattelse under l\u00e6ngere brug.<\/p>\n<\/li>\n<li data-start=\"1853\" data-end=\"1964\">\n<p data-start=\"1855\" data-end=\"1964\"><strong data-start=\"1855\" data-end=\"1874\">Digitalt display<\/strong> Giver synlig feedback i stedet for at g\u00e6tte, n\u00e5r dampstyrken \u00e6ndres.<\/p>\n<\/li>\n<li data-start=\"1965\" data-end=\"2065\">\n<p data-start=\"1967\" data-end=\"2065\"><strong data-start=\"1967\" data-end=\"1989\">H\u00f8j puff-kapacitet<\/strong> Reducerer hvor ofte en erstatning er n\u00f8dvendig, hvilket er vigtigt for regelm\u00e6ssige brugere.<\/p>\n<\/li>\n<\/ul>\n<p>For detailhandlere og distribut\u00f8rer g\u00f8r disse punkter det samme lettere at forklare, lettere at supportere, og egnet til <strong data-start=\"2188\" data-end=\"2210\">Engrosleverand\u00f8r<\/strong> kanaler, der konkurrerer p\u00e5 <strong data-start=\"2236\" data-end=\"2251\">Billigt Pris<\/strong> uden at g\u00e5 p\u00e5 kompromis med trov\u00e6rdigheden.<\/p>\n<p><strong><span style=\"color: #ff0000;\">Tilf\u00f8j Amys whatsapp, f\u00e5 et hurtigt svar og en vape-kupon!<\/span><\/strong><\/p>\n<p><img fetchpriority=\"high\" decoding=\"async\" class=\"size-full wp-image-2932\" src=\"https:\/\/vapestornado.com\/wp-content\/uploads\/2024\/12\/Vape-Wholesale.jpg\" alt=\"Vape Engros\" width=\"229\" height=\"300\" \/><\/p>\n<h3><a href=\"https:\/\/wa.me\/8617776015835\" target=\"_blank\" rel=\"noopener\"><span style=\"color: #ff0000;\"><strong>WhatsApp: +86 17776015835<\/strong><\/span><\/a><\/h3>\n<p>&nbsp;<\/p>\n<h2><strong>OKSO 120k 120000 Puff Produktfunktioner<\/strong><\/h2>\n<table>\n<thead>\n<tr>\n<th>Funktion<\/th>\n<th>Specifikation<\/th>\n<th>Beskrivelse<\/th>\n<\/tr>\n<\/thead>\n<tbody>\n<tr>\n<td>M\u00e6rke<\/td>\n<td>OKSO<\/td>\n<td>Etableret vape-m\u00e6rke med fokus p\u00e5 h\u00f8jkapacitets engangsapparater.<\/td>\n<\/tr>\n<tr>\n<td>Pust Kapacitet<\/td>\n<td>Op til 120000 puffs<\/td>\n<td>Designet til langvarig brug; det faktiske puffantal varierer efter tr\u00e6kets l\u00e6ngde og brugsvaner.<\/td>\n<\/tr>\n<tr>\n<td>Kerne Struktur<\/td>\n<td>Mesh Coil \u00d73<\/td>\n<td>Flere mesh-kerner hj\u00e6lper med at fordele varmen j\u00e6vnt for mere stabil dampudgang over tid.<\/td>\n<\/tr>\n<tr>\n<td>E-v\u00e6ske Kapacitet<\/td>\n<td>20ml \u00d73<\/td>\n<td>Opdelte v\u00e6skekamre underst\u00f8tter ensartet levering under lange brugsperioder.<\/td>\n<\/tr>\n<tr>\n<td>Nikotinmuligheder<\/td>\n<td>2% \/ 5%<\/td>\n<td>To styrkevalg for at matche forskellige voksnes pr\u00e6ferencer (markedsafh\u00e6ngigt).<\/td>\n<\/tr>\n<tr>\n<td>Batterikapacitet<\/td>\n<td>850mAh<\/td>\n<td>Underst\u00f8tter regelm\u00e6ssig daglig brug og stabilt output under lange sessioner.<\/td>\n<\/tr>\n<tr>\n<td>Sk\u00e6rm<\/td>\n<td>Digitalt display<\/td>\n<td>Viser enhedens status tydeligt, hvilket reducerer usikkerhed under brug.<\/td>\n<\/tr>\n<tr>\n<td>Smagsystem<\/td>\n<td>6 i 1 Justerbar Smag<\/td>\n<td>Muligg\u00f8r skift mellem flere smagskombinationer i \u00e9n enhed.<\/td>\n<\/tr>\n<tr>\n<td>Produktv\u00e6gt<\/td>\n<td>166g<\/td>\n<td>Solid konstruktion designet til h\u00f8jkapacitetsbrug.<\/td>\n<\/tr>\n<tr>\n<td>Produktst\u00f8rrelse<\/td>\n<td>51 \u00d7 51 \u00d7 131mm<\/td>\n<td>Kompakt i forhold til sin kapacitet, samtidig med at den rummer den interne struktur.<\/td>\n<\/tr>\n<\/tbody>\n<\/table>\n<figure id=\"attachment_4705\" aria-describedby=\"caption-attachment-4705\" style=\"width: 300px\" class=\"wp-caption alignnone\"><img decoding=\"async\" class=\"size-medium wp-image-4705\" src=\"https:\/\/vapestornado.com\/wp-content\/uploads\/2025\/12\/OKSO-120K-120000-Puff-Disposable-Vape-POD-300x300.webp\" alt=\"OKSO 120K 120000 Puff Engangs Vape POD\" width=\"300\" height=\"300\" srcset=\"https:\/\/vapestornado.com\/wp-content\/uploads\/2025\/12\/OKSO-120K-120000-Puff-Disposable-Vape-POD-300x300.webp 300w, https:\/\/vapestornado.com\/wp-content\/uploads\/2025\/12\/OKSO-120K-120000-Puff-Disposable-Vape-POD-150x150.webp 150w, https:\/\/vapestornado.com\/wp-content\/uploads\/2025\/12\/OKSO-120K-120000-Puff-Disposable-Vape-POD-768x768.webp 768w, https:\/\/vapestornado.com\/wp-content\/uploads\/2025\/12\/OKSO-120K-120000-Puff-Disposable-Vape-POD-12x12.webp 12w, https:\/\/vapestornado.com\/wp-content\/uploads\/2025\/12\/OKSO-120K-120000-Puff-Disposable-Vape-POD-600x600.webp 600w, https:\/\/vapestornado.com\/wp-content\/uploads\/2025\/12\/OKSO-120K-120000-Puff-Disposable-Vape-POD-100x100.webp 100w, https:\/\/vapestornado.com\/wp-content\/uploads\/2025\/12\/OKSO-120K-120000-Puff-Disposable-Vape-POD.webp 800w\" sizes=\"(max-width: 300px) 100vw, 300px\" \/><figcaption id=\"caption-attachment-4705\" class=\"wp-caption-text\">OKSO 120K 120000 Puff Engangs Vape POD<\/figcaption><\/figure>\n<h2 class=\"product-title\"><strong>OKSO 120k 120000 Puff Puff Smagsliste<\/strong><\/h2>\n<p data-start=\"2550\" data-end=\"2736\">Hver OKSO 120k enhed inkluderer <strong data-start=\"4483\" data-end=\"4502\">10 smags\u00e6t<\/strong>, og hvert s\u00e6t indeholder <strong data-start=\"4526\" data-end=\"4545\">3 basis-smage<\/strong> og 3 kombinationssmage, der kan bruges individuelt eller som parvise kombinationer. Denne struktur tillader smagsudskiftning uden at skifte enheder og d\u00e6kker frugt-, is-, slik-, drikkevare- og blandede profiler, der ofte foretr\u00e6kkes p\u00e5 det europ\u00e6iske marked.<\/p>\n<p data-start=\"238\" data-end=\"252\">1. Jordb\u00e6r Is \/ Lush Ice \/ Mamba<br data-start=\"290\" data-end=\"293\" \/>Jordb\u00e6r Is + Lush Ice \/ Mamba + Jordb\u00e6r Is \/ Lush Ice + Mamba<\/p>\n<p data-start=\"369\" data-end=\"383\">2. Jordb\u00e6r Gummy Bear \/ Ananas Is \/ Blue Razz Lemonade<br data-start=\"446\" data-end=\"449\" \/>Jordb\u00e6r Gummy Bear + Ananas Is \/ Jordb\u00e6r Gummy Bear + Blue Razz Lemonade \/ Blue Razz Lemonade + Ananas Is<\/p>\n<p data-start=\"575\" data-end=\"589\">3. Blue Razz \/ Citron Lime \/ Kirseb\u00e6r Is<br data-start=\"629\" data-end=\"632\" \/>Blue Razz + Kirseb\u00e6r Is \/ Blue Razz + Citron Lime \/ Citron Lime + Kirseb\u00e6r Is<\/p>\n<p data-start=\"712\" data-end=\"726\">4. Kiwi Passion Fruit Guava \/ Dragefrugt Is \/ Bl\u00e5b\u00e6r Is<br data-start=\"790\" data-end=\"793\" \/>Kiwi Passion Fruit Guava + Bl\u00e5b\u00e6r Is \/ Kiwi Passion Fruit Guava + Dragefrugt Is \/ Dragefrugt Is + Bl\u00e5b\u00e6r Is<\/p>\n<p data-start=\"921\" data-end=\"935\">5. To \u00c6bler \/ Fanta \/ Red Bull<br data-start=\"968\" data-end=\"971\" \/>To \u00c6bler + Red Bull \/ To \u00c6bler + Fanta \/ Fanta + Red Bull<\/p>\n<p data-start=\"1037\" data-end=\"1051\">6. Sur \u00c6ble Appelsin \/ Solb\u00e6r \/ Drue Is<br data-start=\"1101\" data-end=\"1104\" \/>Sur \u00c6ble Appelsin + Drue Is \/ Sur \u00c6ble Appelsin + Solb\u00e6r \/ Solb\u00e6r + Drue Is<\/p>\n<p data-start=\"1204\" data-end=\"1218\">7. Jordb\u00e6r Vandmelon \/ Mango Is \/ Peach Is<br data-start=\"1268\" data-end=\"1271\" \/>Jordb\u00e6r Vandmelon + Peach Is \/ Jordb\u00e6r Vandmelon + Mango Is \/ Mango Is + Peach Is<\/p>\n<p data-start=\"1371\" data-end=\"1385\">8. Jordb\u00e6r Hindb\u00e6r \/ Kiwi Frugt \/ Jordb\u00e6r Mango<br data-start=\"1442\" data-end=\"1445\" \/>Jordb\u00e6r Hindb\u00e6r + Jordb\u00e6r Mango \/ Jordb\u00e6r Hindb\u00e6r + Kiwi Frugt \/ Kiwi Frugt + Jordb\u00e6r Mango<\/p>\n<p data-start=\"1559\" data-end=\"1573\">9. Jordb\u00e6r Kiwi \/ K\u00f8lig Mint \/ Bl\u00e5b\u00e6r Fersken Is<br data-start=\"1627\" data-end=\"1630\" \/>Jordb\u00e6r Kiwi + Bl\u00e5b\u00e6r Fersken Is \/ Jordb\u00e6r Kiwi + K\u00f8lig Mint \/ K\u00f8lig Mint + Bl\u00e5b\u00e6r Fersken Is<\/p>\n<p data-start=\"1738\" data-end=\"1753\">10. \u00c6ble P\u00e6rer \/ Blandet B\u00e6r \/ Jordb\u00e6r Granat\u00e6ble<br data-start=\"1810\" data-end=\"1813\" \/>\u00c6ble P\u00e6rer + Jordb\u00e6r Granat\u00e6ble \/ \u00c6ble P\u00e6rer + Blandet B\u00e6r \/ Blandet B\u00e6r + \u00c6ble P\u00e6rer<\/p>\n<div class=\"flex-shrink-0 flex flex-col relative items-end\">\n<div class=\"pt-0\">\n<div class=\"gizmo-bot-avatar flex h-8 w-8 items-center justify-center overflow-hidden rounded-full\">\n<div class=\"relative p-1 rounded-sm flex items-center justify-center bg-token-main-surface-primary text-token-text-primary h-8 w-8\">\n<h2 data-start=\"1200\" data-end=\"1487\">Vapes Tornado \u2013 Din Engros Online Vape Butik for Top Vape M\u00e6rker<\/h2>\n<p data-start=\"1200\" data-end=\"1487\"><strong data-start=\"141\" data-end=\"177\">Vapes Tornado Online R\u00f8gbutik<\/strong> er din betroede kilde til <strong data-start=\"205\" data-end=\"270\">premium engangs vapes og engros e-cigaretter i Europa<\/strong>. Vi har top-s\u00e6lgende m\u00e6rker som <strong data-start=\"307\" data-end=\"362\"><a href=\"https:\/\/vapestornado.com\/da\/product\/randm-12000-puffs-fumot-digital-disposable-vape-wholesale-price\/\">Fumot VAPE<\/a>, <a href=\"https:\/\/vapestornado.com\/da\/product\/original-wga-ultra-35k-35000-puff-rechargeable-crystal-disposable-nicotine-vape-best-discount-price\/\">WGA VAPE<\/a>, <\/strong><strong data-start=\"307\" data-end=\"362\"><a href=\"https:\/\/vapestornado.com\/da\/product\/vozol-gear-shisha-25k-25000-puffs-best-dtl-disposable-vape-hookah-cheap-price\/\">VOZOL BAR VAPE<\/a>, \u00a0 Bang Vape<\/strong>, og mere, hvilket sikrer kvalitet og udvalg for hver kunde. Uanset om du er en individuel vaper eller en engros k\u00f8ber, leverer vi <strong data-start=\"481\" data-end=\"550\">h\u00f8jtydende enheder, stilfulde designs og konkurrencedygtige priser<\/strong> for at im\u00f8dekomme dine behov.<\/p>\n<h2 data-start=\"2064\" data-end=\"2115\">FAQs om OKSO 120k 120000 Puf Engangs Vape<\/h2>\n<p data-start=\"5010\" data-end=\"5178\"><strong data-start=\"5010\" data-end=\"5059\">1) Er 120000 puf garanteret for hver bruger?<\/strong><br data-start=\"5059\" data-end=\"5062\" \/>Nej. Puf-tallet afh\u00e6nger af tr\u00e6kets l\u00e6ngde, hyppighed og individuel brugestil. Det repr\u00e6senterer et maksimalt designm\u00e5l.<\/p>\n<p data-start=\"5180\" data-end=\"5363\"><strong data-start=\"5180\" data-end=\"5227\">2) Hvad betyder 6 i 1 justerbar smag?<\/strong><br data-start=\"5227\" data-end=\"5230\" \/>Det betyder, at \u00e9n enhed tillader skift mellem flere smagsmuligheder og kombinationer, hvilket hj\u00e6lper med at reducere smagsudmatning over lang tids brug.<\/p>\n<p data-start=\"5365\" data-end=\"5536\"><strong data-start=\"5365\" data-end=\"5414\">3) Hvorfor bruger denne enhed tre mesh-spiraler?<\/strong><br data-start=\"5414\" data-end=\"5417\" \/>Brugen af flere mesh-spiraler hj\u00e6lper med at fordele varmen mere j\u00e6vnt, hvilket underst\u00f8tter ensartet dampudgang under l\u00e6ngere brug.<\/p>\n<p data-start=\"5538\" data-end=\"5709\"><strong data-start=\"5538\" data-end=\"5592\">4) Hvilken information viser den digitale sk\u00e6rm?<\/strong><br data-start=\"5592\" data-end=\"5595\" \/>Sk\u00e6rmen giver synlig enhedsstatus, s\u00e5 brugerne bedre kan forst\u00e5 ydeevne\u00e6ndringer i stedet for at g\u00e6tte.<\/p>\n<p data-start=\"5711\" data-end=\"5913\"><strong data-start=\"5711\" data-end=\"5766\">5) Er dette produkt egnet til engrosk\u00f8b?<\/strong><br data-start=\"5766\" data-end=\"5769\" \/>Ja. Funktionerne, stabile ydeevne design og prisstruktur g\u00f8r det egnet til <strong data-start=\"5861\" data-end=\"5883\">Engrosleverand\u00f8r<\/strong> distribution og bulkordrer.<\/p>\n<p data-start=\"5915\" data-end=\"6067\" data-is-last-node=\"\" data-is-only-node=\"\">Hvis du \u00f8nsker det, kan jeg ogs\u00e5 forberede en <strong data-start=\"5949\" data-end=\"5974\">kort B2B-oversigt<\/strong>, en <strong data-start=\"5978\" data-end=\"6007\">spec-only teknisk datablade<\/strong>, eller en <strong data-start=\"6014\" data-end=\"6041\">markeds-specifik version<\/strong> for forskellige EU-regioner.<\/p>\n<\/div>\n<\/div>\n<\/div>\n<\/div>","protected":false},"excerpt":{"rendered":"<p data-start=\"3411\" data-end=\"3490\">Den <strong data-start=\"35\" data-end=\"53\">OKSO 120k Puf<\/strong> er en h\u00f8jkapacitets <strong data-start=\"73\" data-end=\"93\">Engangs Vaper<\/strong> leverer op til <strong data-start=\"111\" data-end=\"127\">120000 puf<\/strong> med en <strong data-start=\"135\" data-end=\"161\">6 i 1 flere smagsvarianter<\/strong> justerbart system. Det har en <strong data-start=\"195\" data-end=\"214\">digitale display<\/strong>, <strong data-start=\"216\" data-end=\"237\">trekantnetspoler<\/strong>, <strong data-start=\"239\" data-end=\"269\">20ml \u00d7 3 e-v\u00e6skekapacitet<\/strong>, og en <strong data-start=\"278\" data-end=\"296\">850mAh batteri<\/strong> til stabil, langvarig ydeevne. Designet til voksne brugere og engrosforsyning, den <strong data-start=\"383\" data-end=\"427\">OKSO 120000 Puffs Engangs E-cigaret<\/strong>\u00a0tilbyder praktisk smagskontrol ved en <strong data-start=\"466\" data-end=\"481\">billige pris<\/strong>, med mulighed for at <strong data-start=\"502\" data-end=\"516\">k\u00f8be online<\/strong> fra en p\u00e5lidelig engrosleverand\u00f8r.<\/p>\n<p><strong>Tilf\u00f8j Amys whatsapp for at f\u00e5 korrekt svar og rabatpris!<\/strong><\/p>\n<p><img fetchpriority=\"high\" decoding=\"async\" class=\"size-full wp-image-2932\" src=\"https:\/\/vapestornado.com\/wp-content\/uploads\/2024\/12\/Vape-Wholesale.jpg\" alt=\"Vape Engros\" width=\"229\" height=\"300\" \/><\/p>\n<h3><a href=\"https:\/\/wa.me\/8617776015835\"><span style=\"color: #ff0000;\"><strong>WhatsApp: +86 17776015835<\/strong><\/span><\/a><\/h3>","protected":false},"featured_media":4707,"comment_status":"open","ping_status":"closed","template":"","meta":{"_acf_changed":false,"_uag_custom_page_level_css":"","_lmt_disableupdate":"no","_lmt_disable":"","_monsterinsights_skip_tracking":false,"_monsterinsights_sitenote_active":false,"_monsterinsights_sitenote_note":"","_monsterinsights_sitenote_category":0,"site-sidebar-layout":"default","site-content-layout":"","ast-site-content-layout":"default","site-content-style":"default","site-sidebar-style":"default","ast-global-header-display":"","ast-banner-title-visibility":"","ast-main-header-display":"","ast-hfb-above-header-display":"","ast-hfb-below-header-display":"","ast-hfb-mobile-header-display":"","site-post-title":"","ast-breadcrumbs-content":"","ast-featured-img":"","footer-sml-layout":"","ast-disable-related-posts":"","theme-transparent-header-meta":"default","adv-header-id-meta":"","stick-header-meta":"","header-above-stick-meta":"","header-main-stick-meta":"","header-below-stick-meta":"","astra-migrate-meta-layouts":"set","ast-page-background-enabled":"default","ast-page-background-meta":{"desktop":{"background-color":"","background-image":"","background-repeat":"repeat","background-position":"center center","background-size":"auto","background-attachment":"scroll","background-type":"","background-media":"","overlay-type":"","overlay-color":"","overlay-opacity":"","overlay-gradient":""},"tablet":{"background-color":"","background-image":"","background-repeat":"repeat","background-position":"center center","background-size":"auto","background-attachment":"scroll","background-type":"","background-media":"","overlay-type":"","overlay-color":"","overlay-opacity":"","overlay-gradient":""},"mobile":{"background-color":"","background-image":"","background-repeat":"repeat","background-position":"center center","background-size":"auto","background-attachment":"scroll","background-type":"","background-media":"","overlay-type":"","overlay-color":"","overlay-opacity":"","overlay-gradient":""}},"ast-content-background-meta":{"desktop":{"background-color":"var(--ast-global-color-5)","background-image":"","background-repeat":"repeat","background-position":"center center","background-size":"auto","background-attachment":"scroll","background-type":"","background-media":"","overlay-type":"","overlay-color":"","overlay-opacity":"","overlay-gradient":""},"tablet":{"background-color":"var(--ast-global-color-5)","background-image":"","background-repeat":"repeat","background-position":"center center","background-size":"auto","background-attachment":"scroll","background-type":"","background-media":"","overlay-type":"","overlay-color":"","overlay-opacity":"","overlay-gradient":""},"mobile":{"background-color":"var(--ast-global-color-5)","background-image":"","background-repeat":"repeat","background-position":"center center","background-size":"auto","background-attachment":"scroll","background-type":"","background-media":"","overlay-type":"","overlay-color":"","overlay-opacity":"","overlay-gradient":""}},"_joinchat":[]},"product_brand":[],"product_cat":[347,153,158,142,144,146,60],"product_tag":[387,287,503,502,501,393],"class_list":{"0":"post-4702","1":"product","2":"type-product","3":"status-publish","4":"has-post-thumbnail","6":"product_cat-120000-puff","7":"product_cat-buy-disposable-vapes-in-italy","8":"product_cat-buy-disposable-vapes-in-spain","9":"product_cat-digital-box-disposable-vapes","10":"product_cat-low-nicotine-disposable-vapes","11":"product_cat-rechargeable-disposable-vapes","12":"product_cat-waspe-fihp-vape","13":"product_tag-cigarette-vapor","14":"product_tag-disposable-vape-pen","15":"product_tag-multi-flavor-disposable-vape","16":"product_tag-okso-120000-puff","17":"product_tag-okso-120k","18":"product_tag-vape-cartridge","19":"desktop-align-left","20":"tablet-align-left","21":"mobile-align-left","23":"first","24":"instock","25":"sale","26":"shipping-taxable","27":"purchasable","28":"product-type-simple"},"acf":[],"uagb_featured_image_src":{"full":["https:\/\/vapestornado.com\/wp-content\/uploads\/2025\/12\/OKSO-120K-120000-Puff-Disposable-Vaper.webp",800,800,false],"thumbnail":["https:\/\/vapestornado.com\/wp-content\/uploads\/2025\/12\/OKSO-120K-120000-Puff-Disposable-Vaper-150x150.webp",150,150,true],"medium":["https:\/\/vapestornado.com\/wp-content\/uploads\/2025\/12\/OKSO-120K-120000-Puff-Disposable-Vaper-300x300.webp",300,300,true],"medium_large":["https:\/\/vapestornado.com\/wp-content\/uploads\/2025\/12\/OKSO-120K-120000-Puff-Disposable-Vaper-768x768.webp",768,768,true],"large":["https:\/\/vapestornado.com\/wp-content\/uploads\/2025\/12\/OKSO-120K-120000-Puff-Disposable-Vaper.webp",800,800,false],"1536x1536":["https:\/\/vapestornado.com\/wp-content\/uploads\/2025\/12\/OKSO-120K-120000-Puff-Disposable-Vaper.webp",800,800,false],"2048x2048":["https:\/\/vapestornado.com\/wp-content\/uploads\/2025\/12\/OKSO-120K-120000-Puff-Disposable-Vaper.webp",800,800,false],"trp-custom-language-flag":["https:\/\/vapestornado.com\/wp-content\/uploads\/2025\/12\/OKSO-120K-120000-Puff-Disposable-Vaper-12x12.webp",12,12,true],"woocommerce_thumbnail":["https:\/\/vapestornado.com\/wp-content\/uploads\/2025\/12\/OKSO-120K-120000-Puff-Disposable-Vaper-300x300.webp",300,300,true],"woocommerce_single":["https:\/\/vapestornado.com\/wp-content\/uploads\/2025\/12\/OKSO-120K-120000-Puff-Disposable-Vaper-600x600.webp",600,600,true],"woocommerce_gallery_thumbnail":["https:\/\/vapestornado.com\/wp-content\/uploads\/2025\/12\/OKSO-120K-120000-Puff-Disposable-Vaper-100x100.webp",100,100,true]},"uagb_author_info":{"display_name":"ESAMY","author_link":"https:\/\/vapestornado.com\/da\/author\/"},"uagb_comment_info":0,"uagb_excerpt":"The OKSO 120k Puff is a high-capacity Disposable Vaper delivering up to 120000 puffs with a 6 in 1 multiple flavor adjustable system. It features a digital display, triple mesh coils, 20ml \u00d7 3 e-liquid capacity, and an 850mAh battery for stable, long-term performance. Designed for adult users and wholesale supply, the OKSO 120000 Puffs&hellip;","_links":{"self":[{"href":"https:\/\/vapestornado.com\/da\/wp-json\/wp\/v2\/product\/4702","targetHints":{"allow":["GET"]}}],"collection":[{"href":"https:\/\/vapestornado.com\/da\/wp-json\/wp\/v2\/product"}],"about":[{"href":"https:\/\/vapestornado.com\/da\/wp-json\/wp\/v2\/types\/product"}],"replies":[{"embeddable":true,"href":"https:\/\/vapestornado.com\/da\/wp-json\/wp\/v2\/comments?post=4702"}],"wp:featuredmedia":[{"embeddable":true,"href":"https:\/\/vapestornado.com\/da\/wp-json\/wp\/v2\/media\/4707"}],"wp:attachment":[{"href":"https:\/\/vapestornado.com\/da\/wp-json\/wp\/v2\/media?parent=4702"}],"wp:term":[{"taxonomy":"product_brand","embeddable":true,"href":"https:\/\/vapestornado.com\/da\/wp-json\/wp\/v2\/product_brand?post=4702"},{"taxonomy":"product_cat","embeddable":true,"href":"https:\/\/vapestornado.com\/da\/wp-json\/wp\/v2\/product_cat?post=4702"},{"taxonomy":"product_tag","embeddable":true,"href":"https:\/\/vapestornado.com\/da\/wp-json\/wp\/v2\/product_tag?post=4702"}],"curies":[{"name":"wp","href":"https:\/\/api.w.org\/{rel}","templated":true}]}}