{"id":4683,"date":"2025-12-13T07:01:25","date_gmt":"2025-12-13T07:01:25","guid":{"rendered":"https:\/\/vapestornado.com\/?post_type=product&#038;p=4683"},"modified":"2025-12-13T07:24:55","modified_gmt":"2025-12-13T07:24:55","slug":"hifancy-legend-20000-puff-disposable-vape-wholesale-e-cigarette-online","status":"publish","type":"product","link":"https:\/\/vapestornado.com\/da\/product\/hifancy-legend-20000-puff-disposable-vape-wholesale-e-cigarette-online\/","title":{"rendered":"HIFANCY Legend 20000 Puff Engangs Vape Engros E-cigaret Online"},"content":{"rendered":"<h2 data-start=\"0\" data-end=\"73\">HIFANCY Legend 20000 Puff Engangs Vape Engros E-cigaret Online<\/h2>\n<p data-start=\"75\" data-end=\"474\">Den <strong data-start=\"79\" data-end=\"108\">HIFANCY Legend 20000 Puff<\/strong> er bygget til voksne, der \u00f8nsker en h\u00f8jkapacitets engangs med et genopladeligt batteri, st\u00e6rk smagslevering og mulighed for at justere tr\u00e6kstilen. For detailhandlere og distribut\u00f8rer, <strong data-start=\"122\" data-end=\"144\">HIFANCY Legend 20k er<\/strong>\u00a0placeret som en enkel SKU: stort puffantal, stor v\u00e6skekapacitet og et coilsystem designet til at holde smagen ensartet over lang brug.<\/p>\n<h2 data-start=\"615\" data-end=\"666\">Hvad du faktisk k\u00f8ber<\/h2>\n<ul data-start=\"668\" data-end=\"1165\">\n<li data-start=\"668\" data-end=\"756\">\n<p data-start=\"670\" data-end=\"756\"><strong data-start=\"670\" data-end=\"692\">H\u00f8j kapacitets brug:<\/strong> op til <strong data-start=\"699\" data-end=\"715\">20.000 puffs<\/strong> for langvarig brug mellem udskiftninger<\/p>\n<\/li>\n<li data-start=\"757\" data-end=\"813\">\n<p data-start=\"759\" data-end=\"813\"><strong data-start=\"759\" data-end=\"784\">Stor v\u00e6skelagring:<\/strong> <strong data-start=\"785\" data-end=\"811\">30 ml e-v\u00e6ske kapacitet<\/strong><\/p>\n<\/li>\n<li data-start=\"814\" data-end=\"891\">\n<p data-start=\"816\" data-end=\"891\"><strong data-start=\"816\" data-end=\"839\">Genopladeligt str\u00f8mforsyning:<\/strong> <strong data-start=\"840\" data-end=\"858\">750mAh batteri<\/strong> for at underst\u00f8tte det h\u00f8je puffantal<\/p>\n<\/li>\n<li data-start=\"892\" data-end=\"990\">\n<p data-start=\"894\" data-end=\"990\"><strong data-start=\"894\" data-end=\"919\">Smagsfokuseret coil:<\/strong> <strong data-start=\"920\" data-end=\"940\">Dobbelt Mesh Coil<\/strong> for st\u00e6rkere smagsudgang og mere stabil damp<\/p>\n<\/li>\n<li data-start=\"991\" data-end=\"1079\">\n<p data-start=\"993\" data-end=\"1079\"><strong data-start=\"993\" data-end=\"1013\">Justerbar f\u00f8lelse:<\/strong> <strong data-start=\"1014\" data-end=\"1035\">to opvarmningsmetoder<\/strong> s\u00e5 vape'en kan v\u00e6re bl\u00f8dere eller mere intens<\/p>\n<\/li>\n<li data-start=\"1080\" data-end=\"1165\">\n<p data-start=\"1082\" data-end=\"1165\"><strong data-start=\"1082\" data-end=\"1103\">Nikotinmuligheder:<\/strong> <strong data-start=\"1104\" data-end=\"1121\">2%, 3% eller 5%<\/strong> (tilg\u00e6ngelighed afh\u00e6nger af din ordre\/marked)<\/p>\n<\/li>\n<\/ul>\n<h2 data-start=\"1476\" data-end=\"1518\">Hvorfor kunder stoler p\u00e5 denne HIFANCY Legend 20k-enhed<\/h2>\n<p data-start=\"1520\" data-end=\"1616\">Stol p\u00e5 en <strong data-start=\"1532\" data-end=\"1547\">E-cigaret<\/strong> handler ikke om hype\u2014det handler om forudsigelig ydeevne og klare specifikationer.<\/p>\n<p data-start=\"1618\" data-end=\"1650\"><strong data-start=\"1618\" data-end=\"1650\">Hvad opbygger tillid her:<\/strong><\/p>\n<ul data-start=\"1651\" data-end=\"2107\">\n<li data-start=\"1651\" data-end=\"1794\">\n<p data-start=\"1653\" data-end=\"1794\"><strong data-start=\"1653\" data-end=\"1695\">Gennemsigtig kapacitets- og hardwareliste<\/strong> (batterist\u00f8rrelse, v\u00e6skem\u00e6ngde, coil-type, opvarmningsmetoder) s\u00e5 forventningerne er sat f\u00f8r k\u00f8b.<\/p>\n<\/li>\n<li data-start=\"1795\" data-end=\"1950\">\n<p data-start=\"1797\" data-end=\"1950\"><strong data-start=\"1797\" data-end=\"1850\">Genopladeligt batteri matchet til v\u00e6skem\u00e6ngden<\/strong>, hvilket betyder: en meget h\u00f8j puff-enhed uden genopladning har tendens til at miste kraft, f\u00f8r v\u00e6sken er brugt op.<\/p>\n<\/li>\n<li data-start=\"1951\" data-end=\"2107\">\n<p data-start=\"1953\" data-end=\"2107\"><strong data-start=\"1953\" data-end=\"1980\">Dobbelt mesh-coil design<\/strong>, valgt specifikt for at opretholde smag og dampkonsistens over l\u00e6ngere brug, i stedet for at toppe tidligt og falde af.<\/p>\n<\/li>\n<\/ul>\n<h2 data-start=\"4583\" data-end=\"4628\">Levering fra EU-lager (hastighed, der betyder noget)<\/h2>\n<p data-start=\"4630\" data-end=\"4837\">HIFANCY sender fra en <strong data-start=\"4651\" data-end=\"4673\">europ\u00e6iske varehus<\/strong> med typisk levering angivet som <strong data-start=\"4706\" data-end=\"4726\">3\u20137 arbejdsdage<\/strong>. Det er praktisk til genopfyldning og reducerer usikkerheden, der f\u00f8lger med lange internationale transitider.<\/p>\n<p><strong><span style=\"color: #ff0000;\">Tilf\u00f8j Amys whatsapp, f\u00e5 et hurtigt svar og en vape-kupon!<\/span><\/strong><\/p>\n<p><img fetchpriority=\"high\" decoding=\"async\" class=\"size-full wp-image-2932\" src=\"https:\/\/vapestornado.com\/wp-content\/uploads\/2024\/12\/Vape-Wholesale.jpg\" alt=\"Vape Engros\" width=\"229\" height=\"300\" \/><\/p>\n<h3><a href=\"https:\/\/wa.me\/8617776015835\" target=\"_blank\" rel=\"noopener\"><span style=\"color: #ff0000;\"><strong>WhatsApp: +86 17776015835<\/strong><\/span><\/a><\/h3>\n<p>&nbsp;<\/p>\n<h2><strong>HIFANCY Legend 20000 Puff Produktfunktioner<\/strong><\/h2>\n<ul data-start=\"1195\" data-end=\"1469\">\n<li data-start=\"1195\" data-end=\"1242\">\n<p data-start=\"1197\" data-end=\"1242\"><strong data-start=\"1197\" data-end=\"1214\">Produktnavn:<\/strong> HIFANCY Legend 20000 Puff<\/p>\n<\/li>\n<li data-start=\"1243\" data-end=\"1303\">\n<p data-start=\"1245\" data-end=\"1303\"><strong data-start=\"1245\" data-end=\"1255\">Pust:<\/strong> 20.000 (brugt varierer efter tr\u00e6kl\u00e6ngde og tilstand)<\/p>\n<\/li>\n<li data-start=\"1304\" data-end=\"1340\">\n<p data-start=\"1306\" data-end=\"1340\"><strong data-start=\"1306\" data-end=\"1318\">Batteri:<\/strong> 750mAh genopladelig<\/p>\n<\/li>\n<li data-start=\"1341\" data-end=\"1372\">\n<p data-start=\"1343\" data-end=\"1372\"><strong data-start=\"1343\" data-end=\"1365\">E-v\u00e6skekapacitet:<\/strong> 30ml<\/p>\n<\/li>\n<li data-start=\"1373\" data-end=\"1403\">\n<p data-start=\"1375\" data-end=\"1403\"><strong data-start=\"1375\" data-end=\"1384\">Spole:<\/strong> Dobbelt Mesh Coil<\/p>\n<\/li>\n<li data-start=\"1404\" data-end=\"1430\">\n<p data-start=\"1406\" data-end=\"1430\"><strong data-start=\"1406\" data-end=\"1418\">Opvarmning:<\/strong> To tilstande<\/p>\n<\/li>\n<li data-start=\"1431\" data-end=\"1469\">\n<p data-start=\"1433\" data-end=\"1469\"><strong data-start=\"1433\" data-end=\"1456\">Nikotinstyrker:<\/strong> 2% \/ 3% \/ 5%<\/p>\n<\/li>\n<\/ul>\n<figure id=\"attachment_4678\" aria-describedby=\"caption-attachment-4678\" style=\"width: 300px\" class=\"wp-caption alignnone\"><img decoding=\"async\" class=\"size-medium wp-image-4678\" src=\"https:\/\/vapestornado.com\/wp-content\/uploads\/2025\/12\/HIFANCY-Legend-20k-20000-Disposable-Vape-with-Screen-300x300.webp\" alt=\"HIFANCY Legend 20k 20000 Engangs Vape med Sk\u00e6rm\" width=\"300\" height=\"300\" srcset=\"https:\/\/vapestornado.com\/wp-content\/uploads\/2025\/12\/HIFANCY-Legend-20k-20000-Disposable-Vape-with-Screen-300x300.webp 300w, https:\/\/vapestornado.com\/wp-content\/uploads\/2025\/12\/HIFANCY-Legend-20k-20000-Disposable-Vape-with-Screen-150x150.webp 150w, https:\/\/vapestornado.com\/wp-content\/uploads\/2025\/12\/HIFANCY-Legend-20k-20000-Disposable-Vape-with-Screen-768x768.webp 768w, https:\/\/vapestornado.com\/wp-content\/uploads\/2025\/12\/HIFANCY-Legend-20k-20000-Disposable-Vape-with-Screen-12x12.webp 12w, https:\/\/vapestornado.com\/wp-content\/uploads\/2025\/12\/HIFANCY-Legend-20k-20000-Disposable-Vape-with-Screen-600x600.webp 600w, https:\/\/vapestornado.com\/wp-content\/uploads\/2025\/12\/HIFANCY-Legend-20k-20000-Disposable-Vape-with-Screen-100x100.webp 100w, https:\/\/vapestornado.com\/wp-content\/uploads\/2025\/12\/HIFANCY-Legend-20k-20000-Disposable-Vape-with-Screen.webp 800w\" sizes=\"(max-width: 300px) 100vw, 300px\" \/><figcaption id=\"caption-attachment-4678\" class=\"wp-caption-text\">HIFANCY Legend 20k 20000 Engangs Vape med Sk\u00e6rm<\/figcaption><\/figure>\n<h2 class=\"product-title\"><strong>HIFANCY 20000 Puff Vape Smagsliste<\/strong><\/h2>\n<p>1. Jordb\u00e6r Mango<br \/>\n2. Jordb\u00e6r Vandmelon<br \/>\n3. Energidrik<br \/>\n4. Jordb\u00e6rjuice<br \/>\n5. Bl\u00e5b\u00e6r Hindb\u00e6r Druer<br \/>\n6. Bl\u00e5 Razz Kirseb\u00e6r<br \/>\n7. Kiwi Passionfrugt Guava<br \/>\n8. Hindb\u00e6r Vandmelon Is<br \/>\n9. Vandmelon Bubblegum<br \/>\n10. Fersken B\u00e6r Is<\/p>\n<div class=\"flex-shrink-0 flex flex-col relative items-end\">\n<div class=\"pt-0\">\n<div class=\"gizmo-bot-avatar flex h-8 w-8 items-center justify-center overflow-hidden rounded-full\">\n<h2 data-start=\"4844\" data-end=\"4888\">Hvorfor k\u00f8be fra Vapes Tornado \u2013 Din Engangs Vape Grossist<\/h2>\n<p data-start=\"4890\" data-end=\"4958\">K\u00f8b via en <strong data-start=\"4903\" data-end=\"4933\">Engangs vape grossist<\/strong> handler hovedsageligt om kontrol:<\/p>\n<ul data-start=\"4959\" data-end=\"5183\">\n<li data-start=\"4959\" data-end=\"5012\">\n<p data-start=\"4961\" data-end=\"5012\">Du kan planl\u00e6gge lagerbeholdning ud fra p\u00e5lidelige leveringstider<\/p>\n<\/li>\n<li data-start=\"5013\" data-end=\"5097\">\n<p data-start=\"5015\" data-end=\"5097\">Du kan standardisere bedst s\u00e6lgende varianter (nikotinstyrker, popul\u00e6re smagsstoffer)<\/p>\n<\/li>\n<li data-start=\"5098\" data-end=\"5183\">\n<p data-start=\"5100\" data-end=\"5183\">Du undg\u00e5r \u201cblandet batch\u201d indk\u00f8b, som ofte for\u00e5rsager inkonsistent kundeoplevelse<\/p>\n<\/li>\n<\/ul>\n<p data-start=\"5185\" data-end=\"5250\">Hvis din butik er afh\u00e6ngig af gentagne k\u00f8bere, er konsistens vigtigere end nyhedsv\u00e6rdi.<\/p>\n<\/div>\n<p data-start=\"5185\" data-end=\"5250\"><strong data-start=\"141\" data-end=\"177\">Vapes Tornado Online R\u00f8gbutik<\/strong> er din betroede kilde til <strong data-start=\"205\" data-end=\"270\">premium engangs vapes og engros e-cigaretter i Europa<\/strong>. Vi har top-s\u00e6lgende m\u00e6rker som <strong data-start=\"307\" data-end=\"362\"><a href=\"https:\/\/vapestornado.com\/da\/product\/randm-12000-puffs-fumot-digital-disposable-vape-wholesale-price\/\">Fumot VAPE<\/a>, <a href=\"https:\/\/vapestornado.com\/da\/product\/waspe-150k-150000-puff-6-in-1-disposable-vape-pen-cartridge-best-wholesale-price-in-poland\/\">WASPE VAPE<\/a>, <\/strong><strong data-start=\"307\" data-end=\"362\"><a href=\"https:\/\/vapestornado.com\/da\/product\/vozol-gear-shisha-25k-25000-puffs-best-dtl-disposable-vape-hookah-cheap-price\/\">VOZOL BAR VAPE<\/a>, \u00a0 Bang Vape<\/strong>, og mere, hvilket sikrer kvalitet og udvalg for hver kunde. Uanset om du er en individuel vaper eller en engros k\u00f8ber, leverer vi <strong data-start=\"481\" data-end=\"550\">h\u00f8jtydende enheder, stilfulde designs og konkurrencedygtige priser<\/strong> for at im\u00f8dekomme dine behov.<\/p>\n<div class=\"gizmo-bot-avatar flex h-8 w-8 items-center justify-center overflow-hidden rounded-full\">\n<div class=\"relative p-1 rounded-sm flex items-center justify-center bg-token-main-surface-primary text-token-text-primary h-8 w-8\">\n<h2 data-start=\"2064\" data-end=\"2115\">FAQs om HIFANCY Legend 20k Puff Vape<\/h2>\n<p data-start=\"5721\" data-end=\"5865\"><strong data-start=\"5721\" data-end=\"5779\">Betyr 20.000 puffs, at det varer det samme for alle?<\/strong><br data-start=\"5779\" data-end=\"5782\" \/>Nej. Antallet af puffs afh\u00e6nger af tr\u00e6kets l\u00e6ngde, opvarmningsmode og hvor ofte du bruger det.<\/p>\n<p data-start=\"5867\" data-end=\"6086\"><strong data-start=\"5867\" data-end=\"5904\">Vil smagen forblive ensartet?<\/strong><br data-start=\"5904\" data-end=\"5907\" \/>Double Mesh Coil er designet til at forbedre smagslevering og stabilitet over l\u00e6ngere brug sammenlignet med enklere coil-ops\u00e6tninger, men resultater i den virkelige verden afh\u00e6nger stadig af brugsm\u00f8nster.<\/p>\n<p data-start=\"6088\" data-end=\"6253\"><strong data-start=\"6088\" data-end=\"6109\">Er den genopfyldelig?<\/strong><br data-start=\"6109\" data-end=\"6112\" \/>Den er positioneret som en h\u00f8jkapacitets engangs med <strong data-start=\"6163\" data-end=\"6171\">30ml<\/strong> forudfyldt e-v\u00e6ske; du genoplader batteriet, men den er ikke beregnet til at blive genopfyldt.<\/p>\n<\/div>\n<\/div>\n<\/div>\n<\/div>","protected":false},"excerpt":{"rendered":"<div class=\"flex flex-col text-sm @w-xl\/main:pt-header-height pb-25\">\n<article class=\"text-token-text-primary w-full focus:outline-none [--shadow-height:45px] has-data-writing-block:pointer-events-none has-data-writing-block:-mt-(--shadow-height) has-data-writing-block:pt-(--shadow-height) [&amp;:has([data-writing-block])&gt;*]:pointer-events-auto scroll-mt-[calc(var(--header-height)+min(200px,max(70px,20svh)))]\" dir=\"auto\" tabindex=\"-1\" data-turn-id=\"a4553bcb-7aea-49d6-9fac-81ba76f7aa52\" data-testid=\"conversation-turn-52\" data-scroll-anchor=\"true\" data-turn=\"assistant\">\n<div class=\"text-base my-auto mx-auto pb-10 [--thread-content-margin:--spacing(4)] @w-sm\/main:[--thread-content-margin:--spacing(6)] @w-lg\/main:[--thread-content-margin:--spacing(16)] px-(--thread-content-margin)\">\n<div class=\"[--thread-content-max-width:40rem] @w-lg\/main:[--thread-content-max-width:48rem] mx-auto max-w-(--thread-content-max-width) flex-1 group\/turn-messages focus-visible:outline-hidden relative flex w-full min-w-0 flex-col agent-turn\" tabindex=\"-1\">\n<div class=\"flex max-w-full flex-col grow\">\n<div class=\"min-h-8 text-message relative flex w-full flex-col items-end gap-2 text-start break-words whitespace-normal [.text-message+&amp;]:mt-1\" dir=\"auto\" data-message-author-role=\"assistant\" data-message-id=\"337d04d0-1322-4696-922d-486732393dc5\" data-message-model-slug=\"gpt-5-2-thinking\">\n<div class=\"flex w-full flex-col gap-1 empty:hidden first:pt-[1px]\">\n<div class=\"markdown prose dark:prose-invert w-full break-words light markdown-new-styling\">\n<p data-start=\"4468\" data-end=\"4743\" data-is-last-node=\"\" data-is-only-node=\"\">Den <strong data-start=\"289\" data-end=\"318\" data-is-only-node=\"\">HIFANCY Legend 20000 Puff<\/strong> er en h\u00f8jkapacitets engangs e-cigaret designet til langvarig brug og ensartet smag. Den har op til 20.000 puffs, en kapacitet p\u00e5 30 ml e-v\u00e6ske, et genopladeligt 750mAh batteri og en dobbelt mesh-spole for stabil dampudgang. Med to opvarmningsindstillinger og flere nikotinalternativer passer den til voksne brugere, der \u00f8nsker en holdbar, p\u00e5lidelig engangs med en konkurrencedygtig engrospris.<\/p>\n<\/div>\n<\/div>\n<\/div>\n<\/div>\n<div class=\"z-0 flex min-h-[46px] justify-start\"><\/div>\n<\/div>\n<\/div>\n<\/article>\n<\/div>\n<p><strong>Tilf\u00f8j Amys whatsapp for at f\u00e5 korrekt svar og rabatpris!<\/strong><\/p>\n<p><img fetchpriority=\"high\" decoding=\"async\" class=\"size-full wp-image-2932\" src=\"https:\/\/vapestornado.com\/wp-content\/uploads\/2024\/12\/Vape-Wholesale.jpg\" alt=\"Vape Engros\" width=\"229\" height=\"300\" \/><\/p>\n<h3><a href=\"https:\/\/wa.me\/8617776015835\"><span style=\"color: #ff0000;\"><strong>WhatsApp: +86 17776015835<\/strong><\/span><\/a><\/h3>","protected":false},"featured_media":4682,"comment_status":"open","ping_status":"closed","template":"","meta":{"_acf_changed":false,"_uag_custom_page_level_css":"","_lmt_disableupdate":"no","_lmt_disable":"","_monsterinsights_skip_tracking":false,"_monsterinsights_sitenote_active":false,"_monsterinsights_sitenote_note":"","_monsterinsights_sitenote_category":0,"site-sidebar-layout":"default","site-content-layout":"","ast-site-content-layout":"default","site-content-style":"default","site-sidebar-style":"default","ast-global-header-display":"","ast-banner-title-visibility":"","ast-main-header-display":"","ast-hfb-above-header-display":"","ast-hfb-below-header-display":"","ast-hfb-mobile-header-display":"","site-post-title":"","ast-breadcrumbs-content":"","ast-featured-img":"","footer-sml-layout":"","ast-disable-related-posts":"","theme-transparent-header-meta":"default","adv-header-id-meta":"","stick-header-meta":"","header-above-stick-meta":"","header-main-stick-meta":"","header-below-stick-meta":"","astra-migrate-meta-layouts":"set","ast-page-background-enabled":"default","ast-page-background-meta":{"desktop":{"background-color":"","background-image":"","background-repeat":"repeat","background-position":"center center","background-size":"auto","background-attachment":"scroll","background-type":"","background-media":"","overlay-type":"","overlay-color":"","overlay-opacity":"","overlay-gradient":""},"tablet":{"background-color":"","background-image":"","background-repeat":"repeat","background-position":"center center","background-size":"auto","background-attachment":"scroll","background-type":"","background-media":"","overlay-type":"","overlay-color":"","overlay-opacity":"","overlay-gradient":""},"mobile":{"background-color":"","background-image":"","background-repeat":"repeat","background-position":"center center","background-size":"auto","background-attachment":"scroll","background-type":"","background-media":"","overlay-type":"","overlay-color":"","overlay-opacity":"","overlay-gradient":""}},"ast-content-background-meta":{"desktop":{"background-color":"var(--ast-global-color-5)","background-image":"","background-repeat":"repeat","background-position":"center center","background-size":"auto","background-attachment":"scroll","background-type":"","background-media":"","overlay-type":"","overlay-color":"","overlay-opacity":"","overlay-gradient":""},"tablet":{"background-color":"var(--ast-global-color-5)","background-image":"","background-repeat":"repeat","background-position":"center center","background-size":"auto","background-attachment":"scroll","background-type":"","background-media":"","overlay-type":"","overlay-color":"","overlay-opacity":"","overlay-gradient":""},"mobile":{"background-color":"var(--ast-global-color-5)","background-image":"","background-repeat":"repeat","background-position":"center center","background-size":"auto","background-attachment":"scroll","background-type":"","background-media":"","overlay-type":"","overlay-color":"","overlay-opacity":"","overlay-gradient":""}},"_joinchat":[]},"product_brand":[],"product_cat":[69,152,156,142,492,357,146],"product_tag":[396,497,368,495,496,390,397],"class_list":{"0":"post-4683","1":"product","2":"type-product","3":"status-publish","4":"has-post-thumbnail","6":"product_cat-20000-puff","7":"product_cat-buy-disposable-vapes-in-cermany","8":"product_cat-buy-disposable-vapes-in-poland","9":"product_cat-digital-box-disposable-vapes","10":"product_cat-eu-warehouse","11":"product_cat-flavor-adjustable-vape","12":"product_cat-rechargeable-disposable-vapes","13":"product_tag-disposable-cigarette","14":"product_tag-disposable-vape-wholesaler","15":"product_tag-disposable-vapor","16":"product_tag-hifancy-legend-20000-puff","17":"product_tag-hifancy-legend-20k","18":"product_tag-online-vape-shop","19":"product_tag-vapor","20":"desktop-align-left","21":"tablet-align-left","22":"mobile-align-left","24":"first","25":"instock","26":"sale","27":"shipping-taxable","28":"purchasable","29":"product-type-simple"},"acf":[],"uagb_featured_image_src":{"full":["https:\/\/vapestornado.com\/wp-content\/uploads\/2025\/12\/HIFANCY-LEGEND-20000-Vape-Factory-Price.webp",800,800,false],"thumbnail":["https:\/\/vapestornado.com\/wp-content\/uploads\/2025\/12\/HIFANCY-LEGEND-20000-Vape-Factory-Price-150x150.webp",150,150,true],"medium":["https:\/\/vapestornado.com\/wp-content\/uploads\/2025\/12\/HIFANCY-LEGEND-20000-Vape-Factory-Price-300x300.webp",300,300,true],"medium_large":["https:\/\/vapestornado.com\/wp-content\/uploads\/2025\/12\/HIFANCY-LEGEND-20000-Vape-Factory-Price-768x768.webp",768,768,true],"large":["https:\/\/vapestornado.com\/wp-content\/uploads\/2025\/12\/HIFANCY-LEGEND-20000-Vape-Factory-Price.webp",800,800,false],"1536x1536":["https:\/\/vapestornado.com\/wp-content\/uploads\/2025\/12\/HIFANCY-LEGEND-20000-Vape-Factory-Price.webp",800,800,false],"2048x2048":["https:\/\/vapestornado.com\/wp-content\/uploads\/2025\/12\/HIFANCY-LEGEND-20000-Vape-Factory-Price.webp",800,800,false],"trp-custom-language-flag":["https:\/\/vapestornado.com\/wp-content\/uploads\/2025\/12\/HIFANCY-LEGEND-20000-Vape-Factory-Price-12x12.webp",12,12,true],"woocommerce_thumbnail":["https:\/\/vapestornado.com\/wp-content\/uploads\/2025\/12\/HIFANCY-LEGEND-20000-Vape-Factory-Price-300x300.webp",300,300,true],"woocommerce_single":["https:\/\/vapestornado.com\/wp-content\/uploads\/2025\/12\/HIFANCY-LEGEND-20000-Vape-Factory-Price-600x600.webp",600,600,true],"woocommerce_gallery_thumbnail":["https:\/\/vapestornado.com\/wp-content\/uploads\/2025\/12\/HIFANCY-LEGEND-20000-Vape-Factory-Price-100x100.webp",100,100,true]},"uagb_author_info":{"display_name":"ESAMY","author_link":"https:\/\/vapestornado.com\/da\/author\/"},"uagb_comment_info":0,"uagb_excerpt":"The HIFANCY Legend 20000 Puff is a high-capacity disposable E-cigarette designed for long-lasting use and consistent flavour. It features up to 20,000 puffs, a 30ml e-liquid capacity, a 750mAh rechargeable battery, and a double mesh coil for stable vapour output. With two heating modes and multiple nicotine options, it suits adult users who want a&hellip;","_links":{"self":[{"href":"https:\/\/vapestornado.com\/da\/wp-json\/wp\/v2\/product\/4683","targetHints":{"allow":["GET"]}}],"collection":[{"href":"https:\/\/vapestornado.com\/da\/wp-json\/wp\/v2\/product"}],"about":[{"href":"https:\/\/vapestornado.com\/da\/wp-json\/wp\/v2\/types\/product"}],"replies":[{"embeddable":true,"href":"https:\/\/vapestornado.com\/da\/wp-json\/wp\/v2\/comments?post=4683"}],"wp:featuredmedia":[{"embeddable":true,"href":"https:\/\/vapestornado.com\/da\/wp-json\/wp\/v2\/media\/4682"}],"wp:attachment":[{"href":"https:\/\/vapestornado.com\/da\/wp-json\/wp\/v2\/media?parent=4683"}],"wp:term":[{"taxonomy":"product_brand","embeddable":true,"href":"https:\/\/vapestornado.com\/da\/wp-json\/wp\/v2\/product_brand?post=4683"},{"taxonomy":"product_cat","embeddable":true,"href":"https:\/\/vapestornado.com\/da\/wp-json\/wp\/v2\/product_cat?post=4683"},{"taxonomy":"product_tag","embeddable":true,"href":"https:\/\/vapestornado.com\/da\/wp-json\/wp\/v2\/product_tag?post=4683"}],"curies":[{"name":"wp","href":"https:\/\/api.w.org\/{rel}","templated":true}]}}