{"id":4614,"date":"2025-11-29T06:20:23","date_gmt":"2025-11-29T06:20:23","guid":{"rendered":"https:\/\/vapestornado.com\/?post_type=product&#038;p=4614"},"modified":"2025-11-29T06:33:24","modified_gmt":"2025-11-29T06:33:24","slug":"razz-bar-40000-puff-40k-dual-flavours-disposable-vape-factory-price","status":"publish","type":"product","link":"https:\/\/vapestornado.com\/da\/product\/razz-bar-40000-puff-40k-dual-flavours-disposable-vape-factory-price\/","title":{"rendered":"Razz Bar 40000 Puff 40K Dobbelt Smag Engangs Vape Fabrikspris"},"content":{"rendered":"<h2 data-pm-slice=\"1 1 []\">Razz Bar 40000 Puff 40K Dobbelt Smag Engangs Vape Fabriks-Engrospris<\/h2>\n<p data-start=\"289\" data-end=\"881\">Den <strong data-start=\"293\" data-end=\"316\">Razz Bar 40000 Puff<\/strong> er designet til grossister, der \u00f8nsker en p\u00e5lidelig, h\u00f8jvolumen enhed med st\u00e6rk eftersp\u00f8rgsel og hurtig oms\u00e6tning. Denne <strong data-start=\"425\" data-end=\"447\">2-i-1 smags vape<\/strong> leverer to komplette smage i en enkelt enhed, hvilket giver brugerne flere valgmuligheder og mere v\u00e6rdi. Med op til <strong data-start=\"551\" data-end=\"564\">40K sug<\/strong>, en klar sk\u00e6rm og et genopladeligt batteri p\u00e5 650mAh, er <strong data-start=\"622\" data-end=\"638\">Razz Bar 40K<\/strong> fremst\u00e5r som en holdbar, langtidsholdbar <strong data-start=\"677\" data-end=\"708\">dobbelt smags engangs vape<\/strong> ideel til detailhandlere i EU, der s\u00f8ger stabile ugentlige salg. Lageret sendes hurtigt fra vores <strong data-start=\"794\" data-end=\"815\">Vape EU Lager<\/strong>, hvilket sikrer hurtig levering og konstant forsyning til dine kunder.<\/p>\n<p data-start=\"883\" data-end=\"1342\">Avancerede dobbelt mesh-coils garanterer ren smagsadskillelse\u2014hver smag har sin egen dedikerede tank, s\u00e5 smagen forbliver skarp og autentisk fra den f\u00f8rste puff til den 40.000. En simpel drej-udskiftning giver brugerne mulighed for at skifte smag \u00f8jeblikkeligt, hvilket g\u00f8r Razz Bar til en favorit blandt dampere, der \u00f8nsker variation uden at b\u00e6re flere enheder. Kombineret med Type-C hurtigopladning og 10+ blandede frugtkompositioner er det en p\u00e5lidelig high-performance mulighed til daglig brug.<\/p>\n<p data-start=\"1344\" data-end=\"1558\">For distribut\u00f8rer eller private brugere, der s\u00f8ger en premium <strong data-start=\"1385\" data-end=\"1416\">dobbelt smags engangs vape<\/strong> med dokumenteret eftersp\u00f8rgsel, st\u00e6rk smagspr\u00e6station og et moderne display system, den <strong data-start=\"1496\" data-end=\"1519\">Razz Bar 40000 Puff<\/strong> er en klar vinder i 40K-kategorien.<\/p>\n<p data-start=\"666\" data-end=\"1235\"><strong style=\"font-size: 16px;\"><span style=\"color: #ff0000;\">Tilf\u00f8j Amy's WhatsApp for at f\u00e5 et direkte svar og en god pris!<\/span><\/strong><\/p>\n<p><img fetchpriority=\"high\" decoding=\"async\" class=\"size-full wp-image-2932\" src=\"https:\/\/vapestornado.com\/wp-content\/uploads\/2024\/12\/Vape-Wholesale.jpg\" alt=\"Vape Engros\" width=\"229\" height=\"300\" \/><\/p>\n<h3><a href=\"https:\/\/wa.me\/8617776015835\" target=\"_blank\" rel=\"noopener\"><span style=\"color: #ff0000;\"><strong>WhatsApp: +86 17776015835<\/strong><\/span><\/a><\/h3>\n<p>&nbsp;<\/p>\n<h2><strong>Hvilke Smagsvarianter er tilg\u00e6ngelige fra Razz Bar 40000 Puff Disposables Vapes?<\/strong><\/h2>\n<ol data-start=\"1912\" data-end=\"2668\">\n<li data-start=\"1912\" data-end=\"1938\">\n<p data-start=\"1915\" data-end=\"1938\">Citron Lime \/ Lush Ice<\/p>\n<\/li>\n<li data-start=\"1939\" data-end=\"1974\">\n<p data-start=\"1942\" data-end=\"1974\">Jordb\u00e6r Is \/ Blandet B\u00e6r<\/p>\n<\/li>\n<li data-start=\"1975\" data-end=\"2028\">\n<p data-start=\"1978\" data-end=\"2028\">Bl\u00e5 Razz Is \/ Jordb\u00e6r Vandmelon Boble Gum<\/p>\n<\/li>\n<li data-start=\"2029\" data-end=\"2064\">\n<p data-start=\"2032\" data-end=\"2064\">Blandet B\u00e6r \/ Vandmelon Is<\/p>\n<\/li>\n<li data-start=\"2065\" data-end=\"2102\">\n<p data-start=\"2068\" data-end=\"2102\">Jordb\u00e6r Banan \/ Red Bull Is<\/p>\n<\/li>\n<li data-start=\"2103\" data-end=\"2131\">\n<p data-start=\"2106\" data-end=\"2131\">Bl\u00e5b\u00e6r Is \/ Love 66<\/p>\n<\/li>\n<li data-start=\"2132\" data-end=\"2162\">\n<p data-start=\"2135\" data-end=\"2162\">Fersken Is \/ Bl\u00e5b\u00e6r Is<\/p>\n<\/li>\n<li data-start=\"2163\" data-end=\"2210\">\n<p data-start=\"2166\" data-end=\"2210\">Jordb\u00e6r Kiwi \/ Bl\u00e5b\u00e6r Sur Hindb\u00e6r<\/p>\n<\/li>\n<li data-start=\"2211\" data-end=\"2241\">\n<p data-start=\"2214\" data-end=\"2241\">Vandmelon Is \/ Cola Is<\/p>\n<\/li>\n<li data-start=\"2242\" data-end=\"2281\">\n<p data-start=\"2246\" data-end=\"2281\">Jordb\u00e6r Vandmelon \/ Druer Is<\/p>\n<\/li>\n<li data-start=\"2282\" data-end=\"2316\">\n<p data-start=\"2286\" data-end=\"2316\">Citron Lime \/ Jordb\u00e6r Kiwi<\/p>\n<\/li>\n<li data-start=\"2317\" data-end=\"2353\">\n<p data-start=\"2321\" data-end=\"2353\">Pink Lemonade \/ Bromb\u00e6r Is<\/p>\n<\/li>\n<li data-start=\"2354\" data-end=\"2391\">\n<p data-start=\"2358\" data-end=\"2391\">Saftig Fersken Is \/ Ananas Is<\/p>\n<\/li>\n<li data-start=\"2392\" data-end=\"2442\">\n<p data-start=\"2396\" data-end=\"2442\">Kiwi Passion Frugt Guava \/ Ananas Kokosn\u00f8d<\/p>\n<\/li>\n<li data-start=\"2443\" data-end=\"2471\">\n<p data-start=\"2447\" data-end=\"2471\">Skittles \/ Druer Burst<\/p>\n<\/li>\n<li data-start=\"2472\" data-end=\"2526\">\n<p data-start=\"2476\" data-end=\"2526\">Sort Is Dragefrugt Jordb\u00e6r \/ Triple Melon<\/p>\n<\/li>\n<li data-start=\"2527\" data-end=\"2565\">\n<p data-start=\"2531\" data-end=\"2565\">Sommerdr\u00f8m \/ Jordb\u00e6r Banan<\/p>\n<\/li>\n<li data-start=\"2566\" data-end=\"2611\">\n<p data-start=\"2570\" data-end=\"2611\">Kirseb\u00e6r Citron \/ Bl\u00e5b\u00e6r Sur Hindb\u00e6r<\/p>\n<\/li>\n<li data-start=\"2612\" data-end=\"2638\">\n<p data-start=\"2616\" data-end=\"2638\">Love 66 \/ Sur \u00c6ble<\/p>\n<\/li>\n<li data-start=\"2639\" data-end=\"2668\">\n<p data-start=\"2643\" data-end=\"2668\">Citron Lime \/ Frisk Mynte<\/p>\n<\/li>\n<\/ol>\n<h2><strong>Razz Bar 40000 Puf Engangs Vape Boks N\u00f8gle Produktfunktioner<\/strong><\/h2>\n<ul data-start=\"2707\" data-end=\"3053\">\n<li data-start=\"2707\" data-end=\"2765\">\n<p data-start=\"2709\" data-end=\"2765\">Dobbelt-smagskiftesystem med to uafh\u00e6ngige tanke.<\/p>\n<\/li>\n<li data-start=\"2766\" data-end=\"2820\">\n<p data-start=\"2768\" data-end=\"2820\">Op til <strong data-start=\"2774\" data-end=\"2790\">40.000 sug<\/strong> til langvarig daglig brug.<\/p>\n<\/li>\n<li data-start=\"2821\" data-end=\"2878\">\n<p data-start=\"2823\" data-end=\"2878\">650mAh genopladeligt batteri med <strong data-start=\"2856\" data-end=\"2866\">Type-C<\/strong> opladning.<\/p>\n<\/li>\n<li data-start=\"2879\" data-end=\"2927\">\n<p data-start=\"2881\" data-end=\"2927\">Dobbelt mesh-coil for rene, separate smagsoplevelser.<\/p>\n<\/li>\n<li data-start=\"2928\" data-end=\"2974\">\n<p data-start=\"2930\" data-end=\"2974\">LED-display for batteri- og e-v\u00e6skestande.<\/p>\n<\/li>\n<li data-start=\"2975\" data-end=\"3004\">\n<p data-start=\"2977\" data-end=\"3004\">2% \/ 5% nikotinsalt muligheder.<\/p>\n<\/li>\n<li data-start=\"3005\" data-end=\"3053\">\n<p data-start=\"3007\" data-end=\"3053\">200 stk pr. palle til engrosoptimering.<\/p>\n<\/li>\n<\/ul>\n<figure id=\"attachment_4609\" aria-describedby=\"caption-attachment-4609\" style=\"width: 300px\" class=\"wp-caption alignnone\"><img decoding=\"async\" class=\"size-medium wp-image-4609\" src=\"https:\/\/vapestornado.com\/wp-content\/uploads\/2025\/11\/Razz-Bar-40k-Puffs-Disposable-Vape-Wholesale-Price-300x300.webp\" alt=\"Razz Bar 40k Puf Engangs Vape Engrospris\" width=\"300\" height=\"300\" srcset=\"https:\/\/vapestornado.com\/wp-content\/uploads\/2025\/11\/Razz-Bar-40k-Puffs-Disposable-Vape-Wholesale-Price-300x300.webp 300w, https:\/\/vapestornado.com\/wp-content\/uploads\/2025\/11\/Razz-Bar-40k-Puffs-Disposable-Vape-Wholesale-Price-150x150.webp 150w, https:\/\/vapestornado.com\/wp-content\/uploads\/2025\/11\/Razz-Bar-40k-Puffs-Disposable-Vape-Wholesale-Price-768x768.webp 768w, https:\/\/vapestornado.com\/wp-content\/uploads\/2025\/11\/Razz-Bar-40k-Puffs-Disposable-Vape-Wholesale-Price-12x12.webp 12w, https:\/\/vapestornado.com\/wp-content\/uploads\/2025\/11\/Razz-Bar-40k-Puffs-Disposable-Vape-Wholesale-Price-600x600.webp 600w, https:\/\/vapestornado.com\/wp-content\/uploads\/2025\/11\/Razz-Bar-40k-Puffs-Disposable-Vape-Wholesale-Price-100x100.webp 100w, https:\/\/vapestornado.com\/wp-content\/uploads\/2025\/11\/Razz-Bar-40k-Puffs-Disposable-Vape-Wholesale-Price.webp 800w\" sizes=\"(max-width: 300px) 100vw, 300px\" \/><figcaption id=\"caption-attachment-4609\" class=\"wp-caption-text\">Razz Bar 40k Puf Engangs Vape Engrospris<\/figcaption><\/figure>\n<h2>Hvorfor v\u00e6lge Vapestornado til k\u00f8b af engangs vape online?<\/h2>\n<div class=\"flex-shrink-0 flex flex-col relative items-end\">\n<div class=\"pt-0\">\n<div class=\"gizmo-bot-avatar flex h-8 w-8 items-center justify-center overflow-hidden rounded-full\">\n<div class=\"relative p-1 rounded-sm flex items-center justify-center bg-token-main-surface-primary text-token-text-primary h-8 w-8\">\n<p data-start=\"136\" data-end=\"686\">Valg <strong data-start=\"145\" data-end=\"161\">Vapestornado<\/strong> som din betroede kilde til <strong data-start=\"193\" data-end=\"227\">Elf Bar Moon Night 40000 Puffs<\/strong> betyr samarbejde med en leverand\u00f8r, der virkelig forst\u00e5r kravene fra EU-helejere og forhandlere. Vi prioriterer <strong data-start=\"343\" data-end=\"409\">hurtig afsendelse, verificeret lagerbeholdning og stabil langtidssikret forsyning<\/strong>, hvilket sikrer, at du aldrig st\u00e5r uden lager\u2014is\u00e6r for store volumener som <a href=\"https:\/\/vapestornado.com\/da\/product\/airmez-140k-puff-6-in-1-flavor-disposable-vape-wholesale-disposable-vape-pen-eu-warehouse\/\">Airmez 140k 6 i 1 ,<\/a>\u00a0<a href=\"https:\/\/vapestornado.com\/da\/product\/bang-legend-150000-puffs-6-in-1-flavor-newest-disposable-vape\/\">HiFancy Space 50000, Bang Legend 150k <\/a>Alle produkter er hentet fra certificerede kanaler, hvilket giver dig <strong data-start=\"582\" data-end=\"651\">autentisk kvalitet, ensartet smagspr\u00e6station og p\u00e5lidelighed<\/strong> der opfylder EU-markedets forventninger.<\/p>\n<\/div>\n<h2>FAQ om Razz Bar 40000 Puff Bar<\/h2>\n<div class=\"relative p-1 rounded-sm flex items-center justify-center bg-token-main-surface-primary text-token-text-primary h-8 w-8\">\n<p data-start=\"3094\" data-end=\"3257\"><strong data-start=\"3094\" data-end=\"3159\">1. Hvordan fungerer dual-smagsomskifteren p\u00e5 Razz Bar 40K?<\/strong><br data-start=\"3159\" data-end=\"3162\" \/>L\u00f8ft blot og drej mundstykket 180 grader for \u00f8jeblikkeligt at skifte mellem de to smage.<\/p>\n<p data-start=\"3259\" data-end=\"3371\"><strong data-start=\"3259\" data-end=\"3306\">2. Er Razz Bar 40000 Puff genopladelig?<\/strong><br data-start=\"3306\" data-end=\"3309\" \/>Ja, den bruger et genopladeligt batteri p\u00e5 650mAh med en Type-C-port.<\/p>\n<p data-start=\"3373\" data-end=\"3507\"><strong data-start=\"3373\" data-end=\"3416\">3. Har hver smag sin egen coil?<\/strong><br data-start=\"3416\" data-end=\"3419\" \/>Ja, Razz Bar bruger en dual mesh coil tank, hvilket sikrer, at smagene forbliver rene og adskilte.<\/p>\n<p data-start=\"3509\" data-end=\"3638\"><strong data-start=\"3509\" data-end=\"3546\">4. Hvor lang tid varer enheden?<\/strong><br data-start=\"3546\" data-end=\"3549\" \/>Med op til 40K puffs f\u00e5r de fleste brugere flere ugers brug afh\u00e6ngigt af dagligt forbrug.<\/p>\n<p data-start=\"3640\" data-end=\"3791\"><strong data-start=\"3640\" data-end=\"3701\">5. Kan jeg bestille Razz Bar 40K fra et Vape EU-lager?<\/strong><br data-start=\"3701\" data-end=\"3704\" \/>Ja, engrosbestillinger sendes direkte fra vores EU-lager for hurtigere regional levering.<\/p>\n<\/div>\n<\/div>\n<\/div>\n<\/div>","protected":false},"excerpt":{"rendered":"<article class=\"text-token-text-primary w-full focus:outline-none [--shadow-height:45px] has-data-writing-block:pointer-events-none has-data-writing-block:-mt-(--shadow-height) has-data-writing-block:pt-(--shadow-height) [&amp;:has([data-writing-block])&gt;*]:pointer-events-auto [content-visibility:auto] supports-[content-visibility:auto]:[contain-intrinsic-size:auto_100lvh] scroll-mt-[calc(var(--header-height)+min(200px,max(70px,20svh)))]\" dir=\"auto\" tabindex=\"-1\" data-turn-id=\"86ca9d92-7a10-4e6b-bda0-15f9df36adca\" data-testid=\"conversation-turn-120\" data-scroll-anchor=\"true\" data-turn=\"assistant\">\n<div class=\"text-base my-auto mx-auto pb-10 [--thread-content-margin:--spacing(4)] thread-sm:[--thread-content-margin:--spacing(6)] thread-lg:[--thread-content-margin:--spacing(16)] px-(--thread-content-margin)\">\n<div class=\"[--thread-content-max-width:40rem] thread-lg:[--thread-content-max-width:48rem] mx-auto max-w-(--thread-content-max-width) flex-1 group\/turn-messages focus-visible:outline-hidden relative flex w-full min-w-0 flex-col agent-turn\" tabindex=\"-1\">\n<div class=\"flex max-w-full flex-col grow\">\n<div class=\"min-h-8 text-message relative flex w-full flex-col items-end gap-2 text-start break-words whitespace-normal [.text-message+&amp;]:mt-1\" dir=\"auto\" data-message-author-role=\"assistant\" data-message-id=\"43b070d6-bf28-4fbe-8049-1032a61ea3ac\" data-message-model-slug=\"gpt-5\">\n<div class=\"flex w-full flex-col gap-1 empty:hidden first:pt-[1px]\">\n<div class=\"markdown prose dark:prose-invert w-full break-words light markdown-new-styling\">\n<article class=\"text-token-text-primary w-full focus:outline-none [--shadow-height:45px] has-data-writing-block:pointer-events-none has-data-writing-block:-mt-(--shadow-height) has-data-writing-block:pt-(--shadow-height) [&amp;:has([data-writing-block])&gt;*]:pointer-events-auto [content-visibility:auto] supports-[content-visibility:auto]:[contain-intrinsic-size:auto_100lvh] scroll-mt-[calc(var(--header-height)+min(200px,max(70px,20svh)))]\" dir=\"auto\" tabindex=\"-1\" data-turn-id=\"4d6f00b8-d41a-438b-8912-05a895842882\" data-testid=\"conversation-turn-130\" data-scroll-anchor=\"true\" data-turn=\"assistant\">\n<div class=\"text-base my-auto mx-auto pb-10 [--thread-content-margin:--spacing(4)] thread-sm:[--thread-content-margin:--spacing(6)] thread-lg:[--thread-content-margin:--spacing(16)] px-(--thread-content-margin)\">\n<div class=\"[--thread-content-max-width:40rem] thread-lg:[--thread-content-max-width:48rem] mx-auto max-w-(--thread-content-max-width) flex-1 group\/turn-messages focus-visible:outline-hidden relative flex w-full min-w-0 flex-col agent-turn\" tabindex=\"-1\">\n<div class=\"flex max-w-full flex-col grow\">\n<div class=\"min-h-8 text-message relative flex w-full flex-col items-end gap-2 text-start break-words whitespace-normal [.text-message+&amp;]:mt-1\" dir=\"auto\" data-message-author-role=\"assistant\" data-message-id=\"f3c520bf-c043-4392-87ea-b3bf1b3ae6d3\" data-message-model-slug=\"gpt-5-1\">\n<div class=\"flex w-full flex-col gap-1 empty:hidden first:pt-[1px]\">\n<div class=\"markdown prose dark:prose-invert w-full break-words light markdown-new-styling\">\n<p data-start=\"1595\" data-end=\"1691\"><strong data-start=\"1595\" data-end=\"1689\">Razz Bar 40K Dobbelt Smag Power \u2013 Den Bedsts\u00e6lgende 2-i-1 Engangs Vape til Engros i EU<\/strong><\/p>\n<p data-start=\"1695\" data-end=\"1780\"><strong data-start=\"1695\" data-end=\"1778\">Razz Bar 40000 Puff Genopladelig Vape \u2013 Maksimal Smag, Langvarig Ydeevne<\/strong><\/p>\n<p data-start=\"1784\" data-end=\"1867\"><strong data-start=\"1784\" data-end=\"1865\">Razz Bar 40K Engros Vape \u2013 Dobbelt Mesh Coil, Dobbelt Smag, Ingen Kompromis<\/strong><\/p>\n<\/div>\n<\/div>\n<\/div>\n<\/div>\n<\/div>\n<\/div>\n<\/article>\n<\/div>\n<\/div>\n<\/div>\n<\/div>\n<\/div>\n<\/div>\n<\/article>\n<p><img fetchpriority=\"high\" decoding=\"async\" class=\"size-full wp-image-2932\" src=\"https:\/\/vapestornado.com\/wp-content\/uploads\/2024\/12\/Vape-Wholesale.jpg\" alt=\"Vape Engros\" width=\"229\" height=\"300\" \/><\/p>\n<h3><a href=\"https:\/\/wa.me\/8617776015835\"><span style=\"color: #ff0000;\"><strong>WhatsApp: +86 17776015835<\/strong><\/span><\/a><\/h3>\n<p>&nbsp;<\/p>","protected":false},"featured_media":4613,"comment_status":"open","ping_status":"closed","template":"","meta":{"_acf_changed":false,"_uag_custom_page_level_css":"","_lmt_disableupdate":"no","_lmt_disable":"","_monsterinsights_skip_tracking":false,"_monsterinsights_sitenote_active":false,"_monsterinsights_sitenote_note":"","_monsterinsights_sitenote_category":0,"site-sidebar-layout":"default","site-content-layout":"","ast-site-content-layout":"default","site-content-style":"default","site-sidebar-style":"default","ast-global-header-display":"","ast-banner-title-visibility":"","ast-main-header-display":"","ast-hfb-above-header-display":"","ast-hfb-below-header-display":"","ast-hfb-mobile-header-display":"","site-post-title":"","ast-breadcrumbs-content":"","ast-featured-img":"","footer-sml-layout":"","ast-disable-related-posts":"","theme-transparent-header-meta":"default","adv-header-id-meta":"","stick-header-meta":"","header-above-stick-meta":"","header-main-stick-meta":"","header-below-stick-meta":"","astra-migrate-meta-layouts":"set","ast-page-background-enabled":"default","ast-page-background-meta":{"desktop":{"background-color":"","background-image":"","background-repeat":"repeat","background-position":"center center","background-size":"auto","background-attachment":"scroll","background-type":"","background-media":"","overlay-type":"","overlay-color":"","overlay-opacity":"","overlay-gradient":""},"tablet":{"background-color":"","background-image":"","background-repeat":"repeat","background-position":"center center","background-size":"auto","background-attachment":"scroll","background-type":"","background-media":"","overlay-type":"","overlay-color":"","overlay-opacity":"","overlay-gradient":""},"mobile":{"background-color":"","background-image":"","background-repeat":"repeat","background-position":"center center","background-size":"auto","background-attachment":"scroll","background-type":"","background-media":"","overlay-type":"","overlay-color":"","overlay-opacity":"","overlay-gradient":""}},"ast-content-background-meta":{"desktop":{"background-color":"var(--ast-global-color-5)","background-image":"","background-repeat":"repeat","background-position":"center center","background-size":"auto","background-attachment":"scroll","background-type":"","background-media":"","overlay-type":"","overlay-color":"","overlay-opacity":"","overlay-gradient":""},"tablet":{"background-color":"var(--ast-global-color-5)","background-image":"","background-repeat":"repeat","background-position":"center center","background-size":"auto","background-attachment":"scroll","background-type":"","background-media":"","overlay-type":"","overlay-color":"","overlay-opacity":"","overlay-gradient":""},"mobile":{"background-color":"var(--ast-global-color-5)","background-image":"","background-repeat":"repeat","background-position":"center center","background-size":"auto","background-attachment":"scroll","background-type":"","background-media":"","overlay-type":"","overlay-color":"","overlay-opacity":"","overlay-gradient":""}},"_joinchat":{"telephone":"17776015835"}},"product_brand":[],"product_cat":[149,150,151,152,144],"product_tag":[463,105,446,461,462,436],"class_list":{"0":"post-4614","1":"product","2":"type-product","3":"status-publish","4":"has-post-thumbnail","6":"product_cat-buy-disposable-vapes-in-austria","7":"product_cat-buy-disposable-vapes-in-belgium","8":"product_cat-buy-disposable-vapes-in-france","9":"product_cat-buy-disposable-vapes-in-cermany","10":"product_cat-low-nicotine-disposable-vapes","11":"product_tag-2-in-1-flavor-vape","12":"product_tag-digital-disposable-vape","13":"product_tag-disposable-vape-kit","14":"product_tag-razz-bar-40000","15":"product_tag-razz-bar-40k","16":"product_tag-shop-vape-online","17":"desktop-align-left","18":"tablet-align-left","19":"mobile-align-left","21":"first","22":"instock","23":"sale","24":"shipping-taxable","25":"purchasable","26":"product-type-simple"},"acf":[],"uagb_featured_image_src":{"full":["https:\/\/vapestornado.com\/wp-content\/uploads\/2025\/11\/RAZZ-BAR-40000-Puffs-Wholesale-Vape-Factory-Price.webp",800,800,false],"thumbnail":["https:\/\/vapestornado.com\/wp-content\/uploads\/2025\/11\/RAZZ-BAR-40000-Puffs-Wholesale-Vape-Factory-Price-150x150.webp",150,150,true],"medium":["https:\/\/vapestornado.com\/wp-content\/uploads\/2025\/11\/RAZZ-BAR-40000-Puffs-Wholesale-Vape-Factory-Price-300x300.webp",300,300,true],"medium_large":["https:\/\/vapestornado.com\/wp-content\/uploads\/2025\/11\/RAZZ-BAR-40000-Puffs-Wholesale-Vape-Factory-Price-768x768.webp",768,768,true],"large":["https:\/\/vapestornado.com\/wp-content\/uploads\/2025\/11\/RAZZ-BAR-40000-Puffs-Wholesale-Vape-Factory-Price.webp",800,800,false],"1536x1536":["https:\/\/vapestornado.com\/wp-content\/uploads\/2025\/11\/RAZZ-BAR-40000-Puffs-Wholesale-Vape-Factory-Price.webp",800,800,false],"2048x2048":["https:\/\/vapestornado.com\/wp-content\/uploads\/2025\/11\/RAZZ-BAR-40000-Puffs-Wholesale-Vape-Factory-Price.webp",800,800,false],"trp-custom-language-flag":["https:\/\/vapestornado.com\/wp-content\/uploads\/2025\/11\/RAZZ-BAR-40000-Puffs-Wholesale-Vape-Factory-Price-12x12.webp",12,12,true],"woocommerce_thumbnail":["https:\/\/vapestornado.com\/wp-content\/uploads\/2025\/11\/RAZZ-BAR-40000-Puffs-Wholesale-Vape-Factory-Price-300x300.webp",300,300,true],"woocommerce_single":["https:\/\/vapestornado.com\/wp-content\/uploads\/2025\/11\/RAZZ-BAR-40000-Puffs-Wholesale-Vape-Factory-Price-600x600.webp",600,600,true],"woocommerce_gallery_thumbnail":["https:\/\/vapestornado.com\/wp-content\/uploads\/2025\/11\/RAZZ-BAR-40000-Puffs-Wholesale-Vape-Factory-Price-100x100.webp",100,100,true]},"uagb_author_info":{"display_name":"ESAMY","author_link":"https:\/\/vapestornado.com\/da\/author\/"},"uagb_comment_info":0,"uagb_excerpt":"Razz Bar 40K Dual Flavour Power \u2013 The Best-Selling 2-in-1 Disposable Vape for EU Wholesale Razz Bar 40000 Puff Rechargeable Vape \u2013 Maximum Taste, Long-Lasting Performance Razz Bar 40K Wholesale Vape \u2013 Dual Mesh Coil, Double Flavour, Zero Compromise WhatsApp: +86 17776015835 &nbsp;","_links":{"self":[{"href":"https:\/\/vapestornado.com\/da\/wp-json\/wp\/v2\/product\/4614","targetHints":{"allow":["GET"]}}],"collection":[{"href":"https:\/\/vapestornado.com\/da\/wp-json\/wp\/v2\/product"}],"about":[{"href":"https:\/\/vapestornado.com\/da\/wp-json\/wp\/v2\/types\/product"}],"replies":[{"embeddable":true,"href":"https:\/\/vapestornado.com\/da\/wp-json\/wp\/v2\/comments?post=4614"}],"wp:featuredmedia":[{"embeddable":true,"href":"https:\/\/vapestornado.com\/da\/wp-json\/wp\/v2\/media\/4613"}],"wp:attachment":[{"href":"https:\/\/vapestornado.com\/da\/wp-json\/wp\/v2\/media?parent=4614"}],"wp:term":[{"taxonomy":"product_brand","embeddable":true,"href":"https:\/\/vapestornado.com\/da\/wp-json\/wp\/v2\/product_brand?post=4614"},{"taxonomy":"product_cat","embeddable":true,"href":"https:\/\/vapestornado.com\/da\/wp-json\/wp\/v2\/product_cat?post=4614"},{"taxonomy":"product_tag","embeddable":true,"href":"https:\/\/vapestornado.com\/da\/wp-json\/wp\/v2\/product_tag?post=4614"}],"curies":[{"name":"wp","href":"https:\/\/api.w.org\/{rel}","templated":true}]}}