{"id":4603,"date":"2025-11-28T07:57:59","date_gmt":"2025-11-28T07:57:59","guid":{"rendered":"https:\/\/vapestornado.com\/?post_type=product&#038;p=4603"},"modified":"2025-11-28T08:20:23","modified_gmt":"2025-11-28T08:20:23","slug":"airmez-fox-80000-puffs-2-in-1-best-80k-vape-wholesale-eu-warehouse","status":"publish","type":"product","link":"https:\/\/vapestornado.com\/da\/product\/airmez-fox-80000-puffs-2-in-1-best-80k-vape-wholesale-eu-warehouse\/","title":{"rendered":"Airmez Fox 80000 Puffs 2 I 1 Bedst 80k Vape Engros EU-lager"},"content":{"rendered":"<h2 data-pm-slice=\"1 1 []\">Airmez Fox 80000 Puffs 2-i-1 Krystalklar Engangsvape EU-Lager Engros<\/h2>\n<p data-start=\"663\" data-end=\"1062\">Den <strong data-start=\"667\" data-end=\"693\">Airmez Fox 80000 Puffs<\/strong> er en kompakt, h\u00f8jkapacitets <strong data-start=\"722\" data-end=\"755\">dobbelt smag engangs vape<\/strong> designet til europ\u00e6iske detailhandlere, der s\u00f8ger en p\u00e5lidelig, langvarig enhed med st\u00e6rk smagsappel. Dette 2-i-1 system giver brugerne \u00f8jeblikkelig adgang til to forskellige smagsprofiler i \u00e9n enhed, hvilket g\u00f8r det til <strong data-start=\"966\" data-end=\"984\">Airmez Fox 80k<\/strong> en fremragende valgmulighed for kunder, der \u00f8nsker variation uden at skifte enheder.<\/p>\n<p data-start=\"1064\" data-end=\"1435\">Hver enhed er forudfyldt med <strong data-start=\"1094\" data-end=\"1114\">30 ml e-v\u00e6ske<\/strong> (15 ml pr. smag) og drevet af en <strong data-start=\"1151\" data-end=\"1189\">650mAh Type-C genopladeligt batteri<\/strong>, hvilket leverer ensartet output, der er egnet til hele 80.000 puff-cyklussen. Den <strong data-start=\"1267\" data-end=\"1285\">1,0\u03a9 mesh coil<\/strong> producerer glat damp, stabil halsfornemmelse og p\u00e5lidelig smagspr\u00e6station, der passer godt til forbrugerpr\u00e6ferencer p\u00e5 tv\u00e6rs af n\u00f8glemarkeder i EU.<\/p>\n<p data-start=\"1437\" data-end=\"1897\">En lys LED-sk\u00e6rm viser batteri- og e-v\u00e6skestatus i realtid, hvilket reducerer usikkerhed og forbedrer brugeroplevelsen. Detailhandlere drager fordel af stabile gentagne salg og forenklet lagerstyring, is\u00e6r med hurtig bev\u00e6gelse fra vores <strong data-start=\"1680\" data-end=\"1701\">Vape EU Lager<\/strong>. Takket v\u00e6re sin krystalklar finish skiller Airmez Fox 80000 sig ogs\u00e5 ud visuelt og appellerer til yngre voksne i alderen 25\u201335, der s\u00f8ger en premium-udseende enhed inden for 80k puff-kategorien.<\/p>\n<p data-start=\"1899\" data-end=\"2203\">For grossister passer Airmez Fox 80k p\u00e6nt ind i eksisterende h\u00f8jpuff-produktserier og fungerer som en st\u00e6rk midt-premium SKU i <strong data-start=\"2032\" data-end=\"2048\">krystalklar vape<\/strong> segmentet. Dobbelt-smagsformatet, stor tankkapacitet og lang levetid g\u00f8r det til en af de mest praktiske bulk-k\u00f8bs muligheder i 80.000 puff-klassen.<\/p>\n<p data-start=\"666\" data-end=\"1235\"><strong style=\"font-size: 16px;\"><span style=\"color: #ff0000;\">Tilf\u00f8j Amy's WhatsApp for at f\u00e5 et direkte svar og en god pris!<\/span><\/strong><\/p>\n<p><img fetchpriority=\"high\" decoding=\"async\" class=\"size-full wp-image-2932\" src=\"https:\/\/vapestornado.com\/wp-content\/uploads\/2024\/12\/Vape-Wholesale.jpg\" alt=\"Vape Engros\" width=\"229\" height=\"300\" \/><\/p>\n<h3><a href=\"https:\/\/wa.me\/8617776015835\" target=\"_blank\" rel=\"noopener\"><span style=\"color: #ff0000;\"><strong>WhatsApp: +86 17776015835<\/strong><\/span><\/a><\/h3>\n<p>&nbsp;<\/p>\n<h2><strong>AIRMEZ FOX 120000 Puffs Engangs Vapes Smagsliste<\/strong><\/h2>\n<ul>\n<li data-start=\"2691\" data-end=\"2752\">\n<p data-start=\"2693\" data-end=\"2752\"><strong data-start=\"2693\" data-end=\"2715\">Dobbelt smagsknap<\/strong> med to smagsvarianter i hver enhed.<\/p>\n<\/li>\n<li data-start=\"2753\" data-end=\"2814\">\n<p data-start=\"2755\" data-end=\"2814\"><strong data-start=\"2755\" data-end=\"2777\">Op til 80.000 puffer<\/strong> til langvarig, lav-vedligeholdelsesbrug.<\/p>\n<\/li>\n<li data-start=\"2815\" data-end=\"2862\">\n<p data-start=\"2817\" data-end=\"2862\"><strong data-start=\"2817\" data-end=\"2840\">30ml samlet kapacitet<\/strong> (15ml pr. smag).<\/p>\n<\/li>\n<li data-start=\"2863\" data-end=\"2926\">\n<p data-start=\"2865\" data-end=\"2926\"><strong data-start=\"2865\" data-end=\"2883\">1,0\u03a9 mesh coil<\/strong> til kraftfuld, ensartet smagslevering.<\/p>\n<\/li>\n<li data-start=\"2927\" data-end=\"2984\">\n<p data-start=\"2929\" data-end=\"2984\"><strong data-start=\"2929\" data-end=\"2955\">650mAh Type-C opladning<\/strong> for at opretholde stabilt output.<\/p>\n<\/li>\n<li data-start=\"2985\" data-end=\"3040\">\n<p data-start=\"2987\" data-end=\"3040\"><strong data-start=\"2987\" data-end=\"3012\">LED-sk\u00e6rm indikatorer<\/strong> til batteri og e-v\u00e6ske.<\/p>\n<\/li>\n<li data-start=\"3041\" data-end=\"3100\">\n<p data-start=\"3043\" data-end=\"3100\"><strong data-start=\"3043\" data-end=\"3072\">Krystal-agtigt design af kroppen<\/strong> til premium hyldeappel.<\/p>\n<\/li>\n<li data-start=\"3101\" data-end=\"3165\">\n<p data-start=\"3103\" data-end=\"3165\"><strong data-start=\"3103\" data-end=\"3132\">EU-lager tilg\u00e6ngelighed<\/strong> til hurtig engrosopfyldning.<\/p>\n<\/li>\n<\/ul>\n<figure id=\"attachment_4605\" aria-describedby=\"caption-attachment-4605\" style=\"width: 800px\" class=\"wp-caption alignnone\"><img decoding=\"async\" class=\"wp-image-4605 size-full\" src=\"https:\/\/vapestornado.com\/wp-content\/uploads\/2025\/11\/Airmez-FOX-2IN1-80K-Dual-Flavors-Disposable-Vapor.webp\" alt=\"Airmez FOX 2IN1 80K Dobbelt Smags Engangsdamper\" width=\"800\" height=\"800\" srcset=\"https:\/\/vapestornado.com\/wp-content\/uploads\/2025\/11\/Airmez-FOX-2IN1-80K-Dual-Flavors-Disposable-Vapor.webp 800w, https:\/\/vapestornado.com\/wp-content\/uploads\/2025\/11\/Airmez-FOX-2IN1-80K-Dual-Flavors-Disposable-Vapor-300x300.webp 300w, https:\/\/vapestornado.com\/wp-content\/uploads\/2025\/11\/Airmez-FOX-2IN1-80K-Dual-Flavors-Disposable-Vapor-150x150.webp 150w, https:\/\/vapestornado.com\/wp-content\/uploads\/2025\/11\/Airmez-FOX-2IN1-80K-Dual-Flavors-Disposable-Vapor-768x768.webp 768w, https:\/\/vapestornado.com\/wp-content\/uploads\/2025\/11\/Airmez-FOX-2IN1-80K-Dual-Flavors-Disposable-Vapor-12x12.webp 12w, https:\/\/vapestornado.com\/wp-content\/uploads\/2025\/11\/Airmez-FOX-2IN1-80K-Dual-Flavors-Disposable-Vapor-600x600.webp 600w, https:\/\/vapestornado.com\/wp-content\/uploads\/2025\/11\/Airmez-FOX-2IN1-80K-Dual-Flavors-Disposable-Vapor-100x100.webp 100w\" sizes=\"(max-width: 800px) 100vw, 800px\" \/><figcaption id=\"caption-attachment-4605\" class=\"wp-caption-text\">Airmez FOX 2IN1 80K Dobbelt Smags Engangsdamper<\/figcaption><\/figure>\n<h2><strong>Hvad g\u00f8r Airmez Fox 80000 PuffsEngangs Vape Pen unik?<\/strong><\/h2>\n<ol data-start=\"2243\" data-end=\"2640\">\n<li data-start=\"2243\" data-end=\"2296\">\n<p data-start=\"2246\" data-end=\"2296\"><strong data-start=\"2246\" data-end=\"2294\">Jordb\u00e6r Vandmelon \/ Jordb\u00e6r Hindb\u00e6r<\/strong><\/p>\n<\/li>\n<li data-start=\"2297\" data-end=\"2336\">\n<p data-start=\"2300\" data-end=\"2336\"><strong data-start=\"2300\" data-end=\"2334\">Bl\u00e5 Razz Lemonade \/ Blue Razz<\/strong><\/p>\n<\/li>\n<li data-start=\"2337\" data-end=\"2384\">\n<p data-start=\"2340\" data-end=\"2384\"><strong data-start=\"2340\" data-end=\"2382\">Bl\u00e5b\u00e6r P\u00e5 Is \/ Bl\u00e5b\u00e6r Hindb\u00e6r<\/strong><\/p>\n<\/li>\n<li data-start=\"2385\" data-end=\"2426\">\n<p data-start=\"2388\" data-end=\"2426\"><strong data-start=\"2388\" data-end=\"2424\">Jordb\u00e6r Kiwi \/ Jordb\u00e6r Is<\/strong><\/p>\n<\/li>\n<li data-start=\"2427\" data-end=\"2473\">\n<p data-start=\"2430\" data-end=\"2473\"><strong data-start=\"2430\" data-end=\"2471\">Vandmelon Is \/ Hindb\u00e6r Vandmelon<\/strong><\/p>\n<\/li>\n<li data-start=\"2474\" data-end=\"2510\">\n<p data-start=\"2477\" data-end=\"2510\"><strong data-start=\"2477\" data-end=\"2508\">B\u00e6r Lemonade \/ Citron Lime<\/strong><\/p>\n<\/li>\n<li data-start=\"2511\" data-end=\"2544\">\n<p data-start=\"2514\" data-end=\"2544\"><strong data-start=\"2514\" data-end=\"2542\">Tropisk Frugt \/ Love 66<\/strong><\/p>\n<\/li>\n<li data-start=\"2545\" data-end=\"2577\">\n<p data-start=\"2548\" data-end=\"2577\"><strong data-start=\"2548\" data-end=\"2575\">Fersken Is \/ Mango Fersken<\/strong><\/p>\n<\/li>\n<li data-start=\"2578\" data-end=\"2610\">\n<p data-start=\"2581\" data-end=\"2610\"><strong data-start=\"2581\" data-end=\"2608\">Blandede B\u00e6r \/ Dr Blue<\/strong><\/p>\n<\/li>\n<li data-start=\"2611\" data-end=\"2640\">\n<p data-start=\"2615\" data-end=\"2640\"><strong data-start=\"2615\" data-end=\"2640\">Vindrue Is \/ Sort Is<\/strong><\/p>\n<\/li>\n<\/ol>\n<h3 data-start=\"168\" data-end=\"239\"><strong data-start=\"172\" data-end=\"239\">Airmez Fox 80K vs Airmez Fox 120K \u2014 Hvilken passer til dit marked?<\/strong><\/h3>\n<p data-start=\"241\" data-end=\"1149\">N\u00e5r man sammenligner de <strong data-start=\"260\" data-end=\"278\">Airmez Fox 80K<\/strong> med <strong data-start=\"288\" data-end=\"307\">Airmez Fox 120K<\/strong>, kommer den v\u00e6sentligste forskel ned til puffkapacitet og smagsfleksibilitet. <strong data-start=\"380\" data-end=\"398\">Airmez Fox 80K<\/strong> er bygget til k\u00f8bere, der \u00f8nsker en <em data-start=\"430\" data-end=\"470\">kompakt, dobbelt-smags engangs vape<\/em> med 30 ml samlet e-v\u00e6ske og en skarp mesh-coil smag, hvilket g\u00f8r den ideel til engrosordrer med h\u00f8j oms\u00e6tning, der retter sig mod hurtigoms\u00e6ttelige convenience-butikker. P\u00e5 den anden side, <strong data-start=\"636\" data-end=\"655\">Airmez Fox 120K<\/strong> byder p\u00e5 en meget st\u00f8rre puff-t\u00e6lling med en multi-smagsops\u00e6tning og en st\u00f8rre e-v\u00e6skekammer, hvilket giver langvarige brugere mere variation og udholdenhed. Begge bruger et Type-C genopladeligt system og LED-display, men <strong data-start=\"862\" data-end=\"912\">80K fokuserer p\u00e5 effektiv, daglig ydeevne<\/strong>, mens <strong data-start=\"924\" data-end=\"1019\">120K er designet til kunder, der \u00f8nsker en l\u00e6ngere, premium session med mere smagsdybde<\/strong>. For engrosk\u00f8bere er valget enkelt: <strong data-start=\"1065\" data-end=\"1100\">Airmez Fox 80K til volumen salg<\/strong>, <strong data-start=\"1102\" data-end=\"1148\"><a href=\"https:\/\/vapestornado.com\/da\/product\/airmez-fox-120000-puffs-4-flavour-big-puff-disposable-vape-pen-shop-eu-warehouse\/\">Airmez Fox 120K<\/a> til premium mersalgsmarginer<\/strong>.<\/p>\n<h2>Hvorfor v\u00e6lge Vapestornado til k\u00f8b af engangs vape online?<\/h2>\n<div class=\"flex-shrink-0 flex flex-col relative items-end\">\n<div class=\"pt-0\">\n<div class=\"gizmo-bot-avatar flex h-8 w-8 items-center justify-center overflow-hidden rounded-full\">\n<div class=\"relative p-1 rounded-sm flex items-center justify-center bg-token-main-surface-primary text-token-text-primary h-8 w-8\">\n<p data-start=\"136\" data-end=\"686\">Valg <strong data-start=\"145\" data-end=\"161\">Vapestornado<\/strong> som din betroede kilde til <strong data-start=\"193\" data-end=\"227\">Elf Bar Moon Night 40000 Puffs<\/strong> betyr samarbejde med en leverand\u00f8r, der virkelig forst\u00e5r kravene fra EU-helejere og forhandlere. Vi prioriterer <strong data-start=\"343\" data-end=\"409\">hurtig afsendelse, verificeret lagerbeholdning og stabil langtidssikret forsyning<\/strong>, hvilket sikrer, at du aldrig st\u00e5r uden lager\u2014is\u00e6r for store volumener som <a href=\"https:\/\/vapestornado.com\/da\/product\/airmez-140k-puff-6-in-1-flavor-disposable-vape-wholesale-disposable-vape-pen-eu-warehouse\/\">Airmez 140k 6 i 1 ,<\/a>\u00a0<a href=\"https:\/\/vapestornado.com\/da\/product\/bang-legend-150000-puffs-6-in-1-flavor-newest-disposable-vape\/\">HiFancy Space 50000, Bang Legend 150k <\/a>Alle produkter er hentet fra certificerede kanaler, hvilket giver dig <strong data-start=\"582\" data-end=\"651\">autentisk kvalitet, ensartet smagspr\u00e6station og p\u00e5lidelighed<\/strong> der opfylder EU-markedets forventninger.<\/p>\n<\/div>\n<h2>FAQ om Airmez Fox 80000 Puff Bar<\/h2>\n<div class=\"relative p-1 rounded-sm flex items-center justify-center bg-token-main-surface-primary text-token-text-primary h-8 w-8\">\n<p data-start=\"3200\" data-end=\"3383\"><strong data-start=\"3200\" data-end=\"3262\">1. Hvordan skifter jeg smag p\u00e5 Airmez Fox 80000 Puffs?<\/strong><br data-start=\"3262\" data-end=\"3265\" \/>Enheden bruger et enkelt dual-kanalsystem \u2014 brugere skifter smag via topv\u00e6lgeren uden at genstarte enheden.<\/p>\n<p data-start=\"3385\" data-end=\"3533\"><strong data-start=\"3385\" data-end=\"3438\">2. Hvor lang tid varer Airmez Fox 80k normalt?<\/strong><br data-start=\"3438\" data-end=\"3441\" \/>Dens kapacitet p\u00e5 80.000 puffs giver en lang brugscyklus, afh\u00e6ngigt af individuelle vapingsvaner.<\/p>\n<p data-start=\"3535\" data-end=\"3651\"><strong data-start=\"3535\" data-end=\"3587\">3. Underst\u00f8tter Airmez Fox 80000 genopladning?<\/strong><br data-start=\"3587\" data-end=\"3590\" \/>Ja, den inkluderer en Type-C opladningsport og et 650mAh batteri.<\/p>\n<p data-start=\"3653\" data-end=\"3769\"><strong data-start=\"3653\" data-end=\"3703\">4. Hvilken information viser LED-displayet?<\/strong><br data-start=\"3703\" data-end=\"3706\" \/>Batteriniveau og resterende e-v\u00e6ske til begge smagskamre.<\/p>\n<p data-start=\"3771\" data-end=\"3934\"><strong data-start=\"3771\" data-end=\"3834\">5. Kan Airmez Fox 80k sendes fra EU-lageret?<\/strong><br data-start=\"3834\" data-end=\"3837\" \/>Ja, grossister kan modtage hurtig og skatteeffektiv opfyldning gennem vores <strong data-start=\"3912\" data-end=\"3933\">Vape EU Lager<\/strong>.<\/p>\n<\/div>\n<\/div>\n<\/div>\n<\/div>","protected":false},"excerpt":{"rendered":"<article class=\"text-token-text-primary w-full focus:outline-none [--shadow-height:45px] has-data-writing-block:pointer-events-none has-data-writing-block:-mt-(--shadow-height) has-data-writing-block:pt-(--shadow-height) [&amp;:has([data-writing-block])&gt;*]:pointer-events-auto [content-visibility:auto] supports-[content-visibility:auto]:[contain-intrinsic-size:auto_100lvh] scroll-mt-[calc(var(--header-height)+min(200px,max(70px,20svh)))]\" dir=\"auto\" tabindex=\"-1\" data-turn-id=\"86ca9d92-7a10-4e6b-bda0-15f9df36adca\" data-testid=\"conversation-turn-120\" data-scroll-anchor=\"true\" data-turn=\"assistant\">\n<div class=\"text-base my-auto mx-auto pb-10 [--thread-content-margin:--spacing(4)] thread-sm:[--thread-content-margin:--spacing(6)] thread-lg:[--thread-content-margin:--spacing(16)] px-(--thread-content-margin)\">\n<div class=\"[--thread-content-max-width:40rem] thread-lg:[--thread-content-max-width:48rem] mx-auto max-w-(--thread-content-max-width) flex-1 group\/turn-messages focus-visible:outline-hidden relative flex w-full min-w-0 flex-col agent-turn\" tabindex=\"-1\">\n<div class=\"flex max-w-full flex-col grow\">\n<div class=\"min-h-8 text-message relative flex w-full flex-col items-end gap-2 text-start break-words whitespace-normal [.text-message+&amp;]:mt-1\" dir=\"auto\" data-message-author-role=\"assistant\" data-message-id=\"43b070d6-bf28-4fbe-8049-1032a61ea3ac\" data-message-model-slug=\"gpt-5\">\n<div class=\"flex w-full flex-col gap-1 empty:hidden first:pt-[1px]\">\n<div class=\"markdown prose dark:prose-invert w-full break-words light markdown-new-styling\">\n<article class=\"text-token-text-primary w-full focus:outline-none [--shadow-height:45px] has-data-writing-block:pointer-events-none has-data-writing-block:-mt-(--shadow-height) has-data-writing-block:pt-(--shadow-height) [&amp;:has([data-writing-block])&gt;*]:pointer-events-auto [content-visibility:auto] supports-[content-visibility:auto]:[contain-intrinsic-size:auto_100lvh] scroll-mt-[calc(var(--header-height)+min(200px,max(70px,20svh)))]\" dir=\"auto\" tabindex=\"-1\" data-turn-id=\"4d6f00b8-d41a-438b-8912-05a895842882\" data-testid=\"conversation-turn-130\" data-scroll-anchor=\"true\" data-turn=\"assistant\">\n<div class=\"text-base my-auto mx-auto pb-10 [--thread-content-margin:--spacing(4)] thread-sm:[--thread-content-margin:--spacing(6)] thread-lg:[--thread-content-margin:--spacing(16)] px-(--thread-content-margin)\">\n<div class=\"[--thread-content-max-width:40rem] thread-lg:[--thread-content-max-width:48rem] mx-auto max-w-(--thread-content-max-width) flex-1 group\/turn-messages focus-visible:outline-hidden relative flex w-full min-w-0 flex-col agent-turn\" tabindex=\"-1\">\n<div class=\"flex max-w-full flex-col grow\">\n<div class=\"min-h-8 text-message relative flex w-full flex-col items-end gap-2 text-start break-words whitespace-normal [.text-message+&amp;]:mt-1\" dir=\"auto\" data-message-author-role=\"assistant\" data-message-id=\"f3c520bf-c043-4392-87ea-b3bf1b3ae6d3\" data-message-model-slug=\"gpt-5-1\">\n<div class=\"flex w-full flex-col gap-1 empty:hidden first:pt-[1px]\">\n<div class=\"markdown prose dark:prose-invert w-full break-words light markdown-new-styling\">\n<p>Airmez Fox 80000 Puffs 2-i-1 Krystalklar Vape \u2013 Bedste 80k Engros fra EU-lager<br \/>\nAirmez Fox 80k Dobbelt Smag Engangs Vape \u2013 Bulk K\u00f8b Klar i Europa<br \/>\nAirmez Fox 80000 Puffs Dobbelt Smag Krystalklar Engangspenne \u2013 EU-Lagerbeholdning<\/p>\n<\/div>\n<\/div>\n<\/div>\n<\/div>\n<\/div>\n<\/div>\n<\/article>\n<\/div>\n<\/div>\n<\/div>\n<\/div>\n<\/div>\n<\/div>\n<\/article>\n<p><img fetchpriority=\"high\" decoding=\"async\" class=\"size-full wp-image-2932\" src=\"https:\/\/vapestornado.com\/wp-content\/uploads\/2024\/12\/Vape-Wholesale.jpg\" alt=\"Vape Engros\" width=\"229\" height=\"300\" \/><\/p>\n<h3><a href=\"https:\/\/wa.me\/8617776015835\"><span style=\"color: #ff0000;\"><strong>WhatsApp: +86 17776015835<\/strong><\/span><\/a><\/h3>\n<p>&nbsp;<\/p>","protected":false},"featured_media":4604,"comment_status":"open","ping_status":"closed","template":"","meta":{"_acf_changed":false,"_uag_custom_page_level_css":"","_lmt_disableupdate":"no","_lmt_disable":"","_monsterinsights_skip_tracking":false,"_monsterinsights_sitenote_active":false,"_monsterinsights_sitenote_note":"","_monsterinsights_sitenote_category":0,"site-sidebar-layout":"default","site-content-layout":"","ast-site-content-layout":"default","site-content-style":"default","site-sidebar-style":"default","ast-global-header-display":"","ast-banner-title-visibility":"","ast-main-header-display":"","ast-hfb-above-header-display":"","ast-hfb-below-header-display":"","ast-hfb-mobile-header-display":"","site-post-title":"","ast-breadcrumbs-content":"","ast-featured-img":"","footer-sml-layout":"","ast-disable-related-posts":"","theme-transparent-header-meta":"default","adv-header-id-meta":"","stick-header-meta":"","header-above-stick-meta":"","header-main-stick-meta":"","header-below-stick-meta":"","astra-migrate-meta-layouts":"set","ast-page-background-enabled":"default","ast-page-background-meta":{"desktop":{"background-color":"","background-image":"","background-repeat":"repeat","background-position":"center center","background-size":"auto","background-attachment":"scroll","background-type":"","background-media":"","overlay-type":"","overlay-color":"","overlay-opacity":"","overlay-gradient":""},"tablet":{"background-color":"","background-image":"","background-repeat":"repeat","background-position":"center center","background-size":"auto","background-attachment":"scroll","background-type":"","background-media":"","overlay-type":"","overlay-color":"","overlay-opacity":"","overlay-gradient":""},"mobile":{"background-color":"","background-image":"","background-repeat":"repeat","background-position":"center center","background-size":"auto","background-attachment":"scroll","background-type":"","background-media":"","overlay-type":"","overlay-color":"","overlay-opacity":"","overlay-gradient":""}},"ast-content-background-meta":{"desktop":{"background-color":"var(--ast-global-color-5)","background-image":"","background-repeat":"repeat","background-position":"center center","background-size":"auto","background-attachment":"scroll","background-type":"","background-media":"","overlay-type":"","overlay-color":"","overlay-opacity":"","overlay-gradient":""},"tablet":{"background-color":"var(--ast-global-color-5)","background-image":"","background-repeat":"repeat","background-position":"center center","background-size":"auto","background-attachment":"scroll","background-type":"","background-media":"","overlay-type":"","overlay-color":"","overlay-opacity":"","overlay-gradient":""},"mobile":{"background-color":"var(--ast-global-color-5)","background-image":"","background-repeat":"repeat","background-position":"center center","background-size":"auto","background-attachment":"scroll","background-type":"","background-media":"","overlay-type":"","overlay-color":"","overlay-opacity":"","overlay-gradient":""}},"_joinchat":{"telephone":"17776015835"}},"product_brand":[],"product_cat":[149,150,151,152,144],"product_tag":[460,458,459,105,446,436,451,455],"class_list":{"0":"post-4603","1":"product","2":"type-product","3":"status-publish","4":"has-post-thumbnail","6":"product_cat-buy-disposable-vapes-in-austria","7":"product_cat-buy-disposable-vapes-in-belgium","8":"product_cat-buy-disposable-vapes-in-france","9":"product_cat-buy-disposable-vapes-in-cermany","10":"product_cat-low-nicotine-disposable-vapes","11":"product_tag-80k-puff-vape","12":"product_tag-airmez-fox-80000","13":"product_tag-airmez-fox-80k","14":"product_tag-digital-disposable-vape","15":"product_tag-disposable-vape-kit","16":"product_tag-shop-vape-online","17":"product_tag-vape-free-shipping","18":"product_tag-vape-pen-eu-warehouse","19":"desktop-align-left","20":"tablet-align-left","21":"mobile-align-left","23":"first","24":"instock","25":"sale","26":"shipping-taxable","27":"purchasable","28":"product-type-simple"},"acf":[],"uagb_featured_image_src":{"full":["https:\/\/vapestornado.com\/wp-content\/uploads\/2025\/11\/80K-Puffs-Double-Taste-LED-Display-Disposable-Vape-Airmez.webp",800,800,false],"thumbnail":["https:\/\/vapestornado.com\/wp-content\/uploads\/2025\/11\/80K-Puffs-Double-Taste-LED-Display-Disposable-Vape-Airmez-150x150.webp",150,150,true],"medium":["https:\/\/vapestornado.com\/wp-content\/uploads\/2025\/11\/80K-Puffs-Double-Taste-LED-Display-Disposable-Vape-Airmez-300x300.webp",300,300,true],"medium_large":["https:\/\/vapestornado.com\/wp-content\/uploads\/2025\/11\/80K-Puffs-Double-Taste-LED-Display-Disposable-Vape-Airmez-768x768.webp",768,768,true],"large":["https:\/\/vapestornado.com\/wp-content\/uploads\/2025\/11\/80K-Puffs-Double-Taste-LED-Display-Disposable-Vape-Airmez.webp",800,800,false],"1536x1536":["https:\/\/vapestornado.com\/wp-content\/uploads\/2025\/11\/80K-Puffs-Double-Taste-LED-Display-Disposable-Vape-Airmez.webp",800,800,false],"2048x2048":["https:\/\/vapestornado.com\/wp-content\/uploads\/2025\/11\/80K-Puffs-Double-Taste-LED-Display-Disposable-Vape-Airmez.webp",800,800,false],"trp-custom-language-flag":["https:\/\/vapestornado.com\/wp-content\/uploads\/2025\/11\/80K-Puffs-Double-Taste-LED-Display-Disposable-Vape-Airmez-12x12.webp",12,12,true],"woocommerce_thumbnail":["https:\/\/vapestornado.com\/wp-content\/uploads\/2025\/11\/80K-Puffs-Double-Taste-LED-Display-Disposable-Vape-Airmez-300x300.webp",300,300,true],"woocommerce_single":["https:\/\/vapestornado.com\/wp-content\/uploads\/2025\/11\/80K-Puffs-Double-Taste-LED-Display-Disposable-Vape-Airmez-600x600.webp",600,600,true],"woocommerce_gallery_thumbnail":["https:\/\/vapestornado.com\/wp-content\/uploads\/2025\/11\/80K-Puffs-Double-Taste-LED-Display-Disposable-Vape-Airmez-100x100.webp",100,100,true]},"uagb_author_info":{"display_name":"ESAMY","author_link":"https:\/\/vapestornado.com\/da\/author\/"},"uagb_comment_info":0,"uagb_excerpt":"Airmez Fox 80000 Puffs 2-in-1 Crystal Vape \u2013 Best 80k Wholesale from EU Warehouse Airmez Fox 80k Dual Flavor Disposable Vape \u2013 Bulk Buy Ready in Europe Airmez Fox 80000 Puffs Double Flavor Crystal Disposable Pen \u2013 EU Warehouse Stock WhatsApp: +86 17776015835 &nbsp;","_links":{"self":[{"href":"https:\/\/vapestornado.com\/da\/wp-json\/wp\/v2\/product\/4603","targetHints":{"allow":["GET"]}}],"collection":[{"href":"https:\/\/vapestornado.com\/da\/wp-json\/wp\/v2\/product"}],"about":[{"href":"https:\/\/vapestornado.com\/da\/wp-json\/wp\/v2\/types\/product"}],"replies":[{"embeddable":true,"href":"https:\/\/vapestornado.com\/da\/wp-json\/wp\/v2\/comments?post=4603"}],"wp:featuredmedia":[{"embeddable":true,"href":"https:\/\/vapestornado.com\/da\/wp-json\/wp\/v2\/media\/4604"}],"wp:attachment":[{"href":"https:\/\/vapestornado.com\/da\/wp-json\/wp\/v2\/media?parent=4603"}],"wp:term":[{"taxonomy":"product_brand","embeddable":true,"href":"https:\/\/vapestornado.com\/da\/wp-json\/wp\/v2\/product_brand?post=4603"},{"taxonomy":"product_cat","embeddable":true,"href":"https:\/\/vapestornado.com\/da\/wp-json\/wp\/v2\/product_cat?post=4603"},{"taxonomy":"product_tag","embeddable":true,"href":"https:\/\/vapestornado.com\/da\/wp-json\/wp\/v2\/product_tag?post=4603"}],"curies":[{"name":"wp","href":"https:\/\/api.w.org\/{rel}","templated":true}]}}