{"id":4582,"date":"2025-11-20T09:22:11","date_gmt":"2025-11-20T09:22:11","guid":{"rendered":"https:\/\/vapestornado.com\/?post_type=product&#038;p=4582"},"modified":"2025-11-20T09:36:36","modified_gmt":"2025-11-20T09:36:36","slug":"hifancy-dream-45k-45000-puffs-disposable-vape-kit-fast-shipping-from-eu-warehouse","status":"publish","type":"product","link":"https:\/\/vapestornado.com\/da\/product\/hifancy-dream-45k-45000-puffs-disposable-vape-kit-fast-shipping-from-eu-warehouse\/","title":{"rendered":"HiFancy Dream 45k 45000 Puffs Engangs Vape Kit Hurtig levering fra EU-lager"},"content":{"rendered":"<h2 data-pm-slice=\"1 1 []\">HiFancy Dream 45k 45000 Puffs Engangs Vape Kit \u2014 Hurtig levering fra EU-lager<\/h2>\n<p data-start=\"522\" data-end=\"892\">Den <strong data-start=\"526\" data-end=\"547\">HiFancy Dream 45k<\/strong> er designet til forhandlere, der har brug for en p\u00e5lidelig, h\u00f8jkapacitets enhed, der matcher eftersp\u00f8rgslen p\u00e5 Europas hurtigt voksende engangs vape-marked. Positioneret som en <strong data-start=\"704\" data-end=\"727\">Engangs Vape Kit<\/strong> med imponerende udholdenhed og stabil ydeevne, giver det grossister et p\u00e5lideligt produkt, der bev\u00e6ger sig hurtigt i Danmark, Italien, Spanien, Tyskland og andre EU-omr\u00e5der.<\/p>\n<p data-start=\"894\" data-end=\"1347\">Konstrueret med et <strong data-start=\"912\" data-end=\"925\">39ml tank<\/strong>, <strong data-start=\"927\" data-end=\"958\">650mAh genopladelige batteri<\/strong>, og <strong data-start=\"964\" data-end=\"984\">dobbelt mesh-spole<\/strong>, <strong data-start=\"990\" data-end=\"1013\">HiFancy Dream 45000<\/strong> leverer ren smagsudgang og st\u00e6rk dampproduktion. Med en smart <strong data-start=\"1085\" data-end=\"1118\">digital batterikapacitetsvisning<\/strong>, ved brugerne altid, hvor meget str\u00f8m der er tilbage, hvilket reducerer klager og forbedrer den daglige tilfredshed. Det ultra-h\u00f8je puff-antal og stabile luftstr\u00f8msystem g\u00f8r det til et praktisk valg for vapere, der \u00f8nsker lang levetid uden komplikationer.<\/p>\n<p data-start=\"1349\" data-end=\"1737\">EU-baserede forhandlere drager fordel af <strong data-start=\"1381\" data-end=\"1421\">vape hurtig levering fra EU-lager<\/strong>, hvilket reducerer ventetid og importrisici. Designet passer til m\u00e6nd i alderen 25\u201335, der s\u00f8ger en ligetil, kraftfuld enhed med ensartet smagslevering. Uanset om dine kunder foretr\u00e6kker frugtblandinger eller iskolde klassikere, <strong data-start=\"1637\" data-end=\"1658\">HiFancy Dream 45k<\/strong> forbliver glat fra start til slut takket v\u00e6re sin oliekerne-separeringsstruktur.<\/p>\n<p data-start=\"666\" data-end=\"1235\"><strong style=\"font-size: 16px;\"><span style=\"color: #ff0000;\">Tilf\u00f8j Amy's WhatsApp for at f\u00e5 et direkte svar og en god pris!<\/span><\/strong><\/p>\n<p><img fetchpriority=\"high\" decoding=\"async\" class=\"size-full wp-image-2932\" src=\"https:\/\/vapestornado.com\/wp-content\/uploads\/2024\/12\/Vape-Wholesale.jpg\" alt=\"Vape Engros\" width=\"229\" height=\"300\" \/><\/p>\n<h3><a href=\"https:\/\/wa.me\/8617776015835\" target=\"_blank\" rel=\"noopener\"><span style=\"color: #ff0000;\"><strong>WhatsApp: +86 17776015835<\/strong><\/span><\/a><\/h3>\n<p>&nbsp;<\/p>\n<h2><strong>Hvad f\u00e5r HiFancy Dream 45k Puff Engangs Vape Pen til at skille sig ud?<\/strong><\/h2>\n<ol data-start=\"246\" data-end=\"1434\">\n<li data-start=\"246\" data-end=\"361\">\n<p data-start=\"249\" data-end=\"361\"><strong data-start=\"249\" data-end=\"273\">45000 Puffs Kapacitet<\/strong>: Leverer langvarig ydeevne uden behov for hyppige enhedsudskiftninger.<\/p>\n<\/li>\n<li data-start=\"362\" data-end=\"503\">\n<p data-start=\"365\" data-end=\"503\"><strong data-start=\"365\" data-end=\"408\">Tredobbelt Tilstandssystem (ECO \/ Soft \/ Boost)<\/strong>: G\u00f8r det muligt for brugere at skifte mellem energibesparende, glat eller h\u00f8j-effekt vaping-tilstande \u00f8jeblikkeligt.<\/p>\n<\/li>\n<li data-start=\"504\" data-end=\"611\">\n<p data-start=\"507\" data-end=\"611\"><strong data-start=\"507\" data-end=\"535\">Fuldfarvet Smart Display<\/strong>: Viser batteri- og e-v\u00e6skestanden tydeligt for nem realtidsoverv\u00e5gning.<\/p>\n<\/li>\n<li data-start=\"612\" data-end=\"746\">\n<p data-start=\"615\" data-end=\"746\"><strong data-start=\"615\" data-end=\"637\">20mL E-v\u00e6sketank<\/strong>: Giver et stort reservoir for at sikre ensartet smag og dampudgang gennem hele enhedens levetid.<\/p>\n<\/li>\n<li data-start=\"747\" data-end=\"859\">\n<p data-start=\"750\" data-end=\"859\"><strong data-start=\"750\" data-end=\"788\">850mAh Type-C Genopladeligt Batteri<\/strong>: Tilbyder st\u00e6rk holdbarhed med hurtig opladning til hele dagens intensive brug.<\/p>\n<\/li>\n<li data-start=\"860\" data-end=\"971\">\n<p data-start=\"863\" data-end=\"971\"><strong data-start=\"863\" data-end=\"891\">Dobbelt Mesh Coil Struktur<\/strong>: Forbedrer dampt\u00e6thed og \u00f8ger smagsklarhed for en rigere, fyldigere smagsoplevelse.<\/p>\n<\/li>\n<li data-start=\"972\" data-end=\"1099\">\n<p data-start=\"975\" data-end=\"1099\"><strong data-start=\"975\" data-end=\"1002\">Flere Smagsmuligheder<\/strong>: Har et bredt udvalg af frugtige, isede og s\u00f8de blandinger for at matche forskellige pr\u00e6ferencer.<\/p>\n<\/li>\n<li data-start=\"1100\" data-end=\"1223\">\n<p data-start=\"1103\" data-end=\"1223\"><strong data-start=\"1103\" data-end=\"1131\">Premium \u00c6stetisk Design<\/strong>: Bygget med en stilfuld, h\u00f8j-kvalitets finish, der appellerer til moderne og trendbevidste brugere.<\/p>\n<\/li>\n<li data-start=\"1224\" data-end=\"1319\">\n<p data-start=\"1227\" data-end=\"1319\"><strong data-start=\"1227\" data-end=\"1253\">Optimeret Luftstr\u00f8msvej<\/strong>: Sikrer en glat, stabil tr\u00e6kning fra den f\u00f8rste til den sidste puff.<\/p>\n<\/li>\n<li data-start=\"1320\" data-end=\"1434\">\n<p data-start=\"1324\" data-end=\"1434\"><strong data-start=\"1324\" data-end=\"1348\">Smart Output Chipset<\/strong>: Opretholder ensartet ydeevne og smagslevering under hele vapingcyklussen.<\/p>\n<\/li>\n<\/ol>\n<h2><strong>HiFancy Dream 45k Puffs Engangs Vapes Smagsliste<\/strong><\/h2>\n<h1 data-start=\"1744\" data-end=\"1781\"><\/h1>\n<ol data-start=\"1783\" data-end=\"2063\">\n<li data-start=\"1783\" data-end=\"1802\">\n<p data-start=\"1786\" data-end=\"1802\">Vandmelon Is<\/p>\n<\/li>\n<li data-start=\"1803\" data-end=\"1855\">\n<p data-start=\"1806\" data-end=\"1855\">Sommerdr\u00f8m (drue + appelsin + citron + redbull)<\/p>\n<\/li>\n<li data-start=\"1856\" data-end=\"1869\">\n<p data-start=\"1859\" data-end=\"1869\">Cola Is<\/p>\n<\/li>\n<li data-start=\"1870\" data-end=\"1888\">\n<p data-start=\"1873\" data-end=\"1888\">Bl\u00e5 Razz Is<\/p>\n<\/li>\n<li data-start=\"1889\" data-end=\"1911\">\n<p data-start=\"1892\" data-end=\"1911\">Jordb\u00e6r Banan<\/p>\n<\/li>\n<li data-start=\"1912\" data-end=\"1931\">\n<p data-start=\"1915\" data-end=\"1931\">Jordb\u00e6ris<\/p>\n<\/li>\n<li data-start=\"1932\" data-end=\"1959\">\n<p data-start=\"1935\" data-end=\"1959\">Fersken Mango Vandmelon<\/p>\n<\/li>\n<li data-start=\"1960\" data-end=\"1980\">\n<p data-start=\"1963\" data-end=\"1980\">Saftig Fersken Is<\/p>\n<\/li>\n<li data-start=\"1981\" data-end=\"2046\">\n<p data-start=\"1984\" data-end=\"2046\">K\u00e6rlighed 66 (vandmelon + honningmelon + passionsfrugt + mynte)<\/p>\n<\/li>\n<li data-start=\"2047\" data-end=\"2063\">\n<p data-start=\"2051\" data-end=\"2063\">Citron Lime<\/p>\n<\/li>\n<\/ol>\n<figure id=\"attachment_4576\" aria-describedby=\"caption-attachment-4576\" style=\"width: 300px\" class=\"wp-caption alignnone\"><img decoding=\"async\" class=\"size-medium wp-image-4576\" src=\"https:\/\/vapestornado.com\/wp-content\/uploads\/2025\/11\/Hifancy-Dream-45k-Puff-Disposable-Vape-300x300.webp\" alt=\"Hifancy Dream 45k Puff Engangs Vape\" width=\"300\" height=\"300\" srcset=\"https:\/\/vapestornado.com\/wp-content\/uploads\/2025\/11\/Hifancy-Dream-45k-Puff-Disposable-Vape-300x300.webp 300w, https:\/\/vapestornado.com\/wp-content\/uploads\/2025\/11\/Hifancy-Dream-45k-Puff-Disposable-Vape-150x150.webp 150w, https:\/\/vapestornado.com\/wp-content\/uploads\/2025\/11\/Hifancy-Dream-45k-Puff-Disposable-Vape-768x768.webp 768w, https:\/\/vapestornado.com\/wp-content\/uploads\/2025\/11\/Hifancy-Dream-45k-Puff-Disposable-Vape-12x12.webp 12w, https:\/\/vapestornado.com\/wp-content\/uploads\/2025\/11\/Hifancy-Dream-45k-Puff-Disposable-Vape-600x600.webp 600w, https:\/\/vapestornado.com\/wp-content\/uploads\/2025\/11\/Hifancy-Dream-45k-Puff-Disposable-Vape-100x100.webp 100w, https:\/\/vapestornado.com\/wp-content\/uploads\/2025\/11\/Hifancy-Dream-45k-Puff-Disposable-Vape.webp 800w\" sizes=\"(max-width: 300px) 100vw, 300px\" \/><figcaption id=\"caption-attachment-4576\" class=\"wp-caption-text\">Hifancy Dream 45k Puff Engangs Vape<\/figcaption><\/figure>\n<h2>Hvorfor v\u00e6lge Vapestornado til engangs vape i bulk k\u00f8b?<\/h2>\n<div class=\"flex-shrink-0 flex flex-col relative items-end\">\n<div class=\"pt-0\">\n<div class=\"gizmo-bot-avatar flex h-8 w-8 items-center justify-center overflow-hidden rounded-full\">\n<div class=\"relative p-1 rounded-sm flex items-center justify-center bg-token-main-surface-primary text-token-text-primary h-8 w-8\">\n<p data-start=\"648\" data-end=\"799\">Valg <strong data-start=\"189\" data-end=\"205\">Vapestornado<\/strong> som din leverand\u00f8r for <strong data-start=\"227\" data-end=\"261\">Elf Bar Moon Night 40000 Puffs<\/strong> betyder at sikre en partner, der forst\u00e5r behovene hos grossister og forhandlere i EU. Vi fokuserer p\u00e5 hurtig levering, verificeret lager og stabil langvarig forsyning\u2014n\u00f8glefaktorer for virksomheder, der s\u00e6lger produkter i h\u00f8j volumen som <strong data-start=\"489\" data-end=\"515\">Elf Bar Moon Night 40K<\/strong>. Hvert parti er direkte indk\u00f8bt fra certificerede kanaler, hvilket sikrer autentiske produkter, st\u00e6rk smagskonsistens og p\u00e5lidelig kvalitet, der opfylder EU-k\u00f8beres forventninger.<\/p>\n<p data-start=\"559\" data-end=\"933\" data-is-last-node=\"\" data-is-only-node=\"\">Vi har ogs\u00e5 nogle andre popul\u00e6re engangs-vapes med sk\u00e6rm som <a href=\"https:\/\/vapestornado.com\/da\/product\/uzy-150k-puffs-6-in-1-flavor-switch-disposable-vape-pen-wholesale\/\">UZY 150K Puff smagskifte vape<\/a>, <a href=\"https:\/\/vapestornado.com\/da\/product\/vozol-rave-40k-40000-puffs-disposable-vape-smart-screen-5-nicotine\/\">VOZOL RAVE 40K Engangs Vape<\/a>, <a href=\"https:\/\/vapestornado.com\/da\/product\/waspe-150k-150000-puff-6-in-1-disposable-vape-pen-cartridge-best-wholesale-price-in-poland\/\">WASPE 150K Puff 6 i 1<\/a>, og mere.<\/p>\n<p data-start=\"559\" data-end=\"933\" data-is-last-node=\"\" data-is-only-node=\"\">\n<\/div>\n<h2>FAQ om HiFancy Dream 45k<\/h2>\n<div class=\"relative p-1 rounded-sm flex items-center justify-center bg-token-main-surface-primary text-token-text-primary h-8 w-8\">\n<h3 data-start=\"2713\" data-end=\"2767\"><strong data-start=\"2717\" data-end=\"2765\">1. Hvor lang tid varer HiFancy Dream 45k?<\/strong><\/h3>\n<p data-start=\"2768\" data-end=\"2924\">Den <strong data-start=\"2772\" data-end=\"2793\">HiFancy Dream 45k<\/strong> op til <strong data-start=\"2807\" data-end=\"2823\">45.000 puffs<\/strong>, underst\u00f8ttet af en 39ml tank og 650mAh genopladeligt batteri, hvilket giver de fleste brugere langvarig fler-dages brug.<\/p>\n<h3 data-start=\"2926\" data-end=\"2984\"><strong data-start=\"2930\" data-end=\"2982\">2. Bruger HiFancy Dream 45000 en mesh-coil?<\/strong><\/h3>\n<p data-start=\"2985\" data-end=\"3103\">Ja. Den har en <strong data-start=\"3004\" data-end=\"3024\">dobbelt mesh-spole<\/strong> for st\u00e6rkere smagsklarhed og glattere damp gennem hele puff-cyklussen.<\/p>\n<h3 data-start=\"3105\" data-end=\"3159\"><strong data-start=\"3109\" data-end=\"3157\">3. Hvad g\u00f8r forsendelsen hurtigere for EU-k\u00f8bere?<\/strong><\/h3>\n<p data-start=\"3160\" data-end=\"3297\">Produktet sendes direkte fra en <strong data-start=\"3195\" data-end=\"3211\">EU-lager<\/strong>, hvilket sikrer hurtigere levering og undg\u00e5r lange toldforsinkelser for europ\u00e6iske grossister.<\/p>\n<h3 data-start=\"3299\" data-end=\"3364\"><strong data-start=\"3303\" data-end=\"3362\">4. Har HiFancy Dream 45k en batteriindikator?<\/strong><\/h3>\n<p data-start=\"3365\" data-end=\"3499\">Ja. En <strong data-start=\"3372\" data-end=\"3405\">digital batterikapacitetsvisning<\/strong> viser realtids batteriniveauer, hvilket forbedrer brugerens tillid og reducerer uventet str\u00f8mtab.<\/p>\n<h3 data-start=\"3501\" data-end=\"3571\"><strong data-start=\"3505\" data-end=\"3569\">5. Hvad er de bedst s\u00e6lgende smagsvarianter af HiFancy Dream 45000?<\/strong><\/h3>\n<p data-start=\"3572\" data-end=\"3733\">Popul\u00e6re valg inkluderer <strong data-start=\"3596\" data-end=\"3614\">Vandmelon Is<\/strong>, <strong data-start=\"3616\" data-end=\"3633\">Bl\u00e5 Razz Is<\/strong>, <strong data-start=\"3635\" data-end=\"3646\">K\u00e6rlighed 66<\/strong>, og <strong data-start=\"3652\" data-end=\"3678\">Fersken Mango Vandmelon<\/strong>, foretrukket for deres afbalancerede s\u00f8dme og k\u00f8lige finish.<\/p>\n<\/div>\n<\/div>\n<\/div>\n<\/div>","protected":false},"excerpt":{"rendered":"<article class=\"text-token-text-primary w-full focus:outline-none [--shadow-height:45px] has-data-writing-block:pointer-events-none has-data-writing-block:-mt-(--shadow-height) has-data-writing-block:pt-(--shadow-height) [&amp;:has([data-writing-block])&gt;*]:pointer-events-auto [content-visibility:auto] supports-[content-visibility:auto]:[contain-intrinsic-size:auto_100lvh] scroll-mt-[calc(var(--header-height)+min(200px,max(70px,20svh)))]\" dir=\"auto\" tabindex=\"-1\" data-turn-id=\"86ca9d92-7a10-4e6b-bda0-15f9df36adca\" data-testid=\"conversation-turn-120\" data-scroll-anchor=\"true\" data-turn=\"assistant\">\n<div class=\"text-base my-auto mx-auto pb-10 [--thread-content-margin:--spacing(4)] thread-sm:[--thread-content-margin:--spacing(6)] thread-lg:[--thread-content-margin:--spacing(16)] px-(--thread-content-margin)\">\n<div class=\"[--thread-content-max-width:40rem] thread-lg:[--thread-content-max-width:48rem] mx-auto max-w-(--thread-content-max-width) flex-1 group\/turn-messages focus-visible:outline-hidden relative flex w-full min-w-0 flex-col agent-turn\" tabindex=\"-1\">\n<div class=\"flex max-w-full flex-col grow\">\n<div class=\"min-h-8 text-message relative flex w-full flex-col items-end gap-2 text-start break-words whitespace-normal [.text-message+&amp;]:mt-1\" dir=\"auto\" data-message-author-role=\"assistant\" data-message-id=\"43b070d6-bf28-4fbe-8049-1032a61ea3ac\" data-message-model-slug=\"gpt-5\">\n<div class=\"flex w-full flex-col gap-1 empty:hidden first:pt-[1px]\">\n<div class=\"markdown prose dark:prose-invert w-full break-words light markdown-new-styling\">\n<article class=\"text-token-text-primary w-full focus:outline-none [--shadow-height:45px] has-data-writing-block:pointer-events-none has-data-writing-block:-mt-(--shadow-height) has-data-writing-block:pt-(--shadow-height) [&amp;:has([data-writing-block])&gt;*]:pointer-events-auto [content-visibility:auto] supports-[content-visibility:auto]:[contain-intrinsic-size:auto_100lvh] scroll-mt-[calc(var(--header-height)+min(200px,max(70px,20svh)))]\" dir=\"auto\" tabindex=\"-1\" data-turn-id=\"4d6f00b8-d41a-438b-8912-05a895842882\" data-testid=\"conversation-turn-130\" data-scroll-anchor=\"true\" data-turn=\"assistant\">\n<div class=\"text-base my-auto mx-auto pb-10 [--thread-content-margin:--spacing(4)] thread-sm:[--thread-content-margin:--spacing(6)] thread-lg:[--thread-content-margin:--spacing(16)] px-(--thread-content-margin)\">\n<div class=\"[--thread-content-max-width:40rem] thread-lg:[--thread-content-max-width:48rem] mx-auto max-w-(--thread-content-max-width) flex-1 group\/turn-messages focus-visible:outline-hidden relative flex w-full min-w-0 flex-col agent-turn\" tabindex=\"-1\">\n<div class=\"flex max-w-full flex-col grow\">\n<div class=\"min-h-8 text-message relative flex w-full flex-col items-end gap-2 text-start break-words whitespace-normal [.text-message+&amp;]:mt-1\" dir=\"auto\" data-message-author-role=\"assistant\" data-message-id=\"f3c520bf-c043-4392-87ea-b3bf1b3ae6d3\" data-message-model-slug=\"gpt-5-1\">\n<div class=\"flex w-full flex-col gap-1 empty:hidden first:pt-[1px]\">\n<div class=\"markdown prose dark:prose-invert w-full break-words light markdown-new-styling\">\n<p>HiFancy Dream 45k 45000 Puffs Vape Kit \u2014 EU-lager Hurtig levering Engros<br \/>\nEngros HiFancy Dream 45000 Engangs Vape Kit med dobbelt mesh-coil EU-lager<br \/>\nHiFancy Dream 45k H\u00f8jkapacitets Engangs \u2014 Bedst 45000 Puffs Vape Hurtig levering EU<\/p>\n<\/div>\n<\/div>\n<\/div>\n<\/div>\n<\/div>\n<\/div>\n<\/article>\n<div class=\"pointer-events-none h-px w-px\" aria-hidden=\"true\" data-edge=\"true\"><\/div>\n<\/div>\n<\/div>\n<\/div>\n<\/div>\n<\/div>\n<\/div>\n<\/article>\n<p><img fetchpriority=\"high\" decoding=\"async\" class=\"size-full wp-image-2932\" src=\"https:\/\/vapestornado.com\/wp-content\/uploads\/2024\/12\/Vape-Wholesale.jpg\" alt=\"Vape Engros\" width=\"229\" height=\"300\" \/><\/p>\n<h3><a href=\"https:\/\/wa.me\/8617776015835\"><span style=\"color: #ff0000;\"><strong>WhatsApp: +86 17776015835<\/strong><\/span><\/a><\/h3>\n<p>&nbsp;<\/p>","protected":false},"featured_media":4581,"comment_status":"open","ping_status":"closed","template":"","meta":{"_acf_changed":false,"_uag_custom_page_level_css":"","_lmt_disableupdate":"no","_lmt_disable":"","_monsterinsights_skip_tracking":false,"_monsterinsights_sitenote_active":false,"_monsterinsights_sitenote_note":"","_monsterinsights_sitenote_category":0,"site-sidebar-layout":"default","site-content-layout":"","ast-site-content-layout":"default","site-content-style":"default","site-sidebar-style":"default","ast-global-header-display":"","ast-banner-title-visibility":"","ast-main-header-display":"","ast-hfb-above-header-display":"","ast-hfb-below-header-display":"","ast-hfb-mobile-header-display":"","site-post-title":"","ast-breadcrumbs-content":"","ast-featured-img":"","footer-sml-layout":"","ast-disable-related-posts":"","theme-transparent-header-meta":"default","adv-header-id-meta":"","stick-header-meta":"","header-above-stick-meta":"","header-main-stick-meta":"","header-below-stick-meta":"","astra-migrate-meta-layouts":"set","ast-page-background-enabled":"default","ast-page-background-meta":{"desktop":{"background-color":"","background-image":"","background-repeat":"repeat","background-position":"center center","background-size":"auto","background-attachment":"scroll","background-type":"","background-media":"","overlay-type":"","overlay-color":"","overlay-opacity":"","overlay-gradient":""},"tablet":{"background-color":"","background-image":"","background-repeat":"repeat","background-position":"center center","background-size":"auto","background-attachment":"scroll","background-type":"","background-media":"","overlay-type":"","overlay-color":"","overlay-opacity":"","overlay-gradient":""},"mobile":{"background-color":"","background-image":"","background-repeat":"repeat","background-position":"center center","background-size":"auto","background-attachment":"scroll","background-type":"","background-media":"","overlay-type":"","overlay-color":"","overlay-opacity":"","overlay-gradient":""}},"ast-content-background-meta":{"desktop":{"background-color":"var(--ast-global-color-5)","background-image":"","background-repeat":"repeat","background-position":"center center","background-size":"auto","background-attachment":"scroll","background-type":"","background-media":"","overlay-type":"","overlay-color":"","overlay-opacity":"","overlay-gradient":""},"tablet":{"background-color":"var(--ast-global-color-5)","background-image":"","background-repeat":"repeat","background-position":"center center","background-size":"auto","background-attachment":"scroll","background-type":"","background-media":"","overlay-type":"","overlay-color":"","overlay-opacity":"","overlay-gradient":""},"mobile":{"background-color":"var(--ast-global-color-5)","background-image":"","background-repeat":"repeat","background-position":"center center","background-size":"auto","background-attachment":"scroll","background-type":"","background-media":"","overlay-type":"","overlay-color":"","overlay-opacity":"","overlay-gradient":""}},"_joinchat":{"telephone":"17776015835"}},"product_brand":[],"product_cat":[265,149,150,151,156,357,146],"product_tag":[105,446,443,444,436,268,445],"class_list":{"0":"post-4582","1":"product","2":"type-product","3":"status-publish","4":"has-post-thumbnail","6":"product_cat-45000-puff","7":"product_cat-buy-disposable-vapes-in-austria","8":"product_cat-buy-disposable-vapes-in-belgium","9":"product_cat-buy-disposable-vapes-in-france","10":"product_cat-buy-disposable-vapes-in-poland","11":"product_cat-flavor-adjustable-vape","12":"product_cat-rechargeable-disposable-vapes","13":"product_tag-digital-disposable-vape","14":"product_tag-disposable-vape-kit","15":"product_tag-hifancy-dream-450000","16":"product_tag-hifancy-dream-45k","17":"product_tag-shop-vape-online","18":"product_tag-touch-screen-vape","19":"product_tag-vape-eu-warehouse-fast-shipping","20":"desktop-align-left","21":"tablet-align-left","22":"mobile-align-left","24":"first","25":"instock","26":"sale","27":"shipping-taxable","28":"purchasable","29":"product-type-simple"},"acf":[],"uagb_featured_image_src":{"full":["https:\/\/vapestornado.com\/wp-content\/uploads\/2025\/11\/Shop-HIFANCY-45k-Disposable-Vape-Bar.webp",800,800,false],"thumbnail":["https:\/\/vapestornado.com\/wp-content\/uploads\/2025\/11\/Shop-HIFANCY-45k-Disposable-Vape-Bar-150x150.webp",150,150,true],"medium":["https:\/\/vapestornado.com\/wp-content\/uploads\/2025\/11\/Shop-HIFANCY-45k-Disposable-Vape-Bar-300x300.webp",300,300,true],"medium_large":["https:\/\/vapestornado.com\/wp-content\/uploads\/2025\/11\/Shop-HIFANCY-45k-Disposable-Vape-Bar-768x768.webp",768,768,true],"large":["https:\/\/vapestornado.com\/wp-content\/uploads\/2025\/11\/Shop-HIFANCY-45k-Disposable-Vape-Bar.webp",800,800,false],"1536x1536":["https:\/\/vapestornado.com\/wp-content\/uploads\/2025\/11\/Shop-HIFANCY-45k-Disposable-Vape-Bar.webp",800,800,false],"2048x2048":["https:\/\/vapestornado.com\/wp-content\/uploads\/2025\/11\/Shop-HIFANCY-45k-Disposable-Vape-Bar.webp",800,800,false],"trp-custom-language-flag":["https:\/\/vapestornado.com\/wp-content\/uploads\/2025\/11\/Shop-HIFANCY-45k-Disposable-Vape-Bar-12x12.webp",12,12,true],"woocommerce_thumbnail":["https:\/\/vapestornado.com\/wp-content\/uploads\/2025\/11\/Shop-HIFANCY-45k-Disposable-Vape-Bar-300x300.webp",300,300,true],"woocommerce_single":["https:\/\/vapestornado.com\/wp-content\/uploads\/2025\/11\/Shop-HIFANCY-45k-Disposable-Vape-Bar-600x600.webp",600,600,true],"woocommerce_gallery_thumbnail":["https:\/\/vapestornado.com\/wp-content\/uploads\/2025\/11\/Shop-HIFANCY-45k-Disposable-Vape-Bar-100x100.webp",100,100,true]},"uagb_author_info":{"display_name":"ESAMY","author_link":"https:\/\/vapestornado.com\/da\/author\/"},"uagb_comment_info":0,"uagb_excerpt":"HiFancy Dream 45k 45000 Puffs Vape Kit \u2014 EU Warehouse Fast Delivery Wholesale Wholesale HiFancy Dream 45000 Disposable Vape Kit with Double Mesh Coil EU Stock HiFancy Dream 45k High-Capacity Disposable \u2014 Best 45000 Puffs Vape Fast Shipping EU WhatsApp: +86 17776015835 &nbsp;","_links":{"self":[{"href":"https:\/\/vapestornado.com\/da\/wp-json\/wp\/v2\/product\/4582","targetHints":{"allow":["GET"]}}],"collection":[{"href":"https:\/\/vapestornado.com\/da\/wp-json\/wp\/v2\/product"}],"about":[{"href":"https:\/\/vapestornado.com\/da\/wp-json\/wp\/v2\/types\/product"}],"replies":[{"embeddable":true,"href":"https:\/\/vapestornado.com\/da\/wp-json\/wp\/v2\/comments?post=4582"}],"wp:featuredmedia":[{"embeddable":true,"href":"https:\/\/vapestornado.com\/da\/wp-json\/wp\/v2\/media\/4581"}],"wp:attachment":[{"href":"https:\/\/vapestornado.com\/da\/wp-json\/wp\/v2\/media?parent=4582"}],"wp:term":[{"taxonomy":"product_brand","embeddable":true,"href":"https:\/\/vapestornado.com\/da\/wp-json\/wp\/v2\/product_brand?post=4582"},{"taxonomy":"product_cat","embeddable":true,"href":"https:\/\/vapestornado.com\/da\/wp-json\/wp\/v2\/product_cat?post=4582"},{"taxonomy":"product_tag","embeddable":true,"href":"https:\/\/vapestornado.com\/da\/wp-json\/wp\/v2\/product_tag?post=4582"}],"curies":[{"name":"wp","href":"https:\/\/api.w.org\/{rel}","templated":true}]}}