{"id":4574,"date":"2025-11-19T09:46:33","date_gmt":"2025-11-19T09:46:33","guid":{"rendered":"https:\/\/vapestornado.com\/?post_type=product&#038;p=4574"},"modified":"2025-11-19T09:57:52","modified_gmt":"2025-11-19T09:57:52","slug":"vaprivee-50k-50000-puff-touch-screen-vape-best-wholesale-france","status":"publish","type":"product","link":"https:\/\/vapestornado.com\/da\/product\/vaprivee-50k-50000-puff-touch-screen-vape-best-wholesale-france\/","title":{"rendered":"VAPRIVEE 50k 50000 Puf Touch Screen Vape Bedst Engros Danmark"},"content":{"rendered":"<h2 data-pm-slice=\"1 1 []\">VAPRIV\u00c9E 50K 50000 Puff Touch Screen Vape \u2014 Bedste Engrosvalg for Danmark<\/h2>\n<p data-start=\"344\" data-end=\"802\">Den <strong data-start=\"348\" data-end=\"364\">VAPRIV\u00c9E 50K<\/strong> er designet til detailhandlere, der henvender sig til modebevidste forbrugere i Danmark og andre fransktalende omr\u00e5der. Dens elegante h\u00e5ndtaskestil, kombineret med en h\u00e5ndlavet diamant-etiket overflade, giver den en premium identitet, der straks appellerer til k\u00f8bere, der v\u00e6rds\u00e6tter \u00e6stetik lige s\u00e5 meget som ydeevne. Denne model klarer sig fremragende i livsstilsdrevne vapehylder, boutique-lignende butikker og trendfokuserede engroskollektioner.<\/p>\n<p data-start=\"804\" data-end=\"1319\">Udviklet med to effektmodi\u2014<strong data-start=\"836\" data-end=\"871\">Bl\u00f8d 50K for l\u00e6ngere levetid<\/strong> og <strong data-start=\"876\" data-end=\"916\">Boost 30K for en st\u00e6rkere, mere intens oplevelse<\/strong>\u2014giver enheden fleksibilitet til forskellige vapepr\u00e6ferencer. Den 22\u201328W output, <strong data-start=\"1002\" data-end=\"1020\">dobbelt mesh coil<\/strong> struktur og justerbart luftstr\u00f8msystem sikrer en glidende inhalation og stabil dampkvalitet, uanset om kunder foretr\u00e6kker en let daglig puff eller en mere intens session. Dens store <strong data-start=\"1190\" data-end=\"1215\">Mega LED touchsk\u00e6rm<\/strong> giver brugerne mulighed for \u00f8jeblikkeligt at tjekke batterilevetid og e-v\u00e6skestande, hvilket tilf\u00f8jer bekvemmelighed og moderne appel.<\/p>\n<p data-start=\"1321\" data-end=\"1755\">St\u00f8ttet af en <strong data-start=\"1336\" data-end=\"1374\">900mAh Type-C genopladelig batteri<\/strong> og et <strong data-start=\"1381\" data-end=\"1406\">20ml e-v\u00e6skekammer<\/strong>, holder VAPRIV\u00c9E 50K en konsekvent smag fra start til slut. For grossister, der allerede tilbyder 50.000-puffs vapes, fungerer denne model problemfrit som et premium, designfokuseret alternativ, is\u00e6r for kunder, der prioriterer stilfuldt hardware. Med en MOQ fra blot 50 enheder er den et st\u00e6rkt supplement til enhver Danmark-fokuseret engrosportef\u00f8lje.<\/p>\n<p data-start=\"666\" data-end=\"1235\"><strong style=\"font-size: 16px;\"><span style=\"color: #ff0000;\">Tilf\u00f8j Amy's WhatsApp for at f\u00e5 et direkte svar og en god pris!<\/span><\/strong><\/p>\n<p><img fetchpriority=\"high\" decoding=\"async\" class=\"size-full wp-image-2932\" src=\"https:\/\/vapestornado.com\/wp-content\/uploads\/2024\/12\/Vape-Wholesale.jpg\" alt=\"Vape Engros\" width=\"229\" height=\"300\" \/><\/p>\n<h3><a href=\"https:\/\/wa.me\/8617776015835\" target=\"_blank\" rel=\"noopener\"><span style=\"color: #ff0000;\"><strong>WhatsApp: +86 17776015835<\/strong><\/span><\/a><\/h3>\n<p>&nbsp;<\/p>\n<h2><strong>Hvad g\u00f8r VAPRIVEE 50k 50000 Puff Engangs Vape Pen unik?<\/strong><\/h2>\n<ul>\n<li data-start=\"2123\" data-end=\"2158\">\n<p data-start=\"2125\" data-end=\"2158\"><strong data-start=\"2125\" data-end=\"2135\">Pust:<\/strong> Bl\u00f8d 50K \/ Boost 30K<\/p>\n<\/li>\n<li data-start=\"2159\" data-end=\"2187\">\n<p data-start=\"2161\" data-end=\"2187\"><strong data-start=\"2161\" data-end=\"2178\">Output Power:<\/strong> 22\u201328W<\/p>\n<\/li>\n<li data-start=\"2188\" data-end=\"2225\">\n<p data-start=\"2190\" data-end=\"2225\"><strong data-start=\"2190\" data-end=\"2201\">Sk\u00e6rm:<\/strong> Mega LED touchsk\u00e6rm<\/p>\n<\/li>\n<li data-start=\"2226\" data-end=\"2255\">\n<p data-start=\"2228\" data-end=\"2255\"><strong data-start=\"2228\" data-end=\"2237\">Spole:<\/strong> Dobbelt mesh coils<\/p>\n<\/li>\n<li data-start=\"2256\" data-end=\"2291\">\n<p data-start=\"2258\" data-end=\"2291\"><strong data-start=\"2258\" data-end=\"2270\">Luftstr\u00f8m:<\/strong> Justerbar luftstr\u00f8m<\/p>\n<\/li>\n<li data-start=\"2292\" data-end=\"2323\">\n<p data-start=\"2294\" data-end=\"2323\"><strong data-start=\"2294\" data-end=\"2316\">E-v\u00e6ske Kapacitet:<\/strong> 20ml<\/p>\n<\/li>\n<li data-start=\"2324\" data-end=\"2369\">\n<p data-start=\"2326\" data-end=\"2369\"><strong data-start=\"2326\" data-end=\"2338\">Batteri:<\/strong> 900mAh genopladelig (Type-C)<\/p>\n<\/li>\n<li data-start=\"2370\" data-end=\"2441\">\n<p data-start=\"2372\" data-end=\"2441\"><strong data-start=\"2372\" data-end=\"2383\">Design:<\/strong> H\u00e5ndtaske-stil krop med h\u00e5ndlavet diamantklisterm\u00e6rke finish<\/p>\n<\/li>\n<\/ul>\n<figure id=\"attachment_4568\" aria-describedby=\"caption-attachment-4568\" style=\"width: 300px\" class=\"wp-caption alignnone\"><img decoding=\"async\" class=\"size-medium wp-image-4568\" src=\"https:\/\/vapestornado.com\/wp-content\/uploads\/2025\/11\/VAPRIVEE-50k-50000-Puff-Disposable-Vape-300x300.webp\" alt=\"VAPRIVEE 50k 50000 Puf Engangs Vape\" width=\"300\" height=\"300\" srcset=\"https:\/\/vapestornado.com\/wp-content\/uploads\/2025\/11\/VAPRIVEE-50k-50000-Puff-Disposable-Vape-300x300.webp 300w, https:\/\/vapestornado.com\/wp-content\/uploads\/2025\/11\/VAPRIVEE-50k-50000-Puff-Disposable-Vape-150x150.webp 150w, https:\/\/vapestornado.com\/wp-content\/uploads\/2025\/11\/VAPRIVEE-50k-50000-Puff-Disposable-Vape-768x768.webp 768w, https:\/\/vapestornado.com\/wp-content\/uploads\/2025\/11\/VAPRIVEE-50k-50000-Puff-Disposable-Vape-12x12.webp 12w, https:\/\/vapestornado.com\/wp-content\/uploads\/2025\/11\/VAPRIVEE-50k-50000-Puff-Disposable-Vape-600x600.webp 600w, https:\/\/vapestornado.com\/wp-content\/uploads\/2025\/11\/VAPRIVEE-50k-50000-Puff-Disposable-Vape-100x100.webp 100w, https:\/\/vapestornado.com\/wp-content\/uploads\/2025\/11\/VAPRIVEE-50k-50000-Puff-Disposable-Vape.webp 800w\" sizes=\"(max-width: 300px) 100vw, 300px\" \/><figcaption id=\"caption-attachment-4568\" class=\"wp-caption-text\">VAPRIVEE 50k 50000 Puf Engangs Vape<\/figcaption><\/figure>\n<h2><strong>VAPRIVEE 50000<\/strong><strong> Puffs Engangs Vapes Smagsliste<\/strong><\/h2>\n<ul>\n<li data-start=\"1800\" data-end=\"1813\">\n<p data-start=\"1803\" data-end=\"1813\">Blow Pop<\/p>\n<\/li>\n<li data-start=\"1814\" data-end=\"1834\">\n<p data-start=\"1817\" data-end=\"1834\">Blue Razz Lemon<\/p>\n<\/li>\n<li data-start=\"1835\" data-end=\"1852\">\n<p data-start=\"1838\" data-end=\"1852\">Kirseb\u00e6r \u00c6ble<\/p>\n<\/li>\n<li data-start=\"1853\" data-end=\"1874\">\n<p data-start=\"1856\" data-end=\"1874\">Cola Gummy Bears<\/p>\n<\/li>\n<li data-start=\"1875\" data-end=\"1892\">\n<p data-start=\"1878\" data-end=\"1892\">Dobbelt Mango<\/p>\n<\/li>\n<li data-start=\"1893\" data-end=\"1907\">\n<p data-start=\"1896\" data-end=\"1907\">Drue Is<\/p>\n<\/li>\n<li data-start=\"1908\" data-end=\"1939\">\n<p data-start=\"1911\" data-end=\"1939\">Mangosteen Rambutan Longan<\/p>\n<\/li>\n<li data-start=\"1940\" data-end=\"1961\">\n<p data-start=\"1943\" data-end=\"1961\">Miami Mint Candy<\/p>\n<\/li>\n<li data-start=\"1962\" data-end=\"1993\">\n<p data-start=\"1965\" data-end=\"1993\">Jordb\u00e6r Hindb\u00e6r Lemon<\/p>\n<\/li>\n<li data-start=\"1994\" data-end=\"2030\">\n<p data-start=\"1998\" data-end=\"2030\">Vandmelon Ananas Hindb\u00e6r<\/p>\n<\/li>\n<li data-start=\"2031\" data-end=\"2047\">\n<p data-start=\"2035\" data-end=\"2047\">Vandmelon<\/p>\n<\/li>\n<li data-start=\"2048\" data-end=\"2075\">\n<p data-start=\"2052\" data-end=\"2075\">Hvid Fersken Hindb\u00e6r<\/p>\n<\/li>\n<\/ul>\n<p>&nbsp;<\/p>\n<h2>Hvorfor v\u00e6lge Vapestornado til engangs vape i bulk k\u00f8b?<\/h2>\n<div class=\"flex-shrink-0 flex flex-col relative items-end\">\n<div class=\"pt-0\">\n<div class=\"gizmo-bot-avatar flex h-8 w-8 items-center justify-center overflow-hidden rounded-full\">\n<div class=\"relative p-1 rounded-sm flex items-center justify-center bg-token-main-surface-primary text-token-text-primary h-8 w-8\">\n<p data-start=\"648\" data-end=\"799\">Valg <strong data-start=\"189\" data-end=\"205\">Vapestornado<\/strong> som din leverand\u00f8r for <strong data-start=\"227\" data-end=\"261\">Elf Bar Moon Night 40000 Puffs<\/strong> betyder at sikre en partner, der forst\u00e5r behovene hos grossister og forhandlere i EU. Vi fokuserer p\u00e5 hurtig levering, verificeret lager og stabil langvarig forsyning\u2014n\u00f8glefaktorer for virksomheder, der s\u00e6lger produkter i h\u00f8j volumen som <strong data-start=\"489\" data-end=\"515\">Elf Bar Moon Night 40K<\/strong>. Hvert parti er direkte indk\u00f8bt fra certificerede kanaler, hvilket sikrer autentiske produkter, st\u00e6rk smagskonsistens og p\u00e5lidelig kvalitet, der opfylder EU-k\u00f8beres forventninger.<\/p>\n<p data-start=\"559\" data-end=\"933\" data-is-last-node=\"\" data-is-only-node=\"\">Vi har ogs\u00e5 nogle andre popul\u00e6re engangs-vapes med sk\u00e6rm som <a href=\"https:\/\/vapestornado.com\/da\/product\/uzy-150k-puffs-6-in-1-flavor-switch-disposable-vape-pen-wholesale\/\">UZY 150K Puff smagskifte vape<\/a>, <a href=\"https:\/\/vapestornado.com\/da\/product\/vozol-rave-40k-40000-puffs-disposable-vape-smart-screen-5-nicotine\/\">VOZOL RAVE 40K Engangs Vape<\/a>, <a href=\"https:\/\/vapestornado.com\/da\/product\/waspe-150k-150000-puff-6-in-1-disposable-vape-pen-cartridge-best-wholesale-price-in-poland\/\">WASPE 150K Puff 6 i 1<\/a>, og mere.<\/p>\n<\/div>\n<div class=\"relative p-1 rounded-sm flex items-center justify-center bg-token-main-surface-primary text-token-text-primary h-8 w-8\">\n<h2><\/h2>\n<p data-start=\"5242\" data-end=\"5375\">\n<\/div>\n<\/div>\n<\/div>\n<\/div>","protected":false},"excerpt":{"rendered":"<article class=\"text-token-text-primary w-full focus:outline-none [--shadow-height:45px] has-data-writing-block:pointer-events-none has-data-writing-block:-mt-(--shadow-height) has-data-writing-block:pt-(--shadow-height) [&amp;:has([data-writing-block])&gt;*]:pointer-events-auto [content-visibility:auto] supports-[content-visibility:auto]:[contain-intrinsic-size:auto_100lvh] scroll-mt-[calc(var(--header-height)+min(200px,max(70px,20svh)))]\" dir=\"auto\" tabindex=\"-1\" data-turn-id=\"86ca9d92-7a10-4e6b-bda0-15f9df36adca\" data-testid=\"conversation-turn-120\" data-scroll-anchor=\"true\" data-turn=\"assistant\">\n<div class=\"text-base my-auto mx-auto pb-10 [--thread-content-margin:--spacing(4)] thread-sm:[--thread-content-margin:--spacing(6)] thread-lg:[--thread-content-margin:--spacing(16)] px-(--thread-content-margin)\">\n<div class=\"[--thread-content-max-width:40rem] thread-lg:[--thread-content-max-width:48rem] mx-auto max-w-(--thread-content-max-width) flex-1 group\/turn-messages focus-visible:outline-hidden relative flex w-full min-w-0 flex-col agent-turn\" tabindex=\"-1\">\n<div class=\"flex max-w-full flex-col grow\">\n<div class=\"min-h-8 text-message relative flex w-full flex-col items-end gap-2 text-start break-words whitespace-normal [.text-message+&amp;]:mt-1\" dir=\"auto\" data-message-author-role=\"assistant\" data-message-id=\"43b070d6-bf28-4fbe-8049-1032a61ea3ac\" data-message-model-slug=\"gpt-5\">\n<div class=\"flex w-full flex-col gap-1 empty:hidden first:pt-[1px]\">\n<div class=\"markdown prose dark:prose-invert w-full break-words light markdown-new-styling\">\n<article class=\"text-token-text-primary w-full focus:outline-none [--shadow-height:45px] has-data-writing-block:pointer-events-none has-data-writing-block:-mt-(--shadow-height) has-data-writing-block:pt-(--shadow-height) [&amp;:has([data-writing-block])&gt;*]:pointer-events-auto [content-visibility:auto] supports-[content-visibility:auto]:[contain-intrinsic-size:auto_100lvh] scroll-mt-[calc(var(--header-height)+min(200px,max(70px,20svh)))]\" dir=\"auto\" tabindex=\"-1\" data-turn-id=\"4d6f00b8-d41a-438b-8912-05a895842882\" data-testid=\"conversation-turn-130\" data-scroll-anchor=\"true\" data-turn=\"assistant\">\n<div class=\"text-base my-auto mx-auto pb-10 [--thread-content-margin:--spacing(4)] thread-sm:[--thread-content-margin:--spacing(6)] thread-lg:[--thread-content-margin:--spacing(16)] px-(--thread-content-margin)\">\n<div class=\"[--thread-content-max-width:40rem] thread-lg:[--thread-content-max-width:48rem] mx-auto max-w-(--thread-content-max-width) flex-1 group\/turn-messages focus-visible:outline-hidden relative flex w-full min-w-0 flex-col agent-turn\" tabindex=\"-1\">\n<div class=\"flex max-w-full flex-col grow\">\n<div class=\"min-h-8 text-message relative flex w-full flex-col items-end gap-2 text-start break-words whitespace-normal [.text-message+&amp;]:mt-1\" dir=\"auto\" data-message-author-role=\"assistant\" data-message-id=\"f3c520bf-c043-4392-87ea-b3bf1b3ae6d3\" data-message-model-slug=\"gpt-5-1\">\n<div class=\"flex w-full flex-col gap-1 empty:hidden first:pt-[1px]\">\n<div class=\"markdown prose dark:prose-invert w-full break-words light markdown-new-styling\">\n<p>1. VAPRIV\u00c9E 50K Touch Screen Engangs \u2013 Premium 50000 Puffs Vape Engros Danmark<br \/>\n2. Danmark Bulk Forsyning: VAPRIV\u00c9E 50K Mode Vape med Mega LED &amp; Dual Mesh Coils<br \/>\n3. Engros VAPRIV\u00c9E 50000 Puff H\u00e5ndtaske-Style Vape \u2013 Bedsts\u00e6lger for Danske Detailhandlere<\/p>\n<\/div>\n<\/div>\n<\/div>\n<\/div>\n<\/div>\n<\/div>\n<\/article>\n<div class=\"pointer-events-none h-px w-px\" aria-hidden=\"true\" data-edge=\"true\"><\/div>\n<\/div>\n<\/div>\n<\/div>\n<\/div>\n<\/div>\n<\/div>\n<\/article>\n<p><img fetchpriority=\"high\" decoding=\"async\" class=\"size-full wp-image-2932\" src=\"https:\/\/vapestornado.com\/wp-content\/uploads\/2024\/12\/Vape-Wholesale.jpg\" alt=\"Vape Engros\" width=\"229\" height=\"300\" \/><\/p>\n<h3><a href=\"https:\/\/wa.me\/8617776015835\"><span style=\"color: #ff0000;\"><strong>WhatsApp: +86 17776015835<\/strong><\/span><\/a><\/h3>\n<p>&nbsp;<\/p>","protected":false},"featured_media":4572,"comment_status":"open","ping_status":"closed","template":"","meta":{"_acf_changed":false,"_uag_custom_page_level_css":"","_lmt_disableupdate":"no","_lmt_disable":"","_monsterinsights_skip_tracking":false,"_monsterinsights_sitenote_active":false,"_monsterinsights_sitenote_note":"","_monsterinsights_sitenote_category":0,"site-sidebar-layout":"default","site-content-layout":"","ast-site-content-layout":"default","site-content-style":"default","site-sidebar-style":"default","ast-global-header-display":"","ast-banner-title-visibility":"","ast-main-header-display":"","ast-hfb-above-header-display":"","ast-hfb-below-header-display":"","ast-hfb-mobile-header-display":"","site-post-title":"","ast-breadcrumbs-content":"","ast-featured-img":"","footer-sml-layout":"","ast-disable-related-posts":"","theme-transparent-header-meta":"default","adv-header-id-meta":"","stick-header-meta":"","header-above-stick-meta":"","header-main-stick-meta":"","header-below-stick-meta":"","astra-migrate-meta-layouts":"set","ast-page-background-enabled":"default","ast-page-background-meta":{"desktop":{"background-color":"","background-image":"","background-repeat":"repeat","background-position":"center center","background-size":"auto","background-attachment":"scroll","background-type":"","background-media":"","overlay-type":"","overlay-color":"","overlay-opacity":"","overlay-gradient":""},"tablet":{"background-color":"","background-image":"","background-repeat":"repeat","background-position":"center center","background-size":"auto","background-attachment":"scroll","background-type":"","background-media":"","overlay-type":"","overlay-color":"","overlay-opacity":"","overlay-gradient":""},"mobile":{"background-color":"","background-image":"","background-repeat":"repeat","background-position":"center center","background-size":"auto","background-attachment":"scroll","background-type":"","background-media":"","overlay-type":"","overlay-color":"","overlay-opacity":"","overlay-gradient":""}},"ast-content-background-meta":{"desktop":{"background-color":"var(--ast-global-color-5)","background-image":"","background-repeat":"repeat","background-position":"center center","background-size":"auto","background-attachment":"scroll","background-type":"","background-media":"","overlay-type":"","overlay-color":"","overlay-opacity":"","overlay-gradient":""},"tablet":{"background-color":"var(--ast-global-color-5)","background-image":"","background-repeat":"repeat","background-position":"center center","background-size":"auto","background-attachment":"scroll","background-type":"","background-media":"","overlay-type":"","overlay-color":"","overlay-opacity":"","overlay-gradient":""},"mobile":{"background-color":"var(--ast-global-color-5)","background-image":"","background-repeat":"repeat","background-position":"center center","background-size":"auto","background-attachment":"scroll","background-type":"","background-media":"","overlay-type":"","overlay-color":"","overlay-opacity":"","overlay-gradient":""}},"_joinchat":{"telephone":"17776015835"}},"product_brand":[],"product_cat":[192,149,150,151,156,357,146],"product_tag":[105,189,436,268,442],"class_list":{"0":"post-4574","1":"product","2":"type-product","3":"status-publish","4":"has-post-thumbnail","6":"product_cat-50000-puff","7":"product_cat-buy-disposable-vapes-in-austria","8":"product_cat-buy-disposable-vapes-in-belgium","9":"product_cat-buy-disposable-vapes-in-france","10":"product_cat-buy-disposable-vapes-in-poland","11":"product_cat-flavor-adjustable-vape","12":"product_cat-rechargeable-disposable-vapes","13":"product_tag-digital-disposable-vape","14":"product_tag-puff-50k","15":"product_tag-shop-vape-online","16":"product_tag-touch-screen-vape","17":"product_tag-vaprivee-50k","18":"desktop-align-left","19":"tablet-align-left","20":"mobile-align-left","22":"first","23":"instock","24":"sale","25":"shipping-taxable","26":"purchasable","27":"product-type-simple"},"acf":[],"uagb_featured_image_src":{"full":["https:\/\/vapestornado.com\/wp-content\/uploads\/2025\/11\/VAPRIVEE-50000-Puff-50k-Popular-Vapes.webp",800,800,false],"thumbnail":["https:\/\/vapestornado.com\/wp-content\/uploads\/2025\/11\/VAPRIVEE-50000-Puff-50k-Popular-Vapes-150x150.webp",150,150,true],"medium":["https:\/\/vapestornado.com\/wp-content\/uploads\/2025\/11\/VAPRIVEE-50000-Puff-50k-Popular-Vapes-300x300.webp",300,300,true],"medium_large":["https:\/\/vapestornado.com\/wp-content\/uploads\/2025\/11\/VAPRIVEE-50000-Puff-50k-Popular-Vapes-768x768.webp",768,768,true],"large":["https:\/\/vapestornado.com\/wp-content\/uploads\/2025\/11\/VAPRIVEE-50000-Puff-50k-Popular-Vapes.webp",800,800,false],"1536x1536":["https:\/\/vapestornado.com\/wp-content\/uploads\/2025\/11\/VAPRIVEE-50000-Puff-50k-Popular-Vapes.webp",800,800,false],"2048x2048":["https:\/\/vapestornado.com\/wp-content\/uploads\/2025\/11\/VAPRIVEE-50000-Puff-50k-Popular-Vapes.webp",800,800,false],"trp-custom-language-flag":["https:\/\/vapestornado.com\/wp-content\/uploads\/2025\/11\/VAPRIVEE-50000-Puff-50k-Popular-Vapes-12x12.webp",12,12,true],"woocommerce_thumbnail":["https:\/\/vapestornado.com\/wp-content\/uploads\/2025\/11\/VAPRIVEE-50000-Puff-50k-Popular-Vapes-300x300.webp",300,300,true],"woocommerce_single":["https:\/\/vapestornado.com\/wp-content\/uploads\/2025\/11\/VAPRIVEE-50000-Puff-50k-Popular-Vapes-600x600.webp",600,600,true],"woocommerce_gallery_thumbnail":["https:\/\/vapestornado.com\/wp-content\/uploads\/2025\/11\/VAPRIVEE-50000-Puff-50k-Popular-Vapes-100x100.webp",100,100,true]},"uagb_author_info":{"display_name":"ESAMY","author_link":"https:\/\/vapestornado.com\/da\/author\/"},"uagb_comment_info":0,"uagb_excerpt":"1. VAPRIV\u00c9E 50K Touch Screen Disposable \u2013 Premium 50000 Puffs Vape Wholesale France 2. France Bulk Supply: VAPRIV\u00c9E 50K Fashion Vape with Mega LED &amp; Dual Mesh Coils 3. Wholesale VAPRIV\u00c9E 50000 Puff Handbag-Style Vape \u2013 Best Seller for French Retailers WhatsApp: +86 17776015835 &nbsp;","_links":{"self":[{"href":"https:\/\/vapestornado.com\/da\/wp-json\/wp\/v2\/product\/4574","targetHints":{"allow":["GET"]}}],"collection":[{"href":"https:\/\/vapestornado.com\/da\/wp-json\/wp\/v2\/product"}],"about":[{"href":"https:\/\/vapestornado.com\/da\/wp-json\/wp\/v2\/types\/product"}],"replies":[{"embeddable":true,"href":"https:\/\/vapestornado.com\/da\/wp-json\/wp\/v2\/comments?post=4574"}],"wp:featuredmedia":[{"embeddable":true,"href":"https:\/\/vapestornado.com\/da\/wp-json\/wp\/v2\/media\/4572"}],"wp:attachment":[{"href":"https:\/\/vapestornado.com\/da\/wp-json\/wp\/v2\/media?parent=4574"}],"wp:term":[{"taxonomy":"product_brand","embeddable":true,"href":"https:\/\/vapestornado.com\/da\/wp-json\/wp\/v2\/product_brand?post=4574"},{"taxonomy":"product_cat","embeddable":true,"href":"https:\/\/vapestornado.com\/da\/wp-json\/wp\/v2\/product_cat?post=4574"},{"taxonomy":"product_tag","embeddable":true,"href":"https:\/\/vapestornado.com\/da\/wp-json\/wp\/v2\/product_tag?post=4574"}],"curies":[{"name":"wp","href":"https:\/\/api.w.org\/{rel}","templated":true}]}}