{"id":4493,"date":"2025-10-31T07:01:50","date_gmt":"2025-10-31T07:01:50","guid":{"rendered":"https:\/\/vapestornado.com\/?post_type=product&#038;p=4493"},"modified":"2025-10-31T07:43:27","modified_gmt":"2025-10-31T07:43:27","slug":"jnr-ragegorilla-55000-puffs-55k-vape-disposables-42ml-2-nicotine-wholesale-price","status":"publish","type":"product","link":"https:\/\/vapestornado.com\/da\/product\/jnr-ragegorilla-55000-puffs-55k-vape-disposables-42ml-2-nicotine-wholesale-price\/","title":{"rendered":"JNR RageGorilla 55000 Puffs 55k Vape Engangs 42ml 2% Nikotin Engrospris"},"content":{"rendered":"<h2 data-pm-slice=\"1 1 []\">JNR 55000 Puffs RageGorilla Engangs Vape \u2013 42ml Stor Tank, EU Bedsts\u00e6lger<\/h2>\n<p data-start=\"454\" data-end=\"886\">Den <strong data-start=\"458\" data-end=\"505\">JNR RageGorilla 55000 Puffs Engangs Vape<\/strong> er bygget til seri\u00f8se vapere, der \u00f8nsker ydeevne, kraft og premium smag. Designet med en <strong data-start=\"598\" data-end=\"624\">42ml e-v\u00e6skekapacitet<\/strong>, <strong data-start=\"626\" data-end=\"640\">2% nikotin<\/strong>og et <strong data-start=\"648\" data-end=\"666\">dobbelt mesh coil<\/strong>, den leverer et t\u00e6t, smagfuldt skud hver gang. Med <strong data-start=\"720\" data-end=\"758\">950mAh Type-C genopladelige batteri<\/strong> og et <strong data-start=\"765\" data-end=\"785\">smarte LED-sk\u00e6rm<\/strong>, kan brugere nemt overv\u00e5ge batteri- og e-v\u00e6skeniveauer\u2014perfekt til langvarig brug uden g\u00e6tterier.<\/p>\n<p data-start=\"888\" data-end=\"1283\">Som et af de <strong data-start=\"902\" data-end=\"947\">mest popul\u00e6re lav-nikotin engangs vapes<\/strong> p\u00e5 EU-markedet, den <strong data-start=\"970\" data-end=\"981\">JNR 55K<\/strong> kombinerer innovation og kvalitet, hvilket is\u00e6r appellerer til unge europ\u00e6iske brugere, der kr\u00e6ver b\u00e5de funktion og stil. Den holdbare krop og glat luftstr\u00f8m g\u00f8r den til et godt valg for b\u00e5de detailhandlere og grossister, der s\u00f8ger <strong data-start=\"1202\" data-end=\"1243\">top-s\u00e6lgende Crystal Vape alternativer<\/strong> til en <strong data-start=\"1249\" data-end=\"1280\">konkurrencedygtig engrospris<\/strong>.<\/p>\n<p data-start=\"1285\" data-end=\"1643\">Tilg\u00e6ngelig i <strong data-start=\"1298\" data-end=\"1317\">20 rige smagsoplevelser<\/strong>, fra frugtblandinger som <strong data-start=\"1343\" data-end=\"1365\">(1) Jordb\u00e6r Is<\/strong>, <strong data-start=\"1367\" data-end=\"1386\">(2) Kirseb\u00e6r Cola<\/strong>, til <strong data-start=\"1391\" data-end=\"1412\">(20) Kirseb\u00e6r B\u00e6r<\/strong>, hver suge af den <strong data-start=\"1432\" data-end=\"1455\">JNR RageGorilla 55K<\/strong> er skabt til tilfredshed og glat smag. Det er en <strong data-start=\"1509\" data-end=\"1531\">vape med h\u00f8j kapacitet<\/strong> der opfylder moderne krav\u2014p\u00e5lidelig, genopladelig og klar til at levere ydeevne over tusindvis af sug.<\/p>\n<p data-start=\"1645\" data-end=\"1888\">Engrosk\u00f8bere i hele Europa kan stole p\u00e5 denne models konsistens og v\u00e6rdi. For EU-forhandlere er den <strong data-start=\"1744\" data-end=\"1775\">JNR RageGorilla 55000 Puffs<\/strong> fremtr\u00e6dende som en <strong data-start=\"1792\" data-end=\"1826\">lav-nikotin, langvarig vape<\/strong> ideel til daglige kunder og trenddrevne vapere.<\/p>\n<p><strong><span style=\"color: #ff0000;\">Tilf\u00f8j Amys whatsapp, f\u00e5 et hurtigt svar og en vape-kupon!<\/span><\/strong><\/p>\n<p><img fetchpriority=\"high\" decoding=\"async\" class=\"size-full wp-image-2932\" src=\"https:\/\/vapestornado.com\/wp-content\/uploads\/2024\/12\/Vape-Wholesale.jpg\" alt=\"Vape Engros\" width=\"229\" height=\"300\" \/><\/p>\n<h3><a href=\"https:\/\/wa.me\/8617776015835\" target=\"_blank\" rel=\"noopener\"><span style=\"color: #ff0000;\"><strong>WhatsApp: +86 17776015835<\/strong><\/span><\/a><\/h3>\n<p>&nbsp;<\/p>\n<h2><strong>JNR RageGorilla 55000 Sug Produktfunktioner<\/strong><\/h2>\n<ul>\n<li data-start=\"1944\" data-end=\"1964\">\n<p data-start=\"1946\" data-end=\"1964\"><strong data-start=\"1946\" data-end=\"1956\">Pust:<\/strong> 55000<\/p>\n<\/li>\n<li data-start=\"1965\" data-end=\"1993\">\n<p data-start=\"1967\" data-end=\"1993\"><strong data-start=\"1967\" data-end=\"1988\">Nikotinstyrke:<\/strong> 2%<\/p>\n<\/li>\n<li data-start=\"1994\" data-end=\"2025\">\n<p data-start=\"1996\" data-end=\"2025\"><strong data-start=\"1996\" data-end=\"2018\">E-v\u00e6ske Kapacitet:<\/strong> 42ml<\/p>\n<\/li>\n<li data-start=\"2026\" data-end=\"2069\">\n<p data-start=\"2028\" data-end=\"2069\"><strong data-start=\"2028\" data-end=\"2040\">Batteri:<\/strong> 950mAh Type-C Genopladelig<\/p>\n<\/li>\n<li data-start=\"2070\" data-end=\"2124\">\n<p data-start=\"2072\" data-end=\"2124\"><strong data-start=\"2072\" data-end=\"2084\">Sk\u00e6rm:<\/strong> Smart LED-sk\u00e6rm (Batteri + E-v\u00e6ske)<\/p>\n<\/li>\n<li data-start=\"2125\" data-end=\"2168\">\n<p data-start=\"2127\" data-end=\"2168\"><strong data-start=\"2127\" data-end=\"2136\">Spole:<\/strong> Dobbelt Mesh Coil for rig damp<\/p>\n<\/li>\n<li data-start=\"2169\" data-end=\"2203\">\n<p data-start=\"2171\" data-end=\"2203\"><strong data-start=\"2171\" data-end=\"2183\">Smagsvarianter:<\/strong> 20 unikke muligheder<\/p>\n<p><figure id=\"attachment_4489\" aria-describedby=\"caption-attachment-4489\" style=\"width: 800px\" class=\"wp-caption alignnone\"><img decoding=\"async\" class=\"wp-image-4489 size-full\" src=\"https:\/\/vapestornado.com\/wp-content\/uploads\/2025\/10\/JNR-RageGorilla-55000Puffs-42ml-E-liquid.webp\" alt=\"JNR RageGorilla 55000Puffs 42ml E-v\u00e6ske\" width=\"800\" height=\"449\" srcset=\"https:\/\/vapestornado.com\/wp-content\/uploads\/2025\/10\/JNR-RageGorilla-55000Puffs-42ml-E-liquid.webp 800w, https:\/\/vapestornado.com\/wp-content\/uploads\/2025\/10\/JNR-RageGorilla-55000Puffs-42ml-E-liquid-300x168.webp 300w, https:\/\/vapestornado.com\/wp-content\/uploads\/2025\/10\/JNR-RageGorilla-55000Puffs-42ml-E-liquid-768x431.webp 768w, https:\/\/vapestornado.com\/wp-content\/uploads\/2025\/10\/JNR-RageGorilla-55000Puffs-42ml-E-liquid-18x10.webp 18w, https:\/\/vapestornado.com\/wp-content\/uploads\/2025\/10\/JNR-RageGorilla-55000Puffs-42ml-E-liquid-600x337.webp 600w\" sizes=\"(max-width: 800px) 100vw, 800px\" \/><figcaption id=\"caption-attachment-4489\" class=\"wp-caption-text\">JNR RageGorilla 55000Puffs 42ml E-v\u00e6ske<\/figcaption><\/figure><\/li>\n<\/ul>\n<div class=\"mceTemp\"><\/div>\n<h2 class=\"product-title\"><strong>JNR RageGorilla 55000 Puffs Engangs Vape Smagsliste<\/strong><\/h2>\n<p>1. Jordb\u00e6r Is<br \/>\n2. Kirseb\u00e6r Cola<br \/>\n3. Vandmelon Is<br \/>\n4. Bl\u00e5 Razz Kirseb\u00e6r<br \/>\n5.Jordb\u00e6r Kiwi<br \/>\n6. Bl\u00e5b\u00e6r Hindb\u00e6r Kirseb\u00e6r<br \/>\n7. Jordb\u00e6r Vandmelon Is<br \/>\n8. Kiwi Vandmelon Is<br \/>\n9. Blandet B\u00e6r<br \/>\n10. Saftige Ferskner<br \/>\n11. Bl\u00e5b\u00e6ris<br \/>\n12. Bl\u00e5b\u00e6r Sur Hindb\u00e6r<br \/>\n13.Hvid fersken Razz<br \/>\n14.Mango Passionfrugt<br \/>\n15.Fersken Mango Vandmelon<br \/>\n16. Vandmelon Tyggegummi<br \/>\n17. Jordb\u00e6r Banan<br \/>\n18.Dobbelt \u00c6ble<br \/>\n19.Kiwi Pssion Guava<br \/>\n20.Cherry B\u00e6r<\/p>\n<figure id=\"attachment_4491\" aria-describedby=\"caption-attachment-4491\" style=\"width: 800px\" class=\"wp-caption alignnone\"><img decoding=\"async\" class=\"wp-image-4491 size-full\" src=\"https:\/\/vapestornado.com\/wp-content\/uploads\/2025\/10\/Puff-JNR-RageGorilla-55K-55000-Puffs.webp\" alt=\"Puff JNR RageGorilla 55K 55000 Puffs\" width=\"800\" height=\"450\" srcset=\"https:\/\/vapestornado.com\/wp-content\/uploads\/2025\/10\/Puff-JNR-RageGorilla-55K-55000-Puffs.webp 800w, https:\/\/vapestornado.com\/wp-content\/uploads\/2025\/10\/Puff-JNR-RageGorilla-55K-55000-Puffs-300x169.webp 300w, https:\/\/vapestornado.com\/wp-content\/uploads\/2025\/10\/Puff-JNR-RageGorilla-55K-55000-Puffs-768x432.webp 768w, https:\/\/vapestornado.com\/wp-content\/uploads\/2025\/10\/Puff-JNR-RageGorilla-55K-55000-Puffs-18x10.webp 18w, https:\/\/vapestornado.com\/wp-content\/uploads\/2025\/10\/Puff-JNR-RageGorilla-55K-55000-Puffs-600x338.webp 600w\" sizes=\"(max-width: 800px) 100vw, 800px\" \/><figcaption id=\"caption-attachment-4491\" class=\"wp-caption-text\">Puff JNR RageGorilla 55K 55000 Puffs<\/figcaption><\/figure>\n<div class=\"flex-shrink-0 flex flex-col relative items-end\">\n<div class=\"pt-0\">\n<div class=\"gizmo-bot-avatar flex h-8 w-8 items-center justify-center overflow-hidden rounded-full\">\n<div class=\"relative p-1 rounded-sm flex items-center justify-center bg-token-main-surface-primary text-token-text-primary h-8 w-8\">\n<h2 data-start=\"1200\" data-end=\"1487\">Vapes Tornado \u2013 Din Engros Online Vape Butik for Top Vape M\u00e6rker<\/h2>\n<p data-start=\"1200\" data-end=\"1487\">Vapes Tornado Online R\u00f8gbutik er din p\u00e5lidelige destination for <strong data-start=\"66\" data-end=\"94\">premium engangs vapes<\/strong> og <strong data-start=\"99\" data-end=\"125\">engros e-cigaretter<\/strong> over hele Europa. Vi lager popul\u00e6re vape-m\u00e6rker som <a href=\"https:\/\/vapestornado.com\/da\/product\/elf-bar-raya-d3-25000-puffs-best-disposable-vape-wholesale-in-uk\/\">Elf Bar Vape<\/a>, <strong data-start=\"175\" data-end=\"228\"><a href=\"https:\/\/vapestornado.com\/da\/product\/fumot-randm-tornado-15000-puffs-rechargeable-disposable-vape-wholesale\/\">Fumot Vape<\/a>, <a href=\"https:\/\/vapestornado.com\/da\/product\/waspe-150k-150000-puff-6-in-1-disposable-vape-pen-cartridge-best-wholesale-price-in-poland\/\">Waspe Vape<\/a>, Vozol Bar Vape, <a href=\"https:\/\/vapestornado.com\/da\/product-category\/bang-vape\/\">Bang Vape<\/a><\/strong>, og mange andre\u2014der tilbyder enest\u00e5ende kvalitet, forskellige smagsmuligheder og innovative designs. Uanset om du er en privat bruger eller en bulk-k\u00f8ber, <strong data-start=\"372\" data-end=\"389\">Vapes Tornado<\/strong> leverer h\u00f8jtydende enheder, slanke stilarter og uovertrufne engrospriser for at matche dine vaping-behov.<\/p>\n<h2 data-start=\"2064\" data-end=\"2115\">FAQs om JNR RageGorilla 55000 Puffs Vape Box<\/h2>\n<p data-start=\"2223\" data-end=\"2360\"><strong data-start=\"2223\" data-end=\"2273\">1. Hvor lang tid varer JNR RageGorilla 55K?<\/strong><br data-start=\"2273\" data-end=\"2276\" \/>Den leverer op til <strong data-start=\"2294\" data-end=\"2309\">55000 puffs<\/strong>, afh\u00e6ngigt af dine brugsvaner og puff-l\u00e6ngde.<\/p>\n<p data-start=\"2362\" data-end=\"2489\"><strong data-start=\"2362\" data-end=\"2405\">2. Er JNR 55000 Puffs genopladelig?<\/strong><br data-start=\"2405\" data-end=\"2408\" \/>Ja, den har en <strong data-start=\"2427\" data-end=\"2451\">Type-C opladningsporten<\/strong> til hurtig og effektiv genopladning.<\/p>\n<p data-start=\"2491\" data-end=\"2700\"><strong data-start=\"2491\" data-end=\"2571\">3. Hvad g\u00f8r JNR RageGorilla 55K anderledes end andre engangs vapes?<\/strong><br data-start=\"2571\" data-end=\"2574\" \/>Dens <strong data-start=\"2578\" data-end=\"2596\">dobbelt mesh coil<\/strong>, <strong data-start=\"2598\" data-end=\"2619\">smarte LED-sk\u00e6rm<\/strong>, og <strong data-start=\"2625\" data-end=\"2648\">stor kapacitet p\u00e5 42 ml<\/strong> g\u00f8r den bem\u00e6rkelsesv\u00e6rdig b\u00e5de i smag og holdbarhed.<\/p>\n<p data-start=\"2702\" data-end=\"2828\"><strong data-start=\"2702\" data-end=\"2736\">4. Er dette en lav nikotin vape?<\/strong><br data-start=\"2736\" data-end=\"2739\" \/>Ja, den <strong data-start=\"2748\" data-end=\"2768\">2% nikotinniveau<\/strong> tilbyder en glattere oplevelse, der passer til EU-pr\u00e6ferencer.<\/p>\n<p data-start=\"2830\" data-end=\"3015\"><strong data-start=\"2830\" data-end=\"2891\">5. Hvad er de mest popul\u00e6re JNR RageGorilla 55K smagsvarianter?<\/strong><br data-start=\"2891\" data-end=\"2894\" \/>Top-s\u00e6lgende smagsvarianter inkluderer <strong data-start=\"2922\" data-end=\"2941\">Jordb\u00e6r Kiwi<\/strong>, <strong data-start=\"2943\" data-end=\"2958\">Kirseb\u00e6r Cola<\/strong>, <strong data-start=\"2960\" data-end=\"2980\">Bl\u00e5 Hindb\u00e6r Kirseb\u00e6r<\/strong>, og <strong data-start=\"2986\" data-end=\"3012\">Fersken Mango Vandmelon<\/strong>.<\/p>\n<\/div>\n<\/div>\n<\/div>\n<\/div>","protected":false},"excerpt":{"rendered":"<p>Designet til EU-markedet, den <strong data-start=\"613\" data-end=\"629\">JNR 55K Vape<\/strong> er ideel for grossister og detailhandlere, der s\u00f8ger <strong data-start=\"677\" data-end=\"717\">popul\u00e6re lav-nikotin engangs vapes<\/strong> med en stilfuld, holdbar krop og konsekvent smagslevering. Perfekt til vapere, der s\u00f8ger premium smag og moderne ydeevne til en <strong data-start=\"858\" data-end=\"889\">konkurrencedygtig engrospris<\/strong>.<\/p>\n<p><strong>Tilf\u00f8j Amys whatsapp for at f\u00e5 korrekt svar og rabatpris!<\/strong><\/p>\n<p><img fetchpriority=\"high\" decoding=\"async\" class=\"size-full wp-image-2932\" src=\"https:\/\/vapestornado.com\/wp-content\/uploads\/2024\/12\/Vape-Wholesale.jpg\" alt=\"Vape Engros\" width=\"229\" height=\"300\" \/><\/p>\n<h3><a href=\"https:\/\/wa.me\/8617776015835\"><span style=\"color: #ff0000;\"><strong>WhatsApp: +86 17776015835<\/strong><\/span><\/a><\/h3>","protected":false},"featured_media":4484,"comment_status":"open","ping_status":"closed","template":"","meta":{"_acf_changed":false,"_uag_custom_page_level_css":"","_lmt_disableupdate":"no","_lmt_disable":"","_monsterinsights_skip_tracking":false,"_monsterinsights_sitenote_active":false,"_monsterinsights_sitenote_note":"","_monsterinsights_sitenote_category":0,"site-sidebar-layout":"default","site-content-layout":"","ast-site-content-layout":"default","site-content-style":"default","site-sidebar-style":"default","ast-global-header-display":"","ast-banner-title-visibility":"","ast-main-header-display":"","ast-hfb-above-header-display":"","ast-hfb-below-header-display":"","ast-hfb-mobile-header-display":"","site-post-title":"","ast-breadcrumbs-content":"","ast-featured-img":"","footer-sml-layout":"","ast-disable-related-posts":"","theme-transparent-header-meta":"default","adv-header-id-meta":"","stick-header-meta":"","header-above-stick-meta":"","header-main-stick-meta":"","header-below-stick-meta":"","astra-migrate-meta-layouts":"set","ast-page-background-enabled":"default","ast-page-background-meta":{"desktop":{"background-color":"","background-image":"","background-repeat":"repeat","background-position":"center center","background-size":"auto","background-attachment":"scroll","background-type":"","background-media":"","overlay-type":"","overlay-color":"","overlay-opacity":"","overlay-gradient":""},"tablet":{"background-color":"","background-image":"","background-repeat":"repeat","background-position":"center center","background-size":"auto","background-attachment":"scroll","background-type":"","background-media":"","overlay-type":"","overlay-color":"","overlay-opacity":"","overlay-gradient":""},"mobile":{"background-color":"","background-image":"","background-repeat":"repeat","background-position":"center center","background-size":"auto","background-attachment":"scroll","background-type":"","background-media":"","overlay-type":"","overlay-color":"","overlay-opacity":"","overlay-gradient":""}},"ast-content-background-meta":{"desktop":{"background-color":"var(--ast-global-color-5)","background-image":"","background-repeat":"repeat","background-position":"center center","background-size":"auto","background-attachment":"scroll","background-type":"","background-media":"","overlay-type":"","overlay-color":"","overlay-opacity":"","overlay-gradient":""},"tablet":{"background-color":"var(--ast-global-color-5)","background-image":"","background-repeat":"repeat","background-position":"center center","background-size":"auto","background-attachment":"scroll","background-type":"","background-media":"","overlay-type":"","overlay-color":"","overlay-opacity":"","overlay-gradient":""},"mobile":{"background-color":"var(--ast-global-color-5)","background-image":"","background-repeat":"repeat","background-position":"center center","background-size":"auto","background-attachment":"scroll","background-type":"","background-media":"","overlay-type":"","overlay-color":"","overlay-opacity":"","overlay-gradient":""}},"_joinchat":[]},"product_brand":[],"product_cat":[149,150,151,154,141,142,76,144],"product_tag":[120,403,406,413,135,246,390,397],"class_list":{"0":"post-4493","1":"product","2":"type-product","3":"status-publish","4":"has-post-thumbnail","6":"product_cat-buy-disposable-vapes-in-austria","7":"product_cat-buy-disposable-vapes-in-belgium","8":"product_cat-buy-disposable-vapes-in-france","9":"product_cat-buy-disposable-vapes-in-netherlands","10":"product_cat-crystal-disposable-vapes","11":"product_cat-digital-box-disposable-vapes","12":"product_cat-jnr-vape","13":"product_cat-low-nicotine-disposable-vapes","14":"product_tag-crystal-vape","15":"product_tag-disposable-vape-box","16":"product_tag-disposable-vape-fast-shipping","17":"product_tag-jnr-ragegorilla-55000-puffs","18":"product_tag-jnr-vape","19":"product_tag-low-nicotine-disposable-vape","20":"product_tag-online-vape-shop","21":"product_tag-vapor","22":"desktop-align-left","23":"tablet-align-left","24":"mobile-align-left","26":"first","27":"instock","28":"sale","29":"shipping-taxable","30":"purchasable","31":"product-type-simple"},"acf":[],"uagb_featured_image_src":{"full":["https:\/\/vapestornado.com\/wp-content\/uploads\/2025\/10\/JNR-Rage-Gorilla-55000-Puffs-55k-Vape-42ml-Smart-Screen.webp",800,800,false],"thumbnail":["https:\/\/vapestornado.com\/wp-content\/uploads\/2025\/10\/JNR-Rage-Gorilla-55000-Puffs-55k-Vape-42ml-Smart-Screen-150x150.webp",150,150,true],"medium":["https:\/\/vapestornado.com\/wp-content\/uploads\/2025\/10\/JNR-Rage-Gorilla-55000-Puffs-55k-Vape-42ml-Smart-Screen-300x300.webp",300,300,true],"medium_large":["https:\/\/vapestornado.com\/wp-content\/uploads\/2025\/10\/JNR-Rage-Gorilla-55000-Puffs-55k-Vape-42ml-Smart-Screen-768x768.webp",768,768,true],"large":["https:\/\/vapestornado.com\/wp-content\/uploads\/2025\/10\/JNR-Rage-Gorilla-55000-Puffs-55k-Vape-42ml-Smart-Screen.webp",800,800,false],"1536x1536":["https:\/\/vapestornado.com\/wp-content\/uploads\/2025\/10\/JNR-Rage-Gorilla-55000-Puffs-55k-Vape-42ml-Smart-Screen.webp",800,800,false],"2048x2048":["https:\/\/vapestornado.com\/wp-content\/uploads\/2025\/10\/JNR-Rage-Gorilla-55000-Puffs-55k-Vape-42ml-Smart-Screen.webp",800,800,false],"trp-custom-language-flag":["https:\/\/vapestornado.com\/wp-content\/uploads\/2025\/10\/JNR-Rage-Gorilla-55000-Puffs-55k-Vape-42ml-Smart-Screen-12x12.webp",12,12,true],"woocommerce_thumbnail":["https:\/\/vapestornado.com\/wp-content\/uploads\/2025\/10\/JNR-Rage-Gorilla-55000-Puffs-55k-Vape-42ml-Smart-Screen-300x300.webp",300,300,true],"woocommerce_single":["https:\/\/vapestornado.com\/wp-content\/uploads\/2025\/10\/JNR-Rage-Gorilla-55000-Puffs-55k-Vape-42ml-Smart-Screen-600x600.webp",600,600,true],"woocommerce_gallery_thumbnail":["https:\/\/vapestornado.com\/wp-content\/uploads\/2025\/10\/JNR-Rage-Gorilla-55000-Puffs-55k-Vape-42ml-Smart-Screen-100x100.webp",100,100,true]},"uagb_author_info":{"display_name":"ESAMY","author_link":"https:\/\/vapestornado.com\/da\/author\/"},"uagb_comment_info":2,"uagb_excerpt":"Designed for the EU market, the JNR 55K Vape is ideal for wholesalers and retailers seeking popular low nicotine disposable vapes with a stylish, durable body and consistent flavor delivery. Perfect for vapers looking for premium taste and modern performance at a competitive wholesale price. Add Amy's whatsapp to get right reply and discount price!&hellip;","_links":{"self":[{"href":"https:\/\/vapestornado.com\/da\/wp-json\/wp\/v2\/product\/4493","targetHints":{"allow":["GET"]}}],"collection":[{"href":"https:\/\/vapestornado.com\/da\/wp-json\/wp\/v2\/product"}],"about":[{"href":"https:\/\/vapestornado.com\/da\/wp-json\/wp\/v2\/types\/product"}],"replies":[{"embeddable":true,"href":"https:\/\/vapestornado.com\/da\/wp-json\/wp\/v2\/comments?post=4493"}],"wp:featuredmedia":[{"embeddable":true,"href":"https:\/\/vapestornado.com\/da\/wp-json\/wp\/v2\/media\/4484"}],"wp:attachment":[{"href":"https:\/\/vapestornado.com\/da\/wp-json\/wp\/v2\/media?parent=4493"}],"wp:term":[{"taxonomy":"product_brand","embeddable":true,"href":"https:\/\/vapestornado.com\/da\/wp-json\/wp\/v2\/product_brand?post=4493"},{"taxonomy":"product_cat","embeddable":true,"href":"https:\/\/vapestornado.com\/da\/wp-json\/wp\/v2\/product_cat?post=4493"},{"taxonomy":"product_tag","embeddable":true,"href":"https:\/\/vapestornado.com\/da\/wp-json\/wp\/v2\/product_tag?post=4493"}],"curies":[{"name":"wp","href":"https:\/\/api.w.org\/{rel}","templated":true}]}}