{"id":4483,"date":"2025-10-30T06:42:12","date_gmt":"2025-10-30T06:42:12","guid":{"rendered":"https:\/\/vapestornado.com\/?post_type=product&#038;p=4483"},"modified":"2025-12-12T08:55:22","modified_gmt":"2025-12-12T08:55:22","slug":"jnr-falcon-pro-28k-28000-disposable-vape-puff-bar-rechargeable","status":"publish","type":"product","link":"https:\/\/vapestornado.com\/da\/product\/jnr-falcon-pro-28k-28000-disposable-vape-puff-bar-rechargeable\/","title":{"rendered":"JNR Falcon Pro 28k 28000 Engangs Vape Puff Bar Genopladelig"},"content":{"rendered":"<h2 data-pm-slice=\"1 1 []\">JNR Falcon Pro 28K Genopladelig Puff Bar \u2013 28000 Puff Engangs Vape Engros<\/h2>\n<p data-start=\"73\" data-end=\"688\">Den <strong data-start=\"97\" data-end=\"119\">JNR Falcon Pro 28K<\/strong> er en genopladelig engangs, der er designet til vapere, der forventer mere end kortvarig bekvemmelighed. Med <strong data-start=\"216\" data-end=\"238\">op til 28.000 puffs<\/strong>, en <strong data-start=\"242\" data-end=\"268\">30 ml e-v\u00e6ske kapacitet<\/strong>og et <strong data-start=\"276\" data-end=\"294\">dobbelt mesh coil<\/strong>, er den designet til at levere stabil smag og damp over l\u00e6ngere brug. Tilf\u00f8j en <strong data-start=\"372\" data-end=\"410\">950mAh Type-C genopladelige batteri<\/strong> og en <strong data-start=\"418\" data-end=\"446\">intelligent smart sk\u00e6rm<\/strong>, og du f\u00e5r en enhed, der opf\u00f8rer sig mere som en kompakt <strong data-start=\"500\" data-end=\"520\">E-cigaret-mods<\/strong> end en simpel engangs \u2014 uden ops\u00e6tning eller vedligeholdelse.<\/p>\n<h3 data-start=\"791\" data-end=\"864\">Hvorfor leverer JNR Falcon Pro 28k bedre v\u00e6rdi end typiske engangs vapes?<\/h3>\n<ul data-start=\"866\" data-end=\"2179\">\n<li data-start=\"866\" data-end=\"1161\">\n<p data-start=\"868\" data-end=\"1161\"><strong data-start=\"868\" data-end=\"906\">Udholdenhed, der passer til virkelige rutiner.<\/strong> Den <strong data-start=\"911\" data-end=\"949\">JNR Falcon Pro 28K engangs vape<\/strong> kombinerer en h\u00f8j <strong data-start=\"963\" data-end=\"982\">28K puff vurdering<\/strong> med en <strong data-start=\"990\" data-end=\"1003\">30ml tank<\/strong>, hvilket g\u00f8r den egnet til regelm\u00e6ssige brugere i <strong data-start=\"1045\" data-end=\"1090\">Danmark, Frankrig, Italien, Spanien og Polen<\/strong> som \u00f8nsker f\u00e6rre udskiftninger og forudsigelig daglig brug fra \u00e9n enhed.<\/p>\n<\/li>\n<li data-start=\"1163\" data-end=\"1428\">\n<p data-start=\"1165\" data-end=\"1428\"><strong data-start=\"1165\" data-end=\"1202\">Dobbelt mesh-spole for stabil udgang.<\/strong> Inde i det <strong data-start=\"1214\" data-end=\"1243\">JNR 28K vaperen genopladelig<\/strong> design, der <strong data-start=\"1256\" data-end=\"1274\">dobbelt mesh coil<\/strong> fordeler varmen j\u00e6vnt over veken. Det hj\u00e6lper dampen med at forblive glat, og smagen forbliver fyldig l\u00e6ngere inde i tanken, i stedet for at blive tyndere efter h\u00e5rd brug.<\/p>\n<\/li>\n<li data-start=\"1430\" data-end=\"1649\">\n<p data-start=\"1432\" data-end=\"1649\"><strong data-start=\"1432\" data-end=\"1480\">Genopladelig str\u00f8m, der beskytter v\u00e6sken.<\/strong> A <strong data-start=\"1483\" data-end=\"1521\">950mAh Type-C genopladelige batteri<\/strong> betyder, at du kan genopfylde str\u00f8m, n\u00e5r det er n\u00f8dvendigt, og forts\u00e6tte med at vape, indtil v\u00e6sken er brugt \u2014 ingen tidlig bortskaffelse, ingen spildt e-juice.<\/p>\n<\/li>\n<li data-start=\"1651\" data-end=\"1884\">\n<p data-start=\"1653\" data-end=\"1884\"><strong data-start=\"1653\" data-end=\"1689\">Smart sk\u00e6rm holder dig informeret.<\/strong> Den <strong data-start=\"1694\" data-end=\"1747\">intelligent LED-display p\u00e5 JNR Falcon Pro 28K<\/strong> viser batteri- og e-v\u00e6skestande i realtid, s\u00e5 du ved, om enheden kan d\u00e6kke en lang arbejdsdag eller en aften ude uden at g\u00e6tte.<\/p>\n<\/li>\n<li data-start=\"1886\" data-end=\"2179\">\n<p data-start=\"1888\" data-end=\"2179\"><strong data-start=\"1888\" data-end=\"1939\">St\u00e6rkt v\u00e6rdi for detail- og engroskanaler.<\/strong> Med funktioner, der normalt ses p\u00e5 mere komplekse enheder, <strong data-start=\"1996\" data-end=\"2018\">JNR Falcon Pro 28000<\/strong>\u00a0performer godt i enhver <strong data-start=\"2040\" data-end=\"2053\">vape butik<\/strong> og passer til k\u00f8bere, der sammenligner premium engangsprodukter med <strong data-start=\"2108\" data-end=\"2138\">Billige cigaretter engros<\/strong> alternativer for bedre langsigtet v\u00e6rdi.<\/p>\n<\/li>\n<\/ul>\n<p><strong><span style=\"color: #ff0000;\">Tilf\u00f8j Amys whatsapp, f\u00e5 et hurtigt svar og en vape-kupon!<\/span><\/strong><\/p>\n<p><img fetchpriority=\"high\" decoding=\"async\" class=\"size-full wp-image-2932\" src=\"https:\/\/vapestornado.com\/wp-content\/uploads\/2024\/12\/Vape-Wholesale.jpg\" alt=\"Vape Engros\" width=\"229\" height=\"300\" \/><\/p>\n<h3><a href=\"https:\/\/wa.me\/8617776015835\" target=\"_blank\" rel=\"noopener\"><span style=\"color: #ff0000;\"><strong>WhatsApp: +86 17776015835<\/strong><\/span><\/a><\/h3>\n<p>&nbsp;<\/p>\n<h2><strong>JNR Falcon Pro 28k Produktfunktioner<\/strong><\/h2>\n<table>\n<thead>\n<tr>\n<th>Funktion<\/th>\n<th>specifikationer<\/th>\n<th>detaljer<\/th>\n<\/tr>\n<\/thead>\n<tbody>\n<tr>\n<td>Produktnavn<\/td>\n<td>JNR Falcon Pro 28K<\/td>\n<td>H\u00f8jkapacitets genopladelig engangs vape<\/td>\n<\/tr>\n<tr>\n<td>Pust Kapacitet<\/td>\n<td>Op til 28.000 puffer<\/td>\n<td>Designet til langvarig, flere ugers brug<\/td>\n<\/tr>\n<tr>\n<td>E-v\u00e6ske Volumen<\/td>\n<td>30ml forudfyldt<\/td>\n<td>Stor tank underst\u00f8tter lange sessioner<\/td>\n<\/tr>\n<tr>\n<td>Spoleteknologi<\/td>\n<td>Dobbelt mesh-spole<\/td>\n<td>J\u00e6vn opvarmning for glat damp og rig smag<\/td>\n<\/tr>\n<tr>\n<td>Batteri<\/td>\n<td>950mAh genopladelig<\/td>\n<td>Underst\u00f8tter gentagen opladning gennem enhedens levetid<\/td>\n<\/tr>\n<tr>\n<td>Opladning<\/td>\n<td>Type-C hurtigopladning<\/td>\n<td>Hurtig, moderne opladning med EU-standard kabler<\/td>\n<\/tr>\n<tr>\n<td>Sk\u00e6rm<\/td>\n<td>Intelligent smart sk\u00e6rm<\/td>\n<td>Realtids batteri- og e-v\u00e6skestatus<\/td>\n<\/tr>\n<tr>\n<td>Design<\/td>\n<td>Krystalklart design med Falcon-logo<\/td>\n<td>Moderne udseende med solid h\u00e5ndf\u00f8lelse<\/td>\n<\/tr>\n<tr>\n<td>Smagsmuligheder<\/td>\n<td>Op til 20 smagsvarianter<\/td>\n<td>Tilg\u00e6ngelige frugt-, is- og blandede profiler<\/td>\n<\/tr>\n<tr>\n<td>Positionering<\/td>\n<td>Detail- &amp; engros<\/td>\n<td>Egnet til vape-butik og engrosdistribution<\/td>\n<\/tr>\n<\/tbody>\n<\/table>\n<figure id=\"attachment_4478\" aria-describedby=\"caption-attachment-4478\" style=\"width: 800px\" class=\"wp-caption alignnone\"><img decoding=\"async\" class=\"wp-image-4478 size-full\" src=\"https:\/\/vapestornado.com\/wp-content\/uploads\/2025\/10\/JNR-Falcon-Pro-28000-2-Nicotine-Disposable-Vapes.webp\" alt=\"JNR Falcon Pro 28000 2% Nikotin Engangs Vapes\" width=\"800\" height=\"800\" srcset=\"https:\/\/vapestornado.com\/wp-content\/uploads\/2025\/10\/JNR-Falcon-Pro-28000-2-Nicotine-Disposable-Vapes.webp 800w, https:\/\/vapestornado.com\/wp-content\/uploads\/2025\/10\/JNR-Falcon-Pro-28000-2-Nicotine-Disposable-Vapes-300x300.webp 300w, https:\/\/vapestornado.com\/wp-content\/uploads\/2025\/10\/JNR-Falcon-Pro-28000-2-Nicotine-Disposable-Vapes-150x150.webp 150w, https:\/\/vapestornado.com\/wp-content\/uploads\/2025\/10\/JNR-Falcon-Pro-28000-2-Nicotine-Disposable-Vapes-768x768.webp 768w, https:\/\/vapestornado.com\/wp-content\/uploads\/2025\/10\/JNR-Falcon-Pro-28000-2-Nicotine-Disposable-Vapes-12x12.webp 12w, https:\/\/vapestornado.com\/wp-content\/uploads\/2025\/10\/JNR-Falcon-Pro-28000-2-Nicotine-Disposable-Vapes-600x600.webp 600w, https:\/\/vapestornado.com\/wp-content\/uploads\/2025\/10\/JNR-Falcon-Pro-28000-2-Nicotine-Disposable-Vapes-100x100.webp 100w\" sizes=\"(max-width: 800px) 100vw, 800px\" \/><figcaption id=\"caption-attachment-4478\" class=\"wp-caption-text\">JNR Falcon Pro 28000 2% Nikotin Engangs Vapes<\/figcaption><\/figure>\n<h2 class=\"product-title\"><strong>JNR Falcon Pro 28k Engangs Vape Smagsliste<\/strong><\/h2>\n<p>1 Jordb\u00e6r Is<br \/>\n2 Kirseb\u00e6r Cola<br \/>\n3 Vandmelon Is<br \/>\n4 Bl\u00e5 Razz Kirseb\u00e6r<br \/>\n5 Jordb\u00e6r Kiwi<br \/>\n6 Bl\u00e5b\u00e6r Hindb\u00e6r Kirseb\u00e6r<br \/>\n7 Jordb\u00e6r Vandmelon Is<br \/>\n8 Kiwi Vandmelon Is<br \/>\n9 Blandet B\u00e6r<br \/>\n10 Saftige Ferskner<br \/>\n11 Bl\u00e5b\u00e6r Is<br \/>\n12 Bl\u00e5b\u00e6r Sur Hindb\u00e6r<br \/>\n13 Hvid Fersk Razz<br \/>\n14 Mango Passionfrugt<br \/>\n15 Fersken Mango Vandmelon<br \/>\n16 Vandmelon Bubblegum<br \/>\n17 Jordb\u00e6r Banan<br \/>\n18 Dobbelt \u00c6ble<br \/>\n19 Kiwi Passion Guava<br \/>\n20 Kirseb\u00e6r B\u00e6r<\/p>\n<div class=\"flex-shrink-0 flex flex-col relative items-end\">\n<div class=\"pt-0\">\n<div class=\"gizmo-bot-avatar flex h-8 w-8 items-center justify-center overflow-hidden rounded-full\">\n<div class=\"relative p-1 rounded-sm flex items-center justify-center bg-token-main-surface-primary text-token-text-primary h-8 w-8\">\n<h2 data-start=\"1200\" data-end=\"1487\">Vapes Tornado \u2013 Din Engros Online Vape Butik for Top Vape M\u00e6rker<\/h2>\n<p data-start=\"1200\" data-end=\"1487\">Vapes Tornado Online R\u00f8gbutik er din p\u00e5lidelige destination for <strong data-start=\"66\" data-end=\"94\">premium engangs vapes<\/strong> og <strong data-start=\"99\" data-end=\"125\">engros e-cigaretter<\/strong> over hele Europa. Vi lager popul\u00e6re vape-m\u00e6rker som <a href=\"https:\/\/vapestornado.com\/da\/product\/elf-bar-raya-d3-25000-puffs-best-disposable-vape-wholesale-in-uk\/\">Elf Bar Vape<\/a>, <strong data-start=\"175\" data-end=\"228\"><a href=\"https:\/\/vapestornado.com\/da\/product\/fumot-randm-tornado-15000-puffs-rechargeable-disposable-vape-wholesale\/\">Fumot Vape<\/a>, <a href=\"https:\/\/vapestornado.com\/da\/product\/waspe-150k-150000-puff-6-in-1-disposable-vape-pen-cartridge-best-wholesale-price-in-poland\/\">Waspe Vape<\/a>, Vozol Bar Vape, <a href=\"https:\/\/vapestornado.com\/da\/product-category\/bang-vape\/\">Bang Vape<\/a><\/strong>, og mange andre\u2014der tilbyder enest\u00e5ende kvalitet, forskellige smagsmuligheder og innovative designs. Uanset om du er en privat bruger eller en bulk-k\u00f8ber, <strong data-start=\"372\" data-end=\"389\">Vapes Tornado<\/strong> leverer h\u00f8jtydende enheder, slanke stilarter og uovertrufne engrospriser for at matche dine vaping-behov.<\/p>\n<h2 data-start=\"2064\" data-end=\"2115\"><\/h2>\n<h2 data-start=\"2064\" data-end=\"2115\">FAQs om JNR Falcon Pro 28k Vape Box<\/h2>\n<h3 data-start=\"3123\" data-end=\"3203\">1. Hvor lang tid varer JNR Falcon Pro 28K engangs vape ved daglig brug?<\/h3>\n<p data-start=\"3204\" data-end=\"3362\">Med <strong data-start=\"3209\" data-end=\"3225\">28.000 sug<\/strong> og et <strong data-start=\"3232\" data-end=\"3245\">30ml tank<\/strong>, mange regelm\u00e6ssige brugere finder <strong data-start=\"3275\" data-end=\"3297\">JNR Falcon Pro 28K<\/strong> holder <strong data-start=\"3304\" data-end=\"3321\">flere uger<\/strong>, afh\u00e6ngigt af tr\u00e6k-l\u00e6ngde og hyppighed.<\/p>\n<h3 data-start=\"3369\" data-end=\"3461\">2. Hvilken fordel giver dual mesh-coil i JNR 28K genopladelig engangs?<\/h3>\n<p data-start=\"3462\" data-end=\"3614\">Den <strong data-start=\"3466\" data-end=\"3484\">dobbelt mesh coil<\/strong> varmer mere j\u00e6vnt end enkelttr\u00e5ds-coils, hvilket hj\u00e6lper dampen med at forblive t\u00e6t og smagsoplevelsen konsistent gennem hele enhedens levetid.<\/p>\n<h3 data-start=\"3621\" data-end=\"3722\">3. Er JNR Falcon Pro 28K t\u00e6ttere p\u00e5 E-cigaret-modeller eller standard engangs i ydeevne?<\/h3>\n<p data-start=\"3723\" data-end=\"3861\">Med hensyn til output-stabilitet og kontrol f\u00f8les den t\u00e6ttere p\u00e5 kompakte <strong data-start=\"3792\" data-end=\"3812\">E-cigaret-mods<\/strong>, men uden coils at skifte eller tanke at genopfylde.<\/p>\n<h3 data-start=\"3868\" data-end=\"3943\">4. Hvor nyttig er den smarte sk\u00e6rm p\u00e5 JNR Falcon Pro 28K Puff Bar?<\/h3>\n<p data-start=\"3944\" data-end=\"4092\">Den <strong data-start=\"3948\" data-end=\"3964\">smart sk\u00e6rm<\/strong> viser batteri- og v\u00e6skestanden tydeligt, hvilket muligg\u00f8r bedre planl\u00e6gning af opladning og reducerer uventede afbrydelser i l\u00f8bet af dagen.<\/p>\n<h3 data-start=\"4099\" data-end=\"4232\">5. Er JNR Falcon Pro 28K et godt valg for vape-butikker eller engrosk\u00f8bere, der sammenligner billige cigaret-typer i engros?<\/h3>\n<p data-start=\"4233\" data-end=\"4467\">Ja. For <strong data-start=\"4242\" data-end=\"4255\">vape butik<\/strong> ejere og bulk-k\u00f8bere, <strong data-start=\"4284\" data-end=\"4306\">JNR Falcon Pro 28K<\/strong> tilbyder h\u00f8j puff-t\u00e6lling, genopladeligt design og premium funktioner, der appellerer til brugere, der s\u00f8ger l\u00e6ngerevarende v\u00e6rdi ud over <strong data-start=\"4427\" data-end=\"4457\">Billige cigaretter engros<\/strong> produkter.<\/p>\n<\/div>\n<\/div>\n<\/div>\n<\/div>","protected":false},"excerpt":{"rendered":"<ul>\n<li data-start=\"2055\" data-end=\"2134\">\n<p data-start=\"2058\" data-end=\"2134\">K\u00f8b JNR 28K Puff Bar Online \u2013 Langvarig Genopladelig Engangs Vape EU<\/p>\n<\/li>\n<li data-start=\"2055\" data-end=\"2134\">\n<p data-start=\"2058\" data-end=\"2134\">JNR Falcon 28000 Puffs Vape \u2013 Dobbelt Mesh Coil Puff Bar til Engrospris<\/p>\n<\/li>\n<\/ul>\n<p><strong>Tilf\u00f8j Amys whatsapp for at f\u00e5 korrekt svar og rabatpris!<\/strong><\/p>\n<p><img fetchpriority=\"high\" decoding=\"async\" class=\"size-full wp-image-2932\" src=\"https:\/\/vapestornado.com\/wp-content\/uploads\/2024\/12\/Vape-Wholesale.jpg\" alt=\"Vape Engros\" width=\"229\" height=\"300\" \/><\/p>\n<h3><a href=\"https:\/\/wa.me\/8617776015835\"><span style=\"color: #ff0000;\"><strong>WhatsApp: +86 17776015835<\/strong><\/span><\/a><\/h3>","protected":false},"featured_media":4477,"comment_status":"open","ping_status":"closed","template":"","meta":{"_acf_changed":false,"_uag_custom_page_level_css":"","_lmt_disableupdate":"no","_lmt_disable":"","_monsterinsights_skip_tracking":false,"_monsterinsights_sitenote_active":false,"_monsterinsights_sitenote_note":"","_monsterinsights_sitenote_category":0,"site-sidebar-layout":"default","site-content-layout":"","ast-site-content-layout":"default","site-content-style":"default","site-sidebar-style":"default","ast-global-header-display":"","ast-banner-title-visibility":"","ast-main-header-display":"","ast-hfb-above-header-display":"","ast-hfb-below-header-display":"","ast-hfb-mobile-header-display":"","site-post-title":"","ast-breadcrumbs-content":"","ast-featured-img":"","footer-sml-layout":"","ast-disable-related-posts":"","theme-transparent-header-meta":"default","adv-header-id-meta":"","stick-header-meta":"","header-above-stick-meta":"","header-main-stick-meta":"","header-below-stick-meta":"","astra-migrate-meta-layouts":"set","ast-page-background-enabled":"default","ast-page-background-meta":{"desktop":{"background-color":"","background-image":"","background-repeat":"repeat","background-position":"center center","background-size":"auto","background-attachment":"scroll","background-type":"","background-media":"","overlay-type":"","overlay-color":"","overlay-opacity":"","overlay-gradient":""},"tablet":{"background-color":"","background-image":"","background-repeat":"repeat","background-position":"center center","background-size":"auto","background-attachment":"scroll","background-type":"","background-media":"","overlay-type":"","overlay-color":"","overlay-opacity":"","overlay-gradient":""},"mobile":{"background-color":"","background-image":"","background-repeat":"repeat","background-position":"center center","background-size":"auto","background-attachment":"scroll","background-type":"","background-media":"","overlay-type":"","overlay-color":"","overlay-opacity":"","overlay-gradient":""}},"ast-content-background-meta":{"desktop":{"background-color":"var(--ast-global-color-5)","background-image":"","background-repeat":"repeat","background-position":"center center","background-size":"auto","background-attachment":"scroll","background-type":"","background-media":"","overlay-type":"","overlay-color":"","overlay-opacity":"","overlay-gradient":""},"tablet":{"background-color":"var(--ast-global-color-5)","background-image":"","background-repeat":"repeat","background-position":"center center","background-size":"auto","background-attachment":"scroll","background-type":"","background-media":"","overlay-type":"","overlay-color":"","overlay-opacity":"","overlay-gradient":""},"mobile":{"background-color":"var(--ast-global-color-5)","background-image":"","background-repeat":"repeat","background-position":"center center","background-size":"auto","background-attachment":"scroll","background-type":"","background-media":"","overlay-type":"","overlay-color":"","overlay-opacity":"","overlay-gradient":""}},"_joinchat":[]},"product_brand":[],"product_cat":[235,149,150,151,154,141,142,76,144],"product_tag":[403,406,411,412,410,390,397],"class_list":{"0":"post-4483","1":"product","2":"type-product","3":"status-publish","4":"has-post-thumbnail","6":"product_cat-28000-puff","7":"product_cat-buy-disposable-vapes-in-austria","8":"product_cat-buy-disposable-vapes-in-belgium","9":"product_cat-buy-disposable-vapes-in-france","10":"product_cat-buy-disposable-vapes-in-netherlands","11":"product_cat-crystal-disposable-vapes","12":"product_cat-digital-box-disposable-vapes","13":"product_cat-jnr-vape","14":"product_cat-low-nicotine-disposable-vapes","15":"product_tag-disposable-vape-box","16":"product_tag-disposable-vape-fast-shipping","17":"product_tag-jnr-28k","18":"product_tag-jnr-falcon-pro-280000","19":"product_tag-jnr-falcon-pro-28k","20":"product_tag-online-vape-shop","21":"product_tag-vapor","22":"desktop-align-left","23":"tablet-align-left","24":"mobile-align-left","26":"first","27":"instock","28":"sale","29":"shipping-taxable","30":"purchasable","31":"product-type-simple"},"acf":[],"uagb_featured_image_src":{"full":["https:\/\/vapestornado.com\/wp-content\/uploads\/2025\/10\/JNR-Falcon-Pro-28K-Puff-Dispsoable-Vape-Wholesale-Price.webp",800,800,false],"thumbnail":["https:\/\/vapestornado.com\/wp-content\/uploads\/2025\/10\/JNR-Falcon-Pro-28K-Puff-Dispsoable-Vape-Wholesale-Price-150x150.webp",150,150,true],"medium":["https:\/\/vapestornado.com\/wp-content\/uploads\/2025\/10\/JNR-Falcon-Pro-28K-Puff-Dispsoable-Vape-Wholesale-Price-300x300.webp",300,300,true],"medium_large":["https:\/\/vapestornado.com\/wp-content\/uploads\/2025\/10\/JNR-Falcon-Pro-28K-Puff-Dispsoable-Vape-Wholesale-Price-768x768.webp",768,768,true],"large":["https:\/\/vapestornado.com\/wp-content\/uploads\/2025\/10\/JNR-Falcon-Pro-28K-Puff-Dispsoable-Vape-Wholesale-Price.webp",800,800,false],"1536x1536":["https:\/\/vapestornado.com\/wp-content\/uploads\/2025\/10\/JNR-Falcon-Pro-28K-Puff-Dispsoable-Vape-Wholesale-Price.webp",800,800,false],"2048x2048":["https:\/\/vapestornado.com\/wp-content\/uploads\/2025\/10\/JNR-Falcon-Pro-28K-Puff-Dispsoable-Vape-Wholesale-Price.webp",800,800,false],"trp-custom-language-flag":["https:\/\/vapestornado.com\/wp-content\/uploads\/2025\/10\/JNR-Falcon-Pro-28K-Puff-Dispsoable-Vape-Wholesale-Price-12x12.webp",12,12,true],"woocommerce_thumbnail":["https:\/\/vapestornado.com\/wp-content\/uploads\/2025\/10\/JNR-Falcon-Pro-28K-Puff-Dispsoable-Vape-Wholesale-Price-300x300.webp",300,300,true],"woocommerce_single":["https:\/\/vapestornado.com\/wp-content\/uploads\/2025\/10\/JNR-Falcon-Pro-28K-Puff-Dispsoable-Vape-Wholesale-Price-600x600.webp",600,600,true],"woocommerce_gallery_thumbnail":["https:\/\/vapestornado.com\/wp-content\/uploads\/2025\/10\/JNR-Falcon-Pro-28K-Puff-Dispsoable-Vape-Wholesale-Price-100x100.webp",100,100,true]},"uagb_author_info":{"display_name":"ESAMY","author_link":"https:\/\/vapestornado.com\/da\/author\/"},"uagb_comment_info":1,"uagb_excerpt":"Buy JNR 28K Puff Bar Online \u2013 Long-Lasting Rechargeable Disposable Vape EU JNR Falcon 28000 Puffs Vape \u2013 Dual Mesh Coil Puff Bar at Wholesale Price Add Amy's whatsapp to get right reply and discount price! WhatsApp: +86 17776015835","_links":{"self":[{"href":"https:\/\/vapestornado.com\/da\/wp-json\/wp\/v2\/product\/4483","targetHints":{"allow":["GET"]}}],"collection":[{"href":"https:\/\/vapestornado.com\/da\/wp-json\/wp\/v2\/product"}],"about":[{"href":"https:\/\/vapestornado.com\/da\/wp-json\/wp\/v2\/types\/product"}],"replies":[{"embeddable":true,"href":"https:\/\/vapestornado.com\/da\/wp-json\/wp\/v2\/comments?post=4483"}],"wp:featuredmedia":[{"embeddable":true,"href":"https:\/\/vapestornado.com\/da\/wp-json\/wp\/v2\/media\/4477"}],"wp:attachment":[{"href":"https:\/\/vapestornado.com\/da\/wp-json\/wp\/v2\/media?parent=4483"}],"wp:term":[{"taxonomy":"product_brand","embeddable":true,"href":"https:\/\/vapestornado.com\/da\/wp-json\/wp\/v2\/product_brand?post=4483"},{"taxonomy":"product_cat","embeddable":true,"href":"https:\/\/vapestornado.com\/da\/wp-json\/wp\/v2\/product_cat?post=4483"},{"taxonomy":"product_tag","embeddable":true,"href":"https:\/\/vapestornado.com\/da\/wp-json\/wp\/v2\/product_tag?post=4483"}],"curies":[{"name":"wp","href":"https:\/\/api.w.org\/{rel}","templated":true}]}}