{"id":4475,"date":"2025-10-29T06:41:52","date_gmt":"2025-10-29T06:41:52","guid":{"rendered":"https:\/\/vapestornado.com\/?post_type=product&#038;p=4475"},"modified":"2025-12-12T09:08:28","modified_gmt":"2025-12-12T09:08:28","slug":"uzy-50000-puff-50k-disposable-vape-2-in-1-double-flaovr-best-wholesale-online","status":"publish","type":"product","link":"https:\/\/vapestornado.com\/da\/product\/uzy-50000-puff-50k-disposable-vape-2-in-1-double-flaovr-best-wholesale-online\/","title":{"rendered":"UZY 50000 Puf 50k Engangs Vape 2-i-1 Dobbelt Smag Bedst Engros Online"},"content":{"rendered":"<h2 data-pm-slice=\"1 1 []\">UZY 50000 Puff Engangs Vape 2-i-1 Dobbelt Smag, Dual Mesh Spiraler &amp; Smart LED Sk\u00e6rm<\/h2>\n<p data-start=\"103\" data-end=\"597\"><strong data-start=\"103\" data-end=\"121\">UZY 50000 Puff<\/strong> er en h\u00f8jkapacitets <strong data-start=\"141\" data-end=\"162\">2-i-1 engangs<\/strong> bygget til langvarig brug og uden besv\u00e6r. Det leverer <strong data-start=\"209\" data-end=\"231\">op til 50.000 puffs<\/strong> ved at bruge <strong data-start=\"238\" data-end=\"265\">dual 20ml smagsbeholdere<\/strong> (40ml i alt) og <strong data-start=\"283\" data-end=\"307\">dobbelte 0,9\u03a9 mesh coils<\/strong> til glat, smagsrig damp. Den <strong data-start=\"348\" data-end=\"363\">Crytal vape<\/strong>-stil krop holder den slank, mens den <strong data-start=\"401\" data-end=\"422\">LED smart display<\/strong> viser batteri- og e-v\u00e6skestatus tydeligt. En <strong data-start=\"469\" data-end=\"507\">850mAh Type-C genopladeligt batteri<\/strong> holder enheden k\u00f8rende, indtil tankene er tomme, ikke indtil batteriet stopper tidligt.<\/p>\n<h3 data-start=\"844\" data-end=\"895\">Hvorfor v\u00e6lge UZY 50000 Puff, hvis du vil have p\u00e5lidelighed og st\u00e6rk ydeevne?<\/h3>\n<ul data-start=\"897\" data-end=\"2254\">\n<li data-start=\"897\" data-end=\"1225\">\n<p data-start=\"899\" data-end=\"1225\"><strong data-start=\"899\" data-end=\"946\">50K holdbarhed underst\u00f8ttet af et dobbelt tankdesign.<\/strong> Den <strong data-start=\"951\" data-end=\"989\">UZY 50000 Puff 50k engangs vape<\/strong> bruger <strong data-start=\"995\" data-end=\"1013\">2 \u00d7 20ml tanke<\/strong> for at underst\u00f8tte dens lange levetid. For <strong data-start=\"1048\" data-end=\"1062\">vapere 50k<\/strong> brugere i <strong data-start=\"1072\" data-end=\"1127\">Tyskland, Spanien, Polen, Frankrig og Holland<\/strong>, hvilket typisk betyder f\u00e6rre udskiftninger og f\u00e6rre sidste \u00f8jebliks ture til en <strong data-start=\"1202\" data-end=\"1224\">e-cigaretbutik<\/strong>.<\/p>\n<\/li>\n<li data-start=\"1227\" data-end=\"1496\">\n<p data-start=\"1229\" data-end=\"1496\"><strong data-start=\"1229\" data-end=\"1280\">To smagsvarianter i \u00e9n enhed, skiftet \u00f8jeblikkeligt.<\/strong> Den <strong data-start=\"1285\" data-end=\"1323\">UZY 50K 2-i-1 dobbelt smags vape<\/strong> giver dig mulighed for at skifte smagsprofiler, n\u00e5r din gane \u00e6ndrer sig. Det er vigtigt p\u00e5 en langtidsholdbar enhed\u2014smagsudmatning er den prim\u00e6re grund til, at folk opgiver high-puff engangsprodukter tidligt.<\/p>\n<\/li>\n<li data-start=\"1498\" data-end=\"1749\">\n<p data-start=\"1500\" data-end=\"1749\"><strong data-start=\"1500\" data-end=\"1554\">Dobbelt mesh-spoleudgang forbliver glat og ensartet.<\/strong> Med <strong data-start=\"1560\" data-end=\"1591\">0,9\u03a9 + 0,9\u03a9 dobbelt mesh-spoler<\/strong>, <strong data-start=\"1597\" data-end=\"1615\">UZY 50000 Puff<\/strong> opretholder t\u00e6t damp og stabil smag over lange sessioner, hvilket reducerer den h\u00e5rde nedgang, mange store engangsprodukter viser sent i tanken.<\/p>\n<\/li>\n<li data-start=\"1751\" data-end=\"1968\">\n<p data-start=\"1753\" data-end=\"1968\"><strong data-start=\"1753\" data-end=\"1793\">Smart LED-sk\u00e6rm fjerner g\u00e6tteri.<\/strong> Sk\u00e6rmen p\u00e5 denne <strong data-start=\"1813\" data-end=\"1828\">Crytal vape<\/strong> viser batteri- og e-v\u00e6skeniveauer, s\u00e5 du kan planl\u00e6gge opladning f\u00f8r en aften ude eller et langt skift i stedet for at blive overrasket over en d\u00f8d enhed.<\/p>\n<\/li>\n<li data-start=\"1970\" data-end=\"2254\">\n<p data-start=\"1972\" data-end=\"2254\"><strong data-start=\"1972\" data-end=\"2020\">V\u00e6rdi, der fungerer for detail- og engrosk\u00f8bere.<\/strong> Med flere nikotinstyrker og et st\u00e6rkt funktionss\u00e6t, <strong data-start=\"2084\" data-end=\"2123\">UZY 50K engangs vape billig pris<\/strong> positionering giver mening for b\u00e5de personlige k\u00f8bere og butikker, der konkurrerer p\u00e5 <strong data-start=\"2196\" data-end=\"2216\">billig vape pris<\/strong> tilbud uden at g\u00e5 p\u00e5 kompromis med brugervenligheden.<\/p>\n<\/li>\n<\/ul>\n<p><strong><span style=\"color: #ff0000;\">Tilf\u00f8j Amys whatsapp, f\u00e5 et hurtigt svar og en vape-kupon!<\/span><\/strong><\/p>\n<p><img fetchpriority=\"high\" decoding=\"async\" class=\"size-full wp-image-2932\" src=\"https:\/\/vapestornado.com\/wp-content\/uploads\/2024\/12\/Vape-Wholesale.jpg\" alt=\"Vape Engros\" width=\"229\" height=\"300\" \/><\/p>\n<h3><a href=\"https:\/\/wa.me\/8617776015835\" target=\"_blank\" rel=\"noopener\"><span style=\"color: #ff0000;\"><strong>WhatsApp: +86 17776015835<\/strong><\/span><\/a><\/h3>\n<p>&nbsp;<\/p>\n<h2><strong>UZY 50000 Puf 50k Produktfunktioner<\/strong><\/h2>\n<table>\n<thead>\n<tr>\n<th>Funktion<\/th>\n<th>specifikationer<\/th>\n<th>detaljer<\/th>\n<\/tr>\n<\/thead>\n<tbody>\n<tr>\n<td>Produktnavn<\/td>\n<td>UZY 50000 Puff \/ UZY 50K<\/td>\n<td>2-i-1 dobbelt smags engangs vape<\/td>\n<\/tr>\n<tr>\n<td>Pust Kapacitet<\/td>\n<td>Op til 50.000 puffs<\/td>\n<td>Langtidsholdbar enhed designet til udvidet daglig brug<\/td>\n<\/tr>\n<tr>\n<td>E-v\u00e6skesystem<\/td>\n<td>Dobbelt tanke: 2 \u00d7 20ml (40ml i alt)<\/td>\n<td>Underst\u00f8tter den h\u00f8je puff-rating og lange sessioner<\/td>\n<\/tr>\n<tr>\n<td>Spoletype<\/td>\n<td>Dobbelt netspoler 0,9\u03a9 + 0,9\u03a9<\/td>\n<td>J\u00e6vn opvarmning for glat damp og st\u00e6rk smagslevering<\/td>\n<\/tr>\n<tr>\n<td>Batteri<\/td>\n<td>850mAh genopladelig<\/td>\n<td>Genoplad for at f\u00e6rdigg\u00f8re begge tanke i stedet for at kassere dem tidligt<\/td>\n<\/tr>\n<tr>\n<td>Opladning<\/td>\n<td>Type-C<\/td>\n<td>Hurtig opladning med moderne EU-kabler<\/td>\n<\/tr>\n<tr>\n<td>Sk\u00e6rm<\/td>\n<td>LED smart sk\u00e6rm<\/td>\n<td>Viser batteri- og e-v\u00e6skestande i realtid<\/td>\n<\/tr>\n<tr>\n<td>Nikotinmuligheder<\/td>\n<td>0% \/ 2% \/ 3% \/ 5%<\/td>\n<td>Passer til nikotinfri, moderate og tunge brugere<\/td>\n<\/tr>\n<tr>\n<td>Kropdesign<\/td>\n<td>Premium krystalkrop<\/td>\n<td>Elegant \u201cCrytal vape\u201d udseende med lommevenlig konstruktion<\/td>\n<\/tr>\n<\/tbody>\n<\/table>\n<figure id=\"attachment_4473\" aria-describedby=\"caption-attachment-4473\" style=\"width: 300px\" class=\"wp-caption alignnone\"><img decoding=\"async\" class=\"size-medium wp-image-4473\" src=\"https:\/\/vapestornado.com\/wp-content\/uploads\/2025\/10\/UZY-50000-Puffs-2-in-1-Disposable-Vapor-300x300.webp\" alt=\"UZY 50000 Puffs 2-i-1 Engangs Damp\" width=\"300\" height=\"300\" srcset=\"https:\/\/vapestornado.com\/wp-content\/uploads\/2025\/10\/UZY-50000-Puffs-2-in-1-Disposable-Vapor-300x300.webp 300w, https:\/\/vapestornado.com\/wp-content\/uploads\/2025\/10\/UZY-50000-Puffs-2-in-1-Disposable-Vapor-150x150.webp 150w, https:\/\/vapestornado.com\/wp-content\/uploads\/2025\/10\/UZY-50000-Puffs-2-in-1-Disposable-Vapor-768x768.webp 768w, https:\/\/vapestornado.com\/wp-content\/uploads\/2025\/10\/UZY-50000-Puffs-2-in-1-Disposable-Vapor-12x12.webp 12w, https:\/\/vapestornado.com\/wp-content\/uploads\/2025\/10\/UZY-50000-Puffs-2-in-1-Disposable-Vapor-600x600.webp 600w, https:\/\/vapestornado.com\/wp-content\/uploads\/2025\/10\/UZY-50000-Puffs-2-in-1-Disposable-Vapor-100x100.webp 100w, https:\/\/vapestornado.com\/wp-content\/uploads\/2025\/10\/UZY-50000-Puffs-2-in-1-Disposable-Vapor.webp 800w\" sizes=\"(max-width: 300px) 100vw, 300px\" \/><figcaption id=\"caption-attachment-4473\" class=\"wp-caption-text\">UZY 50000 Puffs 2-i-1 Engangs Damp<\/figcaption><\/figure>\n<h2 class=\"product-title\"><strong>UZY 50000 Puf 50k Engangs Vape Smagsliste<\/strong><\/h2>\n<p>1.Bl\u00e5b\u00e6r P\u00e5 Is &amp; Sommerfersken Is<br \/>\n2.Kiwi Passionfrugt Guava &amp; Bl\u00e5b\u00e6r Hindb\u00e6r<br \/>\n3.Jordb\u00e6r Kiwi &amp; Drupe Is<br \/>\n4. Kiwi passionsfrugt guava<br \/>\n5.Jordb\u00e6r Vandmelon &amp; Citron Lime<br \/>\n6.Bl\u00e5b\u00e6r Hindb\u00e6r &amp; Kirseb\u00e6r Is<br \/>\n7.Jordb\u00e6r Hindb\u00e6r Kirseb\u00e6r &amp; Mr Blue<br \/>\n8.P\u00e6re Mango Ananas &amp; Red Bull<br \/>\n9.Vandmelon Is &amp; Blandede B\u00e6r<br \/>\n10.Jordb\u00e6r Banan &amp;K\u00e6rlighed 66<\/p>\n<div class=\"flex-shrink-0 flex flex-col relative items-end\">\n<div class=\"pt-0\">\n<div class=\"gizmo-bot-avatar flex h-8 w-8 items-center justify-center overflow-hidden rounded-full\">\n<div class=\"relative p-1 rounded-sm flex items-center justify-center bg-token-main-surface-primary text-token-text-primary h-8 w-8\">\n<h2 data-start=\"1200\" data-end=\"1487\">Vapes Tornado \u2013 Din Engros Online Vape Butik for Top Vape M\u00e6rker<\/h2>\n<p data-start=\"1200\" data-end=\"1487\">Vapes Tornado Online R\u00f8gbutik er din p\u00e5lidelige destination for <strong data-start=\"66\" data-end=\"94\">premium engangs vapes<\/strong> og <strong data-start=\"99\" data-end=\"125\">engros e-cigaretter<\/strong> over hele Europa. Vi lager popul\u00e6re vape-m\u00e6rker som <a href=\"https:\/\/vapestornado.com\/da\/product\/elf-bar-raya-d3-25000-puffs-best-disposable-vape-wholesale-in-uk\/\">Elf Bar Vape<\/a>, <strong data-start=\"175\" data-end=\"228\"><a href=\"https:\/\/vapestornado.com\/da\/product\/fumot-randm-tornado-15000-puffs-rechargeable-disposable-vape-wholesale\/\">Fumot Vape<\/a>, <a href=\"https:\/\/vapestornado.com\/da\/product\/waspe-150k-150000-puff-6-in-1-disposable-vape-pen-cartridge-best-wholesale-price-in-poland\/\">Waspe Vape<\/a>, Vozol Bar Vape, <a href=\"https:\/\/vapestornado.com\/da\/product-category\/bang-vape\/\">Bang Vape<\/a><\/strong>, og mange andre\u2014der tilbyder enest\u00e5ende kvalitet, forskellige smagsmuligheder og innovative designs. Uanset om du er en privat bruger eller en bulk-k\u00f8ber, <strong data-start=\"372\" data-end=\"389\">Vapes Tornado<\/strong> leverer h\u00f8jtydende enheder, slanke stilarter og uovertrufne engrospriser for at matche dine vaping-behov.<\/p>\n<h2 data-start=\"2064\" data-end=\"2115\">FAQs om UZY 50000 Puff 50k Vape Box<\/h2>\n<ol data-start=\"3177\" data-end=\"4488\">\n<li data-start=\"3177\" data-end=\"3447\">\n<p data-start=\"3180\" data-end=\"3447\"><strong data-start=\"3180\" data-end=\"3271\">Hvordan hj\u00e6lper UZY 50000 Puff 2\u00d720ml tankdesign med at n\u00e5 50.000 puffs i reel brug?<\/strong><br data-start=\"3271\" data-end=\"3274\" \/>To separate <strong data-start=\"3287\" data-end=\"3301\">20ml tanke<\/strong> giver en st\u00f8rre samlet forsyning og holder ydeevnen mere stabil over lang tid, hvilket underst\u00f8tter 50K-levetidsklassen bedre end enkelt sm\u00e5 reservoirer.<\/p>\n<\/li>\n<li data-start=\"3449\" data-end=\"3695\">\n<p data-start=\"3452\" data-end=\"3695\"><strong data-start=\"3452\" data-end=\"3542\">Forbedrer UZY 50K dobbelt netspole 0,9\u03a9+0,9\u03a9 smagskonsistensen over tid?<\/strong><br data-start=\"3542\" data-end=\"3545\" \/>Ja. Dobbelt netspoler opvarmer j\u00e6vnt, hvilket hj\u00e6lper smagen med at forblive fyldigere, og dampen forbliver glat dybt inde i tanken sammenlignet med grundl\u00e6ggende enkelt-coil engangsprodukter.<\/p>\n<\/li>\n<li data-start=\"3697\" data-end=\"3927\">\n<p data-start=\"3700\" data-end=\"3927\"><strong data-start=\"3700\" data-end=\"3780\">Er UZY 50000 Puff Type-C genopladelige funktion n\u00f8dvendig p\u00e5 en 50K-enhed?<\/strong><br data-start=\"3780\" data-end=\"3783\" \/>Absolut. H\u00f8jkapacitets engangsprodukter kan overg\u00e5 deres batteri; Type-C genopladelighed forhindrer tidlig kassering og hj\u00e6lper dig med at f\u00e6rdigg\u00f8re begge tanke.<\/p>\n<\/li>\n<li data-start=\"3929\" data-end=\"4194\">\n<p data-start=\"3932\" data-end=\"4194\"><strong data-start=\"3932\" data-end=\"4034\">Hvilken praktisk fordel giver UZY 50000 Puff LED smart sk\u00e6rm i forhold til ikke-display engangsprodukter?<\/strong><br data-start=\"4034\" data-end=\"4037\" \/>Den viser batteri- og e-v\u00e6skestande, hvilket hj\u00e6lper dig med at planl\u00e6gge opladning og undg\u00e5 overraskelsesafbrydelser\u2014is\u00e6r nyttigt ved rejser eller daglig brug af \u00e9n enhed.<\/p>\n<\/li>\n<li data-start=\"4196\" data-end=\"4488\">\n<p data-start=\"4199\" data-end=\"4488\"><strong data-start=\"4199\" data-end=\"4315\">Er UZY 50K krystallygte vape et godt valg for shoppere, der sammenligner billige vape-tilbud i en e-cigaretbutik?<\/strong><br data-start=\"4315\" data-end=\"4318\" \/>Ja. Den kombinerer lang levetid, dobbelt smag og genopladelig brugbarhed\u2014funktioner, der ofte retf\u00e6rdigg\u00f8r v\u00e6rdien, selv n\u00e5r k\u00f8bere fokuserer p\u00e5 <strong data-start=\"4461\" data-end=\"4481\">billig vape pris<\/strong> tilbud.<\/p>\n<\/li>\n<\/ol>\n<\/div>\n<\/div>\n<\/div>\n<\/div>","protected":false},"excerpt":{"rendered":"<p>UZY 50000 Puff (UZY 50K) 2-i-1 dobbelt smag engangs vape med dual 20ml tanke, dual 0,9\u03a9 mesh spiraler, 850mAh Type-C genopladeligt batteri og LED smart sk\u00e6rm. Krystal-kroppe \u201cCrytal vape\u201d til vapere i Danmark, der s\u00f8ger lang driftstid og st\u00e6rk v\u00e6rdi til billig vapepris.<\/p>\n<p><strong>Tilf\u00f8j Amys whatsapp for at f\u00e5 korrekt svar og rabatpris!<\/strong><\/p>\n<p><img fetchpriority=\"high\" decoding=\"async\" class=\"size-full wp-image-2932\" src=\"https:\/\/vapestornado.com\/wp-content\/uploads\/2024\/12\/Vape-Wholesale.jpg\" alt=\"Vape Engros\" width=\"229\" height=\"300\" \/><\/p>\n<h3><a href=\"https:\/\/wa.me\/8617776015835\"><span style=\"color: #ff0000;\"><strong>WhatsApp: +86 17776015835<\/strong><\/span><\/a><\/h3>","protected":false},"featured_media":4474,"comment_status":"open","ping_status":"closed","template":"","meta":{"_acf_changed":false,"_uag_custom_page_level_css":"","_lmt_disableupdate":"no","_lmt_disable":"","_monsterinsights_skip_tracking":false,"_monsterinsights_sitenote_active":false,"_monsterinsights_sitenote_note":"","_monsterinsights_sitenote_category":0,"site-sidebar-layout":"default","site-content-layout":"","ast-site-content-layout":"default","site-content-style":"default","site-sidebar-style":"default","ast-global-header-display":"","ast-banner-title-visibility":"","ast-main-header-display":"","ast-hfb-above-header-display":"","ast-hfb-below-header-display":"","ast-hfb-mobile-header-display":"","site-post-title":"","ast-breadcrumbs-content":"","ast-featured-img":"","footer-sml-layout":"","ast-disable-related-posts":"","theme-transparent-header-meta":"default","adv-header-id-meta":"","stick-header-meta":"","header-above-stick-meta":"","header-main-stick-meta":"","header-below-stick-meta":"","astra-migrate-meta-layouts":"set","ast-page-background-enabled":"default","ast-page-background-meta":{"desktop":{"background-color":"","background-image":"","background-repeat":"repeat","background-position":"center center","background-size":"auto","background-attachment":"scroll","background-type":"","background-media":"","overlay-type":"","overlay-color":"","overlay-opacity":"","overlay-gradient":""},"tablet":{"background-color":"","background-image":"","background-repeat":"repeat","background-position":"center center","background-size":"auto","background-attachment":"scroll","background-type":"","background-media":"","overlay-type":"","overlay-color":"","overlay-opacity":"","overlay-gradient":""},"mobile":{"background-color":"","background-image":"","background-repeat":"repeat","background-position":"center center","background-size":"auto","background-attachment":"scroll","background-type":"","background-media":"","overlay-type":"","overlay-color":"","overlay-opacity":"","overlay-gradient":""}},"ast-content-background-meta":{"desktop":{"background-color":"var(--ast-global-color-5)","background-image":"","background-repeat":"repeat","background-position":"center center","background-size":"auto","background-attachment":"scroll","background-type":"","background-media":"","overlay-type":"","overlay-color":"","overlay-opacity":"","overlay-gradient":""},"tablet":{"background-color":"var(--ast-global-color-5)","background-image":"","background-repeat":"repeat","background-position":"center center","background-size":"auto","background-attachment":"scroll","background-type":"","background-media":"","overlay-type":"","overlay-color":"","overlay-opacity":"","overlay-gradient":""},"mobile":{"background-color":"var(--ast-global-color-5)","background-image":"","background-repeat":"repeat","background-position":"center center","background-size":"auto","background-attachment":"scroll","background-type":"","background-media":"","overlay-type":"","overlay-color":"","overlay-opacity":"","overlay-gradient":""}},"_joinchat":[]},"product_brand":[],"product_cat":[192,156,157,158,141,142,143,357,356],"product_tag":[403,406,390,408,397],"class_list":{"0":"post-4475","1":"product","2":"type-product","3":"status-publish","4":"has-post-thumbnail","6":"product_cat-50000-puff","7":"product_cat-buy-disposable-vapes-in-poland","8":"product_cat-buy-disposable-vapes-in-portugal","9":"product_cat-buy-disposable-vapes-in-spain","10":"product_cat-crystal-disposable-vapes","11":"product_cat-digital-box-disposable-vapes","12":"product_cat-dual-mesh-disposable-vapes","13":"product_cat-flavor-adjustable-vape","14":"product_cat-uzy-vape","15":"product_tag-disposable-vape-box","16":"product_tag-disposable-vape-fast-shipping","17":"product_tag-online-vape-shop","18":"product_tag-uzy-50000-puff","19":"product_tag-vapor","20":"desktop-align-left","21":"tablet-align-left","22":"mobile-align-left","24":"first","25":"instock","26":"sale","27":"shipping-taxable","28":"purchasable","29":"product-type-simple"},"acf":[],"uagb_featured_image_src":{"full":["https:\/\/vapestornado.com\/wp-content\/uploads\/2025\/10\/UZY-Crystal-Twin-50000-Puffs-Wholesale-Disposable-Vape.webp",800,800,false],"thumbnail":["https:\/\/vapestornado.com\/wp-content\/uploads\/2025\/10\/UZY-Crystal-Twin-50000-Puffs-Wholesale-Disposable-Vape-150x150.webp",150,150,true],"medium":["https:\/\/vapestornado.com\/wp-content\/uploads\/2025\/10\/UZY-Crystal-Twin-50000-Puffs-Wholesale-Disposable-Vape-300x300.webp",300,300,true],"medium_large":["https:\/\/vapestornado.com\/wp-content\/uploads\/2025\/10\/UZY-Crystal-Twin-50000-Puffs-Wholesale-Disposable-Vape-768x768.webp",768,768,true],"large":["https:\/\/vapestornado.com\/wp-content\/uploads\/2025\/10\/UZY-Crystal-Twin-50000-Puffs-Wholesale-Disposable-Vape.webp",800,800,false],"1536x1536":["https:\/\/vapestornado.com\/wp-content\/uploads\/2025\/10\/UZY-Crystal-Twin-50000-Puffs-Wholesale-Disposable-Vape.webp",800,800,false],"2048x2048":["https:\/\/vapestornado.com\/wp-content\/uploads\/2025\/10\/UZY-Crystal-Twin-50000-Puffs-Wholesale-Disposable-Vape.webp",800,800,false],"trp-custom-language-flag":["https:\/\/vapestornado.com\/wp-content\/uploads\/2025\/10\/UZY-Crystal-Twin-50000-Puffs-Wholesale-Disposable-Vape-12x12.webp",12,12,true],"woocommerce_thumbnail":["https:\/\/vapestornado.com\/wp-content\/uploads\/2025\/10\/UZY-Crystal-Twin-50000-Puffs-Wholesale-Disposable-Vape-300x300.webp",300,300,true],"woocommerce_single":["https:\/\/vapestornado.com\/wp-content\/uploads\/2025\/10\/UZY-Crystal-Twin-50000-Puffs-Wholesale-Disposable-Vape-600x600.webp",600,600,true],"woocommerce_gallery_thumbnail":["https:\/\/vapestornado.com\/wp-content\/uploads\/2025\/10\/UZY-Crystal-Twin-50000-Puffs-Wholesale-Disposable-Vape-100x100.webp",100,100,true]},"uagb_author_info":{"display_name":"ESAMY","author_link":"https:\/\/vapestornado.com\/da\/author\/"},"uagb_comment_info":1,"uagb_excerpt":"UZY 50000 Puff (UZY 50K) 2-in-1 double flavour disposable vape with dual 20ml tanks, dual 0.9\u03a9 mesh coils, 850mAh Type-C rechargeable battery and LED smart screen. Crystal-body \u201cCrytal vape\u201d for vapers 50k seeking long runtime and strong value at vape cheap price. Add Amy's whatsapp to get right reply and discount price! WhatsApp: +86 17776015835","_links":{"self":[{"href":"https:\/\/vapestornado.com\/da\/wp-json\/wp\/v2\/product\/4475","targetHints":{"allow":["GET"]}}],"collection":[{"href":"https:\/\/vapestornado.com\/da\/wp-json\/wp\/v2\/product"}],"about":[{"href":"https:\/\/vapestornado.com\/da\/wp-json\/wp\/v2\/types\/product"}],"replies":[{"embeddable":true,"href":"https:\/\/vapestornado.com\/da\/wp-json\/wp\/v2\/comments?post=4475"}],"wp:featuredmedia":[{"embeddable":true,"href":"https:\/\/vapestornado.com\/da\/wp-json\/wp\/v2\/media\/4474"}],"wp:attachment":[{"href":"https:\/\/vapestornado.com\/da\/wp-json\/wp\/v2\/media?parent=4475"}],"wp:term":[{"taxonomy":"product_brand","embeddable":true,"href":"https:\/\/vapestornado.com\/da\/wp-json\/wp\/v2\/product_brand?post=4475"},{"taxonomy":"product_cat","embeddable":true,"href":"https:\/\/vapestornado.com\/da\/wp-json\/wp\/v2\/product_cat?post=4475"},{"taxonomy":"product_tag","embeddable":true,"href":"https:\/\/vapestornado.com\/da\/wp-json\/wp\/v2\/product_tag?post=4475"}],"curies":[{"name":"wp","href":"https:\/\/api.w.org\/{rel}","templated":true}]}}