{"id":4438,"date":"2025-10-20T04:17:46","date_gmt":"2025-10-20T04:17:46","guid":{"rendered":"https:\/\/vapestornado.com\/?post_type=product&#038;p=4438"},"modified":"2025-12-12T09:51:23","modified_gmt":"2025-12-12T09:51:23","slug":"bang-legend-120000-120k-puff-5-in-1-flavor-switch-disposable-vape","status":"publish","type":"product","link":"https:\/\/vapestornado.com\/da\/product\/bang-legend-120000-120k-puff-5-in-1-flavor-switch-disposable-vape\/","title":{"rendered":"Bang Legend 120000 120K Puf 5-i-1 Smagsveksler Engangs Vape"},"content":{"rendered":"<h2 data-pm-slice=\"1 1 []\">Bang Legend 120000 Engangs E-cigaret \u2014 Bang Legend 120k 5-i-1 Smagskifte &amp; 120.000 Puffer<\/h2>\n<p data-start=\"1107\" data-end=\"1364\"><strong data-start=\"103\" data-end=\"125\">Bang Legend 120000<\/strong> er en h\u00f8jkapacitets <strong data-start=\"145\" data-end=\"160\">E-cigaret<\/strong> udviklet til brugere, der \u00f8nsker \u00e9n enhed til hele m\u00e5neden (og lidt mere), uden at v\u00e6re l\u00e5st til en enkelt smag. Den leverer op til <strong data-start=\"301\" data-end=\"318\">120.000 puffs<\/strong> og tilf\u00f8jer en <strong data-start=\"330\" data-end=\"355\">5-i-1 smagskifte<\/strong> s\u00e5 du kan rotere mellem fem blandinger \u00f8jeblikkeligt. En <strong data-start=\"407\" data-end=\"427\">gitterspole-motor<\/strong> holder dampen t\u00e6t og smagen kraftfuld, mens <strong data-start=\"473\" data-end=\"495\">justerbart luftflow<\/strong> lader dig skifte mellem en strammere MTL-tr\u00e6k og en fyldigere, luftigere inhalation. Den <strong data-start=\"568\" data-end=\"599\">Type-C genopladeligt batteri<\/strong> og <strong data-start=\"604\" data-end=\"625\">LED smart display<\/strong> g\u00f8r det praktisk: oplad hurtigt, overv\u00e5g batteri og v\u00e6ske, og forts\u00e6t.<\/p>\n<h3 data-start=\"1136\" data-end=\"1187\">Ydeevne h\u00f8jdepunkter (SEO-rig, brugerfokuseret)<\/h3>\n<ul data-start=\"1189\" data-end=\"2704\">\n<li data-start=\"1189\" data-end=\"1518\">\n<p data-start=\"1191\" data-end=\"1518\"><strong data-start=\"1191\" data-end=\"1235\">120K holdbarhed designet til intensive rutiner.<\/strong> Den <strong data-start=\"1240\" data-end=\"1285\">Bang Legend 120000 engangs E-cigaret<\/strong> er rettet mod brugere, der hurtigt bruger standard engangsprodukter op. I <strong data-start=\"1358\" data-end=\"1403\">Danmark, Spanien, Polen, Frankrig og Italien<\/strong>, vinder enheder i denne klasse, fordi de reducerer gentagne k\u00f8b og g\u00f8r daglig brug enkel\u2014\u00e9n enhed, lang levetid.<\/p>\n<\/li>\n<li data-start=\"1520\" data-end=\"1834\">\n<p data-start=\"1522\" data-end=\"1834\"><strong data-start=\"1522\" data-end=\"1566\">5 smage forhindrer \u201csamme smagsudmattelse\u201d.<\/strong> Den <strong data-start=\"1571\" data-end=\"1613\">Bang Legend 120k 5-i-1 smagskifte<\/strong> l\u00f8ser den st\u00f8rste svaghed ved ultra-h\u00f8je puff-enheder: kedsomhed. At rotere smagene p\u00e5 f\u00e5 sekunder holder enheden sjov over lang tid, hvilket forbedrer faktiske gennemf\u00f8relsesrater sammenlignet med enkelt-smags h\u00f8jpuff-barer.<\/p>\n<\/li>\n<li data-start=\"1836\" data-end=\"2060\">\n<p data-start=\"1838\" data-end=\"2060\"><strong data-start=\"1838\" data-end=\"1887\">Mesh-coil ydeevne forbliver t\u00e6t og glat.<\/strong> Den <strong data-start=\"1892\" data-end=\"1912\">gitterspole-motor<\/strong> fordeler varmen j\u00e6vnt, underst\u00f8tter tyk damp og st\u00e6rk smagslevering uden de ru, t\u00f8rre tr\u00e6k, der kan opst\u00e5 sent i enhedens levetid.<\/p>\n<\/li>\n<li data-start=\"2062\" data-end=\"2358\">\n<p data-start=\"2064\" data-end=\"2358\"><strong data-start=\"2064\" data-end=\"2111\">Just\u00e9rbar luftstr\u00f8m til MTL eller fyldigere tr\u00e6k.<\/strong> Luftstr\u00f8mskontrollen lader dig stramme tr\u00e6kningen for en cigaretlignende f\u00f8lelse eller \u00e5bne den op for en mere \u00e5ben ind\u00e5nding. Den fleksibilitet hj\u00e6lper tidligere rygere og erfarne vapere med at bruge den samme enhed i forskellige situationer\u2014arbejdspauser, rejser eller natteliv.<\/p>\n<\/li>\n<li data-start=\"2360\" data-end=\"2704\">\n<p data-start=\"2362\" data-end=\"2704\"><strong data-start=\"2362\" data-end=\"2414\">Engrosklar v\u00e6rdi til en billig pris pr. skud.<\/strong> For enhver <strong data-start=\"2423\" data-end=\"2447\">Cigarethandler<\/strong> eller detailk\u00f8ber, der sammenligner h\u00f8jkapacitetsmuligheder, er <strong data-start=\"2501\" data-end=\"2523\">Bang Legend 120000<\/strong> let at positionere: massiv puff-antal, multi-smagsudskiftning, smart display og genopladelighed\u2014funktioner, der retf\u00e6rdigg\u00f8r gentagne eftersp\u00f8rgsler, samtidig med at omkostningen pr. skud forbliver attraktiv.<\/p>\n<\/li>\n<\/ul>\n<p><strong><span style=\"color: #ff0000;\">Tilf\u00f8j Amys whatsapp, f\u00e5 et hurtigt svar og en vape-kupon!<\/span><\/strong><\/p>\n<p><img fetchpriority=\"high\" decoding=\"async\" class=\"size-full wp-image-2932\" src=\"https:\/\/vapestornado.com\/wp-content\/uploads\/2024\/12\/Vape-Wholesale.jpg\" alt=\"Vape Engros\" width=\"229\" height=\"300\" \/><\/p>\n<h3><a href=\"https:\/\/wa.me\/8617776015835\" target=\"_blank\" rel=\"noopener\"><span style=\"color: #ff0000;\"><strong>WhatsApp: +86 17776015835<\/strong><\/span><\/a><\/h3>\n<p>&nbsp;<\/p>\n<h2><strong>Bang Legend 120000 Puf 5 i 1 Fremh\u00e6v Produktfunktioner<\/strong><\/h2>\n<table>\n<thead>\n<tr>\n<th>Funktion<\/th>\n<th>specifikationer<\/th>\n<th>detaljer<\/th>\n<\/tr>\n<\/thead>\n<tbody>\n<tr>\n<td>Produktnavn<\/td>\n<td>Bang Legend 120000 \/ Bang Legend 120k<\/td>\n<td>5-i-1 smagsudskiftning engangs e-cigaret<\/td>\n<\/tr>\n<tr>\n<td>Pust Kapacitet<\/td>\n<td>Op til 120.000 skud<\/td>\n<td>Ultra-lang levetid for tunge eller hyppige brugere<\/td>\n<\/tr>\n<tr>\n<td>Smagsystem<\/td>\n<td>5-i-1 smagskifte<\/td>\n<td>Fem forudindl\u00e6ste smage i \u00e9n enhed, \u00f8jeblikkelig skiftning<\/td>\n<\/tr>\n<tr>\n<td>Spoletype<\/td>\n<td>Mesh-coil motor<\/td>\n<td>J\u00e6vn opvarmning for t\u00e6t damp og st\u00e6rk smag<\/td>\n<\/tr>\n<tr>\n<td>Opladning<\/td>\n<td>Type-C genopladelig<\/td>\n<td>Hurtige genopfyldninger for at holde enheden brugbar gennem hele dens levetid<\/td>\n<\/tr>\n<tr>\n<td>Luftstr\u00f8m<\/td>\n<td>Justerbar luftstr\u00f8m<\/td>\n<td>Juster tr\u00e6kningen fra strammere MTL til en mere \u00e5ben ind\u00e5nding<\/td>\n<\/tr>\n<tr>\n<td>Sk\u00e6rm<\/td>\n<td>LED smart sk\u00e6rm<\/td>\n<td>F\u00f8lger batteri- og e-v\u00e6skestande tydeligt<\/td>\n<\/tr>\n<tr>\n<td>Positionering<\/td>\n<td>Detailhandel + engros<\/td>\n<td>Designet til h\u00f8joms\u00e6tnings-vape-kategori og bulkbestillinger<\/td>\n<\/tr>\n<\/tbody>\n<\/table>\n<figure id=\"attachment_4437\" aria-describedby=\"caption-attachment-4437\" style=\"width: 300px\" class=\"wp-caption alignnone\"><img decoding=\"async\" class=\"size-medium wp-image-4437\" src=\"https:\/\/vapestornado.com\/wp-content\/uploads\/2025\/10\/Newest-Bang-Legend-120K-Puff-5-In-1-Flavor-Switch-Vape-Cheap-Price-300x300.webp\" alt=\"Nyeste Bang Legend 120K Puf 5 i 1 Smags Switch Vape Billig Pris\" width=\"300\" height=\"300\" srcset=\"https:\/\/vapestornado.com\/wp-content\/uploads\/2025\/10\/Newest-Bang-Legend-120K-Puff-5-In-1-Flavor-Switch-Vape-Cheap-Price-300x300.webp 300w, https:\/\/vapestornado.com\/wp-content\/uploads\/2025\/10\/Newest-Bang-Legend-120K-Puff-5-In-1-Flavor-Switch-Vape-Cheap-Price-150x150.webp 150w, https:\/\/vapestornado.com\/wp-content\/uploads\/2025\/10\/Newest-Bang-Legend-120K-Puff-5-In-1-Flavor-Switch-Vape-Cheap-Price-768x768.webp 768w, https:\/\/vapestornado.com\/wp-content\/uploads\/2025\/10\/Newest-Bang-Legend-120K-Puff-5-In-1-Flavor-Switch-Vape-Cheap-Price-12x12.webp 12w, https:\/\/vapestornado.com\/wp-content\/uploads\/2025\/10\/Newest-Bang-Legend-120K-Puff-5-In-1-Flavor-Switch-Vape-Cheap-Price-600x600.webp 600w, https:\/\/vapestornado.com\/wp-content\/uploads\/2025\/10\/Newest-Bang-Legend-120K-Puff-5-In-1-Flavor-Switch-Vape-Cheap-Price-100x100.webp 100w, https:\/\/vapestornado.com\/wp-content\/uploads\/2025\/10\/Newest-Bang-Legend-120K-Puff-5-In-1-Flavor-Switch-Vape-Cheap-Price.webp 800w\" sizes=\"(max-width: 300px) 100vw, 300px\" \/><figcaption id=\"caption-attachment-4437\" class=\"wp-caption-text\">Nyeste Bang Legend 120K Puf 5 i 1 Smags Switch Vape Billig Pris<\/figcaption><\/figure>\n<figure id=\"attachment_4435\" aria-describedby=\"caption-attachment-4435\" style=\"width: 300px\" class=\"wp-caption alignnone\"><img decoding=\"async\" class=\"size-medium wp-image-4435\" src=\"https:\/\/vapestornado.com\/wp-content\/uploads\/2025\/10\/Bang-Legend-120000-Puff-120k-Disposable-Pod-300x300.webp\" alt=\"Bang Legend 120000 Puf 120k Engangs Pod\" width=\"300\" height=\"300\" srcset=\"https:\/\/vapestornado.com\/wp-content\/uploads\/2025\/10\/Bang-Legend-120000-Puff-120k-Disposable-Pod-300x300.webp 300w, https:\/\/vapestornado.com\/wp-content\/uploads\/2025\/10\/Bang-Legend-120000-Puff-120k-Disposable-Pod-150x150.webp 150w, https:\/\/vapestornado.com\/wp-content\/uploads\/2025\/10\/Bang-Legend-120000-Puff-120k-Disposable-Pod-768x768.webp 768w, https:\/\/vapestornado.com\/wp-content\/uploads\/2025\/10\/Bang-Legend-120000-Puff-120k-Disposable-Pod-12x12.webp 12w, https:\/\/vapestornado.com\/wp-content\/uploads\/2025\/10\/Bang-Legend-120000-Puff-120k-Disposable-Pod-600x600.webp 600w, https:\/\/vapestornado.com\/wp-content\/uploads\/2025\/10\/Bang-Legend-120000-Puff-120k-Disposable-Pod-100x100.webp 100w, https:\/\/vapestornado.com\/wp-content\/uploads\/2025\/10\/Bang-Legend-120000-Puff-120k-Disposable-Pod.webp 800w\" sizes=\"(max-width: 300px) 100vw, 300px\" \/><figcaption id=\"caption-attachment-4435\" class=\"wp-caption-text\">Bang Legend 120000 Puf 120k Engangs Pod<\/figcaption><\/figure>\n<h2 class=\"product-title\"><strong>Bang Legend 120000 Puf 5-i-1 Smagsliste<\/strong><\/h2>\n<p>1. Energidrik \/ Bl\u00e5b\u00e6r Kirseb\u00e6r \/ \u00c6ble Drage \/ Vandmelon Dragefrugt \/ Mamba<\/p>\n<p>2. Energidrik \/ Fersken Is \/ Mango Is \/ Goji B\u00e6r \/ Stikkelsb\u00e6r<\/p>\n<p>3. Bl\u00e5b\u00e6r Hindb\u00e6r \/ Fersken Mango Vandmelon \/ Kirseb\u00e6r Cola \/ Drue Bromb\u00e6r Is \/ Mango Fersken Aprikos<\/p>\n<p>4. Bl\u00e5b\u00e6r Hindb\u00e6r \/ Sort Drage Is \/ Regnbue Slik \/ Fuji Is \/ Vandmelon Sur Fersken<\/p>\n<p>5. Bl\u00e5b\u00e6r Is \/ Kiwi Passionfrugt Guava \/ Trefarvet Melon \/ Fersken Ananas \/ Passioneret Kys<\/p>\n<p>6. Bl\u00e5b\u00e6r Is \/ Vandmelon Boble Gum \/ Sur \u00c6ble Hindb\u00e6r \/ Lotus Frugt Mango Melon \/ Passionfrugt Kiwi Lime<\/p>\n<p>7. Vandmelon Is \/ Blandet B\u00e6r \/ \u00c6ble P\u00e6re \/ Bl\u00e5b\u00e6r Mynte \/ Sommer Tid<\/p>\n<p>8. Vandmelon Is \/ Jordb\u00e6r Mango \/ Californisk Kirseb\u00e6r \/ Bl\u00e5b\u00e6r Fersken Is \/ B\u00e6r Kold<\/p>\n<p>9.Strawberry Watermelon\/Grape Ice\/Red Mojito\/Banana Ice\/Lemon Lime<\/p>\n<p>10.Strawberry Watermelon\/Cantaloupe Apple\/Cola Ice\/Mango Peach\/Love 66<\/p>\n<p>11.Strawberry Kiwi \/Strawberry Banana\/Lychee Ice\/Watermelon Berry \/Passionsfrugt Mango<\/p>\n<p>12.Strawberry Kiwi\/Bl\u00e5b\u00e6r Vandmelon\/Bj\u00f8rne Fudge\/Bl\u00e5b\u00e6r Bubble Gum\/Sur Mango Ananas<\/p>\n<p>&nbsp;<\/p>\n<div class=\"flex-shrink-0 flex flex-col relative items-end\">\n<div class=\"pt-0\">\n<div class=\"gizmo-bot-avatar flex h-8 w-8 items-center justify-center overflow-hidden rounded-full\">\n<div class=\"relative p-1 rounded-sm flex items-center justify-center bg-token-main-surface-primary text-token-text-primary h-8 w-8\">\n<h2 data-start=\"1200\" data-end=\"1487\">Vapes Tornado \u2013 Din Engros Online Vape Butik for Top Vape M\u00e6rker<\/h2>\n<p data-start=\"1200\" data-end=\"1487\"><strong data-start=\"141\" data-end=\"177\">Vapes Tornado Online R\u00f8gbutik<\/strong> er din betroede kilde til <strong data-start=\"205\" data-end=\"270\">premium engangs vapes og engros e-cigaretter i Europa<\/strong>. Vi har top-s\u00e6lgende m\u00e6rker som <strong data-start=\"307\" data-end=\"362\"><a href=\"https:\/\/vapestornado.com\/da\/product\/randm-12000-puffs-fumot-digital-disposable-vape-wholesale-price\/\">Fumot VAPE<\/a>, <a href=\"https:\/\/vapestornado.com\/da\/product\/waspe-150k-150000-puff-6-in-1-disposable-vape-pen-cartridge-best-wholesale-price-in-poland\/\">WASPE VAPE<\/a>, <\/strong><strong data-start=\"307\" data-end=\"362\"><a href=\"https:\/\/vapestornado.com\/da\/product\/vozol-gear-shisha-25k-25000-puffs-best-dtl-disposable-vape-hookah-cheap-price\/\">VOZOL BAR VAPE<\/a>, \u00a0 Bang Vape<\/strong>, og mere, hvilket sikrer kvalitet og udvalg for hver kunde. Uanset om du er en individuel vaper eller en engros k\u00f8ber, leverer vi <strong data-start=\"481\" data-end=\"550\">h\u00f8jtydende enheder, stilfulde designs og konkurrencedygtige priser<\/strong> for at im\u00f8dekomme dine behov.<\/p>\n<h2 data-start=\"2064\" data-end=\"2115\">FAQs om Bang Legend 120000 Puf Switch Vape<\/h2>\n<ol data-start=\"3569\" data-end=\"4841\">\n<li data-start=\"3569\" data-end=\"3838\">\n<p data-start=\"3572\" data-end=\"3838\"><strong data-start=\"3572\" data-end=\"3675\">Hvordan forbliver Bang Legend 120000 5-i-1 smagsveksler engangs-vapen behagelig over lang tid?<\/strong><br data-start=\"3675\" data-end=\"3678\" \/>Fem indbyggede smagsvarianter forhindrer monotoni. Skiftende blandinger holder smagen frisk, hvilket er kritisk p\u00e5 en enhed designet til at vare langt l\u00e6ngere end typiske engangsprodukter.<\/p>\n<\/li>\n<li data-start=\"3840\" data-end=\"4081\">\n<p data-start=\"3843\" data-end=\"4081\"><strong data-start=\"3843\" data-end=\"3943\">Hj\u00e6lper Bang Legend 120k mesh-coil-motoren med at opretholde dampdensitet ved h\u00f8je puff-t\u00e6llinger?<\/strong><br data-start=\"3943\" data-end=\"3946\" \/>Ja. Mesh-coils fordeler varmen mere j\u00e6vnt end grundl\u00e6ggende tr\u00e5d-coils, hvilket underst\u00f8tter glat damp og stabil smag langt ind i langvarig brug.<\/p>\n<\/li>\n<li data-start=\"4083\" data-end=\"4341\">\n<p data-start=\"4086\" data-end=\"4341\"><strong data-start=\"4086\" data-end=\"4190\">Hvad er den praktiske fordel ved justerbar luftstr\u00f8m p\u00e5 Bang Legend 120000 engangs-e-cigaret?<\/strong><br data-start=\"4190\" data-end=\"4193\" \/>Det giver dig mulighed for at stramme tr\u00e6kningen for en cigaretlignende suge eller \u00e5bne den op for en fyldigere inhalation, s\u00e5 enheden passer til forskellige rutiner uden ekstra udstyr.<\/p>\n<\/li>\n<li data-start=\"4343\" data-end=\"4562\">\n<p data-start=\"4346\" data-end=\"4562\"><strong data-start=\"4346\" data-end=\"4433\">Er Type-C genopladelighed n\u00f8dvendig p\u00e5 en 120.000 puff-enhed som Bang Legend 120k?<\/strong><br data-start=\"4433\" data-end=\"4436\" \/>Absolut. Genopladelighed forhindrer tidlig kassering p\u00e5 grund af lavt batteri, hvilket hj\u00e6lper enheden med at levere sin fulde forventede levetid.<\/p>\n<\/li>\n<li data-start=\"4564\" data-end=\"4841\">\n<p data-start=\"4567\" data-end=\"4841\"><strong data-start=\"4567\" data-end=\"4674\">Hvorfor vurderer cigaretgrossistk\u00f8bere Bang Legend 120000 som en st\u00e6rk billig pris pr. puff?<\/strong><br data-start=\"4674\" data-end=\"4677\" \/>Fordi det meget h\u00f8je puff-antal, multi-smagsveksling og genopladelige design g\u00f8r omkostningen pr. puff konkurrencedygtig, mens funktionss\u00e6ttet holder forbrugerens eftersp\u00f8rgsel h\u00f8j.<\/p>\n<\/li>\n<\/ol>\n<\/div>\n<\/div>\n<\/div>\n<\/div>","protected":false},"excerpt":{"rendered":"<div class=\"flex flex-col text-sm @w-xl\/main:pt-header-height pb-25\">\n<article class=\"text-token-text-primary w-full focus:outline-none [--shadow-height:45px] has-data-writing-block:pointer-events-none has-data-writing-block:-mt-(--shadow-height) has-data-writing-block:pt-(--shadow-height) [&amp;:has([data-writing-block])&gt;*]:pointer-events-auto scroll-mt-[calc(var(--header-height)+min(200px,max(70px,20svh)))]\" dir=\"auto\" tabindex=\"-1\" data-turn-id=\"1216eed0-d089-4251-926f-eb67c4e27f78\" data-testid=\"conversation-turn-54\" data-scroll-anchor=\"true\" data-turn=\"assistant\">\n<div class=\"text-base my-auto mx-auto pb-10 [--thread-content-margin:--spacing(4)] @w-sm\/main:[--thread-content-margin:--spacing(6)] @w-lg\/main:[--thread-content-margin:--spacing(16)] px-(--thread-content-margin)\">\n<div class=\"[--thread-content-max-width:40rem] @w-lg\/main:[--thread-content-max-width:48rem] mx-auto max-w-(--thread-content-max-width) flex-1 group\/turn-messages focus-visible:outline-hidden relative flex w-full min-w-0 flex-col agent-turn\" tabindex=\"-1\">\n<div class=\"flex max-w-full flex-col grow\">\n<div class=\"min-h-8 text-message relative flex w-full flex-col items-end gap-2 text-start break-words whitespace-normal [.text-message+&amp;]:mt-1\" dir=\"auto\" data-message-author-role=\"assistant\" data-message-id=\"d248b401-75f3-45e9-8935-fcbc0a13d11e\" data-message-model-slug=\"gpt-5-2-thinking\">\n<div class=\"flex w-full flex-col gap-1 empty:hidden first:pt-[1px]\">\n<div class=\"markdown prose dark:prose-invert w-full break-words light markdown-new-styling\">\n<p data-start=\"4871\" data-end=\"5142\" data-is-last-node=\"\" data-is-only-node=\"\">Bang Legend 120000 (Bang Legend 120k) engangs e-cigaret med 120.000 puffs, 5-i-1 smagsv\u00e6lger, mesh-spole-motor, justerbar luftstr\u00f8m, Type-C genopladning og LED smart display. Engrosvenlig billig pris pr. puff mulighed for cigaretgrossist og EU vape-butikker.<\/p>\n<\/div>\n<\/div>\n<\/div>\n<\/div>\n<\/div>\n<\/div>\n<\/article>\n<\/div>\n<p><strong>Tilf\u00f8j Amys whatsapp for at f\u00e5 korrekt svar og rabatpris!<\/strong><\/p>\n<p><img fetchpriority=\"high\" decoding=\"async\" class=\"size-full wp-image-2932\" src=\"https:\/\/vapestornado.com\/wp-content\/uploads\/2024\/12\/Vape-Wholesale.jpg\" alt=\"Vape Engros\" width=\"229\" height=\"300\" \/><\/p>\n<h3><a href=\"https:\/\/wa.me\/8617776015835\"><span style=\"color: #ff0000;\"><strong>WhatsApp: +86 17776015835<\/strong><\/span><\/a><\/h3>","protected":false},"featured_media":4432,"comment_status":"open","ping_status":"closed","template":"","meta":{"_acf_changed":false,"_uag_custom_page_level_css":"","_lmt_disableupdate":"no","_lmt_disable":"","_monsterinsights_skip_tracking":false,"_monsterinsights_sitenote_active":false,"_monsterinsights_sitenote_note":"","_monsterinsights_sitenote_category":0,"site-sidebar-layout":"default","site-content-layout":"","ast-site-content-layout":"default","site-content-style":"default","site-sidebar-style":"default","ast-global-header-display":"","ast-banner-title-visibility":"","ast-main-header-display":"","ast-hfb-above-header-display":"","ast-hfb-below-header-display":"","ast-hfb-mobile-header-display":"","site-post-title":"","ast-breadcrumbs-content":"","ast-featured-img":"","footer-sml-layout":"","ast-disable-related-posts":"","theme-transparent-header-meta":"default","adv-header-id-meta":"","stick-header-meta":"","header-above-stick-meta":"","header-main-stick-meta":"","header-below-stick-meta":"","astra-migrate-meta-layouts":"set","ast-page-background-enabled":"default","ast-page-background-meta":{"desktop":{"background-color":"","background-image":"","background-repeat":"repeat","background-position":"center center","background-size":"auto","background-attachment":"scroll","background-type":"","background-media":"","overlay-type":"","overlay-color":"","overlay-opacity":"","overlay-gradient":""},"tablet":{"background-color":"","background-image":"","background-repeat":"repeat","background-position":"center center","background-size":"auto","background-attachment":"scroll","background-type":"","background-media":"","overlay-type":"","overlay-color":"","overlay-opacity":"","overlay-gradient":""},"mobile":{"background-color":"","background-image":"","background-repeat":"repeat","background-position":"center center","background-size":"auto","background-attachment":"scroll","background-type":"","background-media":"","overlay-type":"","overlay-color":"","overlay-opacity":"","overlay-gradient":""}},"ast-content-background-meta":{"desktop":{"background-color":"var(--ast-global-color-5)","background-image":"","background-repeat":"repeat","background-position":"center center","background-size":"auto","background-attachment":"scroll","background-type":"","background-media":"","overlay-type":"","overlay-color":"","overlay-opacity":"","overlay-gradient":""},"tablet":{"background-color":"var(--ast-global-color-5)","background-image":"","background-repeat":"repeat","background-position":"center center","background-size":"auto","background-attachment":"scroll","background-type":"","background-media":"","overlay-type":"","overlay-color":"","overlay-opacity":"","overlay-gradient":""},"mobile":{"background-color":"var(--ast-global-color-5)","background-image":"","background-repeat":"repeat","background-position":"center center","background-size":"auto","background-attachment":"scroll","background-type":"","background-media":"","overlay-type":"","overlay-color":"","overlay-opacity":"","overlay-gradient":""}},"_joinchat":[]},"product_brand":[],"product_cat":[347,62,152,156,142,357,146],"product_tag":[398,399,396,368,390,393,386,397],"class_list":{"0":"post-4438","1":"product","2":"type-product","3":"status-publish","4":"has-post-thumbnail","6":"product_cat-120000-puff","7":"product_cat-bang-vape","8":"product_cat-buy-disposable-vapes-in-cermany","9":"product_cat-buy-disposable-vapes-in-poland","10":"product_cat-digital-box-disposable-vapes","11":"product_cat-flavor-adjustable-vape","12":"product_cat-rechargeable-disposable-vapes","13":"product_tag-bang-legend-120000","14":"product_tag-bang-legend-120k","15":"product_tag-disposable-cigarette","16":"product_tag-disposable-vapor","17":"product_tag-online-vape-shop","18":"product_tag-vape-cartridge","19":"product_tag-vape-pen","20":"product_tag-vapor","21":"desktop-align-left","22":"tablet-align-left","23":"mobile-align-left","25":"first","26":"instock","27":"sale","28":"shipping-taxable","29":"purchasable","30":"product-type-simple"},"acf":[],"uagb_featured_image_src":{"full":["https:\/\/vapestornado.com\/wp-content\/uploads\/2025\/10\/BANG-LEGEND-120K-Puffs-Screen-Disposable-Vape.webp",800,800,false],"thumbnail":["https:\/\/vapestornado.com\/wp-content\/uploads\/2025\/10\/BANG-LEGEND-120K-Puffs-Screen-Disposable-Vape-150x150.webp",150,150,true],"medium":["https:\/\/vapestornado.com\/wp-content\/uploads\/2025\/10\/BANG-LEGEND-120K-Puffs-Screen-Disposable-Vape-300x300.webp",300,300,true],"medium_large":["https:\/\/vapestornado.com\/wp-content\/uploads\/2025\/10\/BANG-LEGEND-120K-Puffs-Screen-Disposable-Vape-768x768.webp",768,768,true],"large":["https:\/\/vapestornado.com\/wp-content\/uploads\/2025\/10\/BANG-LEGEND-120K-Puffs-Screen-Disposable-Vape.webp",800,800,false],"1536x1536":["https:\/\/vapestornado.com\/wp-content\/uploads\/2025\/10\/BANG-LEGEND-120K-Puffs-Screen-Disposable-Vape.webp",800,800,false],"2048x2048":["https:\/\/vapestornado.com\/wp-content\/uploads\/2025\/10\/BANG-LEGEND-120K-Puffs-Screen-Disposable-Vape.webp",800,800,false],"trp-custom-language-flag":["https:\/\/vapestornado.com\/wp-content\/uploads\/2025\/10\/BANG-LEGEND-120K-Puffs-Screen-Disposable-Vape-12x12.webp",12,12,true],"woocommerce_thumbnail":["https:\/\/vapestornado.com\/wp-content\/uploads\/2025\/10\/BANG-LEGEND-120K-Puffs-Screen-Disposable-Vape-300x300.webp",300,300,true],"woocommerce_single":["https:\/\/vapestornado.com\/wp-content\/uploads\/2025\/10\/BANG-LEGEND-120K-Puffs-Screen-Disposable-Vape-600x600.webp",600,600,true],"woocommerce_gallery_thumbnail":["https:\/\/vapestornado.com\/wp-content\/uploads\/2025\/10\/BANG-LEGEND-120K-Puffs-Screen-Disposable-Vape-100x100.webp",100,100,true]},"uagb_author_info":{"display_name":"ESAMY","author_link":"https:\/\/vapestornado.com\/da\/author\/"},"uagb_comment_info":0,"uagb_excerpt":"Bang Legend 120000 (Bang Legend 120k) disposable E-cigarette with 120,000 puffs, 5-in-1 flavour switch, mesh coil engine, adjustable airflow, Type-C recharge and LED smart display. Wholesale-friendly cheap price per puff option for Cigarette wholesaler and EU vape shops. Add Amy's whatsapp to get right reply and discount price! WhatsApp: +86 17776015835","_links":{"self":[{"href":"https:\/\/vapestornado.com\/da\/wp-json\/wp\/v2\/product\/4438","targetHints":{"allow":["GET"]}}],"collection":[{"href":"https:\/\/vapestornado.com\/da\/wp-json\/wp\/v2\/product"}],"about":[{"href":"https:\/\/vapestornado.com\/da\/wp-json\/wp\/v2\/types\/product"}],"replies":[{"embeddable":true,"href":"https:\/\/vapestornado.com\/da\/wp-json\/wp\/v2\/comments?post=4438"}],"wp:featuredmedia":[{"embeddable":true,"href":"https:\/\/vapestornado.com\/da\/wp-json\/wp\/v2\/media\/4432"}],"wp:attachment":[{"href":"https:\/\/vapestornado.com\/da\/wp-json\/wp\/v2\/media?parent=4438"}],"wp:term":[{"taxonomy":"product_brand","embeddable":true,"href":"https:\/\/vapestornado.com\/da\/wp-json\/wp\/v2\/product_brand?post=4438"},{"taxonomy":"product_cat","embeddable":true,"href":"https:\/\/vapestornado.com\/da\/wp-json\/wp\/v2\/product_cat?post=4438"},{"taxonomy":"product_tag","embeddable":true,"href":"https:\/\/vapestornado.com\/da\/wp-json\/wp\/v2\/product_tag?post=4438"}],"curies":[{"name":"wp","href":"https:\/\/api.w.org\/{rel}","templated":true}]}}