{"id":4430,"date":"2025-10-15T09:50:23","date_gmt":"2025-10-15T09:50:23","guid":{"rendered":"https:\/\/vapestornado.com\/?post_type=product&#038;p=4430"},"modified":"2025-10-31T09:51:16","modified_gmt":"2025-10-31T09:51:16","slug":"fihp-120k-6-in1-multi-flavors-120000-puff-disposable-vape-pen-cheap-price","status":"publish","type":"product","link":"https:\/\/vapestornado.com\/da\/product\/fihp-120k-6-in1-multi-flavors-120000-puff-disposable-vape-pen-cheap-price\/","title":{"rendered":"FIHP 120K 6 i 1 Multi Smags 120000 Puf Engangs Vape Pen Billig Pris"},"content":{"rendered":"<h2 data-pm-slice=\"1 1 []\">FIHP 120K 6-i-1 Multi Smagsvalg 120000 Puf Engangs Vape Pen \u2014 Bedste Billige Vapes i Europa<\/h2>\n<p data-start=\"104\" data-end=\"592\">Den <strong data-start=\"108\" data-end=\"146\">FIHP 120K Puf Engangs Vape Pen<\/strong> er designet til dem, der \u00f8nsker masser af kraft, rig smag og \u00e6gte variation i \u00e9t slankt design. Leverer en utrolig <strong data-start=\"272\" data-end=\"288\">120000 puf<\/strong>, denne <strong data-start=\"295\" data-end=\"315\">FIHP 120000 Puf<\/strong> enhed er forudfyldt med <strong data-start=\"344\" data-end=\"372\">64mL af premium e-v\u00e6ske<\/strong> og et <strong data-start=\"379\" data-end=\"416\">6-i-1 multi-smags skiftesystem<\/strong>, hvilket giver brugerne seks livlige smagsmuligheder i \u00e9n vape. Det er det ideelle valg for europ\u00e6iske grossister og unge vapere, der s\u00f8ger <strong data-start=\"543\" data-end=\"558\">billige vapes<\/strong> der aldrig g\u00e5r p\u00e5 kompromis med kvaliteten.<\/p>\n<p data-start=\"594\" data-end=\"1161\">Drevet af en <strong data-start=\"607\" data-end=\"638\">650mAh genopladelige batteri<\/strong> og udstyret med <strong data-start=\"657\" data-end=\"681\">Type-C hurtigopladning<\/strong>, <strong data-start=\"687\" data-end=\"714\">FIHP 120k Puf vape pen<\/strong> sikrer uafbrudt vaping hele dagen. Den <strong data-start=\"757\" data-end=\"775\">dobbelt mesh coil<\/strong> leverer t\u00e6t damp og st\u00e6rk smag fra den f\u00f8rste inhalation til den sidste, mens den <strong data-start=\"860\" data-end=\"881\">smarte LED-sk\u00e6rm<\/strong> viser realtidsniveauer for batteri og e-v\u00e6ske. Med <strong data-start=\"932\" data-end=\"970\">2% og 5% nikotinstyrke muligheder<\/strong>, balancerer denne enhed perfekt ydeevne, tilfredshed og overkommelighed \u2014 hvilket g\u00f8r den til en af de <strong data-start=\"1071\" data-end=\"1084\">bedste vape<\/strong> muligheder for b\u00e5de afslappede brugere og forhandlere, der \u00f8nsker at \u00f8ge profitmarginerne.<\/p>\n<p data-start=\"1163\" data-end=\"1524\">Stilfuld, holdbar og fuld af funktioner, <strong data-start=\"1211\" data-end=\"1251\">FIHP 120K 6-i-1 Engangs Vape Pen<\/strong> omdefinerer, hvad en h\u00f8jkapacitets engangs betyder. Uanset om det er til personlig forn\u00f8jelse eller engrosforsyning, leverer denne vape kraft, smag og v\u00e6rdi, som det europ\u00e6iske vape-f\u00e6llesskab kr\u00e6ver. Tilg\u00e6ngelig nu til den bedste engrospris gennem Vapestornado<strong data-start=\"1493\" data-end=\"1523\">\u00a0online vape butik<\/strong>.<\/p>\n<p><strong><span style=\"color: #ff0000;\">Tilf\u00f8j Amys whatsapp, f\u00e5 et hurtigt svar og en vape-kupon!<\/span><\/strong><\/p>\n<p><img fetchpriority=\"high\" decoding=\"async\" class=\"size-full wp-image-2932\" src=\"https:\/\/vapestornado.com\/wp-content\/uploads\/2024\/12\/Vape-Wholesale.jpg\" alt=\"Vape Engros\" width=\"229\" height=\"300\" \/><\/p>\n<h3><a href=\"https:\/\/wa.me\/8617776015835\" target=\"_blank\" rel=\"noopener\"><span style=\"color: #ff0000;\"><strong>WhatsApp: +86 17776015835<\/strong><\/span><\/a><\/h3>\n<p>&nbsp;<\/p>\n<h2><strong>FIHP 120K Puff 6-i-1 Produktfunktioner<\/strong><\/h2>\n<ul>\n<li data-start=\"1555\" data-end=\"1630\">\n<p data-start=\"1557\" data-end=\"1630\"><strong data-start=\"1557\" data-end=\"1574\">120000 Puf:<\/strong> Langvarig ydeevne for konstant tilfredshed.<\/p>\n<\/li>\n<li data-start=\"1631\" data-end=\"1728\">\n<p data-start=\"1633\" data-end=\"1728\"><strong data-start=\"1633\" data-end=\"1658\">6-i-1 Smagsystem:<\/strong> Skift \u00f8jeblikkeligt mellem seks forudfyldte smagsvarianter for uafbrudt variation.<\/p>\n<\/li>\n<li data-start=\"1729\" data-end=\"1799\">\n<p data-start=\"1731\" data-end=\"1799\"><strong data-start=\"1731\" data-end=\"1758\">64mL E-Liquid Kapacitet:<\/strong> Ekstra stort tank, der sikrer uges brug.<\/p>\n<\/li>\n<li data-start=\"1800\" data-end=\"1885\">\n<p data-start=\"1802\" data-end=\"1885\"><strong data-start=\"1802\" data-end=\"1834\">650 mAh genopladeligt batteri:<\/strong> Kompakt og effektiv med Type-C hurtigopladning.<\/p>\n<\/li>\n<li data-start=\"1886\" data-end=\"1974\">\n<p data-start=\"1888\" data-end=\"1974\"><strong data-start=\"1888\" data-end=\"1914\">Dobbelt Mesh Coil Design:<\/strong> Forbedret dampdensitet og smag, der er tro mod smagen.<\/p>\n<\/li>\n<li data-start=\"1975\" data-end=\"2050\">\n<p data-start=\"1977\" data-end=\"2050\"><strong data-start=\"1977\" data-end=\"1999\">Smart LED-Display:<\/strong> Real-time overv\u00e5gning af str\u00f8m og v\u00e6skeniveauer.<\/p>\n<\/li>\n<li data-start=\"2051\" data-end=\"2125\">\n<p data-start=\"2053\" data-end=\"2125\"><strong data-start=\"2053\" data-end=\"2073\">Nikotinmuligheder:<\/strong> Tilg\u00e6ngelig i 2% og 5% for fleksible vape-behov.<\/p>\n<\/li>\n<\/ul>\n<figure id=\"attachment_4429\" aria-describedby=\"caption-attachment-4429\" style=\"width: 300px\" class=\"wp-caption alignnone\"><img decoding=\"async\" class=\"size-medium wp-image-4429\" src=\"https:\/\/vapestornado.com\/wp-content\/uploads\/2025\/10\/Newest-FIHP-120000-120k-Puffs-Dispsable-Vape-Kit-300x300.webp\" alt=\"Nyeste FIHP 120000 120k Puf Engangs Vape Kit\" width=\"300\" height=\"300\" srcset=\"https:\/\/vapestornado.com\/wp-content\/uploads\/2025\/10\/Newest-FIHP-120000-120k-Puffs-Dispsable-Vape-Kit-300x300.webp 300w, https:\/\/vapestornado.com\/wp-content\/uploads\/2025\/10\/Newest-FIHP-120000-120k-Puffs-Dispsable-Vape-Kit-150x150.webp 150w, https:\/\/vapestornado.com\/wp-content\/uploads\/2025\/10\/Newest-FIHP-120000-120k-Puffs-Dispsable-Vape-Kit-768x768.webp 768w, https:\/\/vapestornado.com\/wp-content\/uploads\/2025\/10\/Newest-FIHP-120000-120k-Puffs-Dispsable-Vape-Kit-12x12.webp 12w, https:\/\/vapestornado.com\/wp-content\/uploads\/2025\/10\/Newest-FIHP-120000-120k-Puffs-Dispsable-Vape-Kit-600x600.webp 600w, https:\/\/vapestornado.com\/wp-content\/uploads\/2025\/10\/Newest-FIHP-120000-120k-Puffs-Dispsable-Vape-Kit-100x100.webp 100w, https:\/\/vapestornado.com\/wp-content\/uploads\/2025\/10\/Newest-FIHP-120000-120k-Puffs-Dispsable-Vape-Kit.webp 800w\" sizes=\"(max-width: 300px) 100vw, 300px\" \/><figcaption id=\"caption-attachment-4429\" class=\"wp-caption-text\">Nyeste FIHP 120000 120k Puf Engangs Vape Kit<\/figcaption><\/figure>\n<h2 class=\"product-title\"><strong>FIHP 120K 120000 Puff Flavors Liste 6 i 1<\/strong><\/h2>\n<p data-start=\"2550\" data-end=\"2736\">1. Vandmelon Ice &amp; Red Bull &amp; Jordb\u00e6r Kiwi &amp; Bl\u00e5b\u00e6r Ice &amp; Citron Lime &amp; Jordb\u00e6r Vandmelon<br \/>\n2. Jordb\u00e6r Banan &amp; Dobbelt \u00c6ble &amp; Hindb\u00e6r Vandmelon &amp; Sur Mango Ananas &amp; Tropisk Frugt &amp; Citron Peach<br \/>\n3. Ananas Kokos &amp; Bl\u00e5 Razz &amp; Blandet B\u00e6r &amp; Mango Peach &amp; Bl\u00e5b\u00e6r Hindb\u00e6r &amp; Jordb\u00e6r Vanilje Coke<br \/>\n4. Peach B\u00e6r &amp; Trippel Melon &amp; Drue Ice &amp; Sort Drage Ice &amp; Fizzende Kirseb\u00e6r Ice &amp; Gummy Bj\u00f8rn<br \/>\n5. Regnbue Slik &amp; Kirseb\u00e6r Cola Ice &amp; Love 666 &amp; Mango Ice &amp; Bl\u00e5b\u00e6r Bomulds Candy &amp; Peach Ice<br \/>\n6. Aloe Litchi Ice &amp; Pink Lemon &amp; Gletscher Ice &amp; Pinede Mint &amp; Sort Solb\u00e6r Ice &amp; Vandmelon Citron<\/p>\n<div class=\"flex-shrink-0 flex flex-col relative items-end\">\n<div class=\"pt-0\">\n<div class=\"gizmo-bot-avatar flex h-8 w-8 items-center justify-center overflow-hidden rounded-full\">\n<div class=\"relative p-1 rounded-sm flex items-center justify-center bg-token-main-surface-primary text-token-text-primary h-8 w-8\">\n<h2 data-start=\"1200\" data-end=\"1487\">Vapes Tornado \u2013 Din Engros Online Vape Butik for Top Vape M\u00e6rker<\/h2>\n<p data-start=\"1200\" data-end=\"1487\"><strong data-start=\"141\" data-end=\"177\">Vapes Tornado Online R\u00f8gbutik<\/strong> er din betroede kilde til <strong data-start=\"205\" data-end=\"270\">premium engangs vapes og engros e-cigaretter i Europa<\/strong>. Vi har top-s\u00e6lgende m\u00e6rker som <strong data-start=\"307\" data-end=\"362\"><a href=\"https:\/\/vapestornado.com\/da\/product\/randm-12000-puffs-fumot-digital-disposable-vape-wholesale-price\/\">Fumot VAPE<\/a>, <a href=\"https:\/\/vapestornado.com\/da\/product\/waspe-150k-150000-puff-6-in-1-disposable-vape-pen-cartridge-best-wholesale-price-in-poland\/\">WASPE VAPE<\/a>, <\/strong><strong data-start=\"307\" data-end=\"362\"><a href=\"https:\/\/vapestornado.com\/da\/product\/vozol-gear-shisha-25k-25000-puffs-best-dtl-disposable-vape-hookah-cheap-price\/\">VOZOL BAR VAPE<\/a>, \u00a0 Bang Vape<\/strong>, og mere, hvilket sikrer kvalitet og udvalg for hver kunde. Uanset om du er en individuel vaper eller en engros k\u00f8ber, leverer vi <strong data-start=\"481\" data-end=\"550\">h\u00f8jtydende enheder, stilfulde designs og konkurrencedygtige priser<\/strong> for at im\u00f8dekomme dine behov.<\/p>\n<h2 data-start=\"2064\" data-end=\"2115\">FAQs om FIHP 120K Puff Engangs Vape<\/h2>\n<p data-start=\"2159\" data-end=\"2318\"><strong data-start=\"2159\" data-end=\"2233\">1. Hvor mange smagsvarianter tilbyder FIHP 120K Puff Engangs Vape Pen?<\/strong><br data-start=\"2233\" data-end=\"2236\" \/>Den har et 6-i-1 system, der giver brugerne mulighed for at nyde seks unikke smagsvarianter i \u00e9n enhed.<\/p>\n<p data-start=\"2320\" data-end=\"2445\"><strong data-start=\"2320\" data-end=\"2369\">2. Er FIHP 120000 Puff vape genopladelig?<\/strong><br data-start=\"2369\" data-end=\"2372\" \/>Ja, den inkluderer et genopladeligt batteri p\u00e5 650mAh med hurtig Type-C-opladning.<\/p>\n<p data-start=\"2447\" data-end=\"2577\"><strong data-start=\"2447\" data-end=\"2511\">3. Hvilke nikotinniveauer er tilg\u00e6ngelige for FIHP 120k Puff?<\/strong><br data-start=\"2511\" data-end=\"2514\" \/>Du kan v\u00e6lge mellem 2% og 5%, afh\u00e6ngigt af din pr\u00e6ference.<\/p>\n<p data-start=\"2579\" data-end=\"2743\"><strong data-start=\"2579\" data-end=\"2646\">4. Hvorfor betragtes FIHP 120K som en af de bedste billige vapes?<\/strong><br data-start=\"2646\" data-end=\"2649\" \/>Den tilbyder seks smagsvarianter, 120000 puffs og dobbelt mesh-coil-kvalitet til en meget konkurrencedygtig pris.<\/p>\n<p data-start=\"2745\" data-end=\"2917\"><strong data-start=\"2745\" data-end=\"2813\">5. Hvor kan jeg k\u00f8be FIHP 120000 Puff engangs vape i bulk?<\/strong><br data-start=\"2813\" data-end=\"2816\" \/>De bedste engros-tilbud findes hos <strong data-start=\"2858\" data-end=\"2888\">Vapes Tornado online vape butik<\/strong>, betroet af forhandlere i Danmark.<\/p>\n<\/div>\n<\/div>\n<\/div>\n<\/div>","protected":false},"excerpt":{"rendered":"<p data-start=\"3204\" data-end=\"3282\">FIHP 120K 6-i-1 120000 Puf Engangs Vape Pen | Billige Vapes til Engros<\/p>\n<p data-start=\"3286\" data-end=\"3358\">K\u00f8b FIHP 120000 Puf Vape Pen | Bedste 6-i-1 Engangs Vapes i Europa<\/p>\n<p data-start=\"3362\" data-end=\"3446\">FIHP 120K Puf Engangs Vape \u2013 Stor Kapacitet, Flere Smagsvarianter, Bedste Engros Pris<\/p>\n<p><strong>Tilf\u00f8j Amys whatsapp for at f\u00e5 korrekt svar og rabatpris!<\/strong><\/p>\n<p><img fetchpriority=\"high\" decoding=\"async\" class=\"size-full wp-image-2932\" src=\"https:\/\/vapestornado.com\/wp-content\/uploads\/2024\/12\/Vape-Wholesale.jpg\" alt=\"Vape Engros\" width=\"229\" height=\"300\" \/><\/p>\n<h3><a href=\"https:\/\/wa.me\/8617776015835\"><span style=\"color: #ff0000;\"><strong>WhatsApp: +86 17776015835<\/strong><\/span><\/a><\/h3>","protected":false},"featured_media":4428,"comment_status":"open","ping_status":"closed","template":"","meta":{"_acf_changed":false,"_uag_custom_page_level_css":"","_lmt_disableupdate":"no","_lmt_disable":"","_monsterinsights_skip_tracking":false,"_monsterinsights_sitenote_active":false,"_monsterinsights_sitenote_note":"","_monsterinsights_sitenote_category":0,"site-sidebar-layout":"default","site-content-layout":"","ast-site-content-layout":"default","site-content-style":"default","site-sidebar-style":"default","ast-global-header-display":"","ast-banner-title-visibility":"","ast-main-header-display":"","ast-hfb-above-header-display":"","ast-hfb-below-header-display":"","ast-hfb-mobile-header-display":"","site-post-title":"","ast-breadcrumbs-content":"","ast-featured-img":"","footer-sml-layout":"","ast-disable-related-posts":"","theme-transparent-header-meta":"default","adv-header-id-meta":"","stick-header-meta":"","header-above-stick-meta":"","header-main-stick-meta":"","header-below-stick-meta":"","astra-migrate-meta-layouts":"set","ast-page-background-enabled":"default","ast-page-background-meta":{"desktop":{"background-color":"","background-image":"","background-repeat":"repeat","background-position":"center center","background-size":"auto","background-attachment":"scroll","background-type":"","background-media":"","overlay-type":"","overlay-color":"","overlay-opacity":"","overlay-gradient":""},"tablet":{"background-color":"","background-image":"","background-repeat":"repeat","background-position":"center center","background-size":"auto","background-attachment":"scroll","background-type":"","background-media":"","overlay-type":"","overlay-color":"","overlay-opacity":"","overlay-gradient":""},"mobile":{"background-color":"","background-image":"","background-repeat":"repeat","background-position":"center center","background-size":"auto","background-attachment":"scroll","background-type":"","background-media":"","overlay-type":"","overlay-color":"","overlay-opacity":"","overlay-gradient":""}},"ast-content-background-meta":{"desktop":{"background-color":"var(--ast-global-color-5)","background-image":"","background-repeat":"repeat","background-position":"center center","background-size":"auto","background-attachment":"scroll","background-type":"","background-media":"","overlay-type":"","overlay-color":"","overlay-opacity":"","overlay-gradient":""},"tablet":{"background-color":"var(--ast-global-color-5)","background-image":"","background-repeat":"repeat","background-position":"center center","background-size":"auto","background-attachment":"scroll","background-type":"","background-media":"","overlay-type":"","overlay-color":"","overlay-opacity":"","overlay-gradient":""},"mobile":{"background-color":"var(--ast-global-color-5)","background-image":"","background-repeat":"repeat","background-position":"center center","background-size":"auto","background-attachment":"scroll","background-type":"","background-media":"","overlay-type":"","overlay-color":"","overlay-opacity":"","overlay-gradient":""}},"_joinchat":[]},"product_brand":[],"product_cat":[347,154,142,144,146,60],"product_tag":[387,287,368,388,395,390,393,386],"class_list":{"0":"post-4430","1":"product","2":"type-product","3":"status-publish","4":"has-post-thumbnail","6":"product_cat-120000-puff","7":"product_cat-buy-disposable-vapes-in-netherlands","8":"product_cat-digital-box-disposable-vapes","9":"product_cat-low-nicotine-disposable-vapes","10":"product_cat-rechargeable-disposable-vapes","11":"product_cat-waspe-fihp-vape","12":"product_tag-cigarette-vapor","13":"product_tag-disposable-vape-pen","14":"product_tag-disposable-vapor","15":"product_tag-e-vape","16":"product_tag-fihp-120k","17":"product_tag-online-vape-shop","18":"product_tag-vape-cartridge","19":"product_tag-vape-pen","20":"desktop-align-left","21":"tablet-align-left","22":"mobile-align-left","24":"first","25":"instock","26":"sale","27":"shipping-taxable","28":"purchasable","29":"product-type-simple"},"acf":[],"uagb_featured_image_src":{"full":["https:\/\/vapestornado.com\/wp-content\/uploads\/2025\/10\/FIHP-Multi-120000-puffs-Original-Disposable-Vape.webp",800,800,false],"thumbnail":["https:\/\/vapestornado.com\/wp-content\/uploads\/2025\/10\/FIHP-Multi-120000-puffs-Original-Disposable-Vape-150x150.webp",150,150,true],"medium":["https:\/\/vapestornado.com\/wp-content\/uploads\/2025\/10\/FIHP-Multi-120000-puffs-Original-Disposable-Vape-300x300.webp",300,300,true],"medium_large":["https:\/\/vapestornado.com\/wp-content\/uploads\/2025\/10\/FIHP-Multi-120000-puffs-Original-Disposable-Vape-768x768.webp",768,768,true],"large":["https:\/\/vapestornado.com\/wp-content\/uploads\/2025\/10\/FIHP-Multi-120000-puffs-Original-Disposable-Vape.webp",800,800,false],"1536x1536":["https:\/\/vapestornado.com\/wp-content\/uploads\/2025\/10\/FIHP-Multi-120000-puffs-Original-Disposable-Vape.webp",800,800,false],"2048x2048":["https:\/\/vapestornado.com\/wp-content\/uploads\/2025\/10\/FIHP-Multi-120000-puffs-Original-Disposable-Vape.webp",800,800,false],"trp-custom-language-flag":["https:\/\/vapestornado.com\/wp-content\/uploads\/2025\/10\/FIHP-Multi-120000-puffs-Original-Disposable-Vape-12x12.webp",12,12,true],"woocommerce_thumbnail":["https:\/\/vapestornado.com\/wp-content\/uploads\/2025\/10\/FIHP-Multi-120000-puffs-Original-Disposable-Vape-300x300.webp",300,300,true],"woocommerce_single":["https:\/\/vapestornado.com\/wp-content\/uploads\/2025\/10\/FIHP-Multi-120000-puffs-Original-Disposable-Vape-600x600.webp",600,600,true],"woocommerce_gallery_thumbnail":["https:\/\/vapestornado.com\/wp-content\/uploads\/2025\/10\/FIHP-Multi-120000-puffs-Original-Disposable-Vape-100x100.webp",100,100,true]},"uagb_author_info":{"display_name":"ESAMY","author_link":"https:\/\/vapestornado.com\/da\/author\/"},"uagb_comment_info":1,"uagb_excerpt":"FIHP 120K 6-in-1 120000 Puff Disposable Vape Pen | Cheap Vapes for Wholesale Buy FIHP 120000 Puff Vape Pen | Best 6-in-1 Disposable Vapes in Europe FIHP 120K Puff Disposable Vape \u2013 Big Capacity, Multi Flavors, Best Wholesale Price Add Amy's whatsapp to get right reply and discount price! WhatsApp: +86 17776015835","_links":{"self":[{"href":"https:\/\/vapestornado.com\/da\/wp-json\/wp\/v2\/product\/4430","targetHints":{"allow":["GET"]}}],"collection":[{"href":"https:\/\/vapestornado.com\/da\/wp-json\/wp\/v2\/product"}],"about":[{"href":"https:\/\/vapestornado.com\/da\/wp-json\/wp\/v2\/types\/product"}],"replies":[{"embeddable":true,"href":"https:\/\/vapestornado.com\/da\/wp-json\/wp\/v2\/comments?post=4430"}],"wp:featuredmedia":[{"embeddable":true,"href":"https:\/\/vapestornado.com\/da\/wp-json\/wp\/v2\/media\/4428"}],"wp:attachment":[{"href":"https:\/\/vapestornado.com\/da\/wp-json\/wp\/v2\/media?parent=4430"}],"wp:term":[{"taxonomy":"product_brand","embeddable":true,"href":"https:\/\/vapestornado.com\/da\/wp-json\/wp\/v2\/product_brand?post=4430"},{"taxonomy":"product_cat","embeddable":true,"href":"https:\/\/vapestornado.com\/da\/wp-json\/wp\/v2\/product_cat?post=4430"},{"taxonomy":"product_tag","embeddable":true,"href":"https:\/\/vapestornado.com\/da\/wp-json\/wp\/v2\/product_tag?post=4430"}],"curies":[{"name":"wp","href":"https:\/\/api.w.org\/{rel}","templated":true}]}}