{"id":4422,"date":"2025-10-14T09:29:02","date_gmt":"2025-10-14T09:29:02","guid":{"rendered":"https:\/\/vapestornado.com\/?post_type=product&#038;p=4422"},"modified":"2025-12-16T09:53:51","modified_gmt":"2025-12-16T09:53:51","slug":"waspe-150k-150000-puff-6-in-1-disposable-vape-pen-cartridge-best-wholesale-price-in-poland","status":"publish","type":"product","link":"https:\/\/vapestornado.com\/da\/product\/waspe-150k-150000-puff-6-in-1-disposable-vape-pen-cartridge-best-wholesale-price-in-poland\/","title":{"rendered":"WASPE 150K 150000 Puff 6 i 1 engangs vape pen patron Bedste engrospris i Danmark"},"content":{"rendered":"<h2 data-pm-slice=\"1 1 []\">WASPE 150K 150000 Puff 6 i 1 engangs vape pen patron Bedste engrospris i Danmark<\/h2>\n<p data-start=\"112\" data-end=\"657\"><strong data-start=\"108\" data-end=\"134\">WASPE 150K 150000 Puff<\/strong> er bygget til \u00e9t form\u00e5l: <strong data-start=\"159\" data-end=\"204\">maksimal driftstid med \u00e6gte smagsvariation<\/strong> i \u00e9n enhed. Den leverer op til <strong data-start=\"236\" data-end=\"253\">150.000 puffs<\/strong>, bruger en <strong data-start=\"262\" data-end=\"300\">6-i-1 skiftbar kapselsystem<\/strong>, og har en <strong data-start=\"316\" data-end=\"350\">64ml forudfyldt e-v\u00e6skeforsyning<\/strong>\u2014 s\u00e5 du ikke skal udskifte enheder hver uge. En <strong data-start=\"397\" data-end=\"422\">1.0\u03a9 tredobbelt mesh coil<\/strong> holder dampen t\u00e6t og smagen ren ved smags\u00e6ndringer, mens den <strong data-start=\"494\" data-end=\"515\">LED smart display<\/strong> viser batteri- og e-v\u00e6skestatus tydeligt. Med en <strong data-start=\"566\" data-end=\"604\">650mAh Type-C genopladeligt batteri<\/strong> og nikotinalternativer <strong data-start=\"626\" data-end=\"640\">0%, 2%, 5%<\/strong>, passer den b\u00e5de til personlige brugere og engrosk\u00f8bere, der \u00f8nsker et produkt med h\u00f8j eftersp\u00f8rgsel til <strong data-start=\"726\" data-end=\"737\">Vape PL<\/strong> og bredere EU-markeder.<\/p>\n<h3 data-start=\"996\" data-end=\"1043\">Hvorfor leverer WASPE 150K 150000 Puff bedre v\u00e6rdi pr. puff?<\/h3>\n<ul data-start=\"1045\" data-end=\"2676\">\n<li data-start=\"1045\" data-end=\"1422\">\n<p data-start=\"1047\" data-end=\"1422\"><strong data-start=\"1047\" data-end=\"1096\">150K holdbarhed underst\u00f8ttet af en stor 64ml forsyning.<\/strong> Den <strong data-start=\"1101\" data-end=\"1123\">WASPE 150000 Puffs<\/strong> format er designet til at reducere konstante udskiftninger, hvilket er grunden til, at den f\u00e5r opm\u00e6rksomhed i Danmark og videre. For mange brugere, der sammenligner <strong data-start=\"1254\" data-end=\"1269\">Vaporpris<\/strong> versus holdbarhed i <strong data-start=\"1290\" data-end=\"1301\">Vape PL<\/strong>, en enhed med denne kapacitet kan levere en meget lavere omkostning pr. dag end mindre \u201cBedste engangs\u201d der hurtigt l\u00f8ber t\u00f8r.<\/p>\n<\/li>\n<li data-start=\"1424\" data-end=\"1739\">\n<p data-start=\"1426\" data-end=\"1739\"><strong data-start=\"1426\" data-end=\"1482\">6-i-1 patronudskiftning forhindrer smagsudt\u00f8mning.<\/strong> En langtidsholdbar enhed fungerer kun, hvis du stadig nyder den efter to uger. Den <strong data-start=\"1556\" data-end=\"1598\">6-i-1 pod ecig-stil patron system<\/strong> lader dig rotere smagene \u00f8jeblikkeligt, hvilket g\u00f8r det lettere at blive ved \u00e9n enhed i stedet for at k\u00f8be flere vapes for at jagte en ny <strong data-start=\"1722\" data-end=\"1738\">vaper smag<\/strong>.<\/p>\n<\/li>\n<li data-start=\"1741\" data-end=\"2061\">\n<p data-start=\"1743\" data-end=\"2061\"><strong data-start=\"1743\" data-end=\"1807\">Trefaset mesh coil-udgang forbliver glat p\u00e5 tv\u00e6rs af smags\u00e6ndringer.<\/strong> Den <strong data-start=\"1812\" data-end=\"1837\">1.0\u03a9 tredobbelt mesh coil<\/strong> fordeler varmen j\u00e6vnt og hj\u00e6lper med at opretholde ensartet damp og smag. Dette er vigtigt, n\u00e5r man skifter smag\u2014billige coils kan sl\u00f8re smagen eller f\u00f8les h\u00e5rde. WASPE\u2019s coil-ops\u00e6tning sigter mod rene overgange og f\u00e6rre t\u00f8rre, ridsefulde tr\u00e6k.<\/p>\n<\/li>\n<li data-start=\"2063\" data-end=\"2363\">\n<p data-start=\"2065\" data-end=\"2363\"><strong data-start=\"2065\" data-end=\"2111\">Genopladelig str\u00f8m holder v\u00e6rdien \u00e6gte.<\/strong> Med <strong data-start=\"2117\" data-end=\"2143\">650mAh Type-C opladning<\/strong>, enheden kan hurtigt genopfyldes og bruges gennem dens lange levetid. Dette reducerer \u201cbatteri d\u00f8de f\u00f8rst\u201d affald\u2014et af de st\u00f8rste problemer, folk st\u00e5r overfor, n\u00e5r de k\u00f8ber <strong data-start=\"2306\" data-end=\"2328\">Billige e-cigaretter<\/strong> der ikke er designet til langvarig brug.<\/p>\n<\/li>\n<li data-start=\"2365\" data-end=\"2676\">\n<p data-start=\"2367\" data-end=\"2676\"><strong data-start=\"2367\" data-end=\"2422\">Bygget til b\u00e5de personlig brug og engrosoms\u00e6tning.<\/strong> Hovedspecifikationerne (150K puffer, 6 smage, 64ml, LED-sk\u00e6rm) er lette at s\u00e6lge i detailhandlen. For distribut\u00f8rer er det en ligetil historie, der klarer sig godt i Danmark, Spanien, Frankrig og Holland\u2014markeder hvor h\u00f8jkapacitetsenheder kan bev\u00e6ge sig hurtigt.<\/p>\n<\/li>\n<\/ul>\n<p><strong><span style=\"color: #ff0000;\">Tilf\u00f8j Amys whatsapp, f\u00e5 et hurtigt svar og en vape-kupon!<\/span><\/strong><\/p>\n<p><img fetchpriority=\"high\" decoding=\"async\" class=\"size-full wp-image-2932\" src=\"https:\/\/vapestornado.com\/wp-content\/uploads\/2024\/12\/Vape-Wholesale.jpg\" alt=\"Vape Engros\" width=\"229\" height=\"300\" \/><\/p>\n<h3><a href=\"https:\/\/wa.me\/8617776015835\" target=\"_blank\" rel=\"noopener\"><span style=\"color: #ff0000;\"><strong>WhatsApp: +86 17776015835<\/strong><\/span><\/a><\/h3>\n<p>&nbsp;<\/p>\n<h2><strong>WASPE 150K 150000 Puf Produktfunktioner<\/strong><\/h2>\n<table>\n<thead>\n<tr>\n<th>Funktion<\/th>\n<th>specifikationer<\/th>\n<th>hvordan det fungerer<\/th>\n<\/tr>\n<\/thead>\n<tbody>\n<tr>\n<td>Produktnavn<\/td>\n<td>WASPE 150K 150000 Puff<\/td>\n<td>Ultra-h\u00f8j kapacitets engangs vape med smagsudskiftning<\/td>\n<\/tr>\n<tr>\n<td>Pust t\u00e6ller<\/td>\n<td>Op til 150.000 puffer<\/td>\n<td>Designet til at reducere udskiftningsfrekvensen for tunge rutiner<\/td>\n<\/tr>\n<tr>\n<td>Smagsystem<\/td>\n<td>6-i-1 skiftbar kapselsystem<\/td>\n<td>Roter smagene \u00f8jeblikkeligt inde i \u00e9n enhed<\/td>\n<\/tr>\n<tr>\n<td>E-v\u00e6ske Kapacitet<\/td>\n<td>64ml forudfyldt<\/td>\n<td>Stor forsyning underst\u00f8tter lange sessioner og h\u00f8jt puff-rating<\/td>\n<\/tr>\n<tr>\n<td>Spole<\/td>\n<td>1.0\u03a9 tredobbelt mesh coil<\/td>\n<td>J\u00e6vn opvarmning for t\u00e6t damp og ensartet smagsklarhed<\/td>\n<\/tr>\n<tr>\n<td>Batteri<\/td>\n<td>650mAh genopladelig<\/td>\n<td>Genoplad efter behov for at forts\u00e6tte med at bruge den fulde v\u00e6skeforsyning<\/td>\n<\/tr>\n<tr>\n<td>Opladning<\/td>\n<td>Type-C hurtigopladning<\/td>\n<td>Hurtige p\u00e5fyldninger med almindelige EU-kabler<\/td>\n<\/tr>\n<tr>\n<td>Sk\u00e6rm<\/td>\n<td>LED smart display<\/td>\n<td>Viser batteri- og e-v\u00e6skeniveau for forudsigelig daglig brug<\/td>\n<\/tr>\n<tr>\n<td>Nikotinmuligheder<\/td>\n<td>0% \/ 2% \/ 5%<\/td>\n<td>Underst\u00f8tter nikotinfri, lav og st\u00e6rkere pr\u00e6ferencer<\/td>\n<\/tr>\n<\/tbody>\n<\/table>\n<figure id=\"attachment_4416\" aria-describedby=\"caption-attachment-4416\" style=\"width: 300px\" class=\"wp-caption alignnone\"><img decoding=\"async\" class=\"size-medium wp-image-4416\" src=\"https:\/\/vapestornado.com\/wp-content\/uploads\/2025\/10\/WASPE-150K-150000-Puff-Disposable-Vape-Wholesale-Factory-Price-300x300.webp\" alt=\"WASPE 150K 150000 Puff Engangs Vape Engros Fabrikspris\" width=\"300\" height=\"300\" srcset=\"https:\/\/vapestornado.com\/wp-content\/uploads\/2025\/10\/WASPE-150K-150000-Puff-Disposable-Vape-Wholesale-Factory-Price-300x300.webp 300w, https:\/\/vapestornado.com\/wp-content\/uploads\/2025\/10\/WASPE-150K-150000-Puff-Disposable-Vape-Wholesale-Factory-Price-150x150.webp 150w, https:\/\/vapestornado.com\/wp-content\/uploads\/2025\/10\/WASPE-150K-150000-Puff-Disposable-Vape-Wholesale-Factory-Price-768x768.webp 768w, https:\/\/vapestornado.com\/wp-content\/uploads\/2025\/10\/WASPE-150K-150000-Puff-Disposable-Vape-Wholesale-Factory-Price-12x12.webp 12w, https:\/\/vapestornado.com\/wp-content\/uploads\/2025\/10\/WASPE-150K-150000-Puff-Disposable-Vape-Wholesale-Factory-Price-600x600.webp 600w, https:\/\/vapestornado.com\/wp-content\/uploads\/2025\/10\/WASPE-150K-150000-Puff-Disposable-Vape-Wholesale-Factory-Price-100x100.webp 100w, https:\/\/vapestornado.com\/wp-content\/uploads\/2025\/10\/WASPE-150K-150000-Puff-Disposable-Vape-Wholesale-Factory-Price.webp 800w\" sizes=\"(max-width: 300px) 100vw, 300px\" \/><figcaption id=\"caption-attachment-4416\" class=\"wp-caption-text\">WASPE 150K 150000 Puff Engangs Vape Engros Fabrikspris<\/figcaption><\/figure>\n<h2 class=\"product-title\"><strong>WASPE 150K 150000 Puff Puff Smagsliste<\/strong><\/h2>\n<p data-start=\"2550\" data-end=\"2736\">1. Vandmelon Is &amp; Citron Lime &amp; Citron Peach<br \/>\n2. Bl\u00e5b\u00e6r Is &amp; Jordb\u00e6r Kiwi &amp; Kirseb\u00e6r Jordb\u00e6r Is<br \/>\n3. Red Bull Is &amp; Hindb\u00e6r Pomp &amp; Sur Mango Jordb\u00e6r<br \/>\n4. Jordb\u00e6r Vandmelon &amp; Saftig Peach Is &amp; Trefarvet B\u00e6r Is<br \/>\n5. Kirseb\u00e6r Cola Is &amp; Jordb\u00e6r Red Bull Is &amp; Vandmelon Hindb\u00e6r<br \/>\n6. Drue Is &amp; Bl\u00e5 Razz Kirseb\u00e6r &amp; Jordb\u00e6r Is<br \/>\n7. Blandet B\u00e6r &amp; Sort Drageon Is &amp; Jordb\u00e6r Kirseb\u00e6r Cola<br \/>\n8. Brusende Cola Is &amp; Energidrik &amp; Kirseb\u00e6r Is<br \/>\n9. Jordb\u00e6r Banan &amp; Kiwi Vandmelon &amp; Kokos Jordb\u00e6r<br \/>\n10. Red Bull Cola Is &amp; Jordb\u00e6r Hindb\u00e6r Kirseb\u00e6r &amp; Bromb\u00e6r Dragefrugt<br \/>\n11. Jordb\u00e6r Vandmelon Bubblegum &amp; Sur Mango Is &amp; Jordb\u00e6r Drue Is<br \/>\n12. Melon Passionfrugt &amp; Bromb\u00e6r Is &amp; \u00c6ble Kiwi<\/p>\n<div class=\"flex-shrink-0 flex flex-col relative items-end\">\n<div class=\"pt-0\">\n<div class=\"gizmo-bot-avatar flex h-8 w-8 items-center justify-center overflow-hidden rounded-full\">\n<div class=\"relative p-1 rounded-sm flex items-center justify-center bg-token-main-surface-primary text-token-text-primary h-8 w-8\">\n<h2 data-start=\"1200\" data-end=\"1487\">Vapes Tornado \u2013 Din Engros Online Vape Butik for Top Vape M\u00e6rker<\/h2>\n<p data-start=\"1200\" data-end=\"1487\"><strong data-start=\"141\" data-end=\"177\">Vapes Tornado Online R\u00f8gbutik<\/strong> er din betroede kilde til <strong data-start=\"205\" data-end=\"270\">premium engangs vapes og engros e-cigaretter i Europa<\/strong>. Vi har top-s\u00e6lgende m\u00e6rker som <strong data-start=\"307\" data-end=\"362\"><a href=\"https:\/\/vapestornado.com\/da\/product\/randm-12000-puffs-fumot-digital-disposable-vape-wholesale-price\/\">Fumot VAPE<\/a>, <a href=\"https:\/\/vapestornado.com\/da\/product\/original-wga-ultra-35k-35000-puff-rechargeable-crystal-disposable-nicotine-vape-best-discount-price\/\">WGA VAPE<\/a>, <\/strong><strong data-start=\"307\" data-end=\"362\"><a href=\"https:\/\/vapestornado.com\/da\/product\/vozol-gear-shisha-25k-25000-puffs-best-dtl-disposable-vape-hookah-cheap-price\/\">VOZOL BAR VAPE<\/a>, \u00a0 Bang Vape<\/strong>, og mere, hvilket sikrer kvalitet og udvalg for hver kunde. Uanset om du er en individuel vaper eller en engros k\u00f8ber, leverer vi <strong data-start=\"481\" data-end=\"550\">h\u00f8jtydende enheder, stilfulde designs og konkurrencedygtige priser<\/strong> for at im\u00f8dekomme dine behov.<\/p>\n<h2 data-start=\"2064\" data-end=\"2115\">FAQs om WASPE 150K 150000 Puf Engangs Vape<\/h2>\n<ol data-start=\"3648\" data-end=\"4929\">\n<li data-start=\"3648\" data-end=\"3906\">\n<p data-start=\"3651\" data-end=\"3906\"><strong data-start=\"3651\" data-end=\"3759\">Hvordan h\u00e5ndterer WASPE 150K 150000 Puff 64ml engangs vape langvarig daglig brug uden hurtigt at miste styrke?<\/strong><br data-start=\"3759\" data-end=\"3762\" \/>64ml kapaciteten underst\u00f8tter langvarig brug, og Type-C genopladelighed holder den i gang, s\u00e5 du kan n\u00e5 dens langtidsholdbare potentiale.<\/p>\n<\/li>\n<li data-start=\"3908\" data-end=\"4121\">\n<p data-start=\"3911\" data-end=\"4121\"><strong data-start=\"3911\" data-end=\"3997\">Holder WASPE 150000 Puffs 6-i-1 patron system smagen frisk over uger?<\/strong><br data-start=\"3997\" data-end=\"4000\" \/>Ja. Skift af smag reducerer \u201csmagsudmatning,\u201d hvilket er den prim\u00e6re \u00e5rsag til, at mange brugere tidligt opgiver h\u00f8jkapacitetsenheder.<\/p>\n<\/li>\n<li data-start=\"4123\" data-end=\"4389\">\n<p data-start=\"4126\" data-end=\"4389\"><strong data-start=\"4126\" data-end=\"4227\">Hvilken forskel g\u00f8r en 1,0\u03a9 triple mesh coil i en pod e-cigaret stil engangs som WASPE 150K?<\/strong><br data-start=\"4227\" data-end=\"4230\" \/>Triple mesh opvarmning spreder varmen mere j\u00e6vnt, forbedrer dampens glathed og hj\u00e6lper smagene med at forblive klare\u2014is\u00e6r vigtigt n\u00e5r man roterer flere smagsvarianter.<\/p>\n<\/li>\n<li data-start=\"4391\" data-end=\"4632\">\n<p data-start=\"4394\" data-end=\"4632\"><strong data-start=\"4394\" data-end=\"4493\">Er WASPE 150K en bedre v\u00e6rdi end billige e-cigaretter, n\u00e5r man sammenligner vaporpris i Vape PL?<\/strong><br data-start=\"4493\" data-end=\"4496\" \/>Ofte ja. Selv hvis startprisen er h\u00f8jere, kan omkostningen pr. dag v\u00e6re lavere p\u00e5 grund af langt f\u00e6rre udskiftninger og genopladelig brugbarhed.<\/p>\n<\/li>\n<li data-start=\"4634\" data-end=\"4929\">\n<p data-start=\"4637\" data-end=\"4929\"><strong data-start=\"4637\" data-end=\"4746\">Hvem er WASPE 150K 150000 Puff bedst egnet til\u2014lette brugere eller tunge brugere, der s\u00f8ger st\u00e6rk damp-smag?<\/strong><br data-start=\"4746\" data-end=\"4749\" \/>Den er prim\u00e6rt designet til tungere rutiner og brugere, der \u00f8nsker variation uden at b\u00e6re flere enheder. Nikotinalternativer (0%, 2%, 5%) g\u00f8r den egnet til b\u00e5de lettere og st\u00e6rkere pr\u00e6ferencer.<\/p>\n<\/li>\n<\/ol>\n<\/div>\n<\/div>\n<\/div>\n<\/div>","protected":false},"excerpt":{"rendered":"<p data-start=\"3411\" data-end=\"3490\">WASPE 150K 150000 Puff engangs vape med 6-i-1 smagskapselsystem, 64ml forudfyldt e-v\u00e6ske, 1.0\u03a9 triple mesh coil, LED smart display og 650mAh Type-C genopladning. St\u00e6rk langvarig v\u00e6rdi for Vape PL-k\u00f8bere, der sammenligner vaporpris, bedste engangsprodukter og billige e-cigaretter, med pod e-cig stil smagsudskiftning.<\/p>\n<p><strong>Tilf\u00f8j Amys whatsapp for at f\u00e5 korrekt svar og rabatpris!<\/strong><\/p>\n<p><img fetchpriority=\"high\" decoding=\"async\" class=\"size-full wp-image-2932\" src=\"https:\/\/vapestornado.com\/wp-content\/uploads\/2024\/12\/Vape-Wholesale.jpg\" alt=\"Vape Engros\" width=\"229\" height=\"300\" \/><\/p>\n<h3><a href=\"https:\/\/wa.me\/8617776015835\"><span style=\"color: #ff0000;\"><strong>WhatsApp: +86 17776015835<\/strong><\/span><\/a><\/h3>","protected":false},"featured_media":4421,"comment_status":"open","ping_status":"closed","template":"","meta":{"_acf_changed":false,"_uag_custom_page_level_css":"","_lmt_disableupdate":"no","_lmt_disable":"","_monsterinsights_skip_tracking":false,"_monsterinsights_sitenote_active":false,"_monsterinsights_sitenote_note":"","_monsterinsights_sitenote_category":0,"site-sidebar-layout":"default","site-content-layout":"","ast-site-content-layout":"default","site-content-style":"default","site-sidebar-style":"default","ast-global-header-display":"","ast-banner-title-visibility":"","ast-main-header-display":"","ast-hfb-above-header-display":"","ast-hfb-below-header-display":"","ast-hfb-mobile-header-display":"","site-post-title":"","ast-breadcrumbs-content":"","ast-featured-img":"","footer-sml-layout":"","ast-disable-related-posts":"","theme-transparent-header-meta":"default","adv-header-id-meta":"","stick-header-meta":"","header-above-stick-meta":"","header-main-stick-meta":"","header-below-stick-meta":"","astra-migrate-meta-layouts":"set","ast-page-background-enabled":"default","ast-page-background-meta":{"desktop":{"background-color":"","background-image":"","background-repeat":"repeat","background-position":"center center","background-size":"auto","background-attachment":"scroll","background-type":"","background-media":"","overlay-type":"","overlay-color":"","overlay-opacity":"","overlay-gradient":""},"tablet":{"background-color":"","background-image":"","background-repeat":"repeat","background-position":"center center","background-size":"auto","background-attachment":"scroll","background-type":"","background-media":"","overlay-type":"","overlay-color":"","overlay-opacity":"","overlay-gradient":""},"mobile":{"background-color":"","background-image":"","background-repeat":"repeat","background-position":"center center","background-size":"auto","background-attachment":"scroll","background-type":"","background-media":"","overlay-type":"","overlay-color":"","overlay-opacity":"","overlay-gradient":""}},"ast-content-background-meta":{"desktop":{"background-color":"var(--ast-global-color-5)","background-image":"","background-repeat":"repeat","background-position":"center center","background-size":"auto","background-attachment":"scroll","background-type":"","background-media":"","overlay-type":"","overlay-color":"","overlay-opacity":"","overlay-gradient":""},"tablet":{"background-color":"var(--ast-global-color-5)","background-image":"","background-repeat":"repeat","background-position":"center center","background-size":"auto","background-attachment":"scroll","background-type":"","background-media":"","overlay-type":"","overlay-color":"","overlay-opacity":"","overlay-gradient":""},"mobile":{"background-color":"var(--ast-global-color-5)","background-image":"","background-repeat":"repeat","background-position":"center center","background-size":"auto","background-attachment":"scroll","background-type":"","background-media":"","overlay-type":"","overlay-color":"","overlay-opacity":"","overlay-gradient":""}},"_joinchat":[]},"product_brand":[],"product_cat":[394,154,142,144,146,60],"product_tag":[387,287,388,390,393,386,392,391],"class_list":{"0":"post-4422","1":"product","2":"type-product","3":"status-publish","4":"has-post-thumbnail","6":"product_cat-150000-puff","7":"product_cat-buy-disposable-vapes-in-netherlands","8":"product_cat-digital-box-disposable-vapes","9":"product_cat-low-nicotine-disposable-vapes","10":"product_cat-rechargeable-disposable-vapes","11":"product_cat-waspe-fihp-vape","12":"product_tag-cigarette-vapor","13":"product_tag-disposable-vape-pen","14":"product_tag-e-vape","15":"product_tag-online-vape-shop","16":"product_tag-vape-cartridge","17":"product_tag-vape-pen","18":"product_tag-waspe-150000-puff","19":"product_tag-waspe-150k","20":"desktop-align-left","21":"tablet-align-left","22":"mobile-align-left","24":"first","25":"instock","26":"sale","27":"shipping-taxable","28":"purchasable","29":"product-type-simple"},"acf":[],"uagb_featured_image_src":{"full":["https:\/\/vapestornado.com\/wp-content\/uploads\/2025\/10\/WASPE-AIVIOU-150K-Disposable-Vape-Wholesale-Price.webp",800,800,false],"thumbnail":["https:\/\/vapestornado.com\/wp-content\/uploads\/2025\/10\/WASPE-AIVIOU-150K-Disposable-Vape-Wholesale-Price-150x150.webp",150,150,true],"medium":["https:\/\/vapestornado.com\/wp-content\/uploads\/2025\/10\/WASPE-AIVIOU-150K-Disposable-Vape-Wholesale-Price-300x300.webp",300,300,true],"medium_large":["https:\/\/vapestornado.com\/wp-content\/uploads\/2025\/10\/WASPE-AIVIOU-150K-Disposable-Vape-Wholesale-Price-768x768.webp",768,768,true],"large":["https:\/\/vapestornado.com\/wp-content\/uploads\/2025\/10\/WASPE-AIVIOU-150K-Disposable-Vape-Wholesale-Price.webp",800,800,false],"1536x1536":["https:\/\/vapestornado.com\/wp-content\/uploads\/2025\/10\/WASPE-AIVIOU-150K-Disposable-Vape-Wholesale-Price.webp",800,800,false],"2048x2048":["https:\/\/vapestornado.com\/wp-content\/uploads\/2025\/10\/WASPE-AIVIOU-150K-Disposable-Vape-Wholesale-Price.webp",800,800,false],"trp-custom-language-flag":["https:\/\/vapestornado.com\/wp-content\/uploads\/2025\/10\/WASPE-AIVIOU-150K-Disposable-Vape-Wholesale-Price-12x12.webp",12,12,true],"woocommerce_thumbnail":["https:\/\/vapestornado.com\/wp-content\/uploads\/2025\/10\/WASPE-AIVIOU-150K-Disposable-Vape-Wholesale-Price-300x300.webp",300,300,true],"woocommerce_single":["https:\/\/vapestornado.com\/wp-content\/uploads\/2025\/10\/WASPE-AIVIOU-150K-Disposable-Vape-Wholesale-Price-600x600.webp",600,600,true],"woocommerce_gallery_thumbnail":["https:\/\/vapestornado.com\/wp-content\/uploads\/2025\/10\/WASPE-AIVIOU-150K-Disposable-Vape-Wholesale-Price-100x100.webp",100,100,true]},"uagb_author_info":{"display_name":"ESAMY","author_link":"https:\/\/vapestornado.com\/da\/author\/"},"uagb_comment_info":1,"uagb_excerpt":"WASPE 150K 150000 Puff disposable vape with 6-in-1 flavour cartridge system, 64ml prefilled e-liquid, 1.0\u03a9 triple mesh coil, LED smart display and 650mAh Type-C recharge. Strong long-life value for Vape PL buyers comparing Vapor price, Best disposables and Cheap e-cigarettes, with pod ecig style flavour switching. Add Amy's whatsapp to get right reply and discount&hellip;","_links":{"self":[{"href":"https:\/\/vapestornado.com\/da\/wp-json\/wp\/v2\/product\/4422","targetHints":{"allow":["GET"]}}],"collection":[{"href":"https:\/\/vapestornado.com\/da\/wp-json\/wp\/v2\/product"}],"about":[{"href":"https:\/\/vapestornado.com\/da\/wp-json\/wp\/v2\/types\/product"}],"replies":[{"embeddable":true,"href":"https:\/\/vapestornado.com\/da\/wp-json\/wp\/v2\/comments?post=4422"}],"wp:featuredmedia":[{"embeddable":true,"href":"https:\/\/vapestornado.com\/da\/wp-json\/wp\/v2\/media\/4421"}],"wp:attachment":[{"href":"https:\/\/vapestornado.com\/da\/wp-json\/wp\/v2\/media?parent=4422"}],"wp:term":[{"taxonomy":"product_brand","embeddable":true,"href":"https:\/\/vapestornado.com\/da\/wp-json\/wp\/v2\/product_brand?post=4422"},{"taxonomy":"product_cat","embeddable":true,"href":"https:\/\/vapestornado.com\/da\/wp-json\/wp\/v2\/product_cat?post=4422"},{"taxonomy":"product_tag","embeddable":true,"href":"https:\/\/vapestornado.com\/da\/wp-json\/wp\/v2\/product_tag?post=4422"}],"curies":[{"name":"wp","href":"https:\/\/api.w.org\/{rel}","templated":true}]}}