{"id":4411,"date":"2025-10-05T07:54:46","date_gmt":"2025-10-05T07:54:46","guid":{"rendered":"https:\/\/vapestornado.com\/?post_type=product&#038;p=4411"},"modified":"2025-09-30T09:13:19","modified_gmt":"2025-09-30T09:13:19","slug":"aivono-flame-30000-puffs-disposable-e-vapor-wholesale-at-low-price","status":"publish","type":"product","link":"https:\/\/vapestornado.com\/da\/product\/aivono-flame-30000-puffs-disposable-e-vapor-wholesale-at-low-price\/","title":{"rendered":"AIVONO FLAME 30000 Puffs Engangs E Vape Engros til Lav Pris"},"content":{"rendered":"<h2 data-pm-slice=\"1 1 []\">AIVONO FLAME 30000 engangs vape \u2013 Engros e-damp pen<\/h2>\n<p data-start=\"232\" data-end=\"653\">Den <strong data-start=\"236\" data-end=\"278\">AIVONO FLAME 30000 engangs vape pen<\/strong> er bygget til det europ\u00e6iske engrosmarked og leverer op til <strong data-start=\"340\" data-end=\"356\">30.000 sug<\/strong> fra en <strong data-start=\"364\" data-end=\"386\">25mL e-v\u00e6ske tank<\/strong>. Designet som en premium <strong data-start=\"410\" data-end=\"420\">e-vape<\/strong> mulighed, giver den brugerne fuld tilfredsstillelse af et <strong data-start=\"471\" data-end=\"490\">cigaretvapor<\/strong> alternativ med rig smag og glat sug. Detailhandlere drager fordel af dets langtidsholdbare design, som reducerer udskiftningsfrekvensen og \u00f8ger salgspotentialet.<\/p>\n<p data-start=\"655\" data-end=\"1065\">Drevet af en <strong data-start=\"668\" data-end=\"720\">650mAh genopladeligt batteri med Type-C opladning<\/strong>, <strong data-start=\"726\" data-end=\"746\">AIVONO FLAME 30k<\/strong> er lavet til konsekvent ydeevne. Den <strong data-start=\"787\" data-end=\"810\">1,2\u03a9 dual mesh coil<\/strong> producerer t\u00e6tte skyer og ren smagsklarhed, mens den <strong data-start=\"868\" data-end=\"898\">justerbare 2-trins luftstr\u00f8m<\/strong> lader brugerne v\u00e6lge mellem en strammere MTL ind\u00e5nding eller en l\u00f8sere RDL fornemmelse. Dens <strong data-start=\"972\" data-end=\"992\">LED dobbelt display<\/strong> holder brugerne i kontrol og viser realtids batteri- og e-v\u00e6ske niveauer.<\/p>\n<p data-start=\"1067\" data-end=\"1483\">Tilg\u00e6ngelig til engrospriser gennem betroede <strong data-start=\"1114\" data-end=\"1134\">online vape butik<\/strong> partnere, den <strong data-start=\"1149\" data-end=\"1171\">AIVONO FLAME 30000<\/strong> kommer i top-smagsvarianter som Mango Ice, Grape Ice, Blueberry Ice, Blueberry Raspberry Pomegranate og Strawberry Watermelon. Med <strong data-start=\"1300\" data-end=\"1325\">b\u00f8rnesikring<\/strong> og holdbar konstruktion, er denne engangs<strong data-start=\"1368\" data-end=\"1393\">\u00a0vape pen<\/strong> det smarte valg for europ\u00e6iske distribut\u00f8rer og slutbrugere.<\/p>\n<p><strong><span style=\"color: #ff0000;\">Tilf\u00f8j Amys whatsapp, f\u00e5 et hurtigt svar og en vape-kupon!<\/span><\/strong><\/p>\n<p><img fetchpriority=\"high\" decoding=\"async\" class=\"size-full wp-image-2932\" src=\"https:\/\/vapestornado.com\/wp-content\/uploads\/2024\/12\/Vape-Wholesale.jpg\" alt=\"Vape Engros\" width=\"229\" height=\"300\" \/><\/p>\n<h3><a href=\"https:\/\/wa.me\/8617776015835\" target=\"_blank\" rel=\"noopener\"><span style=\"color: #ff0000;\"><strong>WhatsApp: +86 17776015835<\/strong><\/span><\/a><\/h3>\n<p>&nbsp;<\/p>\n<h2><strong>AIVONO AIM FLAME 30000 Puff Produktfunktioner<\/strong><\/h2>\n<ul>\n<li data-start=\"1288\" data-end=\"1365\">\n<p data-start=\"1290\" data-end=\"1365\"><strong data-start=\"1290\" data-end=\"1312\">Op til 30.000 puffs<\/strong> \u2013 Bygget til langvarig brug og engros effektivitet.<\/p>\n<\/li>\n<li data-start=\"1366\" data-end=\"1439\">\n<p data-start=\"1368\" data-end=\"1439\"><strong data-start=\"1368\" data-end=\"1390\">25mL e-v\u00e6ske tank<\/strong> \u2013 L\u00e6ngere dampsessioner uden udskiftning.<\/p>\n<\/li>\n<li data-start=\"1440\" data-end=\"1518\">\n<p data-start=\"1442\" data-end=\"1518\"><strong data-start=\"1442\" data-end=\"1473\">650mAh genopladelige batteri<\/strong> \u2013 Hurtig <strong data-start=\"1481\" data-end=\"1500\">Type-C opladning<\/strong> g\u00f8r den klar.<\/p>\n<\/li>\n<li data-start=\"1519\" data-end=\"1596\">\n<p data-start=\"1521\" data-end=\"1596\"><strong data-start=\"1521\" data-end=\"1546\">Dobbelt mesh-spole (1,2\u03a9)<\/strong> \u2013 Rigere smag og glattere dampkonsistens.<\/p>\n<\/li>\n<li data-start=\"1597\" data-end=\"1672\">\n<p data-start=\"1599\" data-end=\"1672\"><strong data-start=\"1599\" data-end=\"1629\">2-trins justerbar luftstr\u00f8m<\/strong> \u2013 Skift mellem <strong data-start=\"1647\" data-end=\"1669\">MTL og DTL dampsessioner<\/strong>.<\/p>\n<\/li>\n<li data-start=\"1673\" data-end=\"1736\">\n<p data-start=\"1675\" data-end=\"1736\"><strong data-start=\"1675\" data-end=\"1696\">B\u00f8rnesikring<\/strong> \u2013 Yderligere beskyttelse for ro i sindet.<\/p>\n<\/li>\n<li data-start=\"1737\" data-end=\"1804\">\n<p data-start=\"1739\" data-end=\"1804\"><strong data-start=\"1739\" data-end=\"1759\">LED dobbelt display<\/strong> \u2013 Realtids overv\u00e5gning af e-v\u00e6ske og batteri.<\/p>\n<\/li>\n<\/ul>\n<p>&nbsp;<\/p>\n<figure id=\"attachment_4409\" aria-describedby=\"caption-attachment-4409\" style=\"width: 300px\" class=\"wp-caption alignnone\"><img decoding=\"async\" class=\"size-medium wp-image-4409\" src=\"https:\/\/vapestornado.com\/wp-content\/uploads\/2025\/09\/Aivono-Flame-30k-30000-Puffs-Disposable-Vape-Box-300x300.webp\" alt=\"Aivono Flame 30k 30000 Puffs Engangs Vape Boks\" width=\"300\" height=\"300\" srcset=\"https:\/\/vapestornado.com\/wp-content\/uploads\/2025\/09\/Aivono-Flame-30k-30000-Puffs-Disposable-Vape-Box-300x300.webp 300w, https:\/\/vapestornado.com\/wp-content\/uploads\/2025\/09\/Aivono-Flame-30k-30000-Puffs-Disposable-Vape-Box-150x150.webp 150w, https:\/\/vapestornado.com\/wp-content\/uploads\/2025\/09\/Aivono-Flame-30k-30000-Puffs-Disposable-Vape-Box-768x768.webp 768w, https:\/\/vapestornado.com\/wp-content\/uploads\/2025\/09\/Aivono-Flame-30k-30000-Puffs-Disposable-Vape-Box-12x12.webp 12w, https:\/\/vapestornado.com\/wp-content\/uploads\/2025\/09\/Aivono-Flame-30k-30000-Puffs-Disposable-Vape-Box-600x600.webp 600w, https:\/\/vapestornado.com\/wp-content\/uploads\/2025\/09\/Aivono-Flame-30k-30000-Puffs-Disposable-Vape-Box-100x100.webp 100w, https:\/\/vapestornado.com\/wp-content\/uploads\/2025\/09\/Aivono-Flame-30k-30000-Puffs-Disposable-Vape-Box.webp 800w\" sizes=\"(max-width: 300px) 100vw, 300px\" \/><figcaption id=\"caption-attachment-4409\" class=\"wp-caption-text\">Aivono Flame 30k 30000 Puffs Engangs Vape Boks<\/figcaption><\/figure>\n<p>&nbsp;<\/p>\n<h2 class=\"product-title\"><strong>AIVONOFLAME 30000 Puff Smagsliste<\/strong><\/h2>\n<p data-start=\"2550\" data-end=\"2736\">1. Mango Is<br \/>\n2. Rape Is<br \/>\n3.Bl\u00e5b\u00e6r Is<br \/>\n4. Bl\u00e5b\u00e6r Hindb\u00e6r Granat\u00e6ble<br \/>\n5.Jordb\u00e6r Vandmelon<\/p>\n<div class=\"flex-shrink-0 flex flex-col relative items-end\">\n<div class=\"pt-0\">\n<div class=\"gizmo-bot-avatar flex h-8 w-8 items-center justify-center overflow-hidden rounded-full\">\n<div class=\"relative p-1 rounded-sm flex items-center justify-center bg-token-main-surface-primary text-token-text-primary h-8 w-8\">\n<h2 data-start=\"1200\" data-end=\"1487\">Vapes Tornado \u2013 Din Engros Online Vape Butik for Top Vape M\u00e6rker<\/h2>\n<p data-start=\"1200\" data-end=\"1487\"><strong data-start=\"141\" data-end=\"177\">Vapes Tornado Online R\u00f8gbutik<\/strong> er din betroede kilde til <strong data-start=\"205\" data-end=\"270\">premium engangs vapes og engros e-cigaretter i Europa<\/strong>. Vi har top-s\u00e6lgende m\u00e6rker som <strong data-start=\"307\" data-end=\"362\"><a href=\"https:\/\/vapestornado.com\/da\/product\/randm-12000-puffs-fumot-digital-disposable-vape-wholesale-price\/\">Fumot VAPE<\/a>, <a href=\"https:\/\/vapestornado.com\/da\/product\/original-wga-ultra-35k-35000-puff-rechargeable-crystal-disposable-nicotine-vape-best-discount-price\/\">WGA VAPE<\/a>, <\/strong><strong data-start=\"307\" data-end=\"362\"><a href=\"https:\/\/vapestornado.com\/da\/product\/vozol-gear-shisha-25k-25000-puffs-best-dtl-disposable-vape-hookah-cheap-price\/\">VOZOL BAR VAPE<\/a>, \u00a0 Bang Vape<\/strong>, og mere, hvilket sikrer kvalitet og udvalg for hver kunde. Uanset om du er en individuel vaper eller en engros k\u00f8ber, leverer vi <strong data-start=\"481\" data-end=\"550\">h\u00f8jtydende enheder, stilfulde designs og konkurrencedygtige priser<\/strong> for at im\u00f8dekomme dine behov.<\/p>\n<h2 data-start=\"2064\" data-end=\"2115\">Ofte stillede sp\u00f8rgsm\u00e5l om AIVONO 30000 Puff Engangs Vape<\/h2>\n<p data-start=\"1856\" data-end=\"2020\"><strong data-start=\"1856\" data-end=\"1903\">1. Hvor l\u00e6nge holder AIVONO FLAME 30K?<\/strong><br data-start=\"1903\" data-end=\"1906\" \/>Hver enhed giver op til <strong data-start=\"1933\" data-end=\"1949\">30.000 sug<\/strong>, hvilket g\u00f8r den til en af de l\u00e6ngstvarende engangs vapes i sin klasse.<\/p>\n<p data-start=\"2022\" data-end=\"2154\"><strong data-start=\"2022\" data-end=\"2057\">2. Er batteriet genopladeligt?<\/strong><br data-start=\"2057\" data-end=\"2060\" \/>Ja. Den leveres med et <strong data-start=\"2081\" data-end=\"2112\">650mAh genopladelige batteri<\/strong> og <strong data-start=\"2117\" data-end=\"2132\">Type-C port<\/strong> til hurtig opladning.<\/p>\n<p data-start=\"2156\" data-end=\"2307\"><strong data-start=\"2156\" data-end=\"2198\">3. Underst\u00f8tter det justerbar luftstr\u00f8m?<\/strong><br data-start=\"2198\" data-end=\"2201\" \/>Ja. Det <strong data-start=\"2210\" data-end=\"2234\">dobbelt luftstr\u00f8mskontrol<\/strong> giver brugerne mulighed for at skifte mellem <strong data-start=\"2261\" data-end=\"2280\">stramme MTL-indsugninger<\/strong> og <strong data-start=\"2285\" data-end=\"2304\">l\u00f8se DTL-hits<\/strong>.<\/p>\n<p data-start=\"2309\" data-end=\"2532\"><strong data-start=\"2309\" data-end=\"2358\">4. Hvad g\u00f8r det bedre for engrosk\u00f8bere?<\/strong><br data-start=\"2358\" data-end=\"2361\" \/>Den <strong data-start=\"2365\" data-end=\"2426\">stor puffkapacitet, genopladeligt design og LED-display<\/strong> \u00f8ger kundetilfredsheden og gentagne salg, hvilket g\u00f8r det ideelt til <strong data-start=\"2496\" data-end=\"2529\">online vape-shop distribut\u00f8rer<\/strong>.<\/p>\n<p data-start=\"2534\" data-end=\"2693\"><strong data-start=\"2534\" data-end=\"2568\">5. Hvilke smagsvarianter er tilg\u00e6ngelige?<\/strong><br data-start=\"2568\" data-end=\"2571\" \/>Top smagsvarianter inkluderer <strong data-start=\"2591\" data-end=\"2690\">Mango Ice, Grape Ice, Blueberry Ice, Blueberry Raspberry Pomegranate og Strawberry Watermelon<\/strong>.<\/p>\n<\/div>\n<\/div>\n<\/div>\n<\/div>","protected":false},"excerpt":{"rendered":"<p data-start=\"2637\" data-end=\"2714\">AIVONO FLAME 30000 engangs vape pen \u2013 30K puff e-damp engros Europa<br \/>\nK\u00f8b AIVONO FLAME 30K Puff LED display e-shisha pen \u2013 Online vape butik EU<br \/>\nAIVONO FLAME 30000 puff elektronisk cigaret damp \u2013 Bedste engros engangs vape<\/p>\n<p><strong>Tilf\u00f8j Amys whatsapp for at f\u00e5 korrekt svar og rabatpris!<\/strong><\/p>\n<p><img fetchpriority=\"high\" decoding=\"async\" class=\"size-full wp-image-2932\" src=\"https:\/\/vapestornado.com\/wp-content\/uploads\/2024\/12\/Vape-Wholesale.jpg\" alt=\"Vape Engros\" width=\"229\" height=\"300\" \/><\/p>\n<h3><a href=\"https:\/\/wa.me\/8617776015835\"><span style=\"color: #ff0000;\"><strong>WhatsApp: +86 17776015835<\/strong><\/span><\/a><\/h3>","protected":false},"featured_media":4405,"comment_status":"open","ping_status":"closed","template":"","meta":{"_acf_changed":false,"_uag_custom_page_level_css":"","_lmt_disableupdate":"no","_lmt_disable":"","_monsterinsights_skip_tracking":false,"_monsterinsights_sitenote_active":false,"_monsterinsights_sitenote_note":"","_monsterinsights_sitenote_category":0,"site-sidebar-layout":"default","site-content-layout":"","ast-site-content-layout":"default","site-content-style":"default","site-sidebar-style":"default","ast-global-header-display":"","ast-banner-title-visibility":"","ast-main-header-display":"","ast-hfb-above-header-display":"","ast-hfb-below-header-display":"","ast-hfb-mobile-header-display":"","site-post-title":"","ast-breadcrumbs-content":"","ast-featured-img":"","footer-sml-layout":"","ast-disable-related-posts":"","theme-transparent-header-meta":"default","adv-header-id-meta":"","stick-header-meta":"","header-above-stick-meta":"","header-main-stick-meta":"","header-below-stick-meta":"","astra-migrate-meta-layouts":"set","ast-page-background-enabled":"default","ast-page-background-meta":{"desktop":{"background-color":"","background-image":"","background-repeat":"repeat","background-position":"center center","background-size":"auto","background-attachment":"scroll","background-type":"","background-media":"","overlay-type":"","overlay-color":"","overlay-opacity":"","overlay-gradient":""},"tablet":{"background-color":"","background-image":"","background-repeat":"repeat","background-position":"center center","background-size":"auto","background-attachment":"scroll","background-type":"","background-media":"","overlay-type":"","overlay-color":"","overlay-opacity":"","overlay-gradient":""},"mobile":{"background-color":"","background-image":"","background-repeat":"repeat","background-position":"center center","background-size":"auto","background-attachment":"scroll","background-type":"","background-media":"","overlay-type":"","overlay-color":"","overlay-opacity":"","overlay-gradient":""}},"ast-content-background-meta":{"desktop":{"background-color":"var(--ast-global-color-5)","background-image":"","background-repeat":"repeat","background-position":"center center","background-size":"auto","background-attachment":"scroll","background-type":"","background-media":"","overlay-type":"","overlay-color":"","overlay-opacity":"","overlay-gradient":""},"tablet":{"background-color":"var(--ast-global-color-5)","background-image":"","background-repeat":"repeat","background-position":"center center","background-size":"auto","background-attachment":"scroll","background-type":"","background-media":"","overlay-type":"","overlay-color":"","overlay-opacity":"","overlay-gradient":""},"mobile":{"background-color":"var(--ast-global-color-5)","background-image":"","background-repeat":"repeat","background-position":"center center","background-size":"auto","background-attachment":"scroll","background-type":"","background-media":"","overlay-type":"","overlay-color":"","overlay-opacity":"","overlay-gradient":""}},"_joinchat":[]},"product_brand":[],"product_cat":[67,176,150,151,142,146],"product_tag":[389,387,388,390,386],"class_list":{"0":"post-4411","1":"product","2":"type-product","3":"status-publish","4":"has-post-thumbnail","6":"product_cat-30000-puff","7":"product_cat-aivono-vape","8":"product_cat-buy-disposable-vapes-in-belgium","9":"product_cat-buy-disposable-vapes-in-france","10":"product_cat-digital-box-disposable-vapes","11":"product_cat-rechargeable-disposable-vapes","12":"product_tag-aivono-flame-30000","13":"product_tag-cigarette-vapor","14":"product_tag-e-vape","15":"product_tag-online-vape-shop","16":"product_tag-vape-pen","17":"desktop-align-left","18":"tablet-align-left","19":"mobile-align-left","21":"first","22":"instock","23":"sale","24":"shipping-taxable","25":"purchasable","26":"product-type-simple"},"acf":[],"uagb_featured_image_src":{"full":["https:\/\/vapestornado.com\/wp-content\/uploads\/2025\/09\/Aivono-30k-30000-Puffs-Disposable-Vape-Vaper.webp",800,800,false],"thumbnail":["https:\/\/vapestornado.com\/wp-content\/uploads\/2025\/09\/Aivono-30k-30000-Puffs-Disposable-Vape-Vaper-150x150.webp",150,150,true],"medium":["https:\/\/vapestornado.com\/wp-content\/uploads\/2025\/09\/Aivono-30k-30000-Puffs-Disposable-Vape-Vaper-300x300.webp",300,300,true],"medium_large":["https:\/\/vapestornado.com\/wp-content\/uploads\/2025\/09\/Aivono-30k-30000-Puffs-Disposable-Vape-Vaper-768x768.webp",768,768,true],"large":["https:\/\/vapestornado.com\/wp-content\/uploads\/2025\/09\/Aivono-30k-30000-Puffs-Disposable-Vape-Vaper.webp",800,800,false],"1536x1536":["https:\/\/vapestornado.com\/wp-content\/uploads\/2025\/09\/Aivono-30k-30000-Puffs-Disposable-Vape-Vaper.webp",800,800,false],"2048x2048":["https:\/\/vapestornado.com\/wp-content\/uploads\/2025\/09\/Aivono-30k-30000-Puffs-Disposable-Vape-Vaper.webp",800,800,false],"trp-custom-language-flag":["https:\/\/vapestornado.com\/wp-content\/uploads\/2025\/09\/Aivono-30k-30000-Puffs-Disposable-Vape-Vaper-12x12.webp",12,12,true],"woocommerce_thumbnail":["https:\/\/vapestornado.com\/wp-content\/uploads\/2025\/09\/Aivono-30k-30000-Puffs-Disposable-Vape-Vaper-300x300.webp",300,300,true],"woocommerce_single":["https:\/\/vapestornado.com\/wp-content\/uploads\/2025\/09\/Aivono-30k-30000-Puffs-Disposable-Vape-Vaper-600x600.webp",600,600,true],"woocommerce_gallery_thumbnail":["https:\/\/vapestornado.com\/wp-content\/uploads\/2025\/09\/Aivono-30k-30000-Puffs-Disposable-Vape-Vaper-100x100.webp",100,100,true]},"uagb_author_info":{"display_name":"ESAMY","author_link":"https:\/\/vapestornado.com\/da\/author\/"},"uagb_comment_info":0,"uagb_excerpt":"AIVONO FLAME 30000 Disposable Vape Pen \u2013 30K Puff E Vapor Wholesale Europe Buy AIVONO FLAME 30K Puff LED Display E Shisha Pen \u2013 Online Vape Shop EU AIVONO FLAME 30000 Puffs Electronic Cigarette Vapor \u2013 Best Wholesale Disposable Vape Add Amy's whatsapp to get right reply and discount price! WhatsApp: +86 17776015835","_links":{"self":[{"href":"https:\/\/vapestornado.com\/da\/wp-json\/wp\/v2\/product\/4411","targetHints":{"allow":["GET"]}}],"collection":[{"href":"https:\/\/vapestornado.com\/da\/wp-json\/wp\/v2\/product"}],"about":[{"href":"https:\/\/vapestornado.com\/da\/wp-json\/wp\/v2\/types\/product"}],"replies":[{"embeddable":true,"href":"https:\/\/vapestornado.com\/da\/wp-json\/wp\/v2\/comments?post=4411"}],"wp:featuredmedia":[{"embeddable":true,"href":"https:\/\/vapestornado.com\/da\/wp-json\/wp\/v2\/media\/4405"}],"wp:attachment":[{"href":"https:\/\/vapestornado.com\/da\/wp-json\/wp\/v2\/media?parent=4411"}],"wp:term":[{"taxonomy":"product_brand","embeddable":true,"href":"https:\/\/vapestornado.com\/da\/wp-json\/wp\/v2\/product_brand?post=4411"},{"taxonomy":"product_cat","embeddable":true,"href":"https:\/\/vapestornado.com\/da\/wp-json\/wp\/v2\/product_cat?post=4411"},{"taxonomy":"product_tag","embeddable":true,"href":"https:\/\/vapestornado.com\/da\/wp-json\/wp\/v2\/product_tag?post=4411"}],"curies":[{"name":"wp","href":"https:\/\/api.w.org\/{rel}","templated":true}]}}