{"id":4386,"date":"2025-09-25T07:52:37","date_gmt":"2025-09-25T07:52:37","guid":{"rendered":"https:\/\/vapestornado.com\/?post_type=product&#038;p=4386"},"modified":"2025-09-29T09:40:45","modified_gmt":"2025-09-29T09:40:45","slug":"aivono-fatbear-80k-best-3-in-1-vape-led-display-disposable-vape-pen","status":"publish","type":"product","link":"https:\/\/vapestornado.com\/da\/product\/aivono-fatbear-80k-best-3-in-1-vape-led-display-disposable-vape-pen\/","title":{"rendered":"AIVONO FATBEAR 80K Bedst 3-i-1 Vape LED Display Engangs Vape Pen"},"content":{"rendered":"<h2 data-pm-slice=\"1 1 []\">AIVONO FATBEAR 80K 3-i-1 LED-Display Engangs Vape Pen \u2013 Bedste Engros Engangs Vape<\/h2>\n<p data-start=\"305\" data-end=\"593\">Den <strong data-start=\"309\" data-end=\"331\">AIVONO FATBEAR 80K<\/strong> er det ultimative <strong data-start=\"348\" data-end=\"365\">stor puff vape<\/strong> bygget til kraft, smag og bekvemmelighed. Tilbyder op til <strong data-start=\"423\" data-end=\"439\">80000 puffs<\/strong> med en enorm <strong data-start=\"455\" data-end=\"481\">58mL e-v\u00e6skekapacitet<\/strong>, denne <strong data-start=\"488\" data-end=\"523\">LED-Display Engangs Vape Pen<\/strong> er designet til langvarig ydeevne og glidende tilfredshed.<\/p>\n<p data-start=\"595\" data-end=\"945\">Med en <strong data-start=\"607\" data-end=\"638\">3-i-1 smagskiftesystem<\/strong>, <strong data-start=\"644\" data-end=\"668\">AIVONO FATBEAR 80000<\/strong> lader dig rotere \u00f8jeblikkeligt mellem tre smage i \u00e9n enhed, hvilket giver dig uafbrudt variation uden at skifte pod. Den <strong data-start=\"786\" data-end=\"804\">1,0\u03a9 mesh coil<\/strong> leverer t\u00e6t damp og rig smag, mens den <strong data-start=\"852\" data-end=\"883\">650mAh genopladelige batteri<\/strong> med <strong data-start=\"889\" data-end=\"913\">Type-C hurtigopladning<\/strong> sikrer p\u00e5lidelig brug hele dagen.<\/p>\n<p data-start=\"947\" data-end=\"1325\">Behold kontrollen med <strong data-start=\"972\" data-end=\"993\">smarte LED-sk\u00e6rm<\/strong>, der viser realtids e-v\u00e6ske- og batteriniveauer. Med fleksible nikotinmuligheder (0%, 2%, 3%, 5%), er denne enhed perfekt til b\u00e5de afslappede og tunge vapere. Stilfuld, kraftfuld og bygget til udholdenhed, den <strong data-start=\"1191\" data-end=\"1213\">AIVONO 80K<\/strong> er den <strong data-start=\"1221\" data-end=\"1255\">bedste engros engangs vape<\/strong> til europ\u00e6iske detailhandlere og det foretrukne valg for vapere.<\/p>\n<p><strong><span style=\"color: #ff0000;\">Tilf\u00f8j Amys whatsapp, f\u00e5 et hurtigt svar og en vape-kupon!<\/span><\/strong><\/p>\n<p><img fetchpriority=\"high\" decoding=\"async\" class=\"size-full wp-image-2932\" src=\"https:\/\/vapestornado.com\/wp-content\/uploads\/2024\/12\/Vape-Wholesale.jpg\" alt=\"Vape Engros\" width=\"229\" height=\"300\" \/><\/p>\n<h3><a href=\"https:\/\/wa.me\/8617776015835\" target=\"_blank\" rel=\"noopener\"><span style=\"color: #ff0000;\"><strong>WhatsApp: +86 17776015835<\/strong><\/span><\/a><\/h3>\n<p>&nbsp;<\/p>\n<h2><strong>AIVONO AIM FATBEAR 80K Puff Produktfunktioner<\/strong><\/h2>\n<ul>\n<li data-start=\"1357\" data-end=\"1402\">\n<p data-start=\"1359\" data-end=\"1402\">Op til <strong data-start=\"1365\" data-end=\"1381\">80.000 puffs<\/strong> med en kapacitet p\u00e5 58 ml<\/p>\n<\/li>\n<li data-start=\"1403\" data-end=\"1453\">\n<p data-start=\"1405\" data-end=\"1453\"><strong data-start=\"1405\" data-end=\"1431\">3-i-1 smagsrotation<\/strong> til uafbrudt variation<\/p>\n<\/li>\n<li data-start=\"1454\" data-end=\"1515\">\n<p data-start=\"1456\" data-end=\"1515\"><strong data-start=\"1456\" data-end=\"1487\">650mAh genopladelige batteri<\/strong> med Type-C hurtig opladning<\/p>\n<\/li>\n<li data-start=\"1516\" data-end=\"1568\">\n<p data-start=\"1518\" data-end=\"1568\"><strong data-start=\"1518\" data-end=\"1533\">LED-display<\/strong> sporer e-v\u00e6ske- og batteriniveauer<\/p>\n<\/li>\n<li data-start=\"1569\" data-end=\"1629\">\n<p data-start=\"1571\" data-end=\"1629\"><strong data-start=\"1571\" data-end=\"1589\">1,0\u03a9 mesh coil<\/strong> til konsistente skyer og rig smag<\/p>\n<\/li>\n<li data-start=\"1630\" data-end=\"1665\">\n<p data-start=\"1632\" data-end=\"1665\">Nikotinmuligheder: 0%, 2%, 3%, 5%<\/p>\n<\/li>\n<\/ul>\n<h2 class=\"product-title\"><strong>AIVONO AIM FATBEAR 80K 3-i-1 Smagsliste<\/strong><\/h2>\n<p data-start=\"2550\" data-end=\"2736\">1. Bl\u00e5b\u00e6r Hindb\u00e6r \/ Citron Is \/ Ananas Is<br \/>\n2. Jordb\u00e6r Is \/ Vandmelon Is \/ Boble Gum<br \/>\n3. Mango Is \/ Ananas Kokosn\u00f8d \/ Fersken Is<br \/>\n4. Kirseb\u00e6r Sodavand Is \/ Cola Is \/ Honningmelon<br \/>\n5. Drue \/ Mynte \/ Traneb\u00e6r Iskrem<br \/>\n6. Sur \u00c6ble \/ Jordb\u00e6r Banan \/ Sur Mango Ananas<br \/>\n7. Blandet B\u00e6r \/ Jordb\u00e6r Kiwi \/ Jordb\u00e6r Vandmelon<br \/>\n8. Kiwi Passionfrugt \/ Love66 \/ Mango Is<br \/>\n9. Vandmelon Is \/ Fersken B\u00e6r \/ Kirseb\u00e6r Cola<br \/>\n10. Red Bull \/ Jordb\u00e6r Vandmelon \/ Hindb\u00e6r Candy<\/p>\n<figure id=\"attachment_4397\" aria-describedby=\"caption-attachment-4397\" style=\"width: 300px\" class=\"wp-caption alignnone\"><img decoding=\"async\" class=\"size-medium wp-image-4397\" src=\"https:\/\/vapestornado.com\/wp-content\/uploads\/2025\/09\/Aivono-Aim-Fatbear-Triple-3-in-1-Disposable-Vape-Wholesale-Cheap-Price-300x300.webp\" alt=\"Aivono Aim Fatbear Triple 3-i-1 Engangs Vape Engros Billig Pris\" width=\"300\" height=\"300\" srcset=\"https:\/\/vapestornado.com\/wp-content\/uploads\/2025\/09\/Aivono-Aim-Fatbear-Triple-3-in-1-Disposable-Vape-Wholesale-Cheap-Price-300x300.webp 300w, https:\/\/vapestornado.com\/wp-content\/uploads\/2025\/09\/Aivono-Aim-Fatbear-Triple-3-in-1-Disposable-Vape-Wholesale-Cheap-Price-150x150.webp 150w, https:\/\/vapestornado.com\/wp-content\/uploads\/2025\/09\/Aivono-Aim-Fatbear-Triple-3-in-1-Disposable-Vape-Wholesale-Cheap-Price-768x768.webp 768w, https:\/\/vapestornado.com\/wp-content\/uploads\/2025\/09\/Aivono-Aim-Fatbear-Triple-3-in-1-Disposable-Vape-Wholesale-Cheap-Price-12x12.webp 12w, https:\/\/vapestornado.com\/wp-content\/uploads\/2025\/09\/Aivono-Aim-Fatbear-Triple-3-in-1-Disposable-Vape-Wholesale-Cheap-Price-600x600.webp 600w, https:\/\/vapestornado.com\/wp-content\/uploads\/2025\/09\/Aivono-Aim-Fatbear-Triple-3-in-1-Disposable-Vape-Wholesale-Cheap-Price-100x100.webp 100w, https:\/\/vapestornado.com\/wp-content\/uploads\/2025\/09\/Aivono-Aim-Fatbear-Triple-3-in-1-Disposable-Vape-Wholesale-Cheap-Price.webp 800w\" sizes=\"(max-width: 300px) 100vw, 300px\" \/><figcaption id=\"caption-attachment-4397\" class=\"wp-caption-text\">Aivono Aim Fatbear Triple 3-i-1 Engangs Vape Engros Billig Pris<\/figcaption><\/figure>\n<div class=\"flex-shrink-0 flex flex-col relative items-end\">\n<div class=\"pt-0\">\n<div class=\"gizmo-bot-avatar flex h-8 w-8 items-center justify-center overflow-hidden rounded-full\">\n<div class=\"relative p-1 rounded-sm flex items-center justify-center bg-token-main-surface-primary text-token-text-primary h-8 w-8\">\n<h2 data-start=\"1200\" data-end=\"1487\">Vapes Tornado \u2013 Din Engros Online Vape Shop for Top Vape M\u00e6rker<\/h2>\n<p data-start=\"1200\" data-end=\"1487\"><strong data-start=\"141\" data-end=\"177\">Vapes Tornado Online R\u00f8gbutik<\/strong> er din betroede kilde til <strong data-start=\"205\" data-end=\"270\">premium engangs vapes og engros e-cigaretter i Europa<\/strong>. Vi har top-s\u00e6lgende m\u00e6rker som <strong data-start=\"307\" data-end=\"362\"><a href=\"https:\/\/vapestornado.com\/da\/product\/vozol-gear-shisha-25k-25000-puffs-best-dtl-disposable-vape-hookah-cheap-price\/\">VOZOL BAR VAPE<\/a>, <a href=\"https:\/\/vapestornado.com\/da\/product\/randm-12000-puffs-fumot-digital-disposable-vape-wholesale-price\/\">Fumot VAPE<\/a>, <a href=\"https:\/\/vapestornado.com\/da\/product\/original-wga-ultra-35k-35000-puff-rechargeable-crystal-disposable-nicotine-vape-best-discount-price\/\">WGA VAPE<\/a>, Bang Vape<\/strong>, og mere, hvilket sikrer kvalitet og udvalg for hver kunde. Uanset om du er en individuel vaper eller en engros k\u00f8ber, leverer vi <strong data-start=\"481\" data-end=\"550\">h\u00f8jtydende enheder, stilfulde designs og konkurrencedygtige priser<\/strong> for at im\u00f8dekomme dine behov.<\/p>\n<h2 data-start=\"2064\" data-end=\"2115\">FAQs om AIVONO AIM FATBEAR 80K Engangs Vape<\/h2>\n<p data-start=\"1722\" data-end=\"1875\"><strong data-start=\"1722\" data-end=\"1782\">1. Hvor mange puffs giver AIVONO FATBEAR 80000?<\/strong><br data-start=\"1782\" data-end=\"1785\" \/>Den leverer op til <strong data-start=\"1803\" data-end=\"1819\">80.000 puffs<\/strong>, hvilket g\u00f8r den til en af de l\u00e6ngstvarende store puff-vapes.<\/p>\n<p data-start=\"1877\" data-end=\"2004\"><strong data-start=\"1877\" data-end=\"1922\">2. Kan jeg genoplade AIVONO FATBEAR 80K?<\/strong><br data-start=\"1922\" data-end=\"1925\" \/>Ja, den leveres med en <strong data-start=\"1946\" data-end=\"1984\">650mAh Type-C genopladeligt batteri<\/strong> for forl\u00e6nget brug.<\/p>\n<p data-start=\"2006\" data-end=\"2196\"><strong data-start=\"2006\" data-end=\"2064\">3. Hvad g\u00f8r dette til den bedste engangs vape i engros?<\/strong><br data-start=\"2064\" data-end=\"2067\" \/>Dens <strong data-start=\"2071\" data-end=\"2129\">3-i-1 smagsystem, stort puffantal og LED-display<\/strong> g\u00f8r den meget attraktiv for b\u00e5de forbrugere og EU-engrosforhandlere.<\/p>\n<p data-start=\"2198\" data-end=\"2331\"><strong data-start=\"2198\" data-end=\"2243\">4. Hvilke nikotinstyrker er tilg\u00e6ngelige?<\/strong><br data-start=\"2243\" data-end=\"2246\" \/>Du kan v\u00e6lge mellem <strong data-start=\"2269\" data-end=\"2298\">0%, 2%, 3% eller 5% nikotin<\/strong>, afh\u00e6ngigt af dine pr\u00e6ferencer.<\/p>\n<p data-start=\"2333\" data-end=\"2487\"><strong data-start=\"2333\" data-end=\"2388\">5. Har AIVONO FATBEAR 80K smagsmuligheder?<\/strong><br data-start=\"2388\" data-end=\"2391\" \/>Ja, den kommer i <strong data-start=\"2408\" data-end=\"2448\">10 unikke triple-smagskombinationer<\/strong>, der tilbyder noget for enhver smag.<\/p>\n<\/div>\n<\/div>\n<\/div>\n<\/div>","protected":false},"excerpt":{"rendered":"<p data-start=\"2774\" data-end=\"2854\">AIVONO FATBEAR 80K Big Puff Vape \u2013 Bedste 3-i-1 LED-Display Engangs Vape Pen<\/p>\n<p data-start=\"2858\" data-end=\"2937\">AIVONO FATBEAR 80000 Puffs Genopladelig Engangs Vape \u2013 Engros i Europa<\/p>\n<p data-start=\"2941\" data-end=\"3026\">Bedste Engros Engangs Vape \u2013 AIVONO FATBEAR 80K med LED-sk\u00e6rm &amp; 3-i-1 Smag<\/p>\n<p data-start=\"2159\" data-end=\"2246\">\n<p><strong>Tilf\u00f8j Amys whatsapp for at f\u00e5 korrekt svar og rabatpris!<\/strong><\/p>\n<p><img fetchpriority=\"high\" decoding=\"async\" class=\"size-full wp-image-2932\" src=\"https:\/\/vapestornado.com\/wp-content\/uploads\/2024\/12\/Vape-Wholesale.jpg\" alt=\"Vape Engros\" width=\"229\" height=\"300\" \/><\/p>\n<h3><a href=\"https:\/\/wa.me\/8617776015835\"><span style=\"color: #ff0000;\"><strong>WhatsApp: +86 17776015835<\/strong><\/span><\/a><\/h3>","protected":false},"featured_media":4396,"comment_status":"open","ping_status":"closed","template":"","meta":{"_acf_changed":false,"_uag_custom_page_level_css":"","_lmt_disableupdate":"no","_lmt_disable":"","_monsterinsights_skip_tracking":false,"_monsterinsights_sitenote_active":false,"_monsterinsights_sitenote_note":"","_monsterinsights_sitenote_category":0,"site-sidebar-layout":"default","site-content-layout":"","ast-site-content-layout":"default","site-content-style":"default","site-sidebar-style":"default","ast-global-header-display":"","ast-banner-title-visibility":"","ast-main-header-display":"","ast-hfb-above-header-display":"","ast-hfb-below-header-display":"","ast-hfb-mobile-header-display":"","site-post-title":"","ast-breadcrumbs-content":"","ast-featured-img":"","footer-sml-layout":"","ast-disable-related-posts":"","theme-transparent-header-meta":"default","adv-header-id-meta":"","stick-header-meta":"","header-above-stick-meta":"","header-main-stick-meta":"","header-below-stick-meta":"","astra-migrate-meta-layouts":"set","ast-page-background-enabled":"default","ast-page-background-meta":{"desktop":{"background-color":"","background-image":"","background-repeat":"repeat","background-position":"center center","background-size":"auto","background-attachment":"scroll","background-type":"","background-media":"","overlay-type":"","overlay-color":"","overlay-opacity":"","overlay-gradient":""},"tablet":{"background-color":"","background-image":"","background-repeat":"repeat","background-position":"center center","background-size":"auto","background-attachment":"scroll","background-type":"","background-media":"","overlay-type":"","overlay-color":"","overlay-opacity":"","overlay-gradient":""},"mobile":{"background-color":"","background-image":"","background-repeat":"repeat","background-position":"center center","background-size":"auto","background-attachment":"scroll","background-type":"","background-media":"","overlay-type":"","overlay-color":"","overlay-opacity":"","overlay-gradient":""}},"ast-content-background-meta":{"desktop":{"background-color":"var(--ast-global-color-5)","background-image":"","background-repeat":"repeat","background-position":"center center","background-size":"auto","background-attachment":"scroll","background-type":"","background-media":"","overlay-type":"","overlay-color":"","overlay-opacity":"","overlay-gradient":""},"tablet":{"background-color":"var(--ast-global-color-5)","background-image":"","background-repeat":"repeat","background-position":"center center","background-size":"auto","background-attachment":"scroll","background-type":"","background-media":"","overlay-type":"","overlay-color":"","overlay-opacity":"","overlay-gradient":""},"mobile":{"background-color":"var(--ast-global-color-5)","background-image":"","background-repeat":"repeat","background-position":"center center","background-size":"auto","background-attachment":"scroll","background-type":"","background-media":"","overlay-type":"","overlay-color":"","overlay-opacity":"","overlay-gradient":""}},"_joinchat":[]},"product_brand":[],"product_cat":[344,176,149,153,156,158,142,143,144,146],"product_tag":[385,355,380,368,381],"class_list":{"0":"post-4386","1":"product","2":"type-product","3":"status-publish","4":"has-post-thumbnail","6":"product_cat-80000-puff","7":"product_cat-aivono-vape","8":"product_cat-buy-disposable-vapes-in-austria","9":"product_cat-buy-disposable-vapes-in-italy","10":"product_cat-buy-disposable-vapes-in-poland","11":"product_cat-buy-disposable-vapes-in-spain","12":"product_cat-digital-box-disposable-vapes","13":"product_cat-dual-mesh-disposable-vapes","14":"product_cat-low-nicotine-disposable-vapes","15":"product_cat-rechargeable-disposable-vapes","16":"product_tag-aivono-fatbear-80k","17":"product_tag-big-puff-vape","18":"product_tag-disposable-vapes-online","19":"product_tag-disposable-vapor","20":"product_tag-vapes-online-wholesale","21":"desktop-align-left","22":"tablet-align-left","23":"mobile-align-left","25":"first","26":"instock","27":"sale","28":"shipping-taxable","29":"purchasable","30":"product-type-simple"},"acf":[],"uagb_featured_image_src":{"full":["https:\/\/vapestornado.com\/wp-content\/uploads\/2025\/09\/Aivono-Aim-Fatbear-80000-Puffs-Disposable-Vape-Flavor-Adjustable.webp",800,800,false],"thumbnail":["https:\/\/vapestornado.com\/wp-content\/uploads\/2025\/09\/Aivono-Aim-Fatbear-80000-Puffs-Disposable-Vape-Flavor-Adjustable-150x150.webp",150,150,true],"medium":["https:\/\/vapestornado.com\/wp-content\/uploads\/2025\/09\/Aivono-Aim-Fatbear-80000-Puffs-Disposable-Vape-Flavor-Adjustable-300x300.webp",300,300,true],"medium_large":["https:\/\/vapestornado.com\/wp-content\/uploads\/2025\/09\/Aivono-Aim-Fatbear-80000-Puffs-Disposable-Vape-Flavor-Adjustable-768x768.webp",768,768,true],"large":["https:\/\/vapestornado.com\/wp-content\/uploads\/2025\/09\/Aivono-Aim-Fatbear-80000-Puffs-Disposable-Vape-Flavor-Adjustable.webp",800,800,false],"1536x1536":["https:\/\/vapestornado.com\/wp-content\/uploads\/2025\/09\/Aivono-Aim-Fatbear-80000-Puffs-Disposable-Vape-Flavor-Adjustable.webp",800,800,false],"2048x2048":["https:\/\/vapestornado.com\/wp-content\/uploads\/2025\/09\/Aivono-Aim-Fatbear-80000-Puffs-Disposable-Vape-Flavor-Adjustable.webp",800,800,false],"trp-custom-language-flag":["https:\/\/vapestornado.com\/wp-content\/uploads\/2025\/09\/Aivono-Aim-Fatbear-80000-Puffs-Disposable-Vape-Flavor-Adjustable-12x12.webp",12,12,true],"woocommerce_thumbnail":["https:\/\/vapestornado.com\/wp-content\/uploads\/2025\/09\/Aivono-Aim-Fatbear-80000-Puffs-Disposable-Vape-Flavor-Adjustable-300x300.webp",300,300,true],"woocommerce_single":["https:\/\/vapestornado.com\/wp-content\/uploads\/2025\/09\/Aivono-Aim-Fatbear-80000-Puffs-Disposable-Vape-Flavor-Adjustable-600x600.webp",600,600,true],"woocommerce_gallery_thumbnail":["https:\/\/vapestornado.com\/wp-content\/uploads\/2025\/09\/Aivono-Aim-Fatbear-80000-Puffs-Disposable-Vape-Flavor-Adjustable-100x100.webp",100,100,true]},"uagb_author_info":{"display_name":"ESAMY","author_link":"https:\/\/vapestornado.com\/da\/author\/"},"uagb_comment_info":1,"uagb_excerpt":"AIVONO FATBEAR 80K Big Puff Vape \u2013 Best 3-in-1 LED Display Disposable Vape Pen AIVONO FATBEAR 80000 Puffs Rechargeable Disposable Vape \u2013 Wholesale in Europe Best Wholesale Disposable Vape \u2013 AIVONO FATBEAR 80K with LED Screen &amp; 3-in-1 Flavor Add Amy's whatsapp to get right reply and discount price! WhatsApp: +86 17776015835","_links":{"self":[{"href":"https:\/\/vapestornado.com\/da\/wp-json\/wp\/v2\/product\/4386","targetHints":{"allow":["GET"]}}],"collection":[{"href":"https:\/\/vapestornado.com\/da\/wp-json\/wp\/v2\/product"}],"about":[{"href":"https:\/\/vapestornado.com\/da\/wp-json\/wp\/v2\/types\/product"}],"replies":[{"embeddable":true,"href":"https:\/\/vapestornado.com\/da\/wp-json\/wp\/v2\/comments?post=4386"}],"wp:featuredmedia":[{"embeddable":true,"href":"https:\/\/vapestornado.com\/da\/wp-json\/wp\/v2\/media\/4396"}],"wp:attachment":[{"href":"https:\/\/vapestornado.com\/da\/wp-json\/wp\/v2\/media?parent=4386"}],"wp:term":[{"taxonomy":"product_brand","embeddable":true,"href":"https:\/\/vapestornado.com\/da\/wp-json\/wp\/v2\/product_brand?post=4386"},{"taxonomy":"product_cat","embeddable":true,"href":"https:\/\/vapestornado.com\/da\/wp-json\/wp\/v2\/product_cat?post=4386"},{"taxonomy":"product_tag","embeddable":true,"href":"https:\/\/vapestornado.com\/da\/wp-json\/wp\/v2\/product_tag?post=4386"}],"curies":[{"name":"wp","href":"https:\/\/api.w.org\/{rel}","templated":true}]}}