{"id":4369,"date":"2025-09-20T09:23:19","date_gmt":"2025-09-20T09:23:19","guid":{"rendered":"https:\/\/vapestornado.com\/?post_type=product&#038;p=4369"},"modified":"2025-09-23T08:18:09","modified_gmt":"2025-09-23T08:18:09","slug":"okso-70000-puff-3-in-1-flavor-adjustable-disposable-vape-pod","status":"publish","type":"product","link":"https:\/\/vapestornado.com\/da\/product\/okso-70000-puff-3-in-1-flavor-adjustable-disposable-vape-pod\/","title":{"rendered":"OKSO 70000 Puff 3-i-1 Smag Justerbar Engangs Vape Pod"},"content":{"rendered":"<h2 data-pm-slice=\"1 1 []\">OKSO 70000 Puff 3-i-1 Smag Justerbar Engangs Vape Pod<\/h2>\n<p data-start=\"204\" data-end=\"627\">Den <strong data-start=\"208\" data-end=\"247\">OKSO 70000 Puff Engangs Vape Pod<\/strong> er designet til vapere, der \u00f8nsker maksimal ydeevne og variation i en slank enhed. Med en <strong data-start=\"338\" data-end=\"367\">imponerende 70k puff antal<\/strong>, en <strong data-start=\"371\" data-end=\"395\">3-i-1 smagsystem<\/strong>, og <strong data-start=\"401\" data-end=\"423\">justerbart luftflow<\/strong>, s\u00e6tter den en ny standard for langtidsholdbare engangs vapes. Hver pod indeholder <strong data-start=\"498\" data-end=\"526\">48mL e-v\u00e6ske (16mL \u00d7 3)<\/strong>, hvilket giver dig tre dristige smagsvalg i \u00e9n enhed \u2014 skift frit og nyd frisk smag n\u00e5r som helst.<\/p>\n<p data-start=\"629\" data-end=\"1100\">Den <strong data-start=\"633\" data-end=\"650\">OKSO 70.000 Puf<\/strong> kommer udstyret med <strong data-start=\"671\" data-end=\"702\">triple mesh coil-teknologi<\/strong> for glat, t\u00e6t damp og ensartet smag fra start til slut. Dens <strong data-start=\"774\" data-end=\"812\">650mAh Type-C genopladeligt batteri<\/strong> og <strong data-start=\"817\" data-end=\"839\">LED-sk\u00e6rm<\/strong> holder dig informeret om olie- og str\u00f8m niveauer, hvilket sikrer nul overraskelser. Designet med danske vapere i tankerne, balancerer denne pod <strong data-start=\"959\" data-end=\"976\">stor kapacitet<\/strong>, <strong data-start=\"978\" data-end=\"1000\">smagsfleksibilitet<\/strong>, og <strong data-start=\"1006\" data-end=\"1023\">moderne design<\/strong>, hvilket g\u00f8r den til en af de <strong data-start=\"1046\" data-end=\"1097\">bedste smagsjusterbare engangs vapes i 2025<\/strong>.<\/p>\n<p data-start=\"1102\" data-end=\"1247\">Uanset om det er til <strong data-start=\"1114\" data-end=\"1134\">engrosk\u00f8bere<\/strong> or <strong data-start=\"1138\" data-end=\"1158\">individuelle brugere<\/strong>, <strong data-start=\"1164\" data-end=\"1183\">OKSO 70000 Puf<\/strong> er en topvalg p\u00e5 markedet for engangs vapes.<\/p>\n<p><strong><span style=\"color: #ff0000;\">Tilf\u00f8j Amys whatsapp, f\u00e5 et hurtigt svar og en vape-kupon!<\/span><\/strong><\/p>\n<p><img fetchpriority=\"high\" decoding=\"async\" class=\"size-full wp-image-2932\" src=\"https:\/\/vapestornado.com\/wp-content\/uploads\/2024\/12\/Vape-Wholesale.jpg\" alt=\"Vape Engros\" width=\"229\" height=\"300\" \/><\/p>\n<h3><a href=\"https:\/\/wa.me\/8617776015835\" target=\"_blank\" rel=\"noopener\"><span style=\"color: #ff0000;\"><strong>WhatsApp: +86 17776015835<\/strong><\/span><\/a><\/h3>\n<p>&nbsp;<\/p>\n<h2><strong>OKSO 70000 Puff Produktfunktioner<\/strong><\/h2>\n<p>Puf: 70000 puf<br \/>\nKerner: Mesh coil *3<br \/>\nE-v\u00e6ske: 48ml (16ml*3)<br \/>\nNikotin: 0%\/2%\/3%\/5%<br \/>\nBatteri: 650mah, Type C genopladeligt<br \/>\nLED-sk\u00e6rmvisning for olie og batteri<br \/>\nProduktv\u00e6gt: 134,5g\/stk<br \/>\nProduktst\u00f8rrelse: 45*44*127mm<\/p>\n<figure id=\"attachment_4365\" aria-describedby=\"caption-attachment-4365\" style=\"width: 300px\" class=\"wp-caption alignnone\"><img decoding=\"async\" class=\"size-medium wp-image-4365\" src=\"https:\/\/vapestornado.com\/wp-content\/uploads\/2025\/09\/OKSO-3in1-70000-Puffs-Disposable-Vape-300x300.webp\" alt=\"OKSO 3 i 1 70000 Pust Engangs Vape\" width=\"300\" height=\"300\" srcset=\"https:\/\/vapestornado.com\/wp-content\/uploads\/2025\/09\/OKSO-3in1-70000-Puffs-Disposable-Vape-300x300.webp 300w, https:\/\/vapestornado.com\/wp-content\/uploads\/2025\/09\/OKSO-3in1-70000-Puffs-Disposable-Vape-150x150.webp 150w, https:\/\/vapestornado.com\/wp-content\/uploads\/2025\/09\/OKSO-3in1-70000-Puffs-Disposable-Vape-768x768.webp 768w, https:\/\/vapestornado.com\/wp-content\/uploads\/2025\/09\/OKSO-3in1-70000-Puffs-Disposable-Vape-12x12.webp 12w, https:\/\/vapestornado.com\/wp-content\/uploads\/2025\/09\/OKSO-3in1-70000-Puffs-Disposable-Vape-600x600.webp 600w, https:\/\/vapestornado.com\/wp-content\/uploads\/2025\/09\/OKSO-3in1-70000-Puffs-Disposable-Vape-100x100.webp 100w, https:\/\/vapestornado.com\/wp-content\/uploads\/2025\/09\/OKSO-3in1-70000-Puffs-Disposable-Vape.webp 800w\" sizes=\"(max-width: 300px) 100vw, 300px\" \/><figcaption id=\"caption-attachment-4365\" class=\"wp-caption-text\">OKSO 3 i 1 70000 Pust Engangs Vape<\/figcaption><\/figure>\n<h2 class=\"product-title\"><strong>OKSO 70000 Pust Smagsliste<\/strong><\/h2>\n<p data-start=\"2550\" data-end=\"2736\">1. Bl\u00e5b\u00e6r Hindb\u00e6r\\Blandet B\u00e6r\\\u00c6ble Fersken<br \/>\n2. Vandmelon is\\Mr Blue\\Gr\u00f8n Drue Vandmelon<br \/>\n3. Jordb\u00e6r is\\Jungle Juice\\Drage Melon<br \/>\n4. Druer is\\Solb\u00e6r is\\B\u00e6r Marmelade<br \/>\n5. Kirseb\u00e6r is\\To \u00c6bler\\Jordb\u00e6r Hindb\u00e6r Kirseb\u00e6r is<br \/>\n6. Saftig Fersken\\Kirseb\u00e6r Cola\\Kirseb\u00e6r Bl\u00f8d Slik<br \/>\n7. Jordb\u00e6r Kiwi\\Vandmelon Bubble Gum\\Triple Mango is<br \/>\n8. Kiwi Passionsfrugt Guava\\Cola is\\Passionsfrugt Mango is<br \/>\n9. Ananas is\\Jordb\u00e6r Vandmelon\\Jordb\u00e6r Druer<br \/>\n10. Frisk Mynte\\Citron Lime\\Vandmelon Mojito<\/p>\n<div class=\"flex-shrink-0 flex flex-col relative items-end\">\n<div class=\"pt-0\">\n<div class=\"gizmo-bot-avatar flex h-8 w-8 items-center justify-center overflow-hidden rounded-full\">\n<div class=\"relative p-1 rounded-sm flex items-center justify-center bg-token-main-surface-primary text-token-text-primary h-8 w-8\">\n<h2 data-start=\"1200\" data-end=\"1487\">Vapes Tornado \u2013 Din Online Vape Butik til Engros af Europas Top Vape M\u00e6rker<\/h2>\n<p data-start=\"1200\" data-end=\"1487\"><strong data-start=\"213\" data-end=\"248\">Vapes Tornado Online R\u00f8gbutik<\/strong> er din betroede destination for engangs vapes af h\u00f8j kvalitet og engros e-cigaretter i hele Danmark. Vi specialiserer os i at tilbyde et bredt udvalg af de<strong data-start=\"403\" data-end=\"431\">\u00a0popul\u00e6re vape-m\u00e6rker<\/strong>, inklusive <strong data-start=\"443\" data-end=\"502\"><a href=\"https:\/\/vapestornado.com\/da\/product-category\/elf-bar-vape\/\">ELF BAR VAPE<\/a>, Vapme VAPE, <a href=\"https:\/\/vapestornado.com\/da\/product\/vozol-gear-power-20k-20000-puffs-vape-rechargeable-disposable-box-bulk-buy-cheap-price\/\">VOZOL VAPE<\/a><\/strong><strong data-start=\"443\" data-end=\"502\">, og <a href=\"https:\/\/vapestornado.com\/da\/product-category\/bang-vape\/\">Bang Vape<\/a><\/strong>. Vores butik er bygget til at betjene b\u00e5de individuelle kunder og engrosk\u00f8bere, og tilbyder p\u00e5lidelige produkter, der kombinerer st\u00e6rk ydeevne, stilfuldt design og konkurrencedygtige priser.<\/p>\n<h2 data-start=\"2064\" data-end=\"2115\">Ofte stillede sp\u00f8rgsm\u00e5l om OKSO 70000 Pust Engangs Vape<\/h2>\n<p data-start=\"1275\" data-end=\"1451\"><strong data-start=\"1275\" data-end=\"1351\">Q1: Hvor mange pust leverer OKSO 70000 Puff engangs vape pod?<\/strong><br data-start=\"1351\" data-end=\"1354\" \/>A1: Op til <strong data-start=\"1364\" data-end=\"1380\">70.000 pust<\/strong> takket v\u00e6re dens store 48mL e-v\u00e6ske kapacitet og effektive mesh-spoler.<\/p>\n<p data-start=\"1453\" data-end=\"1655\"><strong data-start=\"1453\" data-end=\"1528\">Q2: Hvad g\u00f8r OKSO 70k Puff anderledes end andre engangs vapes?<\/strong><br data-start=\"1528\" data-end=\"1531\" \/>A2: Den har en <strong data-start=\"1549\" data-end=\"1573\">3-i-1 smagsystem<\/strong> med justerbar luftstr\u00f8m, s\u00e5 du kan nyde tre premium smagsvarianter i \u00e9n enhed.<\/p>\n<p data-start=\"1657\" data-end=\"1813\"><strong data-start=\"1657\" data-end=\"1701\">Q3: Er OKSO 70000 Puff genopladelig?<\/strong><br data-start=\"1701\" data-end=\"1704\" \/>A3: Ja, den har en <strong data-start=\"1722\" data-end=\"1760\">650mAh Type-C genopladeligt batteri<\/strong> med en LED-sk\u00e6rm, der viser olie- og batteristatus.<\/p>\n<p data-start=\"1815\" data-end=\"1979\"><strong data-start=\"1815\" data-end=\"1893\">Q4: Hvilke nikotinstyrker er tilg\u00e6ngelige for OKSO 70k engangs vape?<\/strong><br data-start=\"1893\" data-end=\"1896\" \/>A4: Valgmuligheder inkluderer <strong data-start=\"1916\" data-end=\"1946\">0%, 2%, 3% og 5% nikotin<\/strong> for at im\u00f8dekomme forskellige pr\u00e6ferencer.<\/p>\n<p data-start=\"1981\" data-end=\"2177\"><strong data-start=\"1981\" data-end=\"2047\">Q5: Hvem er OKSO 70k Puff engangs vape-pod designet til?<\/strong><br data-start=\"2047\" data-end=\"2050\" \/>A5: Det er ideelt for <strong data-start=\"2069\" data-end=\"2119\">m\u00e6nd i alderen 25\u201335 \u00e5r i EU-markedet<\/strong> som \u00f8nsker en langvarig, smagsrig vapingoplevelse.<\/p>\n<\/div>\n<\/div>\n<\/div>\n<\/div>","protected":false},"excerpt":{"rendered":"<p data-start=\"2514\" data-end=\"2583\"><strong data-start=\"2514\" data-end=\"2581\">OKSO 70K Puff 3-i-1 Engangs Vape \u2013 Store Puffs, St\u00f8rre Smag<\/strong><\/p>\n<p data-start=\"2587\" data-end=\"2663\"><strong data-start=\"2587\" data-end=\"2661\">Engros OKSO 70000 Puff Vape Pod \u2013 Tredobbelt Smag, Justerbar Luftstr\u00f8m<\/strong><\/p>\n<p data-start=\"2667\" data-end=\"2739\"><strong data-start=\"2667\" data-end=\"2737\">OKSO 70000 Engangs Vape Pod \u2013 Bedst 70K Puff Vape 2025 EU Marked<\/strong><\/p>\n<p><strong>Tilf\u00f8j Amys whatsapp for at f\u00e5 korrekt svar og rabatpris!<\/strong><\/p>\n<p><img fetchpriority=\"high\" decoding=\"async\" class=\"size-full wp-image-2932\" src=\"https:\/\/vapestornado.com\/wp-content\/uploads\/2024\/12\/Vape-Wholesale.jpg\" alt=\"Vape Engros\" width=\"229\" height=\"300\" \/><\/p>\n<h3><a href=\"https:\/\/wa.me\/8617776015835\"><span style=\"color: #ff0000;\"><strong>WhatsApp: +86 17776015835<\/strong><\/span><\/a><\/h3>","protected":false},"featured_media":4364,"comment_status":"open","ping_status":"closed","template":"","meta":{"_acf_changed":false,"_uag_custom_page_level_css":"","_lmt_disableupdate":"no","_lmt_disable":"","_monsterinsights_skip_tracking":false,"_monsterinsights_sitenote_active":false,"_monsterinsights_sitenote_note":"","_monsterinsights_sitenote_category":0,"site-sidebar-layout":"default","site-content-layout":"","ast-site-content-layout":"default","site-content-style":"default","site-sidebar-style":"default","ast-global-header-display":"","ast-banner-title-visibility":"","ast-main-header-display":"","ast-hfb-above-header-display":"","ast-hfb-below-header-display":"","ast-hfb-mobile-header-display":"","site-post-title":"","ast-breadcrumbs-content":"","ast-featured-img":"","footer-sml-layout":"","ast-disable-related-posts":"","theme-transparent-header-meta":"default","adv-header-id-meta":"","stick-header-meta":"","header-above-stick-meta":"","header-main-stick-meta":"","header-below-stick-meta":"","astra-migrate-meta-layouts":"set","ast-page-background-enabled":"default","ast-page-background-meta":{"desktop":{"background-color":"","background-image":"","background-repeat":"repeat","background-position":"center center","background-size":"auto","background-attachment":"scroll","background-type":"","background-media":"","overlay-type":"","overlay-color":"","overlay-opacity":"","overlay-gradient":""},"tablet":{"background-color":"","background-image":"","background-repeat":"repeat","background-position":"center center","background-size":"auto","background-attachment":"scroll","background-type":"","background-media":"","overlay-type":"","overlay-color":"","overlay-opacity":"","overlay-gradient":""},"mobile":{"background-color":"","background-image":"","background-repeat":"repeat","background-position":"center center","background-size":"auto","background-attachment":"scroll","background-type":"","background-media":"","overlay-type":"","overlay-color":"","overlay-opacity":"","overlay-gradient":""}},"ast-content-background-meta":{"desktop":{"background-color":"var(--ast-global-color-5)","background-image":"","background-repeat":"repeat","background-position":"center center","background-size":"auto","background-attachment":"scroll","background-type":"","background-media":"","overlay-type":"","overlay-color":"","overlay-opacity":"","overlay-gradient":""},"tablet":{"background-color":"var(--ast-global-color-5)","background-image":"","background-repeat":"repeat","background-position":"center center","background-size":"auto","background-attachment":"scroll","background-type":"","background-media":"","overlay-type":"","overlay-color":"","overlay-opacity":"","overlay-gradient":""},"mobile":{"background-color":"var(--ast-global-color-5)","background-image":"","background-repeat":"repeat","background-position":"center center","background-size":"auto","background-attachment":"scroll","background-type":"","background-media":"","overlay-type":"","overlay-color":"","overlay-opacity":"","overlay-gradient":""}},"_joinchat":[]},"product_brand":[],"product_cat":[149,153,156,158,142,143,144,146],"product_tag":[368,374,375,376],"class_list":{"0":"post-4369","1":"product","2":"type-product","3":"status-publish","4":"has-post-thumbnail","6":"product_cat-buy-disposable-vapes-in-austria","7":"product_cat-buy-disposable-vapes-in-italy","8":"product_cat-buy-disposable-vapes-in-poland","9":"product_cat-buy-disposable-vapes-in-spain","10":"product_cat-digital-box-disposable-vapes","11":"product_cat-dual-mesh-disposable-vapes","12":"product_cat-low-nicotine-disposable-vapes","13":"product_cat-rechargeable-disposable-vapes","14":"product_tag-disposable-vapor","15":"product_tag-okso-70000-puff","16":"product_tag-okso-70k-puff","17":"product_tag-okso-vape","18":"desktop-align-left","19":"tablet-align-left","20":"mobile-align-left","22":"first","23":"instock","24":"sale","25":"shipping-taxable","26":"purchasable","27":"product-type-simple"},"acf":[],"uagb_featured_image_src":{"full":["https:\/\/vapestornado.com\/wp-content\/uploads\/2025\/09\/OKSO-3-IN-1-70000-PUFF-Disposable-Vape-Wholesale-Price.webp",800,800,false],"thumbnail":["https:\/\/vapestornado.com\/wp-content\/uploads\/2025\/09\/OKSO-3-IN-1-70000-PUFF-Disposable-Vape-Wholesale-Price-150x150.webp",150,150,true],"medium":["https:\/\/vapestornado.com\/wp-content\/uploads\/2025\/09\/OKSO-3-IN-1-70000-PUFF-Disposable-Vape-Wholesale-Price-300x300.webp",300,300,true],"medium_large":["https:\/\/vapestornado.com\/wp-content\/uploads\/2025\/09\/OKSO-3-IN-1-70000-PUFF-Disposable-Vape-Wholesale-Price-768x768.webp",768,768,true],"large":["https:\/\/vapestornado.com\/wp-content\/uploads\/2025\/09\/OKSO-3-IN-1-70000-PUFF-Disposable-Vape-Wholesale-Price.webp",800,800,false],"1536x1536":["https:\/\/vapestornado.com\/wp-content\/uploads\/2025\/09\/OKSO-3-IN-1-70000-PUFF-Disposable-Vape-Wholesale-Price.webp",800,800,false],"2048x2048":["https:\/\/vapestornado.com\/wp-content\/uploads\/2025\/09\/OKSO-3-IN-1-70000-PUFF-Disposable-Vape-Wholesale-Price.webp",800,800,false],"trp-custom-language-flag":["https:\/\/vapestornado.com\/wp-content\/uploads\/2025\/09\/OKSO-3-IN-1-70000-PUFF-Disposable-Vape-Wholesale-Price-12x12.webp",12,12,true],"woocommerce_thumbnail":["https:\/\/vapestornado.com\/wp-content\/uploads\/2025\/09\/OKSO-3-IN-1-70000-PUFF-Disposable-Vape-Wholesale-Price-300x300.webp",300,300,true],"woocommerce_single":["https:\/\/vapestornado.com\/wp-content\/uploads\/2025\/09\/OKSO-3-IN-1-70000-PUFF-Disposable-Vape-Wholesale-Price-600x600.webp",600,600,true],"woocommerce_gallery_thumbnail":["https:\/\/vapestornado.com\/wp-content\/uploads\/2025\/09\/OKSO-3-IN-1-70000-PUFF-Disposable-Vape-Wholesale-Price-100x100.webp",100,100,true]},"uagb_author_info":{"display_name":"ESAMY","author_link":"https:\/\/vapestornado.com\/da\/author\/"},"uagb_comment_info":1,"uagb_excerpt":"OKSO 70K Puff 3-in-1 Disposable Vape \u2013 Big Puffs, Bigger Flavor Wholesale OKSO 70000 Puff Vape Pod \u2013 Triple Flavor, Adjustable Airflow OKSO 70000 Disposable Vape Pod \u2013 Best 70K Puff Vape 2025 EU Market Add Amy's whatsapp to get right reply and discount price! WhatsApp: +86 17776015835","_links":{"self":[{"href":"https:\/\/vapestornado.com\/da\/wp-json\/wp\/v2\/product\/4369","targetHints":{"allow":["GET"]}}],"collection":[{"href":"https:\/\/vapestornado.com\/da\/wp-json\/wp\/v2\/product"}],"about":[{"href":"https:\/\/vapestornado.com\/da\/wp-json\/wp\/v2\/types\/product"}],"replies":[{"embeddable":true,"href":"https:\/\/vapestornado.com\/da\/wp-json\/wp\/v2\/comments?post=4369"}],"wp:featuredmedia":[{"embeddable":true,"href":"https:\/\/vapestornado.com\/da\/wp-json\/wp\/v2\/media\/4364"}],"wp:attachment":[{"href":"https:\/\/vapestornado.com\/da\/wp-json\/wp\/v2\/media?parent=4369"}],"wp:term":[{"taxonomy":"product_brand","embeddable":true,"href":"https:\/\/vapestornado.com\/da\/wp-json\/wp\/v2\/product_brand?post=4369"},{"taxonomy":"product_cat","embeddable":true,"href":"https:\/\/vapestornado.com\/da\/wp-json\/wp\/v2\/product_cat?post=4369"},{"taxonomy":"product_tag","embeddable":true,"href":"https:\/\/vapestornado.com\/da\/wp-json\/wp\/v2\/product_tag?post=4369"}],"curies":[{"name":"wp","href":"https:\/\/api.w.org\/{rel}","templated":true}]}}