{"id":4363,"date":"2025-09-20T03:33:56","date_gmt":"2025-09-20T03:33:56","guid":{"rendered":"https:\/\/vapestornado.com\/?post_type=product&#038;p=4363"},"modified":"2025-09-20T06:28:53","modified_gmt":"2025-09-20T06:28:53","slug":"bang-box-turbo-42000-puff-dual-vaping-mode-touch-screen-disposable-vape","status":"publish","type":"product","link":"https:\/\/vapestornado.com\/da\/product\/bang-box-turbo-42000-puff-dual-vaping-mode-touch-screen-disposable-vape\/","title":{"rendered":"Bang Box Turbo 42000 Pust Dual Vaping Mode Touch Screen Engangs Vape"},"content":{"rendered":"<h2 data-pm-slice=\"1 1 []\">Bang Box Turbo 42000 Pust \u2013 Touch Screen Engangs Vape med Dobbelt Vaping-tilstand<\/h2>\n<p data-start=\"272\" data-end=\"659\">Den <strong data-start=\"276\" data-end=\"300\">Bang Box Turbo 42000<\/strong> er bygget til dampere, der \u00f8nsker kraft, stil og kontrol i \u00e9n enhed. Med sin <strong data-start=\"380\" data-end=\"400\">dobbelt vaping-tilstand<\/strong>kan du skifte mellem <strong data-start=\"425\" data-end=\"462\">almindelig tilstand (op til 42.000 pust)<\/strong> or <strong data-start=\"466\" data-end=\"495\">pulstilstand (30.000 pust)<\/strong> for et st\u00e6rkere hit. Denne fleksibilitet g\u00f8r det til det ideelle valg for <b>forskellige dampere<\/b> der leder efter en engangs vape, der tilpasser sig deres livsstil.<\/p>\n<p data-start=\"661\" data-end=\"989\">Udstyret med en <strong data-start=\"677\" data-end=\"703\">3D buet ber\u00f8ringssk\u00e6rm<\/strong>, <strong data-start=\"709\" data-end=\"741\">Bang Box 42k Engangs Vape Pod<\/strong>\u00a0holder dig opdateret om b\u00e5de batterilevetid og e-v\u00e6skeniveauer i realtid. Ingen g\u00e6tv\u00e6rk\u2014bare klar, p\u00e5lidelig information med et \u00f8jekast. Den <strong data-start=\"878\" data-end=\"902\">28 ml forudfyldt tank<\/strong> parret med en <strong data-start=\"917\" data-end=\"935\">netspole<\/strong> leverer dristige, bl\u00f8de smage fra start til slut.<\/p>\n<p data-start=\"991\" data-end=\"1263\">Drevet af en <strong data-start=\"1004\" data-end=\"1042\">750mAh Type-C genopladeligt batteri<\/strong>, garanterer Bang Box Turbo 42000 lange sessioner uden afbrydelser. V\u00e6lg din foretrukne styrke med <strong data-start=\"1161\" data-end=\"1201\">nikotinmuligheder p\u00e5 0%, 2%, 3% eller 5%<\/strong>, hvilket g\u00f8r den velegnet til b\u00e5de afslappede og erfarne dampere.<\/p>\n<p data-start=\"1265\" data-end=\"1583\">Smagsvarianter inkluderer <strong data-start=\"1288\" data-end=\"1362\">Jordb\u00e6r Vandmelon, Mexico Mango, Miami Mint, Grape B Pop og mere<\/strong>, hvilket giver dig et bredt udvalg af frugt-, is- og s\u00f8de blandinger for at holde hvert sug sp\u00e6ndende. Med sit kompakte, men premium design, er denne <strong data-start=\"1493\" data-end=\"1525\">Touch Screen Engangs Vape<\/strong> er ikke bare en enhed\u2014det er en erkl\u00e6ring inden for moderne vaping.<\/p>\n<h3 data-start=\"1585\" data-end=\"1624\">Hvorfor k\u00f8be Bang Box Turbo 42000?<\/h3>\n<ul data-start=\"1625\" data-end=\"1935\">\n<li data-start=\"1625\" data-end=\"1693\">\n<p data-start=\"1627\" data-end=\"1693\"><strong data-start=\"1627\" data-end=\"1647\">Dobbelt Vaping-tilstand<\/strong>: Almindelig eller Pulse for skr\u00e6ddersyet tilfredshed<\/p>\n<\/li>\n<li data-start=\"1694\" data-end=\"1760\">\n<p data-start=\"1696\" data-end=\"1760\"><strong data-start=\"1696\" data-end=\"1720\">Ber\u00f8ringssk\u00e6rm<\/strong>: Olie- og batterioverv\u00e5gning i realtid<\/p>\n<\/li>\n<li data-start=\"1761\" data-end=\"1815\">\n<p data-start=\"1763\" data-end=\"1815\"><strong data-start=\"1763\" data-end=\"1780\">K\u00e6mpe kapacitet<\/strong>: 42.000 sug med 28 ml e-v\u00e6ske<\/p>\n<\/li>\n<li data-start=\"1816\" data-end=\"1875\">\n<p data-start=\"1818\" data-end=\"1875\"><strong data-start=\"1818\" data-end=\"1831\">Netspole<\/strong>: Glatte skyer og fuld smag hver gang<\/p>\n<\/li>\n<li data-start=\"1876\" data-end=\"1935\">\n<p data-start=\"1878\" data-end=\"1935\"><strong data-start=\"1878\" data-end=\"1894\">Genopladelig<\/strong>: 750mAh Type-C batteri for bekvemmelighed<\/p>\n<\/li>\n<\/ul>\n<p><strong><span style=\"color: #ff0000;\">Tilf\u00f8j Amys whatsapp, f\u00e5 et hurtigt svar og en vape-kupon!<\/span><\/strong><\/p>\n<p><img fetchpriority=\"high\" decoding=\"async\" class=\"size-full wp-image-2932\" src=\"https:\/\/vapestornado.com\/wp-content\/uploads\/2024\/12\/Vape-Wholesale.jpg\" alt=\"Vape Engros\" width=\"229\" height=\"300\" \/><\/p>\n<h3><a href=\"https:\/\/wa.me\/8617776015835\" target=\"_blank\" rel=\"noopener\"><span style=\"color: #ff0000;\"><strong>WhatsApp: +86 17776015835<\/strong><\/span><\/a><\/h3>\n<p>&nbsp;<\/p>\n<h2><strong>Bang Box Turbo 42000 Pust Produktfunktioner<\/strong><\/h2>\n<p>Pust: 42.000 pust (normal tilstand)<br \/>\n30.000 pust (Pulstilstand)<br \/>\nDobbelt tilstand Vaping<br \/>\nV\u00e6ske: 28 ml forudfyldt<br \/>\nNikotin: 0% 2% 3% 5%<br \/>\nKerne: Mesh coil 1.0 \u03a9<br \/>\nBatteri: 750 mAh med type-c genopladelig<br \/>\n3D buet sk\u00e6rmdisplay til olie og batteri<\/p>\n<figure id=\"attachment_4359\" aria-describedby=\"caption-attachment-4359\" style=\"width: 300px\" class=\"wp-caption alignnone\"><img decoding=\"async\" class=\"size-medium wp-image-4359\" src=\"https:\/\/vapestornado.com\/wp-content\/uploads\/2025\/09\/Bang-Box-Turbo-42000-Puff-Dispsoable-Vape-Mod-Kits-300x300.webp\" alt=\"Bang Box Turbo 42000 Pust Engangs Vape Mod Kits\" width=\"300\" height=\"300\" srcset=\"https:\/\/vapestornado.com\/wp-content\/uploads\/2025\/09\/Bang-Box-Turbo-42000-Puff-Dispsoable-Vape-Mod-Kits-300x300.webp 300w, https:\/\/vapestornado.com\/wp-content\/uploads\/2025\/09\/Bang-Box-Turbo-42000-Puff-Dispsoable-Vape-Mod-Kits-1024x1024.webp 1024w, https:\/\/vapestornado.com\/wp-content\/uploads\/2025\/09\/Bang-Box-Turbo-42000-Puff-Dispsoable-Vape-Mod-Kits-150x150.webp 150w, https:\/\/vapestornado.com\/wp-content\/uploads\/2025\/09\/Bang-Box-Turbo-42000-Puff-Dispsoable-Vape-Mod-Kits-768x768.webp 768w, https:\/\/vapestornado.com\/wp-content\/uploads\/2025\/09\/Bang-Box-Turbo-42000-Puff-Dispsoable-Vape-Mod-Kits-12x12.webp 12w, https:\/\/vapestornado.com\/wp-content\/uploads\/2025\/09\/Bang-Box-Turbo-42000-Puff-Dispsoable-Vape-Mod-Kits-600x600.webp 600w, https:\/\/vapestornado.com\/wp-content\/uploads\/2025\/09\/Bang-Box-Turbo-42000-Puff-Dispsoable-Vape-Mod-Kits-100x100.webp 100w, https:\/\/vapestornado.com\/wp-content\/uploads\/2025\/09\/Bang-Box-Turbo-42000-Puff-Dispsoable-Vape-Mod-Kits.webp 1500w\" sizes=\"(max-width: 300px) 100vw, 300px\" \/><figcaption id=\"caption-attachment-4359\" class=\"wp-caption-text\">Bang Box Turbo 42000 Pust Engangs Vape Mod Kits<\/figcaption><\/figure>\n<h2 class=\"product-title\"><strong>Bang Box Turbo 42000 Pust Smagsliste<\/strong><\/h2>\n<p data-start=\"2550\" data-end=\"2736\">1.Jordb\u00e6r Vandmelon<br \/>\n2. Vilde b\u00e6r<br \/>\n3.Bl\u00e5 Hindb\u00e6r Is<br \/>\n4.Bl\u00e5b\u00e6r Vandmelon<br \/>\n5. Surt \u00e6ble is<br \/>\n6. Lime B\u00e6r Appelsin<br \/>\n7. Mexico Mango<br \/>\n8. Miami Mint<br \/>\n9.Vandmelon Is<br \/>\n10. S\u00f8d kirseb\u00e6r<br \/>\n11. Drue B Pop<br \/>\n12. Bromb\u00e6r B Pop<\/p>\n<div class=\"flex-shrink-0 flex flex-col relative items-end\">\n<div class=\"pt-0\">\n<div class=\"gizmo-bot-avatar flex h-8 w-8 items-center justify-center overflow-hidden rounded-full\">\n<div class=\"relative p-1 rounded-sm flex items-center justify-center bg-token-main-surface-primary text-token-text-primary h-8 w-8\">\n<h2 data-start=\"1200\" data-end=\"1487\">Vapes Tornado \u2013 Din Online Vape Butik til Engros af Europas Top Vape M\u00e6rker<\/h2>\n<p data-start=\"1200\" data-end=\"1487\"><strong data-start=\"213\" data-end=\"248\">Vapes Tornado Online R\u00f8gbutik<\/strong> er din betroede destination for engangs vapes af h\u00f8j kvalitet og engros e-cigaretter i hele Danmark. Vi specialiserer os i at tilbyde et bredt udvalg af de<strong data-start=\"403\" data-end=\"431\">\u00a0popul\u00e6re vape-m\u00e6rker<\/strong>, inklusive <strong data-start=\"443\" data-end=\"502\"><a href=\"https:\/\/vapestornado.com\/da\/product-category\/elf-bar-vape\/\">ELF BAR VAPE<\/a>, Vapme VAPE, <a href=\"https:\/\/vapestornado.com\/da\/product\/vozol-gear-power-20k-20000-puffs-vape-rechargeable-disposable-box-bulk-buy-cheap-price\/\">VOZOL VAPE<\/a><\/strong><strong data-start=\"443\" data-end=\"502\">, og <a href=\"https:\/\/vapestornado.com\/da\/product-category\/bang-vape\/\">Bang Vape<\/a><\/strong>. Vores butik er bygget til at betjene b\u00e5de individuelle kunder og engrosk\u00f8bere, og tilbyder p\u00e5lidelige produkter, der kombinerer st\u00e6rk ydeevne, stilfuldt design og konkurrencedygtige priser.<\/p>\n<h2 data-start=\"2064\" data-end=\"2115\">Ofte stillede sp\u00f8rgsm\u00e5l om Bang Box 42k Pust Engangs Vape<\/h2>\n<p data-start=\"1990\" data-end=\"2128\"><strong data-start=\"1990\" data-end=\"2049\">1. Hvor mange pust kan Bang Box Turbo 42000 levere?<\/strong><br data-start=\"2049\" data-end=\"2052\" \/>Op til <strong data-start=\"2058\" data-end=\"2090\">42.000 pust i normal tilstand<\/strong> og <strong data-start=\"2095\" data-end=\"2125\">30.000 pust i pulstilstand<\/strong>.<\/p>\n<p data-start=\"2130\" data-end=\"2311\"><strong data-start=\"2130\" data-end=\"2202\">2. Hvad g\u00f8r Bang Box 42k unik sammenlignet med andre engangsvapes?<\/strong><br data-start=\"2202\" data-end=\"2205\" \/>Den tilbyder en <strong data-start=\"2217\" data-end=\"2237\">dobbelt vaping-tilstand<\/strong> og et <strong data-start=\"2244\" data-end=\"2263\">3D ber\u00f8ringssk\u00e6rm<\/strong>, hvilket giver brugerne b\u00e5de kontrol og tilpasning.<\/p>\n<p data-start=\"2313\" data-end=\"2441\"><strong data-start=\"2313\" data-end=\"2361\">3. Er Bang Box Turbo 42000 genopladelig?<\/strong><br data-start=\"2361\" data-end=\"2364\" \/>Ja, den inkluderer et <strong data-start=\"2383\" data-end=\"2421\">750mAh Type-C genopladeligt batteri<\/strong> for forl\u00e6nget brug.<\/p>\n<p data-start=\"2443\" data-end=\"2548\"><strong data-start=\"2443\" data-end=\"2484\">4. Hvilke nikotinniveauer er tilg\u00e6ngelige?<\/strong><br data-start=\"2484\" data-end=\"2487\" \/>Du kan v\u00e6lge mellem <strong data-start=\"2507\" data-end=\"2545\">0%, 2%, 3% eller 5% nikotinstyrke<\/strong>.<\/p>\n<p data-start=\"2550\" data-end=\"2736\"><strong data-start=\"2550\" data-end=\"2611\">5. Hvad er de popul\u00e6re smagsvarianter fra Bang Box Turbo 42000?<\/strong><br data-start=\"2611\" data-end=\"2614\" \/>Valgmuligheder inkluderer <strong data-start=\"2630\" data-end=\"2723\">Jordb\u00e6r Vandmelon, Blue Razz Ice, Mexico Mango, Miami Mint, S\u00f8d Kirseb\u00e6r, Grape B Pop<\/strong>, og mere.<\/p>\n<\/div>\n<\/div>\n<\/div>\n<\/div>","protected":false},"excerpt":{"rendered":"<p>Den <strong data-start=\"2783\" data-end=\"2812\">Bang Box Turbo 42000 Pust<\/strong> kombinerer <strong data-start=\"2822\" data-end=\"2842\">dobbelt vaping-tilstand<\/strong>, en <strong data-start=\"2846\" data-end=\"2870\">touch-sk\u00e6rmdisplay<\/strong>, og <strong data-start=\"2876\" data-end=\"2892\">42000 pust<\/strong> af fed smag. Med en <strong data-start=\"2916\" data-end=\"2947\">750mAh genopladeligt batteri<\/strong> og <strong data-start=\"2952\" data-end=\"2969\">28 ml kapacitet<\/strong>er det det smarte valg for bulk-engrosk\u00f8bere i hele Europa.<\/p>\n<p><strong>Tilf\u00f8j Amys whatsapp for at f\u00e5 korrekt svar og rabatpris!<\/strong><\/p>\n<p><img fetchpriority=\"high\" decoding=\"async\" class=\"size-full wp-image-2932\" src=\"https:\/\/vapestornado.com\/wp-content\/uploads\/2024\/12\/Vape-Wholesale.jpg\" alt=\"Vape Engros\" width=\"229\" height=\"300\" \/><\/p>\n<h3><a href=\"https:\/\/wa.me\/8617776015835\"><span style=\"color: #ff0000;\"><strong>WhatsApp: +86 17776015835<\/strong><\/span><\/a><\/h3>","protected":false},"featured_media":4360,"comment_status":"open","ping_status":"closed","template":"","meta":{"_acf_changed":false,"_uag_custom_page_level_css":"","_lmt_disableupdate":"no","_lmt_disable":"","_monsterinsights_skip_tracking":false,"_monsterinsights_sitenote_active":false,"_monsterinsights_sitenote_note":"","_monsterinsights_sitenote_category":0,"site-sidebar-layout":"default","site-content-layout":"","ast-site-content-layout":"default","site-content-style":"default","site-sidebar-style":"default","ast-global-header-display":"","ast-banner-title-visibility":"","ast-main-header-display":"","ast-hfb-above-header-display":"","ast-hfb-below-header-display":"","ast-hfb-mobile-header-display":"","site-post-title":"","ast-breadcrumbs-content":"","ast-featured-img":"","footer-sml-layout":"","ast-disable-related-posts":"","theme-transparent-header-meta":"default","adv-header-id-meta":"","stick-header-meta":"","header-above-stick-meta":"","header-main-stick-meta":"","header-below-stick-meta":"","astra-migrate-meta-layouts":"set","ast-page-background-enabled":"default","ast-page-background-meta":{"desktop":{"background-color":"","background-image":"","background-repeat":"repeat","background-position":"center center","background-size":"auto","background-attachment":"scroll","background-type":"","background-media":"","overlay-type":"","overlay-color":"","overlay-opacity":"","overlay-gradient":""},"tablet":{"background-color":"","background-image":"","background-repeat":"repeat","background-position":"center center","background-size":"auto","background-attachment":"scroll","background-type":"","background-media":"","overlay-type":"","overlay-color":"","overlay-opacity":"","overlay-gradient":""},"mobile":{"background-color":"","background-image":"","background-repeat":"repeat","background-position":"center center","background-size":"auto","background-attachment":"scroll","background-type":"","background-media":"","overlay-type":"","overlay-color":"","overlay-opacity":"","overlay-gradient":""}},"ast-content-background-meta":{"desktop":{"background-color":"var(--ast-global-color-5)","background-image":"","background-repeat":"repeat","background-position":"center center","background-size":"auto","background-attachment":"scroll","background-type":"","background-media":"","overlay-type":"","overlay-color":"","overlay-opacity":"","overlay-gradient":""},"tablet":{"background-color":"var(--ast-global-color-5)","background-image":"","background-repeat":"repeat","background-position":"center center","background-size":"auto","background-attachment":"scroll","background-type":"","background-media":"","overlay-type":"","overlay-color":"","overlay-opacity":"","overlay-gradient":""},"mobile":{"background-color":"var(--ast-global-color-5)","background-image":"","background-repeat":"repeat","background-position":"center center","background-size":"auto","background-attachment":"scroll","background-type":"","background-media":"","overlay-type":"","overlay-color":"","overlay-opacity":"","overlay-gradient":""}},"_joinchat":{"telephone":"17776015835"}},"product_brand":[],"product_cat":[62,64,151,153,156,158,142,143,144,146],"product_tag":[372,371,369,370,368,373],"class_list":{"0":"post-4363","1":"product","2":"type-product","3":"status-publish","4":"has-post-thumbnail","6":"product_cat-bang-vape","7":"product_cat-bangbox-vape","8":"product_cat-buy-disposable-vapes-in-france","9":"product_cat-buy-disposable-vapes-in-italy","10":"product_cat-buy-disposable-vapes-in-poland","11":"product_cat-buy-disposable-vapes-in-spain","12":"product_cat-digital-box-disposable-vapes","13":"product_cat-dual-mesh-disposable-vapes","14":"product_cat-low-nicotine-disposable-vapes","15":"product_cat-rechargeable-disposable-vapes","16":"product_tag-bang-box-42k","17":"product_tag-bang-box-turbo-42000","18":"product_tag-buy-disposable-vape-online","19":"product_tag-disposable-vape-bulk-buy","20":"product_tag-disposable-vapor","21":"product_tag-touch-screen-disposable-vape","22":"desktop-align-left","23":"tablet-align-left","24":"mobile-align-left","26":"first","27":"instock","28":"sale","29":"shipping-taxable","30":"purchasable","31":"product-type-simple"},"acf":[],"uagb_featured_image_src":{"full":["https:\/\/vapestornado.com\/wp-content\/uploads\/2025\/09\/Bang-Box-Turbo-42000-Puff-Touch-Screen-Vape.webp",1000,1000,false],"thumbnail":["https:\/\/vapestornado.com\/wp-content\/uploads\/2025\/09\/Bang-Box-Turbo-42000-Puff-Touch-Screen-Vape-150x150.webp",150,150,true],"medium":["https:\/\/vapestornado.com\/wp-content\/uploads\/2025\/09\/Bang-Box-Turbo-42000-Puff-Touch-Screen-Vape-300x300.webp",300,300,true],"medium_large":["https:\/\/vapestornado.com\/wp-content\/uploads\/2025\/09\/Bang-Box-Turbo-42000-Puff-Touch-Screen-Vape-768x768.webp",768,768,true],"large":["https:\/\/vapestornado.com\/wp-content\/uploads\/2025\/09\/Bang-Box-Turbo-42000-Puff-Touch-Screen-Vape.webp",1000,1000,false],"1536x1536":["https:\/\/vapestornado.com\/wp-content\/uploads\/2025\/09\/Bang-Box-Turbo-42000-Puff-Touch-Screen-Vape.webp",1000,1000,false],"2048x2048":["https:\/\/vapestornado.com\/wp-content\/uploads\/2025\/09\/Bang-Box-Turbo-42000-Puff-Touch-Screen-Vape.webp",1000,1000,false],"trp-custom-language-flag":["https:\/\/vapestornado.com\/wp-content\/uploads\/2025\/09\/Bang-Box-Turbo-42000-Puff-Touch-Screen-Vape-12x12.webp",12,12,true],"woocommerce_thumbnail":["https:\/\/vapestornado.com\/wp-content\/uploads\/2025\/09\/Bang-Box-Turbo-42000-Puff-Touch-Screen-Vape-300x300.webp",300,300,true],"woocommerce_single":["https:\/\/vapestornado.com\/wp-content\/uploads\/2025\/09\/Bang-Box-Turbo-42000-Puff-Touch-Screen-Vape-600x600.webp",600,600,true],"woocommerce_gallery_thumbnail":["https:\/\/vapestornado.com\/wp-content\/uploads\/2025\/09\/Bang-Box-Turbo-42000-Puff-Touch-Screen-Vape-100x100.webp",100,100,true]},"uagb_author_info":{"display_name":"ESAMY","author_link":"https:\/\/vapestornado.com\/da\/author\/"},"uagb_comment_info":1,"uagb_excerpt":"The Bang Box Turbo 42000 Puff combines dual vaping mode, a touch screen display, and 42000 puffs of bold flavor. With a 750mAh rechargeable battery and 28mL capacity, it\u2019s the smart choice for bulk wholesale buyers across Europe. Add Amy's whatsapp to get right reply and discount price! WhatsApp: +86 17776015835","_links":{"self":[{"href":"https:\/\/vapestornado.com\/da\/wp-json\/wp\/v2\/product\/4363","targetHints":{"allow":["GET"]}}],"collection":[{"href":"https:\/\/vapestornado.com\/da\/wp-json\/wp\/v2\/product"}],"about":[{"href":"https:\/\/vapestornado.com\/da\/wp-json\/wp\/v2\/types\/product"}],"replies":[{"embeddable":true,"href":"https:\/\/vapestornado.com\/da\/wp-json\/wp\/v2\/comments?post=4363"}],"wp:featuredmedia":[{"embeddable":true,"href":"https:\/\/vapestornado.com\/da\/wp-json\/wp\/v2\/media\/4360"}],"wp:attachment":[{"href":"https:\/\/vapestornado.com\/da\/wp-json\/wp\/v2\/media?parent=4363"}],"wp:term":[{"taxonomy":"product_brand","embeddable":true,"href":"https:\/\/vapestornado.com\/da\/wp-json\/wp\/v2\/product_brand?post=4363"},{"taxonomy":"product_cat","embeddable":true,"href":"https:\/\/vapestornado.com\/da\/wp-json\/wp\/v2\/product_cat?post=4363"},{"taxonomy":"product_tag","embeddable":true,"href":"https:\/\/vapestornado.com\/da\/wp-json\/wp\/v2\/product_tag?post=4363"}],"curies":[{"name":"wp","href":"https:\/\/api.w.org\/{rel}","templated":true}]}}