{"id":4355,"date":"2025-09-19T03:35:21","date_gmt":"2025-09-19T03:35:21","guid":{"rendered":"https:\/\/vapestornado.com\/?post_type=product&#038;p=4355"},"modified":"2025-09-19T06:51:26","modified_gmt":"2025-09-19T06:51:26","slug":"uzy-60000-puff-60k-disposable-vapor-3-in-1-triple-flavor-bulk-buy-online","status":"publish","type":"product","link":"https:\/\/vapestornado.com\/da\/product\/uzy-60000-puff-60k-disposable-vapor-3-in-1-triple-flavor-bulk-buy-online\/","title":{"rendered":"UZY 60000 Pust 60k Engangs Vapor 3 i 1 Triple Smag Bulk K\u00f8b Online"},"content":{"rendered":"<h2 data-pm-slice=\"1 1 []\">UZY 60000 Pust 3-i-1 Triple Flavor Engangs Vapor \u2013 K\u00f8b i bulk online til bedste pris<\/h2>\n<p data-start=\"312\" data-end=\"738\">Den <strong data-start=\"316\" data-end=\"351\">UZY 60000 Pust Engangs Vaporizer<\/strong> er bygget til dampere, der \u00f8nsker variation, kraft og p\u00e5lidelighed i \u00e9n enhed. Med en imponerende <strong data-start=\"447\" data-end=\"468\">60k pust kapacitet<\/strong> og et unikt <strong data-start=\"482\" data-end=\"513\">3-i-1 triple flavor system<\/strong>leverer hver pod-enhed <strong data-start=\"536\" data-end=\"556\">54 ml e-v\u00e6ske<\/strong> opdelt i tre separate kamre, der holder hver smag frisk og distinkt. UZY 60000 pust vape er det perfekte valg for<strong data-start=\"662\" data-end=\"702\"> dampere <\/strong>der kr\u00e6ver ydeevne og stil.<\/p>\n<p data-start=\"740\" data-end=\"1112\">Udstyret med <strong data-start=\"754\" data-end=\"785\">triple mesh coil-teknologi<\/strong>sikrer UZY 60k j\u00e6vn damp og rig smag i hvert tr\u00e6k. Den <strong data-start=\"854\" data-end=\"875\">smarte LED-sk\u00e6rm<\/strong> holder dig opdateret om batteri- og e-v\u00e6skeniveauer, s\u00e5 du aldrig l\u00f8ber t\u00f8r uventet. Drevet af et st\u00e6rkt <strong data-start=\"984\" data-end=\"1041\">850mAh genopladeligt batteri med Type-C hurtig opladning<\/strong>er nedetiden minimal, hvilket g\u00f8r dette til en p\u00e5lidelig enhed til daglig brug.<\/p>\n<p data-start=\"1114\" data-end=\"1403\">Tilg\u00e6ngelig i <strong data-start=\"1127\" data-end=\"1167\">0%, 2%, 3% og 5% nikotinstyrker<\/strong>den henvender sig til enhver pr\u00e6ference \u2013 fra let, afslappet vaping til et st\u00e6rkere hit. Den <strong data-start=\"1248\" data-end=\"1282\">krystal-inspirerede moderne design<\/strong> f\u00f8les ikke kun premium i h\u00e5nden, men ser ogs\u00e5 skarp ud og appellerer til unge voksne, der v\u00e6rds\u00e6tter b\u00e5de funktion og \u00e6stetik.<\/p>\n<p data-start=\"1405\" data-end=\"1739\">For <strong data-start=\"1409\" data-end=\"1434\">engros bulk k\u00f8bere<\/strong>st\u00e5r UZY 60000 Pust frem som en <strong data-start=\"1471\" data-end=\"1518\">bedst s\u00e6lger i kategorien engangs vape<\/strong>kombinerer <strong data-start=\"1530\" data-end=\"1612\">langvarig ydeevne, autentiske smagsoplevelser og konkurrencedygtige engrospriser<\/strong> der sikrer st\u00e6rke fortjenstmargener. Hvis du \u00f8nsker at <strong data-start=\"1664\" data-end=\"1694\">k\u00f8be engangs vape online<\/strong> til din butik, er UZY 60k et sikkert valg.<\/p>\n<p><strong><span style=\"color: #ff0000;\">Tilf\u00f8j Amys whatsapp, f\u00e5 et hurtigt svar og en vape-kupon!<\/span><\/strong><\/p>\n<p><img fetchpriority=\"high\" decoding=\"async\" class=\"size-full wp-image-2932\" src=\"https:\/\/vapestornado.com\/wp-content\/uploads\/2024\/12\/Vape-Wholesale.jpg\" alt=\"Vape Engros\" width=\"229\" height=\"300\" \/><\/p>\n<h3><a href=\"https:\/\/wa.me\/8617776015835\" target=\"_blank\" rel=\"noopener\"><span style=\"color: #ff0000;\"><strong>WhatsApp: +86 17776015835<\/strong><\/span><\/a><\/h3>\n<p>&nbsp;<\/p>\n<h2><strong>UZY 60000 Pust Produktfunktioner<\/strong><\/h2>\n<p>Pust: 60000 Pust<br \/>\n3 i 1 Triple Smagsvarianter<br \/>\nDobbelt Mesh Coil<br \/>\nE-v\u00e6ske: 54ml(18ml+18ml+18ml)<br \/>\nNikotin: 0%\/2%\/3%\/5%<br \/>\nBatteri: 850mah<br \/>\nGenopladelig:Type-C Opladningsport<br \/>\nLED Display (Smart Screen) Indikerer Batteri Og E-v\u00e6ske Niveau<br \/>\nStr\u00f8mjustering: Pro Og Max Versioner<br \/>\nProduktv\u00e6gt: 120g\/stk<\/p>\n<figure id=\"attachment_4354\" aria-describedby=\"caption-attachment-4354\" style=\"width: 800px\" class=\"wp-caption alignnone\"><img decoding=\"async\" class=\"wp-image-4354 size-full\" src=\"https:\/\/vapestornado.com\/wp-content\/uploads\/2025\/09\/UZY-Triple-Flavor-60000-60K-Puffs-Disposable-Vape.webp\" alt=\"UZY Triple Flavor 60000 60K Pust Engangs Vape\" width=\"800\" height=\"800\" srcset=\"https:\/\/vapestornado.com\/wp-content\/uploads\/2025\/09\/UZY-Triple-Flavor-60000-60K-Puffs-Disposable-Vape.webp 800w, https:\/\/vapestornado.com\/wp-content\/uploads\/2025\/09\/UZY-Triple-Flavor-60000-60K-Puffs-Disposable-Vape-300x300.webp 300w, https:\/\/vapestornado.com\/wp-content\/uploads\/2025\/09\/UZY-Triple-Flavor-60000-60K-Puffs-Disposable-Vape-150x150.webp 150w, https:\/\/vapestornado.com\/wp-content\/uploads\/2025\/09\/UZY-Triple-Flavor-60000-60K-Puffs-Disposable-Vape-768x768.webp 768w, https:\/\/vapestornado.com\/wp-content\/uploads\/2025\/09\/UZY-Triple-Flavor-60000-60K-Puffs-Disposable-Vape-12x12.webp 12w, https:\/\/vapestornado.com\/wp-content\/uploads\/2025\/09\/UZY-Triple-Flavor-60000-60K-Puffs-Disposable-Vape-600x600.webp 600w, https:\/\/vapestornado.com\/wp-content\/uploads\/2025\/09\/UZY-Triple-Flavor-60000-60K-Puffs-Disposable-Vape-100x100.webp 100w\" sizes=\"(max-width: 800px) 100vw, 800px\" \/><figcaption id=\"caption-attachment-4354\" class=\"wp-caption-text\">UZY Triple Flavor 60000 60K Pust Engangs Vape<\/figcaption><\/figure>\n<h2 class=\"product-title\"><strong> UZY 60000 Pust Smagsliste<\/strong><\/h2>\n<p>1.Bl\u00e5b\u00e6r Hindb\u00e6r \/Jordb\u00e6r Kiwi \/Citron Lime<br \/>\n2.Kiwi Passionsfrugt Guava \/Bl\u00e5b\u00e6r Is \/Fersken Mango<br \/>\n3.Jordb\u00e6r Vandmelon \/Cola Is \/Kirseb\u00e6r Cola<br \/>\n4.Fersken Is \/Jordb\u00e6r Hindb\u00e6r Kirseb\u00e6r Is \/To \u00c6ble Is<br \/>\n5.Drue is \/ Love 666(Passionsfrugt Melon) \/ Jordb\u00e6r Red Bull<br \/>\n6.Mr Blue \/ Gummy Bear \/ Red Bull Is<br \/>\n7.Fersken mango ananas \/ Blue Razz Ice \/ Hindb\u00e6r Vandmelon<br \/>\n8. Vandmelon Is \/ Triple melon Is \/ Jordb\u00e6r Banan<br \/>\n9. Sommerfersken Is \/ Jordb\u00e6r Is \/ Bl\u00e5 Hindb\u00e6r Is<br \/>\n10. Kirseb\u00e6r Is \/ Blandede B\u00e6r \/ Sort Drage Is<\/p>\n<div class=\"flex-shrink-0 flex flex-col relative items-end\">\n<div class=\"pt-0\">\n<div class=\"gizmo-bot-avatar flex h-8 w-8 items-center justify-center overflow-hidden rounded-full\">\n<div class=\"relative p-1 rounded-sm flex items-center justify-center bg-token-main-surface-primary text-token-text-primary h-8 w-8\">\n<h2 data-start=\"1200\" data-end=\"1487\">Vapes Tornado \u2013 Din Online Vape Butik til Engros af Europas Top Vape M\u00e6rker<\/h2>\n<p data-start=\"1200\" data-end=\"1487\"><strong data-start=\"213\" data-end=\"248\">Vapes Tornado Online R\u00f8gbutik<\/strong> er din betroede destination for engangs vapes af h\u00f8j kvalitet og engros e-cigaretter i hele Danmark. Vi specialiserer os i at tilbyde et bredt udvalg af de<strong data-start=\"403\" data-end=\"431\">\u00a0popul\u00e6re vape-m\u00e6rker<\/strong>, inklusive <strong data-start=\"443\" data-end=\"502\"><a href=\"https:\/\/vapestornado.com\/da\/product\/waspe-aiviou-3-in-1-60000-puffs-disposable-vape-kit-best-price\/\">WASPE VAPE<\/a>, Vapme VAPE, <a href=\"https:\/\/vapestornado.com\/da\/product\/vozol-gear-power-20k-20000-puffs-vape-rechargeable-disposable-box-bulk-buy-cheap-price\/\">VOZOL VAPE<\/a><\/strong><strong data-start=\"443\" data-end=\"502\">, og <a href=\"https:\/\/vapestornado.com\/da\/product-category\/fumot-vape\/\">FUMOT VAPE<\/a><\/strong>. Vores butik er bygget til at betjene b\u00e5de individuelle kunder og engrosk\u00f8bere, og tilbyder p\u00e5lidelige produkter, der kombinerer st\u00e6rk ydeevne, stilfuldt design og konkurrencedygtige priser.<\/p>\n<h2 data-start=\"2064\" data-end=\"2115\">Ofte stillede sp\u00f8rgsm\u00e5l om UZY 60000 Pust Engangs Vape<\/h2>\n<p data-start=\"152\" data-end=\"362\"><strong data-start=\"152\" data-end=\"223\">1. Hvor mange smagsvarianter tilbyder UZY 60000 Pust Engangs Vapor?<\/strong><br data-start=\"223\" data-end=\"226\" \/>Hver enhed inkluderer en <strong data-start=\"249\" data-end=\"280\">3-i-1 triple flavor system<\/strong>, hvilket giver dig tre forskellige e-v\u00e6ske kamre med en total p\u00e5 <strong data-start=\"342\" data-end=\"359\">54 ml kapacitet<\/strong>.<\/p>\n<p data-start=\"364\" data-end=\"530\"><strong data-start=\"364\" data-end=\"404\">2. Er UZY 60k Pust genopladelig?<\/strong><br data-start=\"404\" data-end=\"407\" \/>Ja. Den leveres med en <strong data-start=\"429\" data-end=\"447\">850mAh batteri<\/strong> og underst\u00f8tter <strong data-start=\"461\" data-end=\"485\">Type-C hurtigopladning<\/strong>, hvilket sikrer l\u00e6ngere brug og minimal nedetid.<\/p>\n<p data-start=\"532\" data-end=\"731\"><strong data-start=\"532\" data-end=\"599\">3. Hvilke nikotinstyrker er tilg\u00e6ngelige for UZY 60000 Pust?<\/strong><br data-start=\"599\" data-end=\"602\" \/>UZY 60k Pust f\u00e5s i <strong data-start=\"635\" data-end=\"675\">0%, 2%, 3% og 5% nikotinstyrker<\/strong>, hvilket g\u00f8r den egnet til forskellige vapingpr\u00e6ferencer.<\/p>\n<p data-start=\"733\" data-end=\"913\"><strong data-start=\"733\" data-end=\"776\">4. Hvordan fungerer LED-smartdisplayet?<\/strong><br data-start=\"776\" data-end=\"779\" \/>Det indbyggede <strong data-start=\"792\" data-end=\"806\">LED-sk\u00e6rm<\/strong> viser <strong data-start=\"813\" data-end=\"855\">batteriprocent og e-v\u00e6skeniveauer<\/strong>, s\u00e5 du altid ved, hvorn\u00e5r du skal genoplade eller skifte smag.<\/p>\n<p data-start=\"915\" data-end=\"1149\"><strong data-start=\"915\" data-end=\"989\">5. Hvorfor er UZY 60000 Pust popul\u00e6r til engrosk\u00f8b i Danmark?<\/strong><br data-start=\"989\" data-end=\"992\" \/>Dens <strong data-start=\"996\" data-end=\"1086\">langt pustetal, tredobbelt smagssystem, st\u00e6rkt batteri og konkurrencedygtig engrospris<\/strong> g\u00f8r det til et tops\u00e6lgende valg for distribut\u00f8rer og detailhandlere.<\/p>\n<\/div>\n<\/div>\n<\/div>\n<\/div>","protected":false},"excerpt":{"rendered":"<p><strong data-start=\"114\" data-end=\"149\">UZY 60000 Pust Engangs Vaporizer<\/strong> den <strong data-start=\"159\" data-end=\"184\">3-i-1 tredobbelte smagsvarianter<\/strong>, op til <strong data-start=\"192\" data-end=\"205\">60k pust<\/strong>og et <strong data-start=\"213\" data-end=\"234\">smarte LED-sk\u00e6rm<\/strong> med <strong data-start=\"240\" data-end=\"278\" data-is-only-node=\"\">850mAh Type-C genopladeligt batteri<\/strong>. Ideel til <strong data-start=\"290\" data-end=\"325\">bulk engrosk\u00f8bere i Europa<\/strong> dem, der s\u00f8ger langvarig ydeevne til den <strong data-start=\"370\" data-end=\"384\">bedste pris<\/strong>.<\/p>\n<p><strong>Tilf\u00f8j Amys whatsapp for at f\u00e5 korrekt svar og rabatpris!<\/strong><\/p>\n<p><img fetchpriority=\"high\" decoding=\"async\" class=\"size-full wp-image-2932\" src=\"https:\/\/vapestornado.com\/wp-content\/uploads\/2024\/12\/Vape-Wholesale.jpg\" alt=\"Vape Engros\" width=\"229\" height=\"300\" \/><\/p>\n<h3><a href=\"https:\/\/wa.me\/8617776015835\"><span style=\"color: #ff0000;\"><strong>WhatsApp: +86 17776015835<\/strong><\/span><\/a><\/h3>","protected":false},"featured_media":4353,"comment_status":"open","ping_status":"closed","template":"","meta":{"_acf_changed":false,"_uag_custom_page_level_css":"","_lmt_disableupdate":"no","_lmt_disable":"","_monsterinsights_skip_tracking":false,"_monsterinsights_sitenote_active":false,"_monsterinsights_sitenote_note":"","_monsterinsights_sitenote_category":0,"site-sidebar-layout":"default","site-content-layout":"","ast-site-content-layout":"default","site-content-style":"default","site-sidebar-style":"default","ast-global-header-display":"","ast-banner-title-visibility":"","ast-main-header-display":"","ast-hfb-above-header-display":"","ast-hfb-below-header-display":"","ast-hfb-mobile-header-display":"","site-post-title":"","ast-breadcrumbs-content":"","ast-featured-img":"","footer-sml-layout":"","ast-disable-related-posts":"","theme-transparent-header-meta":"default","adv-header-id-meta":"","stick-header-meta":"","header-above-stick-meta":"","header-main-stick-meta":"","header-below-stick-meta":"","astra-migrate-meta-layouts":"set","ast-page-background-enabled":"default","ast-page-background-meta":{"desktop":{"background-color":"","background-image":"","background-repeat":"repeat","background-position":"center center","background-size":"auto","background-attachment":"scroll","background-type":"","background-media":"","overlay-type":"","overlay-color":"","overlay-opacity":"","overlay-gradient":""},"tablet":{"background-color":"","background-image":"","background-repeat":"repeat","background-position":"center center","background-size":"auto","background-attachment":"scroll","background-type":"","background-media":"","overlay-type":"","overlay-color":"","overlay-opacity":"","overlay-gradient":""},"mobile":{"background-color":"","background-image":"","background-repeat":"repeat","background-position":"center center","background-size":"auto","background-attachment":"scroll","background-type":"","background-media":"","overlay-type":"","overlay-color":"","overlay-opacity":"","overlay-gradient":""}},"ast-content-background-meta":{"desktop":{"background-color":"var(--ast-global-color-5)","background-image":"","background-repeat":"repeat","background-position":"center center","background-size":"auto","background-attachment":"scroll","background-type":"","background-media":"","overlay-type":"","overlay-color":"","overlay-opacity":"","overlay-gradient":""},"tablet":{"background-color":"var(--ast-global-color-5)","background-image":"","background-repeat":"repeat","background-position":"center center","background-size":"auto","background-attachment":"scroll","background-type":"","background-media":"","overlay-type":"","overlay-color":"","overlay-opacity":"","overlay-gradient":""},"mobile":{"background-color":"var(--ast-global-color-5)","background-image":"","background-repeat":"repeat","background-position":"center center","background-size":"auto","background-attachment":"scroll","background-type":"","background-media":"","overlay-type":"","overlay-color":"","overlay-opacity":"","overlay-gradient":""}},"_joinchat":{"telephone":"17776015835"}},"product_brand":[],"product_cat":[343,152,156,158,142,357,144,146,356],"product_tag":[369,370,368,366,367,364],"class_list":{"0":"post-4355","1":"product","2":"type-product","3":"status-publish","4":"has-post-thumbnail","6":"product_cat-60000-puff","7":"product_cat-buy-disposable-vapes-in-cermany","8":"product_cat-buy-disposable-vapes-in-poland","9":"product_cat-buy-disposable-vapes-in-spain","10":"product_cat-digital-box-disposable-vapes","11":"product_cat-flavor-adjustable-vape","12":"product_cat-low-nicotine-disposable-vapes","13":"product_cat-rechargeable-disposable-vapes","14":"product_cat-uzy-vape","15":"product_tag-buy-disposable-vape-online","16":"product_tag-disposable-vape-bulk-buy","17":"product_tag-disposable-vapor","18":"product_tag-uzy-60000-puff","19":"product_tag-uzy-60k-puff","20":"product_tag-wholesale-cheap-price","21":"desktop-align-left","22":"tablet-align-left","23":"mobile-align-left","25":"first","26":"instock","27":"sale","28":"shipping-taxable","29":"purchasable","30":"product-type-simple"},"acf":[],"uagb_featured_image_src":{"full":["https:\/\/vapestornado.com\/wp-content\/uploads\/2025\/09\/UZY-Triple-Flavor-60000-60K-Puffs-Disposable-Vape-BOx.webp",800,800,false],"thumbnail":["https:\/\/vapestornado.com\/wp-content\/uploads\/2025\/09\/UZY-Triple-Flavor-60000-60K-Puffs-Disposable-Vape-BOx-150x150.webp",150,150,true],"medium":["https:\/\/vapestornado.com\/wp-content\/uploads\/2025\/09\/UZY-Triple-Flavor-60000-60K-Puffs-Disposable-Vape-BOx-300x300.webp",300,300,true],"medium_large":["https:\/\/vapestornado.com\/wp-content\/uploads\/2025\/09\/UZY-Triple-Flavor-60000-60K-Puffs-Disposable-Vape-BOx-768x768.webp",768,768,true],"large":["https:\/\/vapestornado.com\/wp-content\/uploads\/2025\/09\/UZY-Triple-Flavor-60000-60K-Puffs-Disposable-Vape-BOx.webp",800,800,false],"1536x1536":["https:\/\/vapestornado.com\/wp-content\/uploads\/2025\/09\/UZY-Triple-Flavor-60000-60K-Puffs-Disposable-Vape-BOx.webp",800,800,false],"2048x2048":["https:\/\/vapestornado.com\/wp-content\/uploads\/2025\/09\/UZY-Triple-Flavor-60000-60K-Puffs-Disposable-Vape-BOx.webp",800,800,false],"trp-custom-language-flag":["https:\/\/vapestornado.com\/wp-content\/uploads\/2025\/09\/UZY-Triple-Flavor-60000-60K-Puffs-Disposable-Vape-BOx-12x12.webp",12,12,true],"woocommerce_thumbnail":["https:\/\/vapestornado.com\/wp-content\/uploads\/2025\/09\/UZY-Triple-Flavor-60000-60K-Puffs-Disposable-Vape-BOx-300x300.webp",300,300,true],"woocommerce_single":["https:\/\/vapestornado.com\/wp-content\/uploads\/2025\/09\/UZY-Triple-Flavor-60000-60K-Puffs-Disposable-Vape-BOx-600x600.webp",600,600,true],"woocommerce_gallery_thumbnail":["https:\/\/vapestornado.com\/wp-content\/uploads\/2025\/09\/UZY-Triple-Flavor-60000-60K-Puffs-Disposable-Vape-BOx-100x100.webp",100,100,true]},"uagb_author_info":{"display_name":"ESAMY","author_link":"https:\/\/vapestornado.com\/da\/author\/"},"uagb_comment_info":1,"uagb_excerpt":"UZY 60000 Puff Disposable Vapor delivers 3-in-1 triple flavors, up to 60k puffs, and a smart LED display with 850mAh Type-C rechargeable battery. Ideal for bulk wholesale buyers in Europe looking for long-lasting performance at the best price. Add Amy's whatsapp to get right reply and discount price! WhatsApp: +86 17776015835","_links":{"self":[{"href":"https:\/\/vapestornado.com\/da\/wp-json\/wp\/v2\/product\/4355","targetHints":{"allow":["GET"]}}],"collection":[{"href":"https:\/\/vapestornado.com\/da\/wp-json\/wp\/v2\/product"}],"about":[{"href":"https:\/\/vapestornado.com\/da\/wp-json\/wp\/v2\/types\/product"}],"replies":[{"embeddable":true,"href":"https:\/\/vapestornado.com\/da\/wp-json\/wp\/v2\/comments?post=4355"}],"wp:featuredmedia":[{"embeddable":true,"href":"https:\/\/vapestornado.com\/da\/wp-json\/wp\/v2\/media\/4353"}],"wp:attachment":[{"href":"https:\/\/vapestornado.com\/da\/wp-json\/wp\/v2\/media?parent=4355"}],"wp:term":[{"taxonomy":"product_brand","embeddable":true,"href":"https:\/\/vapestornado.com\/da\/wp-json\/wp\/v2\/product_brand?post=4355"},{"taxonomy":"product_cat","embeddable":true,"href":"https:\/\/vapestornado.com\/da\/wp-json\/wp\/v2\/product_cat?post=4355"},{"taxonomy":"product_tag","embeddable":true,"href":"https:\/\/vapestornado.com\/da\/wp-json\/wp\/v2\/product_tag?post=4355"}],"curies":[{"name":"wp","href":"https:\/\/api.w.org\/{rel}","templated":true}]}}