{"id":4348,"date":"2025-09-17T08:20:08","date_gmt":"2025-09-17T08:20:08","guid":{"rendered":"https:\/\/vapestornado.com\/?post_type=product&#038;p=4348"},"modified":"2025-09-17T08:44:49","modified_gmt":"2025-09-17T08:44:49","slug":"original-vozol-star-40000-puff-40k-best-disposable-vape-2025-wholesale-cheap-price","status":"publish","type":"product","link":"https:\/\/vapestornado.com\/da\/product\/original-vozol-star-40000-puff-40k-best-disposable-vape-2025-wholesale-cheap-price\/","title":{"rendered":"Original Vozol Star 40000 Pust 40k Bedste Engangs Vape 2025 Engros Billig Pris"},"content":{"rendered":"<h2 data-pm-slice=\"1 1 []\">Vozol Star 40000 Engangs Vape \u2013 Bedste Engrospris 2025<\/h2>\n<p data-start=\"292\" data-end=\"656\">Den <strong data-start=\"296\" data-end=\"349\">Vozol Star 40000 Pust (Vozol Star 40K Engangs Vape)<\/strong> s\u00e6tter en ny standard inden for langtidsholdbare engangsenheder. Leverer op til <strong data-start=\"424\" data-end=\"440\">40.000 sug<\/strong>, den er bygget til brugere, der \u00f8nsker kraft, variation og v\u00e6rdi i \u00e9t kompakt design. Drevet af et <strong data-start=\"534\" data-end=\"592\">1000mAh genopladeligt batteri med Type-C hurtig opladning<\/strong>, er Star 40K perfekt til ugers konsistent ydeevne.<\/p>\n<p data-start=\"658\" data-end=\"996\">Konstrueret med <strong data-start=\"674\" data-end=\"693\">dobbelte mesh coils<\/strong> og et <strong data-start=\"700\" data-end=\"739\">dual-mode system (Eco<\/strong>, hvert sug er j\u00e6vnt, smagfuldt og kan tilpasses din stil \u2013 uanset om du nyder strammere MTL-tr\u00e6k eller luftige DL-tr\u00e6k. Den <strong data-start=\"862\" data-end=\"884\">justerbart luftflow<\/strong> tilf\u00f8jer yderligere kontrol, hvilket giver danske dampere pr\u00e6cis, hvad de forventer af <strong data-start=\"964\" data-end=\"993\">bedste engangs vape 2025<\/strong>.<\/p>\n<p data-start=\"998\" data-end=\"1352\">Vozol Star 40K kommer i <strong data-start=\"1026\" data-end=\"1048\">25 premium smagsvarianter<\/strong>, fra <strong data-start=\"1055\" data-end=\"1079\">iskolde mentol-klassikere<\/strong> to <strong data-start=\"1083\" data-end=\"1099\">frugtblandinger<\/strong> som Strawberry Kiwi, Mango Peach og Blue Razz Ice. Kombineret med en <strong data-start=\"1170\" data-end=\"1190\">l\u00e6kagesikker konstruktion<\/strong> og <strong data-start=\"1195\" data-end=\"1219\">slankt krystalfinish<\/strong>, er denne enhed ikke kun holdbar, men ogs\u00e5 stilfuld, hvilket g\u00f8r den meget attraktiv for engrosk\u00f8bere, der er m\u00e5lrettet mod unge voksne markeder.<\/p>\n<p data-start=\"1354\" data-end=\"1631\">For distribut\u00f8rer er <strong data-start=\"1376\" data-end=\"1396\">Vozol Stjerne 40000<\/strong> puff tilbyder st\u00e6rke videresalgsmargener, h\u00f8j forbrugereftersp\u00f8rgsel og trov\u00e6rdigheden af et f\u00f8rende m\u00e6rke i Europa. Dette g\u00f8r det til en must-stock enhed for enhver vape-forhandler, der s\u00f8ger efter <strong data-start=\"1569\" data-end=\"1600\">engros billige prisaftaler<\/strong> uden at g\u00e5 p\u00e5 kompromis med kvaliteten.<\/p>\n<p><strong><span style=\"color: #ff0000;\">Tilf\u00f8j Amys whatsapp, f\u00e5 et hurtigt svar og en vape-kupon!<\/span><\/strong><\/p>\n<p><img fetchpriority=\"high\" decoding=\"async\" class=\"size-full wp-image-2932\" src=\"https:\/\/vapestornado.com\/wp-content\/uploads\/2024\/12\/Vape-Wholesale.jpg\" alt=\"Vape Engros\" width=\"229\" height=\"300\" \/><\/p>\n<h3><a href=\"https:\/\/wa.me\/8617776015835\" target=\"_blank\" rel=\"noopener\"><span style=\"color: #ff0000;\"><strong>WhatsApp: +86 17776015835<\/strong><\/span><\/a><\/h3>\n<p>&nbsp;<\/p>\n<h2><strong>Vozol Star 40000 Puff Produktegenskaber<\/strong><\/h2>\n<ul data-start=\"1659\" data-end=\"2057\">\n<li data-start=\"1659\" data-end=\"1707\">\n<p data-start=\"1661\" data-end=\"1707\"><strong data-start=\"1661\" data-end=\"1677\">40.000 sug<\/strong> pr. enhed til forl\u00e6nget brug<\/p>\n<\/li>\n<li data-start=\"1708\" data-end=\"1773\">\n<p data-start=\"1710\" data-end=\"1773\"><strong data-start=\"1710\" data-end=\"1730\">Dobbelt-tilstandssystem<\/strong> (Eco\/Power) for tilpasselig ydeevne<\/p>\n<\/li>\n<li data-start=\"1774\" data-end=\"1831\">\n<p data-start=\"1776\" data-end=\"1831\"><strong data-start=\"1776\" data-end=\"1795\">Dobbelt mesh coils<\/strong> for fed smag og dampdensitet<\/p>\n<\/li>\n<li data-start=\"1832\" data-end=\"1894\">\n<p data-start=\"1834\" data-end=\"1894\"><strong data-start=\"1834\" data-end=\"1866\">1000mAh genopladeligt batteri<\/strong> med Type-C hurtig opladning<\/p>\n<\/li>\n<li data-start=\"1895\" data-end=\"1953\">\n<p data-start=\"1897\" data-end=\"1953\"><strong data-start=\"1897\" data-end=\"1918\">24 smagsvarianter<\/strong> designet til det europ\u00e6iske marked<\/p>\n<\/li>\n<li data-start=\"1954\" data-end=\"2005\">\n<p data-start=\"1956\" data-end=\"2005\"><strong data-start=\"1956\" data-end=\"1978\">Justerbar luftstr\u00f8m<\/strong> for MTL<\/p>\n<\/li>\n<li data-start=\"2006\" data-end=\"2057\">\n<p data-start=\"2008\" data-end=\"2057\"><strong data-start=\"2008\" data-end=\"2029\">L\u00e6kagesikkert design<\/strong> med stilfuldt krystalhus<\/p>\n<\/li>\n<\/ul>\n<h2 class=\"product-title\"><strong>\u00a0Vozol Star 40000 Puff Smagsliste<\/strong><\/h2>\n<p>1. Blue Razz Ice<br \/>\n2. Bl\u00e5b\u00e6r Is<br \/>\n3. Bl\u00e5b\u00e6r Mynte<br \/>\n4. Bl\u00e5b\u00e6r Vandmelon<br \/>\n5. Cherimoya Grapefrugt B\u00e6r<br \/>\n6. Kirseb\u00e6r Cola<br \/>\n7. K\u00f8lig Mint<br \/>\n8. Drue Is<br \/>\n9. Mango Ice<br \/>\n10. Mango Fersken<br \/>\n11. Melon Gummi<br \/>\n12. Melon Is<br \/>\n13. Fersken Is<br \/>\n14. Surt \u00c6ble Is<br \/>\n15. Jordb\u00e6r Is<br \/>\n16. Jordb\u00e6r Kiwi<br \/>\n17. Jordb\u00e6r Vandmelon<br \/>\n18. Jordb\u00e6rmelon Fersken<br \/>\n20. Vzbull<br \/>\n21. Vandmelon Bubble Gum<br \/>\n22. Vandmelon Drue Boysenb\u00e6r<br \/>\n23. Vandmelon Is<br \/>\n24. Vandmelon Syrlig Fersken<br \/>\n25. Hvid Fersken Hindb\u00e6r<\/p>\n<figure id=\"attachment_4346\" aria-describedby=\"caption-attachment-4346\" style=\"width: 300px\" class=\"wp-caption alignnone\"><img decoding=\"async\" class=\"size-medium wp-image-4346\" src=\"https:\/\/vapestornado.com\/wp-content\/uploads\/2025\/09\/VOZOL-STAR-40K-Puffs-Vozol-Vapes-300x177.webp\" alt=\"VOZOL STAR 40K Pust Vozol Vapes Hot Salgs Smag\" width=\"300\" height=\"177\" srcset=\"https:\/\/vapestornado.com\/wp-content\/uploads\/2025\/09\/VOZOL-STAR-40K-Puffs-Vozol-Vapes-300x177.webp 300w, https:\/\/vapestornado.com\/wp-content\/uploads\/2025\/09\/VOZOL-STAR-40K-Puffs-Vozol-Vapes-768x454.webp 768w, https:\/\/vapestornado.com\/wp-content\/uploads\/2025\/09\/VOZOL-STAR-40K-Puffs-Vozol-Vapes-18x12.webp 18w, https:\/\/vapestornado.com\/wp-content\/uploads\/2025\/09\/VOZOL-STAR-40K-Puffs-Vozol-Vapes-600x355.webp 600w, https:\/\/vapestornado.com\/wp-content\/uploads\/2025\/09\/VOZOL-STAR-40K-Puffs-Vozol-Vapes.webp 800w\" sizes=\"(max-width: 300px) 100vw, 300px\" \/><figcaption id=\"caption-attachment-4346\" class=\"wp-caption-text\">VOZOL STAR 40K Pust Vozol Vapes Hot Salgs Smag<\/figcaption><\/figure>\n<div class=\"flex-shrink-0 flex flex-col relative items-end\">\n<div class=\"pt-0\">\n<div class=\"gizmo-bot-avatar flex h-8 w-8 items-center justify-center overflow-hidden rounded-full\">\n<div class=\"relative p-1 rounded-sm flex items-center justify-center bg-token-main-surface-primary text-token-text-primary h-8 w-8\">\n<h2 data-start=\"1200\" data-end=\"1487\">Vapes Tornado \u2013 Din Online Vape Butik til Engros af Europas Top Vape M\u00e6rker<\/h2>\n<p data-start=\"1200\" data-end=\"1487\"><strong data-start=\"213\" data-end=\"248\">Vapes Tornado Online Vape Butik<\/strong> er din betroede destination for engangs vapes af h\u00f8j kvalitet og engros e-cigaretter i hele Danmark. Vi specialiserer os i at tilbyde et bredt udvalg af de <strong data-start=\"403\" data-end=\"431\">mest popul\u00e6re vape-m\u00e6rker<\/strong>, inklusive <strong data-start=\"443\" data-end=\"502\"><a href=\"https:\/\/vapestornado.com\/da\/product\/buy-authentic-waspe-100000-puffs-low-nicotine-disposable-vape-pen-at-wholesale-price\/\">WASPE VAPE<\/a>, BANGBOX VAPE, <a href=\"https:\/\/vapestornado.com\/da\/product\/vozol-gear-power-20k-20000-puffs-vape-rechargeable-disposable-box-bulk-buy-cheap-price\/\">VOZOL VAPE<\/a><\/strong><strong data-start=\"443\" data-end=\"502\">, og <a href=\"https:\/\/vapestornado.com\/da\/product-category\/fumot-vape\/\">FUMOT VAPE<\/a><\/strong>. Vores butik er bygget til at betjene b\u00e5de individuelle kunder og engrosk\u00f8bere, og tilbyder p\u00e5lidelige produkter, der kombinerer st\u00e6rk ydeevne, stilfuldt design og konkurrencedygtige priser.<\/p>\n<h2 data-start=\"2064\" data-end=\"2115\">Ofte stillede sp\u00f8rgsm\u00e5l om Vozol Star 40000 Pust Engangs Vape<\/h2>\n<p data-start=\"2117\" data-end=\"2283\"><strong data-start=\"2117\" data-end=\"2171\">1. Hvor mange pust leverer Vozol Star 40K?<\/strong><br data-start=\"2171\" data-end=\"2174\" \/>Hver enhed tilbyder op til <strong data-start=\"2199\" data-end=\"2215\">40.000 sug<\/strong>, hvilket g\u00f8r den til en af de l\u00e6ngstvarende engangs vapes i Europa.<\/p>\n<p data-start=\"2285\" data-end=\"2429\"><strong data-start=\"2285\" data-end=\"2327\">2. Er Vozol Star 40K genopladelig?<\/strong><br data-start=\"2327\" data-end=\"2330\" \/>Ja, den har en <strong data-start=\"2349\" data-end=\"2402\">1000mAh genopladeligt batteri med Type-C opladning<\/strong>, hvilket sikrer langvarig brug.<\/p>\n<p data-start=\"2431\" data-end=\"2632\"><strong data-start=\"2431\" data-end=\"2503\">3. Hvad g\u00f8r Vozol Star 40000 anderledes end andre engangs?<\/strong><br data-start=\"2503\" data-end=\"2506\" \/>Den kombinerer <strong data-start=\"2518\" data-end=\"2537\">dobbelte mesh coils<\/strong>, <strong data-start=\"2539\" data-end=\"2560\">dobbelte vaping-tilstande<\/strong>, og <strong data-start=\"2566\" data-end=\"2588\">justerbart luftflow<\/strong>, der tilbyder fleksibilitet og overlegen smag.<\/p>\n<p data-start=\"2634\" data-end=\"2841\"><strong data-start=\"2634\" data-end=\"2668\">4. Hvilke smage er tilg\u00e6ngelige?<\/strong><br data-start=\"2668\" data-end=\"2671\" \/>Der er <strong data-start=\"2681\" data-end=\"2695\">24 smagsvarianter<\/strong> inklusive frugtagtige blandinger som <strong data-start=\"2725\" data-end=\"2740\">Mango Fersken<\/strong>, forfriskende valg som <strong data-start=\"2766\" data-end=\"2779\">K\u00f8lende Mynte<\/strong>, og unikke blandinger som <strong data-start=\"2806\" data-end=\"2838\">Cherimoya Grapefrugt B\u00e6r<\/strong>.<\/p>\n<p data-start=\"2843\" data-end=\"3067\"><strong data-start=\"2843\" data-end=\"2905\">5. Hvorfor er Vozol Star 40K popul\u00e6r blandt grossister?<\/strong><br data-start=\"2905\" data-end=\"2908\" \/>Det har <strong data-start=\"2915\" data-end=\"2980\">st\u00e6rk eftersp\u00f8rgsel, f\u00f8rsteklasses byggekvalitet og udvidet antal sug<\/strong>, hvilket giver grossister mulighed for at nyde bedre fortjenstmargener ved en <strong data-start=\"3039\" data-end=\"3064\">billig engrospris<\/strong>.<\/p>\n<\/div>\n<\/div>\n<\/div>\n<\/div>","protected":false},"excerpt":{"rendered":"<p><strong data-start=\"108\" data-end=\"144\">Vozol Star 40000 Engangs Vape<\/strong> leverer op til <strong data-start=\"160\" data-end=\"173\">40K sug<\/strong> med <strong data-start=\"179\" data-end=\"198\">dobbelte mesh coils<\/strong>, en <strong data-start=\"202\" data-end=\"241\">1000mAh Type-C genopladeligt batteri<\/strong>, og <strong data-start=\"247\" data-end=\"266\" data-is-only-node=\"\">25 dristige smagsvarianter<\/strong>. Designet med et dual-mode system og justerbar luftstr\u00f8m, det er den <strong data-start=\"334\" data-end=\"363\">bedste engangs vape 2025<\/strong> for j\u00e6vn smag og langvarig ydeevne til en <strong data-start=\"415\" data-end=\"440\">billig engrospris<\/strong>.<\/p>\n<p><strong>Tilf\u00f8j Amys whatsapp for at f\u00e5 korrekt svar og rabatpris!<\/strong><\/p>\n<p><img fetchpriority=\"high\" decoding=\"async\" class=\"size-full wp-image-2932\" src=\"https:\/\/vapestornado.com\/wp-content\/uploads\/2024\/12\/Vape-Wholesale.jpg\" alt=\"Vape Engros\" width=\"229\" height=\"300\" \/><\/p>\n<h3><a href=\"https:\/\/wa.me\/8617776015835\"><span style=\"color: #ff0000;\"><strong>WhatsApp: +86 17776015835<\/strong><\/span><\/a><\/h3>","protected":false},"featured_media":4344,"comment_status":"open","ping_status":"closed","template":"","meta":{"_acf_changed":false,"_uag_custom_page_level_css":"","_lmt_disableupdate":"no","_lmt_disable":"","_monsterinsights_skip_tracking":false,"_monsterinsights_sitenote_active":false,"_monsterinsights_sitenote_note":"","_monsterinsights_sitenote_category":0,"site-sidebar-layout":"default","site-content-layout":"","ast-site-content-layout":"default","site-content-style":"default","site-sidebar-style":"default","ast-global-header-display":"","ast-banner-title-visibility":"","ast-main-header-display":"","ast-hfb-above-header-display":"","ast-hfb-below-header-display":"","ast-hfb-mobile-header-display":"","site-post-title":"","ast-breadcrumbs-content":"","ast-featured-img":"","footer-sml-layout":"","ast-disable-related-posts":"","theme-transparent-header-meta":"default","adv-header-id-meta":"","stick-header-meta":"","header-above-stick-meta":"","header-main-stick-meta":"","header-below-stick-meta":"","astra-migrate-meta-layouts":"set","ast-page-background-enabled":"default","ast-page-background-meta":{"desktop":{"background-color":"","background-image":"","background-repeat":"repeat","background-position":"center center","background-size":"auto","background-attachment":"scroll","background-type":"","background-media":"","overlay-type":"","overlay-color":"","overlay-opacity":"","overlay-gradient":""},"tablet":{"background-color":"","background-image":"","background-repeat":"repeat","background-position":"center center","background-size":"auto","background-attachment":"scroll","background-type":"","background-media":"","overlay-type":"","overlay-color":"","overlay-opacity":"","overlay-gradient":""},"mobile":{"background-color":"","background-image":"","background-repeat":"repeat","background-position":"center center","background-size":"auto","background-attachment":"scroll","background-type":"","background-media":"","overlay-type":"","overlay-color":"","overlay-opacity":"","overlay-gradient":""}},"ast-content-background-meta":{"desktop":{"background-color":"var(--ast-global-color-5)","background-image":"","background-repeat":"repeat","background-position":"center center","background-size":"auto","background-attachment":"scroll","background-type":"","background-media":"","overlay-type":"","overlay-color":"","overlay-opacity":"","overlay-gradient":""},"tablet":{"background-color":"var(--ast-global-color-5)","background-image":"","background-repeat":"repeat","background-position":"center center","background-size":"auto","background-attachment":"scroll","background-type":"","background-media":"","overlay-type":"","overlay-color":"","overlay-opacity":"","overlay-gradient":""},"mobile":{"background-color":"var(--ast-global-color-5)","background-image":"","background-repeat":"repeat","background-position":"center center","background-size":"auto","background-attachment":"scroll","background-type":"","background-media":"","overlay-type":"","overlay-color":"","overlay-opacity":"","overlay-gradient":""}},"_joinchat":{"telephone":"17776015835"}},"product_brand":[],"product_cat":[65,152,156,158,142,357,144,146,57],"product_tag":[363,365,361,362,220,364],"class_list":{"0":"post-4348","1":"product","2":"type-product","3":"status-publish","4":"has-post-thumbnail","6":"product_cat-40000-puff","7":"product_cat-buy-disposable-vapes-in-cermany","8":"product_cat-buy-disposable-vapes-in-poland","9":"product_cat-buy-disposable-vapes-in-spain","10":"product_cat-digital-box-disposable-vapes","11":"product_cat-flavor-adjustable-vape","12":"product_cat-low-nicotine-disposable-vapes","13":"product_cat-rechargeable-disposable-vapes","14":"product_cat-vozol-vape","15":"product_tag-best-disposable-vape-2025","16":"product_tag-original-vozol-vape","17":"product_tag-vozol-star-40000","18":"product_tag-vozol-star-40k-disposable-vape","19":"product_tag-vozol-vape","20":"product_tag-wholesale-cheap-price","21":"desktop-align-left","22":"tablet-align-left","23":"mobile-align-left","25":"first","26":"instock","27":"sale","28":"shipping-taxable","29":"purchasable","30":"product-type-simple"},"acf":[],"uagb_featured_image_src":{"full":["https:\/\/vapestornado.com\/wp-content\/uploads\/2025\/09\/VOZOL-STAR-40K-Puffs-Best-Vape-Brands.webp",800,800,false],"thumbnail":["https:\/\/vapestornado.com\/wp-content\/uploads\/2025\/09\/VOZOL-STAR-40K-Puffs-Best-Vape-Brands-150x150.webp",150,150,true],"medium":["https:\/\/vapestornado.com\/wp-content\/uploads\/2025\/09\/VOZOL-STAR-40K-Puffs-Best-Vape-Brands-300x300.webp",300,300,true],"medium_large":["https:\/\/vapestornado.com\/wp-content\/uploads\/2025\/09\/VOZOL-STAR-40K-Puffs-Best-Vape-Brands-768x768.webp",768,768,true],"large":["https:\/\/vapestornado.com\/wp-content\/uploads\/2025\/09\/VOZOL-STAR-40K-Puffs-Best-Vape-Brands.webp",800,800,false],"1536x1536":["https:\/\/vapestornado.com\/wp-content\/uploads\/2025\/09\/VOZOL-STAR-40K-Puffs-Best-Vape-Brands.webp",800,800,false],"2048x2048":["https:\/\/vapestornado.com\/wp-content\/uploads\/2025\/09\/VOZOL-STAR-40K-Puffs-Best-Vape-Brands.webp",800,800,false],"trp-custom-language-flag":["https:\/\/vapestornado.com\/wp-content\/uploads\/2025\/09\/VOZOL-STAR-40K-Puffs-Best-Vape-Brands-12x12.webp",12,12,true],"woocommerce_thumbnail":["https:\/\/vapestornado.com\/wp-content\/uploads\/2025\/09\/VOZOL-STAR-40K-Puffs-Best-Vape-Brands-300x300.webp",300,300,true],"woocommerce_single":["https:\/\/vapestornado.com\/wp-content\/uploads\/2025\/09\/VOZOL-STAR-40K-Puffs-Best-Vape-Brands-600x600.webp",600,600,true],"woocommerce_gallery_thumbnail":["https:\/\/vapestornado.com\/wp-content\/uploads\/2025\/09\/VOZOL-STAR-40K-Puffs-Best-Vape-Brands-100x100.webp",100,100,true]},"uagb_author_info":{"display_name":"ESAMY","author_link":"https:\/\/vapestornado.com\/da\/author\/"},"uagb_comment_info":1,"uagb_excerpt":"Vozol Star 40000 Disposable Vape delivers up to 40K puffs with dual mesh coils, a 1000mAh Type-C rechargeable battery, and 25 bold flavors. Designed with a dual-mode system and adjustable airflow, it\u2019s the best disposable vape 2025 for smooth taste and long-lasting performance at a wholesale cheap price. Add Amy's whatsapp to get right reply&hellip;","_links":{"self":[{"href":"https:\/\/vapestornado.com\/da\/wp-json\/wp\/v2\/product\/4348","targetHints":{"allow":["GET"]}}],"collection":[{"href":"https:\/\/vapestornado.com\/da\/wp-json\/wp\/v2\/product"}],"about":[{"href":"https:\/\/vapestornado.com\/da\/wp-json\/wp\/v2\/types\/product"}],"replies":[{"embeddable":true,"href":"https:\/\/vapestornado.com\/da\/wp-json\/wp\/v2\/comments?post=4348"}],"wp:featuredmedia":[{"embeddable":true,"href":"https:\/\/vapestornado.com\/da\/wp-json\/wp\/v2\/media\/4344"}],"wp:attachment":[{"href":"https:\/\/vapestornado.com\/da\/wp-json\/wp\/v2\/media?parent=4348"}],"wp:term":[{"taxonomy":"product_brand","embeddable":true,"href":"https:\/\/vapestornado.com\/da\/wp-json\/wp\/v2\/product_brand?post=4348"},{"taxonomy":"product_cat","embeddable":true,"href":"https:\/\/vapestornado.com\/da\/wp-json\/wp\/v2\/product_cat?post=4348"},{"taxonomy":"product_tag","embeddable":true,"href":"https:\/\/vapestornado.com\/da\/wp-json\/wp\/v2\/product_tag?post=4348"}],"curies":[{"name":"wp","href":"https:\/\/api.w.org\/{rel}","templated":true}]}}