{"id":4319,"date":"2025-08-29T08:39:13","date_gmt":"2025-08-29T08:39:13","guid":{"rendered":"https:\/\/vapestornado.com\/?post_type=product&#038;p=4319"},"modified":"2025-08-29T09:18:04","modified_gmt":"2025-08-29T09:18:04","slug":"buy-authentic-waspe-100000-puffs-low-nicotine-disposable-vape-pen-at-wholesale-price","status":"publish","type":"product","link":"https:\/\/vapestornado.com\/da\/product\/buy-authentic-waspe-100000-puffs-low-nicotine-disposable-vape-pen-at-wholesale-price\/","title":{"rendered":"K\u00f8b autentisk WASPE 100000 Puffs Lav Nikotin Engangs Vape Pen til Engrospris"},"content":{"rendered":"<h2 data-pm-slice=\"1 1 []\">K\u00f8b autentisk WASPE 100000 Puffs Lav Nikotin Engangs Vape Pen til Engrospris<\/h2>\n<p data-start=\"375\" data-end=\"654\">Den <strong data-start=\"379\" data-end=\"421\">WASPE 100000 Puffs Engangs Vape Pen<\/strong> er bygget til dem, der kr\u00e6ver stor ydeevne i et kompakt design. Med en utrolig <strong data-start=\"508\" data-end=\"530\">100K puff kapacitet<\/strong> og et <strong data-start=\"537\" data-end=\"559\">56mL e-v\u00e6ske tank<\/strong>, leverer den uovertruffen v\u00e6rdi for b\u00e5de personlig brug og engrossalg i hele Danmark.<\/p>\n<p data-start=\"656\" data-end=\"909\">Konstrueret med <strong data-start=\"672\" data-end=\"698\">fire mesh coils (1.0\u03a9)<\/strong>, er hvert sug glat, fedt og konsekvent. Den <strong data-start=\"748\" data-end=\"782\">4-i-1 udskiftelige smagssystem<\/strong> holder din vaping frisk og sp\u00e6ndende, perfekt til yngre vapers, der \u00f8nsker variation uden at b\u00e6re flere enheder.<\/p>\n<p data-start=\"911\" data-end=\"1248\">Den <strong data-start=\"915\" data-end=\"953\">650mAh genopladeligt Type-C batteri<\/strong> sikrer langvarige sessioner, mens <strong data-start=\"995\" data-end=\"1010\">LED-display<\/strong> giver \u00f8jeblikkelige opdateringer om batteri- og v\u00e6skeniveauer \u2013 hvilket fjerner g\u00e6tv\u00e6rk og tilf\u00f8jer fuld kontrol. F\u00e5s i <strong data-start=\"1118\" data-end=\"1149\">2% og 5% nikotinstyrker<\/strong>, <strong data-start=\"1155\" data-end=\"1189\">WASPE 100K Engangs Vape Pen<\/strong> rammer den rette balance mellem kraft og bekvemmelighed.<\/p>\n<p><strong><span style=\"color: #ff0000;\">Tilf\u00f8j Amys whatsapp, f\u00e5 et hurtigt svar og en vape-kupon!<\/span><\/strong><\/p>\n<p><img fetchpriority=\"high\" decoding=\"async\" class=\"size-full wp-image-2932\" src=\"https:\/\/vapestornado.com\/wp-content\/uploads\/2024\/12\/Vape-Wholesale.jpg\" alt=\"Vape Engros\" width=\"229\" height=\"300\" \/><\/p>\n<h3><a href=\"https:\/\/wa.me\/8617776015835\" target=\"_blank\" rel=\"noopener\"><span style=\"color: #ff0000;\"><strong>WhatsApp: +86 17776015835<\/strong><\/span><\/a><\/h3>\n<p>&nbsp;<\/p>\n<h2><strong>WASPE 100000 Puffs Produktfunktioner<\/strong><\/h2>\n<p><strong data-start=\"1252\" data-end=\"1280\">100.000 sug per enhed<\/strong><br data-start=\"1280\" data-end=\"1283\" \/><strong data-start=\"1285\" data-end=\"1316\">4-i-1 smagsskiftesystem<\/strong><br data-start=\"1316\" data-end=\"1319\" \/><strong data-start=\"1321\" data-end=\"1354\">Quad mesh coil for rig damp<\/strong><br data-start=\"1354\" data-end=\"1357\" \/><strong data-start=\"1359\" data-end=\"1403\">56mL e-v\u00e6ske kapacitet | 2% \/ 5% nikotin<\/strong><br data-start=\"1403\" data-end=\"1406\" \/><strong data-start=\"1408\" data-end=\"1446\">650mAh Type-C genopladeligt batteri<\/strong><br data-start=\"1446\" data-end=\"1449\" \/><strong data-start=\"1451\" data-end=\"1495\">LED-sk\u00e6rm til batteri<\/strong><\/p>\n<h2 class=\"product-title\"><strong>WASPE 100000 Pust Smagsliste<\/strong><\/h2>\n<p>1.Vandmelon Is<br \/>\n2.Jordb\u00e6r Vandmelon<br \/>\n3.Red Bull Is<br \/>\n4.Jordb\u00e6r Hindb\u00e6r Kirseb\u00e6r<br \/>\n5.Jordb\u00e6r Banan<br \/>\n6.Bl\u00e5b\u00e6r Is<br \/>\n7.Kirseb\u00e6r Cola Is<br \/>\nVandmelon Bubblegum<br \/>\n8.Saftig Fersken Is<br \/>\n9.Drue Is<br \/>\n10.Blandede B\u00e6r<br \/>\n11.Jordb\u00e6r Red Bull<br \/>\nCherry Cola Is<br \/>\n12.Bl\u00e5b\u00e6r Hindb\u00e6r<\/p>\n<figure id=\"attachment_4314\" aria-describedby=\"caption-attachment-4314\" style=\"width: 300px\" class=\"wp-caption alignnone\"><img decoding=\"async\" class=\"size-medium wp-image-4314\" src=\"https:\/\/vapestornado.com\/wp-content\/uploads\/2025\/08\/WASPE-100000-Puff-100k-Online-Vape-Shop-300x300.webp\" alt=\"WASPE 100000 Pust 100k Online Vape Butik\" width=\"300\" height=\"300\" srcset=\"https:\/\/vapestornado.com\/wp-content\/uploads\/2025\/08\/WASPE-100000-Puff-100k-Online-Vape-Shop-300x300.webp 300w, https:\/\/vapestornado.com\/wp-content\/uploads\/2025\/08\/WASPE-100000-Puff-100k-Online-Vape-Shop-150x150.webp 150w, https:\/\/vapestornado.com\/wp-content\/uploads\/2025\/08\/WASPE-100000-Puff-100k-Online-Vape-Shop-768x768.webp 768w, https:\/\/vapestornado.com\/wp-content\/uploads\/2025\/08\/WASPE-100000-Puff-100k-Online-Vape-Shop-12x12.webp 12w, https:\/\/vapestornado.com\/wp-content\/uploads\/2025\/08\/WASPE-100000-Puff-100k-Online-Vape-Shop-600x600.webp 600w, https:\/\/vapestornado.com\/wp-content\/uploads\/2025\/08\/WASPE-100000-Puff-100k-Online-Vape-Shop-100x100.webp 100w, https:\/\/vapestornado.com\/wp-content\/uploads\/2025\/08\/WASPE-100000-Puff-100k-Online-Vape-Shop.webp 800w\" sizes=\"(max-width: 300px) 100vw, 300px\" \/><figcaption id=\"caption-attachment-4314\" class=\"wp-caption-text\">WASPE 100000 Pust 100k Online Vape Butik<\/figcaption><\/figure>\n<div class=\"flex-shrink-0 flex flex-col relative items-end\">\n<div class=\"pt-0\">\n<div class=\"gizmo-bot-avatar flex h-8 w-8 items-center justify-center overflow-hidden rounded-full\">\n<div class=\"relative p-1 rounded-sm flex items-center justify-center bg-token-main-surface-primary text-token-text-primary h-8 w-8\">\n<h2 data-start=\"435\" data-end=\"491\"><strong data-start=\"439\" data-end=\"489\">Hvorfor v\u00e6lge WASPE 100K engangs vape pen?<\/strong><\/h2>\n<p data-start=\"492\" data-end=\"586\">Fremh\u00e6v 100.000 pust kapaciteten, det langvarige design og appellen til ungdomsmarkedet i Europa.<\/p>\n<h3 data-start=\"588\" data-end=\"639\"><strong data-start=\"592\" data-end=\"637\">4-i-1 Smagssystem for uendelig variation<\/strong><\/h3>\n<p data-start=\"640\" data-end=\"708\">Forklar de udskiftelige smage, der f\u00e5r \u00e9n enhed til at f\u00f8les som fire.<\/p>\n<h3 data-start=\"710\" data-end=\"757\"><strong data-start=\"714\" data-end=\"755\">Stor kapacitet med f\u00f8rsteklasses konstruktion<\/strong><\/h3>\n<p data-start=\"758\" data-end=\"835\">Fremh\u00e6v 56 ml e-v\u00e6ske, fire mesh-coils (1,0\u03a9) og en konsekvent dristig smag.<\/p>\n<h3 data-start=\"837\" data-end=\"888\"><strong data-start=\"841\" data-end=\"886\">Smart str\u00f8m, designet til Danmarks marked<\/strong><\/h3>\n<p data-start=\"889\" data-end=\"987\">Fremvis det 650 mAh Type-C genopladelige batteri og LED-displayet for batteri<\/p>\n<h3 data-start=\"989\" data-end=\"1035\"><strong data-start=\"993\" data-end=\"1033\">Perfekt balance af nikotinstyrker<\/strong><\/h3>\n<p data-start=\"1036\" data-end=\"1112\">Tilbyd detaljer om 2% og 5% nikotinmuligheder, der matcher forskellige pr\u00e6ferencer.<\/p>\n<h3 data-start=\"1114\" data-end=\"1171\"><strong data-start=\"1118\" data-end=\"1169\">WASPE 100000 Puffs \u2013 Bygget til engroseftersp\u00f8rgsel<\/strong><\/h3>\n<p data-start=\"1172\" data-end=\"1260\">Forst\u00e6rk den st\u00e6rke v\u00e6rdi, p\u00e5lidelighed og appel til distribut\u00f8rer p\u00e5 tv\u00e6rs af EU-markeder.<\/p>\n<\/div>\n<h3><\/h3>\n<div class=\"relative p-1 rounded-sm flex items-center justify-center bg-token-main-surface-primary text-token-text-primary h-8 w-8\">\n<h2>Ofte stillede sp\u00f8rgsm\u00e5l til WASPE 100000 Puffs engangs e-cigaret<\/h2>\n<\/div>\n<\/div>\n<\/div>\n<\/div>\n<div class=\"flex-shrink-0 flex flex-col relative items-end\">\n<div class=\"pt-0\">\n<div class=\"gizmo-bot-avatar flex h-8 w-8 items-center justify-center overflow-hidden rounded-full\">\n<div class=\"relative p-1 rounded-sm flex items-center justify-center bg-token-main-surface-primary text-token-text-primary h-8 w-8\">\n<div class=\"mb-2 flex gap-3 empty:hidden -ml-2\">\n<p data-start=\"308\" data-end=\"562\"><strong data-start=\"308\" data-end=\"364\">1. Hvor l\u00e6nge holder en WASPE 100000 Puffs enhed?<\/strong><br data-start=\"364\" data-end=\"367\" \/>WASPE 100K tilbyder op til <strong data-start=\"395\" data-end=\"412\">100.000 sug<\/strong>, som typisk holder flere uger afh\u00e6ngigt af brugsfrekvens. Engrosk\u00f8bere fremh\u00e6ver ofte dens forl\u00e6ngede levetid som et stort salgsargument.<\/p>\n<p data-start=\"564\" data-end=\"753\"><strong data-start=\"564\" data-end=\"614\">2. Kan jeg genoplade WASPE 100000 Puffs vapen?<\/strong><br data-start=\"614\" data-end=\"617\" \/>Ja. Den leveres med et <strong data-start=\"638\" data-end=\"676\">650mAh Type-C genopladeligt batteri<\/strong>, hvilket sikrer, at du f\u00e5r fuld udnyttelse af de 56mL e-v\u00e6ske uden afbrydelser.<\/p>\n<p data-start=\"755\" data-end=\"1019\"><strong data-start=\"755\" data-end=\"830\">3. Hvad adskiller WASPE 100K fra andre engangs vape penne?<\/strong><br data-start=\"830\" data-end=\"833\" \/>I mods\u00e6tning til standard engangsartikler, kombinerer WASPE 100000 Puffs <strong data-start=\"894\" data-end=\"964\">4-i-1 udskiftelige smage, quad mesh coils og en smart LED-sk\u00e6rm<\/strong>, hvilket g\u00f8r den b\u00e5de alsidig og holdbar til daglig brug.<\/p>\n<p data-start=\"1021\" data-end=\"1198\"><strong data-start=\"1021\" data-end=\"1081\">4. F\u00e5s WASPE 100K i lave nikotinstyrker?<\/strong><br data-start=\"1081\" data-end=\"1084\" \/>Ja. Den tilbydes i <strong data-start=\"1105\" data-end=\"1133\">2% og 5% nikotinniveauer<\/strong>, der im\u00f8dekommer forskellige pr\u00e6ferencer p\u00e5 tv\u00e6rs af det danske marked.<\/p>\n<p data-start=\"1200\" data-end=\"1487\"><strong data-start=\"1200\" data-end=\"1278\">5. Hvorfor er WASPE 100000 Puffs popul\u00e6r blandt engrosk\u00f8bere i EU?<\/strong><br data-start=\"1278\" data-end=\"1281\" \/>Dens kombination af <strong data-start=\"1300\" data-end=\"1386\">100K sugekapacitet, genopladeligt design, flere smage og f\u00f8rsteklasses coilsystem<\/strong> giver fremragende v\u00e6rdi, hvilket g\u00f8r den til et p\u00e5lideligt valg for forhandlere, der m\u00e5lretter aldersgruppen 25-35 \u00e5r.<\/p>\n<\/div>\n<h2 data-start=\"1200\" data-end=\"1487\">Vapes Tornado \u2013 Dit Engroshub for Danmarks Top Vape Brands<\/h2>\n<p data-start=\"1200\" data-end=\"1487\"><strong data-start=\"213\" data-end=\"248\">Vapes Tornado Online Vape Butik<\/strong> er din betroede destination for engangs vapes af h\u00f8j kvalitet og engros e-cigaretter i hele Danmark. Vi specialiserer os i at tilbyde et bredt udvalg af de <strong data-start=\"403\" data-end=\"431\">mest popul\u00e6re vape-m\u00e6rker<\/strong>, inklusive <strong data-start=\"443\" data-end=\"502\"><a href=\"https:\/\/vapestornado.com\/da\/product-category\/aivono-vape\/\">AIVONO VAPE<\/a>, BANGBOX VAPE, <a href=\"https:\/\/vapestornado.com\/da\/product-category\/elf-bar-vape\/\">ELF BAR Vape<\/a>, og <a href=\"https:\/\/vapestornado.com\/da\/product-category\/fumot-vape\/\">FUMOT VAPE<\/a><\/strong>. Vores butik er bygget til at betjene b\u00e5de individuelle kunder og engrosk\u00f8bere, og tilbyder p\u00e5lidelige produkter, der kombinerer st\u00e6rk ydeevne, stilfuldt design og konkurrencedygtige priser.<\/p>\n<\/div>\n<\/div>\n<\/div>\n<\/div>","protected":false},"excerpt":{"rendered":"<p>WASPE 100K \u2013 100.000 Pust, 4 Smagsvarianter, \u00c9n Kraftfuld Engangs Vape Pen.<\/p>\n<p>Skift Smag, Forbliv Opladet \u2013 WASPE 100000 Pust med Type-C Genopladning.<\/p>\n<p>Engangs Vape Pen Bygget til Europa \u2013 WASPE 100K, Store Skyer, St\u00f8rre V\u00e6rdi.<\/p>\n<p><strong>Tilf\u00f8j Amys whatsapp for at f\u00e5 korrekt svar og rabatpris!<\/strong><\/p>\n<p><img fetchpriority=\"high\" decoding=\"async\" class=\"size-full wp-image-2932\" src=\"https:\/\/vapestornado.com\/wp-content\/uploads\/2024\/12\/Vape-Wholesale.jpg\" alt=\"Vape Engros\" width=\"229\" height=\"300\" \/><\/p>\n<h3><a href=\"https:\/\/wa.me\/8617776015835\"><span style=\"color: #ff0000;\"><strong>WhatsApp: +86 17776015835<\/strong><\/span><\/a><\/h3>\n<p>&nbsp;<\/p>","protected":false},"featured_media":4318,"comment_status":"open","ping_status":"closed","template":"","meta":{"_acf_changed":false,"_uag_custom_page_level_css":"","_lmt_disableupdate":"no","_lmt_disable":"","_monsterinsights_skip_tracking":false,"_monsterinsights_sitenote_active":false,"_monsterinsights_sitenote_note":"","_monsterinsights_sitenote_category":0,"site-sidebar-layout":"default","site-content-layout":"","ast-site-content-layout":"default","site-content-style":"default","site-sidebar-style":"default","ast-global-header-display":"","ast-banner-title-visibility":"","ast-main-header-display":"","ast-hfb-above-header-display":"","ast-hfb-below-header-display":"","ast-hfb-mobile-header-display":"","site-post-title":"","ast-breadcrumbs-content":"","ast-featured-img":"","footer-sml-layout":"","ast-disable-related-posts":"","theme-transparent-header-meta":"default","adv-header-id-meta":"","stick-header-meta":"","header-above-stick-meta":"","header-main-stick-meta":"","header-below-stick-meta":"","astra-migrate-meta-layouts":"set","ast-page-background-enabled":"default","ast-page-background-meta":{"desktop":{"background-color":"","background-image":"","background-repeat":"repeat","background-position":"center center","background-size":"auto","background-attachment":"scroll","background-type":"","background-media":"","overlay-type":"","overlay-color":"","overlay-opacity":"","overlay-gradient":""},"tablet":{"background-color":"","background-image":"","background-repeat":"repeat","background-position":"center center","background-size":"auto","background-attachment":"scroll","background-type":"","background-media":"","overlay-type":"","overlay-color":"","overlay-opacity":"","overlay-gradient":""},"mobile":{"background-color":"","background-image":"","background-repeat":"repeat","background-position":"center center","background-size":"auto","background-attachment":"scroll","background-type":"","background-media":"","overlay-type":"","overlay-color":"","overlay-opacity":"","overlay-gradient":""}},"ast-content-background-meta":{"desktop":{"background-color":"var(--ast-global-color-5)","background-image":"","background-repeat":"repeat","background-position":"center center","background-size":"auto","background-attachment":"scroll","background-type":"","background-media":"","overlay-type":"","overlay-color":"","overlay-opacity":"","overlay-gradient":""},"tablet":{"background-color":"var(--ast-global-color-5)","background-image":"","background-repeat":"repeat","background-position":"center center","background-size":"auto","background-attachment":"scroll","background-type":"","background-media":"","overlay-type":"","overlay-color":"","overlay-opacity":"","overlay-gradient":""},"mobile":{"background-color":"var(--ast-global-color-5)","background-image":"","background-repeat":"repeat","background-position":"center center","background-size":"auto","background-attachment":"scroll","background-type":"","background-media":"","overlay-type":"","overlay-color":"","overlay-opacity":"","overlay-gradient":""}},"_joinchat":{"telephone":"17776015835"}},"product_brand":[],"product_cat":[346,150,151,152,156,158,142,146,171,60],"product_tag":[350,348,349,163],"class_list":{"0":"post-4319","1":"product","2":"type-product","3":"status-publish","4":"has-post-thumbnail","6":"product_cat-100000-puff","7":"product_cat-buy-disposable-vapes-in-belgium","8":"product_cat-buy-disposable-vapes-in-france","9":"product_cat-buy-disposable-vapes-in-cermany","10":"product_cat-buy-disposable-vapes-in-poland","11":"product_cat-buy-disposable-vapes-in-spain","12":"product_cat-digital-box-disposable-vapes","13":"product_cat-rechargeable-disposable-vapes","14":"product_cat-vapsolo-disposable-vapes","15":"product_cat-waspe-fihp-vape","16":"product_tag-four-flavor-disposable-vape","17":"product_tag-waspe-100000-puffs","18":"product_tag-waspe-100k-4-in-1","19":"product_tag-waspe-vape","20":"desktop-align-left","21":"tablet-align-left","22":"mobile-align-left","24":"first","25":"instock","26":"sale","27":"shipping-taxable","28":"purchasable","29":"product-type-simple"},"acf":[],"uagb_featured_image_src":{"full":["https:\/\/vapestornado.com\/wp-content\/uploads\/2025\/08\/WASPE-100000-Puffs-4-Flavors-No-Nicotine-Vape.webp",800,800,false],"thumbnail":["https:\/\/vapestornado.com\/wp-content\/uploads\/2025\/08\/WASPE-100000-Puffs-4-Flavors-No-Nicotine-Vape-150x150.webp",150,150,true],"medium":["https:\/\/vapestornado.com\/wp-content\/uploads\/2025\/08\/WASPE-100000-Puffs-4-Flavors-No-Nicotine-Vape-300x300.webp",300,300,true],"medium_large":["https:\/\/vapestornado.com\/wp-content\/uploads\/2025\/08\/WASPE-100000-Puffs-4-Flavors-No-Nicotine-Vape-768x768.webp",768,768,true],"large":["https:\/\/vapestornado.com\/wp-content\/uploads\/2025\/08\/WASPE-100000-Puffs-4-Flavors-No-Nicotine-Vape.webp",800,800,false],"1536x1536":["https:\/\/vapestornado.com\/wp-content\/uploads\/2025\/08\/WASPE-100000-Puffs-4-Flavors-No-Nicotine-Vape.webp",800,800,false],"2048x2048":["https:\/\/vapestornado.com\/wp-content\/uploads\/2025\/08\/WASPE-100000-Puffs-4-Flavors-No-Nicotine-Vape.webp",800,800,false],"trp-custom-language-flag":["https:\/\/vapestornado.com\/wp-content\/uploads\/2025\/08\/WASPE-100000-Puffs-4-Flavors-No-Nicotine-Vape-12x12.webp",12,12,true],"woocommerce_thumbnail":["https:\/\/vapestornado.com\/wp-content\/uploads\/2025\/08\/WASPE-100000-Puffs-4-Flavors-No-Nicotine-Vape-300x300.webp",300,300,true],"woocommerce_single":["https:\/\/vapestornado.com\/wp-content\/uploads\/2025\/08\/WASPE-100000-Puffs-4-Flavors-No-Nicotine-Vape-600x600.webp",600,600,true],"woocommerce_gallery_thumbnail":["https:\/\/vapestornado.com\/wp-content\/uploads\/2025\/08\/WASPE-100000-Puffs-4-Flavors-No-Nicotine-Vape-100x100.webp",100,100,true]},"uagb_author_info":{"display_name":"ESAMY","author_link":"https:\/\/vapestornado.com\/da\/author\/"},"uagb_comment_info":2,"uagb_excerpt":"WASPE 100K \u2013 100,000 Puffs, 4 Flavors, One Powerful Disposable Vape Pen. Switch Flavors, Stay Powered \u2013 WASPE 100000 Puffs with Type-C Recharge. The Disposable Vape Pen Built for Europe \u2013 WASPE 100K, Big Clouds, Bigger Value. Add Amy's whatsapp to get right reply and discount price! WhatsApp: +86 17776015835 &nbsp;","_links":{"self":[{"href":"https:\/\/vapestornado.com\/da\/wp-json\/wp\/v2\/product\/4319","targetHints":{"allow":["GET"]}}],"collection":[{"href":"https:\/\/vapestornado.com\/da\/wp-json\/wp\/v2\/product"}],"about":[{"href":"https:\/\/vapestornado.com\/da\/wp-json\/wp\/v2\/types\/product"}],"replies":[{"embeddable":true,"href":"https:\/\/vapestornado.com\/da\/wp-json\/wp\/v2\/comments?post=4319"}],"wp:featuredmedia":[{"embeddable":true,"href":"https:\/\/vapestornado.com\/da\/wp-json\/wp\/v2\/media\/4318"}],"wp:attachment":[{"href":"https:\/\/vapestornado.com\/da\/wp-json\/wp\/v2\/media?parent=4319"}],"wp:term":[{"taxonomy":"product_brand","embeddable":true,"href":"https:\/\/vapestornado.com\/da\/wp-json\/wp\/v2\/product_brand?post=4319"},{"taxonomy":"product_cat","embeddable":true,"href":"https:\/\/vapestornado.com\/da\/wp-json\/wp\/v2\/product_cat?post=4319"},{"taxonomy":"product_tag","embeddable":true,"href":"https:\/\/vapestornado.com\/da\/wp-json\/wp\/v2\/product_tag?post=4319"}],"curies":[{"name":"wp","href":"https:\/\/api.w.org\/{rel}","templated":true}]}}