{"id":4126,"date":"2025-04-14T03:07:08","date_gmt":"2025-04-14T03:07:08","guid":{"rendered":"https:\/\/vapestornado.com\/?post_type=product&#038;p=4126"},"modified":"2025-12-05T06:58:11","modified_gmt":"2025-12-05T06:58:11","slug":"bang-box-50000-puff-50k-disposables-vape-pod-double-flavour","status":"publish","type":"product","link":"https:\/\/vapestornado.com\/da\/product\/bang-box-50000-puff-50k-disposables-vape-pod-double-flavour\/","title":{"rendered":"Bang Box 50000 Puff 50k Engangs Vape Pod Dobbelt Smag"},"content":{"rendered":"<h2 data-pm-slice=\"1 1 []\">Bang Box 50000 Puff 50k Engangs Vape Pod Dobbelt Smag<\/h2>\n<p data-start=\"1203\" data-end=\"1522\">Bang Box 50000 Puff pakker en 45ml dobbelt-smags tank, 850mAh Type-C genopladeligt batteri, mesh coil og en smart sk\u00e6rm i \u00e9n enhed designet til at levere op til 50.000 puffs uden hyppige udskiftninger.<\/p>\n<p data-start=\"568\" data-end=\"863\"><strong data-start=\"568\" data-end=\"608\">Op til 50.000 puffs med en 45ml tank:<\/strong><br data-start=\"608\" data-end=\"611\" \/>Bang Box 50k er designet til lang daglig brug. Den <strong data-start=\"656\" data-end=\"684\">45ml forudfyldte kapacitet<\/strong> underst\u00f8tter <strong data-start=\"698\" data-end=\"720\">50.000 puff vurdering<\/strong>, s\u00e5 brugere typisk g\u00e5r meget l\u00e6ngere mellem enhedsudskiftninger sammenlignet med 10k\u201320k engangsprodukter. Dette holder ogs\u00e5 omkostningen pr. puff mere stabil over tid.<\/p>\n<p data-start=\"865\" data-end=\"1176\"><strong data-start=\"865\" data-end=\"916\">Dobbelt smags vape-system til \u00f8jeblikkelig skift:<\/strong><br data-start=\"916\" data-end=\"919\" \/>To smagsprofiler er indbygget i \u00e9n enhed. Den <strong data-start=\"970\" data-end=\"991\">dobbelt-smags ops\u00e6tning<\/strong> giver brugere mulighed for at skifte smag n\u00e5r som helst uden at b\u00e6re en anden vape eller vente p\u00e5 en genopfyldning. Det er praktisk for folk, der roterer mellem s\u00f8de og iskolde profiler gennem dagen.<\/p>\n<p data-start=\"1178\" data-end=\"1456\"><strong data-start=\"1178\" data-end=\"1220\">Mesh coil til stabil damp og smag:<\/strong><br data-start=\"1220\" data-end=\"1223\" \/>Bang Box 50000 puff bar bruger <strong data-start=\"1237\" data-end=\"1261\">mesh coil-teknologi<\/strong> til at opvarme e-v\u00e6ske j\u00e6vnt. Det hj\u00e6lper med at undg\u00e5 h\u00e5rde t\u00f8rre hits og holder dampudgangen glat over en stor tank\u2014vigtigt i h\u00f8jkapacitetsenheder, hvor smagsfald kan vise sig sent i levetiden.<\/p>\n<p data-start=\"1458\" data-end=\"1707\"><strong data-start=\"1458\" data-end=\"1507\">Smart digital display til realtids tracking:<\/strong><br data-start=\"1507\" data-end=\"1510\" \/>Den <strong data-start=\"1514\" data-end=\"1530\">smart sk\u00e6rm<\/strong> viser <strong data-start=\"1537\" data-end=\"1573\">batteriniveau og e-v\u00e6skeniveau<\/strong> mens du damper. Dette fjerner g\u00e6tteri, s\u00e5 brugere kan genoplade f\u00f8r str\u00f8mmen falder, og undg\u00e5 uventede t\u00f8rre hits n\u00e6r slutningen af tanken.<\/p>\n<p data-start=\"1709\" data-end=\"1964\"><strong data-start=\"1709\" data-end=\"1748\">850mAh Type-C genopladeligt batteri:<\/strong><br data-start=\"1748\" data-end=\"1751\" \/>Den <strong data-start=\"1755\" data-end=\"1773\">850mAh batteri<\/strong> er dimensioneret til en stor tank og h\u00f8jt puffantal. Med <strong data-start=\"1824\" data-end=\"1852\">USB Type-C hurtigopladning<\/strong>, forbliver nedetid kort, og brugere kan fuldf\u00f8re den fulde v\u00e6skeforsyning i stedet for at kassere tidligt p\u00e5 grund af lavt str\u00f8m.<\/p>\n<p data-start=\"666\" data-end=\"1235\"><strong style=\"font-size: 16px;\"><span style=\"color: #ff0000;\">Tilf\u00f8j Amy's WhatsApp for at f\u00e5 et direkte svar og en god pris!<\/span><\/strong><\/p>\n<p><img fetchpriority=\"high\" decoding=\"async\" class=\"size-full wp-image-2932\" src=\"https:\/\/vapestornado.com\/wp-content\/uploads\/2024\/12\/Vape-Wholesale.jpg\" alt=\"Vape Engros\" width=\"229\" height=\"300\" \/><\/p>\n<h3><a href=\"https:\/\/wa.me\/8617776015835\" target=\"_blank\" rel=\"noopener\"><span style=\"color: #ff0000;\"><strong>WhatsApp: +86 17776015835<\/strong><\/span><\/a><\/h3>\n<h2><\/h2>\n<h2 data-start=\"1258\" data-end=\"1303\"><strong data-start=\"1265\" data-end=\"1303\">Hvorfor Bang Box 50k er et must-try<\/strong><\/h2>\n<table>\n<thead>\n<tr>\n<th>Funktion \/ Parameter<\/th>\n<th align=\"right\">Spec<\/th>\n<th>Forklaring<\/th>\n<\/tr>\n<\/thead>\n<tbody>\n<tr>\n<td>Produktnavn<\/td>\n<td align=\"right\">Bang Box 50000 Pust Disposable Vape<\/td>\n<td>Klar modelnavngivning til gentagne ordrer og s\u00f8gning.<\/td>\n<\/tr>\n<tr>\n<td>Pust Kapacitet<\/td>\n<td align=\"right\">Op til 50.000 puffs<\/td>\n<td>H\u00f8j-k\u00f8rsels engangs; f\u00e6rre udskiftninger.<\/td>\n<\/tr>\n<tr>\n<td>E-v\u00e6ske volumen<\/td>\n<td align=\"right\">45ml forudfyldt<\/td>\n<td>Stor tank underst\u00f8tter lange sessioner uden genopfyldning.<\/td>\n<\/tr>\n<tr>\n<td>Smagsystem<\/td>\n<td align=\"right\">Dobbelt Smag Vape<\/td>\n<td>To smagsvarianter i \u00e9n enhed; skift n\u00e5r som helst.<\/td>\n<\/tr>\n<tr>\n<td>Spoletype<\/td>\n<td align=\"right\">Mesh coil<\/td>\n<td>J\u00e6vn opvarmning = glattere tr\u00e6k og mere ensartet smag.<\/td>\n<\/tr>\n<tr>\n<td>Batteri<\/td>\n<td align=\"right\">850mAh genopladelig<\/td>\n<td>Genoplad for at bruge al e-v\u00e6sken i stedet for at spilde puffs.<\/td>\n<\/tr>\n<tr>\n<td>Opladning<\/td>\n<td align=\"right\">USB Type-C<\/td>\n<td>Standard hurtigopladningsstandard; nem kabeladgang.<\/td>\n<\/tr>\n<tr>\n<td>Sk\u00e6rm<\/td>\n<td align=\"right\">Smart digital sk\u00e6rm<\/td>\n<td>Viser batteri- og e-v\u00e6skestands i realtid.<\/td>\n<\/tr>\n<tr>\n<td>M\u00e5lgruppe<\/td>\n<td align=\"right\">Casual til kraftige vapere<\/td>\n<td>Lang kapacitet med enkel betjening passer til begge grupper.<\/td>\n<\/tr>\n<tr>\n<td>Markedsfit<\/td>\n<td align=\"right\">Detail- og engrosmarked i EU<\/td>\n<td>H\u00f8jt puffantal + dobbelt smag underst\u00f8tter gentagne k\u00f8b.<\/td>\n<\/tr>\n<\/tbody>\n<\/table>\n<h2 class=\"product-title\"><strong>Bang Box 50000 Pust Engangs Smag Anmeldelse<\/strong><\/h2>\n<article class=\"w-full text-token-text-primary focus-visible:outline-2 focus-visible:outline-offset-[-4px]\" dir=\"auto\" data-testid=\"conversation-turn-32\" data-scroll-anchor=\"false\">\n<div class=\"m-auto text-base py-[18px] px-6\">\n<div class=\"mx-auto flex flex-1 text-base gap-4 md:gap-5 lg:gap-6 md:max-w-3xl lg:max-w-[40rem] xl:max-w-[48rem]\">\n<div class=\"group\/conversation-turn relative flex w-full min-w-0 flex-col @xs\/thread:px-0 @sm\/thread:px-1.5 @md\/thread:px-4\">\n<div class=\"flex-col gap-1 md:gap-3\">\n<div class=\"flex max-w-full flex-col flex-grow\">\n<div class=\"min-h-8 text-message flex w-full flex-col items-end gap-2 whitespace-normal break-words text-start [.text-message+&amp;]:mt-5\" dir=\"auto\" data-message-author-role=\"user\" data-message-id=\"ffac41ca-1db4-431b-873a-32c4052956f1\">\n<div class=\"flex w-full flex-col gap-1 empty:hidden items-end rtl:items-start\">\n<div class=\"relative max-w-[var(--user-chat-width,70%)] rounded-3xl bg-token-message-surface px-5 py-2.5\">\n<div class=\"absolute bottom-0 right-full top-0 -mr-3.5 hidden pr-5 pt-2 [.group\/conversation-turn:hover_&amp;]:flex\">\n<div class=\"flex\">\n<article class=\"w-full text-token-text-primary focus-visible:outline-2 focus-visible:outline-offset-[-4px]\" dir=\"auto\" data-testid=\"conversation-turn-39\" data-scroll-anchor=\"true\">\n<div class=\"m-auto text-base py-[18px] px-6\">\n<div class=\"mx-auto flex flex-1 text-base gap-4 md:gap-5 lg:gap-6 md:max-w-3xl lg:max-w-[40rem] xl:max-w-[48rem]\">\n<div class=\"group\/conversation-turn relative flex w-full min-w-0 flex-col agent-turn @xs\/thread:px-0 @sm\/thread:px-1.5 @md\/thread:px-4\">\n<div class=\"flex-col gap-1 md:gap-3\">\n<div class=\"flex max-w-full flex-col flex-grow\">\n<div class=\"min-h-8 text-message flex w-full flex-col items-end gap-2 whitespace-normal break-words text-start [.text-message+&amp;]:mt-5\" dir=\"auto\" data-message-author-role=\"assistant\" data-message-id=\"55a23854-ec57-48dd-bd4f-6118f43d6241\" data-message-model-slug=\"gpt-4o\">\n<div class=\"flex w-full flex-col gap-1 empty:hidden first:pt-[3px]\">\n<div class=\"markdown prose w-full break-words dark:prose-invert light\">\n<p class=\"\" data-start=\"2451\" data-end=\"2502\">1. Jordb\u00e6r Kiwi<br \/>\n2. Vandmelon Bubble Gum<br \/>\n3. Ananas Mango Fersken<br \/>\n4. Red Bull<br \/>\n5. Ferskensaft<br \/>\n6. \u00c6ble P\u00e6re<br \/>\n7. Bl\u00e5b\u00e6r Is<br \/>\n8. Sort Drage Is<br \/>\n9. Bl\u00e5b\u00e6r Syrlig Hindb\u00e6r Is<br \/>\n10. Jordb\u00e6r Hindb\u00e6r Slik<br \/>\n11. Blue Razz Ice<br \/>\n12. Jordb\u00e6r Ice<\/p>\n<figure id=\"attachment_4121\" aria-describedby=\"caption-attachment-4121\" style=\"width: 851px\" class=\"wp-caption alignnone\"><img decoding=\"async\" class=\"wp-image-4121 size-full\" src=\"https:\/\/vapestornado.com\/wp-content\/uploads\/2025\/04\/Bang-Box-50000-Puff-50k-Vape.webp\" alt=\"Bang Box 50000 Pust 50k Vape\" width=\"851\" height=\"851\" srcset=\"https:\/\/vapestornado.com\/wp-content\/uploads\/2025\/04\/Bang-Box-50000-Puff-50k-Vape.webp 851w, https:\/\/vapestornado.com\/wp-content\/uploads\/2025\/04\/Bang-Box-50000-Puff-50k-Vape-300x300.webp 300w, https:\/\/vapestornado.com\/wp-content\/uploads\/2025\/04\/Bang-Box-50000-Puff-50k-Vape-150x150.webp 150w, https:\/\/vapestornado.com\/wp-content\/uploads\/2025\/04\/Bang-Box-50000-Puff-50k-Vape-768x768.webp 768w, https:\/\/vapestornado.com\/wp-content\/uploads\/2025\/04\/Bang-Box-50000-Puff-50k-Vape-600x600.webp 600w, https:\/\/vapestornado.com\/wp-content\/uploads\/2025\/04\/Bang-Box-50000-Puff-50k-Vape-100x100.webp 100w\" sizes=\"(max-width: 851px) 100vw, 851px\" \/><figcaption id=\"caption-attachment-4121\" class=\"wp-caption-text\">Bang Box 50000 Pust 50k Vape<\/figcaption><\/figure>\n<\/div>\n<\/div>\n<\/div>\n<\/div>\n<\/div>\n<\/div>\n<\/div>\n<\/div>\n<\/article>\n<\/div>\n<\/div>\n<\/div>\n<\/div>\n<\/div>\n<\/div>\n<\/div>\n<\/div>\n<\/div>\n<\/div>\n<\/article>\n<h2>Hvorfor v\u00e6lge Vapestornado til Bang Box 50000 Pust Engros?<\/h2>\n<div class=\"flex-shrink-0 flex flex-col relative items-end\">\n<div class=\"pt-0\">\n<div class=\"gizmo-bot-avatar flex h-8 w-8 items-center justify-center overflow-hidden rounded-full\">\n<div class=\"relative p-1 rounded-sm flex items-center justify-center bg-token-main-surface-primary text-token-text-primary h-8 w-8\">\n<p>Hos Vapestornado s\u00e6lger vi ikke bare vapes \u2013 vi leverer v\u00e6rdi, kvalitet og service, du kan regne med. Som en betroet grossistleverand\u00f8r af <strong data-start=\"410\" data-end=\"449\">Bang Box 50000 Pust Disposable Vape<\/strong>, tilbyder vi <strong data-start=\"460\" data-end=\"488\">konkurrencedygtige massepriser<\/strong>, hvilket sikrer, at du f\u00e5r de <strong data-start=\"511\" data-end=\"537\">laveste engrospriser<\/strong> uden at g\u00e5 p\u00e5 kompromis med produktets \u00e6gthed. Vores team h\u00e5ndplukker kun <strong data-start=\"608\" data-end=\"634\">100% originale produkter<\/strong> med garanteret ydeevne og smagskonsistens. Med <strong data-start=\"692\" data-end=\"716\">hurtig global forsendelse<\/strong>, en dedikeret <strong data-start=\"730\" data-end=\"766\">account manager til storkunder<\/strong>, og opdateringer af lagerbeholdningen i realtid, forbliver din virksomhed foran markedet. Uanset om du er en vape-butik, distribut\u00f8r eller online s\u00e6lger, <strong data-start=\"901\" data-end=\"917\">Vapestornado<\/strong> er din p\u00e5lidelige partner for <strong data-start=\"947\" data-end=\"994\">produkter med h\u00f8j eftersp\u00f8rgsel som Bang Box 50k Puff<\/strong>\u2014st\u00f8ttet af professionel service og uovertrufne tilbud.<\/p>\n<p data-start=\"559\" data-end=\"933\" data-is-last-node=\"\" data-is-only-node=\"\">Vi har ogs\u00e5 nogle andre popul\u00e6re vapes med sk\u00e6rm som <a href=\"https:\/\/vapestornado.com\/da\/product\/solaris-25000-puff-solar-charging-dispsoable-vape-kit-usa\/\">SOLARIS 25000 PUFF<\/a>, <a href=\"https:\/\/vapestornado.com\/da\/product\/elfbar-planet-25000-wholesale-disposable-vape-kit-with-digital-screen\/\">ELF BAR Planet 25000<\/a>, <a href=\"https:\/\/vapestornado.com\/da\/product\/elfworld-ai22000-22k-puff-disposable-vape-pen-kit-best-seller-in-poland\/\">Elf WORLD AI 22000<\/a>, og mere.<\/p>\n<\/div>\n<div class=\"relative p-1 rounded-sm flex items-center justify-center bg-token-main-surface-primary text-token-text-primary h-8 w-8\">\n<h2>OFTE STILLEDE SP\u00d8RGSM\u00c5L<\/h2>\n<p data-start=\"3043\" data-end=\"3258\"><strong data-start=\"3043\" data-end=\"3118\">1. Skal engangsprodukter have en s\u00e6rlig oplader til Bang Box 50000 Puff?<\/strong><br data-start=\"3118\" data-end=\"3121\" \/>Nej. Den <strong data-start=\"3129\" data-end=\"3168\">Bang Box 50000 Pust Disposable Vape<\/strong> bruger <strong data-start=\"3174\" data-end=\"3188\">USB Type-C<\/strong>, s\u00e5 enhver standard Type-C-kabel og en sikker USB-str\u00f8mforsyning vil fungere.<\/p>\n<p data-start=\"3260\" data-end=\"3561\"><strong data-start=\"3260\" data-end=\"3350\">2. Hvilket engangsprodukt varer faktisk l\u00e6ngst: Bang Box 50000 Puff eller Bang Box 30k-enheden?<\/strong><br data-start=\"3350\" data-end=\"3353\" \/>I daglig brug varer den <strong data-start=\"3374\" data-end=\"3397\">Bang Box 50000 Pust<\/strong> typisk l\u00e6ngere, fordi den kombinerer <strong data-start=\"3441\" data-end=\"3500\">50.000 puffs, 45ml e-v\u00e6ske og et genopladeligt batteri<\/strong>, mens de fleste 30k-modeller indeholder mindre v\u00e6ske og l\u00f8ber t\u00f8r tidligere.<\/p>\n<p data-start=\"3563\" data-end=\"3814\"><strong data-start=\"3563\" data-end=\"3627\">3. Er Bang Box 50000 Puff dual smagsystem v\u00e6rd det?<\/strong><br data-start=\"3627\" data-end=\"3630\" \/>Ja, hvis smagsvariation betyder noget. Den <strong data-start=\"3665\" data-end=\"3705\">Bang Box 50000 Puff dual smags vape<\/strong> format giver to profiler i \u00e9n krop, s\u00e5 skift af smag er \u00f8jeblikkeligt og kr\u00e6ver ikke en anden enhed.<\/p>\n<p data-start=\"3816\" data-end=\"4050\"><strong data-start=\"3816\" data-end=\"3886\">4. Holder Bang Box 50000 Puff smagen st\u00e6rk n\u00e6r slutningen?<\/strong><br data-start=\"3886\" data-end=\"3889\" \/>Den <strong data-start=\"3893\" data-end=\"3906\">netspole<\/strong> hj\u00e6lper med at opretholde j\u00e6vn opvarmning over en stor tank, hvilket reducerer smagsfald i slutningen og t\u00f8rre hits, der kan ske i h\u00f8jkapsitets engangsprodukter.<\/p>\n<p data-start=\"4052\" data-end=\"4308\"><strong data-start=\"4052\" data-end=\"4122\">5. Kan jeg tage en Bang Box 50000 Puff engangs vape med p\u00e5 flyet?<\/strong><br data-start=\"4122\" data-end=\"4125\" \/>De fleste flyselskaber tillader engangsprodukter <strong data-start=\"4157\" data-end=\"4185\">i h\u00e5ndbagagen kun<\/strong>, ikke i indchecket bagage, fordi de indeholder batterier. Hold dem <strong data-start=\"4246\" data-end=\"4269\">Bang Box 50000 Pust<\/strong> forseglet og f\u00f8lg flyselskabets\/den lokale regel.<\/p>\n<\/div>\n<\/div>\n<\/div>\n<\/div>","protected":false},"excerpt":{"rendered":"<p class=\"LC20lb MBeuO DKV0Md\">Bang Box 50000 Puff Engangs Vape med 45ml Dobbelt-Smags Tank<br \/>\nBang Box 50000 Puff Dobbelt Smags Vape med Smart Digital Display<br \/>\nBang Box 50k Puff Type-C Genopladelig Mesh Coil Engangs Enhed<\/p>\n<p><strong>Tilf\u00f8j Amys whatsapp for at f\u00e5 korrekt svar og rabatpris!<\/strong><\/p>\n<p><img fetchpriority=\"high\" decoding=\"async\" class=\"size-full wp-image-2932\" src=\"https:\/\/vapestornado.com\/wp-content\/uploads\/2024\/12\/Vape-Wholesale.jpg\" alt=\"Vape Engros\" width=\"229\" height=\"300\" \/><\/p>\n<h3><a href=\"https:\/\/wa.me\/8617776015835\"><span style=\"color: #ff0000;\"><strong>WhatsApp: +86 17776015835<\/strong><\/span><\/a><\/h3>\n<p>&nbsp;<\/p>","protected":false},"featured_media":4122,"comment_status":"open","ping_status":"closed","template":"","meta":{"_acf_changed":false,"_uag_custom_page_level_css":"","_lmt_disableupdate":"no","_lmt_disable":"","_monsterinsights_skip_tracking":false,"_monsterinsights_sitenote_active":false,"_monsterinsights_sitenote_note":"","_monsterinsights_sitenote_category":0,"site-sidebar-layout":"default","site-content-layout":"","ast-site-content-layout":"default","site-content-style":"default","site-sidebar-style":"default","ast-global-header-display":"","ast-banner-title-visibility":"","ast-main-header-display":"","ast-hfb-above-header-display":"","ast-hfb-below-header-display":"","ast-hfb-mobile-header-display":"","site-post-title":"","ast-breadcrumbs-content":"","ast-featured-img":"","footer-sml-layout":"","ast-disable-related-posts":"","theme-transparent-header-meta":"default","adv-header-id-meta":"","stick-header-meta":"","header-above-stick-meta":"","header-main-stick-meta":"","header-below-stick-meta":"","astra-migrate-meta-layouts":"set","ast-page-background-enabled":"default","ast-page-background-meta":{"desktop":{"background-color":"","background-image":"","background-repeat":"repeat","background-position":"center center","background-size":"auto","background-attachment":"scroll","background-type":"","background-media":"","overlay-type":"","overlay-color":"","overlay-opacity":"","overlay-gradient":""},"tablet":{"background-color":"","background-image":"","background-repeat":"repeat","background-position":"center center","background-size":"auto","background-attachment":"scroll","background-type":"","background-media":"","overlay-type":"","overlay-color":"","overlay-opacity":"","overlay-gradient":""},"mobile":{"background-color":"","background-image":"","background-repeat":"repeat","background-position":"center center","background-size":"auto","background-attachment":"scroll","background-type":"","background-media":"","overlay-type":"","overlay-color":"","overlay-opacity":"","overlay-gradient":""}},"ast-content-background-meta":{"desktop":{"background-color":"var(--ast-global-color-5)","background-image":"","background-repeat":"repeat","background-position":"center center","background-size":"auto","background-attachment":"scroll","background-type":"","background-media":"","overlay-type":"","overlay-color":"","overlay-opacity":"","overlay-gradient":""},"tablet":{"background-color":"var(--ast-global-color-5)","background-image":"","background-repeat":"repeat","background-position":"center center","background-size":"auto","background-attachment":"scroll","background-type":"","background-media":"","overlay-type":"","overlay-color":"","overlay-opacity":"","overlay-gradient":""},"mobile":{"background-color":"var(--ast-global-color-5)","background-image":"","background-repeat":"repeat","background-position":"center center","background-size":"auto","background-attachment":"scroll","background-type":"","background-media":"","overlay-type":"","overlay-color":"","overlay-opacity":"","overlay-gradient":""}},"_joinchat":{"telephone":"17776015835"}},"product_brand":[],"product_cat":[192,64,150,151,142,146],"product_tag":[332,333,474,105,195,189],"class_list":{"0":"post-4126","1":"product","2":"type-product","3":"status-publish","4":"has-post-thumbnail","6":"product_cat-50000-puff","7":"product_cat-bangbox-vape","8":"product_cat-buy-disposable-vapes-in-belgium","9":"product_cat-buy-disposable-vapes-in-france","10":"product_cat-digital-box-disposable-vapes","11":"product_cat-rechargeable-disposable-vapes","12":"product_tag-bang-box-50000","13":"product_tag-bang-box-50k","14":"product_tag-bang-hot-sale-vape","15":"product_tag-digital-disposable-vape","16":"product_tag-dual-flavor-disposable-vape","17":"product_tag-puff-50k","18":"desktop-align-left","19":"tablet-align-left","20":"mobile-align-left","22":"first","23":"instock","24":"sale","25":"shipping-taxable","26":"purchasable","27":"product-type-simple"},"acf":[],"uagb_featured_image_src":{"full":["https:\/\/vapestornado.com\/wp-content\/uploads\/2025\/04\/Bang-Box-50000-Puff-Best-Double-Flavor-Vape-scaled.webp",2560,2560,false],"thumbnail":["https:\/\/vapestornado.com\/wp-content\/uploads\/2025\/04\/Bang-Box-50000-Puff-Best-Double-Flavor-Vape-150x150.webp",150,150,true],"medium":["https:\/\/vapestornado.com\/wp-content\/uploads\/2025\/04\/Bang-Box-50000-Puff-Best-Double-Flavor-Vape-300x300.webp",300,300,true],"medium_large":["https:\/\/vapestornado.com\/wp-content\/uploads\/2025\/04\/Bang-Box-50000-Puff-Best-Double-Flavor-Vape-768x768.webp",768,768,true],"large":["https:\/\/vapestornado.com\/wp-content\/uploads\/2025\/04\/Bang-Box-50000-Puff-Best-Double-Flavor-Vape-1024x1024.webp",1024,1024,true],"1536x1536":["https:\/\/vapestornado.com\/wp-content\/uploads\/2025\/04\/Bang-Box-50000-Puff-Best-Double-Flavor-Vape-1536x1536.webp",1536,1536,true],"2048x2048":["https:\/\/vapestornado.com\/wp-content\/uploads\/2025\/04\/Bang-Box-50000-Puff-Best-Double-Flavor-Vape-2048x2048.webp",2048,2048,true],"trp-custom-language-flag":["https:\/\/vapestornado.com\/wp-content\/uploads\/2025\/04\/Bang-Box-50000-Puff-Best-Double-Flavor-Vape-scaled.webp",12,12,false],"woocommerce_thumbnail":["https:\/\/vapestornado.com\/wp-content\/uploads\/2025\/04\/Bang-Box-50000-Puff-Best-Double-Flavor-Vape-300x300.webp",300,300,true],"woocommerce_single":["https:\/\/vapestornado.com\/wp-content\/uploads\/2025\/04\/Bang-Box-50000-Puff-Best-Double-Flavor-Vape-600x600.webp",600,600,true],"woocommerce_gallery_thumbnail":["https:\/\/vapestornado.com\/wp-content\/uploads\/2025\/04\/Bang-Box-50000-Puff-Best-Double-Flavor-Vape-100x100.webp",100,100,true]},"uagb_author_info":{"display_name":"ESAMY","author_link":"https:\/\/vapestornado.com\/da\/author\/"},"uagb_comment_info":0,"uagb_excerpt":"Bang Box 50000 Puff Disposable Vape with 45ml Dual-Flavor Tank Bang Box 50000 Puff Dual Flavour Vape with Smart Digital Display Bang Box 50k Puff Type-C Rechargeable Mesh Coil Disposable Device Add Amy's whatsapp to get right reply and discount price! WhatsApp: +86 17776015835 &nbsp;","_links":{"self":[{"href":"https:\/\/vapestornado.com\/da\/wp-json\/wp\/v2\/product\/4126","targetHints":{"allow":["GET"]}}],"collection":[{"href":"https:\/\/vapestornado.com\/da\/wp-json\/wp\/v2\/product"}],"about":[{"href":"https:\/\/vapestornado.com\/da\/wp-json\/wp\/v2\/types\/product"}],"replies":[{"embeddable":true,"href":"https:\/\/vapestornado.com\/da\/wp-json\/wp\/v2\/comments?post=4126"}],"wp:featuredmedia":[{"embeddable":true,"href":"https:\/\/vapestornado.com\/da\/wp-json\/wp\/v2\/media\/4122"}],"wp:attachment":[{"href":"https:\/\/vapestornado.com\/da\/wp-json\/wp\/v2\/media?parent=4126"}],"wp:term":[{"taxonomy":"product_brand","embeddable":true,"href":"https:\/\/vapestornado.com\/da\/wp-json\/wp\/v2\/product_brand?post=4126"},{"taxonomy":"product_cat","embeddable":true,"href":"https:\/\/vapestornado.com\/da\/wp-json\/wp\/v2\/product_cat?post=4126"},{"taxonomy":"product_tag","embeddable":true,"href":"https:\/\/vapestornado.com\/da\/wp-json\/wp\/v2\/product_tag?post=4126"}],"curies":[{"name":"wp","href":"https:\/\/api.w.org\/{rel}","templated":true}]}}