{"id":4111,"date":"2025-04-11T09:55:33","date_gmt":"2025-04-11T09:55:33","guid":{"rendered":"https:\/\/vapestornado.com\/?post_type=product&#038;p=4111"},"modified":"2025-12-04T03:58:48","modified_gmt":"2025-12-04T03:58:48","slug":"high-quality-bang-leader-30000-puffs-disposable-box-pod-vaporizer","status":"publish","type":"product","link":"https:\/\/vapestornado.com\/da\/product\/high-quality-bang-leader-30000-puffs-disposable-box-pod-vaporizer\/","title":{"rendered":"H\u00f8j Kvalitet Bang Leader 30000 Puffs Engangs Box Pod Vaporizer"},"content":{"rendered":"<h1 data-pm-slice=\"1 1 []\">H\u00f8j Kvalitet Bang Leader 30000 Puffs Engangs Box Pod Vaporizer<\/h1>\n<p data-start=\"1148\" data-end=\"1548\">Hvis du \u00f8nsker en engangs, der varer langt l\u00e6ngere end standardenheder, giver dig mulighed for at skifte mellem to smagsvarianter \u00f8jeblikkeligt og holder dig informeret med en smart sk\u00e6rm, leverer Bang Leader 30000 Puff op til 30.000 puffer med dobbelt mesh-spiraler, dobbelt smagsrotation og Type-C genopladning i en kompakt konstruktion.<\/p>\n<ul>\n<li data-start=\"759\" data-end=\"922\">\n<p data-start=\"761\" data-end=\"922\"><strong data-start=\"761\" data-end=\"779\">Bygget til at holde:<\/strong> Med <strong data-start=\"785\" data-end=\"807\">op til 30.000 puffer<\/strong>, dette er en <strong data-start=\"819\" data-end=\"854\">l\u00e6ngst holdbare engangs vape<\/strong> mulighed i sin klasse, hvilket reducerer udskiftninger og omkostninger pr. puff.<\/p>\n<\/li>\n<li data-start=\"923\" data-end=\"1082\">\n<p data-start=\"925\" data-end=\"1082\"><strong data-start=\"925\" data-end=\"953\">To smagsvarianter, \u00e9n enhed:<\/strong> Den <strong data-start=\"958\" data-end=\"1001\">Bang Leader 30000 Puff dobbelt smags vape<\/strong> giver dig mulighed for at dreje og skifte mellem to profiler \u00f8jeblikkeligt\u2014ingen ekstra vape n\u00f8dvendig.<\/p>\n<\/li>\n<li data-start=\"1083\" data-end=\"1235\">\n<p data-start=\"1085\" data-end=\"1235\"><strong data-start=\"1085\" data-end=\"1107\">Realtidskontrol:<\/strong> Som en <strong data-start=\"1113\" data-end=\"1148\">engangs vape med LED-sk\u00e6rm<\/strong>, viser den batteri- og e-v\u00e6skestanden tydeligt, s\u00e5 du aldrig er i tvivl midt i sessionen.<\/p>\n<\/li>\n<li data-start=\"1236\" data-end=\"1377\">\n<p data-start=\"1238\" data-end=\"1377\"><strong data-start=\"1238\" data-end=\"1267\">P\u00e5lidelig smagslevering:<\/strong> <strong data-start=\"1268\" data-end=\"1287\">Dobbelt mesh coils<\/strong> hold dampen t\u00e6t og smagen glat fra den f\u00f8rste tr\u00e6k til den sidste, selv ved langvarig brug.<\/p>\n<\/li>\n<li data-start=\"1378\" data-end=\"1517\">\n<p data-start=\"1380\" data-end=\"1517\"><strong data-start=\"1380\" data-end=\"1411\">Bekvem str\u00f8m til farten:<\/strong> <strong data-start=\"1412\" data-end=\"1450\">550mAh Type-C genopladeligt batteri<\/strong> betyder, at du kan f\u00e6rdigg\u00f8re hele tanken uden, at enheden d\u00f8r tidligt.<\/p>\n<\/li>\n<\/ul>\n<h2 class=\"\" data-start=\"1229\" data-end=\"1282\"><strong data-start=\"1235\" data-end=\"1282\">Bang Leader 30000 Puff Vape-specifikationer<\/strong><\/h2>\n<table>\n<thead>\n<tr>\n<th>Parameter<\/th>\n<th align=\"right\">Spec<\/th>\n<th>Menneskelig forklaring<\/th>\n<\/tr>\n<\/thead>\n<tbody>\n<tr>\n<td>Pust Kapacitet<\/td>\n<td align=\"right\">Op til 30.000 puffs<\/td>\n<td>En af de l\u00e6ngstvarende engangs vape i sin kategori; f\u00e6rre genk\u00f8b.<\/td>\n<\/tr>\n<tr>\n<td>Smagsystem<\/td>\n<td align=\"right\">Dobbelt smagsrotation<\/td>\n<td>To smage i \u00e9n enhed; drej for at skifte \u00f8jeblikkeligt.<\/td>\n<\/tr>\n<tr>\n<td>Spoletype<\/td>\n<td align=\"right\">Dobbelt mesh coils<\/td>\n<td>J\u00e6vn opvarmning = st\u00e6rkere smag, glattere damp, mindre udtv\u00e6ring.<\/td>\n<\/tr>\n<tr>\n<td>Batteri<\/td>\n<td align=\"right\">550mAh genopladelig<\/td>\n<td>Tilstr\u00e6kkelig kraft til langvarig brug; genoplad i stedet for at miste puffer.<\/td>\n<\/tr>\n<tr>\n<td>Opladning<\/td>\n<td align=\"right\">USB Type-C<\/td>\n<td>Hurtig, universel opladningskabelstandard.<\/td>\n<\/tr>\n<tr>\n<td>Sk\u00e6rm<\/td>\n<td align=\"right\">LED smart sk\u00e6rm<\/td>\n<td>Viser batteri- og e-v\u00e6skestandsniveauer, s\u00e5 du har kontrol.<\/td>\n<\/tr>\n<tr>\n<td>Aktivering<\/td>\n<td align=\"right\">Aktivering ved sug<\/td>\n<td>Ingen knapper; inhaler for at dampe\u2014begyndervenlig.<\/td>\n<\/tr>\n<tr>\n<td>Kropstil<\/td>\n<td align=\"right\">Kompakt boksdesign<\/td>\n<td>Let at b\u00e6re, robust i lommer eller tasker.<\/td>\n<\/tr>\n<tr>\n<td>M\u00e5lgruppe<\/td>\n<td align=\"right\">Daglige + intensive sessioner<\/td>\n<td>Fungerer for afslappede brugere og hyppige damper.<\/td>\n<\/tr>\n<\/tbody>\n<\/table>\n<p data-start=\"666\" data-end=\"1235\"><strong style=\"font-size: 16px;\"><span style=\"color: #ff0000;\">Tilf\u00f8j Amy's WhatsApp for at f\u00e5 et direkte svar og en god pris!<\/span><\/strong><\/p>\n<p><img fetchpriority=\"high\" decoding=\"async\" class=\"size-full wp-image-2932\" src=\"https:\/\/vapestornado.com\/wp-content\/uploads\/2024\/12\/Vape-Wholesale.jpg\" alt=\"Vape Engros\" width=\"229\" height=\"300\" \/><\/p>\n<h3><a href=\"https:\/\/wa.me\/8617776015835\" target=\"_blank\" rel=\"noopener\"><span style=\"color: #ff0000;\"><strong>WhatsApp: +86 17776015835<\/strong><\/span><\/a><\/h3>\n<p>&nbsp;<\/p>\n<h2 class=\"product-title\"><strong>Bang Leader 30k Engangs E Cig Smagsoversigt<\/strong><\/h2>\n<article class=\"w-full text-token-text-primary focus-visible:outline-2 focus-visible:outline-offset-[-4px]\" dir=\"auto\" data-testid=\"conversation-turn-32\" data-scroll-anchor=\"false\">\n<div class=\"m-auto text-base py-[18px] px-6\">\n<div class=\"mx-auto flex flex-1 text-base gap-4 md:gap-5 lg:gap-6 md:max-w-3xl lg:max-w-[40rem] xl:max-w-[48rem]\">\n<div class=\"group\/conversation-turn relative flex w-full min-w-0 flex-col @xs\/thread:px-0 @sm\/thread:px-1.5 @md\/thread:px-4\">\n<div class=\"flex-col gap-1 md:gap-3\">\n<div class=\"flex max-w-full flex-col flex-grow\">\n<div class=\"min-h-8 text-message flex w-full flex-col items-end gap-2 whitespace-normal break-words text-start [.text-message+&amp;]:mt-5\" dir=\"auto\" data-message-author-role=\"user\" data-message-id=\"ffac41ca-1db4-431b-873a-32c4052956f1\">\n<div class=\"flex w-full flex-col gap-1 empty:hidden items-end rtl:items-start\">\n<div class=\"relative max-w-[var(--user-chat-width,70%)] rounded-3xl bg-token-message-surface px-5 py-2.5\">\n<div class=\"absolute bottom-0 right-full top-0 -mr-3.5 hidden pr-5 pt-2 [.group\/conversation-turn:hover_&amp;]:flex\">\n<div class=\"flex\">\n<article class=\"w-full text-token-text-primary focus-visible:outline-2 focus-visible:outline-offset-[-4px]\" dir=\"auto\" data-testid=\"conversation-turn-39\" data-scroll-anchor=\"true\">\n<div class=\"m-auto text-base py-[18px] px-6\">\n<div class=\"mx-auto flex flex-1 text-base gap-4 md:gap-5 lg:gap-6 md:max-w-3xl lg:max-w-[40rem] xl:max-w-[48rem]\">\n<div class=\"group\/conversation-turn relative flex w-full min-w-0 flex-col agent-turn @xs\/thread:px-0 @sm\/thread:px-1.5 @md\/thread:px-4\">\n<div class=\"flex-col gap-1 md:gap-3\">\n<div class=\"flex max-w-full flex-col flex-grow\">\n<div class=\"min-h-8 text-message flex w-full flex-col items-end gap-2 whitespace-normal break-words text-start [.text-message+&amp;]:mt-5\" dir=\"auto\" data-message-author-role=\"assistant\" data-message-id=\"55a23854-ec57-48dd-bd4f-6118f43d6241\" data-message-model-slug=\"gpt-4o\">\n<div class=\"flex w-full flex-col gap-1 empty:hidden first:pt-[3px]\">\n<div class=\"markdown prose w-full break-words dark:prose-invert light\">\n<p>1.Vandmelon Is<br \/>\n2.Vandmelon Is<br \/>\n3. Jordb\u00e6r Vandmelon<br \/>\n4. Jordb\u00e6r Og Vandmelon<br \/>\n5. Bl\u00e5b\u00e6r Hindb\u00e6r<br \/>\n6. Bl\u00e5b\u00e6r Hindb\u00e6r<br \/>\n7. Bl\u00e5b\u00e6r Is<br \/>\n8. Bl\u00e5b\u00e6r Is<br \/>\n9. Red Bull<br \/>\n10. Red Bull<br \/>\n11. Jordb\u00e6r Kiwi<br \/>\n12. Jordb\u00e6r Kiwi<\/p>\n<figure id=\"attachment_4109\" aria-describedby=\"caption-attachment-4109\" style=\"width: 800px\" class=\"wp-caption alignnone\"><img decoding=\"async\" class=\"wp-image-4109 size-full\" src=\"https:\/\/vapestornado.com\/wp-content\/uploads\/2025\/04\/High-Quality-Bang-Leader-30000-Puffs-Pen-Pod.webp\" alt=\"H\u00f8jkvalitets Bang Leader 30000 Puffs Pen Pod\" width=\"800\" height=\"800\" srcset=\"https:\/\/vapestornado.com\/wp-content\/uploads\/2025\/04\/High-Quality-Bang-Leader-30000-Puffs-Pen-Pod.webp 800w, https:\/\/vapestornado.com\/wp-content\/uploads\/2025\/04\/High-Quality-Bang-Leader-30000-Puffs-Pen-Pod-300x300.webp 300w, https:\/\/vapestornado.com\/wp-content\/uploads\/2025\/04\/High-Quality-Bang-Leader-30000-Puffs-Pen-Pod-150x150.webp 150w, https:\/\/vapestornado.com\/wp-content\/uploads\/2025\/04\/High-Quality-Bang-Leader-30000-Puffs-Pen-Pod-768x768.webp 768w, https:\/\/vapestornado.com\/wp-content\/uploads\/2025\/04\/High-Quality-Bang-Leader-30000-Puffs-Pen-Pod-600x600.webp 600w, https:\/\/vapestornado.com\/wp-content\/uploads\/2025\/04\/High-Quality-Bang-Leader-30000-Puffs-Pen-Pod-100x100.webp 100w\" sizes=\"(max-width: 800px) 100vw, 800px\" \/><figcaption id=\"caption-attachment-4109\" class=\"wp-caption-text\">H\u00f8jkvalitets Bang Leader 30000 Puffs Pen Pod<\/figcaption><\/figure>\n<\/div>\n<\/div>\n<\/div>\n<\/div>\n<\/div>\n<\/div>\n<\/div>\n<\/div>\n<\/article>\n<\/div>\n<\/div>\n<\/div>\n<\/div>\n<\/div>\n<\/div>\n<\/div>\n<\/div>\n<\/div>\n<\/div>\n<\/article>\n<h2>Hvorfor er Vapestornado det bedste sted at k\u00f8be e-cigaretter?<\/h2>\n<div class=\"flex-shrink-0 flex flex-col relative items-end\">\n<div class=\"pt-0\">\n<div class=\"gizmo-bot-avatar flex h-8 w-8 items-center justify-center overflow-hidden rounded-full\">\n<div class=\"relative p-1 rounded-sm flex items-center justify-center bg-token-main-surface-primary text-token-text-primary h-8 w-8\">\n<p>At\u00a0<strong>VapeTornado<\/strong>, vi s\u00e6tter en \u00e6re i at levere\u00a0<strong>f\u00f8rsteklasses vaping-produkter til uovertrufne priser<\/strong>\u2014og Bang Leader 30000 Puff 30k er ingen undtagelse! Her er hvorfor du b\u00f8r k\u00f8be fra os:<\/p>\n<p class=\"\" data-start=\"49\" data-end=\"193\"><strong data-start=\"49\" data-end=\"81\">Uovertruffen Engros Priss\u00e6tning<\/strong> \u2013 Nyd de bedste bulk-tilbud p\u00e5 markedet, hvilket g\u00f8r os til den foretrukne leverand\u00f8r for vape-butikker og forhandlere i hele verden.<\/p>\n<p class=\"\" data-start=\"195\" data-end=\"340\"><strong data-start=\"195\" data-end=\"228\">Hurtig<\/strong> \u2013 Vi leverer dine ordrer hurtigt og sikkert, med p\u00e5lidelige verdensomsp\u00e6ndende forsendelsesmuligheder skr\u00e6ddersyet til dine behov.<\/p>\n<p class=\"\" data-start=\"342\" data-end=\"487\"><strong data-start=\"342\" data-end=\"367\">100% \u00c6gte Produkter<\/strong> \u2013 Sig farvel til forfalskninger! Vi garanterer kun originale Bang Leader 30000 Pust vapes med verificeret kvalitet og ydeevne.<\/p>\n<p class=\"\" data-start=\"489\" data-end=\"627\"><strong data-start=\"489\" data-end=\"516\">Ekspert Kundesupport<\/strong> \u2013 Har du sp\u00f8rgsm\u00e5l? Vores kyndige vape-team er her for dig n\u00e5r som helst og sikrer en problemfri service.<\/p>\n<p data-start=\"559\" data-end=\"933\" data-is-last-node=\"\" data-is-only-node=\"\">Vi har ogs\u00e5 nogle andre popul\u00e6re vapes med sk\u00e6rm som <a href=\"https:\/\/vapestornado.com\/da\/product\/wga-legend-ultra-30k-30000-puffs-rechargeable-vape-pod-twins-flavor\/\">WGA Krystal 30000 Puff<\/a>, <a href=\"https:\/\/vapestornado.com\/da\/product\/waspe-aiviou-3-in-1-60000-puffs-disposable-vape-kit-best-price\/\">WASPE 60000 3 i 1<\/a>, <a href=\"https:\/\/vapestornado.com\/da\/product\/uzy-crystal-50000-puff-twin-flavor-bulk-vapes-for-cheap\/\">UZY Krystal 50000<\/a>, og mere.<\/p>\n<\/div>\n<div class=\"relative p-1 rounded-sm flex items-center justify-center bg-token-main-surface-primary text-token-text-primary h-8 w-8\">\n<h2>Ofte stillede sp\u00f8rgsm\u00e5l om Bang Leader 30000 Puff, som du m\u00e5ske vil vide<\/h2>\n<p data-start=\"1588\" data-end=\"1913\"><strong data-start=\"1588\" data-end=\"1678\">Q: \u201cJeg er tr\u00e6t af engangsprodukter, der l\u00f8ber t\u00f8r p\u00e5 f\u00e5 dage. Vil denne faktisk holde?\u201d<\/strong><br data-start=\"1678\" data-end=\"1681\" \/><strong data-start=\"1681\" data-end=\"1687\">A:<\/strong> Ja. Bang Leader leverer <strong data-start=\"1718\" data-end=\"1740\">op til 30.000 puffer<\/strong>, s\u00e5 de fleste brugere f\u00e5r <strong data-start=\"1760\" data-end=\"1776\">uger med brug<\/strong>, ikke dage. Det er designet til tunge vapere, der \u00f8nsker f\u00e6rre udskiftninger, og afslappede brugere, der \u00f8nsker en enhed, der forbliver p\u00e5lidelig i l\u00e6ngere tid.<\/p>\n<p data-start=\"1915\" data-end=\"2197\"><strong data-start=\"1915\" data-end=\"1980\">Q: \u201c mister en engangs med h\u00f8j puff smag halvvejs igennem?\u201d<\/strong><br data-start=\"1980\" data-end=\"1983\" \/><strong data-start=\"1983\" data-end=\"1989\">A:<\/strong> Det er et almindeligt problem med standardspoler. Bang Leader l\u00f8ser det ved hj\u00e6lp af <strong data-start=\"2061\" data-end=\"2090\">dual mesh coil-teknologi<\/strong>, som opvarmer e-v\u00e6sken j\u00e6vnt og opretholder en stabil smagsprofil og dampdensitet over lange sessioner.<\/p>\n<p data-start=\"2199\" data-end=\"2470\"><strong data-start=\"2199\" data-end=\"2261\">Q: \u201cJeg kan godt lide at skifte smag. Skal jeg k\u00f8be to vapere?\u201d<\/strong><br data-start=\"2261\" data-end=\"2264\" \/><strong data-start=\"2264\" data-end=\"2270\">A:<\/strong> Nej. Dette er en \u00e6gte <strong data-start=\"2290\" data-end=\"2333\">Bang Leader 30000 Puff dobbelt smags vape<\/strong>. Det dobbelte smagsrotation system lader dig <strong data-start=\"2376\" data-end=\"2415\">skifte mellem to smage \u00f8jeblikkeligt<\/strong> med et twist, hvilket giver variation uden at skulle b\u00e6re backup-enheder.<\/p>\n<p data-start=\"2472\" data-end=\"2734\"><strong data-start=\"2472\" data-end=\"2524\">Q: \u201cHvordan ved jeg, hvorn\u00e5r batteriet eller v\u00e6sken er lav?\u201d<\/strong><br data-start=\"2524\" data-end=\"2527\" \/><strong data-start=\"2527\" data-end=\"2533\">A:<\/strong> Den indbyggede smarte sk\u00e6rm g\u00f8r dette til en <strong data-start=\"2573\" data-end=\"2608\">engangs vape med LED-sk\u00e6rm<\/strong> der viser <strong data-start=\"2620\" data-end=\"2663\">batteri- og v\u00e6skeniveau i realtid<\/strong>. Du ved pr\u00e6cis, hvorn\u00e5r du skal genoplade eller udskifte\u2014ingen overraskende t\u00f8rre hits.<\/p>\n<p data-start=\"2954\" data-end=\"3124\"><strong data-start=\"2954\" data-end=\"3001\">Q: \u201cEr den b\u00e6rbar nok til daglig brug?\u201d<\/strong><br data-start=\"3001\" data-end=\"3004\" \/><strong data-start=\"3004\" data-end=\"3010\">A:<\/strong> Ja. Den kompakte, kasseformede krop er <strong data-start=\"3047\" data-end=\"3078\">lommevenlig og holdbar<\/strong>, designet til pendling, rejser og nattelige udflugter.<\/p>\n<p data-start=\"3126\" data-end=\"3428\"><strong data-start=\"3126\" data-end=\"3170\">Q: \u201cEr smagene st\u00e6rke og popul\u00e6re?\u201d<\/strong><br data-start=\"3170\" data-end=\"3173\" \/><strong data-start=\"3173\" data-end=\"3179\">A:<\/strong> Sortimentet fokuserer p\u00e5 smagspar, der forbliver behagelige over lang tid\u2014som <strong data-start=\"3254\" data-end=\"3292\">Red Bull<\/strong>, <strong data-start=\"3294\" data-end=\"3325\">Jordb\u00e6r Kiwi<\/strong>, og <strong data-start=\"3331\" data-end=\"3368\">Bl\u00e5b\u00e6r Is<\/strong>. Dobbelt-mesh opvarmning holder hver profil ren og ensartet.<\/p>\n<\/div>\n<\/div>\n<\/div>\n<\/div>","protected":false},"excerpt":{"rendered":"<p class=\"LC20lb MBeuO DKV0Md\">Bang Leader 30000 Puffs Billige E Cigaretter R\u00f8gbutik Engros Polen<br \/>\nBang Leader 30000 Puffs 2 i 1 Dobbelt Smag Vape Box Engrospris<br \/>\nBang Leader 30000 Puffs Billige E-cigaretter K\u00f8b i Bulk<\/p>\n<p><strong>Tilf\u00f8j Amys whatsapp for at f\u00e5 korrekt svar og rabatpris!<\/strong><\/p>\n<p><img fetchpriority=\"high\" decoding=\"async\" class=\"size-full wp-image-2932\" src=\"https:\/\/vapestornado.com\/wp-content\/uploads\/2024\/12\/Vape-Wholesale.jpg\" alt=\"Vape Engros\" width=\"229\" height=\"300\" \/><\/p>\n<h3><a href=\"https:\/\/wa.me\/8617776015835\"><span style=\"color: #ff0000;\"><strong>WhatsApp: +86 17776015835<\/strong><\/span><\/a><\/h3>\n<p>&nbsp;<\/p>","protected":false},"featured_media":4105,"comment_status":"open","ping_status":"closed","template":"","meta":{"_acf_changed":false,"_uag_custom_page_level_css":"","_lmt_disableupdate":"no","_lmt_disable":"","_monsterinsights_skip_tracking":false,"_monsterinsights_sitenote_active":false,"_monsterinsights_sitenote_note":"","_monsterinsights_sitenote_category":0,"site-sidebar-layout":"default","site-content-layout":"","ast-site-content-layout":"default","site-content-style":"default","site-sidebar-style":"default","ast-global-header-display":"","ast-banner-title-visibility":"","ast-main-header-display":"","ast-hfb-above-header-display":"","ast-hfb-below-header-display":"","ast-hfb-mobile-header-display":"","site-post-title":"","ast-breadcrumbs-content":"","ast-featured-img":"","footer-sml-layout":"","ast-disable-related-posts":"","theme-transparent-header-meta":"default","adv-header-id-meta":"","stick-header-meta":"","header-above-stick-meta":"","header-main-stick-meta":"","header-below-stick-meta":"","astra-migrate-meta-layouts":"set","ast-page-background-enabled":"default","ast-page-background-meta":{"desktop":{"background-color":"","background-image":"","background-repeat":"repeat","background-position":"center center","background-size":"auto","background-attachment":"scroll","background-type":"","background-media":"","overlay-type":"","overlay-color":"","overlay-opacity":"","overlay-gradient":""},"tablet":{"background-color":"","background-image":"","background-repeat":"repeat","background-position":"center center","background-size":"auto","background-attachment":"scroll","background-type":"","background-media":"","overlay-type":"","overlay-color":"","overlay-opacity":"","overlay-gradient":""},"mobile":{"background-color":"","background-image":"","background-repeat":"repeat","background-position":"center center","background-size":"auto","background-attachment":"scroll","background-type":"","background-media":"","overlay-type":"","overlay-color":"","overlay-opacity":"","overlay-gradient":""}},"ast-content-background-meta":{"desktop":{"background-color":"var(--ast-global-color-5)","background-image":"","background-repeat":"repeat","background-position":"center center","background-size":"auto","background-attachment":"scroll","background-type":"","background-media":"","overlay-type":"","overlay-color":"","overlay-opacity":"","overlay-gradient":""},"tablet":{"background-color":"var(--ast-global-color-5)","background-image":"","background-repeat":"repeat","background-position":"center center","background-size":"auto","background-attachment":"scroll","background-type":"","background-media":"","overlay-type":"","overlay-color":"","overlay-opacity":"","overlay-gradient":""},"mobile":{"background-color":"var(--ast-global-color-5)","background-image":"","background-repeat":"repeat","background-position":"center center","background-size":"auto","background-attachment":"scroll","background-type":"","background-media":"","overlay-type":"","overlay-color":"","overlay-opacity":"","overlay-gradient":""}},"_joinchat":{"telephone":"17776015835"}},"product_brand":[],"product_cat":[67,278,154,156,142],"product_tag":[470,469,328,105,198],"class_list":{"0":"post-4111","1":"product","2":"type-product","3":"status-publish","4":"has-post-thumbnail","6":"product_cat-30000-puff","7":"product_cat-bang-leader-vape","8":"product_cat-buy-disposable-vapes-in-netherlands","9":"product_cat-buy-disposable-vapes-in-poland","10":"product_cat-digital-box-disposable-vapes","11":"product_tag-30k-puff-vape","12":"product_tag-bang-leader-30k","13":"product_tag-cheap-e-cigs","14":"product_tag-digital-disposable-vape","15":"product_tag-double-flavor-disposable-vape","16":"desktop-align-left","17":"tablet-align-left","18":"mobile-align-left","20":"first","21":"instock","22":"sale","23":"shipping-taxable","24":"purchasable","25":"product-type-simple"},"acf":[],"uagb_featured_image_src":{"full":["https:\/\/vapestornado.com\/wp-content\/uploads\/2025\/04\/Bang-30000-Puffs-Pro-Big-Screen-Double-Flavors-Disposable.webp",800,800,false],"thumbnail":["https:\/\/vapestornado.com\/wp-content\/uploads\/2025\/04\/Bang-30000-Puffs-Pro-Big-Screen-Double-Flavors-Disposable-150x150.webp",150,150,true],"medium":["https:\/\/vapestornado.com\/wp-content\/uploads\/2025\/04\/Bang-30000-Puffs-Pro-Big-Screen-Double-Flavors-Disposable-300x300.webp",300,300,true],"medium_large":["https:\/\/vapestornado.com\/wp-content\/uploads\/2025\/04\/Bang-30000-Puffs-Pro-Big-Screen-Double-Flavors-Disposable-768x768.webp",768,768,true],"large":["https:\/\/vapestornado.com\/wp-content\/uploads\/2025\/04\/Bang-30000-Puffs-Pro-Big-Screen-Double-Flavors-Disposable.webp",800,800,false],"1536x1536":["https:\/\/vapestornado.com\/wp-content\/uploads\/2025\/04\/Bang-30000-Puffs-Pro-Big-Screen-Double-Flavors-Disposable.webp",800,800,false],"2048x2048":["https:\/\/vapestornado.com\/wp-content\/uploads\/2025\/04\/Bang-30000-Puffs-Pro-Big-Screen-Double-Flavors-Disposable.webp",800,800,false],"trp-custom-language-flag":["https:\/\/vapestornado.com\/wp-content\/uploads\/2025\/04\/Bang-30000-Puffs-Pro-Big-Screen-Double-Flavors-Disposable.webp",12,12,false],"woocommerce_thumbnail":["https:\/\/vapestornado.com\/wp-content\/uploads\/2025\/04\/Bang-30000-Puffs-Pro-Big-Screen-Double-Flavors-Disposable-300x300.webp",300,300,true],"woocommerce_single":["https:\/\/vapestornado.com\/wp-content\/uploads\/2025\/04\/Bang-30000-Puffs-Pro-Big-Screen-Double-Flavors-Disposable-600x600.webp",600,600,true],"woocommerce_gallery_thumbnail":["https:\/\/vapestornado.com\/wp-content\/uploads\/2025\/04\/Bang-30000-Puffs-Pro-Big-Screen-Double-Flavors-Disposable-100x100.webp",100,100,true]},"uagb_author_info":{"display_name":"ESAMY","author_link":"https:\/\/vapestornado.com\/da\/author\/"},"uagb_comment_info":0,"uagb_excerpt":"Bang Leader 30000 Puffs Cheap E Cigs Smoke Shop Wholesale Poland Bang Leader 30000 Puffs 2 in 1 Double Flavor Vape Box Wholesale Price Bang Leader 30000 Puffs\u00a0 Cheap ECigs Buy In Bulk Add Amy's whatsapp to get right reply and discount price! WhatsApp: +86 17776015835 &nbsp;","_links":{"self":[{"href":"https:\/\/vapestornado.com\/da\/wp-json\/wp\/v2\/product\/4111","targetHints":{"allow":["GET"]}}],"collection":[{"href":"https:\/\/vapestornado.com\/da\/wp-json\/wp\/v2\/product"}],"about":[{"href":"https:\/\/vapestornado.com\/da\/wp-json\/wp\/v2\/types\/product"}],"replies":[{"embeddable":true,"href":"https:\/\/vapestornado.com\/da\/wp-json\/wp\/v2\/comments?post=4111"}],"wp:featuredmedia":[{"embeddable":true,"href":"https:\/\/vapestornado.com\/da\/wp-json\/wp\/v2\/media\/4105"}],"wp:attachment":[{"href":"https:\/\/vapestornado.com\/da\/wp-json\/wp\/v2\/media?parent=4111"}],"wp:term":[{"taxonomy":"product_brand","embeddable":true,"href":"https:\/\/vapestornado.com\/da\/wp-json\/wp\/v2\/product_brand?post=4111"},{"taxonomy":"product_cat","embeddable":true,"href":"https:\/\/vapestornado.com\/da\/wp-json\/wp\/v2\/product_cat?post=4111"},{"taxonomy":"product_tag","embeddable":true,"href":"https:\/\/vapestornado.com\/da\/wp-json\/wp\/v2\/product_tag?post=4111"}],"curies":[{"name":"wp","href":"https:\/\/api.w.org\/{rel}","templated":true}]}}