{"id":4103,"date":"2025-04-10T09:29:15","date_gmt":"2025-04-10T09:29:15","guid":{"rendered":"https:\/\/vapestornado.com\/?post_type=product&#038;p=4103"},"modified":"2025-12-02T09:08:48","modified_gmt":"2025-12-02T09:08:48","slug":"bang-leader-45000-puff-45k-cheap-e-cigs-bulk-buy-online","status":"publish","type":"product","link":"https:\/\/vapestornado.com\/da\/product\/bang-leader-45000-puff-45k-cheap-e-cigs-bulk-buy-online\/","title":{"rendered":"Bang Leader 45000 Puff 45k Billige E-cigaretter K\u00f8b Online"},"content":{"rendered":"<h1 data-pm-slice=\"1 1 []\">Bang Leader 45000 Puff 45k Billige E-cigaretter K\u00f8b Online<\/h1>\n<p data-start=\"465\" data-end=\"826\">Den <strong data-start=\"469\" data-end=\"511\">Bang Leader 45000 Pust Engangs Vape<\/strong> st\u00e5r som en af de mest kraftfulde og p\u00e5lidelige muligheder i kategorien for engangs vape med 45.000 puffs. Med et genopladeligt batteri p\u00e5 650mAh, nikotinstyrker p\u00e5 0%, 2% og 5%, og en imponerende kapacitet p\u00e5 45.000 puffs, leverer enheden en langvarig og ensartet vapingoplevelse, perfekt til l\u00e6ngere sessioner.<\/p>\n<h4 data-start=\"828\" data-end=\"878\">1. H\u00f8jtydende batteri og smart display<\/h4>\n<p data-start=\"879\" data-end=\"1303\">Udstyret med en <strong data-start=\"895\" data-end=\"926\">650mAh genopladelige batteri<\/strong>, sikrer Bang Leader vape, at du kan nyde l\u00e6ngere vaping-sessioner uden at bekymre dig om hyppige genopladninger. Den har ogs\u00e5 et <strong data-start=\"1058\" data-end=\"1083\">digitale smart display<\/strong> der giver realtidsinformation om b\u00e5de batteri- og e-v\u00e6skestanden, hvilket giver brugerne fuld kontrol under brug. Denne funktion eliminerer g\u00e6tteri, hj\u00e6lper dig med at overv\u00e5ge enhedens status for en problemfri oplevelse.<\/p>\n<h4 data-start=\"1305\" data-end=\"1337\">2. Optimeret 1,0\u03a9 Mesh Coil<\/h4>\n<p data-start=\"1338\" data-end=\"1634\">Den <strong data-start=\"1342\" data-end=\"1360\">1,0\u03a9 mesh coil<\/strong> anvendt i Bang Leader vape forbedrer dampproduktionen og sikrer glatte, smagfulde tr\u00e6k fra start til slut. Mesh-coil designet tilbyder bedre opvarmningseffektivitet, hvilket giver ensartet og j\u00e6vn damp gennem hele brugen af enheden, hvilket forbedrer den samlede vapingoplevelse.<\/p>\n<h4 data-start=\"1636\" data-end=\"1672\">3. Dobbelt smagsbytningssystem<\/h4>\n<p data-start=\"1673\" data-end=\"1877\">En fremtr\u00e6dende funktion ved denne vape er dens <strong data-start=\"1712\" data-end=\"1744\">dobbelt smagsbytningssystem<\/strong>, som giver brugerne mulighed for \u00f8jeblikkeligt at skifte mellem to forskellige smagsprofiler. Nogle af de mest popul\u00e6re smagskombinationer inkluderer:<\/p>\n<ul data-start=\"1878\" data-end=\"2042\">\n<li data-start=\"1878\" data-end=\"1928\">\n<p data-start=\"1880\" data-end=\"1928\"><strong data-start=\"1880\" data-end=\"1928\">Bl\u00e5b\u00e6r Hindb\u00e6r<\/strong><\/p>\n<\/li>\n<li data-start=\"1929\" data-end=\"1969\">\n<p data-start=\"1931\" data-end=\"1969\"><strong data-start=\"1931\" data-end=\"1969\">Red Bull<\/strong><\/p>\n<\/li>\n<li data-start=\"1970\" data-end=\"2003\">\n<p data-start=\"1972\" data-end=\"2003\"><strong data-start=\"1972\" data-end=\"2003\">Cola Ice<\/strong><\/p>\n<\/li>\n<li data-start=\"2004\" data-end=\"2042\">\n<p data-start=\"2006\" data-end=\"2042\"><strong data-start=\"2006\" data-end=\"2042\">Blueberry Ice<\/strong><\/p>\n<\/li>\n<\/ul>\n<p data-start=\"2044\" data-end=\"2199\">Dette dobbelt-smagsystem giver alsidighed, hvilket g\u00f8r det muligt for brugerne at nyde en r\u00e6kke forskellige smage i \u00e9n enhed, hvilket holder vapingoplevelsen sp\u00e6ndende og frisk.<\/p>\n<h4 data-start=\"2201\" data-end=\"2236\">4. Kompakt og b\u00e6rbart design<\/h4>\n<p data-start=\"2237\" data-end=\"2544\">Den <strong data-start=\"2241\" data-end=\"2267\">Bang Leader 45000 Puff<\/strong> er designet til at v\u00e6re kompakt og lommervenligt, hvilket sikrer bekvemmelighed til brug p\u00e5 farten. Det ergonomiske design g\u00f8r det let for brugerne at b\u00e6re den uden besv\u00e6r, uanset om det er til daglig brug eller under rejser. Det er en praktisk l\u00f8sning for dem, der s\u00f8ger en h\u00f8jtydende, b\u00e6rbar vaping-enhed.<\/p>\n<h4 data-start=\"2546\" data-end=\"2585\">5. St\u00e6rk markeds eftersp\u00f8rgsel i Europa<\/h4>\n<p data-start=\"2586\" data-end=\"2963\">Som en premium engangs vape er <strong data-start=\"2620\" data-end=\"2646\">Bang Leader 45000 Puff<\/strong> positional for at im\u00f8dekomme den stigende eftersp\u00f8rgsel p\u00e5 det europ\u00e6iske marked. Dens ydeevne og funktioner g\u00f8r den til et fremragende valg b\u00e5de til personlig brug og engrosdistribution. For vape-butikker og forhandlere tilbyder den st\u00e6rk eftersp\u00f8rgselspotentiale, <strong data-start=\"2884\" data-end=\"2907\">konkurrencedygtige marginer<\/strong>, og en enhed designet til at tiltr\u00e6kke <strong data-start=\"2942\" data-end=\"2962\">gentagne kunder<\/strong>.<\/p>\n<h4 data-start=\"2965\" data-end=\"2998\">6. Nikotinstyrke muligheder<\/h4>\n<p data-start=\"2999\" data-end=\"3233\">Enheden er tilg\u00e6ngelig i tre nikotinstyrke muligheder: <strong data-start=\"3059\" data-end=\"3077\">0%, 2%, og 5%<\/strong>, der im\u00f8dekommer en bred vifte af brugere. Uanset om du foretr\u00e6kker en nikotinfri oplevelse eller et st\u00e6rkere skud, har Bang Leader 45000 Puff noget for enhver.<\/p>\n<p data-start=\"666\" data-end=\"1235\"><strong style=\"font-size: 16px;\"><span style=\"color: #ff0000;\">Tilf\u00f8j Amy's WhatsApp for at f\u00e5 et direkte svar og en god pris!<\/span><\/strong><\/p>\n<p><img fetchpriority=\"high\" decoding=\"async\" class=\"size-full wp-image-2932\" src=\"https:\/\/vapestornado.com\/wp-content\/uploads\/2024\/12\/Vape-Wholesale.jpg\" alt=\"Vape Engros\" width=\"229\" height=\"300\" \/><\/p>\n<h3><a href=\"https:\/\/wa.me\/8617776015835\" target=\"_blank\" rel=\"noopener\"><span style=\"color: #ff0000;\"><strong>WhatsApp: +86 17776015835<\/strong><\/span><\/a><\/h3>\n<p>&nbsp;<\/p>\n<h2><strong>Bang Leader 45000 Vigtigste produktfunktioner<\/strong><\/h2>\n<p>M\u00e6rke: BANG LEADER<br \/>\nPUFFS: 45000<br \/>\nBatteri: 650mah genopladeligt<br \/>\nModstand: 1,0ohm<br \/>\n2 i 1 dobbelt smag<br \/>\nDigitalt display til olie og batteri<br \/>\nNikotin 0% 2% 5%<\/p>\n<h2 class=\"product-title\"><strong>Bang Leader 45k Engangs E Cig Smagsoversigt<\/strong><\/h2>\n<article class=\"w-full text-token-text-primary focus-visible:outline-2 focus-visible:outline-offset-[-4px]\" dir=\"auto\" data-testid=\"conversation-turn-32\" data-scroll-anchor=\"false\">\n<div class=\"m-auto text-base py-[18px] px-6\">\n<div class=\"mx-auto flex flex-1 text-base gap-4 md:gap-5 lg:gap-6 md:max-w-3xl lg:max-w-[40rem] xl:max-w-[48rem]\">\n<div class=\"group\/conversation-turn relative flex w-full min-w-0 flex-col @xs\/thread:px-0 @sm\/thread:px-1.5 @md\/thread:px-4\">\n<div class=\"flex-col gap-1 md:gap-3\">\n<div class=\"flex max-w-full flex-col flex-grow\">\n<div class=\"min-h-8 text-message flex w-full flex-col items-end gap-2 whitespace-normal break-words text-start [.text-message+&amp;]:mt-5\" dir=\"auto\" data-message-author-role=\"user\" data-message-id=\"ffac41ca-1db4-431b-873a-32c4052956f1\">\n<div class=\"flex w-full flex-col gap-1 empty:hidden items-end rtl:items-start\">\n<div class=\"relative max-w-[var(--user-chat-width,70%)] rounded-3xl bg-token-message-surface px-5 py-2.5\">\n<div class=\"absolute bottom-0 right-full top-0 -mr-3.5 hidden pr-5 pt-2 [.group\/conversation-turn:hover_&amp;]:flex\">\n<div class=\"flex\">\n<article class=\"w-full text-token-text-primary focus-visible:outline-2 focus-visible:outline-offset-[-4px]\" dir=\"auto\" data-testid=\"conversation-turn-39\" data-scroll-anchor=\"true\">\n<div class=\"m-auto text-base py-[18px] px-6\">\n<div class=\"mx-auto flex flex-1 text-base gap-4 md:gap-5 lg:gap-6 md:max-w-3xl lg:max-w-[40rem] xl:max-w-[48rem]\">\n<div class=\"group\/conversation-turn relative flex w-full min-w-0 flex-col agent-turn @xs\/thread:px-0 @sm\/thread:px-1.5 @md\/thread:px-4\">\n<div class=\"flex-col gap-1 md:gap-3\">\n<div class=\"flex max-w-full flex-col flex-grow\">\n<div class=\"min-h-8 text-message flex w-full flex-col items-end gap-2 whitespace-normal break-words text-start [.text-message+&amp;]:mt-5\" dir=\"auto\" data-message-author-role=\"assistant\" data-message-id=\"55a23854-ec57-48dd-bd4f-6118f43d6241\" data-message-model-slug=\"gpt-4o\">\n<div class=\"flex w-full flex-col gap-1 empty:hidden first:pt-[3px]\">\n<div class=\"markdown prose w-full break-words dark:prose-invert light\">\n<p>1.Watermelon Ice<br \/>\n2.Strawberry and Watermelon<br \/>\n3.Strawberry and watermelon<br \/>\n4.Blueberry Raspberry<br \/>\n5.Blueberry Watermelon<br \/>\n6.Blueberry Ice<br \/>\n7. Bl\u00e5b\u00e6r Is<br \/>\n8. Red Bull<br \/>\n9. Red Bull<br \/>\n10. Jordb\u00e6r Kiwi<br \/>\n11. Cola Is<br \/>\n12. Ananas Is<\/p>\n<figure id=\"attachment_4097\" aria-describedby=\"caption-attachment-4097\" style=\"width: 300px\" class=\"wp-caption alignnone\"><img decoding=\"async\" class=\"size-medium wp-image-4097\" src=\"https:\/\/vapestornado.com\/wp-content\/uploads\/2025\/04\/Bang-45000-Puff-Buy-Vape-Mods-Online-300x300.webp\" alt=\"Bang 45000 Pust K\u00f8b Vape Mods Online\" width=\"300\" height=\"300\" srcset=\"https:\/\/vapestornado.com\/wp-content\/uploads\/2025\/04\/Bang-45000-Puff-Buy-Vape-Mods-Online-300x300.webp 300w, https:\/\/vapestornado.com\/wp-content\/uploads\/2025\/04\/Bang-45000-Puff-Buy-Vape-Mods-Online-150x150.webp 150w, https:\/\/vapestornado.com\/wp-content\/uploads\/2025\/04\/Bang-45000-Puff-Buy-Vape-Mods-Online-768x768.webp 768w, https:\/\/vapestornado.com\/wp-content\/uploads\/2025\/04\/Bang-45000-Puff-Buy-Vape-Mods-Online-600x600.webp 600w, https:\/\/vapestornado.com\/wp-content\/uploads\/2025\/04\/Bang-45000-Puff-Buy-Vape-Mods-Online-100x100.webp 100w, https:\/\/vapestornado.com\/wp-content\/uploads\/2025\/04\/Bang-45000-Puff-Buy-Vape-Mods-Online.webp 800w\" sizes=\"(max-width: 300px) 100vw, 300px\" \/><figcaption id=\"caption-attachment-4097\" class=\"wp-caption-text\">Bang 45000 Pust K\u00f8b Vape Mods Online<\/figcaption><\/figure>\n<\/div>\n<\/div>\n<\/div>\n<\/div>\n<\/div>\n<\/div>\n<\/div>\n<\/div>\n<\/article>\n<\/div>\n<\/div>\n<\/div>\n<\/div>\n<\/div>\n<\/div>\n<\/div>\n<\/div>\n<\/div>\n<\/div>\n<\/article>\n<h2>Hvorfor er Vapestornado det bedste sted at k\u00f8be e-cigaretter?<\/h2>\n<div class=\"flex-shrink-0 flex flex-col relative items-end\">\n<div class=\"pt-0\">\n<div class=\"gizmo-bot-avatar flex h-8 w-8 items-center justify-center overflow-hidden rounded-full\">\n<div class=\"relative p-1 rounded-sm flex items-center justify-center bg-token-main-surface-primary text-token-text-primary h-8 w-8\">\n<p>At\u00a0<strong>VapeTornado<\/strong>, vi s\u00e6tter en \u00e6re i at levere\u00a0<strong>f\u00f8rsteklasses vaping-produkter til uovertrufne priser<\/strong>\u2014og Bang Leader 45000 Pust 45k er ingen undtagelse! Her er hvorfor du b\u00f8r k\u00f8be fra os:<\/p>\n<p class=\"\" data-start=\"49\" data-end=\"193\"><strong data-start=\"49\" data-end=\"81\">Uovertruffen Engros Priss\u00e6tning<\/strong> \u2013 Nyd de bedste bulk-tilbud p\u00e5 markedet, hvilket g\u00f8r os til den foretrukne leverand\u00f8r for vape-butikker og forhandlere i hele verden.<\/p>\n<p class=\"\" data-start=\"195\" data-end=\"340\"><strong data-start=\"195\" data-end=\"228\">Hurtig<\/strong> \u2013 Vi leverer dine ordrer hurtigt og sikkert, med p\u00e5lidelige verdensomsp\u00e6ndende forsendelsesmuligheder skr\u00e6ddersyet til dine behov.<\/p>\n<p class=\"\" data-start=\"342\" data-end=\"487\"><strong data-start=\"342\" data-end=\"367\">100% \u00c6gte Produkter<\/strong> \u2013 Sig farvel til forfalskninger! Vi garanterer kun originale Bang 45000 Pust K\u00f8b Vape med verificeret kvalitet og ydeevne.<\/p>\n<p class=\"\" data-start=\"489\" data-end=\"627\"><strong data-start=\"489\" data-end=\"516\">Ekspert Kundesupport<\/strong> \u2013 Har du sp\u00f8rgsm\u00e5l? Vores kyndige vape-team er her for dig n\u00e5r som helst og sikrer en problemfri service.<\/p>\n<p data-start=\"559\" data-end=\"933\" data-is-last-node=\"\" data-is-only-node=\"\">Vi har ogs\u00e5 nogle andre popul\u00e6re vapes med sk\u00e6rm som <a href=\"https:\/\/vapestornado.com\/da\/product\/wga-legend-ultra-30k-30000-puffs-rechargeable-vape-pod-twins-flavor\/\">WGA Krystal 30000 Puff<\/a>, <a href=\"https:\/\/vapestornado.com\/da\/product\/waspe-aiviou-3-in-1-60000-puffs-disposable-vape-kit-best-price\/\">WASPE 60000 3 i 1<\/a>, <a href=\"https:\/\/vapestornado.com\/da\/product\/uzy-crystal-50000-puff-twin-flavor-bulk-vapes-for-cheap\/\">UZY Krystal 50000<\/a>, og mere.<\/p>\n<\/div>\n<div class=\"relative p-1 rounded-sm flex items-center justify-center bg-token-main-surface-primary text-token-text-primary h-8 w-8\">\n<h2>Ofte stillede sp\u00f8rgsm\u00e5l om Bang Leader 45000 Pust, du m\u00e5ske b\u00f8r kende<\/h2>\n<p class=\"\" data-start=\"1408\" data-end=\"1608\"><strong data-start=\"1408\" data-end=\"1466\">1. Hvor l\u00e6nge holder Bang Leader 45000 Pust-vape?<\/strong><br data-start=\"1466\" data-end=\"1469\" \/>Denne enhed tilbyder op til <strong data-start=\"1494\" data-end=\"1509\">45000 pust<\/strong>, hvilket kan vare i ugevis afh\u00e6ngigt af din brug, hvilket g\u00f8r den ideel til langvarig vaping eller videresalg.<\/p>\n<p class=\"\" data-start=\"1610\" data-end=\"1771\"><strong data-start=\"1610\" data-end=\"1659\">2. Kan jeg genoplade Bang Leader 45000 vape?<\/strong><br data-start=\"1659\" data-end=\"1662\" \/>Ja! Den leveres med et indbygget <strong data-start=\"1692\" data-end=\"1723\">650mAh genopladelige batteri<\/strong> og en Type-C opladningsport til hurtige opladninger.<\/p>\n<p class=\"\" data-start=\"1773\" data-end=\"1986\"><strong data-start=\"1773\" data-end=\"1826\">3. Hvad er fordelen ved det dobbelte smagssystem?<\/strong><br data-start=\"1826\" data-end=\"1829\" \/>Den <strong data-start=\"1833\" data-end=\"1857\">2 i 1 dobbelt smag<\/strong> ops\u00e6tning giver dig mere variation i \u00e9n enhed. Du kan nyde \u00e9n smag, skifte til den anden eller blande for en unik smagsoplevelse.<\/p>\n<p class=\"\" data-start=\"1988\" data-end=\"2168\"><strong data-start=\"1988\" data-end=\"2047\">4. Er der en m\u00e5de at kontrollere batteri- og e-v\u00e6skeniveauer?<\/strong><br data-start=\"2047\" data-end=\"2050\" \/>Absolut! Den <strong data-start=\"2066\" data-end=\"2091\">smart digitalt display<\/strong> viser b\u00e5de batterilevetid og resterende e-v\u00e6ske, s\u00e5 du altid har kontrol.<\/p>\n<p class=\"\" data-start=\"2170\" data-end=\"2384\"><strong data-start=\"2170\" data-end=\"2225\">5. Hvad er nogle af de mest popul\u00e6re smagskombinationer?<\/strong><br data-start=\"2225\" data-end=\"2228\" \/>Popul\u00e6re valg inkluderer <strong data-start=\"2246\" data-end=\"2277\">Jordb\u00e6r Kiwi<\/strong>, <strong data-start=\"2279\" data-end=\"2316\">Bl\u00e5b\u00e6r Is<\/strong>, og <strong data-start=\"2322\" data-end=\"2354\">Ananas Is<\/strong> \u2013 fanfavoritter af en grund!<\/p>\n<\/div>\n<\/div>\n<\/div>\n<\/div>","protected":false},"excerpt":{"rendered":"<p class=\"LC20lb MBeuO DKV0Md\">Bang Leader 45000 Billige E-cigaretter R\u00f8gbutik Engros Polen<br \/>\nBang 45000 Pust 45k 2 i 1 Dobbelt Smag Vape Box Engrospris<br \/>\nBang Leader Pust 45k Billige E-cigaretter K\u00f8b i l\u00f8s v\u00e6gt<\/p>\n<p><strong>Tilf\u00f8j Amys whatsapp for at f\u00e5 korrekt svar og rabatpris!<\/strong><\/p>\n<p><img fetchpriority=\"high\" decoding=\"async\" class=\"size-full wp-image-2932\" src=\"https:\/\/vapestornado.com\/wp-content\/uploads\/2024\/12\/Vape-Wholesale.jpg\" alt=\"Vape Engros\" width=\"229\" height=\"300\" \/><\/p>\n<h3><a href=\"https:\/\/wa.me\/8617776015835\"><span style=\"color: #ff0000;\"><strong>WhatsApp: +86 17776015835<\/strong><\/span><\/a><\/h3>\n<p>&nbsp;<\/p>","protected":false},"featured_media":4098,"comment_status":"open","ping_status":"closed","template":"","meta":{"_acf_changed":false,"_uag_custom_page_level_css":"","_lmt_disableupdate":"no","_lmt_disable":"","_monsterinsights_skip_tracking":false,"_monsterinsights_sitenote_active":false,"_monsterinsights_sitenote_note":"","_monsterinsights_sitenote_category":0,"site-sidebar-layout":"default","site-content-layout":"","ast-site-content-layout":"default","site-content-style":"default","site-sidebar-style":"default","ast-global-header-display":"","ast-banner-title-visibility":"","ast-main-header-display":"","ast-hfb-above-header-display":"","ast-hfb-below-header-display":"","ast-hfb-mobile-header-display":"","site-post-title":"","ast-breadcrumbs-content":"","ast-featured-img":"","footer-sml-layout":"","ast-disable-related-posts":"","theme-transparent-header-meta":"default","adv-header-id-meta":"","stick-header-meta":"","header-above-stick-meta":"","header-main-stick-meta":"","header-below-stick-meta":"","astra-migrate-meta-layouts":"set","ast-page-background-enabled":"default","ast-page-background-meta":{"desktop":{"background-color":"","background-image":"","background-repeat":"repeat","background-position":"center center","background-size":"auto","background-attachment":"scroll","background-type":"","background-media":"","overlay-type":"","overlay-color":"","overlay-opacity":"","overlay-gradient":""},"tablet":{"background-color":"","background-image":"","background-repeat":"repeat","background-position":"center center","background-size":"auto","background-attachment":"scroll","background-type":"","background-media":"","overlay-type":"","overlay-color":"","overlay-opacity":"","overlay-gradient":""},"mobile":{"background-color":"","background-image":"","background-repeat":"repeat","background-position":"center center","background-size":"auto","background-attachment":"scroll","background-type":"","background-media":"","overlay-type":"","overlay-color":"","overlay-opacity":"","overlay-gradient":""}},"ast-content-background-meta":{"desktop":{"background-color":"var(--ast-global-color-5)","background-image":"","background-repeat":"repeat","background-position":"center center","background-size":"auto","background-attachment":"scroll","background-type":"","background-media":"","overlay-type":"","overlay-color":"","overlay-opacity":"","overlay-gradient":""},"tablet":{"background-color":"var(--ast-global-color-5)","background-image":"","background-repeat":"repeat","background-position":"center center","background-size":"auto","background-attachment":"scroll","background-type":"","background-media":"","overlay-type":"","overlay-color":"","overlay-opacity":"","overlay-gradient":""},"mobile":{"background-color":"var(--ast-global-color-5)","background-image":"","background-repeat":"repeat","background-position":"center center","background-size":"auto","background-attachment":"scroll","background-type":"","background-media":"","overlay-type":"","overlay-color":"","overlay-opacity":"","overlay-gradient":""}},"_joinchat":{"telephone":"17776015835"}},"product_brand":[],"product_cat":[265,278,154,156,142],"product_tag":[329,327,328,105,198],"class_list":{"0":"post-4103","1":"product","2":"type-product","3":"status-publish","4":"has-post-thumbnail","6":"product_cat-45000-puff","7":"product_cat-bang-leader-vape","8":"product_cat-buy-disposable-vapes-in-netherlands","9":"product_cat-buy-disposable-vapes-in-poland","10":"product_cat-digital-box-disposable-vapes","11":"product_tag-bang-leader-45000","12":"product_tag-bang-leader-45k","13":"product_tag-cheap-e-cigs","14":"product_tag-digital-disposable-vape","15":"product_tag-double-flavor-disposable-vape","16":"desktop-align-left","17":"tablet-align-left","18":"mobile-align-left","20":"first","21":"instock","22":"sale","23":"shipping-taxable","24":"purchasable","25":"product-type-simple"},"acf":[],"uagb_featured_image_src":{"full":["https:\/\/vapestornado.com\/wp-content\/uploads\/2025\/04\/Bang-Leader-45k-45000-Puff-Vape-Box-Cheap-Price.webp",800,800,false],"thumbnail":["https:\/\/vapestornado.com\/wp-content\/uploads\/2025\/04\/Bang-Leader-45k-45000-Puff-Vape-Box-Cheap-Price-150x150.webp",150,150,true],"medium":["https:\/\/vapestornado.com\/wp-content\/uploads\/2025\/04\/Bang-Leader-45k-45000-Puff-Vape-Box-Cheap-Price-300x300.webp",300,300,true],"medium_large":["https:\/\/vapestornado.com\/wp-content\/uploads\/2025\/04\/Bang-Leader-45k-45000-Puff-Vape-Box-Cheap-Price-768x768.webp",768,768,true],"large":["https:\/\/vapestornado.com\/wp-content\/uploads\/2025\/04\/Bang-Leader-45k-45000-Puff-Vape-Box-Cheap-Price.webp",800,800,false],"1536x1536":["https:\/\/vapestornado.com\/wp-content\/uploads\/2025\/04\/Bang-Leader-45k-45000-Puff-Vape-Box-Cheap-Price.webp",800,800,false],"2048x2048":["https:\/\/vapestornado.com\/wp-content\/uploads\/2025\/04\/Bang-Leader-45k-45000-Puff-Vape-Box-Cheap-Price.webp",800,800,false],"trp-custom-language-flag":["https:\/\/vapestornado.com\/wp-content\/uploads\/2025\/04\/Bang-Leader-45k-45000-Puff-Vape-Box-Cheap-Price.webp",12,12,false],"woocommerce_thumbnail":["https:\/\/vapestornado.com\/wp-content\/uploads\/2025\/04\/Bang-Leader-45k-45000-Puff-Vape-Box-Cheap-Price-300x300.webp",300,300,true],"woocommerce_single":["https:\/\/vapestornado.com\/wp-content\/uploads\/2025\/04\/Bang-Leader-45k-45000-Puff-Vape-Box-Cheap-Price-600x600.webp",600,600,true],"woocommerce_gallery_thumbnail":["https:\/\/vapestornado.com\/wp-content\/uploads\/2025\/04\/Bang-Leader-45k-45000-Puff-Vape-Box-Cheap-Price-100x100.webp",100,100,true]},"uagb_author_info":{"display_name":"ESAMY","author_link":"https:\/\/vapestornado.com\/da\/author\/"},"uagb_comment_info":0,"uagb_excerpt":"Bang Leader 45000 Cheap E Cigs Smoke Shop Wholesale Poland Bang\u00a0 45000 Puff 45k 2 in 1 Double Flavor Vape Box Wholesale Price Bang Leader Puff 45k Cheap ECigs Buy In Bulk Add Amy's whatsapp to get right reply and discount price! WhatsApp: +86 17776015835 &nbsp;","_links":{"self":[{"href":"https:\/\/vapestornado.com\/da\/wp-json\/wp\/v2\/product\/4103","targetHints":{"allow":["GET"]}}],"collection":[{"href":"https:\/\/vapestornado.com\/da\/wp-json\/wp\/v2\/product"}],"about":[{"href":"https:\/\/vapestornado.com\/da\/wp-json\/wp\/v2\/types\/product"}],"replies":[{"embeddable":true,"href":"https:\/\/vapestornado.com\/da\/wp-json\/wp\/v2\/comments?post=4103"}],"wp:featuredmedia":[{"embeddable":true,"href":"https:\/\/vapestornado.com\/da\/wp-json\/wp\/v2\/media\/4098"}],"wp:attachment":[{"href":"https:\/\/vapestornado.com\/da\/wp-json\/wp\/v2\/media?parent=4103"}],"wp:term":[{"taxonomy":"product_brand","embeddable":true,"href":"https:\/\/vapestornado.com\/da\/wp-json\/wp\/v2\/product_brand?post=4103"},{"taxonomy":"product_cat","embeddable":true,"href":"https:\/\/vapestornado.com\/da\/wp-json\/wp\/v2\/product_cat?post=4103"},{"taxonomy":"product_tag","embeddable":true,"href":"https:\/\/vapestornado.com\/da\/wp-json\/wp\/v2\/product_tag?post=4103"}],"curies":[{"name":"wp","href":"https:\/\/api.w.org\/{rel}","templated":true}]}}