{"id":4089,"date":"2025-04-08T03:43:30","date_gmt":"2025-04-08T03:43:30","guid":{"rendered":"https:\/\/vapestornado.com\/?post_type=product&#038;p=4089"},"modified":"2025-08-23T12:34:43","modified_gmt":"2025-08-23T12:34:43","slug":"wga-legend-ultra-30k-30000-puffs-rechargeable-vape-pod-twins-flavor","status":"publish","type":"product","link":"https:\/\/vapestornado.com\/da\/product\/wga-legend-ultra-30k-30000-puffs-rechargeable-vape-pod-twins-flavor\/","title":{"rendered":"WGA Legend Ultra 30K 30000 Puffs Genopladelig Vape Pod Dobbelt Smag"},"content":{"rendered":"<h1 data-pm-slice=\"1 1 []\">WGA Legend Ultra 30K 30000 Puffs Genopladelig Vape Pod Dobbelt Smag<\/h1>\n<p class=\"\" data-start=\"402\" data-end=\"928\">Den <strong data-start=\"316\" data-end=\"374\">WGA Legend Ultra 30K 30000 Puffs Genopladelig Vape Pod<\/strong> omdefinerer alsidighed med sin <strong data-start=\"406\" data-end=\"429\">dobbelt smagssystem<\/strong>, der giver dig mulighed for at skifte mellem to <strong data-start=\"466\" data-end=\"491\">10 ml genopfyldelige tanke<\/strong> for en dynamisk vaping-oplevelse. Hvert sug er drevet af avanceret <strong data-start=\"558\" data-end=\"582\">mesh coil-teknologi<\/strong>, der leverer j\u00e6vn damp og intens smag konsekvent. Designet med en <strong data-start=\"657\" data-end=\"679\">elegant krystalkrop<\/strong>, den er holdbar, stilfuld og ideel til daglig rejse.<\/p>\n<p>Udstyret med en <strong data-start=\"761\" data-end=\"792\">650mAh genopladelige batteri<\/strong> og <strong data-start=\"797\" data-end=\"821\">Type-C hurtigopladning<\/strong>, sikrer Legend Ultra 30K minimal nedetid og p\u00e5lidelig brug hele dagen. Den <strong data-start=\"899\" data-end=\"924\">smart digitalt display<\/strong> holder dig opdateret om e-v\u00e6skeniveauer og batterilevetid, hvilket giver dig fuld kontrol over dine sessioner. Tilbyder op til <strong data-start=\"1039\" data-end=\"1055\">30.000 sug<\/strong>, flere nikotinstyrker og TPD-overholdelse i hele Europa, det er den perfekte balance mellem ydeevne, stil og engrosv\u00e6rdi.<\/p>\n<p data-start=\"666\" data-end=\"1235\"><strong style=\"font-size: 16px;\"><span style=\"color: #ff0000;\">Tilf\u00f8j Amy's WhatsApp for at f\u00e5 et direkte svar og en god pris!<\/span><\/strong><\/p>\n<p><img fetchpriority=\"high\" decoding=\"async\" class=\"size-full wp-image-2932\" src=\"https:\/\/vapestornado.com\/wp-content\/uploads\/2024\/12\/Vape-Wholesale.jpg\" alt=\"Vape Engros\" width=\"229\" height=\"300\" \/><\/p>\n<h3><a href=\"https:\/\/wa.me\/8617776015835\" target=\"_blank\" rel=\"noopener\"><span style=\"color: #ff0000;\"><strong>WhatsApp: +86 17776015835<\/strong><\/span><\/a><\/h3>\n<p>&nbsp;<\/p>\n<h2><strong>WGA Legend Ultra 30K Vigtigste produktfunktioner<\/strong><\/h2>\n<p>\u2022 Op til 30000 sug<br \/>\n\u2022 2 ml forudfyldt pod<br \/>\n\u2022 2 x 10 ml genopfyldelig e-juice<br \/>\n\u2022 650 mAh integreret batteri<br \/>\n\u2022 Mesh Coil<br \/>\n\u2022 Smart Sk\u00e6rm<br \/>\n\u2022 Dobbelt smagsvape<br \/>\n\u2022 Type-C-port<br \/>\n\u2022 TPD-kompatibel<\/p>\n<figure id=\"attachment_4069\" aria-describedby=\"caption-attachment-4069\" style=\"width: 800px\" class=\"wp-caption alignnone\"><img decoding=\"async\" class=\"wp-image-4069 size-full\" src=\"https:\/\/vapestornado.com\/wp-content\/uploads\/2025\/04\/WGA-Crystal-Legend-Ultra-30000-30k-Disposable-Vape.webp\" alt=\"WGA Crystal Legend Ultra 30000 30k engangsvape\" width=\"800\" height=\"800\" srcset=\"https:\/\/vapestornado.com\/wp-content\/uploads\/2025\/04\/WGA-Crystal-Legend-Ultra-30000-30k-Disposable-Vape.webp 800w, https:\/\/vapestornado.com\/wp-content\/uploads\/2025\/04\/WGA-Crystal-Legend-Ultra-30000-30k-Disposable-Vape-300x300.webp 300w, https:\/\/vapestornado.com\/wp-content\/uploads\/2025\/04\/WGA-Crystal-Legend-Ultra-30000-30k-Disposable-Vape-150x150.webp 150w, https:\/\/vapestornado.com\/wp-content\/uploads\/2025\/04\/WGA-Crystal-Legend-Ultra-30000-30k-Disposable-Vape-768x768.webp 768w, https:\/\/vapestornado.com\/wp-content\/uploads\/2025\/04\/WGA-Crystal-Legend-Ultra-30000-30k-Disposable-Vape-600x600.webp 600w, https:\/\/vapestornado.com\/wp-content\/uploads\/2025\/04\/WGA-Crystal-Legend-Ultra-30000-30k-Disposable-Vape-100x100.webp 100w\" sizes=\"(max-width: 800px) 100vw, 800px\" \/><figcaption id=\"caption-attachment-4069\" class=\"wp-caption-text\">WGA Crystal Legend Ultra 30000 30k engangsvape<\/figcaption><\/figure>\n<h2 class=\"product-title\"><strong>WGA Legend Ultra 30K Engangssmage Anmeldelse<\/strong><\/h2>\n<article class=\"w-full text-token-text-primary focus-visible:outline-2 focus-visible:outline-offset-[-4px]\" dir=\"auto\" data-testid=\"conversation-turn-32\" data-scroll-anchor=\"false\">\n<div class=\"m-auto text-base py-[18px] px-6\">\n<div class=\"mx-auto flex flex-1 text-base gap-4 md:gap-5 lg:gap-6 md:max-w-3xl lg:max-w-[40rem] xl:max-w-[48rem]\">\n<div class=\"group\/conversation-turn relative flex w-full min-w-0 flex-col @xs\/thread:px-0 @sm\/thread:px-1.5 @md\/thread:px-4\">\n<div class=\"flex-col gap-1 md:gap-3\">\n<div class=\"flex max-w-full flex-col flex-grow\">\n<div class=\"min-h-8 text-message flex w-full flex-col items-end gap-2 whitespace-normal break-words text-start [.text-message+&amp;]:mt-5\" dir=\"auto\" data-message-author-role=\"user\" data-message-id=\"ffac41ca-1db4-431b-873a-32c4052956f1\">\n<div class=\"flex w-full flex-col gap-1 empty:hidden items-end rtl:items-start\">\n<div class=\"relative max-w-[var(--user-chat-width,70%)] rounded-3xl bg-token-message-surface px-5 py-2.5\">\n<div class=\"absolute bottom-0 right-full top-0 -mr-3.5 hidden pr-5 pt-2 [.group\/conversation-turn:hover_&amp;]:flex\">\n<div class=\"flex\">\n<article class=\"w-full text-token-text-primary focus-visible:outline-2 focus-visible:outline-offset-[-4px]\" dir=\"auto\" data-testid=\"conversation-turn-39\" data-scroll-anchor=\"true\">\n<div class=\"m-auto text-base py-[18px] px-6\">\n<div class=\"mx-auto flex flex-1 text-base gap-4 md:gap-5 lg:gap-6 md:max-w-3xl lg:max-w-[40rem] xl:max-w-[48rem]\">\n<div class=\"group\/conversation-turn relative flex w-full min-w-0 flex-col agent-turn @xs\/thread:px-0 @sm\/thread:px-1.5 @md\/thread:px-4\">\n<div class=\"flex-col gap-1 md:gap-3\">\n<div class=\"flex max-w-full flex-col flex-grow\">\n<div class=\"min-h-8 text-message flex w-full flex-col items-end gap-2 whitespace-normal break-words text-start [.text-message+&amp;]:mt-5\" dir=\"auto\" data-message-author-role=\"assistant\" data-message-id=\"55a23854-ec57-48dd-bd4f-6118f43d6241\" data-message-model-slug=\"gpt-4o\">\n<div class=\"flex w-full flex-col gap-1 empty:hidden first:pt-[3px]\">\n<div class=\"markdown prose w-full break-words dark:prose-invert light\">\n<ol data-start=\"21\" data-end=\"608\">\n<li class=\"\" data-start=\"21\" data-end=\"56\">\n<p class=\"\" data-start=\"24\" data-end=\"56\">Blueberry Ice \u2013 Strawberry Ice<\/p>\n<\/li>\n<li class=\"\" data-start=\"57\" data-end=\"121\">\n<p class=\"\" data-start=\"60\" data-end=\"121\">Blueberry Raspberry Cherry \u2013 Blueberry Strawberry Cranberry<\/p>\n<\/li>\n<li class=\"\" data-start=\"122\" data-end=\"164\">\n<p class=\"\" data-start=\"125\" data-end=\"164\">Blue Razz Cherry \u2013 Blue Razz Lemonade<\/p>\n<\/li>\n<li class=\"\" data-start=\"165\" data-end=\"193\">\n<p class=\"\" data-start=\"168\" data-end=\"193\">Blue Slush \u2013 Pink Slush<\/p>\n<\/li>\n<li class=\"\" data-start=\"194\" data-end=\"230\">\n<p class=\"\" data-start=\"197\" data-end=\"230\">Fizzy Cherry \u2013 Cherry Raspberry<\/p>\n<\/li>\n<li class=\"\" data-start=\"231\" data-end=\"265\">\n<p class=\"\" data-start=\"234\" data-end=\"265\">Glacier Mint \u2013 Triple Menthol<\/p>\n<\/li>\n<li class=\"\" data-start=\"266\" data-end=\"291\">\n<p class=\"\" data-start=\"269\" data-end=\"291\">Gummy Bear \u2013 Regnbue<\/p>\n<\/li>\n<li class=\"\" data-start=\"292\" data-end=\"333\">\n<p class=\"\" data-start=\"295\" data-end=\"333\">Saftig Fersken \u2013 Mango Fersken Vandmelon<\/p>\n<\/li>\n<li class=\"\" data-start=\"334\" data-end=\"363\">\n<p class=\"\" data-start=\"337\" data-end=\"363\">Citron Lime \u2013 Citron Slush<\/p>\n<\/li>\n<li class=\"\" data-start=\"364\" data-end=\"399\">\n<p class=\"\" data-start=\"368\" data-end=\"399\">Mr Blue \u2013 Bl\u00e5 Syrlig Hindb\u00e6r<\/p>\n<\/li>\n<li class=\"\" data-start=\"400\" data-end=\"442\">\n<p class=\"\" data-start=\"404\" data-end=\"442\">Fersken Guava Jordb\u00e6r \u2013 Saftig Fersken<\/p>\n<\/li>\n<li class=\"\" data-start=\"443\" data-end=\"476\">\n<p class=\"\" data-start=\"447\" data-end=\"476\">Ananas Is \u2013 Saftig Mango<\/p>\n<\/li>\n<li class=\"\" data-start=\"477\" data-end=\"514\">\n<p class=\"\" data-start=\"481\" data-end=\"514\">Sakura Drue \u2013 Drue Gummy Bear<\/p>\n<\/li>\n<li class=\"\" data-start=\"515\" data-end=\"572\">\n<p class=\"\" data-start=\"519\" data-end=\"572\">Jordb\u00e6r Hindb\u00e6r Is \u2013 Jordb\u00e6r Regnbue Skittle<\/p>\n<\/li>\n<li class=\"\" data-start=\"573\" data-end=\"608\">\n<p class=\"\" data-start=\"577\" data-end=\"608\">Vandmelon Is \u2013 Dobbelt \u00c6ble<\/p>\n<\/li>\n<\/ol>\n<\/div>\n<\/div>\n<\/div>\n<\/div>\n<\/div>\n<\/div>\n<\/div>\n<\/div>\n<\/article>\n<\/div>\n<\/div>\n<\/div>\n<\/div>\n<\/div>\n<\/div>\n<\/div>\n<\/div>\n<\/div>\n<\/div>\n<\/article>\n<h2>Hvorfor v\u00e6lge Vapestornado til WGA Crystal 30K Pust Bulk K\u00f8b?<\/h2>\n<div class=\"flex-shrink-0 flex flex-col relative items-end\">\n<div class=\"pt-0\">\n<div class=\"gizmo-bot-avatar flex h-8 w-8 items-center justify-center overflow-hidden rounded-full\">\n<div class=\"relative p-1 rounded-sm flex items-center justify-center bg-token-main-surface-primary text-token-text-primary h-8 w-8\">\n<p>At\u00a0<strong>VapeTornado<\/strong>, vi s\u00e6tter en \u00e6re i at levere\u00a0<strong>f\u00f8rsteklasses vaping-produkter til uovertrufne priser<\/strong>\u2014og Elf Box Crystal Bar 600 er ingen undtagelse! Her er hvorfor du b\u00f8r k\u00f8be fra os:<\/p>\n<p class=\"\" data-start=\"49\" data-end=\"193\"><strong data-start=\"49\" data-end=\"81\">Uovertruffen Engros Priss\u00e6tning<\/strong> \u2013 Nyd de bedste bulk-tilbud p\u00e5 markedet, hvilket g\u00f8r os til den foretrukne leverand\u00f8r for vape-butikker og forhandlere i hele verden.<\/p>\n<p class=\"\" data-start=\"195\" data-end=\"340\"><strong data-start=\"195\" data-end=\"228\">Hurtig<\/strong> \u2013 Vi leverer dine ordrer hurtigt og sikkert, med p\u00e5lidelige verdensomsp\u00e6ndende forsendelsesmuligheder skr\u00e6ddersyet til dine behov.<\/p>\n<p class=\"\" data-start=\"342\" data-end=\"487\"><strong data-start=\"342\" data-end=\"367\">100% \u00c6gte Produkter<\/strong> \u2013 Sig farvel til forfalskninger! Vi garanterer kun originale WASPE Triple engangs vapes med verificeret kvalitet og ydeevne.<\/p>\n<p class=\"\" data-start=\"489\" data-end=\"627\"><strong data-start=\"489\" data-end=\"516\">Ekspert Kundesupport<\/strong> \u2013 Har du sp\u00f8rgsm\u00e5l? Vores kyndige vape-team er her for dig n\u00e5r som helst og sikrer en problemfri service.<\/p>\n<p data-start=\"559\" data-end=\"933\" data-is-last-node=\"\" data-is-only-node=\"\">Vi har ogs\u00e5 nogle andre popul\u00e6re vapes med sk\u00e6rm som <a href=\"https:\/\/vapestornado.com\/da\/product\/bang-king-vape-36000-puff-dual-vaping-mode-disposables-pod-best-price\/\">BANG KING 36000 Shisha<\/a>, <a href=\"https:\/\/vapestornado.com\/da\/product\/waspe-aiviou-3-in-1-60000-puffs-disposable-vape-kit-best-price\/\">WASPE 60000 3 i 1<\/a>, <a href=\"https:\/\/vapestornado.com\/da\/product\/alfakh-crown-bar-20000-puffs-disposable-shisha-hookah-wholesale-vape-pen\/\">ALFAKH 20000<\/a>, og mere.<\/p>\n<\/div>\n<div class=\"relative p-1 rounded-sm flex items-center justify-center bg-token-main-surface-primary text-token-text-primary h-8 w-8\">\n<h2>FAQ'er for WGA Legend Ultra 30000<\/h2>\n<p class=\"\" data-start=\"1444\" data-end=\"1657\"><strong data-start=\"1444\" data-end=\"1503\">1. Hvordan skifter jeg smag p\u00e5 WGA Legend Ultra 30K?<\/strong><br data-start=\"1503\" data-end=\"1506\" \/>Enheden har et dobbelt-tank design. Du skal blot skifte v\u00e6lgeren eller inhalere fra den udpegede side for at skifte mellem de to forudfyldte 10 ml smagsvarianter.<\/p>\n<p class=\"\" data-start=\"1659\" data-end=\"1864\"><strong data-start=\"1659\" data-end=\"1719\">2. Er WGA Legend Ultra 30K genopfyldelig eller engangs?<\/strong><br data-start=\"1719\" data-end=\"1722\" \/>Denne enhed inkluderer <strong data-start=\"1743\" data-end=\"1775\">2 genopfyldelige 10 ml beholdere<\/strong>, s\u00e5 du nemt kan fylde dine foretrukne e-v\u00e6ske smagsvarianter op, n\u00e5r den f\u00f8rste fyldning l\u00f8ber t\u00f8r.<\/p>\n<p class=\"\" data-start=\"1866\" data-end=\"2058\"><strong data-start=\"1866\" data-end=\"1906\">3. Hvad viser Smart Display?<\/strong><br data-start=\"1906\" data-end=\"1909\" \/>Den <strong data-start=\"1913\" data-end=\"1930\">Smart Sk\u00e6rm<\/strong> giver realtidsopdateringer om b\u00e5de batteriniveau og e-v\u00e6skestatus, hvilket g\u00f8r det nemt at vide, hvorn\u00e5r det er tid til at genoplade eller genopfylde.<\/p>\n<p class=\"\" data-start=\"2060\" data-end=\"2231\"><strong data-start=\"2060\" data-end=\"2109\">4. Er WGA Legend Ultra 30K TPD-kompatibel?<\/strong><br data-start=\"2109\" data-end=\"2112\" \/>Ja, det er den <strong data-start=\"2122\" data-end=\"2139\">TPD-kompatibel<\/strong>, hvilket betyder, at den overholder strenge danske og EU sikkerheds- og kvalitetsbestemmelser for vapingprodukter.<\/p>\n<p class=\"\" data-start=\"2233\" data-end=\"2446\"><strong data-start=\"2233\" data-end=\"2295\">5. Hvor l\u00e6nge holder 650mAh batteriet p\u00e5 en fuld opladning?<\/strong><br data-start=\"2295\" data-end=\"2298\" \/>Takket v\u00e6re effektiv mesh coil teknologi kan batteriet komfortabelt holde til lange vaping sessioner og underst\u00f8tter hurtig <strong data-start=\"2424\" data-end=\"2434\">Type-C<\/strong> genopladning.<\/p>\n<\/div>\n<\/div>\n<\/div>\n<\/div>","protected":false},"excerpt":{"rendered":"<p class=\"LC20lb MBeuO DKV0Md\">WGA Legend Ultra 30K Bedste online Vape butik i Storbritannien<br \/>\nWGA crystal 30000 puffs 30k vape Engros rabatpris<br \/>\nWGA Legend Ultra Engangs Crystal Vape 30K 30000 Pust<\/p>\n<p><strong>Tilf\u00f8j Amys whatsapp for at f\u00e5 korrekt svar og rabatpris!<\/strong><\/p>\n<p><img fetchpriority=\"high\" decoding=\"async\" class=\"size-full wp-image-2932\" src=\"https:\/\/vapestornado.com\/wp-content\/uploads\/2024\/12\/Vape-Wholesale.jpg\" alt=\"Vape Engros\" width=\"229\" height=\"300\" \/><\/p>\n<h3><a href=\"https:\/\/wa.me\/8617776015835\"><span style=\"color: #ff0000;\"><strong>WhatsApp: +86 17776015835<\/strong><\/span><\/a><\/h3>\n<p>&nbsp;<\/p>","protected":false},"featured_media":4073,"comment_status":"open","ping_status":"closed","template":"","meta":{"_acf_changed":false,"_uag_custom_page_level_css":"","_lmt_disableupdate":"no","_lmt_disable":"","_monsterinsights_skip_tracking":false,"_monsterinsights_sitenote_active":false,"_monsterinsights_sitenote_note":"","_monsterinsights_sitenote_category":0,"site-sidebar-layout":"default","site-content-layout":"","ast-site-content-layout":"default","site-content-style":"default","site-sidebar-style":"default","ast-global-header-display":"","ast-banner-title-visibility":"","ast-main-header-display":"","ast-hfb-above-header-display":"","ast-hfb-below-header-display":"","ast-hfb-mobile-header-display":"","site-post-title":"","ast-breadcrumbs-content":"","ast-featured-img":"","footer-sml-layout":"","ast-disable-related-posts":"","theme-transparent-header-meta":"default","adv-header-id-meta":"","stick-header-meta":"","header-above-stick-meta":"","header-main-stick-meta":"","header-below-stick-meta":"","astra-migrate-meta-layouts":"set","ast-page-background-enabled":"default","ast-page-background-meta":{"desktop":{"background-color":"","background-image":"","background-repeat":"repeat","background-position":"center center","background-size":"auto","background-attachment":"scroll","background-type":"","background-media":"","overlay-type":"","overlay-color":"","overlay-opacity":"","overlay-gradient":""},"tablet":{"background-color":"","background-image":"","background-repeat":"repeat","background-position":"center center","background-size":"auto","background-attachment":"scroll","background-type":"","background-media":"","overlay-type":"","overlay-color":"","overlay-opacity":"","overlay-gradient":""},"mobile":{"background-color":"","background-image":"","background-repeat":"repeat","background-position":"center center","background-size":"auto","background-attachment":"scroll","background-type":"","background-media":"","overlay-type":"","overlay-color":"","overlay-opacity":"","overlay-gradient":""}},"ast-content-background-meta":{"desktop":{"background-color":"var(--ast-global-color-5)","background-image":"","background-repeat":"repeat","background-position":"center center","background-size":"auto","background-attachment":"scroll","background-type":"","background-media":"","overlay-type":"","overlay-color":"","overlay-opacity":"","overlay-gradient":""},"tablet":{"background-color":"var(--ast-global-color-5)","background-image":"","background-repeat":"repeat","background-position":"center center","background-size":"auto","background-attachment":"scroll","background-type":"","background-media":"","overlay-type":"","overlay-color":"","overlay-opacity":"","overlay-gradient":""},"mobile":{"background-color":"var(--ast-global-color-5)","background-image":"","background-repeat":"repeat","background-position":"center center","background-size":"auto","background-attachment":"scroll","background-type":"","background-media":"","overlay-type":"","overlay-color":"","overlay-opacity":"","overlay-gradient":""}},"_joinchat":{"telephone":"17776015835"}},"product_brand":[],"product_cat":[67,150,152,141,142],"product_tag":[105,324,323],"class_list":{"0":"post-4089","1":"product","2":"type-product","3":"status-publish","4":"has-post-thumbnail","6":"product_cat-30000-puff","7":"product_cat-buy-disposable-vapes-in-belgium","8":"product_cat-buy-disposable-vapes-in-cermany","9":"product_cat-crystal-disposable-vapes","10":"product_cat-digital-box-disposable-vapes","11":"product_tag-digital-disposable-vape","12":"product_tag-wga-crystal-30k","13":"product_tag-wga-legend-ultra-30k","14":"desktop-align-left","15":"tablet-align-left","16":"mobile-align-left","18":"first","19":"instock","20":"sale","21":"shipping-taxable","22":"purchasable","23":"product-type-simple"},"acf":[],"uagb_featured_image_src":{"full":["https:\/\/vapestornado.com\/wp-content\/uploads\/2025\/04\/Wga-Legend-Ultra-30000-Puffs.webp",800,800,false],"thumbnail":["https:\/\/vapestornado.com\/wp-content\/uploads\/2025\/04\/Wga-Legend-Ultra-30000-Puffs-150x150.webp",150,150,true],"medium":["https:\/\/vapestornado.com\/wp-content\/uploads\/2025\/04\/Wga-Legend-Ultra-30000-Puffs-300x300.webp",300,300,true],"medium_large":["https:\/\/vapestornado.com\/wp-content\/uploads\/2025\/04\/Wga-Legend-Ultra-30000-Puffs-768x768.webp",768,768,true],"large":["https:\/\/vapestornado.com\/wp-content\/uploads\/2025\/04\/Wga-Legend-Ultra-30000-Puffs.webp",800,800,false],"1536x1536":["https:\/\/vapestornado.com\/wp-content\/uploads\/2025\/04\/Wga-Legend-Ultra-30000-Puffs.webp",800,800,false],"2048x2048":["https:\/\/vapestornado.com\/wp-content\/uploads\/2025\/04\/Wga-Legend-Ultra-30000-Puffs.webp",800,800,false],"trp-custom-language-flag":["https:\/\/vapestornado.com\/wp-content\/uploads\/2025\/04\/Wga-Legend-Ultra-30000-Puffs.webp",12,12,false],"woocommerce_thumbnail":["https:\/\/vapestornado.com\/wp-content\/uploads\/2025\/04\/Wga-Legend-Ultra-30000-Puffs-300x300.webp",300,300,true],"woocommerce_single":["https:\/\/vapestornado.com\/wp-content\/uploads\/2025\/04\/Wga-Legend-Ultra-30000-Puffs-600x600.webp",600,600,true],"woocommerce_gallery_thumbnail":["https:\/\/vapestornado.com\/wp-content\/uploads\/2025\/04\/Wga-Legend-Ultra-30000-Puffs-100x100.webp",100,100,true]},"uagb_author_info":{"display_name":"ESAMY","author_link":"https:\/\/vapestornado.com\/da\/author\/"},"uagb_comment_info":0,"uagb_excerpt":"WGA Legend Ultra 30K Best online Vape store UK WGA crystal 30000 puffs 30k vape Wholesale Discount Price WGA Legend Ultra Disposable Crystal Vape 30K 30000 Puffs Add Amy's whatsapp to get right reply and discount price! WhatsApp: +86 17776015835 &nbsp;","_links":{"self":[{"href":"https:\/\/vapestornado.com\/da\/wp-json\/wp\/v2\/product\/4089","targetHints":{"allow":["GET"]}}],"collection":[{"href":"https:\/\/vapestornado.com\/da\/wp-json\/wp\/v2\/product"}],"about":[{"href":"https:\/\/vapestornado.com\/da\/wp-json\/wp\/v2\/types\/product"}],"replies":[{"embeddable":true,"href":"https:\/\/vapestornado.com\/da\/wp-json\/wp\/v2\/comments?post=4089"}],"wp:featuredmedia":[{"embeddable":true,"href":"https:\/\/vapestornado.com\/da\/wp-json\/wp\/v2\/media\/4073"}],"wp:attachment":[{"href":"https:\/\/vapestornado.com\/da\/wp-json\/wp\/v2\/media?parent=4089"}],"wp:term":[{"taxonomy":"product_brand","embeddable":true,"href":"https:\/\/vapestornado.com\/da\/wp-json\/wp\/v2\/product_brand?post=4089"},{"taxonomy":"product_cat","embeddable":true,"href":"https:\/\/vapestornado.com\/da\/wp-json\/wp\/v2\/product_cat?post=4089"},{"taxonomy":"product_tag","embeddable":true,"href":"https:\/\/vapestornado.com\/da\/wp-json\/wp\/v2\/product_tag?post=4089"}],"curies":[{"name":"wp","href":"https:\/\/api.w.org\/{rel}","templated":true}]}}