{"id":4088,"date":"2025-04-08T03:23:24","date_gmt":"2025-04-08T03:23:24","guid":{"rendered":"https:\/\/vapestornado.com\/?post_type=product&#038;p=4088"},"modified":"2025-12-11T07:14:09","modified_gmt":"2025-12-11T07:14:09","slug":"elf-box-crystal-bar-600-puffs-2-disposable-vape-pen-bulk-buy-price","status":"publish","type":"product","link":"https:\/\/vapestornado.com\/da\/product\/elf-box-crystal-bar-600-puffs-2-disposable-vape-pen-bulk-buy-price\/","title":{"rendered":"Elf Box Crystal Bar 600 Pust 2% Engangs Vape Pen Masse K\u00f8b Pris"},"content":{"rendered":"<h2 data-pm-slice=\"1 1 []\">Elf Box Crystal Bar 600 Puffs Engangs Vaper Mini Bar med Krystalstil Design<\/h2>\n<p class=\"\" data-start=\"537\" data-end=\"946\"><strong data-start=\"118\" data-end=\"145\">Elf Box Krystal Bar 600<\/strong> er en kompakt engangs vape designet til enkel, ensartet daglig brug. Med <strong data-start=\"224\" data-end=\"237\">600 puf<\/strong>, en <strong data-start=\"241\" data-end=\"254\">1,6\u03a9 coil<\/strong>og et <strong data-start=\"262\" data-end=\"288\">krystal-finishet skal<\/strong>, kombinerer ren design med en p\u00e5lidelig sug, der forbliver stabil fra den f\u00f8rste til den sidste puf. Den <strong data-start=\"389\" data-end=\"401\">2ml tank<\/strong> og <strong data-start=\"406\" data-end=\"433\">500mAh indbygget batteri<\/strong> er dimensioneret til let til moderat daglig vaping, hvilket g\u00f8r den til et nemt valg, n\u00e5r du \u00f8nsker noget lommerartigt og klar, s\u00e5 snart du \u00e5bner boksen.<\/p>\n<h3 data-start=\"802\" data-end=\"853\">Hvorfor Elf Box Crystal Bar 600 Puffs Hot Sale p\u00e5 det europ\u00e6iske marked?<\/h3>\n<ul data-start=\"855\" data-end=\"2256\">\n<li data-start=\"855\" data-end=\"1198\">\n<p data-start=\"857\" data-end=\"1198\"><strong data-start=\"857\" data-end=\"903\">Stabil smag gennem hele de 600 puf.<\/strong> Den <strong data-start=\"908\" data-end=\"950\">Crystal Bar 600 mesh-stil ydeevne<\/strong>, drevet af <strong data-start=\"967\" data-end=\"980\">1,6\u03a9 coil<\/strong>, holder hver ind\u00e5nding glat og undg\u00e5r den br\u00e6ndte, skarpe kant, som nogle sm\u00e5 engangsprodukter udvikler. Brugere i <strong data-start=\"1081\" data-end=\"1119\">Tyskland, Frankrig, Polen og Spanien<\/strong> v\u00e6rdsetter dens forudsigelige halsfornemmelse sammenlignet med billigere lav-coil alternativer.<\/p>\n<\/li>\n<li data-start=\"1200\" data-end=\"1509\">\n<p data-start=\"1202\" data-end=\"1509\"><strong data-start=\"1202\" data-end=\"1248\">Ideel til hurtige sessioner eller brug p\u00e5 farten.<\/strong> Den <strong data-start=\"1253\" data-end=\"1296\">Elf Box Crystal Bar 600 engangs vape<\/strong> er slankt nok til lommer, tasker eller jakke\u00e6rmer. N\u00e5r du \u00f8nsker noget enklere end pods eller <strong data-start=\"1395\" data-end=\"1416\">genopladelige pods<\/strong>, giver denne engangs en ren, ligetil nikotinudlevering uden opladere eller p\u00e5fyldninger.<\/p>\n<\/li>\n<li data-start=\"1511\" data-end=\"1786\">\n<p data-start=\"1513\" data-end=\"1786\"><strong data-start=\"1513\" data-end=\"1562\">Et simpelt alternativ vape-pod <\/strong>I stedet for at l\u00f8be ud for at k\u00f8be <b>andre engangsprodukter<\/b>, har mange brugere en <strong data-start=\"1635\" data-end=\"1654\">Krystal Bar 600<\/strong> ved h\u00e5nden som en let backup til pendling, aftener ude eller pauser p\u00e5 arbejdet. Ingen knapper, ingen vedligeholdelse \u2014 inhaler, og du er klar.<\/p>\n<\/li>\n<li data-start=\"1788\" data-end=\"2059\">\n<p data-start=\"1790\" data-end=\"2059\"><strong data-start=\"1790\" data-end=\"1834\">Let at bestille fra enhver vape-butik online.<\/strong> Forhandlere opregner <strong data-start=\"1854\" data-end=\"1881\">Elf Box Krystal Bar 600<\/strong> fordi den fylder entry-level og casual-brugssegmentet godt. Den har stor eftersp\u00f8rgsel i <strong data-start=\"1968\" data-end=\"1988\">vape-butik online<\/strong> opslag over hele Europa takket v\u00e6re dens smagsvariation og rene design.<\/p>\n<\/li>\n<li data-start=\"2061\" data-end=\"2256\">\n<p data-start=\"2063\" data-end=\"2256\"><strong data-start=\"2063\" data-end=\"2098\">Passer til forskellige nikotinvaner.<\/strong> Med <strong data-start=\"2104\" data-end=\"2122\">0%, 2%, og 5%<\/strong> nikotinstyrker, den <strong data-start=\"2147\" data-end=\"2163\">krystalklar vape<\/strong> tilpasser sig til smagsnydelse, let nikotinbrug eller brugere, der foretr\u00e6kker en kraftigere effekt.<\/p>\n<\/li>\n<\/ul>\n<p data-start=\"666\" data-end=\"1235\"><strong style=\"font-size: 16px;\"><span style=\"color: #ff0000;\">Tilf\u00f8j Amy's WhatsApp for at f\u00e5 et direkte svar og en god pris!<\/span><\/strong><\/p>\n<p><img fetchpriority=\"high\" decoding=\"async\" class=\"size-full wp-image-2932\" src=\"https:\/\/vapestornado.com\/wp-content\/uploads\/2024\/12\/Vape-Wholesale.jpg\" alt=\"Vape Engros\" width=\"229\" height=\"300\" \/><\/p>\n<h3><a href=\"https:\/\/wa.me\/8617776015835\" target=\"_blank\" rel=\"noopener\"><span style=\"color: #ff0000;\"><strong>WhatsApp: +86 17776015835<\/strong><\/span><\/a><\/h3>\n<p>&nbsp;<\/p>\n<h2><strong>Elf Box Crystal Bar 600 N\u00f8gleproduktfunktioner<\/strong><\/h2>\n<table>\n<thead>\n<tr>\n<th>Funktion<\/th>\n<th>specifikationer<\/th>\n<th>detaljer<\/th>\n<\/tr>\n<\/thead>\n<tbody>\n<tr>\n<td>Produktnavn<\/td>\n<td>Elf Box Krystal Bar 600<\/td>\n<td>Kompakt engangs krystallyd vape til daglig brug<\/td>\n<\/tr>\n<tr>\n<td>Pust Kapacitet<\/td>\n<td>600 puf<\/td>\n<td>Designet til kortvarig, afslappet eller backup-vaping<\/td>\n<\/tr>\n<tr>\n<td>E-v\u00e6ske Volumen<\/td>\n<td>2ml<\/td>\n<td>Forudfyldt tank til ensartet smag til slutningen<\/td>\n<\/tr>\n<tr>\n<td>Spoletype<\/td>\n<td>1,6\u03a9 coil<\/td>\n<td>Glidende damp med stabil halsfornemmelse<\/td>\n<\/tr>\n<tr>\n<td>Nikotinstyrke<\/td>\n<td>0% \/ 2% \/ 5%<\/td>\n<td>Passer til smags- alene, moderate og st\u00e6rkere pr\u00e6ferencer<\/td>\n<\/tr>\n<tr>\n<td>Batteri<\/td>\n<td>500mAh indbygget batteri<\/td>\n<td>St\u00f8rrelse til at afslutte de fulde 600 puffer uden genopladning<\/td>\n<\/tr>\n<tr>\n<td>Kropdesign<\/td>\n<td>Krystal-udseende skal<\/td>\n<td>Stilfuld, let og lommevenlig<\/td>\n<\/tr>\n<\/tbody>\n<\/table>\n<figure id=\"attachment_4076\" aria-describedby=\"caption-attachment-4076\" style=\"width: 800px\" class=\"wp-caption alignnone\"><img decoding=\"async\" class=\"wp-image-4076 size-full\" src=\"https:\/\/vapestornado.com\/wp-content\/uploads\/2025\/04\/ELF-Bar-600-Disposable-Vape-Pen.webp\" alt=\"ELF Bar 600 engangsvape\" width=\"800\" height=\"800\" srcset=\"https:\/\/vapestornado.com\/wp-content\/uploads\/2025\/04\/ELF-Bar-600-Disposable-Vape-Pen.webp 800w, https:\/\/vapestornado.com\/wp-content\/uploads\/2025\/04\/ELF-Bar-600-Disposable-Vape-Pen-300x300.webp 300w, https:\/\/vapestornado.com\/wp-content\/uploads\/2025\/04\/ELF-Bar-600-Disposable-Vape-Pen-150x150.webp 150w, https:\/\/vapestornado.com\/wp-content\/uploads\/2025\/04\/ELF-Bar-600-Disposable-Vape-Pen-768x768.webp 768w, https:\/\/vapestornado.com\/wp-content\/uploads\/2025\/04\/ELF-Bar-600-Disposable-Vape-Pen-600x600.webp 600w, https:\/\/vapestornado.com\/wp-content\/uploads\/2025\/04\/ELF-Bar-600-Disposable-Vape-Pen-100x100.webp 100w\" sizes=\"(max-width: 800px) 100vw, 800px\" \/><figcaption id=\"caption-attachment-4076\" class=\"wp-caption-text\">ELF Bar 600 engangsvape<\/figcaption><\/figure>\n<h2 class=\"product-title\"><strong>Elf Box Crystal Vape 600 engangssmaganmeldelse<\/strong><\/h2>\n<article class=\"w-full text-token-text-primary focus-visible:outline-2 focus-visible:outline-offset-[-4px]\" dir=\"auto\" data-testid=\"conversation-turn-32\" data-scroll-anchor=\"false\">\n<div class=\"m-auto text-base py-[18px] px-6\">\n<div class=\"mx-auto flex flex-1 text-base gap-4 md:gap-5 lg:gap-6 md:max-w-3xl lg:max-w-[40rem] xl:max-w-[48rem]\">\n<div class=\"group\/conversation-turn relative flex w-full min-w-0 flex-col @xs\/thread:px-0 @sm\/thread:px-1.5 @md\/thread:px-4\">\n<div class=\"flex-col gap-1 md:gap-3\">\n<div class=\"flex max-w-full flex-col flex-grow\">\n<div class=\"min-h-8 text-message flex w-full flex-col items-end gap-2 whitespace-normal break-words text-start [.text-message+&amp;]:mt-5\" dir=\"auto\" data-message-author-role=\"user\" data-message-id=\"ffac41ca-1db4-431b-873a-32c4052956f1\">\n<div class=\"flex w-full flex-col gap-1 empty:hidden items-end rtl:items-start\">\n<div class=\"relative max-w-[var(--user-chat-width,70%)] rounded-3xl bg-token-message-surface px-5 py-2.5\">\n<div class=\"absolute bottom-0 right-full top-0 -mr-3.5 hidden pr-5 pt-2 [.group\/conversation-turn:hover_&amp;]:flex\">\n<div class=\"flex\">\n<article class=\"w-full text-token-text-primary focus-visible:outline-2 focus-visible:outline-offset-[-4px]\" dir=\"auto\" data-testid=\"conversation-turn-39\" data-scroll-anchor=\"true\">\n<div class=\"m-auto text-base py-[18px] px-6\">\n<div class=\"mx-auto flex flex-1 text-base gap-4 md:gap-5 lg:gap-6 md:max-w-3xl lg:max-w-[40rem] xl:max-w-[48rem]\">\n<div class=\"group\/conversation-turn relative flex w-full min-w-0 flex-col agent-turn @xs\/thread:px-0 @sm\/thread:px-1.5 @md\/thread:px-4\">\n<div class=\"flex-col gap-1 md:gap-3\">\n<div class=\"flex max-w-full flex-col flex-grow\">\n<div class=\"min-h-8 text-message flex w-full flex-col items-end gap-2 whitespace-normal break-words text-start [.text-message+&amp;]:mt-5\" dir=\"auto\" data-message-author-role=\"assistant\" data-message-id=\"55a23854-ec57-48dd-bd4f-6118f43d6241\" data-message-model-slug=\"gpt-4o\">\n<div class=\"flex w-full flex-col gap-1 empty:hidden first:pt-[3px]\">\n<div class=\"markdown prose w-full break-words dark:prose-invert light\">\n<p class=\"\" data-start=\"57\" data-end=\"262\"><strong data-start=\"57\" data-end=\"75\">1. Blandet B\u00e6r<\/strong><br data-start=\"75\" data-end=\"78\" \/>En uimodst\u00e5elig blanding af b\u00e6r spr\u00e6ngfyldt med smag \u2013 t\u00e6nk p\u00e5 s\u00f8de jordb\u00e6r, syrlige hindb\u00e6r og saftige bl\u00e5b\u00e6r, der er hvirvlet sammen til en fyldig, syrlig og l\u00e6kker vape.<\/p>\n<p class=\"\" data-start=\"264\" data-end=\"423\"><strong data-start=\"264\" data-end=\"281\">2. Kirseb\u00e6r Is<\/strong><br data-start=\"281\" data-end=\"284\" \/>Et k\u00f8ligt og friskt kirseb\u00e6rknald! Nyd den s\u00f8d-syrlige smag af modne kirseb\u00e6r efterfulgt af en forfriskende iskold brise, der k\u00f8ler ved hvert pust.<\/p>\n<p class=\"\" data-start=\"425\" data-end=\"603\"><strong data-start=\"425\" data-end=\"446\">3. Jordb\u00e6r Is<\/strong><br data-start=\"446\" data-end=\"449\" \/>Friske, saftige jordb\u00e6r m\u00f8der en iskold afslutning i denne klassiske kombination. S\u00f8d, bl\u00f8d og perfekt k\u00f8lig \u2013 din foretrukne smag til et forfriskende jordb\u00e6rhit.<\/p>\n<p class=\"\" data-start=\"605\" data-end=\"782\"><strong data-start=\"605\" data-end=\"621\">4. Drue Is<\/strong><br data-start=\"621\" data-end=\"624\" \/>G\u00f8r dig klar til en dristig druesmag med et forfriskende twist. Denne iskolde drue-forn\u00f8jelse bringer s\u00f8dmen fra solmodne druer, pakket ind i en spr\u00f8d, k\u00f8lende afslutning.<\/p>\n<p class=\"\" data-start=\"784\" data-end=\"935\"><strong data-start=\"784\" data-end=\"804\">5. Bl\u00e5b\u00e6r Is<\/strong><br data-start=\"804\" data-end=\"807\" \/>En l\u00e6kker blanding af s\u00f8de og let syrlige bl\u00e5b\u00e6r, der er lagdelt med en frisk, iskold ud\u00e5nding. Bl\u00f8d, afbalanceret og ultraforfriskende.<\/p>\n<p class=\"\" data-start=\"937\" data-end=\"1084\"><strong data-start=\"937\" data-end=\"958\">6. Vandmelon Is<\/strong><br data-start=\"958\" data-end=\"961\" \/>Den ultimative sommervape \u2013 s\u00f8d, saftig vandmelonsmag m\u00f8der en iskold b\u00f8lge af k\u00f8lighed. Frisk og fugtgivende i hvert pust.<\/p>\n<p class=\"\" data-start=\"1086\" data-end=\"1278\"><strong data-start=\"1086\" data-end=\"1114\">7. Jordb\u00e6r Vandmelon<\/strong><br data-start=\"1114\" data-end=\"1117\" \/>En frugtelskers dr\u00f8m! Denne smag blander den sliklignende s\u00f8dme fra jordb\u00e6r med den saftige bl\u00f8dhed fra vandmelon for en perfekt afbalanceret frugtkombination.<\/p>\n<p class=\"\" data-start=\"1280\" data-end=\"1448\"><strong data-start=\"1280\" data-end=\"1296\">8. Bl\u00e5 hindb\u00e6r<\/strong><br data-start=\"1296\" data-end=\"1299\" \/>Frisk, syrlig og fuldst\u00e6ndig vanedannende \u2013 denne bl\u00e5 hindb\u00e6rsmag eksploderer med s\u00f8d-syrlige b\u00e6rmnoter og en forfriskende kant, der bliver p\u00e5 ganen.<\/p>\n<p class=\"\" data-start=\"1450\" data-end=\"1634\"><strong data-start=\"1450\" data-end=\"1466\">9. Ferskenis<\/strong><br data-start=\"1466\" data-end=\"1469\" \/>Solkyssede ferskener med en k\u00f8lig overraskelse. Nyd en rig ferskens\u00f8dme efterfulgt af et iskoldt spark, der g\u00f8r dette til en bl\u00f8d og tilfredsstillende smag fra start til slut.<\/p>\n<p class=\"\" data-start=\"1636\" data-end=\"1838\"><strong data-start=\"1636\" data-end=\"1662\">10. Kiwi passionsfrugt<\/strong><br data-start=\"1662\" data-end=\"1665\" \/>En tropisk flugt i hvert pust! Den syrlige friskhed fra kiwi passer perfekt sammen med den eksotiske s\u00f8dme fra passionsfrugt for en unik, saftig og forfriskende vape-oplevelse.<\/p>\n<\/div>\n<\/div>\n<\/div>\n<\/div>\n<\/div>\n<\/div>\n<\/div>\n<\/div>\n<\/article>\n<\/div>\n<\/div>\n<\/div>\n<\/div>\n<\/div>\n<\/div>\n<\/div>\n<\/div>\n<\/div>\n<\/div>\n<\/article>\n<h2>Hvorfor v\u00e6lge Vapestornado for ElfBox Crystal Bar 600 Puff til at k\u00f8be?<\/h2>\n<div class=\"flex-shrink-0 flex flex-col relative items-end\">\n<div class=\"pt-0\">\n<div class=\"gizmo-bot-avatar flex h-8 w-8 items-center justify-center overflow-hidden rounded-full\">\n<div class=\"relative p-1 rounded-sm flex items-center justify-center bg-token-main-surface-primary text-token-text-primary h-8 w-8\">\n<p>At\u00a0<strong>VapeTornado<\/strong>, vi s\u00e6tter en \u00e6re i at levere\u00a0<strong>f\u00f8rsteklasses vaping-produkter til uovertrufne priser<\/strong>\u2014og Elf Box Crystal Bar 600 er ingen undtagelse! Her er hvorfor du b\u00f8r k\u00f8be fra os:<\/p>\n<p class=\"\" data-start=\"49\" data-end=\"193\"><strong data-start=\"49\" data-end=\"81\">Uovertruffen Engros Priss\u00e6tning<\/strong> \u2013 Nyd de bedste bulk-tilbud p\u00e5 markedet, hvilket g\u00f8r os til den foretrukne leverand\u00f8r for vape-butikker og forhandlere i hele verden.<\/p>\n<p class=\"\" data-start=\"195\" data-end=\"340\"><strong data-start=\"195\" data-end=\"228\">Hurtig<\/strong> \u2013 Vi leverer dine ordrer hurtigt og sikkert, med p\u00e5lidelige verdensomsp\u00e6ndende forsendelsesmuligheder skr\u00e6ddersyet til dine behov.<\/p>\n<p class=\"\" data-start=\"342\" data-end=\"487\"><strong data-start=\"342\" data-end=\"367\">100% \u00c6gte Produkter<\/strong> \u2013 Sig farvel til forfalskninger! Vi garanterer kun originale WASPE Triple engangs vapes med verificeret kvalitet og ydeevne.<\/p>\n<p class=\"\" data-start=\"489\" data-end=\"627\"><strong data-start=\"489\" data-end=\"516\">Ekspert Kundesupport<\/strong> \u2013 Har du sp\u00f8rgsm\u00e5l? Vores kyndige vape-team er her for dig n\u00e5r som helst og sikrer en problemfri service.<\/p>\n<p data-start=\"559\" data-end=\"933\" data-is-last-node=\"\" data-is-only-node=\"\">Vi har ogs\u00e5 nogle andre popul\u00e6re vapes med sk\u00e6rm som <a href=\"https:\/\/vapestornado.com\/da\/product\/bang-king-vape-36000-puff-dual-vaping-mode-disposables-pod-best-price\/\">BANG KING 36000 Shisha<\/a>, <a href=\"https:\/\/vapestornado.com\/da\/product\/waspe-aiviou-3-in-1-60000-puffs-disposable-vape-kit-best-price\/\">WASPE 60000 3 i 1<\/a>, <a href=\"https:\/\/vapestornado.com\/da\/product\/alfakh-crown-bar-20000-puffs-disposable-shisha-hookah-wholesale-vape-pen\/\">ALFAKH 20000<\/a>, og mere.<\/p>\n<\/div>\n<div class=\"relative p-1 rounded-sm flex items-center justify-center bg-token-main-surface-primary text-token-text-primary h-8 w-8\">\n<h2>FAQS til Elf Box engangs Crystal Bar 600<\/h2>\n<p data-start=\"2968\" data-end=\"3080\">1. Hvordan opretholder Elf Box Crystal Bar 600 engangs vape ensartet smag gennem alle 600 puffer?<\/p>\n<p data-start=\"3081\" data-end=\"3238\">Den <strong data-start=\"3085\" data-end=\"3112\">Elf Box Krystal Bar 600<\/strong> bruger en <strong data-start=\"3120\" data-end=\"3133\">1,6\u03a9 coil<\/strong> der opvarmer langsomt og j\u00e6vnt, hvilket reducerer skarphed og opretholder en glattere smag fra start til slut.<\/p>\n<p data-start=\"3245\" data-end=\"3336\">2. Er Crystal Bar 600 en praktisk mulighed sammenlignet med at k\u00f8be cigaretter i n\u00e6rheden?<\/p>\n<p data-start=\"3337\" data-end=\"3535\">For mange EU-brugere er <strong data-start=\"3360\" data-end=\"3395\">Crystal Bar 600 engangs vape<\/strong> en ren, kompakt alternativ \u2014 ingen lighter, ingen aske, ingen lugt. Den opbevares ofte som backup til dage, hvor en hurtig l\u00f8sning er n\u00f8dvendig.<\/p>\n<p data-start=\"3542\" data-end=\"3624\">3. Kan jeg k\u00f8be ELFWORLD Crystal Bar 600 fra en vape-butik online i Europa?<\/p>\n<p data-start=\"3625\" data-end=\"3833\">Ja. De fleste EU-forhandlere har <strong data-start=\"3654\" data-end=\"3681\">Elf Box Krystal Bar 600<\/strong> fordi enheden passer til popul\u00e6re smagskategorier og forbliver p\u00e5lidelig inden for sin 600-puffs klasse. Den er bredt opf\u00f8rt i <strong data-start=\"3801\" data-end=\"3821\">vape-butik online<\/strong> kataloger.<\/p>\n<p data-start=\"3840\" data-end=\"3905\">4. P\u00e5virker krystalkvapsens design greb eller b\u00e6rbarhed?<\/p>\n<p data-start=\"3906\" data-end=\"4092\">Den <strong data-start=\"3910\" data-end=\"3926\">krystalklar vape<\/strong> finish tilf\u00f8jer let tekstur og en ren visuel stil, samtidig med at enheden er ekstremt b\u00e6rbar. Brugere n\u00e6vner ofte, at den f\u00f8les mere robust end papirindpakkede engangsprodukter.<\/p>\n<p data-start=\"4099\" data-end=\"4205\">5. Hvordan p\u00e5virker nikotinniveauerne ydeevnen af Elf Box Crystal Bar 600 engangs vape?<\/p>\n<p data-start=\"4206\" data-end=\"4393\"><strong data-start=\"4206\" data-end=\"4212\">0%<\/strong> tilbyder ren smag, <strong data-start=\"4234\" data-end=\"4240\">2%<\/strong> giver et moderat, glat skud, ideelt til hyppig brug, og <strong data-start=\"4301\" data-end=\"4307\">5%<\/strong> leverer en fastere halsfornemmelse for brugere, der skifter fra st\u00e6rkere nikotinmuligheder.<\/p>\n<\/div>\n<\/div>\n<\/div>\n<\/div>","protected":false},"excerpt":{"rendered":"<p class=\"LC20lb MBeuO DKV0Md\">Elf Box Crystal Bar 600 Puffs Engangs Vapes, er en slank krystalklar vape, der leverer 600 glatte puf med en 1,6\u03a9 coil, 2ml e-v\u00e6skekapacitet og 0\u20135% nikotinmuligheder \u2014 enkelt, tilfredsstillende og ideelt til daglig b\u00e6ring.<\/p>\n<p><strong>Tilf\u00f8j Amys whatsapp for at f\u00e5 korrekt svar og rabatpris!<\/strong><\/p>\n<p><img fetchpriority=\"high\" decoding=\"async\" class=\"size-full wp-image-2932\" src=\"https:\/\/vapestornado.com\/wp-content\/uploads\/2024\/12\/Vape-Wholesale.jpg\" alt=\"Vape Engros\" width=\"229\" height=\"300\" \/><\/p>\n<h3><a href=\"https:\/\/wa.me\/8617776015835\"><span style=\"color: #ff0000;\"><strong>WhatsApp: +86 17776015835<\/strong><\/span><\/a><\/h3>\n<p>&nbsp;<\/p>","protected":false},"featured_media":4075,"comment_status":"open","ping_status":"closed","template":"","meta":{"_acf_changed":false,"_uag_custom_page_level_css":"","_lmt_disableupdate":"no","_lmt_disable":"","_monsterinsights_skip_tracking":false,"_monsterinsights_sitenote_active":false,"_monsterinsights_sitenote_note":"","_monsterinsights_sitenote_category":0,"site-sidebar-layout":"default","site-content-layout":"","ast-site-content-layout":"default","site-content-style":"default","site-sidebar-style":"default","ast-global-header-display":"","ast-banner-title-visibility":"","ast-main-header-display":"","ast-hfb-above-header-display":"","ast-hfb-below-header-display":"","ast-hfb-mobile-header-display":"","site-post-title":"","ast-breadcrumbs-content":"","ast-featured-img":"","footer-sml-layout":"","ast-disable-related-posts":"","theme-transparent-header-meta":"default","adv-header-id-meta":"","stick-header-meta":"","header-above-stick-meta":"","header-main-stick-meta":"","header-below-stick-meta":"","astra-migrate-meta-layouts":"set","ast-page-background-enabled":"default","ast-page-background-meta":{"desktop":{"background-color":"","background-image":"","background-repeat":"repeat","background-position":"center center","background-size":"auto","background-attachment":"scroll","background-type":"","background-media":"","overlay-type":"","overlay-color":"","overlay-opacity":"","overlay-gradient":""},"tablet":{"background-color":"","background-image":"","background-repeat":"repeat","background-position":"center center","background-size":"auto","background-attachment":"scroll","background-type":"","background-media":"","overlay-type":"","overlay-color":"","overlay-opacity":"","overlay-gradient":""},"mobile":{"background-color":"","background-image":"","background-repeat":"repeat","background-position":"center center","background-size":"auto","background-attachment":"scroll","background-type":"","background-media":"","overlay-type":"","overlay-color":"","overlay-opacity":"","overlay-gradient":""}},"ast-content-background-meta":{"desktop":{"background-color":"var(--ast-global-color-5)","background-image":"","background-repeat":"repeat","background-position":"center center","background-size":"auto","background-attachment":"scroll","background-type":"","background-media":"","overlay-type":"","overlay-color":"","overlay-opacity":"","overlay-gradient":""},"tablet":{"background-color":"var(--ast-global-color-5)","background-image":"","background-repeat":"repeat","background-position":"center center","background-size":"auto","background-attachment":"scroll","background-type":"","background-media":"","overlay-type":"","overlay-color":"","overlay-opacity":"","overlay-gradient":""},"mobile":{"background-color":"var(--ast-global-color-5)","background-image":"","background-repeat":"repeat","background-position":"center center","background-size":"auto","background-attachment":"scroll","background-type":"","background-media":"","overlay-type":"","overlay-color":"","overlay-opacity":"","overlay-gradient":""}},"_joinchat":{"telephone":"17776015835"}},"product_brand":[],"product_cat":[149,152,141,144],"product_tag":[322,105,320,321,490],"class_list":{"0":"post-4088","1":"product","2":"type-product","3":"status-publish","4":"has-post-thumbnail","6":"product_cat-buy-disposable-vapes-in-austria","7":"product_cat-buy-disposable-vapes-in-cermany","8":"product_cat-crystal-disposable-vapes","9":"product_cat-low-nicotine-disposable-vapes","10":"product_tag-crystal-bar-600","11":"product_tag-digital-disposable-vape","12":"product_tag-disposables-bar","13":"product_tag-elf-box-crystal-bar-600","14":"product_tag-mini-bar","15":"desktop-align-left","16":"tablet-align-left","17":"mobile-align-left","19":"first","20":"instock","21":"sale","22":"shipping-taxable","23":"purchasable","24":"product-type-simple"},"acf":[],"uagb_featured_image_src":{"full":["https:\/\/vapestornado.com\/wp-content\/uploads\/2025\/04\/Elf-Bar-600-Disposable-Vape-Pen-Kit-Wholesale.webp",800,800,false],"thumbnail":["https:\/\/vapestornado.com\/wp-content\/uploads\/2025\/04\/Elf-Bar-600-Disposable-Vape-Pen-Kit-Wholesale-150x150.webp",150,150,true],"medium":["https:\/\/vapestornado.com\/wp-content\/uploads\/2025\/04\/Elf-Bar-600-Disposable-Vape-Pen-Kit-Wholesale-300x300.webp",300,300,true],"medium_large":["https:\/\/vapestornado.com\/wp-content\/uploads\/2025\/04\/Elf-Bar-600-Disposable-Vape-Pen-Kit-Wholesale-768x768.webp",768,768,true],"large":["https:\/\/vapestornado.com\/wp-content\/uploads\/2025\/04\/Elf-Bar-600-Disposable-Vape-Pen-Kit-Wholesale.webp",800,800,false],"1536x1536":["https:\/\/vapestornado.com\/wp-content\/uploads\/2025\/04\/Elf-Bar-600-Disposable-Vape-Pen-Kit-Wholesale.webp",800,800,false],"2048x2048":["https:\/\/vapestornado.com\/wp-content\/uploads\/2025\/04\/Elf-Bar-600-Disposable-Vape-Pen-Kit-Wholesale.webp",800,800,false],"trp-custom-language-flag":["https:\/\/vapestornado.com\/wp-content\/uploads\/2025\/04\/Elf-Bar-600-Disposable-Vape-Pen-Kit-Wholesale.webp",12,12,false],"woocommerce_thumbnail":["https:\/\/vapestornado.com\/wp-content\/uploads\/2025\/04\/Elf-Bar-600-Disposable-Vape-Pen-Kit-Wholesale-300x300.webp",300,300,true],"woocommerce_single":["https:\/\/vapestornado.com\/wp-content\/uploads\/2025\/04\/Elf-Bar-600-Disposable-Vape-Pen-Kit-Wholesale-600x600.webp",600,600,true],"woocommerce_gallery_thumbnail":["https:\/\/vapestornado.com\/wp-content\/uploads\/2025\/04\/Elf-Bar-600-Disposable-Vape-Pen-Kit-Wholesale-100x100.webp",100,100,true]},"uagb_author_info":{"display_name":"ESAMY","author_link":"https:\/\/vapestornado.com\/da\/author\/"},"uagb_comment_info":0,"uagb_excerpt":"Elf Box Crystal Bar 600 Puffs Disposable Vapes, is a\u00a0sleek crystal vape delivering 600 smooth puffs with a 1.6\u03a9 coil, 2ml e-liquid capacity, and 0\u20135% nicotine options \u2014 simple, satisfying, and ideal for daily carry. Add Amy's whatsapp to get right reply and discount price! WhatsApp: +86 17776015835 &nbsp;","_links":{"self":[{"href":"https:\/\/vapestornado.com\/da\/wp-json\/wp\/v2\/product\/4088","targetHints":{"allow":["GET"]}}],"collection":[{"href":"https:\/\/vapestornado.com\/da\/wp-json\/wp\/v2\/product"}],"about":[{"href":"https:\/\/vapestornado.com\/da\/wp-json\/wp\/v2\/types\/product"}],"replies":[{"embeddable":true,"href":"https:\/\/vapestornado.com\/da\/wp-json\/wp\/v2\/comments?post=4088"}],"wp:featuredmedia":[{"embeddable":true,"href":"https:\/\/vapestornado.com\/da\/wp-json\/wp\/v2\/media\/4075"}],"wp:attachment":[{"href":"https:\/\/vapestornado.com\/da\/wp-json\/wp\/v2\/media?parent=4088"}],"wp:term":[{"taxonomy":"product_brand","embeddable":true,"href":"https:\/\/vapestornado.com\/da\/wp-json\/wp\/v2\/product_brand?post=4088"},{"taxonomy":"product_cat","embeddable":true,"href":"https:\/\/vapestornado.com\/da\/wp-json\/wp\/v2\/product_cat?post=4088"},{"taxonomy":"product_tag","embeddable":true,"href":"https:\/\/vapestornado.com\/da\/wp-json\/wp\/v2\/product_tag?post=4088"}],"curies":[{"name":"wp","href":"https:\/\/api.w.org\/{rel}","templated":true}]}}