{"id":4067,"date":"2025-04-04T09:13:16","date_gmt":"2025-04-04T09:13:16","guid":{"rendered":"https:\/\/vapestornado.com\/?post_type=product&#038;p=4067"},"modified":"2025-08-23T12:29:51","modified_gmt":"2025-08-23T12:29:51","slug":"bang-king-vape-36000-puff-dual-vaping-mode-disposables-pod-best-price","status":"publish","type":"product","link":"https:\/\/vapestornado.com\/da\/product\/bang-king-vape-36000-puff-dual-vaping-mode-disposables-pod-best-price\/","title":{"rendered":"Bang King Vape 36000 Pust Dobbelt Vaping Mode Engangs Pod Bedste Pris"},"content":{"rendered":"<h1 data-pm-slice=\"1 1 []\">Bang King Vape 36000 Pust Dobbelt Vaping Mode Engangs Pod Bedste Pris<\/h1>\n<p class=\"\" data-start=\"100\" data-end=\"629\">Den <strong data-start=\"104\" data-end=\"128\">Bang King Vape 36000<\/strong> er designet til dampere, der kr\u00e6ver alsidighed og ydeevne. Med <strong data-start=\"202\" data-end=\"223\">dobbelte vaping-tilstande<\/strong>kan du skifte mellem <strong data-start=\"248\" data-end=\"279\">Eco-tilstand for forl\u00e6ngede sug<\/strong> og <strong data-start=\"284\" data-end=\"316\">Power-tilstand for st\u00f8rre skyer<\/strong>\u2014giver dig fuld kontrol over din vaping-oplevelse. Den <strong data-start=\"378\" data-end=\"411\">dobbelte sk\u00e6rm digital display<\/strong> sikrer, at du altid er opm\u00e6rksom p\u00e5 din <strong data-start=\"448\" data-end=\"484\">batterilevetid og e-v\u00e6skeniveauer<\/strong>, hvilket eliminerer enhver overraskelse. Plus, den <strong data-start=\"523\" data-end=\"552\">justerbare luftstr\u00f8mssystem<\/strong> lader dig tilpasse din inhalering, fra et j\u00e6vnt tr\u00e6k til et mere kraftfuldt hit.<\/p>\n<p class=\"\" data-start=\"631\" data-end=\"1085\">Drevet af en <strong data-start=\"644\" data-end=\"675\">650mAh genopladelige batteri<\/strong> og udstyret med en <strong data-start=\"696\" data-end=\"714\">dobbelt mesh coil<\/strong>, denne vape leverer <strong data-start=\"735\" data-end=\"778\">ekstraordin\u00e6r smag og dampproduktion<\/strong>. Med <strong data-start=\"785\" data-end=\"805\">30 ml e-v\u00e6ske<\/strong> og <strong data-start=\"810\" data-end=\"831\">op til 36000 sug<\/strong>, sikrer den <strong data-start=\"844\" data-end=\"870\">langvarig nydelse<\/strong> uden hyppige udskiftninger. Tilg\u00e6ngelig i <strong data-start=\"915\" data-end=\"934\">12 dristige smagsvarianter<\/strong>, <strong data-start=\"940\" data-end=\"964\">Bang King Vape 36000<\/strong> kombinerer <strong data-start=\"974\" data-end=\"1032\">moderne design, f\u00f8rsteklasses smag og topydelse<\/strong>, hvilket g\u00f8r den til et must-have for elskere af engangs-vapes.<\/p>\n<p data-start=\"666\" data-end=\"1235\"><strong style=\"font-size: 16px;\"><span style=\"color: #ff0000;\">Tilf\u00f8j Amy's WhatsApp for at f\u00e5 et direkte svar og en god pris!<\/span><\/strong><\/p>\n<p><img fetchpriority=\"high\" decoding=\"async\" class=\"size-full wp-image-2932\" src=\"https:\/\/vapestornado.com\/wp-content\/uploads\/2024\/12\/Vape-Wholesale.jpg\" alt=\"Vape Engros\" width=\"229\" height=\"300\" \/><\/p>\n<h3><a href=\"https:\/\/wa.me\/8617776015835\" target=\"_blank\" rel=\"noopener\"><span style=\"color: #ff0000;\"><strong>WhatsApp: +86 17776015835<\/strong><\/span><\/a><\/h3>\n<p>&nbsp;<\/p>\n<h2><strong>Bang King Vape 36000 Sug - Vigtigste produktfunktioner<\/strong><\/h2>\n<p>M\u00e6rke: Bang King<br \/>\nModel: Bang King 36000<br \/>\nSug: 36000<br \/>\nNikotin: 0% 2% 3% 5%<br \/>\nKapacitet: 30 ml<br \/>\n12 smagsvarianter tilg\u00e6ngelige<br \/>\n0,6ohm dobbelt mesh coil<br \/>\nBatteri: 650mah, Type-C genopladelig<br \/>\nDobbelt sk\u00e6rm: batterikapacitet\/e-v\u00e6skekapacitet<br \/>\nL\u00e5sesk\u00e6rm med fingeraftryk<br \/>\nDobbelt tilstand<br \/>\nBer\u00f8ringsf\u00f8lsom luftstr\u00f8m<\/p>\n<figure id=\"attachment_4062\" aria-describedby=\"caption-attachment-4062\" style=\"width: 800px\" class=\"wp-caption alignnone\"><img decoding=\"async\" class=\"wp-image-4062 size-full\" src=\"https:\/\/vapestornado.com\/wp-content\/uploads\/2025\/04\/Bang-36000-Disposable-Vape-with-Screen.webp\" alt=\"Bang 36000 engangs vape med sk\u00e6rm\" width=\"800\" height=\"800\" srcset=\"https:\/\/vapestornado.com\/wp-content\/uploads\/2025\/04\/Bang-36000-Disposable-Vape-with-Screen.webp 800w, https:\/\/vapestornado.com\/wp-content\/uploads\/2025\/04\/Bang-36000-Disposable-Vape-with-Screen-300x300.webp 300w, https:\/\/vapestornado.com\/wp-content\/uploads\/2025\/04\/Bang-36000-Disposable-Vape-with-Screen-150x150.webp 150w, https:\/\/vapestornado.com\/wp-content\/uploads\/2025\/04\/Bang-36000-Disposable-Vape-with-Screen-768x768.webp 768w, https:\/\/vapestornado.com\/wp-content\/uploads\/2025\/04\/Bang-36000-Disposable-Vape-with-Screen-600x600.webp 600w, https:\/\/vapestornado.com\/wp-content\/uploads\/2025\/04\/Bang-36000-Disposable-Vape-with-Screen-100x100.webp 100w\" sizes=\"(max-width: 800px) 100vw, 800px\" \/><figcaption id=\"caption-attachment-4062\" class=\"wp-caption-text\">Bang 36000 engangs vape med sk\u00e6rm<\/figcaption><\/figure>\n<h2 class=\"product-title\"><strong>Bang King 36000 Pust Engangs Smagsliste<\/strong><\/h2>\n<article class=\"w-full text-token-text-primary focus-visible:outline-2 focus-visible:outline-offset-[-4px]\" dir=\"auto\" data-testid=\"conversation-turn-32\" data-scroll-anchor=\"false\">\n<div class=\"m-auto text-base py-[18px] px-6\">\n<div class=\"mx-auto flex flex-1 text-base gap-4 md:gap-5 lg:gap-6 md:max-w-3xl lg:max-w-[40rem] xl:max-w-[48rem]\">\n<div class=\"group\/conversation-turn relative flex w-full min-w-0 flex-col @xs\/thread:px-0 @sm\/thread:px-1.5 @md\/thread:px-4\">\n<div class=\"flex-col gap-1 md:gap-3\">\n<div class=\"flex max-w-full flex-col flex-grow\">\n<div class=\"min-h-8 text-message flex w-full flex-col items-end gap-2 whitespace-normal break-words text-start [.text-message+&amp;]:mt-5\" dir=\"auto\" data-message-author-role=\"user\" data-message-id=\"ffac41ca-1db4-431b-873a-32c4052956f1\">\n<div class=\"flex w-full flex-col gap-1 empty:hidden items-end rtl:items-start\">\n<div class=\"relative max-w-[var(--user-chat-width,70%)] rounded-3xl bg-token-message-surface px-5 py-2.5\">\n<div class=\"absolute bottom-0 right-full top-0 -mr-3.5 hidden pr-5 pt-2 [.group\/conversation-turn:hover_&amp;]:flex\">\n<div class=\"flex\">\n<article class=\"w-full text-token-text-primary focus-visible:outline-2 focus-visible:outline-offset-[-4px]\" dir=\"auto\" data-testid=\"conversation-turn-39\" data-scroll-anchor=\"true\">\n<div class=\"m-auto text-base py-[18px] px-6\">\n<div class=\"mx-auto flex flex-1 text-base gap-4 md:gap-5 lg:gap-6 md:max-w-3xl lg:max-w-[40rem] xl:max-w-[48rem]\">\n<div class=\"group\/conversation-turn relative flex w-full min-w-0 flex-col agent-turn @xs\/thread:px-0 @sm\/thread:px-1.5 @md\/thread:px-4\">\n<div class=\"flex-col gap-1 md:gap-3\">\n<div class=\"flex max-w-full flex-col flex-grow\">\n<div class=\"min-h-8 text-message flex w-full flex-col items-end gap-2 whitespace-normal break-words text-start [.text-message+&amp;]:mt-5\" dir=\"auto\" data-message-author-role=\"assistant\" data-message-id=\"55a23854-ec57-48dd-bd4f-6118f43d6241\" data-message-model-slug=\"gpt-4o\">\n<div class=\"flex w-full flex-col gap-1 empty:hidden first:pt-[3px]\">\n<div class=\"markdown prose w-full break-words dark:prose-invert light\">\n<p>1.Bl\u00e5 Razz Is<br \/>\n2. Jordb\u00e6r Vandmelon<br \/>\n3. Vandmelon Is<br \/>\n4. Jordb\u00e6r Banan<br \/>\n5. Tropisk frugt<br \/>\n6. Triple Berry Is<br \/>\n7. Juicy Peach Is<br \/>\n8. Jordb\u00e6r Kiwi<br \/>\n9. Fersken Mango Vandmelon<br \/>\n10. Kiwi Passionsfrugt Guava<br \/>\n11. Drue \u00c6ble<br \/>\n12. Mr. Blue<\/p>\n<\/div>\n<\/div>\n<\/div>\n<\/div>\n<\/div>\n<\/div>\n<\/div>\n<\/div>\n<\/article>\n<\/div>\n<\/div>\n<\/div>\n<\/div>\n<\/div>\n<\/div>\n<\/div>\n<\/div>\n<\/div>\n<\/div>\n<\/article>\n<h2>Hvorfor v\u00e6lge Vapestornado til at k\u00f8be Bang King Vape 36000 Pust?<\/h2>\n<div class=\"flex-shrink-0 flex flex-col relative items-end\">\n<div class=\"pt-0\">\n<div class=\"gizmo-bot-avatar flex h-8 w-8 items-center justify-center overflow-hidden rounded-full\">\n<div class=\"relative p-1 rounded-sm flex items-center justify-center bg-token-main-surface-primary text-token-text-primary h-8 w-8\">\n<p>At\u00a0<strong>VapeTornado<\/strong>, vi s\u00e6tter en \u00e6re i at levere\u00a0<strong>f\u00f8rsteklasses vaping-produkter til uovertrufne priser<\/strong>\u2014og Bang King Vape 36000 Pust er ingen undtagelse! Her er hvorfor du b\u00f8r k\u00f8be fra os:<\/p>\n<p><strong>Bedste engrospriser<\/strong>\u00a0\u2013 Vi tilbyder\u00a0<strong>konkurrencedygtige bulkpriser<\/strong><span style=\"font-size: 16px;\">, hvilket g\u00f8r os til det bedste valg for forhandlere og vapebutikker.<\/span><\/p>\n<p><strong>Hurtig<\/strong>\u00a0\u2013 F\u00e5 din ordre leveret\u00a0<strong>hurtigt og sikkert<\/strong>, med forsendelsesmuligheder til hele verden.<br \/>\n<strong>100 % Autentiske produkter<\/strong>\u00a0\u2013 Ingen efterligninger \u2013 kun\u00a0<strong>\u00e6gte WASPE Triple engangsartikler<\/strong>\u00a0med verificeret kvalitet.<br \/>\n<strong>Fremragende kundesupport<\/strong>\u00a0\u2013 Har du sp\u00f8rgsm\u00e5l? Vores\u00a0<strong>vape-eksperter<\/strong> er klar til at hj\u00e6lpe dig d\u00f8gnet rundt.<\/p>\n<p data-start=\"559\" data-end=\"933\" data-is-last-node=\"\" data-is-only-node=\"\">Vi har ogs\u00e5 nogle andre popul\u00e6re vapes med sk\u00e6rm som <a href=\"https:\/\/vapestornado.com\/da\/product\/vapme-goat-40000-puff-40k-hookah-shisha-pen-price-wholesale-e-cigarette\/\">Vapme Gede 40000 Shisha<\/a>, <a href=\"https:\/\/vapestornado.com\/da\/product\/waspe-aiviou-3-in-1-60000-puffs-disposable-vape-kit-best-price\/\">WASPE 60000 3 i 1<\/a>, <a href=\"https:\/\/vapestornado.com\/da\/product\/bang-king-30000-pro-puff-30k-disposable-device-wholesale-price\/\">Bang King Pro 30000<\/a>, og mere.<\/p>\n<\/div>\n<div class=\"relative p-1 rounded-sm flex items-center justify-center bg-token-main-surface-primary text-token-text-primary h-8 w-8\">\n<h2>OFTE STILLEDE SP\u00d8RGSM\u00c5L<\/h2>\n<ol data-start=\"1108\" data-end=\"2038\">\n<li class=\"\" data-start=\"1108\" data-end=\"1372\">\n<p class=\"\" data-start=\"1111\" data-end=\"1372\"><strong data-start=\"1111\" data-end=\"1178\">Hvordan fungerer den dobbelte vaping-tilstand p\u00e5 Bang King Vape 36000?<\/strong><br data-start=\"1178\" data-end=\"1181\" \/>Enheden tilbyder <strong data-start=\"1202\" data-end=\"1215\">to tilstande<\/strong>: <strong data-start=\"1217\" data-end=\"1229\">Eco-tilstand<\/strong> til <strong data-start=\"1234\" data-end=\"1251\">maksimalt antal sug<\/strong> og <strong data-start=\"1256\" data-end=\"1270\">Power-tilstand<\/strong> til <strong data-start=\"1275\" data-end=\"1308\">st\u00e6rkere, mere intense skyer<\/strong>. Skift blot mellem dem for en skr\u00e6ddersyet vaping-oplevelse.<\/p>\n<\/li>\n<li class=\"\" data-start=\"1374\" data-end=\"1614\">\n<p class=\"\" data-start=\"1377\" data-end=\"1614\"><strong data-start=\"1377\" data-end=\"1437\">Hvordan justerer jeg luftstr\u00f8mmen p\u00e5 Bang King Vape 36000?<\/strong><br data-start=\"1437\" data-end=\"1440\" \/>Den <strong data-start=\"1447\" data-end=\"1486\">ber\u00f8rbart justerbart luftstr\u00f8mssystem<\/strong> giver dig mulighed for at tilpasse din inhalering ved at justere luftindtaget \u2013 perfekt til dem, der foretr\u00e6kker <strong data-start=\"1580\" data-end=\"1611\">enten et stramt eller luftigt sug<\/strong>.<\/p>\n<\/li>\n<li class=\"\" data-start=\"1616\" data-end=\"1807\">\n<p class=\"\" data-start=\"1619\" data-end=\"1807\"><strong data-start=\"1619\" data-end=\"1663\">Kan jeg genoplade Bang King Vape 36000?<\/strong><br data-start=\"1663\" data-end=\"1666\" \/>Ja! Den har en <strong data-start=\"1688\" data-end=\"1717\">Type-C hurtigopladningsport<\/strong>, hvilket sikrer <strong data-start=\"1728\" data-end=\"1762\">hurtig og effektiv genopladning<\/strong> s\u00e5 du kan forts\u00e6tte med at dampe uden lange ventetider.<\/p>\n<\/li>\n<li class=\"\" data-start=\"1809\" data-end=\"2038\">\n<p class=\"\" data-start=\"1812\" data-end=\"2038\"><strong data-start=\"1812\" data-end=\"1874\">Hvordan ved jeg, hvorn\u00e5r min Bang King Vape 36000 er ved at l\u00f8be t\u00f8r?<\/strong><br data-start=\"1874\" data-end=\"1877\" \/>Den <strong data-start=\"1884\" data-end=\"1915\">digitalt display med dobbelt sk\u00e6rm<\/strong> viser <strong data-start=\"1922\" data-end=\"1963\">batteri- og e-v\u00e6skeniveauer i realtid<\/strong>, s\u00e5 du altid ved, hvorn\u00e5r det er tid til at genoplade eller udskifte enheden.<\/p>\n<\/li>\n<\/ol>\n<\/div>\n<\/div>\n<\/div>\n<\/div>","protected":false},"excerpt":{"rendered":"<p class=\"LC20lb MBeuO DKV0Md\">Bang 36000 36k Power Engangs Vape Genopladelig Pust Billig<br \/>\nBang Pust 36k Power Engangs Vape Engangs Vape Kit Engros<br \/>\nDigital Engangs Vape Bang 36000 Fabriksdirekte Salg<\/p>\n<p><strong>Tilf\u00f8j Amys whatsapp for at f\u00e5 korrekt svar og rabatpris!<\/strong><\/p>\n<p><img fetchpriority=\"high\" decoding=\"async\" class=\"size-full wp-image-2932\" src=\"https:\/\/vapestornado.com\/wp-content\/uploads\/2024\/12\/Vape-Wholesale.jpg\" alt=\"Vape Engros\" width=\"229\" height=\"300\" \/><\/p>\n<h3><a href=\"https:\/\/wa.me\/8617776015835\"><span style=\"color: #ff0000;\"><strong>WhatsApp: +86 17776015835<\/strong><\/span><\/a><\/h3>\n<p>&nbsp;<\/p>","protected":false},"featured_media":4066,"comment_status":"open","ping_status":"closed","template":"","meta":{"_acf_changed":false,"_uag_custom_page_level_css":"","_lmt_disableupdate":"no","_lmt_disable":"","_monsterinsights_skip_tracking":false,"_monsterinsights_sitenote_active":false,"_monsterinsights_sitenote_note":"","_monsterinsights_sitenote_category":0,"site-sidebar-layout":"default","site-content-layout":"","ast-site-content-layout":"default","site-content-style":"default","site-sidebar-style":"default","ast-global-header-display":"","ast-banner-title-visibility":"","ast-main-header-display":"","ast-hfb-above-header-display":"","ast-hfb-below-header-display":"","ast-hfb-mobile-header-display":"","site-post-title":"","ast-breadcrumbs-content":"","ast-featured-img":"","footer-sml-layout":"","ast-disable-related-posts":"","theme-transparent-header-meta":"default","adv-header-id-meta":"","stick-header-meta":"","header-above-stick-meta":"","header-main-stick-meta":"","header-below-stick-meta":"","astra-migrate-meta-layouts":"set","ast-page-background-enabled":"default","ast-page-background-meta":{"desktop":{"background-color":"","background-image":"","background-repeat":"repeat","background-position":"center center","background-size":"auto","background-attachment":"scroll","background-type":"","background-media":"","overlay-type":"","overlay-color":"","overlay-opacity":"","overlay-gradient":""},"tablet":{"background-color":"","background-image":"","background-repeat":"repeat","background-position":"center center","background-size":"auto","background-attachment":"scroll","background-type":"","background-media":"","overlay-type":"","overlay-color":"","overlay-opacity":"","overlay-gradient":""},"mobile":{"background-color":"","background-image":"","background-repeat":"repeat","background-position":"center center","background-size":"auto","background-attachment":"scroll","background-type":"","background-media":"","overlay-type":"","overlay-color":"","overlay-opacity":"","overlay-gradient":""}},"ast-content-background-meta":{"desktop":{"background-color":"var(--ast-global-color-5)","background-image":"","background-repeat":"repeat","background-position":"center center","background-size":"auto","background-attachment":"scroll","background-type":"","background-media":"","overlay-type":"","overlay-color":"","overlay-opacity":"","overlay-gradient":""},"tablet":{"background-color":"var(--ast-global-color-5)","background-image":"","background-repeat":"repeat","background-position":"center center","background-size":"auto","background-attachment":"scroll","background-type":"","background-media":"","overlay-type":"","overlay-color":"","overlay-opacity":"","overlay-gradient":""},"mobile":{"background-color":"var(--ast-global-color-5)","background-image":"","background-repeat":"repeat","background-position":"center center","background-size":"auto","background-attachment":"scroll","background-type":"","background-media":"","overlay-type":"","overlay-color":"","overlay-opacity":"","overlay-gradient":""}},"_joinchat":{"telephone":"17776015835"}},"product_brand":[],"product_cat":[66,63,151,158,142,146],"product_tag":[315,314,105,313],"class_list":{"0":"post-4067","1":"product","2":"type-product","3":"status-publish","4":"has-post-thumbnail","6":"product_cat-36000-puff","7":"product_cat-bangking","8":"product_cat-buy-disposable-vapes-in-france","9":"product_cat-buy-disposable-vapes-in-spain","10":"product_cat-digital-box-disposable-vapes","11":"product_cat-rechargeable-disposable-vapes","12":"product_tag-bang-king-36000","13":"product_tag-bang-king-vape","14":"product_tag-digital-disposable-vape","15":"product_tag-vape-with-digital-screen","16":"desktop-align-left","17":"tablet-align-left","18":"mobile-align-left","20":"first","21":"instock","22":"sale","23":"shipping-taxable","24":"purchasable","25":"product-type-simple"},"acf":[],"uagb_featured_image_src":{"full":["https:\/\/vapestornado.com\/wp-content\/uploads\/2025\/04\/Bang-King-Constellation-36000-Puffs-Disposable-Vape.webp",800,800,false],"thumbnail":["https:\/\/vapestornado.com\/wp-content\/uploads\/2025\/04\/Bang-King-Constellation-36000-Puffs-Disposable-Vape-150x150.webp",150,150,true],"medium":["https:\/\/vapestornado.com\/wp-content\/uploads\/2025\/04\/Bang-King-Constellation-36000-Puffs-Disposable-Vape-300x300.webp",300,300,true],"medium_large":["https:\/\/vapestornado.com\/wp-content\/uploads\/2025\/04\/Bang-King-Constellation-36000-Puffs-Disposable-Vape-768x768.webp",768,768,true],"large":["https:\/\/vapestornado.com\/wp-content\/uploads\/2025\/04\/Bang-King-Constellation-36000-Puffs-Disposable-Vape.webp",800,800,false],"1536x1536":["https:\/\/vapestornado.com\/wp-content\/uploads\/2025\/04\/Bang-King-Constellation-36000-Puffs-Disposable-Vape.webp",800,800,false],"2048x2048":["https:\/\/vapestornado.com\/wp-content\/uploads\/2025\/04\/Bang-King-Constellation-36000-Puffs-Disposable-Vape.webp",800,800,false],"trp-custom-language-flag":["https:\/\/vapestornado.com\/wp-content\/uploads\/2025\/04\/Bang-King-Constellation-36000-Puffs-Disposable-Vape.webp",12,12,false],"woocommerce_thumbnail":["https:\/\/vapestornado.com\/wp-content\/uploads\/2025\/04\/Bang-King-Constellation-36000-Puffs-Disposable-Vape-300x300.webp",300,300,true],"woocommerce_single":["https:\/\/vapestornado.com\/wp-content\/uploads\/2025\/04\/Bang-King-Constellation-36000-Puffs-Disposable-Vape-600x600.webp",600,600,true],"woocommerce_gallery_thumbnail":["https:\/\/vapestornado.com\/wp-content\/uploads\/2025\/04\/Bang-King-Constellation-36000-Puffs-Disposable-Vape-100x100.webp",100,100,true]},"uagb_author_info":{"display_name":"ESAMY","author_link":"https:\/\/vapestornado.com\/da\/author\/"},"uagb_comment_info":0,"uagb_excerpt":"Bang 36000 36k Power Disposable Vape Rechargeable Puff Cheap Bang Puff 36k Power Disposable Vape Disposable Vape Kit Wholesale Digital Disposable Vape Bang 36000 Factory Direct Sale Add Amy's whatsapp to get right reply and discount price! WhatsApp: +86 17776015835 &nbsp;","_links":{"self":[{"href":"https:\/\/vapestornado.com\/da\/wp-json\/wp\/v2\/product\/4067","targetHints":{"allow":["GET"]}}],"collection":[{"href":"https:\/\/vapestornado.com\/da\/wp-json\/wp\/v2\/product"}],"about":[{"href":"https:\/\/vapestornado.com\/da\/wp-json\/wp\/v2\/types\/product"}],"replies":[{"embeddable":true,"href":"https:\/\/vapestornado.com\/da\/wp-json\/wp\/v2\/comments?post=4067"}],"wp:featuredmedia":[{"embeddable":true,"href":"https:\/\/vapestornado.com\/da\/wp-json\/wp\/v2\/media\/4066"}],"wp:attachment":[{"href":"https:\/\/vapestornado.com\/da\/wp-json\/wp\/v2\/media?parent=4067"}],"wp:term":[{"taxonomy":"product_brand","embeddable":true,"href":"https:\/\/vapestornado.com\/da\/wp-json\/wp\/v2\/product_brand?post=4067"},{"taxonomy":"product_cat","embeddable":true,"href":"https:\/\/vapestornado.com\/da\/wp-json\/wp\/v2\/product_cat?post=4067"},{"taxonomy":"product_tag","embeddable":true,"href":"https:\/\/vapestornado.com\/da\/wp-json\/wp\/v2\/product_tag?post=4067"}],"curies":[{"name":"wp","href":"https:\/\/api.w.org\/{rel}","templated":true}]}}