{"id":4047,"date":"2025-04-01T10:04:57","date_gmt":"2025-04-01T10:04:57","guid":{"rendered":"https:\/\/vapestornado.com\/?post_type=product&#038;p=4047"},"modified":"2025-08-23T12:00:28","modified_gmt":"2025-08-23T12:00:28","slug":"aivono-fatpro-22000-puffs-shisha-hookah-digital-screen-wholesaledisposables-vape-pod-shop-on-line-copy","status":"publish","type":"product","link":"https:\/\/vapestornado.com\/da\/product\/aivono-fatpro-22000-puffs-shisha-hookah-digital-screen-wholesaledisposables-vape-pod-shop-on-line-copy\/","title":{"rendered":"AIVONO Fatpro 22000 Pust Shisha Vandpibe Digital Sk\u00e6rm Engros"},"content":{"rendered":"<h1 data-pm-slice=\"1 1 []\">AIVONO Fatpro 22000 Pust Shisha Vandpibe Digital Sk\u00e6rm Engros<\/h1>\n<p class=\"\" data-start=\"1287\" data-end=\"1418\">Den <strong data-start=\"310\" data-end=\"362\">AIVONO Fatpro 22000 Puffs Engangs Shisha Vape<\/strong> er udviklet til distribut\u00f8rer og vape-butikker, der s\u00f8ger en f\u00f8rsteklasses, langtidsholdbar enhed. Leverer op til <strong data-start=\"470\" data-end=\"486\">22.000 sug<\/strong> med en gener\u00f8s <strong data-start=\"503\" data-end=\"529\">28 ml e-v\u00e6ske kapacitet<\/strong>, sikrer denne hookah-stil vape forl\u00e6nget brug og ensartet tilfredshed.<\/p>\n<p>Udstyret med en <strong data-start=\"629\" data-end=\"655\">digital display-sk\u00e6rm<\/strong>, kan brugerne nemt overv\u00e5ge batterilevetid og e-v\u00e6skeniveauer i realtid. Den <strong data-start=\"733\" data-end=\"762\">0.6\u03a9 mesh coil teknologi<\/strong> forbedrer dampdensiteten og smagsrigdommen, mens <strong data-start=\"817\" data-end=\"845\">Type-C genopladelige port<\/strong> garanterer hurtige opstarter.<\/p>\n<p>Tilg\u00e6ngelig i <strong data-start=\"896\" data-end=\"919\">10 sp\u00e6ndende smagsvarianter<\/strong>, fra frugtagtige blandinger til iskolde og slik-inspirerede muligheder, appellerer AIVONO Fatpro 22K til forskellige smag. Med sin kombination af <strong data-start=\"1047\" data-end=\"1123\">h\u00f8jt antal sug, p\u00e5lidelig ydeevne og konkurrencedygtige engrospriser<\/strong>, er det et topvalg for detailhandlere, der udvider deres lager med bulk engangs vapes.<\/p>\n<p data-start=\"666\" data-end=\"1235\"><strong style=\"font-size: 16px;\"><span style=\"color: #ff0000;\">Tilf\u00f8j Amy's WhatsApp for at f\u00e5 et direkte svar og en god pris!<\/span><\/strong><\/p>\n<p><img fetchpriority=\"high\" decoding=\"async\" class=\"size-full wp-image-2932\" src=\"https:\/\/vapestornado.com\/wp-content\/uploads\/2024\/12\/Vape-Wholesale.jpg\" alt=\"Vape Engros\" width=\"229\" height=\"300\" \/><\/p>\n<h3><a href=\"https:\/\/wa.me\/8617776015835\" target=\"_blank\" rel=\"noopener\"><span style=\"color: #ff0000;\"><strong>WhatsApp: +86 17776015835<\/strong><\/span><\/a><\/h3>\n<p>&nbsp;<\/p>\n<h2><strong>AIVONO Fatpro 22000 Vigtigste Produktfunktioner<\/strong><\/h2>\n<ul>\n<li><strong>22.000 Pust<\/strong>\u00a0\u2013 En af de mest langtidsholdbare engangs-vapes p\u00e5 markedet.<\/li>\n<li><strong>28 ml E-v\u00e6ske Kapacitet<\/strong>\u00a0\u2013 Ingen genopfyldning n\u00f8dvendig, bare ren vaping-nydelse.<\/li>\n<li><strong>600mAh Genopladeligt Batteri<\/strong>\u00a0(Ren Cobalt Core Tech) \u2013 Effektiv str\u00f8m til forl\u00e6nget brug.<\/li>\n<li><strong>0,6\u03a9 Mesh Coil<\/strong>\u00a0\u2013 Forbedrer smag og damp produktion for en f\u00f8rsteklasses oplevelse.<\/li>\n<li><strong>Digital Sk\u00e6rmvisning<\/strong>\u00a0\u2013 Overv\u00e5ger batterilevetid og e-v\u00e6skeniveauer for nemheds skyld.<\/li>\n<li><strong>Type-C Hurtig Opladning<\/strong>\u00a0\u2013 Hurtig genopladning for uafbrudte sessioner.<\/li>\n<li><strong>DTL (Direkte-til-Lunge) Design<\/strong>\u00a0\u2013 Ideel til dybe, tilfredsstillende inhalationer.<\/li>\n<li><strong>Flere Nikotinmuligheder (0%\/2%\/3%\/5%)<\/strong>\u00a0\u2013 Tilpasset alle pr\u00e6ferencer.<\/li>\n<li><strong>Letv\u00e6gt<\/strong>\u00a0\u2013 Let at b\u00e6re overalt.<\/li>\n<li><strong>Engros<\/strong>\u00a0\u2013 Bulk ordrer tilg\u00e6ngelige (200 stykker pr. kasse).<\/li>\n<\/ul>\n<h2 class=\"product-title\"><strong>AIVONO Fatpro 22k Pust Engangs Smagsliste<\/strong><\/h2>\n<article class=\"w-full text-token-text-primary focus-visible:outline-2 focus-visible:outline-offset-[-4px]\" dir=\"auto\" data-testid=\"conversation-turn-32\" data-scroll-anchor=\"false\">\n<div class=\"m-auto text-base py-[18px] px-6\">\n<div class=\"mx-auto flex flex-1 text-base gap-4 md:gap-5 lg:gap-6 md:max-w-3xl lg:max-w-[40rem] xl:max-w-[48rem]\">\n<div class=\"group\/conversation-turn relative flex w-full min-w-0 flex-col @xs\/thread:px-0 @sm\/thread:px-1.5 @md\/thread:px-4\">\n<div class=\"flex-col gap-1 md:gap-3\">\n<div class=\"flex max-w-full flex-col flex-grow\">\n<div class=\"min-h-8 text-message flex w-full flex-col items-end gap-2 whitespace-normal break-words text-start [.text-message+&amp;]:mt-5\" dir=\"auto\" data-message-author-role=\"user\" data-message-id=\"ffac41ca-1db4-431b-873a-32c4052956f1\">\n<div class=\"flex w-full flex-col gap-1 empty:hidden items-end rtl:items-start\">\n<div class=\"relative max-w-[var(--user-chat-width,70%)] rounded-3xl bg-token-message-surface px-5 py-2.5\">\n<div class=\"absolute bottom-0 right-full top-0 -mr-3.5 hidden pr-5 pt-2 [.group\/conversation-turn:hover_&amp;]:flex\">\n<div class=\"flex\">\n<article class=\"w-full text-token-text-primary focus-visible:outline-2 focus-visible:outline-offset-[-4px]\" dir=\"auto\" data-testid=\"conversation-turn-39\" data-scroll-anchor=\"true\">\n<div class=\"m-auto text-base py-[18px] px-6\">\n<div class=\"mx-auto flex flex-1 text-base gap-4 md:gap-5 lg:gap-6 md:max-w-3xl lg:max-w-[40rem] xl:max-w-[48rem]\">\n<div class=\"group\/conversation-turn relative flex w-full min-w-0 flex-col agent-turn @xs\/thread:px-0 @sm\/thread:px-1.5 @md\/thread:px-4\">\n<div class=\"flex-col gap-1 md:gap-3\">\n<div class=\"flex max-w-full flex-col flex-grow\">\n<div class=\"min-h-8 text-message flex w-full flex-col items-end gap-2 whitespace-normal break-words text-start [.text-message+&amp;]:mt-5\" dir=\"auto\" data-message-author-role=\"assistant\" data-message-id=\"55a23854-ec57-48dd-bd4f-6118f43d6241\" data-message-model-slug=\"gpt-4o\">\n<div class=\"flex w-full flex-col gap-1 empty:hidden first:pt-[3px]\">\n<div class=\"markdown prose w-full break-words dark:prose-invert light\">\n<p>L\u00f8ft din vaping-rejse med\u00a0<strong>AIVONO Fatpro 22000 Pust<\/strong>\u00a0og dets exceptionelle udvalg af h\u00e5ndlavede smagsvarianter. Hver variant er ekspertblandet for at levere en distinkt og tilfredsstillende oplevelse, der sikrer, at hvert pust er lige s\u00e5 mindev\u00e6rdigt som det sidste.<\/p>\n<p>1. Twin Apple Bliss: En perfekt duet af spr\u00f8de r\u00f8de og gr\u00f8nne \u00e6blesmage, der kombinerer naturlig s\u00f8dme med en forfriskende syrlighed for en revitaliserende vape.<\/p>\n<p>2. Grape Frost: Saftige lilla druer m\u00f8der en opl\u00f8ftende mintagtig kulde, hvilket skaber en sofistikeret blanding, der b\u00e5de er frugtagtig og forfriskende k\u00f8lig.<\/p>\n<p>3. Arctic Watermelon: Ultra-s\u00f8de vandmelonsmage forst\u00e6rkes af en glacial mentholfinish, der leverer den ultimative t\u00f8rstslukkende fornemmelse.<\/p>\n<p>4. Frozen Berry Medley: En levende blanding af jordb\u00e6r, bl\u00e5b\u00e6r og bromb\u00e6r, afsluttet med en iskold ud\u00e5nding for en perfekt afbalanceret frugtagtig kulde.<\/p>\n<p>5. Blueberry Bubble: En legende genskabelse af klassisk tyggegummi, der spr\u00e6nger med autentisk bl\u00e5b\u00e6rs\u00f8dme og en glat, sej finish.<\/p>\n<p>6. Ruby Berry Fusion: L\u00e6kre kirseb\u00e6r fletter sig sammen med syrlige hindb\u00e6r, hvilket skaber en dynamisk smagsprofil, der b\u00e5de er dristig og uimodst\u00e5eligt saftig.<\/p>\n<p>7. Iced Peach Paradise: Modne, solkyssede ferskner fremh\u00e6ves af en frostklar mentholbrise, hvilket g\u00f8r dette til en tropisk flugt hele \u00e5ret rundt.<\/p>\n<p>8. Enigma Elixir: En mystisk og fortryllende blanding af eksotiske frugter med subtile blomsternoter, designet til at fange og gl\u00e6de sanserne.<\/p>\n<p>9. Dr\u00f8mmelandskab: En cremet, lagdelt blanding af tropiske og b\u00e6rnoter, der tilbyder en bl\u00f8d og dr\u00f8mmelignende dampoplevelse.<\/p>\n<p>10. Jordb\u00e6r Splash: Spr\u00e6ngfyldt med den naturlige s\u00f8dme af friskplukkede jordb\u00e6r, denne smag leverer et lyst, saftigt punch med hver ind\u00e5nding.<\/p>\n<figure id=\"attachment_4020\" aria-describedby=\"caption-attachment-4020\" style=\"width: 800px\" class=\"wp-caption alignnone\"><img decoding=\"async\" class=\"wp-image-4020 size-full\" src=\"https:\/\/vapestornado.com\/wp-content\/uploads\/2025\/03\/AIVONO-22000-Disposable-Puff-Bar.webp\" alt=\"AIVONO 22000 Engangs Puff Bar\" width=\"800\" height=\"800\" srcset=\"https:\/\/vapestornado.com\/wp-content\/uploads\/2025\/03\/AIVONO-22000-Disposable-Puff-Bar.webp 800w, https:\/\/vapestornado.com\/wp-content\/uploads\/2025\/03\/AIVONO-22000-Disposable-Puff-Bar-300x300.webp 300w, https:\/\/vapestornado.com\/wp-content\/uploads\/2025\/03\/AIVONO-22000-Disposable-Puff-Bar-150x150.webp 150w, https:\/\/vapestornado.com\/wp-content\/uploads\/2025\/03\/AIVONO-22000-Disposable-Puff-Bar-768x768.webp 768w, https:\/\/vapestornado.com\/wp-content\/uploads\/2025\/03\/AIVONO-22000-Disposable-Puff-Bar-600x600.webp 600w, https:\/\/vapestornado.com\/wp-content\/uploads\/2025\/03\/AIVONO-22000-Disposable-Puff-Bar-100x100.webp 100w\" sizes=\"(max-width: 800px) 100vw, 800px\" \/><figcaption id=\"caption-attachment-4020\" class=\"wp-caption-text\">AIVONO 22000 Engangs Puff Bar<\/figcaption><\/figure>\n<p>&nbsp;<\/p>\n<\/div>\n<\/div>\n<\/div>\n<\/div>\n<\/div>\n<\/div>\n<\/div>\n<\/div>\n<\/article>\n<\/div>\n<\/div>\n<\/div>\n<\/div>\n<\/div>\n<\/div>\n<\/div>\n<\/div>\n<\/div>\n<\/div>\n<\/article>\n<h2>Hvorfor v\u00e6lge Vapestornado til AIVONO Fatpro 22000Puff K\u00f8b?<\/h2>\n<div class=\"flex-shrink-0 flex flex-col relative items-end\">\n<div class=\"pt-0\">\n<div class=\"gizmo-bot-avatar flex h-8 w-8 items-center justify-center overflow-hidden rounded-full\">\n<div class=\"relative p-1 rounded-sm flex items-center justify-center bg-token-main-surface-primary text-token-text-primary h-8 w-8\">\n<p>At\u00a0<strong>VapeTornado<\/strong>, vi s\u00e6tter en \u00e6re i at levere\u00a0<strong>f\u00f8rsteklasses vaping-produkter til uovertrufne priser<\/strong>\u2014og AIVONO Fatpro 22000 er ingen undtagelse! Her er hvorfor du b\u00f8r k\u00f8be fra os:<\/p>\n<p><strong>Bedste engrospriser<\/strong>\u00a0\u2013 Vi tilbyder\u00a0<strong>konkurrencedygtige bulkpriser<\/strong><span style=\"font-size: 16px;\">, hvilket g\u00f8r os til det bedste valg for forhandlere og vapebutikker.<\/span><\/p>\n<p><strong>Hurtig<\/strong>\u00a0\u2013 F\u00e5 din ordre leveret\u00a0<strong>hurtigt og sikkert<\/strong>, med forsendelsesmuligheder til hele verden.<br \/>\n<strong>100 % Autentiske produkter<\/strong>\u00a0\u2013 Ingen efterligninger \u2013 kun\u00a0<strong>\u00e6gte WASPE Triple engangsartikler<\/strong>\u00a0med verificeret kvalitet.<br \/>\n<strong>Fremragende kundesupport<\/strong>\u00a0\u2013 Har du sp\u00f8rgsm\u00e5l? Vores\u00a0<strong>vape-eksperter<\/strong> er klar til at hj\u00e6lpe dig d\u00f8gnet rundt.<\/p>\n<p data-start=\"559\" data-end=\"933\" data-is-last-node=\"\" data-is-only-node=\"\">Vi har ogs\u00e5 nogle andre popul\u00e6re vapes med sk\u00e6rm som <a href=\"https:\/\/vapestornado.com\/da\/product\/vapme-goat-40000-puff-40k-hookah-shisha-pen-price-wholesale-e-cigarette\/\">Vapme Gede 40000 Shisha<\/a>, <a href=\"https:\/\/vapestornado.com\/da\/product\/2025-new-vopk-ultra-40000-puffs-double-flavor-disposable-vape-factory-suppliers\/\">VOPK 40000 2 i 1 Engangs Vape<\/a>, <a href=\"https:\/\/vapestornado.com\/da\/product\/bang-beach-22000-20k-puff-disposable-vape-pen-with-screen-reddit-hot\/\">Bang Beach 22000<\/a>, og mere.<\/p>\n<\/div>\n<div class=\"relative p-1 rounded-sm flex items-center justify-center bg-token-main-surface-primary text-token-text-primary h-8 w-8\">\n<h2>OFTE STILLEDE SP\u00d8RGSM\u00c5L<\/h2>\n<p><strong>1. Hvor l\u00e6nge holder AIVONO Fatpro 22000?<\/strong><\/p>\n<p>Med\u00a0<strong>22.000 sug<\/strong>, denne enhed holder betydeligt l\u00e6ngere end standard engangsdampe. Afh\u00e6ngigt af brugen kan den tjene moderate dampere i uger eller endda m\u00e5neder.<\/p>\n<p><strong>2. Er AIVONO Fatpro genopladelig?<\/strong><\/p>\n<p>Ja! Den har en\u00a0<strong>Type-C genopladelige port<\/strong>\u00a0og et\u00a0<strong>600mAh batteri<\/strong>, s\u00e5 du fuldt ud kan udnytte\u00a0<strong>28 ml e-v\u00e6ske kapacitet<\/strong>\u00a0uden at l\u00f8be t\u00f8r for str\u00f8m.<\/p>\n<p><strong>3. Hvilke nikotinstyrker er tilg\u00e6ngelige?<\/strong><\/p>\n<p>AIVONO Fatpro tilbyder\u00a0<strong>0% (nikotinfri), 2%, 3% og 5% nikotinsalt<\/strong>\u00a0muligheder, der henvender sig til alle typer dampere.<\/p>\n<p><strong>4. Underst\u00f8tter den dybe lungesug (DTL)?<\/strong><\/p>\n<p>Ja! Den\u00a0<strong>0,6\u03a9 mesh coil<\/strong>\u00a0og\u00a0<strong>DTL design<\/strong>\u00a0g\u00f8r den ideel til direkte-til-lunge ind\u00e5ndinger, hvilket producerer\u00a0<strong>glatte, smagfulde skyer<\/strong>.<\/p>\n<\/div>\n<\/div>\n<\/div>\n<\/div>","protected":false},"excerpt":{"rendered":"<p class=\"LC20lb MBeuO DKV0Md\">Den <strong data-start=\"1217\" data-end=\"1250\">AIVONO Fatpro 22K Shisha Vape<\/strong> tilbyder 22.000 sug, digitalt display og mesh coil-teknologi. Et godt valg for <strong data-start=\"1334\" data-end=\"1359\">bulk engrosordrer<\/strong>.<\/p>\n<p><strong>Tilf\u00f8j Amys whatsapp for at f\u00e5 korrekt svar og rabatpris!<\/strong><\/p>\n<p><img fetchpriority=\"high\" decoding=\"async\" class=\"size-full wp-image-2932\" src=\"https:\/\/vapestornado.com\/wp-content\/uploads\/2024\/12\/Vape-Wholesale.jpg\" alt=\"Vape Engros\" width=\"229\" height=\"300\" \/><\/p>\n<h3><a href=\"https:\/\/wa.me\/8617776015835\"><span style=\"color: #ff0000;\"><strong>WhatsApp: +86 17776015835<\/strong><\/span><\/a><\/h3>\n<p>&nbsp;<\/p>","protected":false},"featured_media":4026,"comment_status":"open","ping_status":"closed","template":"","meta":{"_acf_changed":false,"_uag_custom_page_level_css":"","_lmt_disableupdate":"no","_lmt_disable":"","_monsterinsights_skip_tracking":false,"_monsterinsights_sitenote_active":false,"_monsterinsights_sitenote_note":"","_monsterinsights_sitenote_category":0,"site-sidebar-layout":"default","site-content-layout":"","ast-site-content-layout":"default","site-content-style":"default","site-sidebar-style":"default","ast-global-header-display":"","ast-banner-title-visibility":"","ast-main-header-display":"","ast-hfb-above-header-display":"","ast-hfb-below-header-display":"","ast-hfb-mobile-header-display":"","site-post-title":"","ast-breadcrumbs-content":"","ast-featured-img":"","footer-sml-layout":"","ast-disable-related-posts":"","theme-transparent-header-meta":"default","adv-header-id-meta":"","stick-header-meta":"","header-above-stick-meta":"","header-main-stick-meta":"","header-below-stick-meta":"","astra-migrate-meta-layouts":"set","ast-page-background-enabled":"default","ast-page-background-meta":{"desktop":{"background-color":"","background-image":"","background-repeat":"repeat","background-position":"center center","background-size":"auto","background-attachment":"scroll","background-type":"","background-media":"","overlay-type":"","overlay-color":"","overlay-opacity":"","overlay-gradient":""},"tablet":{"background-color":"","background-image":"","background-repeat":"repeat","background-position":"center center","background-size":"auto","background-attachment":"scroll","background-type":"","background-media":"","overlay-type":"","overlay-color":"","overlay-opacity":"","overlay-gradient":""},"mobile":{"background-color":"","background-image":"","background-repeat":"repeat","background-position":"center center","background-size":"auto","background-attachment":"scroll","background-type":"","background-media":"","overlay-type":"","overlay-color":"","overlay-opacity":"","overlay-gradient":""}},"ast-content-background-meta":{"desktop":{"background-color":"var(--ast-global-color-5)","background-image":"","background-repeat":"repeat","background-position":"center center","background-size":"auto","background-attachment":"scroll","background-type":"","background-media":"","overlay-type":"","overlay-color":"","overlay-opacity":"","overlay-gradient":""},"tablet":{"background-color":"var(--ast-global-color-5)","background-image":"","background-repeat":"repeat","background-position":"center center","background-size":"auto","background-attachment":"scroll","background-type":"","background-media":"","overlay-type":"","overlay-color":"","overlay-opacity":"","overlay-gradient":""},"mobile":{"background-color":"var(--ast-global-color-5)","background-image":"","background-repeat":"repeat","background-position":"center center","background-size":"auto","background-attachment":"scroll","background-type":"","background-media":"","overlay-type":"","overlay-color":"","overlay-opacity":"","overlay-gradient":""}},"_joinchat":{"telephone":"17776015835"}},"product_brand":[],"product_cat":[176,154,147],"product_tag":[308,105,284,296,94],"class_list":{"0":"post-4047","1":"product","2":"type-product","3":"status-publish","4":"has-post-thumbnail","6":"product_cat-aivono-vape","7":"product_cat-buy-disposable-vapes-in-netherlands","8":"product_cat-shisha-hookah-disposable-vapes","9":"product_tag-aivono-fatpro-22000","10":"product_tag-digital-disposable-vape","11":"product_tag-disposable-shisha","12":"product_tag-puff-bar","13":"product_tag-rechargeable-disposable-vape","14":"desktop-align-left","15":"tablet-align-left","16":"mobile-align-left","18":"first","19":"instock","20":"sale","21":"shipping-taxable","22":"purchasable","23":"product-type-simple"},"acf":[],"uagb_featured_image_src":{"full":["https:\/\/vapestornado.com\/wp-content\/uploads\/2025\/03\/Wholesale-Vape-Original-Ainovo-Aim-Fatpro-22000-Puffs.webp",800,800,false],"thumbnail":["https:\/\/vapestornado.com\/wp-content\/uploads\/2025\/03\/Wholesale-Vape-Original-Ainovo-Aim-Fatpro-22000-Puffs-150x150.webp",150,150,true],"medium":["https:\/\/vapestornado.com\/wp-content\/uploads\/2025\/03\/Wholesale-Vape-Original-Ainovo-Aim-Fatpro-22000-Puffs-300x300.webp",300,300,true],"medium_large":["https:\/\/vapestornado.com\/wp-content\/uploads\/2025\/03\/Wholesale-Vape-Original-Ainovo-Aim-Fatpro-22000-Puffs-768x768.webp",768,768,true],"large":["https:\/\/vapestornado.com\/wp-content\/uploads\/2025\/03\/Wholesale-Vape-Original-Ainovo-Aim-Fatpro-22000-Puffs.webp",800,800,false],"1536x1536":["https:\/\/vapestornado.com\/wp-content\/uploads\/2025\/03\/Wholesale-Vape-Original-Ainovo-Aim-Fatpro-22000-Puffs.webp",800,800,false],"2048x2048":["https:\/\/vapestornado.com\/wp-content\/uploads\/2025\/03\/Wholesale-Vape-Original-Ainovo-Aim-Fatpro-22000-Puffs.webp",800,800,false],"trp-custom-language-flag":["https:\/\/vapestornado.com\/wp-content\/uploads\/2025\/03\/Wholesale-Vape-Original-Ainovo-Aim-Fatpro-22000-Puffs.webp",12,12,false],"woocommerce_thumbnail":["https:\/\/vapestornado.com\/wp-content\/uploads\/2025\/03\/Wholesale-Vape-Original-Ainovo-Aim-Fatpro-22000-Puffs-300x300.webp",300,300,true],"woocommerce_single":["https:\/\/vapestornado.com\/wp-content\/uploads\/2025\/03\/Wholesale-Vape-Original-Ainovo-Aim-Fatpro-22000-Puffs-600x600.webp",600,600,true],"woocommerce_gallery_thumbnail":["https:\/\/vapestornado.com\/wp-content\/uploads\/2025\/03\/Wholesale-Vape-Original-Ainovo-Aim-Fatpro-22000-Puffs-100x100.webp",100,100,true]},"uagb_author_info":{"display_name":"ESAMY","author_link":"https:\/\/vapestornado.com\/da\/author\/"},"uagb_comment_info":0,"uagb_excerpt":"The AIVONO Fatpro 22K Shisha Vape offers 22,000 puffs, digital display, and mesh coil technology. A great choice for bulk wholesale orders. Add Amy's whatsapp to get right reply and discount price! WhatsApp: +86 17776015835 &nbsp;","_links":{"self":[{"href":"https:\/\/vapestornado.com\/da\/wp-json\/wp\/v2\/product\/4047","targetHints":{"allow":["GET"]}}],"collection":[{"href":"https:\/\/vapestornado.com\/da\/wp-json\/wp\/v2\/product"}],"about":[{"href":"https:\/\/vapestornado.com\/da\/wp-json\/wp\/v2\/types\/product"}],"replies":[{"embeddable":true,"href":"https:\/\/vapestornado.com\/da\/wp-json\/wp\/v2\/comments?post=4047"}],"wp:featuredmedia":[{"embeddable":true,"href":"https:\/\/vapestornado.com\/da\/wp-json\/wp\/v2\/media\/4026"}],"wp:attachment":[{"href":"https:\/\/vapestornado.com\/da\/wp-json\/wp\/v2\/media?parent=4047"}],"wp:term":[{"taxonomy":"product_brand","embeddable":true,"href":"https:\/\/vapestornado.com\/da\/wp-json\/wp\/v2\/product_brand?post=4047"},{"taxonomy":"product_cat","embeddable":true,"href":"https:\/\/vapestornado.com\/da\/wp-json\/wp\/v2\/product_cat?post=4047"},{"taxonomy":"product_tag","embeddable":true,"href":"https:\/\/vapestornado.com\/da\/wp-json\/wp\/v2\/product_tag?post=4047"}],"curies":[{"name":"wp","href":"https:\/\/api.w.org\/{rel}","templated":true}]}}