{"id":4044,"date":"2025-03-30T09:23:45","date_gmt":"2025-03-30T09:23:45","guid":{"rendered":"https:\/\/vapestornado.com\/?post_type=product&#038;p=4044"},"modified":"2025-08-23T11:57:41","modified_gmt":"2025-08-23T11:57:41","slug":"bang-king-30000-pro-puff-30k-disposable-device-wholesale-price","status":"publish","type":"product","link":"https:\/\/vapestornado.com\/da\/product\/bang-king-30000-pro-puff-30k-disposable-device-wholesale-price\/","title":{"rendered":"Bang King 30000 Pro Puff 30k Engangs Vape Engrospris"},"content":{"rendered":"<h1 data-pm-slice=\"1 1 []\">Bang King 30000 Pro Puff 30k Engangs Vape Engrospris<\/h1>\n<p>Den <strong data-start=\"383\" data-end=\"427\">Bang King 30000 Pro Puff Engangs Vape<\/strong> er udviklet til grossister og detailhandlere, der \u00f8nsker at lagerf\u00f8re en f\u00f8rsteklasses, langtidsholdbar enhed. Tilbyder op til <strong data-start=\"537\" data-end=\"553\">30.000 sug<\/strong>, denne engangs vape leverer udvidede sessioner med ensartet smagskvalitet. Dens <strong data-start=\"634\" data-end=\"671\">36 ml forudfyldte e-v\u00e6ske kapacitet<\/strong> og <strong data-start=\"676\" data-end=\"694\">1,0\u03a9 mesh coil<\/strong> sikrer j\u00e6vn damp og rig smag fra f\u00f8rste til sidste inhalering.<\/p>\n<p>Drevet af en <strong data-start=\"787\" data-end=\"818\">850mAh genopladelige batteri<\/strong> med <strong data-start=\"824\" data-end=\"848\">Type-C hurtigopladning<\/strong>garanterer Bang King 30K Pro Puff uafbrudt brug. Nikotinstyrke muligheder p\u00e5 <strong data-start=\"936\" data-end=\"958\">Tilbyder flere nikotinstyrke muligheder\u2014<\/strong> g\u00f8r den velegnet til en bred vifte af kunder, mens <strong data-start=\"1013\" data-end=\"1044\">12 ekspertblandede smagsvarianter<\/strong> giver alsidighed til enhver smagspr\u00e6ference.<\/p>\n<p>For bulk-k\u00f8bere er denne enhed en st\u00e6rk performer p\u00e5 det <strong data-start=\"1159\" data-end=\"1195\">engrosmarked for engangs vapes<\/strong>, der kombinerer holdbarhed, premium smag og konkurrencedygtige priser. Et p\u00e5lideligt valg for butikker, der s\u00f8ger e-cigaretter med h\u00f8j eftersp\u00f8rgsel og stor kapacitet.<\/p>\n<h2><strong>Produktets H\u00f8jdepunkter:<\/strong><\/h2>\n<p>\u2714\u00a0<strong>30.000 sug<\/strong>\u00a0\u2013 Ultra-langvarig ydeevne for udvidet nydelse.<br \/>\n\u2714\u00a0<strong>36mL e-v\u00e6ske kapacitet<\/strong>\u00a0\u2013 Ingen genopfyldninger n\u00f8dvendige, kun ren dampningsgl\u00e6de.<br \/>\n\u2714\u00a0<strong>Enkelt smagssystem<\/strong>\u00a0\u2013 Ekspertfremstillede smage, der forbliver rige og ensartede under hele brugen.<br \/>\n\u2714\u00a0<strong>Genopladelig Type-C Port<\/strong>\u00a0\u2013 Udstyret med en\u00a0<strong>850mAh batteri<\/strong>\u00a0for uafbrudte sessioner.<br \/>\n\u2714\u00a0<strong>1,0\u03a9 Mesh Coil<\/strong>\u00a0\u2013 Forbedrer smagsleveringen for en bl\u00f8dere, mere intens oplevelse.<br \/>\n\u2714\u00a0<strong>Flere nikotinstyrker (0%\/2%\/3%\/5%)<\/strong>\u00a0\u2013 Tilpasset alle pr\u00e6ferencer.<br \/>\n\u2714\u00a0<strong>12 l\u00e6kre smage tilg\u00e6ngelige<\/strong>\u00a0\u2013 Et udvalg af muligheder, der passer til enhver smag.<\/p>\n<p>Perfekt til\u00a0<strong>engrosk\u00f8bere og detailhandlere<\/strong>,\u00a0<strong>Bang King 30K Pro Puf<\/strong>\u00a0er en engangs-vape i topklasse, der garanterer kundetilfredshed med sit\u00a0<strong>h\u00f8je antal pust, f\u00f8rsteklasses smagskonsistens og bekvemmelighed<\/strong>.<\/p>\n<p data-start=\"666\" data-end=\"1235\"><strong style=\"font-size: 16px;\"><span style=\"color: #ff0000;\">Tilf\u00f8j Amy's WhatsApp for at f\u00e5 et direkte svar og en god pris!<\/span><\/strong><\/p>\n<p><img fetchpriority=\"high\" decoding=\"async\" class=\"size-full wp-image-2932\" src=\"https:\/\/vapestornado.com\/wp-content\/uploads\/2024\/12\/Vape-Wholesale.jpg\" alt=\"Vape Engros\" width=\"229\" height=\"300\" \/><\/p>\n<h3><a href=\"https:\/\/wa.me\/8617776015835\" target=\"_blank\" rel=\"noopener\"><span style=\"color: #ff0000;\"><strong>WhatsApp: +86 17776015835<\/strong><\/span><\/a><\/h3>\n<p>&nbsp;<\/p>\n<h2><strong>Bang King 30000 Pro N\u00f8gleproduktfunktioner<\/strong><\/h2>\n<p>M\u00e6rke: Bang King<br \/>\nNikotin: 0%\/2%\/3%\/5%<br \/>\nPust: 30000 pust<br \/>\nBatteri: 850 mah<br \/>\nKapacitet: 36ML<br \/>\nModstand: 1,0 \u03a9 mesh coil<br \/>\nGenopladelig: type-C<br \/>\nEngangs-enhed<br \/>\n12 smagsvarianter tilg\u00e6ngelige<\/p>\n<p>&nbsp;<\/p>\n<figure id=\"attachment_4033\" aria-describedby=\"caption-attachment-4033\" style=\"width: 800px\" class=\"wp-caption alignnone\"><img decoding=\"async\" class=\"wp-image-4033 size-full\" src=\"https:\/\/vapestornado.com\/wp-content\/uploads\/2025\/03\/Bang-King-30K-30000-PRO-Puffs-Disposable-Vape-Pen.webp\" alt=\"Bang King 30K 30000 PRO Pust Engangs Vape Pen\" width=\"800\" height=\"800\" srcset=\"https:\/\/vapestornado.com\/wp-content\/uploads\/2025\/03\/Bang-King-30K-30000-PRO-Puffs-Disposable-Vape-Pen.webp 800w, https:\/\/vapestornado.com\/wp-content\/uploads\/2025\/03\/Bang-King-30K-30000-PRO-Puffs-Disposable-Vape-Pen-300x300.webp 300w, https:\/\/vapestornado.com\/wp-content\/uploads\/2025\/03\/Bang-King-30K-30000-PRO-Puffs-Disposable-Vape-Pen-150x150.webp 150w, https:\/\/vapestornado.com\/wp-content\/uploads\/2025\/03\/Bang-King-30K-30000-PRO-Puffs-Disposable-Vape-Pen-768x768.webp 768w, https:\/\/vapestornado.com\/wp-content\/uploads\/2025\/03\/Bang-King-30K-30000-PRO-Puffs-Disposable-Vape-Pen-600x600.webp 600w, https:\/\/vapestornado.com\/wp-content\/uploads\/2025\/03\/Bang-King-30K-30000-PRO-Puffs-Disposable-Vape-Pen-100x100.webp 100w\" sizes=\"(max-width: 800px) 100vw, 800px\" \/><figcaption id=\"caption-attachment-4033\" class=\"wp-caption-text\">Bang King 30K 30000 PRO Pust Engangs Vape Pen<\/figcaption><\/figure>\n<h2 class=\"product-title\"><strong>Bang King 30000 Pust Engangs Pod Smagsliste<\/strong><\/h2>\n<article class=\"w-full text-token-text-primary focus-visible:outline-2 focus-visible:outline-offset-[-4px]\" dir=\"auto\" data-testid=\"conversation-turn-32\" data-scroll-anchor=\"false\">\n<div class=\"m-auto text-base py-[18px] px-6\">\n<div class=\"mx-auto flex flex-1 text-base gap-4 md:gap-5 lg:gap-6 md:max-w-3xl lg:max-w-[40rem] xl:max-w-[48rem]\">\n<div class=\"group\/conversation-turn relative flex w-full min-w-0 flex-col @xs\/thread:px-0 @sm\/thread:px-1.5 @md\/thread:px-4\">\n<div class=\"flex-col gap-1 md:gap-3\">\n<div class=\"flex max-w-full flex-col flex-grow\">\n<div class=\"min-h-8 text-message flex w-full flex-col items-end gap-2 whitespace-normal break-words text-start [.text-message+&amp;]:mt-5\" dir=\"auto\" data-message-author-role=\"user\" data-message-id=\"ffac41ca-1db4-431b-873a-32c4052956f1\">\n<div class=\"flex w-full flex-col gap-1 empty:hidden items-end rtl:items-start\">\n<div class=\"relative max-w-[var(--user-chat-width,70%)] rounded-3xl bg-token-message-surface px-5 py-2.5\">\n<div class=\"absolute bottom-0 right-full top-0 -mr-3.5 hidden pr-5 pt-2 [.group\/conversation-turn:hover_&amp;]:flex\">\n<div class=\"flex\">\n<article class=\"w-full text-token-text-primary focus-visible:outline-2 focus-visible:outline-offset-[-4px]\" dir=\"auto\" data-testid=\"conversation-turn-39\" data-scroll-anchor=\"true\">\n<div class=\"m-auto text-base py-[18px] px-6\">\n<div class=\"mx-auto flex flex-1 text-base gap-4 md:gap-5 lg:gap-6 md:max-w-3xl lg:max-w-[40rem] xl:max-w-[48rem]\">\n<div class=\"group\/conversation-turn relative flex w-full min-w-0 flex-col agent-turn @xs\/thread:px-0 @sm\/thread:px-1.5 @md\/thread:px-4\">\n<div class=\"flex-col gap-1 md:gap-3\">\n<div class=\"flex max-w-full flex-col flex-grow\">\n<div class=\"min-h-8 text-message flex w-full flex-col items-end gap-2 whitespace-normal break-words text-start [.text-message+&amp;]:mt-5\" dir=\"auto\" data-message-author-role=\"assistant\" data-message-id=\"55a23854-ec57-48dd-bd4f-6118f43d6241\" data-message-model-slug=\"gpt-4o\">\n<div class=\"flex w-full flex-col gap-1 empty:hidden first:pt-[3px]\">\n<div class=\"markdown prose w-full break-words dark:prose-invert light\">\n<p>1.Jordb\u00e6r Vandmelon<br \/>\n2.Bl\u00e5b\u00e6r-is<br \/>\n3. Frisk Mynte<br \/>\n4. Jordb\u00e6r Vindrue<br \/>\n5. Bl\u00e5b\u00e6r Traneb\u00e6r Kirseb\u00e6r<br \/>\n6. Vandmelon<br \/>\n7. Jordb\u00e6r Kiwi<br \/>\n8. Mynte Bl\u00e5 Hindb\u00e6r<br \/>\n9. Triple B\u00e6r<br \/>\n10. Vandmelon Kirseb\u00e6r<br \/>\n11.Hindb\u00e6r Dark Sparkle<br \/>\n12.Bl\u00e5b\u00e6r Hindb\u00e6r<\/p>\n<\/div>\n<\/div>\n<\/div>\n<\/div>\n<\/div>\n<\/div>\n<\/div>\n<\/div>\n<\/article>\n<\/div>\n<\/div>\n<\/div>\n<\/div>\n<\/div>\n<\/div>\n<\/div>\n<\/div>\n<\/div>\n<\/div>\n<\/article>\n<h2>Hvorfor v\u00e6lge Vapestornado til k\u00f8b af Bang King 30000 Pro?<\/h2>\n<div class=\"flex-shrink-0 flex flex-col relative items-end\">\n<div class=\"pt-0\">\n<div class=\"gizmo-bot-avatar flex h-8 w-8 items-center justify-center overflow-hidden rounded-full\">\n<div class=\"relative p-1 rounded-sm flex items-center justify-center bg-token-main-surface-primary text-token-text-primary h-8 w-8\">\n<p>At\u00a0<strong>VapeTornado<\/strong>, vi s\u00e6tter en \u00e6re i at levere\u00a0<strong>f\u00f8rsteklasses vaping-produkter til uovertrufne priser<\/strong>\u2014og Bang King 30000 Pro er ingen undtagelse! Her er hvorfor du b\u00f8r k\u00f8be fra os:<\/p>\n<p><strong>Bedste engrospriser<\/strong>\u00a0\u2013 Vi tilbyder\u00a0<strong>konkurrencedygtige bulkpriser<\/strong><span style=\"font-size: 16px;\">, hvilket g\u00f8r os til det bedste valg for forhandlere og vapebutikker.<\/span><\/p>\n<p><strong>Hurtig<\/strong>\u00a0\u2013 F\u00e5 din ordre leveret\u00a0<strong>hurtigt og sikkert<\/strong>, med forsendelsesmuligheder til hele verden.<br \/>\n<strong>100 % Autentiske produkter<\/strong>\u00a0\u2013 Ingen efterligninger \u2013 kun\u00a0<strong>\u00e6gte WASPE Triple engangsartikler<\/strong>\u00a0med verificeret kvalitet.<br \/>\n<strong>Fremragende kundesupport<\/strong>\u00a0\u2013 Har du sp\u00f8rgsm\u00e5l? Vores\u00a0<strong>vape-eksperter<\/strong> er klar til at hj\u00e6lpe dig d\u00f8gnet rundt.<\/p>\n<p data-start=\"559\" data-end=\"933\" data-is-last-node=\"\" data-is-only-node=\"\">Vi har ogs\u00e5 nogle andre popul\u00e6re vapes med sk\u00e6rm som <a href=\"https:\/\/vapestornado.com\/da\/product\/mesii-couple-50k-disposable-shisha-hookah-50000-puffs-vape-with-digital-display\/\">Mesii par 50000<\/a>, <a href=\"https:\/\/vapestornado.com\/da\/product\/vopk-cool-9000-puffs-disposable-vapes-bar-puff-9k\/\">VOPK 9000 Pust Engangs Vape<\/a>, <a href=\"https:\/\/vapestornado.com\/da\/product\/bang-beach-22000-20k-puff-disposable-vape-pen-with-screen-reddit-hot\/\">Bang Beach 22000<\/a>, og mere.<\/p>\n<\/div>\n<div class=\"relative p-1 rounded-sm flex items-center justify-center bg-token-main-surface-primary text-token-text-primary h-8 w-8\">\n<h2>Ofte stillede sp\u00f8rgsm\u00e5l for Bang King 30000<\/h2>\n<h3><strong>1. Hvor l\u00e6nge holder Bang King 30K Pro Puff?<\/strong><\/h3>\n<p>Med\u00a0<strong>30.000 sug<\/strong>, denne enhed kan holde betydeligt l\u00e6ngere end standard engangsdampe, afh\u00e6ngigt af brugsfrekvensen. For moderate dampere kan den holde i uger eller endda m\u00e5neder.<\/p>\n<h3><strong>2. Er Bang King 30K genopladelig?<\/strong><\/h3>\n<p>Ja! Den har en\u00a0<strong>Type-C genopladelige port<\/strong>, s\u00e5 du kan maksimere\u00a0<strong>36mL e-v\u00e6ske kapacitet<\/strong>\u00a0uden at batteridr\u00e6n afbryder din oplevelse.<\/p>\n<h3><strong>3. Hvilke nikotinstyrker er tilg\u00e6ngelige?<\/strong><\/h3>\n<p>Den\u00a0<strong>Bang King 30K Pro Puf<\/strong>\u00a0kommer i\u00a0<strong>0% (nikotinfri), 2%, 3%, og 5% nikotin<\/strong>\u00a0muligheder, der henvender sig til b\u00e5de afslappede og erfarne dampere.<\/p>\n<h3><strong>4. Er smagen ensartet under hele brugen?<\/strong><\/h3>\n<p>Absolut! Takket v\u00e6re dens\u00a0<strong>single-flavor system og 1.0\u03a9 mesh-coil<\/strong>, forbliver smagen rig og ensartet fra f\u00f8rste sug til sidste.<\/p>\n<\/div>\n<\/div>\n<\/div>\n<\/div>","protected":false},"excerpt":{"rendered":"<p class=\"LC20lb MBeuO DKV0Md\">Den <strong data-start=\"1343\" data-end=\"1374\">Bang King 30K Pro Puff Vape<\/strong> tilbyder 30.000 sug, 36 ml e-v\u00e6ske og genopladelig bekvemmelighed. En p\u00e5lidelig, smagfuld engangs vape til engros bulkpriser.<\/p>\n<p><strong>Tilf\u00f8j Amys whatsapp for at f\u00e5 korrekt svar og rabatpris!<\/strong><\/p>\n<p><img fetchpriority=\"high\" decoding=\"async\" class=\"size-full wp-image-2932\" src=\"https:\/\/vapestornado.com\/wp-content\/uploads\/2024\/12\/Vape-Wholesale.jpg\" alt=\"Vape Engros\" width=\"229\" height=\"300\" \/><\/p>\n<h3><a href=\"https:\/\/wa.me\/8617776015835\"><span style=\"color: #ff0000;\"><strong>WhatsApp: +86 17776015835<\/strong><\/span><\/a><\/h3>\n<p>&nbsp;<\/p>","protected":false},"featured_media":4037,"comment_status":"open","ping_status":"closed","template":"","meta":{"_acf_changed":false,"_uag_custom_page_level_css":"","_lmt_disableupdate":"no","_lmt_disable":"","_monsterinsights_skip_tracking":false,"_monsterinsights_sitenote_active":false,"_monsterinsights_sitenote_note":"","_monsterinsights_sitenote_category":0,"site-sidebar-layout":"default","site-content-layout":"","ast-site-content-layout":"default","site-content-style":"default","site-sidebar-style":"default","ast-global-header-display":"","ast-banner-title-visibility":"","ast-main-header-display":"","ast-hfb-above-header-display":"","ast-hfb-below-header-display":"","ast-hfb-mobile-header-display":"","site-post-title":"","ast-breadcrumbs-content":"","ast-featured-img":"","footer-sml-layout":"","ast-disable-related-posts":"","theme-transparent-header-meta":"default","adv-header-id-meta":"","stick-header-meta":"","header-above-stick-meta":"","header-main-stick-meta":"","header-below-stick-meta":"","astra-migrate-meta-layouts":"set","ast-page-background-enabled":"default","ast-page-background-meta":{"desktop":{"background-color":"","background-image":"","background-repeat":"repeat","background-position":"center center","background-size":"auto","background-attachment":"scroll","background-type":"","background-media":"","overlay-type":"","overlay-color":"","overlay-opacity":"","overlay-gradient":""},"tablet":{"background-color":"","background-image":"","background-repeat":"repeat","background-position":"center center","background-size":"auto","background-attachment":"scroll","background-type":"","background-media":"","overlay-type":"","overlay-color":"","overlay-opacity":"","overlay-gradient":""},"mobile":{"background-color":"","background-image":"","background-repeat":"repeat","background-position":"center center","background-size":"auto","background-attachment":"scroll","background-type":"","background-media":"","overlay-type":"","overlay-color":"","overlay-opacity":"","overlay-gradient":""}},"ast-content-background-meta":{"desktop":{"background-color":"var(--ast-global-color-5)","background-image":"","background-repeat":"repeat","background-position":"center center","background-size":"auto","background-attachment":"scroll","background-type":"","background-media":"","overlay-type":"","overlay-color":"","overlay-opacity":"","overlay-gradient":""},"tablet":{"background-color":"var(--ast-global-color-5)","background-image":"","background-repeat":"repeat","background-position":"center center","background-size":"auto","background-attachment":"scroll","background-type":"","background-media":"","overlay-type":"","overlay-color":"","overlay-opacity":"","overlay-gradient":""},"mobile":{"background-color":"var(--ast-global-color-5)","background-image":"","background-repeat":"repeat","background-position":"center center","background-size":"auto","background-attachment":"scroll","background-type":"","background-media":"","overlay-type":"","overlay-color":"","overlay-opacity":"","overlay-gradient":""}},"_joinchat":{"telephone":"17776015835"}},"product_brand":[],"product_cat":[67,63,151,144,146],"product_tag":[305,306,105,94,302],"class_list":{"0":"post-4044","1":"product","2":"type-product","3":"status-publish","4":"has-post-thumbnail","6":"product_cat-30000-puff","7":"product_cat-bangking","8":"product_cat-buy-disposable-vapes-in-france","9":"product_cat-low-nicotine-disposable-vapes","10":"product_cat-rechargeable-disposable-vapes","11":"product_tag-bang-king","12":"product_tag-bang-king-30000","13":"product_tag-digital-disposable-vape","14":"product_tag-rechargeable-disposable-vape","15":"product_tag-vape-box-mod","16":"desktop-align-left","17":"tablet-align-left","18":"mobile-align-left","20":"first","21":"instock","22":"sale","23":"shipping-taxable","24":"purchasable","25":"product-type-simple"},"acf":[],"uagb_featured_image_src":{"full":["https:\/\/vapestornado.com\/wp-content\/uploads\/2025\/03\/Bang-King-30000-Puffs-Disposable-Vape-Best-Price.webp",800,800,false],"thumbnail":["https:\/\/vapestornado.com\/wp-content\/uploads\/2025\/03\/Bang-King-30000-Puffs-Disposable-Vape-Best-Price-150x150.webp",150,150,true],"medium":["https:\/\/vapestornado.com\/wp-content\/uploads\/2025\/03\/Bang-King-30000-Puffs-Disposable-Vape-Best-Price-300x300.webp",300,300,true],"medium_large":["https:\/\/vapestornado.com\/wp-content\/uploads\/2025\/03\/Bang-King-30000-Puffs-Disposable-Vape-Best-Price-768x768.webp",768,768,true],"large":["https:\/\/vapestornado.com\/wp-content\/uploads\/2025\/03\/Bang-King-30000-Puffs-Disposable-Vape-Best-Price.webp",800,800,false],"1536x1536":["https:\/\/vapestornado.com\/wp-content\/uploads\/2025\/03\/Bang-King-30000-Puffs-Disposable-Vape-Best-Price.webp",800,800,false],"2048x2048":["https:\/\/vapestornado.com\/wp-content\/uploads\/2025\/03\/Bang-King-30000-Puffs-Disposable-Vape-Best-Price.webp",800,800,false],"trp-custom-language-flag":["https:\/\/vapestornado.com\/wp-content\/uploads\/2025\/03\/Bang-King-30000-Puffs-Disposable-Vape-Best-Price.webp",12,12,false],"woocommerce_thumbnail":["https:\/\/vapestornado.com\/wp-content\/uploads\/2025\/03\/Bang-King-30000-Puffs-Disposable-Vape-Best-Price-300x300.webp",300,300,true],"woocommerce_single":["https:\/\/vapestornado.com\/wp-content\/uploads\/2025\/03\/Bang-King-30000-Puffs-Disposable-Vape-Best-Price-600x600.webp",600,600,true],"woocommerce_gallery_thumbnail":["https:\/\/vapestornado.com\/wp-content\/uploads\/2025\/03\/Bang-King-30000-Puffs-Disposable-Vape-Best-Price-100x100.webp",100,100,true]},"uagb_author_info":{"display_name":"ESAMY","author_link":"https:\/\/vapestornado.com\/da\/author\/"},"uagb_comment_info":0,"uagb_excerpt":"The Bang King 30K Pro Puff Vape offers 30,000 puffs, 36ml e-liquid, and rechargeable convenience. A reliable, flavorful disposable at wholesale bulk prices. Add Amy's whatsapp to get right reply and discount price! WhatsApp: +86 17776015835 &nbsp;","_links":{"self":[{"href":"https:\/\/vapestornado.com\/da\/wp-json\/wp\/v2\/product\/4044","targetHints":{"allow":["GET"]}}],"collection":[{"href":"https:\/\/vapestornado.com\/da\/wp-json\/wp\/v2\/product"}],"about":[{"href":"https:\/\/vapestornado.com\/da\/wp-json\/wp\/v2\/types\/product"}],"replies":[{"embeddable":true,"href":"https:\/\/vapestornado.com\/da\/wp-json\/wp\/v2\/comments?post=4044"}],"wp:featuredmedia":[{"embeddable":true,"href":"https:\/\/vapestornado.com\/da\/wp-json\/wp\/v2\/media\/4037"}],"wp:attachment":[{"href":"https:\/\/vapestornado.com\/da\/wp-json\/wp\/v2\/media?parent=4044"}],"wp:term":[{"taxonomy":"product_brand","embeddable":true,"href":"https:\/\/vapestornado.com\/da\/wp-json\/wp\/v2\/product_brand?post=4044"},{"taxonomy":"product_cat","embeddable":true,"href":"https:\/\/vapestornado.com\/da\/wp-json\/wp\/v2\/product_cat?post=4044"},{"taxonomy":"product_tag","embeddable":true,"href":"https:\/\/vapestornado.com\/da\/wp-json\/wp\/v2\/product_tag?post=4044"}],"curies":[{"name":"wp","href":"https:\/\/api.w.org\/{rel}","templated":true}]}}