{"id":4043,"date":"2025-03-29T08:48:24","date_gmt":"2025-03-29T08:48:24","guid":{"rendered":"https:\/\/vapestornado.com\/?post_type=product&#038;p=4043"},"modified":"2025-08-23T12:28:58","modified_gmt":"2025-08-23T12:28:58","slug":"bang-32000-puff-vape-box-mod-with-digital-screen-cheap-pricedisposable-vape-kit-best-price-copy","status":"publish","type":"product","link":"https:\/\/vapestornado.com\/da\/product\/bang-32000-puff-vape-box-mod-with-digital-screen-cheap-pricedisposable-vape-kit-best-price-copy\/","title":{"rendered":"Bang 32000 Puff Vape Box Mod med Digital Sk\u00e6rm Billig Pris"},"content":{"rendered":"<h1 data-pm-slice=\"1 1 []\">Bang 32000 Puff Vape Box Mod med Digital Sk\u00e6rm Billig Pris<\/h1>\n<p class=\"\" data-start=\"673\" data-end=\"1205\">Den <strong data-start=\"88\" data-end=\"124\">Bang 32000 Pust Engangs Vape<\/strong> omdefinerer vaping-oplevelsen med sin massive pustkapacitet, smarte digitale sk\u00e6rm og tilpasselige indstillinger. Designet til b\u00e5de afslappede og erfarne dampere, tilbyder denne enhed en enest\u00e5ende kombination af ydeevne, lang levetid og bekvemmelighed.<\/p>\n<p data-start=\"673\" data-end=\"1205\"><strong>Hvorfor er Bang 32000 blevet en popul\u00e6r digital sk\u00e6rm vape?<\/strong><\/p>\n<p class=\"\" data-start=\"405\" data-end=\"607\"><strong data-start=\"407\" data-end=\"437\">Valgbare Nikotinniveauer<\/strong> \u2013 V\u00e6lg mellem 0%, 2%, 3% eller 5% nikotinstyrke for at matche dine pr\u00e6ferencer. Uanset om du nyder en nikotinfri vape eller et st\u00e6rkere hit, im\u00f8dekommer denne enhed dine behov.<\/p>\n<p class=\"\" data-start=\"609\" data-end=\"755\"><strong data-start=\"611\" data-end=\"635\">32.000 Pust Kapacitet<\/strong> \u2013 En game-changer p\u00e5 markedet for engangs vapes, der sikrer langvarig brug uden behov for hyppige udskiftninger.<\/p>\n<p class=\"\" data-start=\"757\" data-end=\"883\"><strong data-start=\"759\" data-end=\"787\">Stor 32mL E-v\u00e6ske Tank<\/strong> \u2013 Leverer udvidede vaping-sessioner med rige, dristige smagsvarianter, hvilket minimerer behovet for genopfyldninger.<\/p>\n<p class=\"\" data-start=\"885\" data-end=\"1019\"><strong data-start=\"887\" data-end=\"919\">Avanceret 0.5\u03a9 Dobbelt Mesh Coil<\/strong> \u2013 Forbedrer dampproduktionen og smagskonsistensen, hvilket giver en j\u00e6vn og tilfredsstillende oplevelse.<\/p>\n<p class=\"\" data-start=\"1021\" data-end=\"1143\"><strong data-start=\"1023\" data-end=\"1047\">Smart Digital Sk\u00e6rm<\/strong> \u2013 Hold dig informeret med realtidsopdateringer om batteri- og e-v\u00e6skeniveau, hvilket eliminerer g\u00e6tv\u00e6rk.<\/p>\n<p class=\"\" data-start=\"1145\" data-end=\"1285\"><strong data-start=\"1147\" data-end=\"1204\">650mAh Genopladeligt Batteri med Type-C Hurtig Opladning<\/strong> \u2013 Sikrer vaping hele dagen med hurtig opladning for \u00f8get bekvemmelighed.<\/p>\n<p class=\"\" data-start=\"1287\" data-end=\"1418\"><strong data-start=\"1289\" data-end=\"1318\">Justerbare effektindstillinger<\/strong> \u2013 Tilpas din vapingoplevelse med variabel effekt, hvilket giver dig kontrol over hvert sug.<\/p>\n<p data-start=\"666\" data-end=\"1235\"><strong style=\"font-size: 16px;\"><span style=\"color: #ff0000;\">Tilf\u00f8j Amy's WhatsApp for at f\u00e5 et direkte svar og en god pris!<\/span><\/strong><\/p>\n<p><img fetchpriority=\"high\" decoding=\"async\" class=\"size-full wp-image-2932\" src=\"https:\/\/vapestornado.com\/wp-content\/uploads\/2024\/12\/Vape-Wholesale.jpg\" alt=\"Vape Engros\" width=\"229\" height=\"300\" \/><\/p>\n<h3><a href=\"https:\/\/wa.me\/8617776015835\" target=\"_blank\" rel=\"noopener\"><span style=\"color: #ff0000;\"><strong>WhatsApp: +86 17776015835<\/strong><\/span><\/a><\/h3>\n<p>&nbsp;<\/p>\n<h2><strong>Bang 32000 Puffs Vigtigste Produktfunktioner<\/strong><\/h2>\n<p>M\u00e6rke: Bang Vape<br \/>\nPust: 32000 Pust<br \/>\nE-v\u00e6ske: 32 ml<br \/>\nBatteri: 650mAh Genopladeligt Batteri<br \/>\nJusterbar Effekt<br \/>\nDigitalt Display for Olie og Batteri<\/p>\n<h2 class=\"product-title\"><strong>Bang 32000 32k Pust Engangs Pod Smagsliste<\/strong><\/h2>\n<article class=\"w-full text-token-text-primary focus-visible:outline-2 focus-visible:outline-offset-[-4px]\" dir=\"auto\" data-testid=\"conversation-turn-32\" data-scroll-anchor=\"false\">\n<div class=\"m-auto text-base py-[18px] px-6\">\n<div class=\"mx-auto flex flex-1 text-base gap-4 md:gap-5 lg:gap-6 md:max-w-3xl lg:max-w-[40rem] xl:max-w-[48rem]\">\n<div class=\"group\/conversation-turn relative flex w-full min-w-0 flex-col @xs\/thread:px-0 @sm\/thread:px-1.5 @md\/thread:px-4\">\n<div class=\"flex-col gap-1 md:gap-3\">\n<div class=\"flex max-w-full flex-col flex-grow\">\n<div class=\"min-h-8 text-message flex w-full flex-col items-end gap-2 whitespace-normal break-words text-start [.text-message+&amp;]:mt-5\" dir=\"auto\" data-message-author-role=\"user\" data-message-id=\"ffac41ca-1db4-431b-873a-32c4052956f1\">\n<div class=\"flex w-full flex-col gap-1 empty:hidden items-end rtl:items-start\">\n<div class=\"relative max-w-[var(--user-chat-width,70%)] rounded-3xl bg-token-message-surface px-5 py-2.5\">\n<div class=\"absolute bottom-0 right-full top-0 -mr-3.5 hidden pr-5 pt-2 [.group\/conversation-turn:hover_&amp;]:flex\">\n<div class=\"flex\">\n<article class=\"w-full text-token-text-primary focus-visible:outline-2 focus-visible:outline-offset-[-4px]\" dir=\"auto\" data-testid=\"conversation-turn-39\" data-scroll-anchor=\"true\">\n<div class=\"m-auto text-base py-[18px] px-6\">\n<div class=\"mx-auto flex flex-1 text-base gap-4 md:gap-5 lg:gap-6 md:max-w-3xl lg:max-w-[40rem] xl:max-w-[48rem]\">\n<div class=\"group\/conversation-turn relative flex w-full min-w-0 flex-col agent-turn @xs\/thread:px-0 @sm\/thread:px-1.5 @md\/thread:px-4\">\n<div class=\"flex-col gap-1 md:gap-3\">\n<div class=\"flex max-w-full flex-col flex-grow\">\n<div class=\"min-h-8 text-message flex w-full flex-col items-end gap-2 whitespace-normal break-words text-start [.text-message+&amp;]:mt-5\" dir=\"auto\" data-message-author-role=\"assistant\" data-message-id=\"55a23854-ec57-48dd-bd4f-6118f43d6241\" data-message-model-slug=\"gpt-4o\">\n<div class=\"flex w-full flex-col gap-1 empty:hidden first:pt-[3px]\">\n<div class=\"markdown prose w-full break-words dark:prose-invert light\">\n<p>1.Bl\u00e5b\u00e6r Hindb\u00e6r<br \/>\n2.Vandmelon Kirseb\u00e6r<br \/>\n3.Bl\u00e5b\u00e6r Is<br \/>\n4.Vandmelon is<br \/>\n5.Jordb\u00e6r Vandmelon<br \/>\n6.Jordb\u00e6r Kiwi<br \/>\n7.Red Bull<br \/>\n8.Vandmelon Tyggegummi<br \/>\n9.Drue Is<br \/>\n10.Fersken Mango<br \/>\n11.Fersken Is<br \/>\n12. Blandet frugt<\/p>\n<figure id=\"attachment_4042\" aria-describedby=\"caption-attachment-4042\" style=\"width: 800px\" class=\"wp-caption alignnone\"><img decoding=\"async\" class=\"wp-image-4042 size-full\" src=\"https:\/\/vapestornado.com\/wp-content\/uploads\/2025\/03\/Bang-King-32000-Puffs-Disposable-Vape.webp\" alt=\"Bang King 32000 Pust Engangs Vape\" width=\"800\" height=\"800\" srcset=\"https:\/\/vapestornado.com\/wp-content\/uploads\/2025\/03\/Bang-King-32000-Puffs-Disposable-Vape.webp 800w, https:\/\/vapestornado.com\/wp-content\/uploads\/2025\/03\/Bang-King-32000-Puffs-Disposable-Vape-300x300.webp 300w, https:\/\/vapestornado.com\/wp-content\/uploads\/2025\/03\/Bang-King-32000-Puffs-Disposable-Vape-150x150.webp 150w, https:\/\/vapestornado.com\/wp-content\/uploads\/2025\/03\/Bang-King-32000-Puffs-Disposable-Vape-768x768.webp 768w, https:\/\/vapestornado.com\/wp-content\/uploads\/2025\/03\/Bang-King-32000-Puffs-Disposable-Vape-600x600.webp 600w, https:\/\/vapestornado.com\/wp-content\/uploads\/2025\/03\/Bang-King-32000-Puffs-Disposable-Vape-100x100.webp 100w\" sizes=\"(max-width: 800px) 100vw, 800px\" \/><figcaption id=\"caption-attachment-4042\" class=\"wp-caption-text\">Bang King 32000 Pust Engangs Vape<\/figcaption><\/figure>\n<\/div>\n<\/div>\n<\/div>\n<\/div>\n<\/div>\n<\/div>\n<\/div>\n<\/div>\n<\/article>\n<\/div>\n<\/div>\n<\/div>\n<\/div>\n<\/div>\n<\/div>\n<\/div>\n<\/div>\n<\/div>\n<\/div>\n<\/article>\n<h2>Hvorfor v\u00e6lge Vapestornado til Bang 32k Pust K\u00f8b?<\/h2>\n<div class=\"flex-shrink-0 flex flex-col relative items-end\">\n<div class=\"pt-0\">\n<div class=\"gizmo-bot-avatar flex h-8 w-8 items-center justify-center overflow-hidden rounded-full\">\n<div class=\"relative p-1 rounded-sm flex items-center justify-center bg-token-main-surface-primary text-token-text-primary h-8 w-8\">\n<p>At\u00a0<strong>VapeTornado<\/strong>, vi s\u00e6tter en \u00e6re i at levere\u00a0<strong>f\u00f8rsteklasses vaping-produkter til uovertrufne priser<\/strong>\u2014og Bang Vape 32000 pust er ingen undtagelse! Her er hvorfor du b\u00f8r k\u00f8be fra os:<\/p>\n<p><strong>Bedste engrospriser<\/strong>\u00a0\u2013 Vi tilbyder\u00a0<strong>konkurrencedygtige bulkpriser<\/strong><span style=\"font-size: 16px;\">, hvilket g\u00f8r os til det bedste valg for forhandlere og vapebutikker.<\/span><\/p>\n<p><strong>Hurtig<\/strong>\u00a0\u2013 F\u00e5 din ordre leveret\u00a0<strong>hurtigt og sikkert<\/strong>, med forsendelsesmuligheder til hele verden.<br \/>\n<strong>100 % Autentiske produkter<\/strong>\u00a0\u2013 Ingen efterligninger \u2013 kun\u00a0<strong>\u00e6gte WASPE Triple engangsartikler<\/strong>\u00a0med verificeret kvalitet.<br \/>\n<strong>Fremragende kundesupport<\/strong>\u00a0\u2013 Har du sp\u00f8rgsm\u00e5l? Vores\u00a0<strong>vape-eksperter<\/strong> er klar til at hj\u00e6lpe dig d\u00f8gnet rundt.<\/p>\n<p data-start=\"559\" data-end=\"933\" data-is-last-node=\"\" data-is-only-node=\"\">Vi har ogs\u00e5 nogle andre popul\u00e6re vapes med sk\u00e6rm som <a href=\"https:\/\/vapestornado.com\/da\/product\/mesii-couple-50k-disposable-shisha-hookah-50000-puffs-vape-with-digital-display\/\">Mesii par 50000<\/a>, <a href=\"https:\/\/vapestornado.com\/da\/product\/vopk-cool-9000-puffs-disposable-vapes-bar-puff-9k\/\">VOPK 9000 Pust Engangs Vape<\/a>, <a href=\"https:\/\/vapestornado.com\/da\/product\/bang-beach-22000-20k-puff-disposable-vape-pen-with-screen-reddit-hot\/\">Bang Beach 22000<\/a>, og mere.<\/p>\n<\/div>\n<div class=\"relative p-1 rounded-sm flex items-center justify-center bg-token-main-surface-primary text-token-text-primary h-8 w-8\">\n<h2>OFTE STILLEDE SP\u00d8RGSM\u00c5L<\/h2>\n<p class=\"\" data-start=\"1758\" data-end=\"1922\"><strong data-start=\"1758\" data-end=\"1821\">1. Hvor l\u00e6nge holder Bang 32000 Pust Engangs Vape?<\/strong><br data-start=\"1821\" data-end=\"1824\" \/>Enheden holder op til 32.000 pust, hvilket kan variere baseret p\u00e5 brugsfrekvens og str\u00f8mindstillinger.<\/p>\n<p class=\"\" data-start=\"1924\" data-end=\"2076\"><strong data-start=\"1924\" data-end=\"1972\">2. Kan jeg genoplade Bang 32000 Pust Vape?<\/strong><br data-start=\"1972\" data-end=\"1975\" \/>Ja, den leveres med et 650mAh genopladeligt batteri og underst\u00f8tter hurtig Type-C opladning for bekvemmelighed.<\/p>\n<p class=\"\" data-start=\"2078\" data-end=\"2250\"><strong data-start=\"2078\" data-end=\"2132\">3. Hvordan tjekker jeg batteri- og e-v\u00e6skeniveauet?<\/strong><br data-start=\"2132\" data-end=\"2135\" \/>Den smarte digitale sk\u00e6rm viser b\u00e5de batterilevetid og oliestand i realtid, hvilket sikrer, at du altid er informeret.<\/p>\n<p class=\"\" data-start=\"2252\" data-end=\"2387\"><strong data-start=\"2252\" data-end=\"2292\">4. Kan nikotinniveauet justeres?<\/strong><br data-start=\"2292\" data-end=\"2295\" \/>Ja, du kan v\u00e6lge mellem 0% , 2%, 3% eller 5% nikotinniveauer, der passer til dine vapingpr\u00e6ferencer.<\/p>\n<\/div>\n<\/div>\n<\/div>\n<\/div>","protected":false},"excerpt":{"rendered":"<p class=\"LC20lb MBeuO DKV0Md\">Bang 32000 Pust Engangs Vape Box Smagsvarianter p\u00e5 Udsalg<br \/>\nHvor Meget Bang 32000 Pust Vape Box Mod Engros<br \/>\nBang 32000 Pust Box Mod Bedste Vape Engros i Holland<\/p>\n<p><strong>Tilf\u00f8j Amys whatsapp for at f\u00e5 korrekt svar og rabatpris!<\/strong><\/p>\n<p><img fetchpriority=\"high\" decoding=\"async\" class=\"size-full wp-image-2932\" src=\"https:\/\/vapestornado.com\/wp-content\/uploads\/2024\/12\/Vape-Wholesale.jpg\" alt=\"Vape Engros\" width=\"229\" height=\"300\" \/><\/p>\n<h3><a href=\"https:\/\/wa.me\/8617776015835\"><span style=\"color: #ff0000;\"><strong>WhatsApp: +86 17776015835<\/strong><\/span><\/a><\/h3>\n<p>&nbsp;<\/p>","protected":false},"featured_media":4038,"comment_status":"open","ping_status":"closed","template":"","meta":{"_acf_changed":false,"_uag_custom_page_level_css":"","_lmt_disableupdate":"no","_lmt_disable":"","_monsterinsights_skip_tracking":false,"_monsterinsights_sitenote_active":false,"_monsterinsights_sitenote_note":"","_monsterinsights_sitenote_category":0,"site-sidebar-layout":"default","site-content-layout":"","ast-site-content-layout":"default","site-content-style":"default","site-sidebar-style":"default","ast-global-header-display":"","ast-banner-title-visibility":"","ast-main-header-display":"","ast-hfb-above-header-display":"","ast-hfb-below-header-display":"","ast-hfb-mobile-header-display":"","site-post-title":"","ast-breadcrumbs-content":"","ast-featured-img":"","footer-sml-layout":"","ast-disable-related-posts":"","theme-transparent-header-meta":"default","adv-header-id-meta":"","stick-header-meta":"","header-above-stick-meta":"","header-main-stick-meta":"","header-below-stick-meta":"","astra-migrate-meta-layouts":"set","ast-page-background-enabled":"default","ast-page-background-meta":{"desktop":{"background-color":"","background-image":"","background-repeat":"repeat","background-position":"center center","background-size":"auto","background-attachment":"scroll","background-type":"","background-media":"","overlay-type":"","overlay-color":"","overlay-opacity":"","overlay-gradient":""},"tablet":{"background-color":"","background-image":"","background-repeat":"repeat","background-position":"center center","background-size":"auto","background-attachment":"scroll","background-type":"","background-media":"","overlay-type":"","overlay-color":"","overlay-opacity":"","overlay-gradient":""},"mobile":{"background-color":"","background-image":"","background-repeat":"repeat","background-position":"center center","background-size":"auto","background-attachment":"scroll","background-type":"","background-media":"","overlay-type":"","overlay-color":"","overlay-opacity":"","overlay-gradient":""}},"ast-content-background-meta":{"desktop":{"background-color":"var(--ast-global-color-5)","background-image":"","background-repeat":"repeat","background-position":"center center","background-size":"auto","background-attachment":"scroll","background-type":"","background-media":"","overlay-type":"","overlay-color":"","overlay-opacity":"","overlay-gradient":""},"tablet":{"background-color":"var(--ast-global-color-5)","background-image":"","background-repeat":"repeat","background-position":"center center","background-size":"auto","background-attachment":"scroll","background-type":"","background-media":"","overlay-type":"","overlay-color":"","overlay-opacity":"","overlay-gradient":""},"mobile":{"background-color":"var(--ast-global-color-5)","background-image":"","background-repeat":"repeat","background-position":"center center","background-size":"auto","background-attachment":"scroll","background-type":"","background-media":"","overlay-type":"","overlay-color":"","overlay-opacity":"","overlay-gradient":""}},"_joinchat":{"telephone":"17776015835"}},"product_brand":[],"product_cat":[262,62,154,156,144],"product_tag":[303,304,105,94,302],"class_list":{"0":"post-4043","1":"product","2":"type-product","3":"status-publish","4":"has-post-thumbnail","6":"product_cat-32000-puff","7":"product_cat-bang-vape","8":"product_cat-buy-disposable-vapes-in-netherlands","9":"product_cat-buy-disposable-vapes-in-poland","10":"product_cat-low-nicotine-disposable-vapes","11":"product_tag-bang-32000","12":"product_tag-bang-32k","13":"product_tag-digital-disposable-vape","14":"product_tag-rechargeable-disposable-vape","15":"product_tag-vape-box-mod","16":"desktop-align-left","17":"tablet-align-left","18":"mobile-align-left","20":"first","21":"instock","22":"sale","23":"shipping-taxable","24":"purchasable","25":"product-type-simple"},"acf":[],"uagb_featured_image_src":{"full":["https:\/\/vapestornado.com\/wp-content\/uploads\/2025\/03\/Bang-32k-Puff-Smart-Screen-Display-Vape-Wholesale.webp",800,800,false],"thumbnail":["https:\/\/vapestornado.com\/wp-content\/uploads\/2025\/03\/Bang-32k-Puff-Smart-Screen-Display-Vape-Wholesale-150x150.webp",150,150,true],"medium":["https:\/\/vapestornado.com\/wp-content\/uploads\/2025\/03\/Bang-32k-Puff-Smart-Screen-Display-Vape-Wholesale-300x300.webp",300,300,true],"medium_large":["https:\/\/vapestornado.com\/wp-content\/uploads\/2025\/03\/Bang-32k-Puff-Smart-Screen-Display-Vape-Wholesale-768x768.webp",768,768,true],"large":["https:\/\/vapestornado.com\/wp-content\/uploads\/2025\/03\/Bang-32k-Puff-Smart-Screen-Display-Vape-Wholesale.webp",800,800,false],"1536x1536":["https:\/\/vapestornado.com\/wp-content\/uploads\/2025\/03\/Bang-32k-Puff-Smart-Screen-Display-Vape-Wholesale.webp",800,800,false],"2048x2048":["https:\/\/vapestornado.com\/wp-content\/uploads\/2025\/03\/Bang-32k-Puff-Smart-Screen-Display-Vape-Wholesale.webp",800,800,false],"trp-custom-language-flag":["https:\/\/vapestornado.com\/wp-content\/uploads\/2025\/03\/Bang-32k-Puff-Smart-Screen-Display-Vape-Wholesale.webp",12,12,false],"woocommerce_thumbnail":["https:\/\/vapestornado.com\/wp-content\/uploads\/2025\/03\/Bang-32k-Puff-Smart-Screen-Display-Vape-Wholesale-300x300.webp",300,300,true],"woocommerce_single":["https:\/\/vapestornado.com\/wp-content\/uploads\/2025\/03\/Bang-32k-Puff-Smart-Screen-Display-Vape-Wholesale-600x600.webp",600,600,true],"woocommerce_gallery_thumbnail":["https:\/\/vapestornado.com\/wp-content\/uploads\/2025\/03\/Bang-32k-Puff-Smart-Screen-Display-Vape-Wholesale-100x100.webp",100,100,true]},"uagb_author_info":{"display_name":"ESAMY","author_link":"https:\/\/vapestornado.com\/da\/author\/"},"uagb_comment_info":0,"uagb_excerpt":"Bang 32000 Puff\u00a0 Disposable Vape Box Flavors on Sale How Much Bang 32000 Puff Vape Box Mod Wholesale Bang 32000 Puff\u00a0 Box Mod Best Vape Wholesale in Netherlands Add Amy's whatsapp to get right reply and discount price! WhatsApp: +86 17776015835 &nbsp;","_links":{"self":[{"href":"https:\/\/vapestornado.com\/da\/wp-json\/wp\/v2\/product\/4043","targetHints":{"allow":["GET"]}}],"collection":[{"href":"https:\/\/vapestornado.com\/da\/wp-json\/wp\/v2\/product"}],"about":[{"href":"https:\/\/vapestornado.com\/da\/wp-json\/wp\/v2\/types\/product"}],"replies":[{"embeddable":true,"href":"https:\/\/vapestornado.com\/da\/wp-json\/wp\/v2\/comments?post=4043"}],"wp:featuredmedia":[{"embeddable":true,"href":"https:\/\/vapestornado.com\/da\/wp-json\/wp\/v2\/media\/4038"}],"wp:attachment":[{"href":"https:\/\/vapestornado.com\/da\/wp-json\/wp\/v2\/media?parent=4043"}],"wp:term":[{"taxonomy":"product_brand","embeddable":true,"href":"https:\/\/vapestornado.com\/da\/wp-json\/wp\/v2\/product_brand?post=4043"},{"taxonomy":"product_cat","embeddable":true,"href":"https:\/\/vapestornado.com\/da\/wp-json\/wp\/v2\/product_cat?post=4043"},{"taxonomy":"product_tag","embeddable":true,"href":"https:\/\/vapestornado.com\/da\/wp-json\/wp\/v2\/product_tag?post=4043"}],"curies":[{"name":"wp","href":"https:\/\/api.w.org\/{rel}","templated":true}]}}