{"id":4013,"date":"2025-03-27T09:03:34","date_gmt":"2025-03-27T09:03:34","guid":{"rendered":"https:\/\/vapestornado.com\/?post_type=product&#038;p=4013"},"modified":"2025-12-16T09:46:56","modified_gmt":"2025-12-16T09:46:56","slug":"waspe-aiviou-3-in-1-60000-puffs-disposable-vape-kit-best-price","status":"publish","type":"product","link":"https:\/\/vapestornado.com\/da\/product\/waspe-aiviou-3-in-1-60000-puffs-disposable-vape-kit-best-price\/","title":{"rendered":"Waspe Aiviou 3 i 1 60000 sug Engangs vape s\u00e6t Bedste pris"},"content":{"rendered":"<h1 data-pm-slice=\"1 1 []\">Waspe 60000 Puffs Engangs Vape Kit 3 Smagskifter + 54ml E-Juice<\/h1>\n<p data-start=\"1232\" data-end=\"1466\">Den <strong data-start=\"99\" data-end=\"134\">Waspe Aiviou 3 i 1 60000 Puffs<\/strong> er designet til m\u00e6nd, der ikke vil b\u00e6re to eller tre enheder blot for at undg\u00e5 smagskedsomhed. Du f\u00e5r <strong data-start=\"236\" data-end=\"279\">tre forudfyldte 18ml pod (54ml i alt)<\/strong> i \u00e9n enhed, en <strong data-start=\"295\" data-end=\"320\">tredobbelt smagskifter<\/strong>, og <strong data-start=\"326\" data-end=\"356\">0,9\u03a9 mesh-spiral ydeevne<\/strong> der forbliver glat, selv n\u00e5r du bruger den h\u00e5rdt. Tilf\u00f8j <strong data-start=\"410\" data-end=\"425\">LED-display<\/strong> og <strong data-start=\"430\" data-end=\"468\">Type-C genopladeligt 650mAh batteri<\/strong>, og det bliver en langvarig ops\u00e6tning, du faktisk kan h\u00e5ndtere dagligt\u2014ingen g\u00e6tteri, ingen spildt v\u00e6ske.<\/p>\n<h3 data-start=\"772\" data-end=\"823\">Hvorfor skiller Waspe 60000 Puffs sig ud blandt h\u00f8jkapacitets engangsprodukter?<\/h3>\n<ul data-start=\"825\" data-end=\"2411\">\n<li data-start=\"825\" data-end=\"1147\">\n<p data-start=\"827\" data-end=\"1147\"><strong data-start=\"827\" data-end=\"866\">3 smage uden at b\u00e6re ekstra.<\/strong> Denne <strong data-start=\"872\" data-end=\"900\">3-smags engangs vape<\/strong> bruger et \u00e6gte <strong data-start=\"913\" data-end=\"940\">3-i-1 skiftesystem<\/strong>, s\u00e5 du kan skifte mellem profiler, n\u00e5r din smag \u00e6ndrer sig. For mange brugere er det forskellen mellem at f\u00e6rdigg\u00f8re en h\u00f8jkapacitets enhed og at opgive den halvvejs, fordi \u00e9n smag bliver tr\u00e6ttende.<\/p>\n<\/li>\n<li data-start=\"1149\" data-end=\"1502\">\n<p data-start=\"1151\" data-end=\"1502\"><strong data-start=\"1151\" data-end=\"1199\">\u00c6gte udholdenhed underst\u00f8ttet af \u00e6gte v\u00e6skem\u00e6ngde.<\/strong> <strong data-start=\"1200\" data-end=\"1221\">Waspe 60000 Puffs<\/strong> er ikke bare et stort tal p\u00e5 boksen\u2014<strong data-start=\"1257\" data-end=\"1274\">54ml (3\u00d718ml)<\/strong> er dimensioneret til langvarig brug. Derfor s\u00e6lger den godt i markeder med h\u00f8j oms\u00e6tning s\u00e5som <strong data-start=\"1361\" data-end=\"1416\">Danmark, Tyskland, Spanien, Frankrig og Holland<\/strong>, is\u00e6r for k\u00f8bere, der \u00f8nsker f\u00e6rre udskiftninger og mere forudsigelige omkostninger pr. dag.<\/p>\n<\/li>\n<li data-start=\"1504\" data-end=\"1775\">\n<p data-start=\"1506\" data-end=\"1775\"><strong data-start=\"1506\" data-end=\"1551\">Mesh-coil stabilitet over lange sessioner.<\/strong> Med <strong data-start=\"1557\" data-end=\"1581\">0,9\u03a9 mesh-coils (\u00d73)<\/strong>, dampen forbliver glat, og smagen forbliver klar l\u00e6ngere inde i podene. Dette er vigtigt for tunge brugere, der tager mange puffe i tr\u00e6k\u2014mesh-opvarmning reducerer den skarpe, t\u00f8rre kant, som billigere coils kan udvikle over tid.<\/p>\n<\/li>\n<li data-start=\"1777\" data-end=\"2070\">\n<p data-start=\"1779\" data-end=\"2070\"><strong data-start=\"1779\" data-end=\"1816\">LED-display holder dig i kontrol.<\/strong> Det smarte display viser batteri- og e-v\u00e6skestatus, s\u00e5 du ved, om den er klar til en lang arbejdsdag, eller om du skal lade den op f\u00f8rst. Det er den slags praktiske detaljer, folk forventer fra enheder, der konkurrerer i <strong data-start=\"2027\" data-end=\"2055\">E-cigaret rangliste 2025<\/strong> samtaler.<\/p>\n<\/li>\n<li data-start=\"2072\" data-end=\"2411\">\n<p data-start=\"2074\" data-end=\"2411\"><strong data-start=\"2074\" data-end=\"2129\">Genopladelig bekvemmelighed, der overg\u00e5r impulsiv k\u00f8b.<\/strong> Hvis din rutine involverer \u201c<strong data-start=\"2156\" data-end=\"2174\">K\u00f8b cigaretter<\/strong>\u201d stopper eller sidste \u00f8jebliks udskiftninger, hj\u00e6lper det genopladelige design med Type-C med at bryde den cyklus. For mange kunder, der <strong data-start=\"2287\" data-end=\"2310\">K\u00f8ber damp i Danmark<\/strong>, er v\u00e6rdien enkel: \u00e9n enhed varer l\u00e6ngere, og du genoplader i stedet for at k\u00f8be nyt hver f\u00e5 dage.<\/p>\n<\/li>\n<\/ul>\n<p data-start=\"666\" data-end=\"1235\"><strong style=\"font-size: 16px;\"><span style=\"color: #ff0000;\">Tilf\u00f8j Amy's WhatsApp for at f\u00e5 et direkte svar og en god pris!<\/span><\/strong><\/p>\n<p><img fetchpriority=\"high\" decoding=\"async\" class=\"size-full wp-image-2932\" src=\"https:\/\/vapestornado.com\/wp-content\/uploads\/2024\/12\/Vape-Wholesale.jpg\" alt=\"Vape Engros\" width=\"229\" height=\"300\" \/><\/p>\n<h3><a href=\"https:\/\/wa.me\/8617776015835\" target=\"_blank\" rel=\"noopener\"><span style=\"color: #ff0000;\"><strong>WhatsApp: +86 17776015835<\/strong><\/span><\/a><\/h3>\n<p>&nbsp;<\/p>\n<h2><strong>Waspe Aiviou 3 i 1 60000 Puffs Vigtigste produktfunktioner<\/strong><\/h2>\n<table>\n<thead>\n<tr>\n<th>Funktion<\/th>\n<th>specifikationer<\/th>\n<th>hvordan det fungerer<\/th>\n<\/tr>\n<\/thead>\n<tbody>\n<tr>\n<td>Produktnavn<\/td>\n<td>Waspe Aiviou 3 i 1 60000 Puffs<\/td>\n<td>Et triple-pod engangs vape-kit med smagsudskiftning.<\/td>\n<\/tr>\n<tr>\n<td>Pust Kapacitet<\/td>\n<td>Op til 60.000 puffs<\/td>\n<td>H\u00f8jkapacitets output designet til at reducere udskiftningsfrekvensen.<\/td>\n<\/tr>\n<tr>\n<td>Smagsystem<\/td>\n<td>3-i-1 Triple Smagsudskifter<\/td>\n<td>Lader dig skifte smag \u00f8jeblikkeligt uden at skifte enheder.<\/td>\n<\/tr>\n<tr>\n<td>E-v\u00e6ske Volumen<\/td>\n<td>54ml i alt (3\u00d718ml pod)<\/td>\n<td>Stor v\u00e6skeforsyning underst\u00f8tter lang levetid og forl\u00e6ngede sessioner.<\/td>\n<\/tr>\n<tr>\n<td>Coil System<\/td>\n<td>0,9\u03a9 Mesh Coil \u00d73<\/td>\n<td>J\u00e6vn opvarmning forbedrer glathed og hj\u00e6lper med at holde smagen ensartet.<\/td>\n<\/tr>\n<tr>\n<td>Batteri<\/td>\n<td>650mAh genopladelig<\/td>\n<td>Genopladning forhindrer tidlig kassation, f\u00f8r v\u00e6sken er brugt op.<\/td>\n<\/tr>\n<tr>\n<td>Opladning<\/td>\n<td>Type-C hurtigopladning<\/td>\n<td>Hurtige p\u00e5fyldninger med moderne kabler, der ofte bruges i Europa.<\/td>\n<\/tr>\n<tr>\n<td>Sk\u00e6rm<\/td>\n<td>LED batteri- og e-v\u00e6skesignal<\/td>\n<td>Viser status tydeligt for at undg\u00e5 overraskelser under daglig brug.<\/td>\n<\/tr>\n<tr>\n<td>Nikotinmuligheder<\/td>\n<td>0% \/ 2% \/ 5%<\/td>\n<td>Nikotinfri, lav eller st\u00e6rkere halsfornemmelse afh\u00e6ngigt af pr\u00e6ference.<\/td>\n<\/tr>\n<\/tbody>\n<\/table>\n<h2 class=\"product-title\"><strong>WASPE 60K 60000 Pust Engangs Pod Smagsliste<\/strong><\/h2>\n<article class=\"w-full text-token-text-primary focus-visible:outline-2 focus-visible:outline-offset-[-4px]\" dir=\"auto\" data-testid=\"conversation-turn-32\" data-scroll-anchor=\"false\">\n<div class=\"m-auto text-base py-[18px] px-6\">\n<div class=\"mx-auto flex flex-1 text-base gap-4 md:gap-5 lg:gap-6 md:max-w-3xl lg:max-w-[40rem] xl:max-w-[48rem]\">\n<div class=\"group\/conversation-turn relative flex w-full min-w-0 flex-col @xs\/thread:px-0 @sm\/thread:px-1.5 @md\/thread:px-4\">\n<div class=\"flex-col gap-1 md:gap-3\">\n<div class=\"flex max-w-full flex-col flex-grow\">\n<div class=\"min-h-8 text-message flex w-full flex-col items-end gap-2 whitespace-normal break-words text-start [.text-message+&amp;]:mt-5\" dir=\"auto\" data-message-author-role=\"user\" data-message-id=\"ffac41ca-1db4-431b-873a-32c4052956f1\">\n<div class=\"flex w-full flex-col gap-1 empty:hidden items-end rtl:items-start\">\n<div class=\"relative max-w-[var(--user-chat-width,70%)] rounded-3xl bg-token-message-surface px-5 py-2.5\">\n<div class=\"absolute bottom-0 right-full top-0 -mr-3.5 hidden pr-5 pt-2 [.group\/conversation-turn:hover_&amp;]:flex\">\n<div class=\"flex\">\n<article class=\"w-full text-token-text-primary focus-visible:outline-2 focus-visible:outline-offset-[-4px]\" dir=\"auto\" data-testid=\"conversation-turn-39\" data-scroll-anchor=\"true\">\n<div class=\"m-auto text-base py-[18px] px-6\">\n<div class=\"mx-auto flex flex-1 text-base gap-4 md:gap-5 lg:gap-6 md:max-w-3xl lg:max-w-[40rem] xl:max-w-[48rem]\">\n<div class=\"group\/conversation-turn relative flex w-full min-w-0 flex-col agent-turn @xs\/thread:px-0 @sm\/thread:px-1.5 @md\/thread:px-4\">\n<div class=\"flex-col gap-1 md:gap-3\">\n<div class=\"flex max-w-full flex-col flex-grow\">\n<div class=\"min-h-8 text-message flex w-full flex-col items-end gap-2 whitespace-normal break-words text-start [.text-message+&amp;]:mt-5\" dir=\"auto\" data-message-author-role=\"assistant\" data-message-id=\"55a23854-ec57-48dd-bd4f-6118f43d6241\" data-message-model-slug=\"gpt-4o\">\n<div class=\"flex w-full flex-col gap-1 empty:hidden first:pt-[3px]\">\n<div class=\"markdown prose w-full break-words dark:prose-invert light\">\n<p>1. Vandmelon Is<br \/>\n2. Jordb\u00e6r Vandmelon<br \/>\n3. Bl\u00e5b\u00e6r Is<br \/>\n4. Jordb\u00e6r Hindb\u00e6r Kirseb\u00e6r<br \/>\n5. Fersken Is<br \/>\n6. Red Bull Is<br \/>\n7. Blandede B\u00e6r<br \/>\n8. Triple Melon Is<br \/>\n9. Drue Is<br \/>\n10. Jordb\u00e6r Banan<br \/>\n11. Kirseb\u00e6r Cola Is<br \/>\n12. Bl\u00e5b\u00e6r Hindb\u00e6r<\/p>\n<figure id=\"attachment_4688\" aria-describedby=\"caption-attachment-4688\" style=\"width: 225px\" class=\"wp-caption alignnone\"><img decoding=\"async\" class=\"size-medium wp-image-4688\" src=\"https:\/\/vapestornado.com\/wp-content\/uploads\/2025\/12\/WASPE-60000-PUFF-3-IN-1-Diposable-Vape-All-Flaovr-225x300.jpg\" alt=\"Waspe Aiviou 3-i-1 60000 Puffs Engangs Vape Alle Smage\" width=\"225\" height=\"300\" srcset=\"https:\/\/vapestornado.com\/wp-content\/uploads\/2025\/12\/WASPE-60000-PUFF-3-IN-1-Diposable-Vape-All-Flaovr-225x300.jpg 225w, https:\/\/vapestornado.com\/wp-content\/uploads\/2025\/12\/WASPE-60000-PUFF-3-IN-1-Diposable-Vape-All-Flaovr-768x1024.jpg 768w, https:\/\/vapestornado.com\/wp-content\/uploads\/2025\/12\/WASPE-60000-PUFF-3-IN-1-Diposable-Vape-All-Flaovr-1152x1536.jpg 1152w, https:\/\/vapestornado.com\/wp-content\/uploads\/2025\/12\/WASPE-60000-PUFF-3-IN-1-Diposable-Vape-All-Flaovr-9x12.jpg 9w, https:\/\/vapestornado.com\/wp-content\/uploads\/2025\/12\/WASPE-60000-PUFF-3-IN-1-Diposable-Vape-All-Flaovr-600x800.jpg 600w, https:\/\/vapestornado.com\/wp-content\/uploads\/2025\/12\/WASPE-60000-PUFF-3-IN-1-Diposable-Vape-All-Flaovr.jpg 1280w\" sizes=\"(max-width: 225px) 100vw, 225px\" \/><figcaption id=\"caption-attachment-4688\" class=\"wp-caption-text\">Waspe Aiviou 3-i-1 60000 Puffs Engangs Vape Alle Smage<\/figcaption><\/figure>\n<\/div>\n<\/div>\n<\/div>\n<\/div>\n<\/div>\n<\/div>\n<\/div>\n<\/div>\n<\/article>\n<\/div>\n<\/div>\n<\/div>\n<\/div>\n<\/div>\n<\/div>\n<\/div>\n<\/div>\n<\/div>\n<\/div>\n<\/article>\n<h2>Hvorfor v\u00e6lge Vapestornado til k\u00f8b af Waspe 60k Puff?<\/h2>\n<div class=\"flex-shrink-0 flex flex-col relative items-end\">\n<div class=\"pt-0\">\n<div class=\"gizmo-bot-avatar flex h-8 w-8 items-center justify-center overflow-hidden rounded-full\">\n<div class=\"relative p-1 rounded-sm flex items-center justify-center bg-token-main-surface-primary text-token-text-primary h-8 w-8\">\n<p>At\u00a0<strong>VapeTornado<\/strong>, vi s\u00e6tter en \u00e6re i at levere\u00a0<strong>f\u00f8rsteklasses vaping-produkter til uovertrufne priser<\/strong>\u2014og Waspe Aiviou 3 i 1 60000 puffs er ingen undtagelse! Her er hvorfor du b\u00f8r k\u00f8be fra os:<\/p>\n<p><strong>Bedste engrospriser<\/strong>\u00a0\u2013 Vi tilbyder\u00a0<strong>konkurrencedygtige bulkpriser<\/strong><span style=\"font-size: 16px;\">, hvilket g\u00f8r os til det bedste valg for forhandlere og vapebutikker.<\/span><\/p>\n<p><strong>Hurtig<\/strong>\u00a0\u2013 F\u00e5 din ordre leveret\u00a0<strong>hurtigt og sikkert<\/strong>, med forsendelsesmuligheder til hele verden.<br \/>\n<strong>100 % Autentiske produkter<\/strong>\u00a0\u2013 Ingen efterligninger \u2013 kun\u00a0<strong>\u00e6gte WASPE Triple engangsartikler<\/strong>\u00a0med verificeret kvalitet.<br \/>\n<strong>Fremragende kundesupport<\/strong>\u00a0\u2013 Har du sp\u00f8rgsm\u00e5l? Vores\u00a0<strong>vape-eksperter<\/strong> er klar til at hj\u00e6lpe dig d\u00f8gnet rundt.<\/p>\n<p><strong>Vent ikke\u2014bestil din Waspe Aiviou 3 i 1 60000 puff fra VapeTornado i dag og oplev den ultimative vaping-tilfredsstillelse!<\/strong><\/p>\n<p data-start=\"559\" data-end=\"933\" data-is-last-node=\"\" data-is-only-node=\"\">Vi har ogs\u00e5 nogle andre popul\u00e6re vapes med sk\u00e6rm som <a href=\"https:\/\/vapestornado.com\/da\/product\/mesii-couple-50k-disposable-shisha-hookah-50000-puffs-vape-with-digital-display\/\">Mesii par 50000<\/a>, <a href=\"https:\/\/vapestornado.com\/da\/product\/vopk-cool-9000-puffs-disposable-vapes-bar-puff-9k\/\">VOPK 9000 Pust Engangs Vape<\/a>, <a href=\"https:\/\/vapestornado.com\/da\/product\/bang-beach-22000-20k-puff-disposable-vape-pen-with-screen-reddit-hot\/\">Bang Beach 22000<\/a>, og mere.<\/p>\n<\/div>\n<div class=\"relative p-1 rounded-sm flex items-center justify-center bg-token-main-surface-primary text-token-text-primary h-8 w-8\">\n<h2>OFTE STILLEDE SP\u00d8RGSM\u00c5L<\/h2>\n<ol data-start=\"3497\" data-end=\"4811\">\n<li data-start=\"3497\" data-end=\"3746\">\n<p data-start=\"3500\" data-end=\"3746\"><strong data-start=\"3500\" data-end=\"3596\">Hvordan fungerer Waspe Aiviou 3-i-1 60000 Puffs tredobbelt smagskifte under daglig dampning?<\/strong><br data-start=\"3596\" data-end=\"3599\" \/>Den er designet til hurtig smagsrotation inde i \u00e9n enhed, s\u00e5 du kan skifte smag efter behov uden at b\u00e6re flere vapes eller skifte hardware.<\/p>\n<\/li>\n<li data-start=\"3748\" data-end=\"4006\">\n<p data-start=\"3751\" data-end=\"4006\"><strong data-start=\"3751\" data-end=\"3847\">Varer Waspe 60000 Puffs 54ml (3\u00d718ml) setup virkelig l\u00e6ngere end standard engangsprodukter?<\/strong><br data-start=\"3847\" data-end=\"3850\" \/>Ja\u201454ml samlet e-v\u00e6ske er en v\u00e6sentlig grund til, at den varer l\u00e6ngere. Den faktiske levetid afh\u00e6nger af tr\u00e6kets l\u00e6ngde og hyppighed, men kapaciteten er dimensioneret til l\u00e6ngerevarende brug.<\/p>\n<\/li>\n<li data-start=\"4008\" data-end=\"4250\">\n<p data-start=\"4011\" data-end=\"4250\"><strong data-start=\"4011\" data-end=\"4109\">Hvordan p\u00e5virker 0,9\u03a9 mesh-coils i den 3-smags engangs vape dampens glathed over tid?<\/strong><br data-start=\"4109\" data-end=\"4112\" \/>Mesh-coils varmer mere j\u00e6vnt end grundl\u00e6ggende tr\u00e5d-coils, hvilket hj\u00e6lper med at holde dampen glattere og reducerer h\u00e5rdhed under tunge, gentagne sessioner.<\/p>\n<\/li>\n<li data-start=\"4252\" data-end=\"4531\">\n<p data-start=\"4255\" data-end=\"4531\"><strong data-start=\"4255\" data-end=\"4371\">Er Waspe Aiviou 3-i-1 60K et smart valg for k\u00f8bere, der sammenligner E-cigaret vurderinger 2025-stil \u201ctop enheder\u201d?<\/strong><br data-start=\"4371\" data-end=\"4374\" \/>Den konkurrerer p\u00e5 praktiske funktioner, der betyder noget: multi-smags skift, stor samlet v\u00e6skem\u00e6ngde, genopladelig str\u00f8mforsyning og en LED-statusvisning til kontrol.<\/p>\n<\/li>\n<li data-start=\"4533\" data-end=\"4811\">\n<p data-start=\"4536\" data-end=\"4811\"><strong data-start=\"4536\" data-end=\"4636\">Hvorfor kan engangs vape grossistk\u00f8bere lide Waspe Aiviou 3-i-1 60000 Puffs til EU-detailhandel?<\/strong><br data-start=\"4636\" data-end=\"4639\" \/>Det er nemt at s\u00e6lge: klare overskriftspecifikationer (60K puffs, 3 smagsvarianter, 54ml, genopladelig), brede nikotinmuligheder og st\u00e6rk gentagelseseftersp\u00f8rgsel fra brugere, der \u00f8nsker lang levetid p\u00e5 enhederne.<\/p>\n<\/li>\n<\/ol>\n<\/div>\n<\/div>\n<\/div>\n<\/div>","protected":false},"excerpt":{"rendered":"<p class=\"LC20lb MBeuO DKV0Md\">Waspe Aiviou 3 i 1 60000 Puffs engangs vape kit med 3 smagskifter, 54ml (3\u00d718ml) pod, 0,9\u03a9 mesh-spiraler, LED-display og Type-C genopladeligt 650mAh batteri. Bygget til langvarig brug, popul\u00e6rt blandt engangs vape grossistk\u00f8bere og kunder, der k\u00f8ber damp i Danmark i stedet for cigaretter.<\/p>\n<p><img fetchpriority=\"high\" decoding=\"async\" class=\"size-full wp-image-2932\" src=\"https:\/\/vapestornado.com\/wp-content\/uploads\/2024\/12\/Vape-Wholesale.jpg\" alt=\"Vape Engros\" width=\"229\" height=\"300\" \/><\/p>\n<h3><a href=\"https:\/\/wa.me\/8617776015835\"><span style=\"color: #ff0000;\"><strong>WhatsApp: +86 17776015835<\/strong><\/span><\/a><\/h3>\n<p>&nbsp;<\/p>","protected":false},"featured_media":4011,"comment_status":"open","ping_status":"closed","template":"","meta":{"_acf_changed":false,"_uag_custom_page_level_css":"","_lmt_disableupdate":"no","_lmt_disable":"","_monsterinsights_skip_tracking":false,"_monsterinsights_sitenote_active":false,"_monsterinsights_sitenote_note":"","_monsterinsights_sitenote_category":0,"site-sidebar-layout":"default","site-content-layout":"","ast-site-content-layout":"default","site-content-style":"default","site-sidebar-style":"default","ast-global-header-display":"","ast-banner-title-visibility":"","ast-main-header-display":"","ast-hfb-above-header-display":"","ast-hfb-below-header-display":"","ast-hfb-mobile-header-display":"","site-post-title":"","ast-breadcrumbs-content":"","ast-featured-img":"","footer-sml-layout":"","ast-disable-related-posts":"","theme-transparent-header-meta":"default","adv-header-id-meta":"","stick-header-meta":"","header-above-stick-meta":"","header-main-stick-meta":"","header-below-stick-meta":"","astra-migrate-meta-layouts":"set","ast-page-background-enabled":"default","ast-page-background-meta":{"desktop":{"background-color":"","background-image":"","background-repeat":"repeat","background-position":"center center","background-size":"auto","background-attachment":"scroll","background-type":"","background-media":"","overlay-type":"","overlay-color":"","overlay-opacity":"","overlay-gradient":""},"tablet":{"background-color":"","background-image":"","background-repeat":"repeat","background-position":"center center","background-size":"auto","background-attachment":"scroll","background-type":"","background-media":"","overlay-type":"","overlay-color":"","overlay-opacity":"","overlay-gradient":""},"mobile":{"background-color":"","background-image":"","background-repeat":"repeat","background-position":"center center","background-size":"auto","background-attachment":"scroll","background-type":"","background-media":"","overlay-type":"","overlay-color":"","overlay-opacity":"","overlay-gradient":""}},"ast-content-background-meta":{"desktop":{"background-color":"var(--ast-global-color-5)","background-image":"","background-repeat":"repeat","background-position":"center center","background-size":"auto","background-attachment":"scroll","background-type":"","background-media":"","overlay-type":"","overlay-color":"","overlay-opacity":"","overlay-gradient":""},"tablet":{"background-color":"var(--ast-global-color-5)","background-image":"","background-repeat":"repeat","background-position":"center center","background-size":"auto","background-attachment":"scroll","background-type":"","background-media":"","overlay-type":"","overlay-color":"","overlay-opacity":"","overlay-gradient":""},"mobile":{"background-color":"var(--ast-global-color-5)","background-image":"","background-repeat":"repeat","background-position":"center center","background-size":"auto","background-attachment":"scroll","background-type":"","background-media":"","overlay-type":"","overlay-color":"","overlay-opacity":"","overlay-gradient":""}},"_joinchat":{"telephone":"17776015835"}},"product_brand":[],"product_cat":[156,142,144,61,60],"product_tag":[105,94,301,299,300],"class_list":{"0":"post-4013","1":"product","2":"type-product","3":"status-publish","4":"has-post-thumbnail","6":"product_cat-buy-disposable-vapes-in-poland","7":"product_cat-digital-box-disposable-vapes","8":"product_cat-low-nicotine-disposable-vapes","9":"product_cat-vapme-shisha","10":"product_cat-waspe-fihp-vape","11":"product_tag-digital-disposable-vape","12":"product_tag-rechargeable-disposable-vape","13":"product_tag-vapor-wholesale","14":"product_tag-waspe-60k-puff","15":"product_tag-waspe-aiviou-3-in-1-60000","16":"desktop-align-left","17":"tablet-align-left","18":"mobile-align-left","20":"first","21":"instock","22":"sale","23":"shipping-taxable","24":"purchasable","25":"product-type-simple"},"acf":[],"uagb_featured_image_src":{"full":["https:\/\/vapestornado.com\/wp-content\/uploads\/2025\/03\/Waspe-Aiviou-3-in1-60k-60000-Puffs-Disposable-Vaper.webp",800,800,false],"thumbnail":["https:\/\/vapestornado.com\/wp-content\/uploads\/2025\/03\/Waspe-Aiviou-3-in1-60k-60000-Puffs-Disposable-Vaper-150x150.webp",150,150,true],"medium":["https:\/\/vapestornado.com\/wp-content\/uploads\/2025\/03\/Waspe-Aiviou-3-in1-60k-60000-Puffs-Disposable-Vaper-300x300.webp",300,300,true],"medium_large":["https:\/\/vapestornado.com\/wp-content\/uploads\/2025\/03\/Waspe-Aiviou-3-in1-60k-60000-Puffs-Disposable-Vaper-768x768.webp",768,768,true],"large":["https:\/\/vapestornado.com\/wp-content\/uploads\/2025\/03\/Waspe-Aiviou-3-in1-60k-60000-Puffs-Disposable-Vaper.webp",800,800,false],"1536x1536":["https:\/\/vapestornado.com\/wp-content\/uploads\/2025\/03\/Waspe-Aiviou-3-in1-60k-60000-Puffs-Disposable-Vaper.webp",800,800,false],"2048x2048":["https:\/\/vapestornado.com\/wp-content\/uploads\/2025\/03\/Waspe-Aiviou-3-in1-60k-60000-Puffs-Disposable-Vaper.webp",800,800,false],"trp-custom-language-flag":["https:\/\/vapestornado.com\/wp-content\/uploads\/2025\/03\/Waspe-Aiviou-3-in1-60k-60000-Puffs-Disposable-Vaper.webp",12,12,false],"woocommerce_thumbnail":["https:\/\/vapestornado.com\/wp-content\/uploads\/2025\/03\/Waspe-Aiviou-3-in1-60k-60000-Puffs-Disposable-Vaper-300x300.webp",300,300,true],"woocommerce_single":["https:\/\/vapestornado.com\/wp-content\/uploads\/2025\/03\/Waspe-Aiviou-3-in1-60k-60000-Puffs-Disposable-Vaper-600x600.webp",600,600,true],"woocommerce_gallery_thumbnail":["https:\/\/vapestornado.com\/wp-content\/uploads\/2025\/03\/Waspe-Aiviou-3-in1-60k-60000-Puffs-Disposable-Vaper-100x100.webp",100,100,true]},"uagb_author_info":{"display_name":"ESAMY","author_link":"https:\/\/vapestornado.com\/da\/author\/"},"uagb_comment_info":1,"uagb_excerpt":"Waspe Aiviou 3 in 1 60000 Puffs disposable vape kit with 3 flavour switching, 54ml (3\u00d718ml) pods, 0.9\u03a9 mesh coils, LED display, and Type-C rechargeable 650mAh battery. Built for long use, popular with disposable vape wholesaler buyers and customers who Buy vapor in Poland instead of Buy cigarettes. WhatsApp: +86 17776015835 &nbsp;","_links":{"self":[{"href":"https:\/\/vapestornado.com\/da\/wp-json\/wp\/v2\/product\/4013","targetHints":{"allow":["GET"]}}],"collection":[{"href":"https:\/\/vapestornado.com\/da\/wp-json\/wp\/v2\/product"}],"about":[{"href":"https:\/\/vapestornado.com\/da\/wp-json\/wp\/v2\/types\/product"}],"replies":[{"embeddable":true,"href":"https:\/\/vapestornado.com\/da\/wp-json\/wp\/v2\/comments?post=4013"}],"wp:featuredmedia":[{"embeddable":true,"href":"https:\/\/vapestornado.com\/da\/wp-json\/wp\/v2\/media\/4011"}],"wp:attachment":[{"href":"https:\/\/vapestornado.com\/da\/wp-json\/wp\/v2\/media?parent=4013"}],"wp:term":[{"taxonomy":"product_brand","embeddable":true,"href":"https:\/\/vapestornado.com\/da\/wp-json\/wp\/v2\/product_brand?post=4013"},{"taxonomy":"product_cat","embeddable":true,"href":"https:\/\/vapestornado.com\/da\/wp-json\/wp\/v2\/product_cat?post=4013"},{"taxonomy":"product_tag","embeddable":true,"href":"https:\/\/vapestornado.com\/da\/wp-json\/wp\/v2\/product_tag?post=4013"}],"curies":[{"name":"wp","href":"https:\/\/api.w.org\/{rel}","templated":true}]}}