{"id":4007,"date":"2025-03-26T07:12:34","date_gmt":"2025-03-26T07:12:34","guid":{"rendered":"https:\/\/vapestornado.com\/?post_type=product&#038;p=4007"},"modified":"2025-12-08T09:42:38","modified_gmt":"2025-12-08T09:42:38","slug":"vapme-goat-40000-puff-40k-hookah-shisha-pen-price-wholesale-e-cigarette","status":"publish","type":"product","link":"https:\/\/vapestornado.com\/da\/product\/vapme-goat-40000-puff-40k-hookah-shisha-pen-price-wholesale-e-cigarette\/","title":{"rendered":"Vapme Goat 40000 Pust 40k Hookah Shisha Pen Pris Engros E Cigaret"},"content":{"rendered":"<h2 data-pm-slice=\"1 1 []\">Vapme Goat 40000 Puff Shisha Hookah Engangs Vape med Justerbar Luftstr\u00f8m Engros EU<\/h2>\n<p data-start=\"181\" data-end=\"485\">Den <strong data-start=\"110\" data-end=\"135\">Vapme Goat 40000 Puff<\/strong> er en h\u00f8jkapacitets shisha-stil engangs, lavet til folk, der ofte vaper og \u00f8nsker en enhed, der forbliver konsistent over tid. Den leverer <strong data-start=\"273\" data-end=\"295\">op til 40.000 puffs<\/strong> fra en <strong data-start=\"303\" data-end=\"332\">30ml forudfyldt reservoir<\/strong>, drevet af en <strong data-start=\"346\" data-end=\"364\">0,4\u03a9 mesh coil<\/strong> der skubber t\u00e6t damp og fuld smag uden at blive skarp. En <strong data-start=\"433\" data-end=\"490\">850mAh genopladeligt batteri med Type-C hurtig opladning<\/strong> holder ydeevnen stabil, mens <strong data-start=\"523\" data-end=\"545\">justerbart luftflow<\/strong> lader dig justere tr\u00e6k fra stram MTL til \u00e5ben DTL. To nikotinstyrker \u2014 <strong data-start=\"622\" data-end=\"635\">0% og 2%<\/strong> \u2014 g\u00f8r valget enkelt og EU-venligt.<\/p>\n<h3><strong>Hvorfor v\u00e6lger vapere Vapme Goat 40000 Puffs?<\/strong><\/h3>\n<ul>\n<li data-start=\"951\" data-end=\"1165\">\n<p data-start=\"953\" data-end=\"1165\"><strong data-start=\"953\" data-end=\"995\">Kapacitet underst\u00f8ttet af reel v\u00e6skem\u00e6ngde.<\/strong> Vurderingen p\u00e5 40K underst\u00f8ttes af en <strong data-start=\"1029\" data-end=\"1042\">30ml tank<\/strong>, ikke en lille pod, der p\u00e5st\u00e5r mirakler. Det reducerer problemet med \u201cgod for en dag, flad efter det\u201d som er almindeligt i mindre engangsprodukter.<\/p>\n<\/li>\n<li data-start=\"1167\" data-end=\"1391\">\n<p data-start=\"1169\" data-end=\"1391\"><strong data-start=\"1169\" data-end=\"1217\">Lavmodstand mesh coil til seri\u00f8s damp.<\/strong> Den <strong data-start=\"1222\" data-end=\"1240\">0,4\u03a9 mesh coil<\/strong> er justeret til rigere output og st\u00e6rkere smagsoplevelse. Det er den slags coilvalg, m\u00e6rker bruger, n\u00e5r de \u00f8nsker en shisha-agtig, sky-centreret f\u00f8lelse.<\/p>\n<\/li>\n<li data-start=\"1393\" data-end=\"1595\">\n<p data-start=\"1395\" data-end=\"1595\"><strong data-start=\"1395\" data-end=\"1445\">Genopladelig, s\u00e5 enheden ikke stopper tidligt.<\/strong> Med en <strong data-start=\"1454\" data-end=\"1472\">850mAh batteri<\/strong> og <strong data-start=\"1477\" data-end=\"1501\">Type-C hurtigopladning<\/strong>, kan du genoplade efter behov og bruge resten af v\u00e6sken i stedet for at smide den ud p\u00e5 grund af lavt str\u00f8mforbrug.<\/p>\n<\/li>\n<li data-start=\"1597\" data-end=\"1778\">\n<p data-start=\"1599\" data-end=\"1778\"><strong data-start=\"1599\" data-end=\"1635\">Luftstr\u00f8m, der matcher din stil.<\/strong> Justerbar luftstr\u00f8m betyder et strammere, cigaretstil tr\u00e6k for MTL eller en mere \u00e5ben DTL-slukning, n\u00e5r du \u00f8nsker st\u00f8rre damp \u2014 \u00e9n enhed, to vaner.<\/p>\n<\/li>\n<li data-start=\"1780\" data-end=\"1973\">\n<p data-start=\"1782\" data-end=\"1973\"><strong data-start=\"1782\" data-end=\"1819\">Enkle nikotinmuligheder.<\/strong> <strong data-start=\"1820\" data-end=\"1843\">0% for smagsfremkaldende kun<\/strong> og <strong data-start=\"1848\" data-end=\"1879\">2% for en let nikotinkick<\/strong> hold denne model i overensstemmelse med brugere, der ikke \u00f8nsker kraftig styrke, men stadig vil have tilfredsstillelse.<\/p>\n<\/li>\n<\/ul>\n<p>Opgrader din vapingoplevelse med den\u00a0<strong>Vapme Gede 40000 Puffs<\/strong>\u2014<strong>langtidsholdbare, smagfulde og ultra-praktiske<\/strong>. Perfekt til\u00a0<strong>grossister og individuelle dampere<\/strong>\u00a0der leder efter en\u00a0<strong>h\u00f8jkvalitets engangs vape<\/strong>\u00a0til en konkurrencedygtig pris.<\/p>\n<p><strong>Shop nu og nyd det bl\u00f8deste og mest tilfredsstillende sug!<\/strong><\/p>\n<p data-start=\"666\" data-end=\"1235\"><strong style=\"font-size: 16px;\"><span style=\"color: #ff0000;\">Tilf\u00f8j Amy's WhatsApp for at f\u00e5 et direkte svar og en god pris!<\/span><\/strong><\/p>\n<p><img fetchpriority=\"high\" decoding=\"async\" class=\"size-full wp-image-2932\" src=\"https:\/\/vapestornado.com\/wp-content\/uploads\/2024\/12\/Vape-Wholesale.jpg\" alt=\"Vape Engros\" width=\"229\" height=\"300\" \/><\/p>\n<h3><a href=\"https:\/\/wa.me\/8617776015835\" target=\"_blank\" rel=\"noopener\"><span style=\"color: #ff0000;\"><strong>WhatsApp: +86 17776015835<\/strong><\/span><\/a><\/h3>\n<p>&nbsp;<\/p>\n<h2><strong>Vapme Goat 40000 Puffs Vigtigste Produktfunktioner<\/strong><\/h2>\n<table>\n<thead>\n<tr>\n<th>Funktion<\/th>\n<th>Spec<\/th>\n<th>Detaljer<\/th>\n<\/tr>\n<\/thead>\n<tbody>\n<tr>\n<td>Produktkategori<\/td>\n<td>Shisha\/Hookah engangs vape pen<\/td>\n<td>Skyfokuseret f\u00f8lelse med en glat tr\u00e6k.<\/td>\n<\/tr>\n<tr>\n<td>Pust Kapacitet<\/td>\n<td>Op til 40.000 puffs<\/td>\n<td>H\u00f8j levetid for regelm\u00e6ssige brugere; f\u00e6rre udskiftninger.<\/td>\n<\/tr>\n<tr>\n<td>E-v\u00e6ske volumen<\/td>\n<td>30ml forudfyldt<\/td>\n<td>Stor reservoir underst\u00f8tter l\u00e6ngere sessioner.<\/td>\n<\/tr>\n<tr>\n<td>Spole<\/td>\n<td>0,4\u03a9 Mesh Coil<\/td>\n<td>Lav modstand for t\u00e6t damp og st\u00e6rk smag.<\/td>\n<\/tr>\n<tr>\n<td>Batteri<\/td>\n<td>850mAh genopladelig<\/td>\n<td>Stabil effektudgang; genoplad for at f\u00e6rdigg\u00f8re fuld tank.<\/td>\n<\/tr>\n<tr>\n<td>Opladning<\/td>\n<td>Type-C hurtigopladning<\/td>\n<td>Kort nedetid, moderne kabelkompatibilitet.<\/td>\n<\/tr>\n<tr>\n<td>Luftstr\u00f8m<\/td>\n<td>Just\u00e9rbar<\/td>\n<td>Underst\u00f8tter b\u00e5de MTL og DTL tr\u00e6kstile.<\/td>\n<\/tr>\n<tr>\n<td>Nikotinmuligheder<\/td>\n<td>0% \/ 2% salt nikotin<\/td>\n<td>Kun smag eller let nikotintilfredsstillelse.<\/td>\n<\/tr>\n<tr>\n<td>Smage<\/td>\n<td>10 smage<\/td>\n<td>Inkluderer flere b\u00e6r\/r\u00f8de frugtprofiler.<\/td>\n<\/tr>\n<\/tbody>\n<\/table>\n<figure id=\"attachment_4002\" aria-describedby=\"caption-attachment-4002\" style=\"width: 800px\" class=\"wp-caption alignnone\"><img decoding=\"async\" class=\"wp-image-4002 size-full\" src=\"https:\/\/vapestornado.com\/wp-content\/uploads\/2025\/03\/Original-Vapme-Goat-40000-Puffs-Hookah-Shisha-Pen.webp\" alt=\"Original Vapme Goat 40000 Pust Hookah Shisha Pen\" width=\"800\" height=\"800\" srcset=\"https:\/\/vapestornado.com\/wp-content\/uploads\/2025\/03\/Original-Vapme-Goat-40000-Puffs-Hookah-Shisha-Pen.webp 800w, https:\/\/vapestornado.com\/wp-content\/uploads\/2025\/03\/Original-Vapme-Goat-40000-Puffs-Hookah-Shisha-Pen-300x300.webp 300w, https:\/\/vapestornado.com\/wp-content\/uploads\/2025\/03\/Original-Vapme-Goat-40000-Puffs-Hookah-Shisha-Pen-150x150.webp 150w, https:\/\/vapestornado.com\/wp-content\/uploads\/2025\/03\/Original-Vapme-Goat-40000-Puffs-Hookah-Shisha-Pen-768x768.webp 768w, https:\/\/vapestornado.com\/wp-content\/uploads\/2025\/03\/Original-Vapme-Goat-40000-Puffs-Hookah-Shisha-Pen-600x600.webp 600w, https:\/\/vapestornado.com\/wp-content\/uploads\/2025\/03\/Original-Vapme-Goat-40000-Puffs-Hookah-Shisha-Pen-100x100.webp 100w\" sizes=\"(max-width: 800px) 100vw, 800px\" \/><figcaption id=\"caption-attachment-4002\" class=\"wp-caption-text\">Original Vapme Goat 40000 Pust Hookah Shisha Pen<\/figcaption><\/figure>\n<h2 class=\"product-title\"><strong>Vapme Goat 40000 Pust Engangs Bar Smags Liste<\/strong><\/h2>\n<article class=\"w-full text-token-text-primary focus-visible:outline-2 focus-visible:outline-offset-[-4px]\" dir=\"auto\" data-testid=\"conversation-turn-32\" data-scroll-anchor=\"false\">\n<div class=\"m-auto text-base py-[18px] px-6\">\n<div class=\"mx-auto flex flex-1 text-base gap-4 md:gap-5 lg:gap-6 md:max-w-3xl lg:max-w-[40rem] xl:max-w-[48rem]\">\n<div class=\"group\/conversation-turn relative flex w-full min-w-0 flex-col @xs\/thread:px-0 @sm\/thread:px-1.5 @md\/thread:px-4\">\n<div class=\"flex-col gap-1 md:gap-3\">\n<div class=\"flex max-w-full flex-col flex-grow\">\n<div class=\"min-h-8 text-message flex w-full flex-col items-end gap-2 whitespace-normal break-words text-start [.text-message+&amp;]:mt-5\" dir=\"auto\" data-message-author-role=\"user\" data-message-id=\"ffac41ca-1db4-431b-873a-32c4052956f1\">\n<div class=\"flex w-full flex-col gap-1 empty:hidden items-end rtl:items-start\">\n<div class=\"relative max-w-[var(--user-chat-width,70%)] rounded-3xl bg-token-message-surface px-5 py-2.5\">\n<div class=\"absolute bottom-0 right-full top-0 -mr-3.5 hidden pr-5 pt-2 [.group\/conversation-turn:hover_&amp;]:flex\">\n<div class=\"flex\">\n<article class=\"w-full text-token-text-primary focus-visible:outline-2 focus-visible:outline-offset-[-4px]\" dir=\"auto\" data-testid=\"conversation-turn-39\" data-scroll-anchor=\"true\">\n<div class=\"m-auto text-base py-[18px] px-6\">\n<div class=\"mx-auto flex flex-1 text-base gap-4 md:gap-5 lg:gap-6 md:max-w-3xl lg:max-w-[40rem] xl:max-w-[48rem]\">\n<div class=\"group\/conversation-turn relative flex w-full min-w-0 flex-col agent-turn @xs\/thread:px-0 @sm\/thread:px-1.5 @md\/thread:px-4\">\n<div class=\"flex-col gap-1 md:gap-3\">\n<div class=\"flex max-w-full flex-col flex-grow\">\n<div class=\"min-h-8 text-message flex w-full flex-col items-end gap-2 whitespace-normal break-words text-start [.text-message+&amp;]:mt-5\" dir=\"auto\" data-message-author-role=\"assistant\" data-message-id=\"55a23854-ec57-48dd-bd4f-6118f43d6241\" data-message-model-slug=\"gpt-4o\">\n<div class=\"flex w-full flex-col gap-1 empty:hidden first:pt-[3px]\">\n<div class=\"markdown prose w-full break-words dark:prose-invert light\">\n<p>1. Vandmelon Is<br \/>\n2. Jordb\u00e6r Vandmelon<br \/>\n3. Bl\u00e5b\u00e6r Is<br \/>\n4. Jordb\u00e6r Hindb\u00e6r Kirseb\u00e6r<br \/>\n5. Fersken Is<br \/>\n6. Red Bull Is<br \/>\n7. Blandede B\u00e6r<br \/>\n8. Triple Melon Is<br \/>\n9. Drue Is<br \/>\n10. Jordb\u00e6r Banan<br \/>\n11. Kirseb\u00e6r Cola Is<br \/>\n12. Bl\u00e5b\u00e6r Hindb\u00e6r<\/p>\n<\/div>\n<\/div>\n<\/div>\n<\/div>\n<\/div>\n<\/div>\n<\/div>\n<\/div>\n<\/article>\n<\/div>\n<\/div>\n<\/div>\n<\/div>\n<\/div>\n<\/div>\n<\/div>\n<\/div>\n<\/div>\n<\/div>\n<\/article>\n<h2>Hvorfor v\u00e6lge Vapestornado til Vapme Goat 40k Pust K\u00f8b?<\/h2>\n<div class=\"flex-shrink-0 flex flex-col relative items-end\">\n<div class=\"pt-0\">\n<div class=\"gizmo-bot-avatar flex h-8 w-8 items-center justify-center overflow-hidden rounded-full\">\n<div class=\"relative p-1 rounded-sm flex items-center justify-center bg-token-main-surface-primary text-token-text-primary h-8 w-8\">\n<p>At\u00a0<strong>VapeTornado<\/strong>, vi s\u00e6tter en \u00e6re i at levere\u00a0<strong>f\u00f8rsteklasses vaping-produkter til uovertrufne priser<\/strong>\u2014og\u00a0<strong>Vapme Gede 40000 Puffs<\/strong>\u00a0er ingen undtagelse! Her er hvorfor du b\u00f8r k\u00f8be fra os:<\/p>\n<p><strong>Bedste engrospriser<\/strong>\u00a0\u2013 Vi tilbyder\u00a0<strong>konkurrencedygtige m\u00e6ngderabatter<\/strong>, hvilket g\u00f8r os til det bedste valg for forhandlere og vapebutikker.<br \/>\n<strong>Hurtig<\/strong>\u00a0\u2013 F\u00e5 din ordre leveret\u00a0<strong>hurtigt og sikkert<\/strong>, med forsendelsesmuligheder til hele verden.<br \/>\n<strong>100 % Autentiske produkter<\/strong>\u00a0\u2013 Ingen efterligninger \u2013 kun\u00a0<strong>\u00e6gte Vapme Goat engangsdampe<\/strong>\u00a0med verificeret kvalitet.<br \/>\n<strong>Fremragende kundesupport<\/strong>\u00a0\u2013 Har du sp\u00f8rgsm\u00e5l? Vores\u00a0<strong>vape-eksperter<\/strong> er klar til at hj\u00e6lpe dig d\u00f8gnet rundt.<\/p>\n<p><strong>Vent ikke\u2014bestil din Vapme Goat 40000 Pust fra VapeTornado i dag og oplev den ultimative dampetilfredsstillelse!<\/strong>\u00a0\ud83d\ude80<\/p>\n<p data-start=\"559\" data-end=\"933\" data-is-last-node=\"\" data-is-only-node=\"\">Vi har ogs\u00e5 nogle andre popul\u00e6re vapes med sk\u00e6rm som <a href=\"https:\/\/vapestornado.com\/da\/product\/mesii-couple-50k-disposable-shisha-hookah-50000-puffs-vape-with-digital-display\/\">Mesii par 50000<\/a>, <a href=\"https:\/\/vapestornado.com\/da\/product\/vopk-cool-9000-puffs-disposable-vapes-bar-puff-9k\/\">VOPK 9000 Pust Engangs Vape<\/a>, <a href=\"https:\/\/vapestornado.com\/da\/product\/bang-beach-22000-20k-puff-disposable-vape-pen-with-screen-reddit-hot\/\">Bang Beach 22000<\/a>, og mere.<\/p>\n<\/div>\n<div class=\"relative p-1 rounded-sm flex items-center justify-center bg-token-main-surface-primary text-token-text-primary h-8 w-8\">\n<h2>OFTE STILLEDE SP\u00d8RGSM\u00c5L<\/h2>\n<ol data-start=\"3754\" data-end=\"4973\">\n<li data-start=\"3754\" data-end=\"4025\">\n<p data-start=\"3757\" data-end=\"4025\"><strong data-start=\"3757\" data-end=\"3869\">Hvordan p\u00e5virker Vapme Goat 40000 Puff 0,4\u03a9 mesh coil dampudgangen sammenlignet med h\u00f8jere ohm engangsprodukter?<\/strong><br data-start=\"3869\" data-end=\"3872\" \/>A <strong data-start=\"3874\" data-end=\"3892\">0,4\u03a9 mesh coil<\/strong> k\u00f8rer lavere modstand, s\u00e5 den skubber <strong data-start=\"3929\" data-end=\"3964\">t\u00e6ttere skyer og en varmere tr\u00e6k<\/strong>, mere som en shisha end en let mundtr\u00e6k engangs<\/p>\n<\/li>\n<li data-start=\"4027\" data-end=\"4220\">\n<p data-start=\"4030\" data-end=\"4220\"><strong data-start=\"4030\" data-end=\"4111\">underst\u00f8tter Vapme Goat 40K justerbar luftstr\u00f8m b\u00e5de MTL og DTL ordentligt?<\/strong><br data-start=\"4111\" data-end=\"4114\" \/>Ja. Luk luftstr\u00f8mmen stramt for MTL; \u00e5bne den op giver en friere tr\u00e6k for DTL med mere damp.<\/p>\n<\/li>\n<li data-start=\"4222\" data-end=\"4476\">\n<p data-start=\"4225\" data-end=\"4476\"><strong data-start=\"4225\" data-end=\"4323\">Kan Vapme Goat 40000 Puff Type-C genopladelig engangs vare holde hele 30 ml tanken ud?<\/strong><br data-start=\"4323\" data-end=\"4326\" \/>Det er, hvad genopladelighed er til. Hvis batteriet falder f\u00f8r v\u00e6sken g\u00f8r, en <strong data-start=\"4401\" data-end=\"4423\">hurtig Type-C genopfyldning<\/strong> holder enheden k\u00f8rende, indtil tanken er tom.<\/p>\n<\/li>\n<li data-start=\"4478\" data-end=\"4721\">\n<p data-start=\"4481\" data-end=\"4721\"><strong data-start=\"4481\" data-end=\"4587\">Hvilken smagsoplevelse kan forventes fra Vapme Goat 40.000 puff shisha vape ved langvarig brug?<\/strong><br data-start=\"4587\" data-end=\"4590\" \/>Mesh-opvarmning hj\u00e6lper med at holde smagen <strong data-start=\"4622\" data-end=\"4645\">fed og ensartet<\/strong> dybere ind i tanken, med mindre sletning i slutningen end standard tr\u00e5dspoler.<\/p>\n<\/li>\n<li data-start=\"4723\" data-end=\"4973\">\n<p data-start=\"4726\" data-end=\"4973\"><strong data-start=\"4726\" data-end=\"4835\">Er Vapme Goat 40000 Puff 2% nikotin engangsprodukt egnet til regelm\u00e6ssige EU-brugere, der \u00f8nsker et lettere hit?<\/strong><br data-start=\"4835\" data-end=\"4838\" \/>2% er sat til <strong data-start=\"4852\" data-end=\"4883\">let til moderat daglig brug<\/strong>, hvilket holder hit'et til stede uden at v\u00e6re overv\u00e6ldende; 0% d\u00e6kker nikotinfri pr\u00e6ference.<\/p>\n<\/li>\n<\/ol>\n<\/div>\n<\/div>\n<\/div>\n<\/div>","protected":false},"excerpt":{"rendered":"<p class=\"LC20lb MBeuO DKV0Md\">Vapme Goat 40000 Puff shisha-stil engangs vape med 30ml forudfyldt e-juice, 0,4\u03a9 mesh coil, justerbar luftstr\u00f8m og 850mAh Type-C genopladeligt batteri. Op til 40.000 puffs, 0% eller 2% nikotin, 10 smagsvarianter til lange, t\u00e6tte, glatte sessioner.<\/p>\n<p><strong>Tilf\u00f8j Amys whatsapp for at f\u00e5 korrekt svar og rabatpris!<\/strong><\/p>\n<p><img fetchpriority=\"high\" decoding=\"async\" class=\"size-full wp-image-2932\" src=\"https:\/\/vapestornado.com\/wp-content\/uploads\/2024\/12\/Vape-Wholesale.jpg\" alt=\"Vape Engros\" width=\"229\" height=\"300\" \/><\/p>\n<h3><a href=\"https:\/\/wa.me\/8617776015835\"><span style=\"color: #ff0000;\"><strong>WhatsApp: +86 17776015835<\/strong><\/span><\/a><\/h3>\n<p>&nbsp;<\/p>","protected":false},"featured_media":4001,"comment_status":"open","ping_status":"closed","template":"","meta":{"_acf_changed":false,"_uag_custom_page_level_css":"","_lmt_disableupdate":"no","_lmt_disable":"","_monsterinsights_skip_tracking":false,"_monsterinsights_sitenote_active":false,"_monsterinsights_sitenote_note":"","_monsterinsights_sitenote_category":0,"site-sidebar-layout":"default","site-content-layout":"","ast-site-content-layout":"default","site-content-style":"default","site-sidebar-style":"default","ast-global-header-display":"","ast-banner-title-visibility":"","ast-main-header-display":"","ast-hfb-above-header-display":"","ast-hfb-below-header-display":"","ast-hfb-mobile-header-display":"","site-post-title":"","ast-breadcrumbs-content":"","ast-featured-img":"","footer-sml-layout":"","ast-disable-related-posts":"","theme-transparent-header-meta":"default","adv-header-id-meta":"","stick-header-meta":"","header-above-stick-meta":"","header-main-stick-meta":"","header-below-stick-meta":"","astra-migrate-meta-layouts":"set","ast-page-background-enabled":"default","ast-page-background-meta":{"desktop":{"background-color":"","background-image":"","background-repeat":"repeat","background-position":"center center","background-size":"auto","background-attachment":"scroll","background-type":"","background-media":"","overlay-type":"","overlay-color":"","overlay-opacity":"","overlay-gradient":""},"tablet":{"background-color":"","background-image":"","background-repeat":"repeat","background-position":"center center","background-size":"auto","background-attachment":"scroll","background-type":"","background-media":"","overlay-type":"","overlay-color":"","overlay-opacity":"","overlay-gradient":""},"mobile":{"background-color":"","background-image":"","background-repeat":"repeat","background-position":"center center","background-size":"auto","background-attachment":"scroll","background-type":"","background-media":"","overlay-type":"","overlay-color":"","overlay-opacity":"","overlay-gradient":""}},"ast-content-background-meta":{"desktop":{"background-color":"var(--ast-global-color-5)","background-image":"","background-repeat":"repeat","background-position":"center center","background-size":"auto","background-attachment":"scroll","background-type":"","background-media":"","overlay-type":"","overlay-color":"","overlay-opacity":"","overlay-gradient":""},"tablet":{"background-color":"var(--ast-global-color-5)","background-image":"","background-repeat":"repeat","background-position":"center center","background-size":"auto","background-attachment":"scroll","background-type":"","background-media":"","overlay-type":"","overlay-color":"","overlay-opacity":"","overlay-gradient":""},"mobile":{"background-color":"var(--ast-global-color-5)","background-image":"","background-repeat":"repeat","background-position":"center center","background-size":"auto","background-attachment":"scroll","background-type":"","background-media":"","overlay-type":"","overlay-color":"","overlay-opacity":"","overlay-gradient":""}},"_joinchat":{"telephone":"17776015835"}},"product_brand":[],"product_cat":[65,158,146,147,61],"product_tag":[165,291,294,94,298],"class_list":{"0":"post-4007","1":"product","2":"type-product","3":"status-publish","4":"has-post-thumbnail","6":"product_cat-40000-puff","7":"product_cat-buy-disposable-vapes-in-spain","8":"product_cat-rechargeable-disposable-vapes","9":"product_cat-shisha-hookah-disposable-vapes","10":"product_cat-vapme-shisha","11":"product_tag-cheap-vapes","12":"product_tag-disposable-shisha-hookah","13":"product_tag-puff-40k","14":"product_tag-rechargeable-disposable-vape","15":"product_tag-vapme-goat-40000","16":"desktop-align-left","17":"tablet-align-left","18":"mobile-align-left","20":"first","21":"instock","22":"sale","23":"shipping-taxable","24":"purchasable","25":"product-type-simple"},"acf":[],"uagb_featured_image_src":{"full":["https:\/\/vapestornado.com\/wp-content\/uploads\/2025\/03\/Hot-Vapme-40000-Puffs-Disposables-Price-Wholesale.webp",800,800,false],"thumbnail":["https:\/\/vapestornado.com\/wp-content\/uploads\/2025\/03\/Hot-Vapme-40000-Puffs-Disposables-Price-Wholesale-150x150.webp",150,150,true],"medium":["https:\/\/vapestornado.com\/wp-content\/uploads\/2025\/03\/Hot-Vapme-40000-Puffs-Disposables-Price-Wholesale-300x300.webp",300,300,true],"medium_large":["https:\/\/vapestornado.com\/wp-content\/uploads\/2025\/03\/Hot-Vapme-40000-Puffs-Disposables-Price-Wholesale-768x768.webp",768,768,true],"large":["https:\/\/vapestornado.com\/wp-content\/uploads\/2025\/03\/Hot-Vapme-40000-Puffs-Disposables-Price-Wholesale.webp",800,800,false],"1536x1536":["https:\/\/vapestornado.com\/wp-content\/uploads\/2025\/03\/Hot-Vapme-40000-Puffs-Disposables-Price-Wholesale.webp",800,800,false],"2048x2048":["https:\/\/vapestornado.com\/wp-content\/uploads\/2025\/03\/Hot-Vapme-40000-Puffs-Disposables-Price-Wholesale.webp",800,800,false],"trp-custom-language-flag":["https:\/\/vapestornado.com\/wp-content\/uploads\/2025\/03\/Hot-Vapme-40000-Puffs-Disposables-Price-Wholesale.webp",12,12,false],"woocommerce_thumbnail":["https:\/\/vapestornado.com\/wp-content\/uploads\/2025\/03\/Hot-Vapme-40000-Puffs-Disposables-Price-Wholesale-300x300.webp",300,300,true],"woocommerce_single":["https:\/\/vapestornado.com\/wp-content\/uploads\/2025\/03\/Hot-Vapme-40000-Puffs-Disposables-Price-Wholesale-600x600.webp",600,600,true],"woocommerce_gallery_thumbnail":["https:\/\/vapestornado.com\/wp-content\/uploads\/2025\/03\/Hot-Vapme-40000-Puffs-Disposables-Price-Wholesale-100x100.webp",100,100,true]},"uagb_author_info":{"display_name":"ESAMY","author_link":"https:\/\/vapestornado.com\/da\/author\/"},"uagb_comment_info":0,"uagb_excerpt":"Vapme Goat 40000 Puff shisha-style disposable vape with 30ml pre-filled e-liquid, 0.4\u03a9 mesh coil, adjustable airflow, and 850mAh Type-C rechargeable battery. Up to 40,000 puffs, 0% or 2% nicotine, 10 flavours for long, dense, smooth sessions. Add Amy's whatsapp to get right reply and discount price! WhatsApp: +86 17776015835 &nbsp;","_links":{"self":[{"href":"https:\/\/vapestornado.com\/da\/wp-json\/wp\/v2\/product\/4007","targetHints":{"allow":["GET"]}}],"collection":[{"href":"https:\/\/vapestornado.com\/da\/wp-json\/wp\/v2\/product"}],"about":[{"href":"https:\/\/vapestornado.com\/da\/wp-json\/wp\/v2\/types\/product"}],"replies":[{"embeddable":true,"href":"https:\/\/vapestornado.com\/da\/wp-json\/wp\/v2\/comments?post=4007"}],"wp:featuredmedia":[{"embeddable":true,"href":"https:\/\/vapestornado.com\/da\/wp-json\/wp\/v2\/media\/4001"}],"wp:attachment":[{"href":"https:\/\/vapestornado.com\/da\/wp-json\/wp\/v2\/media?parent=4007"}],"wp:term":[{"taxonomy":"product_brand","embeddable":true,"href":"https:\/\/vapestornado.com\/da\/wp-json\/wp\/v2\/product_brand?post=4007"},{"taxonomy":"product_cat","embeddable":true,"href":"https:\/\/vapestornado.com\/da\/wp-json\/wp\/v2\/product_cat?post=4007"},{"taxonomy":"product_tag","embeddable":true,"href":"https:\/\/vapestornado.com\/da\/wp-json\/wp\/v2\/product_tag?post=4007"}],"curies":[{"name":"wp","href":"https:\/\/api.w.org\/{rel}","templated":true}]}}