{"id":3999,"date":"2025-03-25T07:33:36","date_gmt":"2025-03-25T07:33:36","guid":{"rendered":"https:\/\/vapestornado.com\/?post_type=product&#038;p=3999"},"modified":"2025-12-11T07:26:08","modified_gmt":"2025-12-11T07:26:08","slug":"wholesale-bang-beach-38000-puff-38k-vape-disposable-vaporizer-e-cig-at-cheap-prices","status":"publish","type":"product","link":"https:\/\/vapestornado.com\/da\/product\/wholesale-bang-beach-38000-puff-38k-vape-disposable-vaporizer-e-cig-at-cheap-prices\/","title":{"rendered":"Engros Bang Beach 38000 Puff 38k Vape Engangs Vaporizer E cigaret til billige priser"},"content":{"rendered":"<h1 data-pm-slice=\"1 1 []\">Engros Bang Beach 38000 Puff 38k Vape Engangs Vaporizer E cigaret til billige priser<\/h1>\n<p><strong data-start=\"94\" data-end=\"114\">Bang Beach 38000<\/strong> er en h\u00f8jkapacitets engangs E-cigaret, der er bygget til vapere, der \u00f8nsker lang driftstid, klar information p\u00e5 enheden og st\u00e6rk smag fra start til slut. Med <strong data-start=\"277\" data-end=\"299\">op til 38.000 puffs<\/strong>, en <strong data-start=\"303\" data-end=\"325\">38 ml e-v\u00e6skebeholder<\/strong>, og en <strong data-start=\"334\" data-end=\"372\">850mAh Type-C genopladeligt batteri<\/strong>, er den designet til at k\u00f8re i lang tid uden konstante udskiftninger. En <strong data-start=\"447\" data-end=\"470\">dobbelt sk\u00e6rm<\/strong> viser batteri- og olie niveauer, mens den <strong data-start=\"511\" data-end=\"538\">fingeraftryksl\u00e5sesk\u00e6rmen<\/strong> tilf\u00f8jer et lag af sikkerhed for lommer, tasker og rejser.<\/p>\n<h3 data-start=\"825\" data-end=\"880\">Hvorfor v\u00e6lge Bang Beach 38000 Puff<\/h3>\n<ul data-start=\"882\" data-end=\"2354\">\n<li data-start=\"882\" data-end=\"1213\">\n<p data-start=\"884\" data-end=\"1213\"><strong data-start=\"884\" data-end=\"935\">\u00c6gte kapacitet, der \u00e6ndrer din ugentlige rutine.<\/strong> Den <strong data-start=\"940\" data-end=\"969\">Bang Beach 38000 Puff bar<\/strong> kombinerer en <strong data-start=\"981\" data-end=\"1000\">38K puff vurdering<\/strong> med en fuld <strong data-start=\"1013\" data-end=\"1032\">38ml e-juice<\/strong>, s\u00e5 almindelige brugere i Danmark, Spanien eller Polen kan g\u00e5 <strong data-start=\"1086\" data-end=\"1119\">uger uden at skifte enheder<\/strong>. Det betyder f\u00e6rre n\u00f8dindk\u00f8b og en meget lavere \u201cper dag\u201d omkostning end de fleste sm\u00e5 engangsprodukter.<\/p>\n<\/li>\n<li data-start=\"1215\" data-end=\"1490\">\n<p data-start=\"1217\" data-end=\"1490\"><strong data-start=\"1217\" data-end=\"1262\">Mesh coil smag, der ikke falmer.<\/strong> Drevet af avanceret <strong data-start=\"1283\" data-end=\"1307\">mesh coil-teknologi<\/strong>, denne <strong data-start=\"1314\" data-end=\"1344\">Bang Beach 38K E-cigaret<\/strong> leverer glattere damp, st\u00e6rkere smag og mere ensartede tr\u00e6k i stedet for den skarpe, t\u00f8rre smag, du f\u00e5r, n\u00e5r grundl\u00e6ggende coils begynder at br\u00e6nde ud.<\/p>\n<\/li>\n<li data-start=\"1492\" data-end=\"1773\">\n<p data-start=\"1494\" data-end=\"1773\"><strong data-start=\"1494\" data-end=\"1537\">Type-C genopladning for at undg\u00e5 spildt v\u00e6ske.<\/strong> Den <strong data-start=\"1542\" data-end=\"1589\">850mAh Type-C genopladeligt Bang Beach 38000<\/strong> er bygget til at blive opladet flere gange. N\u00e5r batteriet er lavt, tilslutter du for en hurtig opfyldning og forts\u00e6tter, indtil tanken faktisk er tom, i stedet for at smide halvt brugt v\u00e6ske v\u00e6k.<\/p>\n<\/li>\n<li data-start=\"1775\" data-end=\"2092\">\n<p data-start=\"1777\" data-end=\"2092\"><strong data-start=\"1777\" data-end=\"1841\">Dobbelt-sk\u00e6rms display og fingeraftryksl\u00e5s til brug i den virkelige verden.<\/strong> Den <strong data-start=\"1846\" data-end=\"1890\">dobbelt-sk\u00e6rms Pod-enhed<\/strong> viser e-v\u00e6ske og batteri i realtid, og fingeraftryksl\u00e5sen hj\u00e6lper med at forhindre utilsigtet aktivering i din lomme eller taske \u2014 nyttigt p\u00e5 pendler, byture eller rejser i Danmark og resten af Europa.<\/p>\n<\/li>\n<li data-start=\"2094\" data-end=\"2354\">\n<p data-start=\"2096\" data-end=\"2354\"><strong data-start=\"2096\" data-end=\"2153\">Engros-venlig til enhver dampbutik eller distribut\u00f8r.<\/strong> Med <strong data-start=\"2159\" data-end=\"2190\">Cigarettengrossistpriser<\/strong> og st\u00e6rk eftersp\u00f8rgsel i <strong data-start=\"2216\" data-end=\"2230\">dampbutik<\/strong> kanal, Bang Beach 38000 fungerer for b\u00e5de slutbrugere og bulk-k\u00f8bere, der \u00f8nsker en langtidsholdbar enhed, der faktisk s\u00e6lger godt.<\/p>\n<\/li>\n<\/ul>\n<p data-start=\"666\" data-end=\"1235\"><strong style=\"font-size: 16px;\"><span style=\"color: #ff0000;\">Tilf\u00f8j Amy's WhatsApp for at f\u00e5 et direkte svar og en god pris!<\/span><\/strong><\/p>\n<p><img fetchpriority=\"high\" decoding=\"async\" class=\"size-full wp-image-2932\" src=\"https:\/\/vapestornado.com\/wp-content\/uploads\/2024\/12\/Vape-Wholesale.jpg\" alt=\"Vape Engros\" width=\"229\" height=\"300\" \/><\/p>\n<h3><a href=\"https:\/\/wa.me\/8617776015835\" target=\"_blank\" rel=\"noopener\"><span style=\"color: #ff0000;\"><strong>WhatsApp: +86 17776015835<\/strong><\/span><\/a><\/h3>\n<p>&nbsp;<\/p>\n<h2><strong>Bang Beach 38000 Pust Bar N\u00f8gleproduktfunktioner<\/strong><\/h2>\n<table>\n<thead>\n<tr>\n<th>Funktion<\/th>\n<th>specifikationer<\/th>\n<th>detaljer<\/th>\n<\/tr>\n<\/thead>\n<tbody>\n<tr>\n<td>M\u00e6rke<\/td>\n<td>Bang Beach<\/td>\n<td>H\u00f8jkapacitets engangsserie til EU-markeder<\/td>\n<\/tr>\n<tr>\n<td>Model<\/td>\n<td>Bang Beach 38000 Puff Bar<\/td>\n<td>38K puff genopladelig E-cigaret<\/td>\n<\/tr>\n<tr>\n<td>Pust Kapacitet<\/td>\n<td>Op til 38.000 puffs<\/td>\n<td>Designet til daglig brug i flere uger<\/td>\n<\/tr>\n<tr>\n<td>E-v\u00e6ske Volumen<\/td>\n<td>38ml e-juice<\/td>\n<td>Stor tank matchet til h\u00f8jt puff-antal<\/td>\n<\/tr>\n<tr>\n<td>Nikotinniveauer<\/td>\n<td>0% \/ 2% \/ 3% \/ 5%<\/td>\n<td>Passer til smags- alene, moderate og st\u00e6rkere pr\u00e6ferencer<\/td>\n<\/tr>\n<tr>\n<td>Batteri<\/td>\n<td>850mAh genopladelig<\/td>\n<td>Underst\u00f8tter gentagne opladninger gennem enhedens levetid<\/td>\n<\/tr>\n<tr>\n<td>Opladning<\/td>\n<td>Type-C genopladelig<\/td>\n<td>Hurtigopladning med standard moderne kabler<\/td>\n<\/tr>\n<tr>\n<td>Spoletype<\/td>\n<td>Mesh coil<\/td>\n<td>J\u00e6vn damp og stabil smagslevering<\/td>\n<\/tr>\n<tr>\n<td>Sk\u00e6rm<\/td>\n<td>Dobbelt-sk\u00e6rm (olie + batteri)<\/td>\n<td>Realtime status p\u00e5 e-juice og batteri<\/td>\n<\/tr>\n<tr>\n<td>Sikkerhed<\/td>\n<td>Fingeraftryksl\u00e5sesk\u00e6rm<\/td>\n<td>Reducerer utilsigtet aktivering og tilf\u00f8jer privatliv<\/td>\n<\/tr>\n<tr>\n<td>Positionering<\/td>\n<td>Engros &amp; detail<\/td>\n<td>Optimeret til cigaret-engrospriser og dampbutikssalg<\/td>\n<\/tr>\n<\/tbody>\n<\/table>\n<h2 class=\"product-title\"><strong>Bang Beach 38000 Pust Hot Sale Smagsliste<\/strong><\/h2>\n<article class=\"w-full text-token-text-primary focus-visible:outline-2 focus-visible:outline-offset-[-4px]\" dir=\"auto\" data-testid=\"conversation-turn-32\" data-scroll-anchor=\"false\">\n<div class=\"m-auto text-base py-[18px] px-6\">\n<div class=\"mx-auto flex flex-1 text-base gap-4 md:gap-5 lg:gap-6 md:max-w-3xl lg:max-w-[40rem] xl:max-w-[48rem]\">\n<div class=\"group\/conversation-turn relative flex w-full min-w-0 flex-col @xs\/thread:px-0 @sm\/thread:px-1.5 @md\/thread:px-4\">\n<div class=\"flex-col gap-1 md:gap-3\">\n<div class=\"flex max-w-full flex-col flex-grow\">\n<div class=\"min-h-8 text-message flex w-full flex-col items-end gap-2 whitespace-normal break-words text-start [.text-message+&amp;]:mt-5\" dir=\"auto\" data-message-author-role=\"user\" data-message-id=\"ffac41ca-1db4-431b-873a-32c4052956f1\">\n<div class=\"flex w-full flex-col gap-1 empty:hidden items-end rtl:items-start\">\n<div class=\"relative max-w-[var(--user-chat-width,70%)] rounded-3xl bg-token-message-surface px-5 py-2.5\">\n<div class=\"absolute bottom-0 right-full top-0 -mr-3.5 hidden pr-5 pt-2 [.group\/conversation-turn:hover_&amp;]:flex\">\n<div class=\"flex\">\n<article class=\"w-full text-token-text-primary focus-visible:outline-2 focus-visible:outline-offset-[-4px]\" dir=\"auto\" data-testid=\"conversation-turn-39\" data-scroll-anchor=\"true\">\n<div class=\"m-auto text-base py-[18px] px-6\">\n<div class=\"mx-auto flex flex-1 text-base gap-4 md:gap-5 lg:gap-6 md:max-w-3xl lg:max-w-[40rem] xl:max-w-[48rem]\">\n<div class=\"group\/conversation-turn relative flex w-full min-w-0 flex-col agent-turn @xs\/thread:px-0 @sm\/thread:px-1.5 @md\/thread:px-4\">\n<div class=\"flex-col gap-1 md:gap-3\">\n<div class=\"flex max-w-full flex-col flex-grow\">\n<div class=\"min-h-8 text-message flex w-full flex-col items-end gap-2 whitespace-normal break-words text-start [.text-message+&amp;]:mt-5\" dir=\"auto\" data-message-author-role=\"assistant\" data-message-id=\"55a23854-ec57-48dd-bd4f-6118f43d6241\" data-message-model-slug=\"gpt-4o\">\n<div class=\"flex w-full flex-col gap-1 empty:hidden first:pt-[3px]\">\n<div class=\"markdown prose w-full break-words dark:prose-invert light\">\n<p>1. Triple B\u00e6r Is<br \/>\n2. Pink Limonade<br \/>\n3. Bl\u00e5b\u00e6r Hindb\u00e6r<br \/>\n4. Blandet B\u00e6r<br \/>\n5.Jordb\u00e6r Vandmelon<br \/>\n6.Jordb\u00e6r Is<br \/>\n7. Drue Is<br \/>\n8. Fersken Mango<br \/>\n9. Bl\u00e5 Hindb\u00e6r Is<br \/>\n10. Kirseb\u00e6r Bombe<br \/>\n11. Vandmelon Is<br \/>\n12.Fersken Is<\/p>\n<figure id=\"attachment_4000\" aria-describedby=\"caption-attachment-4000\" style=\"width: 596px\" class=\"wp-caption alignnone\"><img decoding=\"async\" class=\"wp-image-4000 size-full\" src=\"https:\/\/vapestornado.com\/wp-content\/uploads\/2025\/03\/Wholesale-Bang-38000-Puffs.png\" alt=\"Engros Bang 38000 Pust\" width=\"596\" height=\"596\" srcset=\"https:\/\/vapestornado.com\/wp-content\/uploads\/2025\/03\/Wholesale-Bang-38000-Puffs.png 596w, https:\/\/vapestornado.com\/wp-content\/uploads\/2025\/03\/Wholesale-Bang-38000-Puffs-300x300.png 300w, https:\/\/vapestornado.com\/wp-content\/uploads\/2025\/03\/Wholesale-Bang-38000-Puffs-150x150.png 150w, https:\/\/vapestornado.com\/wp-content\/uploads\/2025\/03\/Wholesale-Bang-38000-Puffs-100x100.png 100w\" sizes=\"(max-width: 596px) 100vw, 596px\" \/><figcaption id=\"caption-attachment-4000\" class=\"wp-caption-text\">Engros Bang 38000 Pust<\/figcaption><\/figure>\n<\/div>\n<\/div>\n<\/div>\n<\/div>\n<\/div>\n<\/div>\n<\/div>\n<\/div>\n<\/article>\n<\/div>\n<\/div>\n<\/div>\n<\/div>\n<\/div>\n<\/div>\n<\/div>\n<\/div>\n<\/div>\n<\/div>\n<\/article>\n<h2>Hvorfor v\u00e6lge Vapestornado til Bang Beach 38000 Pust k\u00f8b?<\/h2>\n<div class=\"flex-shrink-0 flex flex-col relative items-end\">\n<div class=\"pt-0\">\n<div class=\"gizmo-bot-avatar flex h-8 w-8 items-center justify-center overflow-hidden rounded-full\">\n<div class=\"relative p-1 rounded-sm flex items-center justify-center bg-token-main-surface-primary text-token-text-primary h-8 w-8\">\n<p data-start=\"88\" data-end=\"557\">N\u00e5r det kommer til <strong data-start=\"105\" data-end=\"154\">\u00a0k\u00f8b af h\u00f8jkvalitets engangs vapes<\/strong>, <strong data-start=\"156\" data-end=\"172\">Vapestornado<\/strong> er den foretrukne kilde til uovertrufne <strong data-start=\"208\" data-end=\"271\">fabrikspriser, hurtig forsendelse og f\u00f8rsteklasses kundeservice<\/strong>. At k\u00f8be Bang Beach 38000 Pust fra Vapestornado betyder at du f\u00e5r <strong data-start=\"363\" data-end=\"400\">autentiske, 100% originale produkter<\/strong> med den nyeste<strong data-start=\"417\" data-end=\"515\"> sk\u00e6rmdisplay, genopladelig Type-C bekvemmelighed, og 38000 pust kapacitet<\/strong>\u2014altid til den bedste<strong data-start=\"527\" data-end=\"554\">\u00a0engrospriser<\/strong>.<\/p>\n<p data-start=\"559\" data-end=\"933\" data-is-last-node=\"\" data-is-only-node=\"\">Vi har ogs\u00e5 nogle andre popul\u00e6re vapes med sk\u00e6rm som <a href=\"https:\/\/vapestornado.com\/da\/product\/mesii-couple-50k-disposable-shisha-hookah-50000-puffs-vape-with-digital-display\/\">Mesii par 50000<\/a>, <a href=\"https:\/\/vapestornado.com\/da\/product\/vopk-ultra-40000-puffs-2-in-1-digital-screen-rechargeable-disposable-vape\/\">VOPK 40000 Pust Engangs Vape<\/a>, <a href=\"https:\/\/vapestornado.com\/da\/product\/bang-beach-22000-20k-puff-disposable-vape-pen-with-screen-reddit-hot\/\">Bang Beach 22000<\/a>, og mere.<\/p>\n<\/div>\n<div class=\"relative p-1 rounded-sm flex items-center justify-center bg-token-main-surface-primary text-token-text-primary h-8 w-8\">\n<h2>Ofte stillede sp\u00f8rgsm\u00e5l om Bang 38000<\/h2>\n<p data-start=\"3372\" data-end=\"3465\">1. Hvor lang tid varer Bang Beach 38000 Puffs E-cigaret normalt for daglige brugere?<\/p>\n<p data-start=\"3466\" data-end=\"3738\">Den <strong data-start=\"3470\" data-end=\"3507\">Bang Beach 38000 Puffs E-cigaret<\/strong> parrer en <strong data-start=\"3516\" data-end=\"3529\">38 ml tank<\/strong> med op til <strong data-start=\"3541\" data-end=\"3557\">38.000 pust<\/strong>, s\u00e5 mange daglige brugere kan f\u00e5 <strong data-start=\"3590\" data-end=\"3625\">flere ugers brug pr. enhed<\/strong>. Den faktiske tid afh\u00e6nger af din puff-frekvens og tr\u00e6k-l\u00e6ngde, men den varer tydeligvis l\u00e6ngere end typiske 5K\u201310K engangsprodukter.<\/p>\n<p data-start=\"3745\" data-end=\"3859\">2. Hvad \u00e6ndrer mesh-spiralen i Bang Beach 38000 h\u00f8jkapacitets vape med hensyn til smag og damp?<\/p>\n<p data-start=\"3860\" data-end=\"4084\">Den <strong data-start=\"3864\" data-end=\"3906\">Bang Beach 38000 mesh-spiral E-cigaret<\/strong> fordeler varmen j\u00e6vnt gennem vattet, hvilket holder dampen t\u00e6t og smagen ensartet. Dette design hj\u00e6lper med at undg\u00e5 h\u00e5rde, br\u00e6ndte smagsoplevelser, is\u00e6r n\u00e6r slutningen af v\u00e6sken.<\/p>\n<p data-start=\"4091\" data-end=\"4184\">3. Hvordan hj\u00e6lper dual-sk\u00e6rmvisningen p\u00e5 Bang Beach 38000 Puff bar i daglig brug?<\/p>\n<p data-start=\"4185\" data-end=\"4462\">Den <strong data-start=\"4189\" data-end=\"4230\">dual-sk\u00e6rm Bang Beach 38000 Puff bar<\/strong> viser e-v\u00e6skestand og batteristatus separat, s\u00e5 du altid ved, om du skal genoplade eller er t\u00e6t p\u00e5 at t\u00f8mme tanken. Det fjerner g\u00e6tteri, hvilket er vigtigt, n\u00e5r du er afh\u00e6ngig af \u00e9n enhed i arbejdsdage eller under rejser.<\/p>\n<p data-start=\"4469\" data-end=\"4582\">4. Er Bang Beach 38000 egnet til k\u00f8bere, der sammenligner damperbutik-enheder til Cigarette grossistpriser?<\/p>\n<p data-start=\"4583\" data-end=\"4884\">Ja. For <strong data-start=\"4592\" data-end=\"4606\">dampbutik<\/strong> ejere og distribut\u00f8rer, den <strong data-start=\"4636\" data-end=\"4678\">Bang Beach 38000 engros E-cigaret<\/strong> tilbyder h\u00f8jt puffantal, avancerede funktioner (sk\u00e6rme + fingeraftryksl\u00e5s) og konkurrencedygtige <strong data-start=\"4767\" data-end=\"4798\">Cigarettengrossistpriser<\/strong>, hvilket samlet set skaber et st\u00e6rkt v\u00e6rditilbud i forhold til andre langtidsholdbare engangsprodukter.<\/p>\n<p data-start=\"4891\" data-end=\"5003\">5. P\u00e5virker fingeraftryksl\u00e5sen p\u00e5 Bang Beach 38000 Puff E-cigaret ydeevnen eller kun sikkerheden?<\/p>\n<p data-start=\"5004\" data-end=\"5262\">Den <strong data-start=\"5008\" data-end=\"5052\">Bang Beach 38000 fingeraftryksl\u00e5sesystem<\/strong> handler udelukkende om sikkerhed og bekvemmelighed. Det hj\u00e6lper med at forhindre utilsigtet affyring og uautoriseret brug, men n\u00e5r det er l\u00e5st op, er ydeevnen u\u00e6ndret \u2014 du f\u00e5r stadig fuld output fra mesh-spiralen og 850mAh batteriet.<\/p>\n<\/div>\n<\/div>\n<\/div>\n<\/div>","protected":false},"excerpt":{"rendered":"<p class=\"LC20lb MBeuO DKV0Md\">Bang Beach 38000 Puff engangs E-cigaret med 38ml e-juice, mesh coil, 850mAh Type-C genopladeligt batteri, dual-sk\u00e6rms display og fingeraftryksl\u00e5s. H\u00f8jkapacitets 38K vape bar designet til langvarig brug, vapebutikssalg og konkurrencedygtige Cigaret engrospriser i hele Europa.<\/p>\n<p><strong>Tilf\u00f8j Amys whatsapp for at f\u00e5 korrekt svar og rabatpris!<\/strong><\/p>\n<p><img fetchpriority=\"high\" decoding=\"async\" class=\"size-full wp-image-2932\" src=\"https:\/\/vapestornado.com\/wp-content\/uploads\/2024\/12\/Vape-Wholesale.jpg\" alt=\"Vape Engros\" width=\"229\" height=\"300\" \/><\/p>\n<h3><a href=\"https:\/\/wa.me\/8617776015835\"><span style=\"color: #ff0000;\"><strong>WhatsApp: +86 17776015835<\/strong><\/span><\/a><\/h3>\n<p>&nbsp;<\/p>","protected":false},"featured_media":3998,"comment_status":"open","ping_status":"closed","template":"","meta":{"_acf_changed":false,"_uag_custom_page_level_css":"","_lmt_disableupdate":"no","_lmt_disable":"","_monsterinsights_skip_tracking":false,"_monsterinsights_sitenote_active":false,"_monsterinsights_sitenote_note":"","_monsterinsights_sitenote_category":0,"site-sidebar-layout":"default","site-content-layout":"","ast-site-content-layout":"default","site-content-style":"default","site-sidebar-style":"default","ast-global-header-display":"","ast-banner-title-visibility":"","ast-main-header-display":"","ast-hfb-above-header-display":"","ast-hfb-below-header-display":"","ast-hfb-mobile-header-display":"","site-post-title":"","ast-breadcrumbs-content":"","ast-featured-img":"","footer-sml-layout":"","ast-disable-related-posts":"","theme-transparent-header-meta":"default","adv-header-id-meta":"","stick-header-meta":"","header-above-stick-meta":"","header-main-stick-meta":"","header-below-stick-meta":"","astra-migrate-meta-layouts":"set","ast-page-background-enabled":"default","ast-page-background-meta":{"desktop":{"background-color":"","background-image":"","background-repeat":"repeat","background-position":"center center","background-size":"auto","background-attachment":"scroll","background-type":"","background-media":"","overlay-type":"","overlay-color":"","overlay-opacity":"","overlay-gradient":""},"tablet":{"background-color":"","background-image":"","background-repeat":"repeat","background-position":"center center","background-size":"auto","background-attachment":"scroll","background-type":"","background-media":"","overlay-type":"","overlay-color":"","overlay-opacity":"","overlay-gradient":""},"mobile":{"background-color":"","background-image":"","background-repeat":"repeat","background-position":"center center","background-size":"auto","background-attachment":"scroll","background-type":"","background-media":"","overlay-type":"","overlay-color":"","overlay-opacity":"","overlay-gradient":""}},"ast-content-background-meta":{"desktop":{"background-color":"var(--ast-global-color-5)","background-image":"","background-repeat":"repeat","background-position":"center center","background-size":"auto","background-attachment":"scroll","background-type":"","background-media":"","overlay-type":"","overlay-color":"","overlay-opacity":"","overlay-gradient":""},"tablet":{"background-color":"var(--ast-global-color-5)","background-image":"","background-repeat":"repeat","background-position":"center center","background-size":"auto","background-attachment":"scroll","background-type":"","background-media":"","overlay-type":"","overlay-color":"","overlay-opacity":"","overlay-gradient":""},"mobile":{"background-color":"var(--ast-global-color-5)","background-image":"","background-repeat":"repeat","background-position":"center center","background-size":"auto","background-attachment":"scroll","background-type":"","background-media":"","overlay-type":"","overlay-color":"","overlay-opacity":"","overlay-gradient":""}},"_joinchat":{"telephone":"17776015835"}},"product_brand":[],"product_cat":[62,153,158,142],"product_tag":[295,297,296,491,269],"class_list":{"0":"post-3999","1":"product","2":"type-product","3":"status-publish","4":"has-post-thumbnail","6":"product_cat-bang-vape","7":"product_cat-buy-disposable-vapes-in-italy","8":"product_cat-buy-disposable-vapes-in-spain","9":"product_cat-digital-box-disposable-vapes","10":"product_tag-bang-beach-38000","11":"product_tag-fingerprint-vape","12":"product_tag-puff-bar","13":"product_tag-vape-with-digital-dispaly","14":"product_tag-vape-with-screen","15":"desktop-align-left","16":"tablet-align-left","17":"mobile-align-left","19":"first","20":"instock","21":"sale","22":"shipping-taxable","23":"purchasable","24":"product-type-simple"},"acf":[],"uagb_featured_image_src":{"full":["https:\/\/vapestornado.com\/wp-content\/uploads\/2025\/03\/Wholesale-Bang-Vape-at-Cheap-Prices.webp",800,800,false],"thumbnail":["https:\/\/vapestornado.com\/wp-content\/uploads\/2025\/03\/Wholesale-Bang-Vape-at-Cheap-Prices-150x150.webp",150,150,true],"medium":["https:\/\/vapestornado.com\/wp-content\/uploads\/2025\/03\/Wholesale-Bang-Vape-at-Cheap-Prices-300x300.webp",300,300,true],"medium_large":["https:\/\/vapestornado.com\/wp-content\/uploads\/2025\/03\/Wholesale-Bang-Vape-at-Cheap-Prices-768x768.webp",768,768,true],"large":["https:\/\/vapestornado.com\/wp-content\/uploads\/2025\/03\/Wholesale-Bang-Vape-at-Cheap-Prices.webp",800,800,false],"1536x1536":["https:\/\/vapestornado.com\/wp-content\/uploads\/2025\/03\/Wholesale-Bang-Vape-at-Cheap-Prices.webp",800,800,false],"2048x2048":["https:\/\/vapestornado.com\/wp-content\/uploads\/2025\/03\/Wholesale-Bang-Vape-at-Cheap-Prices.webp",800,800,false],"trp-custom-language-flag":["https:\/\/vapestornado.com\/wp-content\/uploads\/2025\/03\/Wholesale-Bang-Vape-at-Cheap-Prices.webp",12,12,false],"woocommerce_thumbnail":["https:\/\/vapestornado.com\/wp-content\/uploads\/2025\/03\/Wholesale-Bang-Vape-at-Cheap-Prices-300x300.webp",300,300,true],"woocommerce_single":["https:\/\/vapestornado.com\/wp-content\/uploads\/2025\/03\/Wholesale-Bang-Vape-at-Cheap-Prices-600x600.webp",600,600,true],"woocommerce_gallery_thumbnail":["https:\/\/vapestornado.com\/wp-content\/uploads\/2025\/03\/Wholesale-Bang-Vape-at-Cheap-Prices-100x100.webp",100,100,true]},"uagb_author_info":{"display_name":"ESAMY","author_link":"https:\/\/vapestornado.com\/da\/author\/"},"uagb_comment_info":1,"uagb_excerpt":"Bang Beach 38000 Puff disposable E-cigarette with 38ml e-juice, mesh coil, 850mAh Type-C rechargeable battery, dual-screen display and fingerprint lock. High-capacity 38K vape bar designed for long use, vapor shop sales, and competitive Cigarette wholesaler prices across Europe. Add Amy's whatsapp to get right reply and discount price! WhatsApp: +86 17776015835 &nbsp;","_links":{"self":[{"href":"https:\/\/vapestornado.com\/da\/wp-json\/wp\/v2\/product\/3999","targetHints":{"allow":["GET"]}}],"collection":[{"href":"https:\/\/vapestornado.com\/da\/wp-json\/wp\/v2\/product"}],"about":[{"href":"https:\/\/vapestornado.com\/da\/wp-json\/wp\/v2\/types\/product"}],"replies":[{"embeddable":true,"href":"https:\/\/vapestornado.com\/da\/wp-json\/wp\/v2\/comments?post=3999"}],"wp:featuredmedia":[{"embeddable":true,"href":"https:\/\/vapestornado.com\/da\/wp-json\/wp\/v2\/media\/3998"}],"wp:attachment":[{"href":"https:\/\/vapestornado.com\/da\/wp-json\/wp\/v2\/media?parent=3999"}],"wp:term":[{"taxonomy":"product_brand","embeddable":true,"href":"https:\/\/vapestornado.com\/da\/wp-json\/wp\/v2\/product_brand?post=3999"},{"taxonomy":"product_cat","embeddable":true,"href":"https:\/\/vapestornado.com\/da\/wp-json\/wp\/v2\/product_cat?post=3999"},{"taxonomy":"product_tag","embeddable":true,"href":"https:\/\/vapestornado.com\/da\/wp-json\/wp\/v2\/product_tag?post=3999"}],"curies":[{"name":"wp","href":"https:\/\/api.w.org\/{rel}","templated":true}]}}