{"id":3975,"date":"2025-03-25T07:58:28","date_gmt":"2025-03-25T07:58:28","guid":{"rendered":"https:\/\/vapestornado.com\/?post_type=product&#038;p=3975"},"modified":"2025-08-23T11:43:24","modified_gmt":"2025-08-23T11:43:24","slug":"2025-new-vopk-ultra-40000-puffs-double-flavor-disposable-vape-factory-suppliers","status":"publish","type":"product","link":"https:\/\/vapestornado.com\/da\/product\/2025-new-vopk-ultra-40000-puffs-double-flavor-disposable-vape-factory-suppliers\/","title":{"rendered":"2025 Nye VOPK Ultra 40000 Pust Dobbeltsmag Engangs Vape Fabriksleverand\u00f8rer"},"content":{"rendered":"<h1 data-pm-slice=\"1 1 []\">2025 Nye VOPK Ultra 40000 Pust Dobbeltsmag Engangs Vape Fabriksleverand\u00f8rer<\/h1>\n<p data-start=\"140\" data-end=\"448\">Den <strong data-start=\"144\" data-end=\"209\">2025 Ny VOPK Ultra 40000 Puffs Dobbeltsmag Engangs Vape<\/strong> er designet til detailhandlere og distribut\u00f8rer, der s\u00f8ger en premium, langtidsholdbar mulighed til deres lager. Med op til <strong data-start=\"324\" data-end=\"340\">40.000 sug<\/strong>kombinerer denne enhed med h\u00f8j kapacitet <strong data-start=\"377\" data-end=\"409\">DTL hookah-stil ydeevne<\/strong> med stilfuldt SHISHA-inspireret design.<\/p>\n<p data-start=\"450\" data-end=\"859\">Udstyret med et <strong data-start=\"467\" data-end=\"498\">850mAh genopladelige batteri<\/strong> og et <strong data-start=\"505\" data-end=\"537\">36 ml forudfyldt e-v\u00e6ske tank<\/strong>sikrer VOPK Ultra udvidet vaping uden hyppige udskiftninger. Dens <strong data-start=\"613\" data-end=\"635\">RGB digitale sk\u00e6rm<\/strong> holder brugerne informeret med realtidsopdateringer om batteri, puff status og str\u00f8mindstillinger. Justerbar wattstyrkekontrol lader kunderne finjustere deres vapingintensitet for enten glatte smagssessioner eller t\u00e6tte skyjagter.<\/p>\n<p data-start=\"861\" data-end=\"1210\">Den mest fremtr\u00e6dende funktion er dens <strong data-start=\"889\" data-end=\"914\">quad mesh spolesystem<\/strong>, der leverer forbedret smag og damp produktion, samtidig med at hver puff forbliver ensartet. Med <strong data-start=\"1015\" data-end=\"1053\">dobbelte smagsvarianter indbygget i \u00e9n enhed<\/strong>kan brugerne ubesv\u00e6ret skifte mellem smagsprofiler som <strong data-start=\"1113\" data-end=\"1165\">Jordb\u00e6r Vandmelon<\/strong> or <strong data-start=\"1169\" data-end=\"1207\">Blue Razz Ananas<\/strong>.<\/p>\n<p data-start=\"1212\" data-end=\"1603\">Tilg\u00e6ngelig i <strong data-start=\"1225\" data-end=\"1266\">0%, 2%, 3% og 5% nikotinstyrker<\/strong>VOPK Ultra 40K henvender sig til alle brugerpr\u00e6ferencer, fra nikotinfrie entusiaster til erfarne dampere. Hurtig <strong data-start=\"1378\" data-end=\"1397\">Type-C opladning<\/strong> garanterer minimal nedetid, hvilket g\u00f8r den yderst p\u00e5lidelig til brug p\u00e5 farten. For grossister tilbyder denne model <strong data-start=\"1507\" data-end=\"1586\">direkte fabriksforsyning, konkurrencedygtige bulkpriser og st\u00e6rk kundeappel<\/strong> i hele Europa.<\/p>\n<p data-start=\"666\" data-end=\"1235\"><strong style=\"font-size: 16px;\"><span style=\"color: #ff0000;\">Tilf\u00f8j Amy's WhatsApp for at f\u00e5 et direkte svar og en god pris!<\/span><\/strong><\/p>\n<p><img fetchpriority=\"high\" decoding=\"async\" class=\"size-full wp-image-2932\" src=\"https:\/\/vapestornado.com\/wp-content\/uploads\/2024\/12\/Vape-Wholesale.jpg\" alt=\"Vape Engros\" width=\"229\" height=\"300\" \/><\/p>\n<h3><a href=\"https:\/\/wa.me\/8617776015835\" target=\"_blank\" rel=\"noopener\"><span style=\"color: #ff0000;\"><strong>WhatsApp: +86 17776015835<\/strong><\/span><\/a><\/h3>\n<p>&nbsp;<\/p>\n<h2><strong>VOPK Ultra 40000 Puffs Vigtigste Produktfunktioner<\/strong><\/h2>\n<p>M\u00e6rke: Vopk Vapes<br \/>\nE-v\u00e6ske: 36 ml forudfyldt v\u00e6ske<br \/>\nBatteri: 850mAh batteri<br \/>\nType-c port<br \/>\nOp til 40000 sug<br \/>\nJusterbar effekt<br \/>\nDigital sk\u00e6rmvisning<br \/>\n0% 2% 3% 5% nikotinniveauer<\/p>\n<figure id=\"attachment_3955\" aria-describedby=\"caption-attachment-3955\" style=\"width: 800px\" class=\"wp-caption alignnone\"><img decoding=\"async\" class=\"wp-image-3955 size-full\" src=\"https:\/\/vapestornado.com\/wp-content\/uploads\/2025\/03\/VOPK-Ultra-40k-40000-Puffs-Disposable-Vape-Dual-Flavors.webp\" alt=\"VOPK Ultra 40k 40000 Pust Engangs Vape 2 Smagsvarianter\" width=\"800\" height=\"800\" srcset=\"https:\/\/vapestornado.com\/wp-content\/uploads\/2025\/03\/VOPK-Ultra-40k-40000-Puffs-Disposable-Vape-Dual-Flavors.webp 800w, https:\/\/vapestornado.com\/wp-content\/uploads\/2025\/03\/VOPK-Ultra-40k-40000-Puffs-Disposable-Vape-Dual-Flavors-300x300.webp 300w, https:\/\/vapestornado.com\/wp-content\/uploads\/2025\/03\/VOPK-Ultra-40k-40000-Puffs-Disposable-Vape-Dual-Flavors-150x150.webp 150w, https:\/\/vapestornado.com\/wp-content\/uploads\/2025\/03\/VOPK-Ultra-40k-40000-Puffs-Disposable-Vape-Dual-Flavors-768x768.webp 768w, https:\/\/vapestornado.com\/wp-content\/uploads\/2025\/03\/VOPK-Ultra-40k-40000-Puffs-Disposable-Vape-Dual-Flavors-600x600.webp 600w, https:\/\/vapestornado.com\/wp-content\/uploads\/2025\/03\/VOPK-Ultra-40k-40000-Puffs-Disposable-Vape-Dual-Flavors-100x100.webp 100w\" sizes=\"(max-width: 800px) 100vw, 800px\" \/><figcaption id=\"caption-attachment-3955\" class=\"wp-caption-text\">VOPK Ultra 40k 40000 Pust Engangs Vape 2 Smagsvarianter<\/figcaption><\/figure>\n<p>&nbsp;<\/p>\n<h2 class=\"product-title\"><strong>VOPK Ultra 40000 Pust Engangs Box Smagsliste<\/strong><\/h2>\n<article class=\"w-full text-token-text-primary focus-visible:outline-2 focus-visible:outline-offset-[-4px]\" dir=\"auto\" data-testid=\"conversation-turn-32\" data-scroll-anchor=\"false\">\n<div class=\"m-auto text-base py-[18px] px-6\">\n<div class=\"mx-auto flex flex-1 text-base gap-4 md:gap-5 lg:gap-6 md:max-w-3xl lg:max-w-[40rem] xl:max-w-[48rem]\">\n<div class=\"group\/conversation-turn relative flex w-full min-w-0 flex-col @xs\/thread:px-0 @sm\/thread:px-1.5 @md\/thread:px-4\">\n<div class=\"flex-col gap-1 md:gap-3\">\n<div class=\"flex max-w-full flex-col flex-grow\">\n<div class=\"min-h-8 text-message flex w-full flex-col items-end gap-2 whitespace-normal break-words text-start [.text-message+&amp;]:mt-5\" dir=\"auto\" data-message-author-role=\"user\" data-message-id=\"ffac41ca-1db4-431b-873a-32c4052956f1\">\n<div class=\"flex w-full flex-col gap-1 empty:hidden items-end rtl:items-start\">\n<div class=\"relative max-w-[var(--user-chat-width,70%)] rounded-3xl bg-token-message-surface px-5 py-2.5\">\n<div class=\"absolute bottom-0 right-full top-0 -mr-3.5 hidden pr-5 pt-2 [.group\/conversation-turn:hover_&amp;]:flex\">\n<div class=\"flex\">\n<article class=\"w-full text-token-text-primary focus-visible:outline-2 focus-visible:outline-offset-[-4px]\" dir=\"auto\" data-testid=\"conversation-turn-39\" data-scroll-anchor=\"true\">\n<div class=\"m-auto text-base py-[18px] px-6\">\n<div class=\"mx-auto flex flex-1 text-base gap-4 md:gap-5 lg:gap-6 md:max-w-3xl lg:max-w-[40rem] xl:max-w-[48rem]\">\n<div class=\"group\/conversation-turn relative flex w-full min-w-0 flex-col agent-turn @xs\/thread:px-0 @sm\/thread:px-1.5 @md\/thread:px-4\">\n<div class=\"flex-col gap-1 md:gap-3\">\n<div class=\"flex max-w-full flex-col flex-grow\">\n<div class=\"min-h-8 text-message flex w-full flex-col items-end gap-2 whitespace-normal break-words text-start [.text-message+&amp;]:mt-5\" dir=\"auto\" data-message-author-role=\"assistant\" data-message-id=\"55a23854-ec57-48dd-bd4f-6118f43d6241\" data-message-model-slug=\"gpt-4o\">\n<div class=\"flex w-full flex-col gap-1 empty:hidden first:pt-[3px]\">\n<div class=\"markdown prose w-full break-words dark:prose-invert light\">\n<p>1.Jordb\u00e6r Vandmelon\/ Kiwi Passionsfrugt Guava<br \/>\n2.Bl\u00e5b\u00e6r Hindb\u00e6r \/ Fersken Mango Vandmelon<br \/>\n3. Bl\u00e5 Hindb\u00e6r Gummibj\u00f8rn\/ Jordb\u00e6r Kiwi<br \/>\n4. Bl\u00e5 Hindb\u00e6r Kirseb\u00e6r\/ Jordb\u00e6r Hindb\u00e6r<br \/>\n5. Brusende Citron<br \/>\n6. Vandmelon is \/ Bl\u00e5 Hindb\u00e6r is<br \/>\n7. Bl\u00e5 Hindb\u00e6r Ananas \/ Triple Mango<br \/>\n8. Drue B\u00e6r Eksplosion \/ P\u00e6re \u00c6ble Hindb\u00e6r<br \/>\n9. Jordb\u00e6r Traneb\u00e6r Kirseb\u00e6r\/ Ananas Passionsfrugt Lime<br \/>\n10. Bl\u00e5b\u00e6r Jordb\u00e6r Menthol\/ Bl\u00e5b\u00e6r Hindb\u00e6r Menthol<\/p>\n<\/div>\n<\/div>\n<\/div>\n<\/div>\n<\/div>\n<\/div>\n<\/div>\n<\/div>\n<\/article>\n<\/div>\n<\/div>\n<\/div>\n<\/div>\n<\/div>\n<\/div>\n<\/div>\n<\/div>\n<\/div>\n<\/div>\n<\/article>\n<h2>Hvorfor v\u00e6lge Vapestornado til VOPK Ultra 40000 Puffs K\u00f8b?<\/h2>\n<div class=\"flex-shrink-0 flex flex-col relative items-end\">\n<div class=\"pt-0\">\n<div class=\"gizmo-bot-avatar flex h-8 w-8 items-center justify-center overflow-hidden rounded-full\">\n<div class=\"relative p-1 rounded-sm flex items-center justify-center bg-token-main-surface-primary text-token-text-primary h-8 w-8\">\n<p data-start=\"88\" data-end=\"557\">N\u00e5r det kommer til <strong data-start=\"105\" data-end=\"154\">\u00a0k\u00f8b af h\u00f8jkvalitets engangs vapes<\/strong>, <strong data-start=\"156\" data-end=\"172\">Vapestornado<\/strong> er den foretrukne kilde til uovertrufne <strong data-start=\"208\" data-end=\"271\">fabrikspriser, hurtig forsendelse og f\u00f8rsteklasses kundeservice<\/strong>. N\u00e5r du k\u00f8ber VOPK Ultra 40000 Puffs fra Vapestornado, f\u00e5r du <strong data-start=\"363\" data-end=\"400\">autentiske, 100% originale produkter<\/strong> med det nyeste digitale<strong data-start=\"417\" data-end=\"515\"> sk\u00e6rmdisplay, genopladelig Type-C bekvemmelighed, 2 i 1 dobbelt smag og 4000 puffs kapacitet<\/strong>\u2014alt sammen til en lav<strong data-start=\"527\" data-end=\"554\">\u00a0engrospriser<\/strong>.<\/p>\n<p data-start=\"559\" data-end=\"933\" data-is-last-node=\"\" data-is-only-node=\"\">Vi har ogs\u00e5 nogle andre popul\u00e6re vapes med sk\u00e6rm som <a href=\"https:\/\/vapestornado.com\/da\/product\/mesii-couple-50k-disposable-shisha-hookah-50000-puffs-vape-with-digital-display\/\">Mesii par 50000<\/a>, <a href=\"https:\/\/vapestornado.com\/da\/product\/vopk-cool-9000-puffs-disposable-vapes-bar-puff-9k\/\">VOPK 9000 Pust Engangs Vape<\/a>, <a href=\"https:\/\/vapestornado.com\/da\/product\/bang-beach-22000-20k-puff-disposable-vape-pen-with-screen-reddit-hot\/\">Bang Beach 22000<\/a>, og mere.<\/p>\n<\/div>\n<div class=\"relative p-1 rounded-sm flex items-center justify-center bg-token-main-surface-primary text-token-text-primary h-8 w-8\">\n<h2>OFTE STILLEDE SP\u00d8RGSM\u00c5L<\/h2>\n<ol data-start=\"1260\" data-end=\"2197\">\n<li class=\"\" data-start=\"1260\" data-end=\"1488\">\n<p class=\"\" data-start=\"1263\" data-end=\"1488\"><strong data-start=\"1263\" data-end=\"1301\">Hvordan bruger jeg engangs vape pods?<\/strong><br data-start=\"1301\" data-end=\"1304\" \/>Simpelthen <strong data-start=\"1314\" data-end=\"1347\">ind\u00e5nd gennem mundstykket<\/strong>, og enheden aktiveres automatisk. Den <strong data-start=\"1397\" data-end=\"1425\">justerbare effektindstilling<\/strong> giver dig mulighed for at finjustere din oplevelse for det perfekte sug.<\/p>\n<\/li>\n<li class=\"\" data-start=\"1490\" data-end=\"1743\">\n<p class=\"\" data-start=\"1493\" data-end=\"1743\"><strong data-start=\"1493\" data-end=\"1555\">Hvordan genoplader man en engangs vape med en Android-oplader?<\/strong><br data-start=\"1555\" data-end=\"1558\" \/>Hvis din vape har en <strong data-start=\"1580\" data-end=\"1604\">Type-C opladningsporten<\/strong>, kan du bruge en <strong data-start=\"1620\" data-end=\"1648\">standard Android-oplader<\/strong> for at genoplade den. S\u00f8rg for at bruge en p\u00e5lidelig str\u00f8mkilde for optimal opladningseffektivitet.<\/p>\n<\/li>\n<li class=\"\" data-start=\"1745\" data-end=\"1979\">\n<p class=\"\" data-start=\"1748\" data-end=\"1979\"><strong data-start=\"1748\" data-end=\"1808\">M\u00e5 jeg medbringe en engangs-vape p\u00e5 et fly internationalt?<\/strong><br data-start=\"1808\" data-end=\"1811\" \/>Ja, men den <strong data-start=\"1826\" data-end=\"1862\">skal v\u00e6re i din h\u00e5ndbagage<\/strong>. Tjek med dit flyselskab for specifikke regler vedr\u00f8rende <strong data-start=\"1927\" data-end=\"1948\">nikotinprodukter<\/strong> i dit destinationsland.<\/p>\n<\/li>\n<li class=\"\" data-start=\"1981\" data-end=\"2197\">\n<p class=\"\" data-start=\"1984\" data-end=\"2197\"><strong data-start=\"1984\" data-end=\"2033\">Hvordan ved jeg, hvorn\u00e5r min engangs-vape er tom?<\/strong><br data-start=\"2033\" data-end=\"2036\" \/>Hvis <strong data-start=\"2046\" data-end=\"2144\">smagen aftager, damp produktionen falder, eller den digitale sk\u00e6rm viser en lav e-v\u00e6ske indikator<\/strong>, er det tid til at <strong data-start=\"2159\" data-end=\"2194\">udskifte eller genoplade din enhed<\/strong>.<\/p>\n<\/li>\n<\/ol>\n<\/div>\n<\/div>\n<\/div>\n<\/div>","protected":false},"excerpt":{"rendered":"<p class=\"LC20lb MBeuO DKV0Md\">Den <strong data-start=\"1647\" data-end=\"1672\">VOPK Ultra 40000 Vape<\/strong> tilbyder dobbelte smagsvarianter, quad mesh coils og en smart digital sk\u00e6rm. En premium engangs vape bygget til <strong data-start=\"1771\" data-end=\"1828\">fabriksgrossister og bulkbestillinger i Europa<\/strong>.<\/p>\n<p><strong>Tilf\u00f8j Amys whatsapp for at f\u00e5 korrekt svar og rabatpris!<\/strong><\/p>\n<p><img fetchpriority=\"high\" decoding=\"async\" class=\"size-full wp-image-2932\" src=\"https:\/\/vapestornado.com\/wp-content\/uploads\/2024\/12\/Vape-Wholesale.jpg\" alt=\"Vape Engros\" width=\"229\" height=\"300\" \/><\/p>\n<h3><a href=\"https:\/\/wa.me\/8617776015835\"><span style=\"color: #ff0000;\"><strong>WhatsApp: +86 17776015835<\/strong><\/span><\/a><\/h3>\n<p>&nbsp;<\/p>","protected":false},"featured_media":3959,"comment_status":"open","ping_status":"closed","template":"","meta":{"_acf_changed":false,"_uag_custom_page_level_css":"","_lmt_disableupdate":"no","_lmt_disable":"","_monsterinsights_skip_tracking":false,"_monsterinsights_sitenote_active":false,"_monsterinsights_sitenote_note":"","_monsterinsights_sitenote_category":0,"site-sidebar-layout":"default","site-content-layout":"","ast-site-content-layout":"default","site-content-style":"default","site-sidebar-style":"default","ast-global-header-display":"","ast-banner-title-visibility":"","ast-main-header-display":"","ast-hfb-above-header-display":"","ast-hfb-below-header-display":"","ast-hfb-mobile-header-display":"","site-post-title":"","ast-breadcrumbs-content":"","ast-featured-img":"","footer-sml-layout":"","ast-disable-related-posts":"","theme-transparent-header-meta":"default","adv-header-id-meta":"","stick-header-meta":"","header-above-stick-meta":"","header-main-stick-meta":"","header-below-stick-meta":"","astra-migrate-meta-layouts":"set","ast-page-background-enabled":"default","ast-page-background-meta":{"desktop":{"background-color":"","background-image":"","background-repeat":"repeat","background-position":"center center","background-size":"auto","background-attachment":"scroll","background-type":"","background-media":"","overlay-type":"","overlay-color":"","overlay-opacity":"","overlay-gradient":""},"tablet":{"background-color":"","background-image":"","background-repeat":"repeat","background-position":"center center","background-size":"auto","background-attachment":"scroll","background-type":"","background-media":"","overlay-type":"","overlay-color":"","overlay-opacity":"","overlay-gradient":""},"mobile":{"background-color":"","background-image":"","background-repeat":"repeat","background-position":"center center","background-size":"auto","background-attachment":"scroll","background-type":"","background-media":"","overlay-type":"","overlay-color":"","overlay-opacity":"","overlay-gradient":""}},"ast-content-background-meta":{"desktop":{"background-color":"var(--ast-global-color-5)","background-image":"","background-repeat":"repeat","background-position":"center center","background-size":"auto","background-attachment":"scroll","background-type":"","background-media":"","overlay-type":"","overlay-color":"","overlay-opacity":"","overlay-gradient":""},"tablet":{"background-color":"var(--ast-global-color-5)","background-image":"","background-repeat":"repeat","background-position":"center center","background-size":"auto","background-attachment":"scroll","background-type":"","background-media":"","overlay-type":"","overlay-color":"","overlay-opacity":"","overlay-gradient":""},"mobile":{"background-color":"var(--ast-global-color-5)","background-image":"","background-repeat":"repeat","background-position":"center center","background-size":"auto","background-attachment":"scroll","background-type":"","background-media":"","overlay-type":"","overlay-color":"","overlay-opacity":"","overlay-gradient":""}},"_joinchat":{"telephone":"17776015835"}},"product_brand":[],"product_cat":[65,153,160,142,146,290],"product_tag":[261,165,291,294,94,293],"class_list":{"0":"post-3975","1":"product","2":"type-product","3":"status-publish","4":"has-post-thumbnail","6":"product_cat-40000-puff","7":"product_cat-buy-disposable-vapes-in-italy","8":"product_cat-buy-disposable-vapes-in-switzerland","9":"product_cat-digital-box-disposable-vapes","10":"product_cat-rechargeable-disposable-vapes","11":"product_cat-vopk-vape","12":"product_tag-2-in-1-double-flavor-vape","13":"product_tag-cheap-vapes","14":"product_tag-disposable-shisha-hookah","15":"product_tag-puff-40k","16":"product_tag-rechargeable-disposable-vape","17":"product_tag-vopk-ultra-40000","18":"desktop-align-left","19":"tablet-align-left","20":"mobile-align-left","22":"first","23":"instock","24":"sale","25":"shipping-taxable","26":"purchasable","27":"product-type-simple"},"acf":[],"uagb_featured_image_src":{"full":["https:\/\/vapestornado.com\/wp-content\/uploads\/2025\/03\/VOPK-ULTRA-40000-puffs-Disposable-Vape.webp",800,800,false],"thumbnail":["https:\/\/vapestornado.com\/wp-content\/uploads\/2025\/03\/VOPK-ULTRA-40000-puffs-Disposable-Vape-150x150.webp",150,150,true],"medium":["https:\/\/vapestornado.com\/wp-content\/uploads\/2025\/03\/VOPK-ULTRA-40000-puffs-Disposable-Vape-300x300.webp",300,300,true],"medium_large":["https:\/\/vapestornado.com\/wp-content\/uploads\/2025\/03\/VOPK-ULTRA-40000-puffs-Disposable-Vape-768x768.webp",768,768,true],"large":["https:\/\/vapestornado.com\/wp-content\/uploads\/2025\/03\/VOPK-ULTRA-40000-puffs-Disposable-Vape.webp",800,800,false],"1536x1536":["https:\/\/vapestornado.com\/wp-content\/uploads\/2025\/03\/VOPK-ULTRA-40000-puffs-Disposable-Vape.webp",800,800,false],"2048x2048":["https:\/\/vapestornado.com\/wp-content\/uploads\/2025\/03\/VOPK-ULTRA-40000-puffs-Disposable-Vape.webp",800,800,false],"trp-custom-language-flag":["https:\/\/vapestornado.com\/wp-content\/uploads\/2025\/03\/VOPK-ULTRA-40000-puffs-Disposable-Vape.webp",12,12,false],"woocommerce_thumbnail":["https:\/\/vapestornado.com\/wp-content\/uploads\/2025\/03\/VOPK-ULTRA-40000-puffs-Disposable-Vape-300x300.webp",300,300,true],"woocommerce_single":["https:\/\/vapestornado.com\/wp-content\/uploads\/2025\/03\/VOPK-ULTRA-40000-puffs-Disposable-Vape-600x600.webp",600,600,true],"woocommerce_gallery_thumbnail":["https:\/\/vapestornado.com\/wp-content\/uploads\/2025\/03\/VOPK-ULTRA-40000-puffs-Disposable-Vape-100x100.webp",100,100,true]},"uagb_author_info":{"display_name":"ESAMY","author_link":"https:\/\/vapestornado.com\/da\/author\/"},"uagb_comment_info":0,"uagb_excerpt":"The VOPK Ultra 40000 Vape offers dual flavours, quad mesh coils, and a smart digital screen. A premium disposable built for factory wholesale suppliers and bulk orders in Europe. Add Amy's whatsapp to get right reply and discount price! WhatsApp: +86 17776015835 &nbsp;","_links":{"self":[{"href":"https:\/\/vapestornado.com\/da\/wp-json\/wp\/v2\/product\/3975","targetHints":{"allow":["GET"]}}],"collection":[{"href":"https:\/\/vapestornado.com\/da\/wp-json\/wp\/v2\/product"}],"about":[{"href":"https:\/\/vapestornado.com\/da\/wp-json\/wp\/v2\/types\/product"}],"replies":[{"embeddable":true,"href":"https:\/\/vapestornado.com\/da\/wp-json\/wp\/v2\/comments?post=3975"}],"wp:featuredmedia":[{"embeddable":true,"href":"https:\/\/vapestornado.com\/da\/wp-json\/wp\/v2\/media\/3959"}],"wp:attachment":[{"href":"https:\/\/vapestornado.com\/da\/wp-json\/wp\/v2\/media?parent=3975"}],"wp:term":[{"taxonomy":"product_brand","embeddable":true,"href":"https:\/\/vapestornado.com\/da\/wp-json\/wp\/v2\/product_brand?post=3975"},{"taxonomy":"product_cat","embeddable":true,"href":"https:\/\/vapestornado.com\/da\/wp-json\/wp\/v2\/product_cat?post=3975"},{"taxonomy":"product_tag","embeddable":true,"href":"https:\/\/vapestornado.com\/da\/wp-json\/wp\/v2\/product_tag?post=3975"}],"curies":[{"name":"wp","href":"https:\/\/api.w.org\/{rel}","templated":true}]}}