{"id":3974,"date":"2025-03-24T07:31:30","date_gmt":"2025-03-24T07:31:30","guid":{"rendered":"https:\/\/vapestornado.com\/?post_type=product&#038;p=3974"},"modified":"2025-08-23T10:38:02","modified_gmt":"2025-08-23T10:38:02","slug":"vopk-shisha-hookah-20000-puffs-disposable-vapes-bar-best-flavor-wholesale","status":"publish","type":"product","link":"https:\/\/vapestornado.com\/da\/product\/vopk-shisha-hookah-20000-puffs-disposable-vapes-bar-best-flavor-wholesale\/","title":{"rendered":"Vopk Shisha Hookah 20000 Puffs Engangs Vapes Bar Bedste Smag Engros"},"content":{"rendered":"<h1 data-pm-slice=\"1 1 []\">Vopk Shisha Hookah 20000 Puffs Engangs Vapes Bar Bedste Smag Engros<\/h1>\n<p data-start=\"272\" data-end=\"577\">Den <strong data-start=\"276\" data-end=\"319\">Vopk Shisha Vandpibe 20000 Pust Vape Bar<\/strong> er designet til grossister og detailhandlere, der leder efter en enhed med h\u00f8j kapacitet og st\u00e6rk appel til shisha- og vandpibeentusiaster. Leverer op til <strong data-start=\"467\" data-end=\"483\">20.000 puffs<\/strong> fra en <strong data-start=\"491\" data-end=\"513\">28 ml e-v\u00e6ske tank<\/strong>, det giver langvarig brug og fremragende videresalgspotentiale.<\/p>\n<p data-start=\"579\" data-end=\"910\">Bygget med en <strong data-start=\"592\" data-end=\"610\">0,6\u03a9 mesh coil<\/strong>, enheden producerer t\u00e6t damp og forbedret smag, hvilket g\u00f8r den ideel til <strong data-start=\"685\" data-end=\"706\">DTL vaping-stile<\/strong>. Den <strong data-start=\"712\" data-end=\"738\">digital display-sk\u00e6rm<\/strong> holder brugerne opdateret om b\u00e5de batterilevetid og e-v\u00e6skeniveauer, mens <strong data-start=\"811\" data-end=\"842\">850mAh genopladelige batteri<\/strong> med <strong data-start=\"848\" data-end=\"867\">Type-C opladning<\/strong> sikrer stabil str\u00f8m hele dagen.<\/p>\n<p data-start=\"912\" data-end=\"1205\">Den <strong data-start=\"916\" data-end=\"953\">shisha-inspireret design i to farver<\/strong> giver Vopk 20K et unikt udseende, der skiller sig ud i butikkerne, mens et bredt udvalg af smagsvarianter \u2013 fra frugtagtig til iskold \u2013 garanterer noget for enhver kunde. Kompakt og let at b\u00e6re, det er et alsidigt valg til daglig brug eller engrosdistribution.<\/p>\n<p data-start=\"1207\" data-end=\"1393\">For europ\u00e6iske distribut\u00f8rer, den <strong data-start=\"1238\" data-end=\"1271\">Vopk Shisha Vandpibe 20000 Vape<\/strong> kombinerer holdbarhed, ydeevne og <strong data-start=\"1310\" data-end=\"1343\">konkurrencedygtige engrospriser<\/strong>, hvilket g\u00f8r det til en rentabel mulighed for bulkbestillinger.<\/p>\n<p data-start=\"666\" data-end=\"1235\"><strong style=\"font-size: 16px;\"><span style=\"color: #ff0000;\">Tilf\u00f8j Amy's WhatsApp for at f\u00e5 et direkte svar og en god pris!<\/span><\/strong><\/p>\n<p><img fetchpriority=\"high\" decoding=\"async\" class=\"size-full wp-image-2932\" src=\"https:\/\/vapestornado.com\/wp-content\/uploads\/2024\/12\/Vape-Wholesale.jpg\" alt=\"Vape Engros\" width=\"229\" height=\"300\" \/><\/p>\n<h3><a href=\"https:\/\/wa.me\/8617776015835\" target=\"_blank\" rel=\"noopener\"><span style=\"color: #ff0000;\"><strong>WhatsApp: +86 17776015835<\/strong><\/span><\/a><\/h3>\n<p>&nbsp;<\/p>\n<h2><strong>Vopk Shisha Hookah 20000 Vape Bar N\u00f8glefunktioner<\/strong><\/h2>\n<p>M\u00e6rke: VOPK BAR<br \/>\nPuff: 20000 Puff<br \/>\nEgnet til: Alle &gt; 18<br \/>\nKapacitet: 28 ml<br \/>\nPuff: 20000 sug<br \/>\nBatteri: 850mAh<br \/>\nNikotin: 0%\/2%\/3%\/5% Nikotinsalt<br \/>\nModstand: 1.0ohm mesh coil<br \/>\nDigitalt display for e-v\u00e6ske og batteri<br \/>\nEmballage Individuel emballageboks<\/p>\n<h2 class=\"product-title\"><strong>Vopk Shisha Hookah 20000 Engangs Pen Smagsliste<\/strong><\/h2>\n<article class=\"w-full text-token-text-primary focus-visible:outline-2 focus-visible:outline-offset-[-4px]\" dir=\"auto\" data-testid=\"conversation-turn-32\" data-scroll-anchor=\"false\">\n<div class=\"m-auto text-base py-[18px] px-6\">\n<div class=\"mx-auto flex flex-1 text-base gap-4 md:gap-5 lg:gap-6 md:max-w-3xl lg:max-w-[40rem] xl:max-w-[48rem]\">\n<div class=\"group\/conversation-turn relative flex w-full min-w-0 flex-col @xs\/thread:px-0 @sm\/thread:px-1.5 @md\/thread:px-4\">\n<div class=\"flex-col gap-1 md:gap-3\">\n<div class=\"flex max-w-full flex-col flex-grow\">\n<div class=\"min-h-8 text-message flex w-full flex-col items-end gap-2 whitespace-normal break-words text-start [.text-message+&amp;]:mt-5\" dir=\"auto\" data-message-author-role=\"user\" data-message-id=\"ffac41ca-1db4-431b-873a-32c4052956f1\">\n<div class=\"flex w-full flex-col gap-1 empty:hidden items-end rtl:items-start\">\n<div class=\"relative max-w-[var(--user-chat-width,70%)] rounded-3xl bg-token-message-surface px-5 py-2.5\">\n<div class=\"absolute bottom-0 right-full top-0 -mr-3.5 hidden pr-5 pt-2 [.group\/conversation-turn:hover_&amp;]:flex\">\n<div class=\"flex\">\n<article class=\"w-full text-token-text-primary focus-visible:outline-2 focus-visible:outline-offset-[-4px]\" dir=\"auto\" data-testid=\"conversation-turn-39\" data-scroll-anchor=\"true\">\n<div class=\"m-auto text-base py-[18px] px-6\">\n<div class=\"mx-auto flex flex-1 text-base gap-4 md:gap-5 lg:gap-6 md:max-w-3xl lg:max-w-[40rem] xl:max-w-[48rem]\">\n<div class=\"group\/conversation-turn relative flex w-full min-w-0 flex-col agent-turn @xs\/thread:px-0 @sm\/thread:px-1.5 @md\/thread:px-4\">\n<div class=\"flex-col gap-1 md:gap-3\">\n<div class=\"flex max-w-full flex-col flex-grow\">\n<div class=\"min-h-8 text-message flex w-full flex-col items-end gap-2 whitespace-normal break-words text-start [.text-message+&amp;]:mt-5\" dir=\"auto\" data-message-author-role=\"assistant\" data-message-id=\"55a23854-ec57-48dd-bd4f-6118f43d6241\" data-message-model-slug=\"gpt-4o\">\n<div class=\"flex w-full flex-col gap-1 empty:hidden first:pt-[3px]\">\n<div class=\"markdown prose w-full break-words dark:prose-invert light\">\n<p>1. Bl\u00e5b\u00e6r p\u00e5 is<br \/>\n2.Jordb\u00e6r kiwi<br \/>\n3.Blandede b\u00e6r<br \/>\n4.Jordb\u00e6r vandmelon<br \/>\n5.Vandmelon-is<br \/>\n6.Fersken mango ananas<br \/>\n7.Bl\u00e5b\u00e6r hindb\u00e6r<br \/>\n8.Jordb\u00e6r hindb\u00e6r slik<br \/>\n9.Vandmelon kirseb\u00e6r<br \/>\n10.Solb\u00e6r is<\/p>\n<\/div>\n<figure id=\"attachment_3966\" aria-describedby=\"caption-attachment-3966\" style=\"width: 800px\" class=\"wp-caption alignnone\"><img decoding=\"async\" class=\"wp-image-3966 size-full\" src=\"https:\/\/vapestornado.com\/wp-content\/uploads\/2025\/03\/VOPK-Shisha-Hookah-BAR-Disposable-Vape-Wholesale.jpg\" alt=\"VOPK Shisha Hookah BAR Engangs Vape Engros\" width=\"800\" height=\"957\" srcset=\"https:\/\/vapestornado.com\/wp-content\/uploads\/2025\/03\/VOPK-Shisha-Hookah-BAR-Disposable-Vape-Wholesale.jpg 800w, https:\/\/vapestornado.com\/wp-content\/uploads\/2025\/03\/VOPK-Shisha-Hookah-BAR-Disposable-Vape-Wholesale-251x300.jpg 251w, https:\/\/vapestornado.com\/wp-content\/uploads\/2025\/03\/VOPK-Shisha-Hookah-BAR-Disposable-Vape-Wholesale-768x919.jpg 768w, https:\/\/vapestornado.com\/wp-content\/uploads\/2025\/03\/VOPK-Shisha-Hookah-BAR-Disposable-Vape-Wholesale-600x718.jpg 600w\" sizes=\"(max-width: 800px) 100vw, 800px\" \/><figcaption id=\"caption-attachment-3966\" class=\"wp-caption-text\">VOPK Shisha Hookah BAR Engangs Vape Engros<\/figcaption><\/figure>\n<\/div>\n<\/div>\n<\/div>\n<\/div>\n<\/div>\n<\/div>\n<\/div>\n<\/article>\n<\/div>\n<\/div>\n<\/div>\n<\/div>\n<\/div>\n<\/div>\n<\/div>\n<\/div>\n<\/div>\n<\/div>\n<\/article>\n<h2 data-start=\"86\" data-end=\"129\">Vopk Serie Sammenligning (Engros Guide)<\/h2>\n<p data-start=\"131\" data-end=\"155\"><strong data-start=\"131\" data-end=\"153\">Vopk Cool Bar 9000<\/strong><\/p>\n<ul data-start=\"156\" data-end=\"462\">\n<li data-start=\"156\" data-end=\"172\">\n<p data-start=\"158\" data-end=\"172\">Pust: 9.000<\/p>\n<\/li>\n<li data-start=\"173\" data-end=\"205\">\n<p data-start=\"175\" data-end=\"205\">Batteri: 600mAh genopladeligt<\/p>\n<\/li>\n<li data-start=\"206\" data-end=\"233\">\n<p data-start=\"208\" data-end=\"233\">E-v\u00e6skekapacitet: 16 ml<\/p>\n<\/li>\n<li data-start=\"234\" data-end=\"258\">\n<p data-start=\"236\" data-end=\"258\">Spole Type: 1.0\u03a9 Mesh<\/p>\n<\/li>\n<li data-start=\"259\" data-end=\"322\">\n<p data-start=\"261\" data-end=\"322\">N\u00f8glefunktioner: Justerbar luftstr\u00f8m, underst\u00f8tter MTL<\/p>\n<\/li>\n<li data-start=\"323\" data-end=\"395\">\n<p data-start=\"325\" data-end=\"395\">M\u00e5lgruppe: Let daglig brugere, pr\u00f8vek\u00f8bere, sm\u00e5 butiksejere<\/p>\n<\/li>\n<li data-start=\"396\" data-end=\"462\">\n<p data-start=\"398\" data-end=\"462\">Engros s\u00f8geord: 9K engangs vape, vape pen kit engros<\/p>\n<\/li>\n<\/ul>\n<hr data-start=\"464\" data-end=\"467\" \/>\n<p data-start=\"469\" data-end=\"499\"><strong data-start=\"469\" data-end=\"497\">Vopk Shisha Vandpibe 20000<\/strong><\/p>\n<ul data-start=\"500\" data-end=\"814\">\n<li data-start=\"500\" data-end=\"517\">\n<p data-start=\"502\" data-end=\"517\">Pust: 20.000<\/p>\n<\/li>\n<li data-start=\"518\" data-end=\"550\">\n<p data-start=\"520\" data-end=\"550\">Batteri: 850mAh genopladeligt<\/p>\n<\/li>\n<li data-start=\"551\" data-end=\"578\">\n<p data-start=\"553\" data-end=\"578\">E-v\u00e6skekapacitet: 28ml<\/p>\n<\/li>\n<li data-start=\"579\" data-end=\"603\">\n<p data-start=\"581\" data-end=\"603\">Spole Type: 0.6\u03a9 Mesh<\/p>\n<\/li>\n<li data-start=\"604\" data-end=\"680\">\n<p data-start=\"606\" data-end=\"680\">N\u00f8glefunktioner: Shisha-stil design, digitalt display, ideel til DTL vaping<\/p>\n<\/li>\n<li data-start=\"681\" data-end=\"746\">\n<p data-start=\"683\" data-end=\"746\">M\u00e5lgruppe: Hookah entusiaster, mellemstore vape butikker<\/p>\n<\/li>\n<li data-start=\"747\" data-end=\"814\">\n<p data-start=\"749\" data-end=\"814\">Engros s\u00f8geord: 20K shisha vape bar, hookah stil engros<\/p>\n<\/li>\n<\/ul>\n<hr data-start=\"816\" data-end=\"819\" \/>\n<p data-start=\"821\" data-end=\"840\"><strong data-start=\"821\" data-end=\"838\">Vopk 60K 3-i-1<\/strong><\/p>\n<ul data-start=\"841\" data-end=\"1208\">\n<li data-start=\"841\" data-end=\"866\">\n<p data-start=\"843\" data-end=\"866\">Pust: 60.000 (3\u00d720K)<\/p>\n<\/li>\n<li data-start=\"867\" data-end=\"899\">\n<p data-start=\"869\" data-end=\"899\">Batteri: 950mAh genopladeligt<\/p>\n<\/li>\n<li data-start=\"900\" data-end=\"948\">\n<p data-start=\"902\" data-end=\"948\">E-v\u00e6ske Kapacitet: 3 separate tanke (20ml\u00d73)<\/p>\n<\/li>\n<li data-start=\"949\" data-end=\"973\">\n<p data-start=\"951\" data-end=\"973\">Spole Type: Dobbelt Mesh<\/p>\n<\/li>\n<li data-start=\"974\" data-end=\"1059\">\n<p data-start=\"976\" data-end=\"1059\">N\u00f8glefunktioner: 3-smags skiftesystem, designet til langvarig brug<\/p>\n<\/li>\n<li data-start=\"1060\" data-end=\"1135\">\n<p data-start=\"1062\" data-end=\"1135\">M\u00e5lgruppe: Tunge brugere, store distribut\u00f8rer, h\u00f8j-margin kanaler<\/p>\n<\/li>\n<li data-start=\"1136\" data-end=\"1208\">\n<p data-start=\"1138\" data-end=\"1208\">Engros s\u00f8geord: 60K 3in1 vape engros, bulk genopladelige vapes<\/p>\n<\/li>\n<\/ul>\n<div class=\"flex-shrink-0 flex flex-col relative items-end\">\n<div class=\"pt-0\">\n<div class=\"gizmo-bot-avatar flex h-8 w-8 items-center justify-center overflow-hidden rounded-full\">\n<div class=\"relative p-1 rounded-sm flex items-center justify-center bg-token-main-surface-primary text-token-text-primary h-8 w-8\">\n<p data-start=\"559\" data-end=\"933\" data-is-last-node=\"\" data-is-only-node=\"\">Vi har ogs\u00e5 nogle andre popul\u00e6re vapes med sk\u00e6rm som<em> <a href=\"https:\/\/vapestornado.com\/da\/product\/mesii-couple-50k-disposable-shisha-hookah-50000-puffs-vape-with-digital-display\/\">Mesii par 50000<\/a>, <a href=\"https:\/\/vapestornado.com\/da\/product\/vopk-ultra-40000-puffs-2-in-1-digital-screen-rechargeable-disposable-vape\/\">VOPK 40000 Pust Engangs Vape<\/a>, <a href=\"https:\/\/vapestornado.com\/da\/product\/bang-beach-22000-20k-puff-disposable-vape-pen-with-screen-reddit-hot\/\">Bang Beach 22000<\/a>,<\/em> og mere.<\/p>\n<\/div>\n<div class=\"relative p-1 rounded-sm flex items-center justify-center bg-token-main-surface-primary text-token-text-primary h-8 w-8\">\n<h3>OFTE STILLEDE SP\u00d8RGSM\u00c5L<\/h3>\n<p><strong>1. Hvor lang tid tager det at blive afh\u00e6ngig af en engangs-vape?<\/strong><br \/>\nNikotinafh\u00e6ngighed afh\u00e6nger af faktorer som brugsfrekvens, nikotinstyrke og individuel fysiologi. Engangs-vapes med nikotin (som\u00a0<strong>Vopk Shisha Hookah 20000 sug<\/strong>) kan f\u00f8re til afh\u00e6ngighed ved regelm\u00e6ssig brug. For at minimere risici b\u00f8r du overveje at bruge lavere nikotinniveauer (0%, 2% eller 3%) eller nikotinfrie muligheder. Vape altid ansvarligt.<\/p>\n<p><strong>2. Hvor lang tid tager det at oplade en engangs-vape med 20000 sug?<\/strong><br \/>\nFor genopladelige engangs-vapes som\u00a0<strong>Vopk Shisha Hookah 20000 sug<\/strong>, afh\u00e6nger opladningstiden af batterikapaciteten. Med et\u00a0<strong>850mAh batteri<\/strong>\u00a0og\u00a0<strong>Type-C opladning<\/strong>, tager det typisk omkring\u00a0<strong>60-90 minutter<\/strong>\u00a0til fuld opladning. Den\u00a0<strong>digitale sk\u00e6rm<\/strong>\u00a0viser opladningsforl\u00f8bet, s\u00e5 du ved, hvorn\u00e5r den er klar.<\/p>\n<p><strong>3. Kan jeg medbringe en vape p\u00e5 et fly i Danmark?<\/strong><br \/>\nJa, du kan medbringe en vape p\u00e5 et fly i Danmark, men den skal placeres i din\u00a0<strong>h\u00e5ndbagage<\/strong>. Vapes er\u00a0<strong>ikke tilladt i indchecket bagage<\/strong>\u00a0p\u00e5 grund af sikkerhedsforskrifter for lithium-ion-batterier. S\u00f8rg for, at enheden er slukket og opbevares sikkert. Tjek med dit flyselskab for specifikke retningslinjer, da nogle kan have yderligere restriktioner.<\/p>\n<p><strong>4. Hvordan ved jeg, hvorn\u00e5r min engangs-vape er tom?<\/strong><br \/>\nDu ved, at din engangs vape er tom, n\u00e5r:<\/p>\n<ul>\n<li><strong>Damp produktionen falder:<\/strong>\u00a0Du vil bem\u00e6rke betydeligt mindre damp ved ind\u00e5nding.<\/li>\n<li><strong>Br\u00e6ndt smag:<\/strong>\u00a0En br\u00e6ndt eller ubehagelig smag indikerer, at e-v\u00e6sken er opbrugt.<\/li>\n<li><strong>Ingen smag:<\/strong>\u00a0Hvis smagen forsvinder eller aftager, er det et tegn p\u00e5, at patronen er tom.<\/li>\n<li><strong>Sk\u00e6rmvisning:<\/strong>\u00a0Enheder som\u00a0<strong>Vopk Shisha Hookah 20000 sug<\/strong>\u00a0har en\u00a0<strong>digitale sk\u00e6rm<\/strong>\u00a0der viser e-v\u00e6skeniveauer, hvilket g\u00f8r det nemt at overv\u00e5ge, hvorn\u00e5r enheden er ved at l\u00f8be t\u00f8r.<\/li>\n<\/ul>\n<p>N\u00e5r enheden holder op med at producere damp, eller smagen er v\u00e6k, er det tid til at bortskaffe den ansvarligt.<\/p>\n<\/div>\n<\/div>\n<\/div>\n<\/div>","protected":false},"excerpt":{"rendered":"<p data-start=\"1433\" data-end=\"1606\">Den <strong data-start=\"1437\" data-end=\"1480\">Vopk Shisha Vandpibe 20000 Pust Vape Bar<\/strong> leverer DTL-damp, 28 ml e-v\u00e6ske og en digital sk\u00e6rm. En stilfuld, genopladelig mulighed for <strong data-start=\"1573\" data-end=\"1603\">grossistk\u00f8bere i Europa<\/strong>.<\/p>\n<p><strong>Tilf\u00f8j Amys whatsapp for at f\u00e5 korrekt svar og rabatpris!<\/strong><\/p>\n<p><img fetchpriority=\"high\" decoding=\"async\" class=\"size-full wp-image-2932\" src=\"https:\/\/vapestornado.com\/wp-content\/uploads\/2024\/12\/Vape-Wholesale.jpg\" alt=\"Vape Engros\" width=\"229\" height=\"300\" \/><\/p>\n<h3><a href=\"https:\/\/wa.me\/8617776015835\"><span style=\"color: #ff0000;\"><strong>WhatsApp: +86 17776015835<\/strong><\/span><\/a><\/h3>\n<p>&nbsp;<\/p>","protected":false},"featured_media":3965,"comment_status":"open","ping_status":"closed","template":"","meta":{"_acf_changed":false,"_uag_custom_page_level_css":"","_lmt_disableupdate":"no","_lmt_disable":"","_monsterinsights_skip_tracking":false,"_monsterinsights_sitenote_active":false,"_monsterinsights_sitenote_note":"","_monsterinsights_sitenote_category":0,"site-sidebar-layout":"default","site-content-layout":"","ast-site-content-layout":"default","site-content-style":"default","site-sidebar-style":"default","ast-global-header-display":"","ast-banner-title-visibility":"","ast-main-header-display":"","ast-hfb-above-header-display":"","ast-hfb-below-header-display":"","ast-hfb-mobile-header-display":"","site-post-title":"","ast-breadcrumbs-content":"","ast-featured-img":"","footer-sml-layout":"","ast-disable-related-posts":"","theme-transparent-header-meta":"default","adv-header-id-meta":"","stick-header-meta":"","header-above-stick-meta":"","header-main-stick-meta":"","header-below-stick-meta":"","astra-migrate-meta-layouts":"set","ast-page-background-enabled":"default","ast-page-background-meta":{"desktop":{"background-color":"","background-image":"","background-repeat":"repeat","background-position":"center center","background-size":"auto","background-attachment":"scroll","background-type":"","background-media":"","overlay-type":"","overlay-color":"","overlay-opacity":"","overlay-gradient":""},"tablet":{"background-color":"","background-image":"","background-repeat":"repeat","background-position":"center center","background-size":"auto","background-attachment":"scroll","background-type":"","background-media":"","overlay-type":"","overlay-color":"","overlay-opacity":"","overlay-gradient":""},"mobile":{"background-color":"","background-image":"","background-repeat":"repeat","background-position":"center center","background-size":"auto","background-attachment":"scroll","background-type":"","background-media":"","overlay-type":"","overlay-color":"","overlay-opacity":"","overlay-gradient":""}},"ast-content-background-meta":{"desktop":{"background-color":"var(--ast-global-color-5)","background-image":"","background-repeat":"repeat","background-position":"center center","background-size":"auto","background-attachment":"scroll","background-type":"","background-media":"","overlay-type":"","overlay-color":"","overlay-opacity":"","overlay-gradient":""},"tablet":{"background-color":"var(--ast-global-color-5)","background-image":"","background-repeat":"repeat","background-position":"center center","background-size":"auto","background-attachment":"scroll","background-type":"","background-media":"","overlay-type":"","overlay-color":"","overlay-opacity":"","overlay-gradient":""},"mobile":{"background-color":"var(--ast-global-color-5)","background-image":"","background-repeat":"repeat","background-position":"center center","background-size":"auto","background-attachment":"scroll","background-type":"","background-media":"","overlay-type":"","overlay-color":"","overlay-opacity":"","overlay-gradient":""}},"_joinchat":{"telephone":"17776015835"}},"product_brand":[],"product_cat":[69,152,158,142,147,290],"product_tag":[165,291,287,94,292],"class_list":{"0":"post-3974","1":"product","2":"type-product","3":"status-publish","4":"has-post-thumbnail","6":"product_cat-20000-puff","7":"product_cat-buy-disposable-vapes-in-cermany","8":"product_cat-buy-disposable-vapes-in-spain","9":"product_cat-digital-box-disposable-vapes","10":"product_cat-shisha-hookah-disposable-vapes","11":"product_cat-vopk-vape","12":"product_tag-cheap-vapes","13":"product_tag-disposable-shisha-hookah","14":"product_tag-disposable-vape-pen","15":"product_tag-rechargeable-disposable-vape","16":"product_tag-vopk-shisha-bar-20000","17":"desktop-align-left","18":"tablet-align-left","19":"mobile-align-left","21":"first","22":"instock","23":"sale","24":"shipping-taxable","25":"purchasable","26":"product-type-simple"},"acf":[],"uagb_featured_image_src":{"full":["https:\/\/vapestornado.com\/wp-content\/uploads\/2025\/03\/VOPK-Shisha-Hookah-Bar-20000-Puffs.png",800,800,false],"thumbnail":["https:\/\/vapestornado.com\/wp-content\/uploads\/2025\/03\/VOPK-Shisha-Hookah-Bar-20000-Puffs-150x150.png",150,150,true],"medium":["https:\/\/vapestornado.com\/wp-content\/uploads\/2025\/03\/VOPK-Shisha-Hookah-Bar-20000-Puffs-300x300.png",300,300,true],"medium_large":["https:\/\/vapestornado.com\/wp-content\/uploads\/2025\/03\/VOPK-Shisha-Hookah-Bar-20000-Puffs-768x768.png",768,768,true],"large":["https:\/\/vapestornado.com\/wp-content\/uploads\/2025\/03\/VOPK-Shisha-Hookah-Bar-20000-Puffs.png",800,800,false],"1536x1536":["https:\/\/vapestornado.com\/wp-content\/uploads\/2025\/03\/VOPK-Shisha-Hookah-Bar-20000-Puffs.png",800,800,false],"2048x2048":["https:\/\/vapestornado.com\/wp-content\/uploads\/2025\/03\/VOPK-Shisha-Hookah-Bar-20000-Puffs.png",800,800,false],"trp-custom-language-flag":["https:\/\/vapestornado.com\/wp-content\/uploads\/2025\/03\/VOPK-Shisha-Hookah-Bar-20000-Puffs.png",12,12,false],"woocommerce_thumbnail":["https:\/\/vapestornado.com\/wp-content\/uploads\/2025\/03\/VOPK-Shisha-Hookah-Bar-20000-Puffs-300x300.png",300,300,true],"woocommerce_single":["https:\/\/vapestornado.com\/wp-content\/uploads\/2025\/03\/VOPK-Shisha-Hookah-Bar-20000-Puffs-600x600.png",600,600,true],"woocommerce_gallery_thumbnail":["https:\/\/vapestornado.com\/wp-content\/uploads\/2025\/03\/VOPK-Shisha-Hookah-Bar-20000-Puffs-100x100.png",100,100,true]},"uagb_author_info":{"display_name":"ESAMY","author_link":"https:\/\/vapestornado.com\/da\/author\/"},"uagb_comment_info":0,"uagb_excerpt":"The Vopk Shisha Hookah 20000 Puffs Vape Bar delivers DTL vapor, 28ml e-liquid, and a digital screen. A stylish, rechargeable option for wholesale buyers in Europe. Add Amy's whatsapp to get right reply and discount price! WhatsApp: +86 17776015835 &nbsp;","_links":{"self":[{"href":"https:\/\/vapestornado.com\/da\/wp-json\/wp\/v2\/product\/3974","targetHints":{"allow":["GET"]}}],"collection":[{"href":"https:\/\/vapestornado.com\/da\/wp-json\/wp\/v2\/product"}],"about":[{"href":"https:\/\/vapestornado.com\/da\/wp-json\/wp\/v2\/types\/product"}],"replies":[{"embeddable":true,"href":"https:\/\/vapestornado.com\/da\/wp-json\/wp\/v2\/comments?post=3974"}],"wp:featuredmedia":[{"embeddable":true,"href":"https:\/\/vapestornado.com\/da\/wp-json\/wp\/v2\/media\/3965"}],"wp:attachment":[{"href":"https:\/\/vapestornado.com\/da\/wp-json\/wp\/v2\/media?parent=3974"}],"wp:term":[{"taxonomy":"product_brand","embeddable":true,"href":"https:\/\/vapestornado.com\/da\/wp-json\/wp\/v2\/product_brand?post=3974"},{"taxonomy":"product_cat","embeddable":true,"href":"https:\/\/vapestornado.com\/da\/wp-json\/wp\/v2\/product_cat?post=3974"},{"taxonomy":"product_tag","embeddable":true,"href":"https:\/\/vapestornado.com\/da\/wp-json\/wp\/v2\/product_tag?post=3974"}],"curies":[{"name":"wp","href":"https:\/\/api.w.org\/{rel}","templated":true}]}}