{"id":3939,"date":"2025-03-21T03:03:23","date_gmt":"2025-03-21T03:03:23","guid":{"rendered":"https:\/\/vapestornado.com\/?post_type=product&#038;p=3939"},"modified":"2025-12-04T07:55:19","modified_gmt":"2025-12-04T07:55:19","slug":"wholesale-vape-zooy-firzen-35000-puffs-fast-shipping-eu-warehouse","status":"publish","type":"product","link":"https:\/\/vapestornado.com\/da\/product\/wholesale-vape-zooy-firzen-35000-puffs-fast-shipping-eu-warehouse\/","title":{"rendered":"Engros Vape ZOOY Firzen 35000 Puffs Hurtig levering Dansk Lager"},"content":{"rendered":"<h1 data-pm-slice=\"1 1 []\">Engros Vape ZOOY Firzen 35000 Puffs Hurtig levering Dansk Lager<\/h1>\n<p>Hvis du \u00f8nsker en h\u00f8jkapacitets engangs, der varer l\u00e6nge, giver dig mulighed for at justere is- og nikotinstyrke, og sender hurtigt fra et EU-lager, leverer ZOOY Firzen 35000 op til 35.000 puffs med dobbelt mesh-spoler, 3-niveauers Ice &amp; Nic Kontrol og Type-C genopladning.<\/p>\n<p><strong>Hvorfor v\u00e6lger brugere Vape ZOOY Firzen 35000 Puffs nikotin- og isjusterbar vape pen?<\/strong><\/p>\n<ul>\n<li data-start=\"772\" data-end=\"970\">\n<p data-start=\"774\" data-end=\"970\"><strong data-start=\"774\" data-end=\"820\">Massiv levetid uden konstant genk\u00f8b:<\/strong> Denne <strong data-start=\"826\" data-end=\"857\">35.000 puff engangs vape<\/strong> er bygget til langvarig brug med en <strong data-start=\"891\" data-end=\"915\">30ml forudfyldt tank<\/strong>, s\u00e5 du skal erstatte den langt sj\u00e6ldnere end 10k\u201320k enheder.<\/p>\n<\/li>\n<li data-start=\"971\" data-end=\"1150\">\n<p data-start=\"973\" data-end=\"1150\"><strong data-start=\"973\" data-end=\"1022\">Justerbar Ice &amp; Nicotin Kontrol (3 niveauer):<\/strong> Indstil en let k\u00f8lighed eller et dybt iskoldt skud, og v\u00e6lg din nikotinstyrke\u2014fantastisk for brugere, der \u00f8nsker kontrol i en engangs.<\/p>\n<\/li>\n<li data-start=\"1151\" data-end=\"1281\">\n<p data-start=\"1153\" data-end=\"1281\"><strong data-start=\"1153\" data-end=\"1181\">Smagen forbliver konsistent:<\/strong> <strong data-start=\"1182\" data-end=\"1206\">Dobbelt 1.0\u03a9 mesh-spoler<\/strong> varmer j\u00e6vnt for glat luftstr\u00f8m og stabil smag fra f\u00f8rste til sidste puff.<\/p>\n<\/li>\n<li data-start=\"1282\" data-end=\"1434\">\n<p data-start=\"1284\" data-end=\"1434\"><strong data-start=\"1284\" data-end=\"1316\">Genopladelig for fuld v\u00e6rdi:<\/strong> A <strong data-start=\"1319\" data-end=\"1360\">650mAh Type-C genopladelig engangs<\/strong> batteri hj\u00e6lper dig med at f\u00e5 det meste ud af hver dr\u00e5be e-juice i stedet for at d\u00f8 tidligt.<\/p>\n<\/li>\n<li data-start=\"1435\" data-end=\"1568\">\n<p data-start=\"1437\" data-end=\"1568\"><strong data-start=\"1437\" data-end=\"1468\">Hurtig levering fra EU-lager:<\/strong> Lager ankommer hurtigt til detailhandlere og forhandlere, der har brug for p\u00e5lidelig <strong data-start=\"1537\" data-end=\"1567\">engros vape EU levering<\/strong>.<\/p>\n<\/li>\n<\/ul>\n<p>Vi har ogs\u00e5 nogle andre popul\u00e6re vapes med sk\u00e6rm som <a href=\"https:\/\/vapestornado.com\/da\/product\/bang-leader-50000-puffs-50k-2-in-1-double-flavor-digital-disposable-vape-bulk-price\/\">BANG Leder 50k<\/a>, <a href=\"https:\/\/vapestornado.com\/da\/product\/vopk-ultra-40000-puffs-2-in-1-digital-screen-rechargeable-disposable-vape\/\">VOPK 40k Puff engangs vape<\/a>, <a href=\"https:\/\/vapestornado.com\/da\/product\/vozol-gear-shisha-25k-25000-puffs-best-dtl-disposable-vape-hookah-cheap-price\/\">Vozol Gear Shisha 25000<\/a>, og mere.<\/p>\n<p data-start=\"666\" data-end=\"1235\"><strong style=\"font-size: 16px;\"><span style=\"color: #ff0000;\">Tilf\u00f8j Amy's WhatsApp for at f\u00e5 et direkte svar og en god pris!<\/span><\/strong><\/p>\n<p><img fetchpriority=\"high\" decoding=\"async\" class=\"size-full wp-image-2932\" src=\"https:\/\/vapestornado.com\/wp-content\/uploads\/2024\/12\/Vape-Wholesale.jpg\" alt=\"Vape Engros\" width=\"229\" height=\"300\" \/><\/p>\n<h3><a href=\"https:\/\/wa.me\/8617776015835\" target=\"_blank\" rel=\"noopener\"><span style=\"color: #ff0000;\"><strong>WhatsApp: +86 17776015835<\/strong><\/span><\/a><\/h3>\n<p>&nbsp;<\/p>\n<h2><strong>ZOOY Firzen 35000 N\u00f8glefunktioner<\/strong><\/h2>\n<table>\n<thead>\n<tr>\n<th>Parameter<\/th>\n<th align=\"right\">Spec<\/th>\n<th>Menneskelig forklaring<\/th>\n<\/tr>\n<\/thead>\n<tbody>\n<tr>\n<td>M\u00e6rke<\/td>\n<td align=\"right\">ZOOY<\/td>\n<td>Genkendelig linje for gentagne k\u00f8b.<\/td>\n<\/tr>\n<tr>\n<td>Pust Kapacitet<\/td>\n<td align=\"right\">Op til 35.000 sug<\/td>\n<td>Engangsvape med h\u00f8j kapacitet, der varer meget l\u00e6ngere end standardmodeller.<\/td>\n<\/tr>\n<tr>\n<td>E-v\u00e6ske volumen<\/td>\n<td align=\"right\">30ml forudfyldt<\/td>\n<td>Stor tank underst\u00f8tter lang levetid uden genopfyldning.<\/td>\n<\/tr>\n<tr>\n<td>Spoletype<\/td>\n<td align=\"right\">Dobbelt 1.0\u03a9 mesh-spoler<\/td>\n<td>J\u00e6vn opvarmning = glattere luftstr\u00f8m, rigere smag, mindre falmen.<\/td>\n<\/tr>\n<tr>\n<td>Batteri<\/td>\n<td align=\"right\">650mAh genopladelig<\/td>\n<td>Genoplad for at afslutte al v\u00e6ske i stedet for at spilde sug.<\/td>\n<\/tr>\n<tr>\n<td>Opladning<\/td>\n<td align=\"right\">USB Type-C<\/td>\n<td>Moderne, hurtig, bredt kompatibel opladningsstandard.<\/td>\n<\/tr>\n<tr>\n<td>Is &amp; Nikotinkontrol<\/td>\n<td align=\"right\">3 justerbare niveauer<\/td>\n<td>V\u00e6lg let k\u00f8lighed eller st\u00e6rk is, og juster nikotinstyrken.<\/td>\n<\/tr>\n<tr>\n<td>Belysning<\/td>\n<td align=\"right\">RGB-lysd\u00e6ksel (3 farver)<\/td>\n<td>Stilfuld visuel effekt, der skiller sig ud i h\u00e5nden og p\u00e5 hylderne.<\/td>\n<\/tr>\n<tr>\n<td>V\u00e6gt<\/td>\n<td align=\"right\">90g<\/td>\n<td>Let nok til daglig b\u00e6ring.<\/td>\n<\/tr>\n<tr>\n<td>St\u00f8rrelse<\/td>\n<td align=\"right\">103,5 \u00d7 45 \u00d7 21mm<\/td>\n<td>Komprimeret, lommevenlig form.<\/td>\n<\/tr>\n<tr>\n<td>Smagsmuligheder<\/td>\n<td align=\"right\">10 smagsvarianter<\/td>\n<td>Variation for forskellige kundepreferencer.<\/td>\n<\/tr>\n<tr>\n<td>Forsendelse<\/td>\n<td align=\"right\">EU-lager hurtig levering<\/td>\n<td>Hurtigere levering og mere p\u00e5lidelig engrosgenopfyldning i Europa.<\/td>\n<\/tr>\n<\/tbody>\n<\/table>\n<h2 class=\"product-title\"><strong>ZOOY Firzen 35000 Smagsliste<\/strong><\/h2>\n<article class=\"w-full text-token-text-primary focus-visible:outline-2 focus-visible:outline-offset-[-4px]\" dir=\"auto\" data-testid=\"conversation-turn-32\" data-scroll-anchor=\"false\">\n<div class=\"m-auto text-base py-[18px] px-6\">\n<div class=\"mx-auto flex flex-1 text-base gap-4 md:gap-5 lg:gap-6 md:max-w-3xl lg:max-w-[40rem] xl:max-w-[48rem]\">\n<div class=\"group\/conversation-turn relative flex w-full min-w-0 flex-col @xs\/thread:px-0 @sm\/thread:px-1.5 @md\/thread:px-4\">\n<div class=\"flex-col gap-1 md:gap-3\">\n<div class=\"flex max-w-full flex-col flex-grow\">\n<div class=\"min-h-8 text-message flex w-full flex-col items-end gap-2 whitespace-normal break-words text-start [.text-message+&amp;]:mt-5\" dir=\"auto\" data-message-author-role=\"user\" data-message-id=\"ffac41ca-1db4-431b-873a-32c4052956f1\">\n<div class=\"flex w-full flex-col gap-1 empty:hidden items-end rtl:items-start\">\n<div class=\"relative max-w-[var(--user-chat-width,70%)] rounded-3xl bg-token-message-surface px-5 py-2.5\">\n<div class=\"absolute bottom-0 right-full top-0 -mr-3.5 hidden pr-5 pt-2 [.group\/conversation-turn:hover_&amp;]:flex\">\n<div class=\"flex\">\n<article class=\"w-full text-token-text-primary focus-visible:outline-2 focus-visible:outline-offset-[-4px]\" dir=\"auto\" data-testid=\"conversation-turn-39\" data-scroll-anchor=\"true\">\n<div class=\"m-auto text-base py-[18px] px-6\">\n<div class=\"mx-auto flex flex-1 text-base gap-4 md:gap-5 lg:gap-6 md:max-w-3xl lg:max-w-[40rem] xl:max-w-[48rem]\">\n<div class=\"group\/conversation-turn relative flex w-full min-w-0 flex-col agent-turn @xs\/thread:px-0 @sm\/thread:px-1.5 @md\/thread:px-4\">\n<div class=\"flex-col gap-1 md:gap-3\">\n<div class=\"flex max-w-full flex-col flex-grow\">\n<div class=\"min-h-8 text-message flex w-full flex-col items-end gap-2 whitespace-normal break-words text-start [.text-message+&amp;]:mt-5\" dir=\"auto\" data-message-author-role=\"assistant\" data-message-id=\"55a23854-ec57-48dd-bd4f-6118f43d6241\" data-message-model-slug=\"gpt-4o\">\n<div class=\"flex w-full flex-col gap-1 empty:hidden first:pt-[3px]\">\n<div class=\"markdown prose w-full break-words dark:prose-invert light\">\n<p>1.vandmelon is<br \/>\n2.Aloe Drue<br \/>\n3.Jordb\u00e6r Banan<br \/>\n4.Jordb\u00e6r Hindb\u00e6r Kiwi<br \/>\n5.Bl\u00e5b\u00e6r Hindb\u00e6r Limonade<br \/>\n6.Ananas kokosn\u00f8d<br \/>\n7.Mentol<br \/>\n8. Jordb\u00e6r Vandmelon<br \/>\n9.Blandede b\u00e6r<br \/>\n10.Bromb\u00e6r Traneb\u00e6r<\/p>\n<\/div>\n<\/div>\n<\/div>\n<\/div>\n<\/div>\n<\/div>\n<\/div>\n<\/div>\n<\/article>\n<\/div>\n<\/div>\n<\/div>\n<\/div>\n<\/div>\n<\/div>\n<\/div>\n<\/div>\n<\/div>\n<\/div>\n<\/article>\n<div class=\"flex-shrink-0 flex flex-col relative items-end\">\n<div class=\"pt-0\">\n<div class=\"gizmo-bot-avatar flex h-8 w-8 items-center justify-center overflow-hidden rounded-full\">\n<div class=\"relative p-1 rounded-sm flex items-center justify-center bg-token-main-surface-primary text-token-text-primary h-8 w-8\">\n<figure id=\"attachment_3936\" aria-describedby=\"caption-attachment-3936\" style=\"width: 800px\" class=\"wp-caption alignnone\"><img decoding=\"async\" class=\"wp-image-3936 size-full\" src=\"https:\/\/vapestornado.com\/wp-content\/uploads\/2025\/03\/Zooy-Firzen-35000-Puffs-Vape-Pen-Low-Pirce.webp\" alt=\"Zooy Firzen 35000 Puffs Vape Pen Lav Pris\" width=\"800\" height=\"800\" srcset=\"https:\/\/vapestornado.com\/wp-content\/uploads\/2025\/03\/Zooy-Firzen-35000-Puffs-Vape-Pen-Low-Pirce.webp 800w, https:\/\/vapestornado.com\/wp-content\/uploads\/2025\/03\/Zooy-Firzen-35000-Puffs-Vape-Pen-Low-Pirce-300x300.webp 300w, https:\/\/vapestornado.com\/wp-content\/uploads\/2025\/03\/Zooy-Firzen-35000-Puffs-Vape-Pen-Low-Pirce-150x150.webp 150w, https:\/\/vapestornado.com\/wp-content\/uploads\/2025\/03\/Zooy-Firzen-35000-Puffs-Vape-Pen-Low-Pirce-768x768.webp 768w, https:\/\/vapestornado.com\/wp-content\/uploads\/2025\/03\/Zooy-Firzen-35000-Puffs-Vape-Pen-Low-Pirce-600x600.webp 600w, https:\/\/vapestornado.com\/wp-content\/uploads\/2025\/03\/Zooy-Firzen-35000-Puffs-Vape-Pen-Low-Pirce-100x100.webp 100w\" sizes=\"(max-width: 800px) 100vw, 800px\" \/><figcaption id=\"caption-attachment-3936\" class=\"wp-caption-text\">Zooy Firzen 35000 Puffs Vape Pen Lav Pris<\/figcaption><\/figure>\n<\/div>\n<div class=\"relative p-1 rounded-sm flex items-center justify-center bg-token-main-surface-primary text-token-text-primary h-8 w-8\">\n<h3>OFTE STILLEDE SP\u00d8RGSM\u00c5L<\/h3>\n<p data-start=\"1639\" data-end=\"1956\"><strong data-start=\"1639\" data-end=\"1734\">Q: \u201cJeg er tr\u00e6t af engangsprodukter, der l\u00f8ber t\u00f8r for hurtigt. Vil ZOOY Firzen 35000 virkelig holde?\u201d<\/strong><br data-start=\"1734\" data-end=\"1737\" \/><strong data-start=\"1737\" data-end=\"1743\">A:<\/strong> Ja. Det <strong data-start=\"1753\" data-end=\"1796\">ZOOY Firzen 35000 Puffs Engangs Vape<\/strong> er designet til lange sessioner med <strong data-start=\"1834\" data-end=\"1856\">op til 35.000 puffs<\/strong> og et <strong data-start=\"1863\" data-end=\"1900\">30 ml forudfyldt e-v\u00e6skekapacitet<\/strong>. For de fleste brugere betyder det <strong data-start=\"1929\" data-end=\"1945\">uger med brug<\/strong>, ikke dage.<\/p>\n<p data-start=\"1958\" data-end=\"2202\"><strong data-start=\"1958\" data-end=\"2020\">Q: \u201c mister h\u00f8je puff-engangsprodukter smag halvvejs igennem?\u201d<\/strong><br data-start=\"2020\" data-end=\"2023\" \/><strong data-start=\"2023\" data-end=\"2029\">A:<\/strong> Mange g\u00f8r, men Firzen er designet til at undg\u00e5 det. Det <strong data-start=\"2081\" data-end=\"2111\">dobbelt 1,0\u03a9 mesh coil system<\/strong> varmer e-v\u00e6sken j\u00e6vnt, hvilket holder dampen t\u00e6t og smagen glat hele vejen gennem tanken.<\/p>\n<p data-start=\"2204\" data-end=\"2546\"><strong data-start=\"2204\" data-end=\"2289\">Q: \u201cJeg vil have kontrol over den iskolde f\u00f8lelse og nikotinslaget. Kan en engangs g\u00f8re det?\u201d<\/strong><br data-start=\"2289\" data-end=\"2292\" \/><strong data-start=\"2292\" data-end=\"2298\">A:<\/strong> Det er pr\u00e6cis, hvad Firzen er til. Dets <strong data-start=\"2338\" data-end=\"2364\">Ice &amp; Nicotine Control<\/strong> giver <strong data-start=\"2371\" data-end=\"2398\">tre justeringsniveauer<\/strong>, s\u00e5 du kan v\u00e6lge en mild k\u00f8lighed eller et st\u00e6rkt iskoldt slag og tilpasse nikotinfornemmelsen efter din pr\u00e6ference. Det er en sj\u00e6lden funktion i denne kapacitetsklasse.<\/p>\n<p data-start=\"2548\" data-end=\"2800\"><strong data-start=\"2548\" data-end=\"2605\">Sp\u00f8rgsm\u00e5l: \u201cVil batteriet holde l\u00e6nge nok til 35.000 pust?\u201d<\/strong><br data-start=\"2605\" data-end=\"2608\" \/><strong data-start=\"2608\" data-end=\"2614\">A:<\/strong> Enheden bruger en <strong data-start=\"2633\" data-end=\"2664\">650mAh genopladelige batteri<\/strong>, s\u00e5 du kan genoplade n\u00e5r som helst og forts\u00e6tte med at vape, indtil tanken er tom. Med <strong data-start=\"2751\" data-end=\"2779\">USB Type-C hurtigopladning<\/strong>, holdes nedetiden lav.<\/p>\n<p data-start=\"2802\" data-end=\"3024\"><strong data-start=\"2802\" data-end=\"2856\">Sp\u00f8rgsm\u00e5l: \u201cEr den b\u00e6rbar, eller for klodset til daglig transport?\u201d<\/strong><br data-start=\"2856\" data-end=\"2859\" \/><strong data-start=\"2859\" data-end=\"2865\">A:<\/strong> Den er designet til at v\u00e6re praktisk. Ved <strong data-start=\"2898\" data-end=\"2905\">90g<\/strong> og en kompakt <strong data-start=\"2920\" data-end=\"2941\">103,5 \u00d7 45 \u00d7 21mm<\/strong> krop er den let og lommevenlig til pendling, rejser og brug hele dagen.<\/p>\n<p data-start=\"3026\" data-end=\"3299\"><strong data-start=\"3026\" data-end=\"3083\">Sp\u00f8rgsm\u00e5l: \u201cHvilke smagsvarianter findes og er faktisk popul\u00e6re?\u201d<\/strong><br data-start=\"3083\" data-end=\"3086\" \/><strong data-start=\"3086\" data-end=\"3092\">A:<\/strong> Firzen f\u00e5s i <strong data-start=\"3109\" data-end=\"3139\">10 popul\u00e6re smagsprofiler<\/strong>, inklusive <strong data-start=\"3151\" data-end=\"3204\">Vandmelon Is, Aloe Drue og Jordb\u00e6r Banan<\/strong>. Disse er desi<\/p>\n<\/div>\n<\/div>\n<\/div>\n<\/div>","protected":false},"excerpt":{"rendered":"<p>ZOOY Firzen 35000 Puffs Engangs Vape til langvarige sessioner<br \/>\nZOOY Firzen 35000 med Ice &amp; Nicotin Kontrol (3 niveauer) og Dobbelt Mesh Spoler<br \/>\nZOOY Firzen 35000 Type-C Genopladelig Engangs med hurtig EU-lagerforsendelse<\/p>\n<p><strong>Tilf\u00f8j Amys whatsapp for at f\u00e5 korrekt svar og rabatpris!<\/strong><\/p>\n<p><img fetchpriority=\"high\" decoding=\"async\" class=\"size-full wp-image-2932\" src=\"https:\/\/vapestornado.com\/wp-content\/uploads\/2024\/12\/Vape-Wholesale.jpg\" alt=\"Vape Engros\" width=\"229\" height=\"300\" \/><\/p>\n<h3><a href=\"https:\/\/wa.me\/8617776015835\"><span style=\"color: #ff0000;\"><strong>WhatsApp: +86 17776015835<\/strong><\/span><\/a><\/h3>\n<p>&nbsp;<\/p>","protected":false},"featured_media":3935,"comment_status":"open","ping_status":"closed","template":"","meta":{"_acf_changed":false,"_uag_custom_page_level_css":"","_lmt_disableupdate":"no","_lmt_disable":"","_monsterinsights_skip_tracking":false,"_monsterinsights_sitenote_active":false,"_monsterinsights_sitenote_note":"","_monsterinsights_sitenote_category":0,"site-sidebar-layout":"default","site-content-layout":"","ast-site-content-layout":"default","site-content-style":"default","site-sidebar-style":"default","ast-global-header-display":"","ast-banner-title-visibility":"","ast-main-header-display":"","ast-hfb-above-header-display":"","ast-hfb-below-header-display":"","ast-hfb-mobile-header-display":"","site-post-title":"","ast-breadcrumbs-content":"","ast-featured-img":"","footer-sml-layout":"","ast-disable-related-posts":"","theme-transparent-header-meta":"default","adv-header-id-meta":"","stick-header-meta":"","header-above-stick-meta":"","header-main-stick-meta":"","header-below-stick-meta":"","astra-migrate-meta-layouts":"set","ast-page-background-enabled":"default","ast-page-background-meta":{"desktop":{"background-color":"","background-image":"","background-repeat":"repeat","background-position":"center center","background-size":"auto","background-attachment":"scroll","background-type":"","background-media":"","overlay-type":"","overlay-color":"","overlay-opacity":"","overlay-gradient":""},"tablet":{"background-color":"","background-image":"","background-repeat":"repeat","background-position":"center center","background-size":"auto","background-attachment":"scroll","background-type":"","background-media":"","overlay-type":"","overlay-color":"","overlay-opacity":"","overlay-gradient":""},"mobile":{"background-color":"","background-image":"","background-repeat":"repeat","background-position":"center center","background-size":"auto","background-attachment":"scroll","background-type":"","background-media":"","overlay-type":"","overlay-color":"","overlay-opacity":"","overlay-gradient":""}},"ast-content-background-meta":{"desktop":{"background-color":"var(--ast-global-color-5)","background-image":"","background-repeat":"repeat","background-position":"center center","background-size":"auto","background-attachment":"scroll","background-type":"","background-media":"","overlay-type":"","overlay-color":"","overlay-opacity":"","overlay-gradient":""},"tablet":{"background-color":"var(--ast-global-color-5)","background-image":"","background-repeat":"repeat","background-position":"center center","background-size":"auto","background-attachment":"scroll","background-type":"","background-media":"","overlay-type":"","overlay-color":"","overlay-opacity":"","overlay-gradient":""},"mobile":{"background-color":"var(--ast-global-color-5)","background-image":"","background-repeat":"repeat","background-position":"center center","background-size":"auto","background-attachment":"scroll","background-type":"","background-media":"","overlay-type":"","overlay-color":"","overlay-opacity":"","overlay-gradient":""}},"_joinchat":{"telephone":"17776015835"}},"product_brand":[],"product_cat":[19,175,140,152,153,143,144,283],"product_tag":[471,282,281,94,93,280],"class_list":{"0":"post-3939","1":"product","2":"type-product","3":"status-publish","4":"has-post-thumbnail","6":"product_cat-vapes","7":"product_cat-35000-puff","8":"product_cat-big-puffs-disposable-vapes","9":"product_cat-buy-disposable-vapes-in-cermany","10":"product_cat-buy-disposable-vapes-in-italy","11":"product_cat-dual-mesh-disposable-vapes","12":"product_cat-low-nicotine-disposable-vapes","13":"product_cat-zooy-vape","14":"product_tag-35k-puff-vape","15":"product_tag-ice-adjustable","16":"product_tag-nicotine-adjustable","17":"product_tag-rechargeable-disposable-vape","18":"product_tag-vape-wholesale","19":"product_tag-zooy-firzen-35000","20":"desktop-align-left","21":"tablet-align-left","22":"mobile-align-left","24":"first","25":"instock","26":"sale","27":"shipping-taxable","28":"purchasable","29":"product-type-simple"},"acf":[],"uagb_featured_image_src":{"full":["https:\/\/vapestornado.com\/wp-content\/uploads\/2025\/03\/Zooy-Firzen-35000-Puffs-Vape-Near-Me.webp",800,800,false],"thumbnail":["https:\/\/vapestornado.com\/wp-content\/uploads\/2025\/03\/Zooy-Firzen-35000-Puffs-Vape-Near-Me-150x150.webp",150,150,true],"medium":["https:\/\/vapestornado.com\/wp-content\/uploads\/2025\/03\/Zooy-Firzen-35000-Puffs-Vape-Near-Me-300x300.webp",300,300,true],"medium_large":["https:\/\/vapestornado.com\/wp-content\/uploads\/2025\/03\/Zooy-Firzen-35000-Puffs-Vape-Near-Me-768x768.webp",768,768,true],"large":["https:\/\/vapestornado.com\/wp-content\/uploads\/2025\/03\/Zooy-Firzen-35000-Puffs-Vape-Near-Me.webp",800,800,false],"1536x1536":["https:\/\/vapestornado.com\/wp-content\/uploads\/2025\/03\/Zooy-Firzen-35000-Puffs-Vape-Near-Me.webp",800,800,false],"2048x2048":["https:\/\/vapestornado.com\/wp-content\/uploads\/2025\/03\/Zooy-Firzen-35000-Puffs-Vape-Near-Me.webp",800,800,false],"trp-custom-language-flag":["https:\/\/vapestornado.com\/wp-content\/uploads\/2025\/03\/Zooy-Firzen-35000-Puffs-Vape-Near-Me.webp",12,12,false],"woocommerce_thumbnail":["https:\/\/vapestornado.com\/wp-content\/uploads\/2025\/03\/Zooy-Firzen-35000-Puffs-Vape-Near-Me-300x300.webp",300,300,true],"woocommerce_single":["https:\/\/vapestornado.com\/wp-content\/uploads\/2025\/03\/Zooy-Firzen-35000-Puffs-Vape-Near-Me-600x600.webp",600,600,true],"woocommerce_gallery_thumbnail":["https:\/\/vapestornado.com\/wp-content\/uploads\/2025\/03\/Zooy-Firzen-35000-Puffs-Vape-Near-Me-100x100.webp",100,100,true]},"uagb_author_info":{"display_name":"ESAMY","author_link":"https:\/\/vapestornado.com\/da\/author\/"},"uagb_comment_info":0,"uagb_excerpt":"ZOOY Firzen 35000 Puffs Disposable Vape for Long-Lasting Sessions ZOOY Firzen 35000 with Ice &amp; Nicotine Control (3 Levels) and Dual Mesh Coils ZOOY Firzen 35000 Type-C Rechargeable Disposable with Fast EU Warehouse Shipping Add Amy's whatsapp to get right reply and discount price! WhatsApp: +86 17776015835 &nbsp;","_links":{"self":[{"href":"https:\/\/vapestornado.com\/da\/wp-json\/wp\/v2\/product\/3939","targetHints":{"allow":["GET"]}}],"collection":[{"href":"https:\/\/vapestornado.com\/da\/wp-json\/wp\/v2\/product"}],"about":[{"href":"https:\/\/vapestornado.com\/da\/wp-json\/wp\/v2\/types\/product"}],"replies":[{"embeddable":true,"href":"https:\/\/vapestornado.com\/da\/wp-json\/wp\/v2\/comments?post=3939"}],"wp:featuredmedia":[{"embeddable":true,"href":"https:\/\/vapestornado.com\/da\/wp-json\/wp\/v2\/media\/3935"}],"wp:attachment":[{"href":"https:\/\/vapestornado.com\/da\/wp-json\/wp\/v2\/media?parent=3939"}],"wp:term":[{"taxonomy":"product_brand","embeddable":true,"href":"https:\/\/vapestornado.com\/da\/wp-json\/wp\/v2\/product_brand?post=3939"},{"taxonomy":"product_cat","embeddable":true,"href":"https:\/\/vapestornado.com\/da\/wp-json\/wp\/v2\/product_cat?post=3939"},{"taxonomy":"product_tag","embeddable":true,"href":"https:\/\/vapestornado.com\/da\/wp-json\/wp\/v2\/product_tag?post=3939"}],"curies":[{"name":"wp","href":"https:\/\/api.w.org\/{rel}","templated":true}]}}