{"id":3932,"date":"2025-03-21T07:53:01","date_gmt":"2025-03-21T07:53:01","guid":{"rendered":"https:\/\/vapestornado.com\/?post_type=product&#038;p=3932"},"modified":"2025-12-04T07:38:02","modified_gmt":"2025-12-04T07:38:02","slug":"uwin-twins-crystal-40000-40k-puff-double-taste-best-disposable-vapes-2025","status":"publish","type":"product","link":"https:\/\/vapestornado.com\/da\/product\/uwin-twins-crystal-40000-40k-puff-double-taste-best-disposable-vapes-2025\/","title":{"rendered":"Uwin Twins Crystal 40000 40k sug dobbelt smag bedste engangs-vapes 2025"},"content":{"rendered":"<h2 data-pm-slice=\"1 1 []\">Uwin Twins Crystal 40000 Puff Engangs Vape Dobbelt Smag, Smart Sk\u00e6rm, Type-C Genopladelig<\/h2>\n<p data-start=\"395\" data-end=\"690\"><span data-start=\"409\" data-end=\"458\">Vil du have en h\u00f8j kvalitet <\/span><strong data-start=\"409\" data-end=\"458\">40000 Puff engangs vape<\/strong> der varer i uger og ikke bliver kedelig halvvejs igennem? Den <strong data-start=\"524\" data-end=\"573\">Uwin Twins Crystal 40000 Pust Engangs Vape<\/strong> er bygget til dampere, der \u00f8nsker <strong data-start=\"603\" data-end=\"623\">seri\u00f8se levetid<\/strong> plus <strong data-start=\"629\" data-end=\"652\">\u00e6gte smagsvariation<\/strong> i en ren, premium-udseende enhed.<\/p>\n<h3 data-start=\"692\" data-end=\"734\">Hvorfor Denne 40K Puff Enhed Er V\u00e6rd At Investere I<\/h3>\n<p data-start=\"735\" data-end=\"1079\"><strong data-start=\"735\" data-end=\"770\">1) Sand h\u00f8jkapacitets holdbarhed<\/strong><br data-start=\"770\" data-end=\"773\" \/>Med <strong data-start=\"778\" data-end=\"800\">op til 40.000 puffs<\/strong>, dette er en topklasse <strong data-start=\"821\" data-end=\"851\">engangs vape<\/strong> designet til langvarig brug. Sammenlignet med 10k\u201320k modeller, reducerer det udskiftninger dramatisk, hvilket g\u00f8r det til et foretrukket valg for alle, der s\u00f8ger den <strong data-start=\"1004\" data-end=\"1026\">bedste <\/strong><strong data-start=\"1032\" data-end=\"1071\">l\u00e6ngstvarende engangs vape 40k<\/strong> mulighed.<\/p>\n<p data-start=\"1081\" data-end=\"1493\"><strong data-start=\"1081\" data-end=\"1131\">2) Dobbelt smagsudskiftning (2-i-1 Dobbelt Smag)<\/strong><br data-start=\"1131\" data-end=\"1134\" \/>Dette er en <strong data-start=\"1144\" data-end=\"1187\">Uwin Twins Crystal 40K dobbelt smags vape<\/strong> med et 2-i-1 dobbelt smagsystem. Du kan skifte mellem to smage, n\u00e5r du vil \u2014 perfekt til brugere, der \u00f8nsker variation hele dagen uden at skulle b\u00e6re to enheder. Hvis du har ledt efter en <strong data-start=\"1397\" data-end=\"1442\">dobbelt smag engangs vape<\/strong>, er denne enhed specielt designet til den oplevelse.<\/p>\n<p data-start=\"1495\" data-end=\"1815\"><strong data-start=\"1495\" data-end=\"1543\">3) Konsistent smag fra f\u00f8rste sug til sidste<\/strong><br data-start=\"1543\" data-end=\"1546\" \/>Langvarige engangsprodukter k\u00e6mper ofte med smagsfald. Uwin Twins Crystal undg\u00e5r dette ved at bruge <strong data-start=\"1645\" data-end=\"1674\">dual mesh coil-teknologi<\/strong>, hvilket holder dampen glat og smagen stabil selv dybt inde i tanken. Derfor vurderer tunge brugere den som en af de mest p\u00e5lidelige modeller med h\u00f8j kapacitet.<\/p>\n<p data-start=\"1817\" data-end=\"2065\"><strong data-start=\"1817\" data-end=\"1857\">4) Smart LED-sk\u00e6rm til fuld kontrol<\/strong><br data-start=\"1857\" data-end=\"1860\" \/>Ikke mere g\u00e6tteri. Dette er en <strong data-start=\"1888\" data-end=\"1935\">engangs vape med LED-sk\u00e6rm 40000 puffs<\/strong>, der viser batterilevetid og e-v\u00e6skens niveau i realtid. Du ved altid, hvorn\u00e5r du er lav, hvorn\u00e5r du skal genoplade, og hvor meget liv der er tilbage.<\/p>\n<p data-start=\"2067\" data-end=\"2337\"><strong data-start=\"2067\" data-end=\"2118\">5) Type-C genopladelig, s\u00e5 du bruger hver dr\u00e5be<\/strong><br data-start=\"2118\" data-end=\"2121\" \/>Den <strong data-start=\"2125\" data-end=\"2143\">850mAh batteri<\/strong> plus <strong data-start=\"2149\" data-end=\"2173\">Type-C hurtigopladning<\/strong> sikrer brug indtil sidste dr\u00e5be. Som en <strong data-start=\"2215\" data-end=\"2274\">genopladelig engangs<\/strong>, <strong data-start=\"2215\" data-end=\"2274\">Uwin Crystal 40000\u00a0 <\/strong>lader dig bruge den fulde kapacitet p\u00e5 32 ml uden at spilde sug.<\/p>\n<p data-start=\"666\" data-end=\"1235\"><strong style=\"font-size: 16px;\"><span style=\"color: #ff0000;\">Tilf\u00f8j Amy's WhatsApp for at f\u00e5 et direkte svar og en god pris!<\/span><\/strong><\/p>\n<p><img fetchpriority=\"high\" decoding=\"async\" class=\"size-full wp-image-2932\" src=\"https:\/\/vapestornado.com\/wp-content\/uploads\/2024\/12\/Vape-Wholesale.jpg\" alt=\"Vape Engros\" width=\"229\" height=\"300\" \/><\/p>\n<h3><a href=\"https:\/\/wa.me\/8617776015835\" target=\"_blank\" rel=\"noopener\"><span style=\"color: #ff0000;\"><strong>WhatsApp: +86 17776015835<\/strong><\/span><\/a><\/h3>\n<p>&nbsp;<\/p>\n<h2><strong>Uwin Twins Crystal 40000 Vigtigste produktfunktioner<\/strong><\/h2>\n<table>\n<thead>\n<tr>\n<th>Parameter<\/th>\n<th align=\"right\">Spec<\/th>\n<th>Menneskelig forklaring<\/th>\n<\/tr>\n<\/thead>\n<tbody>\n<tr>\n<td>Produktnavn<\/td>\n<td align=\"right\">Uwin Twins Crystal 40000 Pust Engangs Vape<\/td>\n<td>Let at identificere i s\u00f8gninger og p\u00e5 detailhylder.<\/td>\n<\/tr>\n<tr>\n<td>Pust Kapacitet<\/td>\n<td align=\"right\">Op til 40.000 puffs<\/td>\n<td>Langvarig engangs vape, der kr\u00e6ver f\u00e6rre udskiftninger.<\/td>\n<\/tr>\n<tr>\n<td>E-v\u00e6ske volumen<\/td>\n<td align=\"right\">32ml<\/td>\n<td>Stor tank underst\u00f8tter det fulde puff-antal uden genopfyldning.<\/td>\n<\/tr>\n<tr>\n<td>Smagsystem<\/td>\n<td align=\"right\">2-i-1 Dobbelt Smag<\/td>\n<td>To smagsvarianter i \u00e9n enhed; skift n\u00e5r som helst for variation.<\/td>\n<\/tr>\n<tr>\n<td>Spoletype<\/td>\n<td align=\"right\">Dobbelt Mesh-spiraler<\/td>\n<td>J\u00e6vn opvarmning = rigere smag, glattere luftstr\u00f8m, f\u00e6rre br\u00e6ndte noter.<\/td>\n<\/tr>\n<tr>\n<td>Batteri<\/td>\n<td align=\"right\">850mAh Genopladelig<\/td>\n<td>Stor nok til at klare h\u00f8j puff-brug; genoplad i stedet for at spilde v\u00e6ske.<\/td>\n<\/tr>\n<tr>\n<td>Opladning<\/td>\n<td align=\"right\">USB Type-C Hurtigopladning<\/td>\n<td>Moderne port med hurtigere opladning og nem kabeladgang.<\/td>\n<\/tr>\n<tr>\n<td>Sk\u00e6rm<\/td>\n<td align=\"right\">Smart LED-sk\u00e6rm<\/td>\n<td>Viser batteri- + e-v\u00e6skestands, s\u00e5 du altid ved, hvad der er tilbage.<\/td>\n<\/tr>\n<tr>\n<td>Nikotinmuligheder<\/td>\n<td align=\"right\">2% \/ 5%<\/td>\n<td>Passer b\u00e5de til afslappede brugere og tungere vapere, der s\u00f8ger st\u00e6rkere hits.<\/td>\n<\/tr>\n<tr>\n<td>Vaping Stil<\/td>\n<td align=\"right\">J\u00e6vn tr\u00e6k, afbalanceret damp<\/td>\n<td>Designet til komfortable daglige sessioner og lange ture.<\/td>\n<\/tr>\n<\/tbody>\n<\/table>\n<figure id=\"attachment_3903\" aria-describedby=\"caption-attachment-3903\" style=\"width: 800px\" class=\"wp-caption alignnone\"><img decoding=\"async\" class=\"wp-image-3903 size-full\" src=\"https:\/\/vapestornado.com\/wp-content\/uploads\/2025\/03\/Best-Uwin-Twins-Crystal-40000-Puffs-Disposable-Vape.webp\" alt=\"Bedste Uwin Twins Crystal 40000 Pust Engangs Vape\" width=\"800\" height=\"800\" srcset=\"https:\/\/vapestornado.com\/wp-content\/uploads\/2025\/03\/Best-Uwin-Twins-Crystal-40000-Puffs-Disposable-Vape.webp 800w, https:\/\/vapestornado.com\/wp-content\/uploads\/2025\/03\/Best-Uwin-Twins-Crystal-40000-Puffs-Disposable-Vape-300x300.webp 300w, https:\/\/vapestornado.com\/wp-content\/uploads\/2025\/03\/Best-Uwin-Twins-Crystal-40000-Puffs-Disposable-Vape-150x150.webp 150w, https:\/\/vapestornado.com\/wp-content\/uploads\/2025\/03\/Best-Uwin-Twins-Crystal-40000-Puffs-Disposable-Vape-768x768.webp 768w, https:\/\/vapestornado.com\/wp-content\/uploads\/2025\/03\/Best-Uwin-Twins-Crystal-40000-Puffs-Disposable-Vape-600x600.webp 600w, https:\/\/vapestornado.com\/wp-content\/uploads\/2025\/03\/Best-Uwin-Twins-Crystal-40000-Puffs-Disposable-Vape-100x100.webp 100w\" sizes=\"(max-width: 800px) 100vw, 800px\" \/><figcaption id=\"caption-attachment-3903\" class=\"wp-caption-text\">Bedste Uwin Twins Crystal 40000 Pust Engangs Vape<\/figcaption><\/figure>\n<h2 class=\"product-title\"><strong>Uwin Twins Crystal 40000 Dobbelt Smag Vape Smagsliste<\/strong><\/h2>\n<article class=\"w-full text-token-text-primary focus-visible:outline-2 focus-visible:outline-offset-[-4px]\" dir=\"auto\" data-testid=\"conversation-turn-32\" data-scroll-anchor=\"false\">\n<div class=\"m-auto text-base py-[18px] px-6\">\n<div class=\"mx-auto flex flex-1 text-base gap-4 md:gap-5 lg:gap-6 md:max-w-3xl lg:max-w-[40rem] xl:max-w-[48rem]\">\n<div class=\"group\/conversation-turn relative flex w-full min-w-0 flex-col @xs\/thread:px-0 @sm\/thread:px-1.5 @md\/thread:px-4\">\n<div class=\"flex-col gap-1 md:gap-3\">\n<div class=\"flex max-w-full flex-col flex-grow\">\n<div class=\"min-h-8 text-message flex w-full flex-col items-end gap-2 whitespace-normal break-words text-start [.text-message+&amp;]:mt-5\" dir=\"auto\" data-message-author-role=\"user\" data-message-id=\"ffac41ca-1db4-431b-873a-32c4052956f1\">\n<div class=\"flex w-full flex-col gap-1 empty:hidden items-end rtl:items-start\">\n<div class=\"relative max-w-[var(--user-chat-width,70%)] rounded-3xl bg-token-message-surface px-5 py-2.5\">\n<div class=\"absolute bottom-0 right-full top-0 -mr-3.5 hidden pr-5 pt-2 [.group\/conversation-turn:hover_&amp;]:flex\">\n<div class=\"flex\">\n<article class=\"w-full text-token-text-primary focus-visible:outline-2 focus-visible:outline-offset-[-4px]\" dir=\"auto\" data-testid=\"conversation-turn-39\" data-scroll-anchor=\"true\">\n<div class=\"m-auto text-base py-[18px] px-6\">\n<div class=\"mx-auto flex flex-1 text-base gap-4 md:gap-5 lg:gap-6 md:max-w-3xl lg:max-w-[40rem] xl:max-w-[48rem]\">\n<div class=\"group\/conversation-turn relative flex w-full min-w-0 flex-col agent-turn @xs\/thread:px-0 @sm\/thread:px-1.5 @md\/thread:px-4\">\n<div class=\"flex-col gap-1 md:gap-3\">\n<div class=\"flex max-w-full flex-col flex-grow\">\n<div class=\"min-h-8 text-message flex w-full flex-col items-end gap-2 whitespace-normal break-words text-start [.text-message+&amp;]:mt-5\" dir=\"auto\" data-message-author-role=\"assistant\" data-message-id=\"55a23854-ec57-48dd-bd4f-6118f43d6241\" data-message-model-slug=\"gpt-4o\">\n<div class=\"flex w-full flex-col gap-1 empty:hidden first:pt-[3px]\">\n<div class=\"markdown prose w-full break-words dark:prose-invert light\">\n<p>1.Bl\u00e5b\u00e6r p\u00e5 is \/ Sommerfersken is<br \/>\n2. Kiwi Passionsfrugt Guava \/ Bl\u00e5b\u00e6r Hindb\u00e6r<br \/>\n3. Jordb\u00e6r Kiwi \/ Drue Is<br \/>\n4. Kiwi Passionsfrugt Guava \/ To \u00c6ble<br \/>\n5. Jordb\u00e6r Vandmelon \/ Citron Lime<br \/>\n6. Bl\u00e5b\u00e6r Hindb\u00e6r \/ Kirseb\u00e6r Is<br \/>\n7. Jordb\u00e6r Hindb\u00e6r Kirseb\u00e6r \/ Mr. Blue<br \/>\n8. Fersken Mango Ananas \/ Red Bull<br \/>\n9. Vandmelon Is \/ Blandede B\u00e6r<br \/>\n10. Jordb\u00e6r Banan \/ Love 66 (Passionsfrugt Melon Is)<\/p>\n<\/div>\n<\/div>\n<\/div>\n<\/div>\n<\/div>\n<\/div>\n<\/div>\n<\/div>\n<\/article>\n<\/div>\n<\/div>\n<\/div>\n<\/div>\n<\/div>\n<\/div>\n<\/div>\n<\/div>\n<\/div>\n<\/div>\n<\/article>\n<h3>Hvorfor v\u00e6lge Vapestornado til Uwin Twins Crystal 40000 Vape Bulk K\u00f8b?<\/h3>\n<div class=\"flex-shrink-0 flex flex-col relative items-end\">\n<div class=\"pt-0\">\n<div class=\"gizmo-bot-avatar flex h-8 w-8 items-center justify-center overflow-hidden rounded-full\">\n<div class=\"relative p-1 rounded-sm flex items-center justify-center bg-token-main-surface-primary text-token-text-primary h-8 w-8\">\n<p data-start=\"88\" data-end=\"557\">N\u00e5r det kommer til <strong data-start=\"105\" data-end=\"154\">\u00a0k\u00f8b af h\u00f8jkvalitets engangs vapes<\/strong>, <strong data-start=\"156\" data-end=\"172\">Vapestornado<\/strong> er den foretrukne kilde til uovertrufne <strong data-start=\"208\" data-end=\"271\">fabrikspriser, hurtig forsendelse og f\u00f8rsteklasses kundeservice<\/strong>. At k\u00f8be Uwin Twins Crystal 40k fra Vapestornado betyder, at du f\u00e5r <strong data-start=\"363\" data-end=\"400\">autentiske, 100% originale produkter<\/strong> med den nyeste <strong data-start=\"417\" data-end=\"515\">digital display teknologi, genopladelig Type-C bekvemmelighed og en massiv 40000 sug kapacitet<\/strong>\u2014alt sammen til de <strong data-start=\"527\" data-end=\"554\">laveste engrospriser<\/strong>.<\/p>\n<p data-start=\"559\" data-end=\"933\" data-is-last-node=\"\" data-is-only-node=\"\">Vi har ogs\u00e5 nogle andre popul\u00e6re vapes med sk\u00e6rm som <a href=\"https:\/\/vapestornado.com\/da\/product\/bang-leader-50000-puffs-50k-2-in-1-double-flavor-digital-disposable-vape-bulk-price\/\">BANG Leder 50000<\/a>, <a href=\"https:\/\/vapestornado.com\/da\/product\/vopk-ultra-40000-puffs-2-in-1-digital-screen-rechargeable-disposable-vape\/\">VOPK 40000 Pust Engangs Vape<\/a>, <a href=\"https:\/\/vapestornado.com\/da\/product\/vozol-gear-shisha-25k-25000-puffs-best-dtl-disposable-vape-hookah-cheap-price\/\">Vozol Gear Shisha 25000<\/a>, og mere.<\/p>\n<\/div>\n<div class=\"relative p-1 rounded-sm flex items-center justify-center bg-token-main-surface-primary text-token-text-primary h-8 w-8\">\n<h3>OFTE STILLEDE SP\u00d8RGSM\u00c5L<\/h3>\n<p data-start=\"1631\" data-end=\"2011\"><strong data-start=\"1631\" data-end=\"1735\">Sp\u00f8rgsm\u00e5l: Jeg har brug for en engangs, der faktisk holder \u2013 vil Uwin Crystal 40000 dobbeltsmag engangs vape 40000 puffs klare turen?<\/strong><br data-start=\"1735\" data-end=\"1738\" \/><strong data-start=\"1738\" data-end=\"1744\">A:<\/strong> Ja. Det <strong data-start=\"1754\" data-end=\"1803\">Uwin Twins Crystal 40000 Pust Engangs Vape<\/strong> er bygget til langvarig brug med <strong data-start=\"1835\" data-end=\"1857\">op til 40.000 puffs<\/strong> og et <strong data-start=\"1864\" data-end=\"1892\">32ml forudfyldt kapacitet<\/strong>. For de fleste vapere betyder det <strong data-start=\"1922\" data-end=\"1954\">uger med ensartede sessioner<\/strong> i stedet for at erstatte mindre engangsprodukter hver f\u00e5 dage.<\/p>\n<p data-start=\"2013\" data-end=\"2266\"><strong data-start=\"2013\" data-end=\"2073\">Sp\u00f8rgsm\u00e5l: Mister en 40k puff-enhed smag halvvejs gennem?<\/strong><br data-start=\"2073\" data-end=\"2076\" \/><strong data-start=\"2076\" data-end=\"2082\">A:<\/strong> Det er almindeligt med grundl\u00e6ggende coils, men denne enhed bruger <strong data-start=\"2136\" data-end=\"2155\">dobbelte mesh coils<\/strong> den varme e-v\u00e6ske j\u00e6vnt. Resultatet er <strong data-start=\"2197\" data-end=\"2241\">stabil dampdensitet og glattere smag<\/strong> fra f\u00f8rste tr\u00e6k til sidste.<\/p>\n<p data-start=\"2268\" data-end=\"2578\"><strong data-start=\"2268\" data-end=\"2326\">Sp\u00f8rgsm\u00e5l: Jeg bliver tr\u00e6t af \u00e9n smag. Har jeg brug for to enheder?<\/strong><br data-start=\"2326\" data-end=\"2329\" \/><strong data-start=\"2329\" data-end=\"2335\">A:<\/strong> Nej. Den <strong data-start=\"2344\" data-end=\"2374\">2-i-1 dobbelt smagsystem<\/strong> giver dig <strong data-start=\"2385\" data-end=\"2412\">to smagsvarianter i \u00e9n vape<\/strong>, og du kan skifte ubesv\u00e6ret, n\u00e5r dine pr\u00e6ferencer \u00e6ndrer sig. Det er ideelt til hele dagen variation, rejser eller brugere, der kan lide at kombinere en s\u00f8d profil med en iskold en.<\/p>\n<p data-start=\"2580\" data-end=\"2830\"><strong data-start=\"2580\" data-end=\"2641\">Q: Hvordan ved jeg, hvorn\u00e5r det er tid til at genoplade eller udskifte?<\/strong><br data-start=\"2641\" data-end=\"2644\" \/><strong data-start=\"2644\" data-end=\"2650\">A:<\/strong> Dette er en <strong data-start=\"2661\" data-end=\"2696\">engangs vape med LED-sk\u00e6rm<\/strong> der viser <strong data-start=\"2708\" data-end=\"2752\">batteri- og e-v\u00e6skestanden i realtid<\/strong>. Du vil altid vide, hvad der er tilbage\u2014ingen overraskende d\u00f8dt batteri, ingen pludselige t\u00f8rre hits.<\/p>\n<p data-start=\"2832\" data-end=\"3096\"><strong data-start=\"2832\" data-end=\"2901\">Q: Vil batteriet holde l\u00e6nge nok til s\u00e5 mange sug?<\/strong><br data-start=\"2901\" data-end=\"2904\" \/><strong data-start=\"2904\" data-end=\"2910\">A:<\/strong> Ja. Det <strong data-start=\"2920\" data-end=\"2951\">850mAh genopladelige batteri<\/strong> er designet til at underst\u00f8tte h\u00f8jkapacitetsenheder. Og med <strong data-start=\"3007\" data-end=\"3031\">Type-C hurtigopladning<\/strong>, kan du genoplade hurtigt og forts\u00e6tte med at bruge den fulde v\u00e6skeforsyning.<\/p>\n<p data-start=\"3364\" data-end=\"3670\"><strong data-start=\"3364\" data-end=\"3418\">Q: Hvorfor er denne 2-i-1 engangs vape Uwin Crystal 40000 et st\u00e6rkt engrosvalg til 2025?<\/strong><br data-start=\"3418\" data-end=\"3421\" \/><strong data-start=\"3421\" data-end=\"3427\">A:<\/strong> Eftersp\u00f8rgslen efter <strong data-start=\"3439\" data-end=\"3471\">40.000 sug engangs vapes<\/strong> er stigende i Europa, fordi brugere \u00f8nsker l\u00e6ngere levetid, dobbelt-smagsbekvemmelighed og smartere sporing. Uwin Crystal kombinerer alle tre, hvilket g\u00f8r den p\u00e5lidelig til gentagne salg og premium positionering.<\/p>\n<\/div>\n<\/div>\n<\/div>\n<\/div>","protected":false},"excerpt":{"rendered":"<p>Uwin Twins Crystal 40000 40k Pust Digital Vape Engrospris<br \/>\nUwin Twins Crystal 40k Pust Bedste Engangs Vape i Holland<br \/>\nUwin Crystal 40000 40k Pust Billig Pris K\u00f8b online<\/p>\n<p><strong>Tilf\u00f8j Amys whatsapp for at f\u00e5 korrekt svar og rabatpris!<\/strong><\/p>\n<p><img fetchpriority=\"high\" decoding=\"async\" class=\"size-full wp-image-2932\" src=\"https:\/\/vapestornado.com\/wp-content\/uploads\/2024\/12\/Vape-Wholesale.jpg\" alt=\"Vape Engros\" width=\"229\" height=\"300\" \/><\/p>\n<h3><a href=\"https:\/\/wa.me\/8617776015835\"><span style=\"color: #ff0000;\"><strong>WhatsApp: +86 17776015835<\/strong><\/span><\/a><\/h3>\n<p>&nbsp;<\/p>","protected":false},"featured_media":3908,"comment_status":"open","ping_status":"closed","template":"","meta":{"_acf_changed":false,"_uag_custom_page_level_css":"","_lmt_disableupdate":"no","_lmt_disable":"","_monsterinsights_skip_tracking":false,"_monsterinsights_sitenote_active":false,"_monsterinsights_sitenote_note":"","_monsterinsights_sitenote_category":0,"site-sidebar-layout":"default","site-content-layout":"","ast-site-content-layout":"default","site-content-style":"default","site-sidebar-style":"default","ast-global-header-display":"","ast-banner-title-visibility":"","ast-main-header-display":"","ast-hfb-above-header-display":"","ast-hfb-below-header-display":"","ast-hfb-mobile-header-display":"","site-post-title":"","ast-breadcrumbs-content":"","ast-featured-img":"","footer-sml-layout":"","ast-disable-related-posts":"","theme-transparent-header-meta":"default","adv-header-id-meta":"","stick-header-meta":"","header-above-stick-meta":"","header-main-stick-meta":"","header-below-stick-meta":"","astra-migrate-meta-layouts":"set","ast-page-background-enabled":"default","ast-page-background-meta":{"desktop":{"background-color":"","background-image":"","background-repeat":"repeat","background-position":"center center","background-size":"auto","background-attachment":"scroll","background-type":"","background-media":"","overlay-type":"","overlay-color":"","overlay-opacity":"","overlay-gradient":""},"tablet":{"background-color":"","background-image":"","background-repeat":"repeat","background-position":"center center","background-size":"auto","background-attachment":"scroll","background-type":"","background-media":"","overlay-type":"","overlay-color":"","overlay-opacity":"","overlay-gradient":""},"mobile":{"background-color":"","background-image":"","background-repeat":"repeat","background-position":"center center","background-size":"auto","background-attachment":"scroll","background-type":"","background-media":"","overlay-type":"","overlay-color":"","overlay-opacity":"","overlay-gradient":""}},"ast-content-background-meta":{"desktop":{"background-color":"var(--ast-global-color-5)","background-image":"","background-repeat":"repeat","background-position":"center center","background-size":"auto","background-attachment":"scroll","background-type":"","background-media":"","overlay-type":"","overlay-color":"","overlay-opacity":"","overlay-gradient":""},"tablet":{"background-color":"var(--ast-global-color-5)","background-image":"","background-repeat":"repeat","background-position":"center center","background-size":"auto","background-attachment":"scroll","background-type":"","background-media":"","overlay-type":"","overlay-color":"","overlay-opacity":"","overlay-gradient":""},"mobile":{"background-color":"var(--ast-global-color-5)","background-image":"","background-repeat":"repeat","background-position":"center center","background-size":"auto","background-attachment":"scroll","background-type":"","background-media":"","overlay-type":"","overlay-color":"","overlay-opacity":"","overlay-gradient":""}},"_joinchat":{"telephone":"17776015835"}},"product_brand":[],"product_cat":[19,65,151,154,141,142,233],"product_tag":[261,120,105,94,273,279,269],"class_list":{"0":"post-3932","1":"product","2":"type-product","3":"status-publish","4":"has-post-thumbnail","6":"product_cat-vapes","7":"product_cat-40000-puff","8":"product_cat-buy-disposable-vapes-in-france","9":"product_cat-buy-disposable-vapes-in-netherlands","10":"product_cat-crystal-disposable-vapes","11":"product_cat-digital-box-disposable-vapes","12":"product_cat-uwin-vape","13":"product_tag-2-in-1-double-flavor-vape","14":"product_tag-crystal-vape","15":"product_tag-digital-disposable-vape","16":"product_tag-rechargeable-disposable-vape","17":"product_tag-twins-flavor-vape-pod","18":"product_tag-uwin-twins-crystal-40000","19":"product_tag-vape-with-screen","20":"desktop-align-left","21":"tablet-align-left","22":"mobile-align-left","24":"first","25":"instock","26":"sale","27":"shipping-taxable","28":"purchasable","29":"product-type-simple"},"acf":[],"uagb_featured_image_src":{"full":["https:\/\/vapestornado.com\/wp-content\/uploads\/2025\/03\/Uwin-Twins-Crystal-40000-Puffs-Two-Flavors-in-Vape.webp",800,800,false],"thumbnail":["https:\/\/vapestornado.com\/wp-content\/uploads\/2025\/03\/Uwin-Twins-Crystal-40000-Puffs-Two-Flavors-in-Vape-150x150.webp",150,150,true],"medium":["https:\/\/vapestornado.com\/wp-content\/uploads\/2025\/03\/Uwin-Twins-Crystal-40000-Puffs-Two-Flavors-in-Vape-300x300.webp",300,300,true],"medium_large":["https:\/\/vapestornado.com\/wp-content\/uploads\/2025\/03\/Uwin-Twins-Crystal-40000-Puffs-Two-Flavors-in-Vape-768x768.webp",768,768,true],"large":["https:\/\/vapestornado.com\/wp-content\/uploads\/2025\/03\/Uwin-Twins-Crystal-40000-Puffs-Two-Flavors-in-Vape.webp",800,800,false],"1536x1536":["https:\/\/vapestornado.com\/wp-content\/uploads\/2025\/03\/Uwin-Twins-Crystal-40000-Puffs-Two-Flavors-in-Vape.webp",800,800,false],"2048x2048":["https:\/\/vapestornado.com\/wp-content\/uploads\/2025\/03\/Uwin-Twins-Crystal-40000-Puffs-Two-Flavors-in-Vape.webp",800,800,false],"trp-custom-language-flag":["https:\/\/vapestornado.com\/wp-content\/uploads\/2025\/03\/Uwin-Twins-Crystal-40000-Puffs-Two-Flavors-in-Vape.webp",12,12,false],"woocommerce_thumbnail":["https:\/\/vapestornado.com\/wp-content\/uploads\/2025\/03\/Uwin-Twins-Crystal-40000-Puffs-Two-Flavors-in-Vape-300x300.webp",300,300,true],"woocommerce_single":["https:\/\/vapestornado.com\/wp-content\/uploads\/2025\/03\/Uwin-Twins-Crystal-40000-Puffs-Two-Flavors-in-Vape-600x600.webp",600,600,true],"woocommerce_gallery_thumbnail":["https:\/\/vapestornado.com\/wp-content\/uploads\/2025\/03\/Uwin-Twins-Crystal-40000-Puffs-Two-Flavors-in-Vape-100x100.webp",100,100,true]},"uagb_author_info":{"display_name":"ESAMY","author_link":"https:\/\/vapestornado.com\/da\/author\/"},"uagb_comment_info":0,"uagb_excerpt":"Uwin Twins Crystal 40000 40k Puff Digital Vape Wholesale Price Uwin Twins Crystal 40k Puff Best Disposable Vape in Netherlands Uwin Crystal 40000 40k Puff Cheap\u00a0Price Buy online Add Amy's whatsapp to get right reply and discount price! WhatsApp: +86 17776015835 &nbsp;","_links":{"self":[{"href":"https:\/\/vapestornado.com\/da\/wp-json\/wp\/v2\/product\/3932","targetHints":{"allow":["GET"]}}],"collection":[{"href":"https:\/\/vapestornado.com\/da\/wp-json\/wp\/v2\/product"}],"about":[{"href":"https:\/\/vapestornado.com\/da\/wp-json\/wp\/v2\/types\/product"}],"replies":[{"embeddable":true,"href":"https:\/\/vapestornado.com\/da\/wp-json\/wp\/v2\/comments?post=3932"}],"wp:featuredmedia":[{"embeddable":true,"href":"https:\/\/vapestornado.com\/da\/wp-json\/wp\/v2\/media\/3908"}],"wp:attachment":[{"href":"https:\/\/vapestornado.com\/da\/wp-json\/wp\/v2\/media?parent=3932"}],"wp:term":[{"taxonomy":"product_brand","embeddable":true,"href":"https:\/\/vapestornado.com\/da\/wp-json\/wp\/v2\/product_brand?post=3932"},{"taxonomy":"product_cat","embeddable":true,"href":"https:\/\/vapestornado.com\/da\/wp-json\/wp\/v2\/product_cat?post=3932"},{"taxonomy":"product_tag","embeddable":true,"href":"https:\/\/vapestornado.com\/da\/wp-json\/wp\/v2\/product_tag?post=3932"}],"curies":[{"name":"wp","href":"https:\/\/api.w.org\/{rel}","templated":true}]}}