{"id":3928,"date":"2025-03-20T03:43:34","date_gmt":"2025-03-20T03:43:34","guid":{"rendered":"https:\/\/vapestornado.com\/?post_type=product&#038;p=3928"},"modified":"2025-08-23T11:38:54","modified_gmt":"2025-08-23T11:38:54","slug":"vozol-gear-shisha-25k-25000-puffs-best-dtl-disposable-vape-hookah-cheap-price","status":"publish","type":"product","link":"https:\/\/vapestornado.com\/da\/product\/vozol-gear-shisha-25k-25000-puffs-best-dtl-disposable-vape-hookah-cheap-price\/","title":{"rendered":"Vozol Gear Shisha 25k 25000 Puffs Bedste DTL Engangs Vape Vandpibe Billig Pris"},"content":{"rendered":"<h1 data-pm-slice=\"1 1 []\">Vozol Gear Shisha 25k 25000 Puffs Bedste DTL Engangs Vape Vandpibe Billig Pris<\/h1>\n<p data-start=\"187\" data-end=\"478\">Den <strong data-start=\"191\" data-end=\"232\">Vozol Gear Shisha 25K Engangs Vape<\/strong> omdefinerer DTL hookah-stil vapingoplevelsen, hvilket g\u00f8r den til et must-have for <strong data-start=\"309\" data-end=\"338\">grossister og detailhandlere<\/strong> der henvender sig til det europ\u00e6iske marked. Med op til <strong data-start=\"383\" data-end=\"399\">25.000 pust<\/strong>sikrer denne h\u00f8jkapacitetsenhed lange sessioner og st\u00e6rk forbrugerappel.<\/p>\n<p data-start=\"480\" data-end=\"863\">Dens <strong data-start=\"484\" data-end=\"516\">1000mAh genopladeligt batteri<\/strong> med <strong data-start=\"522\" data-end=\"546\">Type-C hurtigopladning<\/strong> minimerer nedetid, mens <strong data-start=\"577\" data-end=\"603\">2,1-tommer farvesk\u00e6rm<\/strong> giver real-time sporing af sug-antal, batteristatus og vaping-tilstand. Brugere kan skifte mellem <strong data-start=\"705\" data-end=\"717\">Eco-tilstand<\/strong> (maksimal udholdenhed, op til 25K sug) og <strong data-start=\"759\" data-end=\"773\">Power-tilstand<\/strong> (mere intensitet, op til 18K sug), hvilket giver fleksibilitet til forskellige vapingpr\u00e6ferencer.<\/p>\n<p data-start=\"865\" data-end=\"1153\">An <strong data-start=\"868\" data-end=\"897\">justerbare luftstr\u00f8mssystem<\/strong> parret med <strong data-start=\"910\" data-end=\"929\">dobbelte mesh coils<\/strong> sikrer j\u00e6vn dampafgivelse, t\u00e6tte skyer og ensartet smagsoplevelse. Med <strong data-start=\"1016\" data-end=\"1040\">5% nikotinstyrke<\/strong> og et katalog med <strong data-start=\"1060\" data-end=\"1076\">40+ smagsvarianter<\/strong>tilfredsstiller Vozol Gear Shisha b\u00e5de tunge brugere og smagsentusiaster.<\/p>\n<p data-start=\"1155\" data-end=\"1393\">For stork\u00f8bere er <strong data-start=\"1176\" data-end=\"1201\">Vozol Gear Shisha 25K<\/strong> mere end bare en engangs vape - det er en premium mulighed med avancerede funktioner, der hj\u00e6lper detailhandlere med at skille sig ud p\u00e5 det overfyldte marked, samtidig med at de drager fordel af <strong data-start=\"1357\" data-end=\"1390\">konkurrencedygtige engrospriser<\/strong>.<\/p>\n<p data-start=\"666\" data-end=\"1235\"><strong style=\"font-size: 16px;\"><span style=\"color: #ff0000;\">Tilf\u00f8j Amy's WhatsApp for at f\u00e5 et direkte svar og en god pris!<\/span><\/strong><\/p>\n<p><img fetchpriority=\"high\" decoding=\"async\" class=\"size-full wp-image-2932\" src=\"https:\/\/vapestornado.com\/wp-content\/uploads\/2024\/12\/Vape-Wholesale.jpg\" alt=\"Vape Engros\" width=\"229\" height=\"300\" \/><\/p>\n<h3><a href=\"https:\/\/wa.me\/8617776015835\" target=\"_blank\" rel=\"noopener\"><span style=\"color: #ff0000;\"><strong>WhatsApp: +86 17776015835<\/strong><\/span><\/a><\/h3>\n<p>&nbsp;<\/p>\n<h2><strong>Vozol Gear Shisha 25k Vape Vigtigste Produktfunktioner<\/strong><\/h2>\n<p>M\u00e6rke: Vozol Vape<br \/>\nModel: Gear Shisha DTL Engangs<br \/>\nNikotin: 5%<br \/>\nBatterikapacitet: 1000mAh<br \/>\nPustetilstande: Eco Mode (25.000 pust), Power Mode (18.000 pust)<br \/>\nSpecielle funktioner: Lydinteraktiv, Smart Chip, Dobbelte Mesh Coils<br \/>\nDisplay: 2,1-tommers farvesk\u00e6rm for nem overv\u00e5gning<br \/>\nDesign: UI i mellem\u00f8stlig stil<br \/>\nJusterbar Luftstr\u00f8m<br \/>\nSmag: Over 16 fristende valgmuligheder, inklusive frugtagtige og mintagtige<\/p>\n<p>&nbsp;<\/p>\n<figure id=\"attachment_3922\" aria-describedby=\"caption-attachment-3922\" style=\"width: 800px\" class=\"wp-caption alignnone\"><img decoding=\"async\" class=\"wp-image-3922 size-full\" src=\"https:\/\/vapestornado.com\/wp-content\/uploads\/2025\/03\/Vazol-Gear-Shisha-25000-Puff-25k-Wholesale-Price.webp\" alt=\"Vazol Gear Shisha 25000 Pust 25k Engrospris\" width=\"800\" height=\"800\" srcset=\"https:\/\/vapestornado.com\/wp-content\/uploads\/2025\/03\/Vazol-Gear-Shisha-25000-Puff-25k-Wholesale-Price.webp 800w, https:\/\/vapestornado.com\/wp-content\/uploads\/2025\/03\/Vazol-Gear-Shisha-25000-Puff-25k-Wholesale-Price-300x300.webp 300w, https:\/\/vapestornado.com\/wp-content\/uploads\/2025\/03\/Vazol-Gear-Shisha-25000-Puff-25k-Wholesale-Price-150x150.webp 150w, https:\/\/vapestornado.com\/wp-content\/uploads\/2025\/03\/Vazol-Gear-Shisha-25000-Puff-25k-Wholesale-Price-768x768.webp 768w, https:\/\/vapestornado.com\/wp-content\/uploads\/2025\/03\/Vazol-Gear-Shisha-25000-Puff-25k-Wholesale-Price-600x600.webp 600w, https:\/\/vapestornado.com\/wp-content\/uploads\/2025\/03\/Vazol-Gear-Shisha-25000-Puff-25k-Wholesale-Price-100x100.webp 100w\" sizes=\"(max-width: 800px) 100vw, 800px\" \/><figcaption id=\"caption-attachment-3922\" class=\"wp-caption-text\">Vazol Gear Shisha 25000 Pust 25k Engrospris<\/figcaption><\/figure>\n<h2 class=\"product-title\"><strong>Vozol Gear 25000 Shisha Hookah Vape Smagsliste<\/strong><\/h2>\n<article class=\"w-full text-token-text-primary focus-visible:outline-2 focus-visible:outline-offset-[-4px]\" dir=\"auto\" data-testid=\"conversation-turn-32\" data-scroll-anchor=\"false\">\n<div class=\"m-auto text-base py-[18px] px-6\">\n<div class=\"mx-auto flex flex-1 text-base gap-4 md:gap-5 lg:gap-6 md:max-w-3xl lg:max-w-[40rem] xl:max-w-[48rem]\">\n<div class=\"group\/conversation-turn relative flex w-full min-w-0 flex-col @xs\/thread:px-0 @sm\/thread:px-1.5 @md\/thread:px-4\">\n<div class=\"flex-col gap-1 md:gap-3\">\n<div class=\"flex max-w-full flex-col flex-grow\">\n<div class=\"min-h-8 text-message flex w-full flex-col items-end gap-2 whitespace-normal break-words text-start [.text-message+&amp;]:mt-5\" dir=\"auto\" data-message-author-role=\"user\" data-message-id=\"ffac41ca-1db4-431b-873a-32c4052956f1\">\n<div class=\"flex w-full flex-col gap-1 empty:hidden items-end rtl:items-start\">\n<div class=\"relative max-w-[var(--user-chat-width,70%)] rounded-3xl bg-token-message-surface px-5 py-2.5\">\n<div class=\"absolute bottom-0 right-full top-0 -mr-3.5 hidden pr-5 pt-2 [.group\/conversation-turn:hover_&amp;]:flex\">\n<div class=\"flex\">\n<article class=\"w-full text-token-text-primary focus-visible:outline-2 focus-visible:outline-offset-[-4px]\" dir=\"auto\" data-testid=\"conversation-turn-39\" data-scroll-anchor=\"true\">\n<div class=\"m-auto text-base py-[18px] px-6\">\n<div class=\"mx-auto flex flex-1 text-base gap-4 md:gap-5 lg:gap-6 md:max-w-3xl lg:max-w-[40rem] xl:max-w-[48rem]\">\n<div class=\"group\/conversation-turn relative flex w-full min-w-0 flex-col agent-turn @xs\/thread:px-0 @sm\/thread:px-1.5 @md\/thread:px-4\">\n<div class=\"flex-col gap-1 md:gap-3\">\n<div class=\"flex max-w-full flex-col flex-grow\">\n<div class=\"min-h-8 text-message flex w-full flex-col items-end gap-2 whitespace-normal break-words text-start [.text-message+&amp;]:mt-5\" dir=\"auto\" data-message-author-role=\"assistant\" data-message-id=\"55a23854-ec57-48dd-bd4f-6118f43d6241\" data-message-model-slug=\"gpt-4o\">\n<div class=\"flex w-full flex-col gap-1 empty:hidden first:pt-[3px]\">\n<div class=\"markdown prose w-full break-words dark:prose-invert light\">\n<p>1. To \u00e6bler<\/p>\n<p>2.Vandmelon Is<\/p>\n<p>3. Mango Fersken<\/p>\n<p>4. Bl\u00e5b\u00e6r Is<\/p>\n<p>5. Bl\u00e5 Hindb\u00e6r Is<\/p>\n<p>6. Drue Is<\/p>\n<p>7. Jordb\u00e6r Kiwi<\/p>\n<p>8. Bl\u00e5b\u00e6r Vandmelon<\/p>\n<p>9. Kirseb\u00e6r Cola<\/p>\n<p>10. Love 777<\/p>\n<p>11. Kirseb\u00e6r Is<\/p>\n<p>12.Fersken Is<\/p>\n<p>13. B\u00e6r Is<\/p>\n<p>14. S\u00f8d Passionsfrugt<\/p>\n<p>15. Frossen Jordb\u00e6r Kiwi<\/p>\n<p>16. Dragefrugt Banan Kirseb\u00e6r<\/p>\n<\/div>\n<\/div>\n<\/div>\n<\/div>\n<\/div>\n<\/div>\n<\/div>\n<\/div>\n<\/article>\n<\/div>\n<\/div>\n<\/div>\n<\/div>\n<\/div>\n<\/div>\n<\/div>\n<\/div>\n<\/div>\n<\/div>\n<\/article>\n<h2>Hvorfor v\u00e6lge Vapestornado til Vozol Gear Shisha 25k Puffs Screen Vape Bulk K\u00f8b?<\/h2>\n<div class=\"flex-shrink-0 flex flex-col relative items-end\">\n<div class=\"pt-0\">\n<div class=\"gizmo-bot-avatar flex h-8 w-8 items-center justify-center overflow-hidden rounded-full\">\n<div class=\"relative p-1 rounded-sm flex items-center justify-center bg-token-main-surface-primary text-token-text-primary h-8 w-8\">\n<p data-start=\"88\" data-end=\"557\">N\u00e5r det kommer til <strong data-start=\"105\" data-end=\"154\">\u00a0k\u00f8b af h\u00f8jkvalitets engangs vapes<\/strong>, <strong data-start=\"156\" data-end=\"172\">Vapestornado<\/strong> er den foretrukne kilde til uovertrufne <strong data-start=\"208\" data-end=\"271\">fabrikspriser, hurtig forsendelse og f\u00f8rsteklasses kundeservice<\/strong>. At k\u00f8be Vozol Gear Shisha 25k 25000 <strong data-start=\"284\" data-end=\"322\">Vape<\/strong>\u00a0fra Vapestornado betyder, at du f\u00e5r <strong data-start=\"363\" data-end=\"400\">autentiske, 100% originale produkter<\/strong> med den nyeste <strong data-start=\"417\" data-end=\"515\">digital display teknologi, genopladelig Type-C bekvemmelighed og en massiv 40000 sug kapacitet<\/strong>\u2014alt sammen til de <strong data-start=\"527\" data-end=\"554\">laveste engrospriser<\/strong>.<\/p>\n<p data-start=\"559\" data-end=\"933\" data-is-last-node=\"\" data-is-only-node=\"\">Vi har ogs\u00e5 nogle andre hot sale vapes med sk\u00e6rm som <a href=\"https:\/\/vapestornado.com\/da\/product\/waspe-fihp-30000-puffs-smart-screen-vape-2-5-nicotine-wholesal\/\">WASPE 30K Dobbelt Vape-tilstand<\/a>, <a href=\"https:\/\/vapestornado.com\/da\/product\/vopk-ultra-40000-puffs-2-in-1-digital-screen-rechargeable-disposable-vape\/\">VOPK 40000 Pust Engangs Vape<\/a>, <a href=\"https:\/\/vapestornado.com\/da\/product\/vapsolo-galaxy-30000-vapers-30k-puff-disposable-vape-e-cigarette-with-smart-screen\/\">Vapsolo Galaxy 30000<\/a>, og mere.<\/p>\n<\/div>\n<div class=\"relative p-1 rounded-sm flex items-center justify-center bg-token-main-surface-primary text-token-text-primary h-8 w-8\">\n<h2>Ofte stillede sp\u00f8rgsm\u00e5l om engangs-vape<\/h2>\n<ol data-start=\"1162\" data-end=\"2206\">\n<li data-start=\"1162\" data-end=\"1425\">\n<p data-start=\"1165\" data-end=\"1425\"><strong data-start=\"1165\" data-end=\"1221\">Hvordan bruger du en engangs-vape for f\u00f8rste gang?<\/strong> For at bruge Vozol Gear Shisha 25K engangs-vape skal du blot fjerne den fra emballagen, sikre dig, at den er opladet, og inhalere gennem mundstykket. Enheden er aktiveret ved sug, s\u00e5 der kr\u00e6ves ingen knapper.<\/p>\n<\/li>\n<li data-start=\"1427\" data-end=\"1706\">\n<p data-start=\"1430\" data-end=\"1706\"><strong data-start=\"1430\" data-end=\"1473\">Hvordan kan jeg oplade en engangs vape pen?<\/strong> Denne enhed har et 1000mAh genopladeligt batteri. Brug det medf\u00f8lgende Type-C opladerkabel til at forbinde den til en str\u00f8mkilde. Den 2,1-tommer farvesk\u00e6rm vil vise opladningsstatus, s\u00e5 du er informeret under hele processen.<\/p>\n<\/li>\n<li data-start=\"1708\" data-end=\"1956\">\n<p data-start=\"1711\" data-end=\"1956\"><strong data-start=\"1711\" data-end=\"1765\">Kan jeg efterlade min engangs vape i min h\u00e5ndbagage?<\/strong> Ja, du kan medbringe din engangs vape i din h\u00e5ndbagage, n\u00e5r du rejser med fly. Tjek dog altid flyselskabets regler og lokale love vedr\u00f8rende vaping-enheder f\u00f8r du rejser.<\/p>\n<\/li>\n<li data-start=\"1958\" data-end=\"2206\">\n<p data-start=\"1961\" data-end=\"2206\"><strong data-start=\"1961\" data-end=\"1997\">Hvordan ved man, at en vape er tom?<\/strong> Vozol Gear Shisha 25K har en 2,1-tommer farvesk\u00e6rm, der viser e-v\u00e6ske niveauer. N\u00e5r e-v\u00e6sken er lav eller opbrugt, vil sk\u00e6rmen give dig besked, hvilket indikerer, at det er tid til en udskiftning eller genopfyldning.<\/p>\n<\/li>\n<\/ol>\n<\/div>\n<\/div>\n<\/div>\n<\/div>","protected":false},"excerpt":{"rendered":"<p>Den <strong data-start=\"1437\" data-end=\"1462\">Vozol Gear Shisha 25K<\/strong> leverer op til 25K sug, dual modes og en 2,1\u201d farvesk\u00e6rm. En f\u00f8rsteklasses DTL engangs vape ideel til <strong data-start=\"1566\" data-end=\"1601\">engrosbestillinger i Europa<\/strong>.<\/p>\n<p><strong>Tilf\u00f8j Amys whatsapp for at f\u00e5 korrekt svar og rabatpris!<\/strong><\/p>\n<p><img fetchpriority=\"high\" decoding=\"async\" class=\"size-full wp-image-2932\" src=\"https:\/\/vapestornado.com\/wp-content\/uploads\/2024\/12\/Vape-Wholesale.jpg\" alt=\"Vape Engros\" width=\"229\" height=\"300\" \/><\/p>\n<h3><a href=\"https:\/\/wa.me\/8617776015835\"><span style=\"color: #ff0000;\"><strong>WhatsApp: +86 17776015835<\/strong><\/span><\/a><\/h3>\n<p>&nbsp;<\/p>","protected":false},"featured_media":3921,"comment_status":"open","ping_status":"closed","template":"","meta":{"_acf_changed":false,"_uag_custom_page_level_css":"","_lmt_disableupdate":"no","_lmt_disable":"","_monsterinsights_skip_tracking":false,"_monsterinsights_sitenote_active":false,"_monsterinsights_sitenote_note":"","_monsterinsights_sitenote_category":0,"site-sidebar-layout":"default","site-content-layout":"","ast-site-content-layout":"default","site-content-style":"default","site-sidebar-style":"default","ast-global-header-display":"","ast-banner-title-visibility":"","ast-main-header-display":"","ast-hfb-above-header-display":"","ast-hfb-below-header-display":"","ast-hfb-mobile-header-display":"","site-post-title":"","ast-breadcrumbs-content":"","ast-featured-img":"","footer-sml-layout":"","ast-disable-related-posts":"","theme-transparent-header-meta":"default","adv-header-id-meta":"","stick-header-meta":"","header-above-stick-meta":"","header-main-stick-meta":"","header-below-stick-meta":"","astra-migrate-meta-layouts":"set","ast-page-background-enabled":"default","ast-page-background-meta":{"desktop":{"background-color":"","background-image":"","background-repeat":"repeat","background-position":"center center","background-size":"auto","background-attachment":"scroll","background-type":"","background-media":"","overlay-type":"","overlay-color":"","overlay-opacity":"","overlay-gradient":""},"tablet":{"background-color":"","background-image":"","background-repeat":"repeat","background-position":"center center","background-size":"auto","background-attachment":"scroll","background-type":"","background-media":"","overlay-type":"","overlay-color":"","overlay-opacity":"","overlay-gradient":""},"mobile":{"background-color":"","background-image":"","background-repeat":"repeat","background-position":"center center","background-size":"auto","background-attachment":"scroll","background-type":"","background-media":"","overlay-type":"","overlay-color":"","overlay-opacity":"","overlay-gradient":""}},"ast-content-background-meta":{"desktop":{"background-color":"var(--ast-global-color-5)","background-image":"","background-repeat":"repeat","background-position":"center center","background-size":"auto","background-attachment":"scroll","background-type":"","background-media":"","overlay-type":"","overlay-color":"","overlay-opacity":"","overlay-gradient":""},"tablet":{"background-color":"var(--ast-global-color-5)","background-image":"","background-repeat":"repeat","background-position":"center center","background-size":"auto","background-attachment":"scroll","background-type":"","background-media":"","overlay-type":"","overlay-color":"","overlay-opacity":"","overlay-gradient":""},"mobile":{"background-color":"var(--ast-global-color-5)","background-image":"","background-repeat":"repeat","background-position":"center center","background-size":"auto","background-attachment":"scroll","background-type":"","background-media":"","overlay-type":"","overlay-color":"","overlay-opacity":"","overlay-gradient":""}},"_joinchat":{"telephone":"17776015835"}},"product_brand":[],"product_cat":[19,68,160,142,147,57],"product_tag":[271,94,93,269,272,270],"class_list":{"0":"post-3928","1":"product","2":"type-product","3":"status-publish","4":"has-post-thumbnail","6":"product_cat-vapes","7":"product_cat-25000-puff","8":"product_cat-buy-disposable-vapes-in-switzerland","9":"product_cat-digital-box-disposable-vapes","10":"product_cat-shisha-hookah-disposable-vapes","11":"product_cat-vozol-vape","12":"product_tag-best-dtl-disposable-vape","13":"product_tag-rechargeable-disposable-vape","14":"product_tag-vape-wholesale","15":"product_tag-vape-with-screen","16":"product_tag-vozol-gear-shisha-25000","17":"product_tag-vozol-gear-shisha-25k","18":"desktop-align-left","19":"tablet-align-left","20":"mobile-align-left","22":"first","23":"instock","24":"sale","25":"shipping-taxable","26":"purchasable","27":"product-type-simple"},"acf":[],"uagb_featured_image_src":{"full":["https:\/\/vapestornado.com\/wp-content\/uploads\/2025\/03\/Vazol-Gear-Shisha-25000-Puff-25k-Cheap-Price.webp",800,800,false],"thumbnail":["https:\/\/vapestornado.com\/wp-content\/uploads\/2025\/03\/Vazol-Gear-Shisha-25000-Puff-25k-Cheap-Price-150x150.webp",150,150,true],"medium":["https:\/\/vapestornado.com\/wp-content\/uploads\/2025\/03\/Vazol-Gear-Shisha-25000-Puff-25k-Cheap-Price-300x300.webp",300,300,true],"medium_large":["https:\/\/vapestornado.com\/wp-content\/uploads\/2025\/03\/Vazol-Gear-Shisha-25000-Puff-25k-Cheap-Price-768x768.webp",768,768,true],"large":["https:\/\/vapestornado.com\/wp-content\/uploads\/2025\/03\/Vazol-Gear-Shisha-25000-Puff-25k-Cheap-Price.webp",800,800,false],"1536x1536":["https:\/\/vapestornado.com\/wp-content\/uploads\/2025\/03\/Vazol-Gear-Shisha-25000-Puff-25k-Cheap-Price.webp",800,800,false],"2048x2048":["https:\/\/vapestornado.com\/wp-content\/uploads\/2025\/03\/Vazol-Gear-Shisha-25000-Puff-25k-Cheap-Price.webp",800,800,false],"trp-custom-language-flag":["https:\/\/vapestornado.com\/wp-content\/uploads\/2025\/03\/Vazol-Gear-Shisha-25000-Puff-25k-Cheap-Price.webp",12,12,false],"woocommerce_thumbnail":["https:\/\/vapestornado.com\/wp-content\/uploads\/2025\/03\/Vazol-Gear-Shisha-25000-Puff-25k-Cheap-Price-300x300.webp",300,300,true],"woocommerce_single":["https:\/\/vapestornado.com\/wp-content\/uploads\/2025\/03\/Vazol-Gear-Shisha-25000-Puff-25k-Cheap-Price-600x600.webp",600,600,true],"woocommerce_gallery_thumbnail":["https:\/\/vapestornado.com\/wp-content\/uploads\/2025\/03\/Vazol-Gear-Shisha-25000-Puff-25k-Cheap-Price-100x100.webp",100,100,true]},"uagb_author_info":{"display_name":"ESAMY","author_link":"https:\/\/vapestornado.com\/da\/author\/"},"uagb_comment_info":0,"uagb_excerpt":"The Vozol Gear Shisha 25K delivers up to 25K puffs, dual modes, and a 2.1\u201d color screen. A premium DTL disposable vape ideal for wholesale bulk orders in Europe. Add Amy's whatsapp to get right reply and discount price! WhatsApp: +86 17776015835 &nbsp;","_links":{"self":[{"href":"https:\/\/vapestornado.com\/da\/wp-json\/wp\/v2\/product\/3928","targetHints":{"allow":["GET"]}}],"collection":[{"href":"https:\/\/vapestornado.com\/da\/wp-json\/wp\/v2\/product"}],"about":[{"href":"https:\/\/vapestornado.com\/da\/wp-json\/wp\/v2\/types\/product"}],"replies":[{"embeddable":true,"href":"https:\/\/vapestornado.com\/da\/wp-json\/wp\/v2\/comments?post=3928"}],"wp:featuredmedia":[{"embeddable":true,"href":"https:\/\/vapestornado.com\/da\/wp-json\/wp\/v2\/media\/3921"}],"wp:attachment":[{"href":"https:\/\/vapestornado.com\/da\/wp-json\/wp\/v2\/media?parent=3928"}],"wp:term":[{"taxonomy":"product_brand","embeddable":true,"href":"https:\/\/vapestornado.com\/da\/wp-json\/wp\/v2\/product_brand?post=3928"},{"taxonomy":"product_cat","embeddable":true,"href":"https:\/\/vapestornado.com\/da\/wp-json\/wp\/v2\/product_cat?post=3928"},{"taxonomy":"product_tag","embeddable":true,"href":"https:\/\/vapestornado.com\/da\/wp-json\/wp\/v2\/product_tag?post=3928"}],"curies":[{"name":"wp","href":"https:\/\/api.w.org\/{rel}","templated":true}]}}